{"id":5103,"date":"2024-06-24T14:56:50","date_gmt":"2024-06-24T12:56:50","guid":{"rendered":"https:\/\/cosmena.com\/?page_id=5103"},"modified":"2026-01-23T13:25:21","modified_gmt":"2026-01-23T12:25:21","slug":"start","status":"publish","type":"page","link":"https:\/\/cosmena.com\/fi\/","title":{"rendered":"Start"},"content":{"rendered":"\n<div class=\"wp-block-cover alignfull\" style=\"min-height:100vh;aspect-ratio:unset;\"><img loading=\"lazy\" decoding=\"async\" width=\"2560\" height=\"1707\" class=\"wp-block-cover__image-background wp-image-4827\" alt=\"\" src=\"https:\/\/cosmena.com\/wp-content\/uploads\/2023\/02\/Cosmena-scaled.jpg\" data-object-fit=\"cover\" srcset=\"https:\/\/cosmena.com\/wp-content\/uploads\/2023\/02\/Cosmena-scaled.jpg 2560w, https:\/\/cosmena.com\/wp-content\/uploads\/2023\/02\/Cosmena-300x200.jpg 300w, https:\/\/cosmena.com\/wp-content\/uploads\/2023\/02\/Cosmena-1024x683.jpg 1024w, https:\/\/cosmena.com\/wp-content\/uploads\/2023\/02\/Cosmena-768x512.jpg 768w, https:\/\/cosmena.com\/wp-content\/uploads\/2023\/02\/Cosmena-1536x1024.jpg 1536w, https:\/\/cosmena.com\/wp-content\/uploads\/2023\/02\/Cosmena-2048x1365.jpg 2048w\" sizes=\"auto, (max-width: 2560px) 100vw, 2560px\" \/><span aria-hidden=\"true\" class=\"wp-block-cover__background has-background-dim-20 has-background-dim\"><\/span><div class=\"wp-block-cover__inner-container is-layout-flow wp-block-cover-is-layout-flow\">\n<div class=\"wp-block-group alignwide\"><div class=\"wp-block-group__inner-container is-layout-flow wp-block-group-is-layout-flow\">\n<h1 class=\"wp-block-heading\">Cosmena &#8211; Kattava terveellisen el\u00e4m\u00e4ntavan sivusto.<\/h1>\n\n\n\n<p>Mit\u00e4 terveys oikeasti on? Joillekin se on harjoittelua; muille se n\u00e4ytt\u00e4\u00e4 hyv\u00e4lt\u00e4; ja kolmannelle henkil\u00f6lle se voi tarkoittaa ruokavalion tai juomistottumusten muuttamista. Cosmena auttaa sinua tuntemaan olosi paremmaksi. Jos etsit vinkkej\u00e4 ja neuvoja kauneuteen, hyvinvointiin ja kuntoon liittyen, olet tullut oikeaan paikkaan.<\/p>\n\n\n\n<p>Harjoittelu, liikunta ja terveellinen ruoka ovat t\u00e4rkeit\u00e4 tekij\u00f6it\u00e4 terveen kehon ja mielen yll\u00e4pit\u00e4misess\u00e4. S\u00e4\u00e4nn\u00f6llinen liikunta vahvistaa lihaksia, parantaa syd\u00e4n- ja verisuoniterveytt\u00e4 ja vahvistaa immuunij\u00e4rjestelm\u00e4\u00e4. Harjoittelu vapauttaa endorfiineja, jotka ovat luonnollisia mielialan parantajia, v\u00e4hent\u00e4en stressi\u00e4 ja ahdistusta ja edist\u00e4en samalla yleist\u00e4 henkist\u00e4 hyvinvointia.<\/p>\n<\/div><\/div>\n<\/div><\/div>\n\n\n\n<div class=\"wp-block-columns alignwide is-layout-flex wp-container-core-columns-is-layout-9d6595d7 wp-block-columns-is-layout-flex\">\n<div class=\"wp-block-column is-vertically-aligned-top is-layout-flow wp-block-column-is-layout-flow\" style=\"flex-basis:66.66%\">\n<p>Terveys &amp; Liikunta<\/p>\n\n\n\n<h2 class=\"wp-block-heading alignwide\">Liikunta ja ruokavalio<\/h2>\n\n\n\n<div style=\"height:20px\" aria-hidden=\"true\" class=\"wp-block-spacer\"><\/div>\n\n\n\n<p>Kun liikunta yhdistet\u00e4\u00e4n tasapainoiseen ruokavalioon, siit\u00e4 tulee entist\u00e4 tehokkaampaa. Ravitseva ruokavalio tarjoaa v\u00e4ltt\u00e4m\u00e4tt\u00f6m\u00e4t ravintoaineet, vitamiinit ja kivenn\u00e4isaineet, joita tarvitaan kehon optimaalisiin toimintoihin. Se tukee terveellist\u00e4 painonhallintaa, v\u00e4hent\u00e4\u00e4 kroonisten sairauksien riski\u00e4 ja parantaa kognitiivista toimintaa.<\/p>\n\n\n\n<p>Lis\u00e4ksi liikunnan ja terveellisen ruoan synergia on v\u00e4ltt\u00e4m\u00e4t\u00f6nt\u00e4 energiatason yll\u00e4pit\u00e4miseksi. Oikea ravitsemus ruokkii kehoa ja tarjoaa tarvittavan energian fyysiseen toimintaan ja henkiseen keskittymiseen. Jos olet kiinnostunut hyvinvoinnista ja erilaisista mielenkiintoisista faktoista, tutustu sivustoon <a href=\"https:\/\/pituus.net\/\" target=\"_blank\" rel=\"noreferrer noopener\">pituus.net<\/a>, josta voit esimerkiksi selvitt\u00e4\u00e4, mik\u00e4 on <a href=\"https:\/\/pituus.net\/julkkikset\/kaarijan-pituus\/\" target=\"_blank\" rel=\"noreferrer noopener\">K\u00e4\u00e4rij\u00e4 pituus<\/a>. Toisaalta liikunta edist\u00e4\u00e4 parempaa ruoansulatusta ja ravintoaineiden imeytymist\u00e4, mik\u00e4 maksimoi terveellisen ruokavalion hy\u00f6dyt.<\/p>\n\n\n\n<h2 class=\"wp-block-heading\">Terve keho ja mieli<\/h2>\n\n\n\n<div style=\"height:20px\" aria-hidden=\"true\" class=\"wp-block-spacer\"><\/div>\n\n\n\n<p>Ottamalla s\u00e4\u00e4nn\u00f6llisen liikunnan ja terveellisen ruokavalion osaksi el\u00e4m\u00e4ntapojamme voimme saavuttaa pitk\u00e4n aikav\u00e4lin hy\u00f6tyj\u00e4. Terve keho ja mieli lis\u00e4\u00e4v\u00e4t tuottavuutta, parempaa itsetuntoa ja parempaa el\u00e4m\u00e4nlaatua. Asetetaan siis harjoittelu, liikunta ja kehomme ravitseminen ravitsevalla ruoalla etusijalle, jotta voimme nauttia terveellisten el\u00e4m\u00e4ntapojen lukuisista eduista. Huonoilla el\u00e4m\u00e4ntavoilla on vaikutusta my\u00f6s niinkin itsest\u00e4\u00e4nselv\u00e4\u00e4n asiaan kuin hiuksiin.<\/p>\n\n\n\n<p>Hyvinvointi ja tasapainoinen el\u00e4m\u00e4 n\u00e4kyv\u00e4t usein my\u00f6s ihmissuhteissa ja arjen kokonaisuudessa. Monet ovatkin kiinnostuneita julkisuuden henkil\u00f6iden el\u00e4m\u00e4st\u00e4 laajemmin, esimerkiksi siit\u00e4, millainen rooli perheell\u00e4 ja l\u00e4heisill\u00e4 on arjessa \u2013 t\u00e4st\u00e4 esimerkkin\u00e4 <a href=\"https:\/\/huhumylly.net\/aki-samuli-puoliso\/\" target=\"_blank\" rel=\"noreferrer noopener\">aki samuli puoliso<\/a>, joka her\u00e4tt\u00e4\u00e4 paljon uteliaisuutta.<\/p>\n\n\n\n<p>Hiustenl\u00e4ht\u00f6 edustaa tilaa, jossa hiukset l\u00e4htev\u00e4t joko p\u00e4\u00e4nahasta, koko kehosta tai mist\u00e4 tahansa muusta kehon osasta. Koska se voi vaikuttaa my\u00f6s mieleen, yleisvointiin ja muuttaa ulkon\u00e4k\u00f6\u00e4 rajusti, monet ihmiset valitsevat hiustenl\u00e4ht\u00f6hoitoja. Monissa tapauksissa hiustenl\u00e4ht\u00f6 on hoidettavissa. Hoitovaihtoehtoja on useita, sek\u00e4 kirurgisia ett\u00e4 ei-kirurgisia.<\/p>\n\n\n\n<p>Hiustenl\u00e4ht\u00f6\u00f6n liittyvien hoitojen kustannukset voivat vaihdella suuresti, ja siksi monia kiinnostaa my\u00f6s, miten paljon eri alojen ammattilaiset tienaavat Suomessa \u2013 palkkavertailuun voi tutustua osoitteessa <a href=\"https:\/\/palkkavinkkaaja.com\/\" target=\"_blank\" rel=\"noreferrer noopener\">palkkavinkkaaja.com<\/a> tai <a href=\"https:\/\/palkkadata.org\/\" target=\"_blank\" rel=\"noreferrer noopener\">palkkadata.org<\/a>, josta l\u00f6ytyy tietoa monien eri ammattiryhmien palkoista.<\/p>\n\n\n\n<div style=\"height:46px\" aria-hidden=\"true\" class=\"wp-block-spacer\"><\/div>\n<\/div>\n\n\n\n<div class=\"wp-block-column is-vertically-aligned-center is-layout-flow wp-block-column-is-layout-flow\" style=\"flex-basis:33.33%\">\n<p class=\"has-large-font-size\"><strong> <\/strong><\/p>\n\n\n\n<div style=\"height:10px\" aria-hidden=\"true\" class=\"wp-block-spacer\"><\/div>\n\n\n\n<div class=\"wp-block-buttons is-layout-flex wp-block-buttons-is-layout-flex\"><\/div>\n\n\n\n<div style=\"height:16px\" aria-hidden=\"true\" class=\"wp-block-spacer\"><\/div>\n\n\n\n<div class=\"wp-block-buttons is-layout-flex wp-block-buttons-is-layout-flex\"><\/div>\n\n\n\n<div style=\"height:26px\" aria-hidden=\"true\" class=\"wp-block-spacer\"><\/div>\n\n\n\n<div style=\"height:10px\" aria-hidden=\"true\" class=\"wp-block-spacer\"><\/div>\n\n\n\n<div class=\"wp-block-buttons is-layout-flex wp-block-buttons-is-layout-flex\"><\/div>\n<\/div>\n<\/div>\n\n\n\n<div class=\"wp-block-cover alignfull\"><img loading=\"lazy\" decoding=\"async\" width=\"2560\" height=\"1707\" class=\"wp-block-cover__image-background wp-image-4826\" alt=\"\" src=\"https:\/\/cosmena.com\/wp-content\/uploads\/2023\/02\/Cosmena-scaled.jpg\" data-object-fit=\"cover\" srcset=\"https:\/\/cosmena.com\/wp-content\/uploads\/2023\/02\/Cosmena-scaled.jpg 2560w, https:\/\/cosmena.com\/wp-content\/uploads\/2023\/02\/Cosmena-300x200.jpg 300w, https:\/\/cosmena.com\/wp-content\/uploads\/2023\/02\/Cosmena-1024x683.jpg 1024w, https:\/\/cosmena.com\/wp-content\/uploads\/2023\/02\/Cosmena-768x512.jpg 768w, https:\/\/cosmena.com\/wp-content\/uploads\/2023\/02\/Cosmena-1536x1024.jpg 1536w, https:\/\/cosmena.com\/wp-content\/uploads\/2023\/02\/Cosmena-2048x1365.jpg 2048w\" sizes=\"auto, (max-width: 2560px) 100vw, 2560px\" \/><span aria-hidden=\"true\" class=\"wp-block-cover__background has-black-background-color has-background-dim\"><\/span><div class=\"wp-block-cover__inner-container is-layout-flow wp-block-cover-is-layout-flow\">\n<h2 class=\"wp-block-heading has-text-align-center\">TERVEELLISEB EL\u00c4M\u00c4N KUMPPANIT<\/h2>\n\n\n\n<div class=\"wp-block-columns is-layout-flex wp-container-core-columns-is-layout-9d6595d7 wp-block-columns-is-layout-flex\">\n<div class=\"wp-block-column is-layout-flow wp-block-column-is-layout-flow\">\n<figure class=\"wp-block-image size-full\"><img loading=\"lazy\" decoding=\"async\" width=\"800\" height=\"420\" src=\"https:\/\/cosmena.com\/wp-content\/uploads\/2023\/06\/holland-barrett.png\" alt=\"holland and barrett logo\" class=\"wp-image-4875\" srcset=\"https:\/\/cosmena.com\/wp-content\/uploads\/2023\/06\/holland-barrett.png 800w, https:\/\/cosmena.com\/wp-content\/uploads\/2023\/06\/holland-barrett-300x158.png 300w, https:\/\/cosmena.com\/wp-content\/uploads\/2023\/06\/holland-barrett-768x403.png 768w\" sizes=\"auto, (max-width: 800px) 100vw, 800px\" \/><\/figure>\n<\/div>\n\n\n\n<div class=\"wp-block-column is-layout-flow wp-block-column-is-layout-flow\">\n<figure class=\"wp-block-image size-full is-resized\"><img loading=\"lazy\" decoding=\"async\" width=\"300\" height=\"300\" src=\"https:\/\/cosmena.com\/wp-content\/uploads\/2023\/06\/aa-uk.jpeg\" alt=\"\" class=\"wp-image-4877\" style=\"width:172px;height:172px\" srcset=\"https:\/\/cosmena.com\/wp-content\/uploads\/2023\/06\/aa-uk.jpeg 300w, https:\/\/cosmena.com\/wp-content\/uploads\/2023\/06\/aa-uk-150x150.jpeg 150w\" sizes=\"auto, (max-width: 300px) 100vw, 300px\" \/><\/figure>\n<\/div>\n\n\n\n<div class=\"wp-block-column is-layout-flow wp-block-column-is-layout-flow\">\n<figure class=\"wp-block-image size-large is-resized\"><img loading=\"lazy\" decoding=\"async\" width=\"1024\" height=\"1024\" src=\"https:\/\/cosmena.com\/wp-content\/uploads\/2023\/06\/dw-fitness-first-1024x1024.png\" alt=\"\" class=\"wp-image-4879\" style=\"width:171px;height:171px\" srcset=\"https:\/\/cosmena.com\/wp-content\/uploads\/2023\/06\/dw-fitness-first-1024x1024.png 1024w, https:\/\/cosmena.com\/wp-content\/uploads\/2023\/06\/dw-fitness-first-300x300.png 300w, https:\/\/cosmena.com\/wp-content\/uploads\/2023\/06\/dw-fitness-first-150x150.png 150w, https:\/\/cosmena.com\/wp-content\/uploads\/2023\/06\/dw-fitness-first-768x768.png 768w, https:\/\/cosmena.com\/wp-content\/uploads\/2023\/06\/dw-fitness-first.png 1200w\" sizes=\"auto, (max-width: 1024px) 100vw, 1024px\" \/><\/figure>\n<\/div>\n\n\n\n<div class=\"wp-block-column is-layout-flow wp-block-column-is-layout-flow\">\n<figure class=\"wp-block-image size-full\"><a href=\"https:\/\/reseptikokoelma.com\/\" target=\"_blank\" rel=\" noreferrer noopener\"><img loading=\"lazy\" decoding=\"async\" width=\"171\" height=\"171\" src=\"https:\/\/cosmena.com\/wp-content\/uploads\/2025\/11\/reseptikokoelma-com.png\" alt=\"reseptikokoelma.com logo\" class=\"wp-image-5766\" srcset=\"https:\/\/cosmena.com\/wp-content\/uploads\/2025\/11\/reseptikokoelma-com.png 171w, https:\/\/cosmena.com\/wp-content\/uploads\/2025\/11\/reseptikokoelma-com-150x150.png 150w\" sizes=\"auto, (max-width: 171px) 100vw, 171px\" \/><\/a><\/figure>\n<\/div>\n<\/div>\n<\/div><\/div>\n\n\n\n<div style=\"height:26px\" aria-hidden=\"true\" class=\"wp-block-spacer\"><\/div>\n\n\n\n<div class=\"wp-block-columns alignwide is-layout-flex wp-container-core-columns-is-layout-9d6595d7 wp-block-columns-is-layout-flex\">\n<div class=\"wp-block-column is-vertically-aligned-top is-layout-flow wp-block-column-is-layout-flow\" style=\"flex-basis:66.66%\">\n<h2 class=\"wp-block-heading alignwide\">Hiustensiirto on monimutkainen toimenpide<\/h2>\n\n\n\n<div style=\"height:20px\" aria-hidden=\"true\" class=\"wp-block-spacer\"><\/div>\n\n\n\n<p>Hoitovaihtoehdot hiustenl\u00e4ht\u00f6\u00f6n vaihtelevat l\u00e4\u00e4ketieteellisist\u00e4 toimenpiteist\u00e4, el\u00e4m\u00e4ntapamuutoksista aina kirurgisiin toimenpiteisiin ja injektioihin. Joskus taustalla olevan sairauden hoito tai hiustenl\u00e4ht\u00f6\u00e4 aiheuttavien el\u00e4m\u00e4ntapojen lopettaminen riitt\u00e4\u00e4.<\/p>\n\n\n\n<p>Vaikka jotkut hoidot eiv\u00e4t t\u00e4yt\u00e4 potilaiden odotuksia, hiustenl\u00e4ht\u00f6hoidot voivat olla todella onnistuneita hiustenl\u00e4hd\u00f6n pys\u00e4ytt\u00e4misess\u00e4. T\u00e4m\u00e4 riippuu kuitenkin suuresti syyst\u00e4 ja potilaasta.<\/p>\n<\/div>\n\n\n\n<div class=\"wp-block-column is-vertically-aligned-center is-layout-flow wp-block-column-is-layout-flow\" style=\"flex-basis:33.33%\">\n<div style=\"height:50px\" aria-hidden=\"true\" class=\"wp-block-spacer\"><\/div>\n\n\n\n<div style=\"height:30px\" aria-hidden=\"true\" class=\"wp-block-spacer\"><\/div>\n\n\n\n<div style=\"height:10px\" aria-hidden=\"true\" class=\"wp-block-spacer\"><\/div>\n\n\n\n<div style=\"height:20px\" aria-hidden=\"true\" class=\"wp-block-spacer\"><\/div>\n\n\n\n<div class=\"wp-block-buttons is-layout-flex wp-block-buttons-is-layout-flex\">\n<div class=\"wp-block-button has-custom-width wp-block-button__width-100\"><a class=\"wp-block-button__link has-normal-font-size has-custom-font-size wp-element-button\" href=\"https:\/\/cosmena.com\/fi\/hiustensiirto\/\">Vertaa hiustensiirtoja<\/a><\/div>\n<\/div>\n<\/div>\n<\/div>\n\n\n\n<div style=\"height:50px\" aria-hidden=\"true\" class=\"wp-block-spacer\"><\/div>\n","protected":false},"excerpt":{"rendered":"<p>Terveys &amp; Liikunta Liikunta ja ruokavalio Kun liikunta yhdistet\u00e4\u00e4n tasapainoiseen ruokavalioon, siit\u00e4 tulee entist\u00e4&#8230;<\/p>\n","protected":false},"author":4,"featured_media":0,"parent":0,"menu_order":0,"comment_status":"closed","ping_status":"closed","template":"","meta":{"_acf_changed":false,"footnotes":""},"class_list":["post-5103","page","type-page","status-publish","hentry"],"acf":[],"yoast_head":"<!-- This site is optimized with the Yoast SEO plugin v27.0 - https:\/\/yoast.com\/product\/yoast-seo-wordpress\/ -->\n<title>Cosmena.com \u2013 P\u00e4ivit\u00e4 el\u00e4m\u00e4ntyylisi jo t\u00e4n\u00e4\u00e4n edullisin hinnoin<\/title>\n<meta name=\"description\" content=\"Terveys on moniulotteinen k\u00e4site. Se merkitsee jokaiselle eri asioita. Cosmena auttaa tuntemaan olosi kokonaisvaltaisesti paremmaksi. Lue lis\u00e4\u00e4 Cosmenasta.\" \/>\n<meta name=\"robots\" content=\"index, follow, max-snippet:-1, max-image-preview:large, max-video-preview:-1\" \/>\n<link rel=\"canonical\" href=\"https:\/\/cosmena.com\/fi\/\" \/>\n<meta property=\"og:locale\" content=\"fi_FI\" \/>\n<meta property=\"og:type\" content=\"article\" \/>\n<meta property=\"og:title\" content=\"Cosmena.com \u2013 P\u00e4ivit\u00e4 el\u00e4m\u00e4ntyylisi jo t\u00e4n\u00e4\u00e4n edullisin hinnoin\" \/>\n<meta property=\"og:description\" content=\"Terveys on moniulotteinen k\u00e4site. Se merkitsee jokaiselle eri asioita. Cosmena auttaa tuntemaan olosi kokonaisvaltaisesti paremmaksi. Lue lis\u00e4\u00e4 Cosmenasta.\" \/>\n<meta property=\"og:url\" content=\"https:\/\/cosmena.com\/fi\/\" \/>\n<meta property=\"og:site_name\" content=\"Cosmena\" \/>\n<meta property=\"article:modified_time\" content=\"2026-01-23T12:25:21+00:00\" \/>\n<meta property=\"og:image\" content=\"https:\/\/cosmena.com\/wp-content\/uploads\/2023\/02\/Cosmena-scaled.jpg\" \/>\n\t<meta property=\"og:image:width\" content=\"2560\" \/>\n\t<meta property=\"og:image:height\" content=\"1707\" \/>\n\t<meta property=\"og:image:type\" content=\"image\/jpeg\" \/>\n<meta name=\"twitter:card\" content=\"summary_large_image\" \/>\n<meta name=\"twitter:label1\" content=\"Arvioitu lukuaika\" \/>\n\t<meta name=\"twitter:data1\" content=\"3 minuuttia\" \/>\n<!-- \/ Yoast SEO plugin. -->","yoast_head_json":{"title":"Cosmena.com \u2013 P\u00e4ivit\u00e4 el\u00e4m\u00e4ntyylisi jo t\u00e4n\u00e4\u00e4n edullisin hinnoin","description":"Terveys on moniulotteinen k\u00e4site. Se merkitsee jokaiselle eri asioita. Cosmena auttaa tuntemaan olosi kokonaisvaltaisesti paremmaksi. Lue lis\u00e4\u00e4 Cosmenasta.","robots":{"index":"index","follow":"follow","max-snippet":"max-snippet:-1","max-image-preview":"max-image-preview:large","max-video-preview":"max-video-preview:-1"},"canonical":"https:\/\/cosmena.com\/fi\/","og_locale":"fi_FI","og_type":"article","og_title":"Cosmena.com \u2013 P\u00e4ivit\u00e4 el\u00e4m\u00e4ntyylisi jo t\u00e4n\u00e4\u00e4n edullisin hinnoin","og_description":"Terveys on moniulotteinen k\u00e4site. Se merkitsee jokaiselle eri asioita. Cosmena auttaa tuntemaan olosi kokonaisvaltaisesti paremmaksi. Lue lis\u00e4\u00e4 Cosmenasta.","og_url":"https:\/\/cosmena.com\/fi\/","og_site_name":"Cosmena","article_modified_time":"2026-01-23T12:25:21+00:00","og_image":[{"width":2560,"height":1707,"url":"https:\/\/cosmena.com\/wp-content\/uploads\/2023\/02\/Cosmena-scaled.jpg","type":"image\/jpeg"}],"twitter_card":"summary_large_image","twitter_misc":{"Arvioitu lukuaika":"3 minuuttia"},"schema":{"@context":"https:\/\/schema.org","@graph":[{"@type":"WebPage","@id":"https:\/\/cosmena.com\/fi\/","url":"https:\/\/cosmena.com\/fi\/","name":"Cosmena.com \u2013 P\u00e4ivit\u00e4 el\u00e4m\u00e4ntyylisi jo t\u00e4n\u00e4\u00e4n edullisin hinnoin","isPartOf":{"@id":"https:\/\/cosmena.com\/fi\/#website"},"primaryImageOfPage":{"@id":"https:\/\/cosmena.com\/fi\/#primaryimage"},"image":{"@id":"https:\/\/cosmena.com\/fi\/#primaryimage"},"thumbnailUrl":"https:\/\/cosmena.com\/wp-content\/uploads\/2023\/02\/Cosmena-scaled.jpg","datePublished":"2024-06-24T12:56:50+00:00","dateModified":"2026-01-23T12:25:21+00:00","description":"Terveys on moniulotteinen k\u00e4site. Se merkitsee jokaiselle eri asioita. Cosmena auttaa tuntemaan olosi kokonaisvaltaisesti paremmaksi. Lue lis\u00e4\u00e4 Cosmenasta.","breadcrumb":{"@id":"https:\/\/cosmena.com\/fi\/#breadcrumb"},"inLanguage":"fi","potentialAction":[{"@type":"ReadAction","target":["https:\/\/cosmena.com\/fi\/"]}]},{"@type":"ImageObject","inLanguage":"fi","@id":"https:\/\/cosmena.com\/fi\/#primaryimage","url":"https:\/\/cosmena.com\/wp-content\/uploads\/2023\/02\/Cosmena-scaled.jpg","contentUrl":"https:\/\/cosmena.com\/wp-content\/uploads\/2023\/02\/Cosmena-scaled.jpg"},{"@type":"BreadcrumbList","@id":"https:\/\/cosmena.com\/fi\/#breadcrumb","itemListElement":[{"@type":"ListItem","position":1,"name":"Home","item":"https:\/\/cosmena.com\/fi\/"},{"@type":"ListItem","position":2,"name":"Start"}]},{"@type":"WebSite","@id":"https:\/\/cosmena.com\/fi\/#website","url":"https:\/\/cosmena.com\/fi\/","name":"Cosmena","description":"Your extensive guide to cosmetic treatments","publisher":{"@id":"https:\/\/cosmena.com\/fi\/#organization"},"potentialAction":[{"@type":"SearchAction","target":{"@type":"EntryPoint","urlTemplate":"https:\/\/cosmena.com\/fi\/?s={search_term_string}"},"query-input":{"@type":"PropertyValueSpecification","valueRequired":true,"valueName":"search_term_string"}}],"inLanguage":"fi"},{"@type":"Organization","@id":"https:\/\/cosmena.com\/fi\/#organization","name":"Cosmena","url":"https:\/\/cosmena.com\/fi\/","logo":{"@type":"ImageObject","inLanguage":"fi","@id":"https:\/\/cosmena.com\/fi\/#\/schema\/logo\/image\/","url":"https:\/\/cosmena.com\/wp-content\/uploads\/2021\/06\/cosmena-logo-bw-1.1.png","contentUrl":"https:\/\/cosmena.com\/wp-content\/uploads\/2021\/06\/cosmena-logo-bw-1.1.png","width":600,"height":82,"caption":"Cosmena"},"image":{"@id":"https:\/\/cosmena.com\/fi\/#\/schema\/logo\/image\/"}}]}},"_links":{"self":[{"href":"https:\/\/cosmena.com\/fi\/wp-json\/wp\/v2\/pages\/5103","targetHints":{"allow":["GET"]}}],"collection":[{"href":"https:\/\/cosmena.com\/fi\/wp-json\/wp\/v2\/pages"}],"about":[{"href":"https:\/\/cosmena.com\/fi\/wp-json\/wp\/v2\/types\/page"}],"author":[{"embeddable":true,"href":"https:\/\/cosmena.com\/fi\/wp-json\/wp\/v2\/users\/4"}],"replies":[{"embeddable":true,"href":"https:\/\/cosmena.com\/fi\/wp-json\/wp\/v2\/comments?post=5103"}],"version-history":[{"count":20,"href":"https:\/\/cosmena.com\/fi\/wp-json\/wp\/v2\/pages\/5103\/revisions"}],"predecessor-version":[{"id":5773,"href":"https:\/\/cosmena.com\/fi\/wp-json\/wp\/v2\/pages\/5103\/revisions\/5773"}],"wp:attachment":[{"href":"https:\/\/cosmena.com\/fi\/wp-json\/wp\/v2\/media?parent=5103"}],"curies":[{"name":"wp","href":"https:\/\/api.w.org\/{rel}","templated":true}]}}