{"id":5414,"date":"2025-03-06T10:51:21","date_gmt":"2025-03-06T09:51:21","guid":{"rendered":"https:\/\/cosmena.com\/?page_id=5414"},"modified":"2025-03-06T10:51:23","modified_gmt":"2025-03-06T09:51:23","slug":"tain-muna-vai-hilse","status":"publish","type":"page","link":"https:\/\/cosmena.com\/fi\/terveys-laakkeet\/tain-muna-vai-hilse\/","title":{"rendered":"T\u00e4in muna vai hilse"},"content":{"rendered":"\n<h1 class=\"wp-block-heading\">T\u00e4in muna vai hilse<\/h1>\n\n\n\n<figure class=\"wp-block-image size-full\"><img loading=\"lazy\" decoding=\"async\" width=\"1024\" height=\"1024\" src=\"https:\/\/cosmena.com\/wp-content\/uploads\/2025\/03\/Tain-muna-vai-hilse.webp\" alt=\"T\u00e4in muna vai hilse\" class=\"wp-image-5416\" srcset=\"https:\/\/cosmena.com\/wp-content\/uploads\/2025\/03\/Tain-muna-vai-hilse.webp 1024w, https:\/\/cosmena.com\/wp-content\/uploads\/2025\/03\/Tain-muna-vai-hilse-300x300.webp 300w, https:\/\/cosmena.com\/wp-content\/uploads\/2025\/03\/Tain-muna-vai-hilse-150x150.webp 150w, https:\/\/cosmena.com\/wp-content\/uploads\/2025\/03\/Tain-muna-vai-hilse-768x768.webp 768w\" sizes=\"auto, (max-width: 1024px) 100vw, 1024px\" \/><\/figure>\n\n\n\n<p>Jos omassa tai lapsen p\u00e4\u00e4nahkassa on alkanut kutista, voi kyse olla t\u00e4itartunnasta. P\u00e4\u00e4t\u00e4i, tai tuttavallisemmin t\u00e4i, on ihmisen p\u00e4\u00e4nahassa el\u00e4v\u00e4 loishy\u00f6nteinen, jonka puremat voivat aiheuttaa kutinaa hiuspohjassa. Ne eiv\u00e4t ole vaarallisia, mutta puremien raapiminen voi altistaa bakteeritulehduksille. T\u00e4ist\u00e4 voi kertoa my\u00f6s mannaryynin muotoiset vaaleat munat, joita kutsutaan saivareiksi. T\u00e4it\u00e4 tai saivareita voi l\u00f6yty\u00e4 erityisesti niskasta tai korvien takaa. T\u00e4itartunnan riski on korkeimmillaan elo-lokakuussa ja tammi-helmikuussa.<\/p>\n\n\n\n<h2 class=\"wp-block-heading\">Miten erottaa t\u00e4in munat hilseest\u00e4?<\/h2>\n\n\n\n<p>Vaaleat t\u00e4in munat voivat muistuttaa ulkon\u00e4\u00f6lt\u00e4\u00e4n tavanomaista hilsett\u00e4, mutta ne on mahdollista erottaa parilla helpolla tuntomerkill\u00e4. Mik\u00e4li ep\u00e4ilys her\u00e4\u00e4, ett\u00e4 kyseess\u00e4 voisi olla t\u00e4in munat, on asia syyt\u00e4 tarkistaa v\u00e4litt\u00f6m\u00e4sti, sill\u00e4 p\u00e4\u00e4t\u00e4i lis\u00e4\u00e4ntyy ja levi\u00e4\u00e4 herk\u00e4sti.<\/p>\n\n\n\n<p>Tarkista v\u00e4ri: hilse on hiuksissa valkoista, kun taas saivareet ovat yleens\u00e4 vaaleita, vaikkakin voivat n\u00e4ytt\u00e4yty\u00e4 ensisilm\u00e4yksell\u00e4 valkoisina. T\u00e4m\u00e4 voi tehd\u00e4 niiden havaitsemisen vaaleista hiuksista haasteellisempaa verrattuna tummiin hiuksiin. Kun munan sis\u00e4ll\u00e4 on viel\u00e4 t\u00e4i, n\u00e4ytt\u00e4ytyy se enemm\u00e4n ruskeahkona, mutta v\u00e4ri haalistuu t\u00e4in kuoriuduttua.&nbsp;<\/p>\n\n\n\n<p>Toinen yksinkertainen testi on kokeilla, liikkuvatko hiuksista l\u00f6ytyneet hileet helposti esimerkiksi hiusharjalla harjatessa. Mik\u00e4li kyseess\u00e4 on hilse, levitt\u00e4ytyy se helposti kampaamalla. Jos kyseess\u00e4 ovat t\u00e4in munat, ovat hileet hiuksissa kiinni huomattavasti tiukemmin, eiv\u00e4tk\u00e4 ne liiku yht\u00e4 helposti harjatessa. Vaikka t\u00e4i olisi jo kuoriutunut, j\u00e4\u00e4 tyhj\u00e4 munankuori silti tiukasti kiinni hiuksiin.&nbsp;<\/p>\n\n\n\n<h2 class=\"wp-block-heading\">T\u00e4iden tarttuminen<\/h2>\n\n\n\n<p>T\u00e4itartunta ei ole merkki huonosta hygieniasta, tai likaisista hiuksista. Ne voivat siirty\u00e4 ihmisest\u00e4 toiseen l\u00e4heisess\u00e4 kontaktissa, tai esimerkiksi p\u00e4\u00e4hineiden kautta. Tartunnan riski\u00e4 voivat lis\u00e4t\u00e4 hiuslenkkien, tai \u2013harjojen lainaaminen, pipojen ja kaulaliinojen s\u00e4ilytt\u00e4minen yhteisess\u00e4 hyllyss\u00e4, tai pitkien hiuksien pit\u00e4minen auki ruuhkaisissa tiloissa, jolloin t\u00e4ill\u00e4 on enemm\u00e4n tarttumapintaa. Toisaalta on hyv\u00e4 muistaa, ett\u00e4 t\u00e4it voivat kiinnitty\u00e4 lyhyisiinkin hiuksiin. P\u00e4\u00e4hineet kannattaa s\u00e4ilytt\u00e4\u00e4 esimerkiksi oman takin hihassa tartunnan mahdollisuuden minimoimiseksi. T\u00e4it eiv\u00e4t hypi tai lenn\u00e4, mutta voivat siirty\u00e4 ihmisest\u00e4 toiseen esimerkiksi l\u00e4hekk\u00e4in istuessa tai leikkiess\u00e4.<\/p>\n\n\n\n<p>El\u00e4inten, kuten koirien, t\u00e4it eiv\u00e4t siirry ihmiseen, eiv\u00e4tk\u00e4 lemmikkiel\u00e4imet l\u00e4ht\u00f6kohtaisesti voi levitt\u00e4\u00e4 t\u00e4it\u00e4. Perheen kanssa l\u00e4heisess\u00e4 kontaktissa ollut koira kannattaa kuitenkin pest\u00e4 t\u00e4ishampoolla, tai ainakin pit\u00e4\u00e4 pois ihmisten s\u00e4ngyst\u00e4 muutama p\u00e4iv\u00e4 tartunnan j\u00e4lkeen.&nbsp; Ihmisest\u00e4 l\u00e4ht\u00f6isin oleva p\u00e4\u00e4t\u00e4i voi selvit\u00e4 koiran turkissa 2\u20133 p\u00e4iv\u00e4\u00e4, ja l\u00f6yt\u00e4\u00e4 tiens\u00e4 takaisin ihmisen hiuksiin l\u00e4heisess\u00e4 kontaktissa. Shampoon soveltuminen koiralle tulee tarkistaa ennen sen k\u00e4ytt\u00f6\u00e4.<\/p>\n\n\n\n<h2 class=\"wp-block-heading\">T\u00e4iden ja saivareiden poistaminen<\/h2>\n\n\n\n<p>T\u00e4iden poistaminen on mahdollista kotona, eik\u00e4 l\u00e4\u00e4k\u00e4riss\u00e4 k\u00e4ynti\u00e4 vaadita. Poistotoimiin on syyt\u00e4 ryhty\u00e4, vaikka p\u00e4\u00e4nahasta olisikin l\u00f6ytynyt vain yksi t\u00e4i tai sen muna. L\u00f6yd\u00f6n yhteydess\u00e4 on hyv\u00e4 tarkistaa my\u00f6s muiden perheenj\u00e4senten p\u00e4\u00e4nahkat ja ilmoittaa tartunnasta esimerkiksi lapsen p\u00e4iv\u00e4kotiin tai kouluun, jotta sen levi\u00e4minen saadaan minimoitua. Ilmoitus on hyv\u00e4 tehd\u00e4 mahdollisimman pian, sill\u00e4 t\u00e4it lis\u00e4\u00e4ntyv\u00e4t nopeasti. Kunhan t\u00e4ihoito on aloitettu, ei sen vuoksi tarvitse olla pois p\u00e4iv\u00e4kodista, koulusta tai t\u00f6ist\u00e4.&nbsp;<\/p>\n\n\n\n<p>Hoito on hyv\u00e4 aloittaa t\u00e4ikammalla, jolla huolellisesti kampaamalla on mahdollista poistaa paitsi t\u00e4it, my\u00f6s saivareet. Kampaamista on hyv\u00e4 jatkaa parin p\u00e4iv\u00e4n v\u00e4lein kahden viikon ajan tartunnan l\u00f6ytymisest\u00e4, kunnes t\u00e4it\u00e4 tai saivareita ei en\u00e4\u00e4 l\u00f6ydy. My\u00f6s muiden perheenj\u00e4senten hiusten harjaamista on hyv\u00e4 jatkaa, sill\u00e4 t\u00e4itartunta voi olla vaikeaa havaita.&nbsp;<\/p>\n\n\n\n<p>Hiukset kannattaa k\u00e4yd\u00e4 t\u00e4ikammalla l\u00e4pi jakaus kerrallaan. Jokaisen vedon j\u00e4lkeen on suositeltavaa pyyhki\u00e4 kampa esimerkiksi talouspaperiin, mik\u00e4 tekee t\u00e4iden havaitsemisesta helpompaa. T\u00e4iden koon vuoksi niiden n\u00e4keminen paljaalla silm\u00e4ll\u00e4 voi olla vaikeaa erityisesti tummista hiuksista, joten hiusten l\u00e4pik\u00e4yminen kammalla kannattaa tehd\u00e4 huolellisesti. Kahteen kertaan kampaaminen on suositeltavaa, etenkin jos hiusta on paljon.&nbsp;<\/p>\n\n\n\n<p>T\u00e4rke\u00e4 osa hoitoa on my\u00f6s apteekista saatava t\u00e4ishampoo. Kaikki t\u00e4ishampoot eiv\u00e4t tehoa saivareisiin, joten asia on hyv\u00e4 tarkistaa tuotetta ostaessa. Pelkk\u00e4 vedell\u00e4 ja tavallisella shampoolla hiusten peseminen ei riit\u00e4 t\u00e4iden poistoon. Hiuspohjaan voi k\u00e4ytt\u00e4\u00e4 my\u00f6s hiuksiin levitett\u00e4v\u00e4\u00e4 t\u00e4iden poistoon tarkoitettua liuosta. Tarkista k\u00e4ytt\u00f6ohjeet jokaisen tuotteen kohdalla erikseen. Niiden mukaan, hoito on usein syyt\u00e4 toistaa noin viikko ensimm\u00e4isen kerran j\u00e4lkeen.<\/p>\n\n\n\n<p>T\u00e4ishampoolla peseminen tehd\u00e4\u00e4n vain, jos t\u00e4it\u00e4 on l\u00f6ytynyt. Mik\u00e4li muilta perheenj\u00e4senilt\u00e4 ei ole l\u00f6ytynyt t\u00e4it\u00e4 tai saivareita, ei heid\u00e4n tarvitse k\u00e4ytt\u00e4\u00e4 t\u00e4ishampoota. T\u00e4iden ehk\u00e4isyyn on erillisi\u00e4 shampoita ja suihkeita, joiden k\u00e4ytt\u00f6 on suositeltavaa, etenkin jos perheess\u00e4 tai esimerkiksi lapsen koulussa on todettu t\u00e4it\u00e4.&nbsp; Ehk\u00e4iseminen n\u00e4ill\u00e4 aineilla on suositeltavaa etenkin korkean riskin kausina elo-lokakuussa ja tammi-helmikuussa, vaikka erillist\u00e4 tietoa t\u00e4iepidemiasta ei olisikaan kotiin tullut.&nbsp;<\/p>\n\n\n\n<p>Saivareiden poistaminen voi olla erityisen haastavaa, sill\u00e4 ne ovat hiuksissa usein tiukasti kiinni. Tyhji\u00e4 munankuoria voi l\u00f6yty\u00e4 hiuksista viel\u00e4 viikkoja, tai jopa kuukausia onnistuneen t\u00e4iden poiston j\u00e4lkeen, eiv\u00e4tk\u00e4 ne ole merkki hoidon ep\u00e4onnistumisesta. Mik\u00e4li t\u00e4ihoito on tehty huolella, eik\u00e4 el\u00e4vi\u00e4 t\u00e4it\u00e4 tai uusia saivareita ei ole taloudesta l\u00f6ytynyt, ei tilanteesta tarvitse huolestua.&nbsp;<\/p>\n\n\n\n<h2 class=\"wp-block-heading\">Siivoaminen t\u00e4itartunnan yhteydess\u00e4<\/h2>\n\n\n\n<p>T\u00e4it eiv\u00e4t juuri hiuksista asuntoon levi\u00e4, mutta tartunnan aikana k\u00e4yt\u00f6ss\u00e4 olleet liinavaatteet on hyv\u00e4 pest\u00e4 pesukoneessa 60 asteessa. My\u00f6s pehmolelut, pipot ja kaulaliinat on hyv\u00e4 joko pakastaa, tai j\u00e4tt\u00e4\u00e4 80-asteiseen saunaan pariksi tunniksi. T\u00e4i kest\u00e4\u00e4 kylm\u00e4\u00e4 paremmin kuin kuumaa, joten saunottaminen voi olla t\u00e4iden poistamiseen pakkasta varmempi vaihtoehto. P\u00e4\u00e4t\u00e4i ei selvi\u00e4 tekstiileiss\u00e4 paria p\u00e4iv\u00e4\u00e4 pidemp\u00e4\u00e4n, joten my\u00f6s tekstiilipohjaisten lelujen j\u00e4tt\u00e4minen hyllylle kolmeksi p\u00e4iv\u00e4ksi riitt\u00e4\u00e4, mik\u00e4li sauna tai pakastaminen ei ole mahdollista.<\/p>\n\n\n\n<p>Huomaathan, ett\u00e4 ihmisen hiuspohjasta t\u00e4iden poistamiseen ei saunominen tai lumessa py\u00f6riminen riit\u00e4, sill\u00e4 ihmisen keho s\u00e4\u00e4telee l\u00e4mp\u00f6tilaa tehokkaasti hikoilun kautta. Lis\u00e4ksi t\u00e4i saa ravintoa imem\u00e4ll\u00e4 p\u00e4\u00e4nahasta verta, joten se el\u00e4\u00e4 hiuspohjassa huomattavasti pidemp\u00e4\u00e4n.&nbsp;<\/p>\n","protected":false},"excerpt":{"rendered":"<p>T\u00e4in muna vai hilse Jos omassa tai lapsen p\u00e4\u00e4nahkassa on alkanut kutista, voi kyse&#8230;<\/p>\n","protected":false},"author":9,"featured_media":5416,"parent":5182,"menu_order":0,"comment_status":"closed","ping_status":"closed","template":"","meta":{"_acf_changed":false,"footnotes":""},"class_list":["post-5414","page","type-page","status-publish","has-post-thumbnail","hentry"],"acf":[],"yoast_head":"<!-- This site is optimized with the Yoast SEO plugin v27.0 - https:\/\/yoast.com\/product\/yoast-seo-wordpress\/ -->\n<title>T\u00e4iden ehk\u00e4isy, tunnistaminen ja poisto - Cosmena<\/title>\n<meta name=\"description\" content=\"Onko hiuksissa hilsett\u00e4 vai t\u00e4in munia? Ohjeet t\u00e4iden ja t\u00e4in munien ehk\u00e4isyyn, tunnistamiseen ja poistoon kotona.\" \/>\n<meta name=\"robots\" content=\"index, follow, max-snippet:-1, max-image-preview:large, max-video-preview:-1\" \/>\n<link rel=\"canonical\" href=\"https:\/\/cosmena.com\/fi\/terveys-laakkeet\/tain-muna-vai-hilse\/\" \/>\n<meta property=\"og:locale\" content=\"fi_FI\" \/>\n<meta property=\"og:type\" content=\"article\" \/>\n<meta property=\"og:title\" content=\"T\u00e4iden ehk\u00e4isy, tunnistaminen ja poisto - Cosmena\" \/>\n<meta property=\"og:description\" content=\"Onko hiuksissa hilsett\u00e4 vai t\u00e4in munia? Ohjeet t\u00e4iden ja t\u00e4in munien ehk\u00e4isyyn, tunnistamiseen ja poistoon kotona.\" \/>\n<meta property=\"og:url\" content=\"https:\/\/cosmena.com\/fi\/terveys-laakkeet\/tain-muna-vai-hilse\/\" \/>\n<meta property=\"og:site_name\" content=\"Cosmena\" \/>\n<meta property=\"article:modified_time\" content=\"2025-03-06T09:51:23+00:00\" \/>\n<meta property=\"og:image\" content=\"https:\/\/cosmena.com\/wp-content\/uploads\/2025\/03\/Tain-muna-vai-hilse.webp\" \/>\n\t<meta property=\"og:image:width\" content=\"1024\" \/>\n\t<meta property=\"og:image:height\" content=\"1024\" \/>\n\t<meta property=\"og:image:type\" content=\"image\/webp\" \/>\n<meta name=\"twitter:card\" content=\"summary_large_image\" \/>\n<meta name=\"twitter:label1\" content=\"Arvioitu lukuaika\" \/>\n\t<meta name=\"twitter:data1\" content=\"5 minuuttia\" \/>\n<!-- \/ Yoast SEO plugin. -->","yoast_head_json":{"title":"T\u00e4iden ehk\u00e4isy, tunnistaminen ja poisto - Cosmena","description":"Onko hiuksissa hilsett\u00e4 vai t\u00e4in munia? Ohjeet t\u00e4iden ja t\u00e4in munien ehk\u00e4isyyn, tunnistamiseen ja poistoon kotona.","robots":{"index":"index","follow":"follow","max-snippet":"max-snippet:-1","max-image-preview":"max-image-preview:large","max-video-preview":"max-video-preview:-1"},"canonical":"https:\/\/cosmena.com\/fi\/terveys-laakkeet\/tain-muna-vai-hilse\/","og_locale":"fi_FI","og_type":"article","og_title":"T\u00e4iden ehk\u00e4isy, tunnistaminen ja poisto - Cosmena","og_description":"Onko hiuksissa hilsett\u00e4 vai t\u00e4in munia? Ohjeet t\u00e4iden ja t\u00e4in munien ehk\u00e4isyyn, tunnistamiseen ja poistoon kotona.","og_url":"https:\/\/cosmena.com\/fi\/terveys-laakkeet\/tain-muna-vai-hilse\/","og_site_name":"Cosmena","article_modified_time":"2025-03-06T09:51:23+00:00","og_image":[{"width":1024,"height":1024,"url":"https:\/\/cosmena.com\/wp-content\/uploads\/2025\/03\/Tain-muna-vai-hilse.webp","type":"image\/webp"}],"twitter_card":"summary_large_image","twitter_misc":{"Arvioitu lukuaika":"5 minuuttia"},"schema":{"@context":"https:\/\/schema.org","@graph":[{"@type":"WebPage","@id":"https:\/\/cosmena.com\/fi\/terveys-laakkeet\/tain-muna-vai-hilse\/","url":"https:\/\/cosmena.com\/fi\/terveys-laakkeet\/tain-muna-vai-hilse\/","name":"T\u00e4iden ehk\u00e4isy, tunnistaminen ja poisto - Cosmena","isPartOf":{"@id":"https:\/\/cosmena.com\/fi\/#website"},"primaryImageOfPage":{"@id":"https:\/\/cosmena.com\/fi\/terveys-laakkeet\/tain-muna-vai-hilse\/#primaryimage"},"image":{"@id":"https:\/\/cosmena.com\/fi\/terveys-laakkeet\/tain-muna-vai-hilse\/#primaryimage"},"thumbnailUrl":"https:\/\/cosmena.com\/wp-content\/uploads\/2025\/03\/Tain-muna-vai-hilse.webp","datePublished":"2025-03-06T09:51:21+00:00","dateModified":"2025-03-06T09:51:23+00:00","description":"Onko hiuksissa hilsett\u00e4 vai t\u00e4in munia? Ohjeet t\u00e4iden ja t\u00e4in munien ehk\u00e4isyyn, tunnistamiseen ja poistoon kotona.","breadcrumb":{"@id":"https:\/\/cosmena.com\/fi\/terveys-laakkeet\/tain-muna-vai-hilse\/#breadcrumb"},"inLanguage":"fi","potentialAction":[{"@type":"ReadAction","target":["https:\/\/cosmena.com\/fi\/terveys-laakkeet\/tain-muna-vai-hilse\/"]}]},{"@type":"ImageObject","inLanguage":"fi","@id":"https:\/\/cosmena.com\/fi\/terveys-laakkeet\/tain-muna-vai-hilse\/#primaryimage","url":"https:\/\/cosmena.com\/wp-content\/uploads\/2025\/03\/Tain-muna-vai-hilse.webp","contentUrl":"https:\/\/cosmena.com\/wp-content\/uploads\/2025\/03\/Tain-muna-vai-hilse.webp","width":1024,"height":1024,"caption":"T\u00e4in muna vai hilse"},{"@type":"BreadcrumbList","@id":"https:\/\/cosmena.com\/fi\/terveys-laakkeet\/tain-muna-vai-hilse\/#breadcrumb","itemListElement":[{"@type":"ListItem","position":1,"name":"Home","item":"https:\/\/cosmena.com\/fi\/"},{"@type":"ListItem","position":2,"name":"Terveys &amp; L\u00e4\u00e4kkeet","item":"https:\/\/cosmena.com\/fi\/terveys-laakkeet\/"},{"@type":"ListItem","position":3,"name":"T\u00e4in muna vai hilse"}]},{"@type":"WebSite","@id":"https:\/\/cosmena.com\/fi\/#website","url":"https:\/\/cosmena.com\/fi\/","name":"Cosmena","description":"Your extensive guide to cosmetic treatments","publisher":{"@id":"https:\/\/cosmena.com\/fi\/#organization"},"potentialAction":[{"@type":"SearchAction","target":{"@type":"EntryPoint","urlTemplate":"https:\/\/cosmena.com\/fi\/?s={search_term_string}"},"query-input":{"@type":"PropertyValueSpecification","valueRequired":true,"valueName":"search_term_string"}}],"inLanguage":"fi"},{"@type":"Organization","@id":"https:\/\/cosmena.com\/fi\/#organization","name":"Cosmena","url":"https:\/\/cosmena.com\/fi\/","logo":{"@type":"ImageObject","inLanguage":"fi","@id":"https:\/\/cosmena.com\/fi\/#\/schema\/logo\/image\/","url":"https:\/\/cosmena.com\/wp-content\/uploads\/2021\/06\/cosmena-logo-bw-1.1.png","contentUrl":"https:\/\/cosmena.com\/wp-content\/uploads\/2021\/06\/cosmena-logo-bw-1.1.png","width":600,"height":82,"caption":"Cosmena"},"image":{"@id":"https:\/\/cosmena.com\/fi\/#\/schema\/logo\/image\/"}}]}},"_links":{"self":[{"href":"https:\/\/cosmena.com\/fi\/wp-json\/wp\/v2\/pages\/5414","targetHints":{"allow":["GET"]}}],"collection":[{"href":"https:\/\/cosmena.com\/fi\/wp-json\/wp\/v2\/pages"}],"about":[{"href":"https:\/\/cosmena.com\/fi\/wp-json\/wp\/v2\/types\/page"}],"author":[{"embeddable":true,"href":"https:\/\/cosmena.com\/fi\/wp-json\/wp\/v2\/users\/9"}],"replies":[{"embeddable":true,"href":"https:\/\/cosmena.com\/fi\/wp-json\/wp\/v2\/comments?post=5414"}],"version-history":[{"count":2,"href":"https:\/\/cosmena.com\/fi\/wp-json\/wp\/v2\/pages\/5414\/revisions"}],"predecessor-version":[{"id":5419,"href":"https:\/\/cosmena.com\/fi\/wp-json\/wp\/v2\/pages\/5414\/revisions\/5419"}],"up":[{"embeddable":true,"href":"https:\/\/cosmena.com\/fi\/wp-json\/wp\/v2\/pages\/5182"}],"wp:featuredmedia":[{"embeddable":true,"href":"https:\/\/cosmena.com\/fi\/wp-json\/wp\/v2\/media\/5416"}],"wp:attachment":[{"href":"https:\/\/cosmena.com\/fi\/wp-json\/wp\/v2\/media?parent=5414"}],"curies":[{"name":"wp","href":"https:\/\/api.w.org\/{rel}","templated":true}]}}