{"id":5422,"date":"2025-04-15T09:12:11","date_gmt":"2025-04-15T07:12:11","guid":{"rendered":"https:\/\/cosmena.com\/?page_id=5422"},"modified":"2025-04-15T09:12:43","modified_gmt":"2025-04-15T07:12:43","slug":"kuinka-paasta-eroon-kaksoisleuasta","status":"publish","type":"page","link":"https:\/\/cosmena.com\/fi\/terveys-laakkeet\/kuinka-paasta-eroon-kaksoisleuasta\/","title":{"rendered":"Kuinka p\u00e4\u00e4st\u00e4 eroon kaksoisleuasta"},"content":{"rendered":"\n<h1 class=\"wp-block-heading\">Kuinka p\u00e4\u00e4st\u00e4 eroon kaksoisleuasta<\/h1>\n\n\n\n<figure class=\"wp-block-image size-full\"><img loading=\"lazy\" decoding=\"async\" width=\"1024\" height=\"1024\" src=\"https:\/\/cosmena.com\/wp-content\/uploads\/2025\/04\/Kuinka-paasta-eroon-kaksoisleuasta.png\" alt=\"Kuinka p\u00e4\u00e4st\u00e4 eroon kaksoisleuasta\" class=\"wp-image-5424\" srcset=\"https:\/\/cosmena.com\/wp-content\/uploads\/2025\/04\/Kuinka-paasta-eroon-kaksoisleuasta.png 1024w, https:\/\/cosmena.com\/wp-content\/uploads\/2025\/04\/Kuinka-paasta-eroon-kaksoisleuasta-300x300.png 300w, https:\/\/cosmena.com\/wp-content\/uploads\/2025\/04\/Kuinka-paasta-eroon-kaksoisleuasta-150x150.png 150w, https:\/\/cosmena.com\/wp-content\/uploads\/2025\/04\/Kuinka-paasta-eroon-kaksoisleuasta-768x768.png 768w\" sizes=\"auto, (max-width: 1024px) 100vw, 1024px\" \/><\/figure>\n\n\n\n<p>Pieni kaksoisleuka on t\u00e4ysin normaalia, eik\u00e4 siit\u00e4 ole syyt\u00e4 vaipua ep\u00e4toivoon. Siit\u00e4 huolimatta kaksoisleuan pienent\u00e4miseen ja poistamiseen on monia keinoja, jotka eiv\u00e4t vaadi leikkausta. Yksinkertaisilla konsteilla ja johdonmukaisella rutiinilla voi lyhyess\u00e4kin ajassa n\u00e4hd\u00e4 jo suuren eron. Alla listaamme joitakin tehokkaita ja turvallisia tapoja p\u00e4\u00e4st\u00e4 lopullisesti eroon itsep\u00e4isest\u00e4 kaksoisleuasta.<\/p>\n\n\n\n<h2 class=\"wp-block-heading\"><strong>Mist\u00e4 kaksoisleuka johtuu?<\/strong><\/h2>\n\n\n\n<p>Kaksoisleuan muodostumiseen voivat vaikuttaa useat tekij\u00e4t. Stressaava ajanjakso huonommalla ruokavaliolla on yksi niist\u00e4. Syyn\u00e4 voi olla my\u00f6s tavallinen ik\u00e4\u00e4ntyminen tai geenit. Kaikessa yksinkertaisuudessaan t\u00e4m\u00e4n esteettisen p\u00e4\u00e4ns\u00e4ryn syyn\u00e4 on joko rasvan tai kudosnesteen ker\u00e4ytyminen leuan alle.<\/p>\n\n\n\n<h2 class=\"wp-block-heading\"><strong>Tapoja kaksoisleuan poistamiseen<\/strong><\/h2>\n\n\n\n<p>K\u00e4ymme seuraavaksi l\u00e4pi nopeita keinoja, jotka auttavat sinua poistamaan kaksoisleuan ilman leikkausta. Niist\u00e4 kaikki ovat teht\u00e4viss\u00e4 kotona ja vaativat m\u00e4\u00e4r\u00e4tietoisuutta tuloksien saavuttamiseksi. Muista kuitenkin aina kysy\u00e4 neuvoa l\u00e4\u00e4k\u00e4rilt\u00e4 ennen kuin ryhdyt toimiin omin avuin. T\u00e4m\u00e4 neuvo p\u00e4tee aina, jos sinulla on pienint\u00e4k\u00e4\u00e4n ep\u00e4ilyst\u00e4 turvallisuudestasi tai yleisest\u00e4 terveydest\u00e4si.<\/p>\n\n\n\n<h4 class=\"wp-block-heading\"><em>Poista kaksoisleuka kotona seuraavien avulla:<\/em><\/h4>\n\n\n\n<ul class=\"wp-block-list\">\n<li>Kasvohieronta<\/li>\n\n\n\n<li>Luonnon\u00f6ljyt ja E-vitamiini<\/li>\n\n\n\n<li>Gua Sha -rutiini<\/li>\n\n\n\n<li>Kollageenit ja ruokavalio<\/li>\n\n\n\n<li>Kaulan ja rintavaon voitelu<\/li>\n\n\n\n<li>Kasvojooga<\/li>\n<\/ul>\n\n\n\n<h3 class=\"wp-block-heading\"><strong>Hiero kaksoisleuka pois ilman leikkausta<\/strong><\/h3>\n\n\n\n<p>Kudosneste on osa kehon lymfaattista j\u00e4rjestelm\u00e4\u00e4, eli imunestej\u00e4rjestelm\u00e4\u00e4, ja muun muassa kuljettaa ravintoaineita soluihin. Kun neste kertyy tietyille alueille, se voi aiheuttaa turvotusta. Leuan alle kertyv\u00e4 neste voi aiheuttaa erityist\u00e4 turhautumista. Imusolukkeiden virtauksen k\u00e4ynnist\u00e4minen s\u00e4\u00e4nn\u00f6llisell\u00e4 kasvojen hieronnalla voi siksi olla hyv\u00e4 idea kaksoisleuan poistamiseksi.<\/p>\n\n\n\n<p>V\u00e4lt\u00e4 ihon altistamista tarpeettomalle stressille. Puhdas ja kosteutettu iho reagoi hoitoon paremmin, ja on siksi hyv\u00e4 l\u00e4ht\u00f6kohta. Hoidon aluksi vie k\u00e4si leuan alta kohti kaulaa k\u00e4ynnist\u00e4\u00e4ksesi lymfaattisen j\u00e4rjestelm\u00e4n. Aloita sitten leuasta ja hiero peukaloilla sen alta yl\u00f6sp\u00e4in kohti korvanlehti\u00e4. K\u00e4yt\u00e4 m\u00e4\u00e4r\u00e4tietoisia liikkeit\u00e4 ja toista aamuin illoin poistaaksesi kaksoisleuan.&nbsp;<\/p>\n\n\n\n<p>Luonnon\u00f6ljyt, kuten manteli-, jojoba- ja pellava\u00f6ljy, voivat vahvistaa hieronnan tuloksia. N\u00e4ist\u00e4 j\u00e4lkimm\u00e4inen sis\u00e4lt\u00e4\u00e4 E-vitamiinia, joka sis\u00e4lt\u00e4\u00e4 paljon antioksidantteja ja parantaa ihon elastisuutta. Siksi se toimii my\u00f6s kaksoisleuan poistamiseen ilman leikkausta.&nbsp;<\/p>\n\n\n\n<h3 class=\"wp-block-heading\"><strong>K\u00e4yt\u00e4 Gua Sha \u2013tekniikkaa kaksoisleuan poistamiseen&nbsp;<\/strong><\/h3>\n\n\n\n<p>Gua Sha \u2013tekniikka juontaa juurensa perinteiseen kiinalaiseen l\u00e4\u00e4ketieteeseen ja edist\u00e4\u00e4 imunestekiertoa. Gua Sha parantaa my\u00f6s verenkiertoa ja antaa iholle lis\u00e4\u00e4 kimmoisuutta. Samalla se auttaa pienent\u00e4m\u00e4\u00e4n ja poistamaan kaksoisleuan napakoittamalla koko \u201congelma-aluetta\u201d. Itse v\u00e4line on kivi, joka saa aikaan ihon punoitusta, jonka ennen katsottiin edist\u00e4v\u00e4n ihon paranemisprosessia.<\/p>\n\n\n\n<p>Tekniikka muokkaa kasvolihaksia ja v\u00e4hent\u00e4\u00e4 turvotusta ja tulehdusta. Siksi Gua Sha on erinomainen vaihe lis\u00e4tt\u00e4v\u00e4ksi kaksoisleuan poistorutiiniin. Levit\u00e4 seerumi tai \u00f6ljy iholle ja paina hell\u00e4sti korvan takaa avataksesi imusolukkeet. Ved\u00e4 k\u00e4tt\u00e4si alasp\u00e4in kohti kaulaa ja toista s\u00e4\u00e4nn\u00f6llisesti poistaaksesi kaksoisleuan ajan kuluessa.&nbsp;<\/p>\n\n\n\n<h3 class=\"wp-block-heading\"><strong>Poista kaksoisleuka kollageenin avulla<\/strong><\/h3>\n\n\n\n<p>Vanhetessamme kollageenin tuotantomme v\u00e4henee, mink\u00e4 johdosta iho voi menett\u00e4\u00e4 kimmoisuutensa. Tuloksena voivat olla kutsumattomat vieraat: l\u00f6ys\u00e4 iho kaulalla ja kaksoisleuka. Etsi siksi ihonhoitotuotteita, jotka sis\u00e4lt\u00e4v\u00e4t kollageenia hillit\u00e4ksesi ep\u00e4toivotun kehityksen ja poistaaksesi kaksoisleuan ilman leikkausta.<\/p>\n\n\n\n<p>Varmista, ett\u00e4 lis\u00e4\u00e4t kollageeniseerumin kaulalle yl\u00f6sp\u00e4in vet\u00e4v\u00e4ll\u00e4 liikkeell\u00e4. \u00c4l\u00e4 unohda levitt\u00e4\u00e4 seerumia rintavaon alueelle. T\u00e4m\u00e4 alue unohdetaan ihonhoitorutiineistamme usein, mutta sen rasvaaminen voi olla tehokas tapa kaksoisleuan itsehoitoon. Ole aina varovainen k\u00e4sitelless\u00e4si aluetta, sill\u00e4 sen iho voi olla herkk\u00e4.&nbsp;<\/p>\n\n\n\n<p>Huomaa, ett\u00e4 kaikki n\u00e4ist\u00e4 keinoista tulisi toteuttaa hyv\u00e4n ruokavalion ohella. Orastavan kaksoisleuan poistaminen alkaa ennen kaikkea itsest\u00e4.<\/p>\n\n\n\n<h3 class=\"wp-block-heading\"><strong>Kaksoisleuka pois kasvojoogalla.<\/strong><strong>&nbsp;<\/strong><\/h3>\n\n\n\n<p>Jooga ei ole hyv\u00e4ksi vain keholle, vaan voi my\u00f6s nopeuttaa kaksoisleuan poistamista ilman leikkausta. Aktivoi kasvojesi lihaksia p\u00e4ivitt\u00e4in ja katso, kuinka kaksoisleuka vain sulaa pois. Leuan alla on paitsi rasvaa, my\u00f6s lihaksia, jotka reagoivat harjoitteluun. Kasvojooga on loistava vaihtoehto. Totuus on, ett\u00e4 jopa niinkin yksinkertainen liike kuin kielen ulos ojentaminen voi olla eritt\u00e4in tehokasta. Harjoite aktivoi leuan lihaksia ja jos sen j\u00e4lkeen venyt\u00e4t kielt\u00e4 kohti nen\u00e4np\u00e4\u00e4t\u00e4 ja toistat t\u00e4m\u00e4n joitakin kertoja, voi se ajan kanssa poistaa kaksoisleuan. Tee harjoite aamuin illoin, kunnes n\u00e4et tulokset.<\/p>\n\n\n\n<p>Kaksoisleuan poistamiseen ilman leikkausta l\u00f6ytyy siis useita keinoja. Kaikkein t\u00e4rkeint\u00e4 on kuitenkin olla johdonmukainen, mit\u00e4 ei voi toistaa liikaa. Hieronnan, Gua Shan ja kasvojoogan tekeminen p\u00e4ivitt\u00e4in on yksinkertainen tapa saada kaksoisleuka pois kotikonstein.&nbsp;<\/p>\n","protected":false},"excerpt":{"rendered":"<p>Kuinka p\u00e4\u00e4st\u00e4 eroon kaksoisleuasta Pieni kaksoisleuka on t\u00e4ysin normaalia, eik\u00e4 siit\u00e4 ole syyt\u00e4 vaipua&#8230;<\/p>\n","protected":false},"author":5,"featured_media":5424,"parent":5182,"menu_order":0,"comment_status":"closed","ping_status":"closed","template":"","meta":{"_acf_changed":false,"footnotes":""},"class_list":["post-5422","page","type-page","status-publish","has-post-thumbnail","hentry"],"acf":[],"yoast_head":"<!-- This site is optimized with the Yoast SEO plugin v27.0 - https:\/\/yoast.com\/product\/yoast-seo-wordpress\/ -->\n<title>Kuinka p\u00e4\u00e4st\u00e4 eroon kaksoisleuasta - Cosmena<\/title>\n<meta name=\"robots\" content=\"index, follow, max-snippet:-1, max-image-preview:large, max-video-preview:-1\" \/>\n<link rel=\"canonical\" href=\"https:\/\/cosmena.com\/fi\/terveys-laakkeet\/kuinka-paasta-eroon-kaksoisleuasta\/\" \/>\n<meta property=\"og:locale\" content=\"fi_FI\" \/>\n<meta property=\"og:type\" content=\"article\" \/>\n<meta property=\"og:title\" content=\"Kuinka p\u00e4\u00e4st\u00e4 eroon kaksoisleuasta - Cosmena\" \/>\n<meta property=\"og:description\" content=\"Kuinka p\u00e4\u00e4st\u00e4 eroon kaksoisleuasta Pieni kaksoisleuka on t\u00e4ysin normaalia, eik\u00e4 siit\u00e4 ole syyt\u00e4 vaipua...\" \/>\n<meta property=\"og:url\" content=\"https:\/\/cosmena.com\/fi\/terveys-laakkeet\/kuinka-paasta-eroon-kaksoisleuasta\/\" \/>\n<meta property=\"og:site_name\" content=\"Cosmena\" \/>\n<meta property=\"article:modified_time\" content=\"2025-04-15T07:12:43+00:00\" \/>\n<meta property=\"og:image\" content=\"https:\/\/cosmena.com\/wp-content\/uploads\/2025\/04\/Kuinka-paasta-eroon-kaksoisleuasta.png\" \/>\n\t<meta property=\"og:image:width\" content=\"1024\" \/>\n\t<meta property=\"og:image:height\" content=\"1024\" \/>\n\t<meta property=\"og:image:type\" content=\"image\/png\" \/>\n<meta name=\"twitter:card\" content=\"summary_large_image\" \/>\n<meta name=\"twitter:label1\" content=\"Arvioitu lukuaika\" \/>\n\t<meta name=\"twitter:data1\" content=\"4 minuuttia\" \/>\n<!-- \/ Yoast SEO plugin. -->","yoast_head_json":{"title":"Kuinka p\u00e4\u00e4st\u00e4 eroon kaksoisleuasta - Cosmena","robots":{"index":"index","follow":"follow","max-snippet":"max-snippet:-1","max-image-preview":"max-image-preview:large","max-video-preview":"max-video-preview:-1"},"canonical":"https:\/\/cosmena.com\/fi\/terveys-laakkeet\/kuinka-paasta-eroon-kaksoisleuasta\/","og_locale":"fi_FI","og_type":"article","og_title":"Kuinka p\u00e4\u00e4st\u00e4 eroon kaksoisleuasta - Cosmena","og_description":"Kuinka p\u00e4\u00e4st\u00e4 eroon kaksoisleuasta Pieni kaksoisleuka on t\u00e4ysin normaalia, eik\u00e4 siit\u00e4 ole syyt\u00e4 vaipua...","og_url":"https:\/\/cosmena.com\/fi\/terveys-laakkeet\/kuinka-paasta-eroon-kaksoisleuasta\/","og_site_name":"Cosmena","article_modified_time":"2025-04-15T07:12:43+00:00","og_image":[{"width":1024,"height":1024,"url":"https:\/\/cosmena.com\/wp-content\/uploads\/2025\/04\/Kuinka-paasta-eroon-kaksoisleuasta.png","type":"image\/png"}],"twitter_card":"summary_large_image","twitter_misc":{"Arvioitu lukuaika":"4 minuuttia"},"schema":{"@context":"https:\/\/schema.org","@graph":[{"@type":"WebPage","@id":"https:\/\/cosmena.com\/fi\/terveys-laakkeet\/kuinka-paasta-eroon-kaksoisleuasta\/","url":"https:\/\/cosmena.com\/fi\/terveys-laakkeet\/kuinka-paasta-eroon-kaksoisleuasta\/","name":"Kuinka p\u00e4\u00e4st\u00e4 eroon kaksoisleuasta - Cosmena","isPartOf":{"@id":"https:\/\/cosmena.com\/fi\/#website"},"primaryImageOfPage":{"@id":"https:\/\/cosmena.com\/fi\/terveys-laakkeet\/kuinka-paasta-eroon-kaksoisleuasta\/#primaryimage"},"image":{"@id":"https:\/\/cosmena.com\/fi\/terveys-laakkeet\/kuinka-paasta-eroon-kaksoisleuasta\/#primaryimage"},"thumbnailUrl":"https:\/\/cosmena.com\/wp-content\/uploads\/2025\/04\/Kuinka-paasta-eroon-kaksoisleuasta.png","datePublished":"2025-04-15T07:12:11+00:00","dateModified":"2025-04-15T07:12:43+00:00","breadcrumb":{"@id":"https:\/\/cosmena.com\/fi\/terveys-laakkeet\/kuinka-paasta-eroon-kaksoisleuasta\/#breadcrumb"},"inLanguage":"fi","potentialAction":[{"@type":"ReadAction","target":["https:\/\/cosmena.com\/fi\/terveys-laakkeet\/kuinka-paasta-eroon-kaksoisleuasta\/"]}]},{"@type":"ImageObject","inLanguage":"fi","@id":"https:\/\/cosmena.com\/fi\/terveys-laakkeet\/kuinka-paasta-eroon-kaksoisleuasta\/#primaryimage","url":"https:\/\/cosmena.com\/wp-content\/uploads\/2025\/04\/Kuinka-paasta-eroon-kaksoisleuasta.png","contentUrl":"https:\/\/cosmena.com\/wp-content\/uploads\/2025\/04\/Kuinka-paasta-eroon-kaksoisleuasta.png","width":1024,"height":1024,"caption":"Kuinka p\u00e4\u00e4st\u00e4 eroon kaksoisleuasta"},{"@type":"BreadcrumbList","@id":"https:\/\/cosmena.com\/fi\/terveys-laakkeet\/kuinka-paasta-eroon-kaksoisleuasta\/#breadcrumb","itemListElement":[{"@type":"ListItem","position":1,"name":"Home","item":"https:\/\/cosmena.com\/fi\/"},{"@type":"ListItem","position":2,"name":"Terveys &amp; L\u00e4\u00e4kkeet","item":"https:\/\/cosmena.com\/fi\/terveys-laakkeet\/"},{"@type":"ListItem","position":3,"name":"Kuinka p\u00e4\u00e4st\u00e4 eroon kaksoisleuasta"}]},{"@type":"WebSite","@id":"https:\/\/cosmena.com\/fi\/#website","url":"https:\/\/cosmena.com\/fi\/","name":"Cosmena","description":"Your extensive guide to cosmetic treatments","publisher":{"@id":"https:\/\/cosmena.com\/fi\/#organization"},"potentialAction":[{"@type":"SearchAction","target":{"@type":"EntryPoint","urlTemplate":"https:\/\/cosmena.com\/fi\/?s={search_term_string}"},"query-input":{"@type":"PropertyValueSpecification","valueRequired":true,"valueName":"search_term_string"}}],"inLanguage":"fi"},{"@type":"Organization","@id":"https:\/\/cosmena.com\/fi\/#organization","name":"Cosmena","url":"https:\/\/cosmena.com\/fi\/","logo":{"@type":"ImageObject","inLanguage":"fi","@id":"https:\/\/cosmena.com\/fi\/#\/schema\/logo\/image\/","url":"https:\/\/cosmena.com\/wp-content\/uploads\/2021\/06\/cosmena-logo-bw-1.1.png","contentUrl":"https:\/\/cosmena.com\/wp-content\/uploads\/2021\/06\/cosmena-logo-bw-1.1.png","width":600,"height":82,"caption":"Cosmena"},"image":{"@id":"https:\/\/cosmena.com\/fi\/#\/schema\/logo\/image\/"}}]}},"_links":{"self":[{"href":"https:\/\/cosmena.com\/fi\/wp-json\/wp\/v2\/pages\/5422","targetHints":{"allow":["GET"]}}],"collection":[{"href":"https:\/\/cosmena.com\/fi\/wp-json\/wp\/v2\/pages"}],"about":[{"href":"https:\/\/cosmena.com\/fi\/wp-json\/wp\/v2\/types\/page"}],"author":[{"embeddable":true,"href":"https:\/\/cosmena.com\/fi\/wp-json\/wp\/v2\/users\/5"}],"replies":[{"embeddable":true,"href":"https:\/\/cosmena.com\/fi\/wp-json\/wp\/v2\/comments?post=5422"}],"version-history":[{"count":2,"href":"https:\/\/cosmena.com\/fi\/wp-json\/wp\/v2\/pages\/5422\/revisions"}],"predecessor-version":[{"id":5427,"href":"https:\/\/cosmena.com\/fi\/wp-json\/wp\/v2\/pages\/5422\/revisions\/5427"}],"up":[{"embeddable":true,"href":"https:\/\/cosmena.com\/fi\/wp-json\/wp\/v2\/pages\/5182"}],"wp:featuredmedia":[{"embeddable":true,"href":"https:\/\/cosmena.com\/fi\/wp-json\/wp\/v2\/media\/5424"}],"wp:attachment":[{"href":"https:\/\/cosmena.com\/fi\/wp-json\/wp\/v2\/media?parent=5422"}],"curies":[{"name":"wp","href":"https:\/\/api.w.org\/{rel}","templated":true}]}}