{"id":5436,"date":"2025-05-19T09:44:37","date_gmt":"2025-05-19T07:44:37","guid":{"rendered":"https:\/\/cosmena.com\/?page_id=5436"},"modified":"2025-05-19T09:44:43","modified_gmt":"2025-05-19T07:44:43","slug":"mika-on-mansikkaluomi","status":"publish","type":"page","link":"https:\/\/cosmena.com\/fi\/terveys-laakkeet\/mika-on-mansikkaluomi\/","title":{"rendered":"Mik\u00e4 on mansikkaluomi"},"content":{"rendered":"\n<h1 class=\"wp-block-heading\">Mik\u00e4 on mansikkaluomi<\/h1>\n\n\n\n<figure class=\"wp-block-image size-full is-resized\"><img loading=\"lazy\" decoding=\"async\" width=\"1024\" height=\"1024\" src=\"https:\/\/cosmena.com\/wp-content\/uploads\/2025\/05\/Mika-on-mansikkaluomi.png\" alt=\"Mik\u00e4 on mansikkaluomi\" class=\"wp-image-5439\" style=\"width:617px;height:auto\" srcset=\"https:\/\/cosmena.com\/wp-content\/uploads\/2025\/05\/Mika-on-mansikkaluomi.png 1024w, https:\/\/cosmena.com\/wp-content\/uploads\/2025\/05\/Mika-on-mansikkaluomi-300x300.png 300w, https:\/\/cosmena.com\/wp-content\/uploads\/2025\/05\/Mika-on-mansikkaluomi-150x150.png 150w, https:\/\/cosmena.com\/wp-content\/uploads\/2025\/05\/Mika-on-mansikkaluomi-768x768.png 768w\" sizes=\"auto, (max-width: 1024px) 100vw, 1024px\" \/><\/figure>\n\n\n\n<p>Onko lapsesi ihoon ilmestynyt kirkkaanpunainen muhkura, tai pieni punainen luomi? Kyseess\u00e4 voi olla mansikkaluomi. T\u00e4ss\u00e4 artikkelissa k\u00e4ymme l\u00e4pi mansikkaluomen piirteet, kehitysvaiheet, sek\u00e4 hoitokeinot ja \u2013tarpeen.&nbsp;<\/p>\n\n\n\n<p>Mansikkaluomi on vaivana kohtuu yleinen, eik\u00e4 yleens\u00e4 tuota syyt\u00e4 huoleen. Tietyiss\u00e4 tilanteissa se voi kuitenkin kaivata l\u00e4\u00e4k\u00e4rinhoitoa, tai lis\u00e4seurantaa. Mansikkaluomia on kolmea eri tyyppi\u00e4, ja niit\u00e4 voi ilmaantua eri kokoisina eri puolille kehoa.&nbsp;<\/p>\n\n\n\n<h2 class=\"wp-block-heading\">Mik\u00e4 on mansikkaluomi?<\/h2>\n\n\n\n<p>Mansikkaluomi, eli infantiili hemangiooma, on pikkulapsilla tavattava hyv\u00e4nlaatuinen verisuonikasvain, joka johtuu ihon pinnallisten verisuonien poikkeavasta kasvusta. Se ilmaantuu vauvoille yleens\u00e4 heid\u00e4n ensimm\u00e4isten elinviikkojensa aikana. Mansikkaluomia on noin 5-10 prosentilla vauvoista, ja ne ovat yleisempi\u00e4 tyt\u00f6ill\u00e4, kuin pojilla.&nbsp; My\u00f6s keskosena syntyminen voi lis\u00e4t\u00e4 todenn\u00e4k\u00f6isyytt\u00e4 sille, ett\u00e4 lapselle kehittyy mansikkaluomi. Niit\u00e4 esiintyy jopa nelj\u00e4nneksell\u00e4 alle kilon painoisina syntyneist\u00e4 keskosista. My\u00f6s esimerkiksi kaksosilla mansikkaluomia esiintyy keskiarvoa useammin.&nbsp;<\/p>\n\n\n\n<p>Osalla lapsista mansikkaluomi voi olla n\u00e4kyviss\u00e4 jo heti syntym\u00e4n j\u00e4lkeen. Yhdell\u00e4 lapsella voi ilmet\u00e4 useita eri kokoisia mansikkaluomia eri kohdissa kehoa. Isolla osalla lapsista mansikkaluomien m\u00e4\u00e4r\u00e4 j\u00e4\u00e4 yhteen. Luomien m\u00e4\u00e4r\u00e4st\u00e4 riippumatta ne voivat toisinaan h\u00e4vit\u00e4 nopeastikin lapsen kasvaessa.<\/p>\n\n\n\n<p>Mansikkaluomi on usein punainen, koholla ihosta ja pehme\u00e4. Se onkin saanut nimens\u00e4 mansikkaa muistuttavasta ulkomuodostaan. Sen koko voi vaihdella muutamasta millimetrist\u00e4 muutamaan senttimetriin, ja luomi voi kasvaa lapsen ensimm\u00e4isen elinvuoden ajan. My\u00f6s mansikkaluomen sijainti voi vaihdella. Suurin osa niist\u00e4 sijaitsee p\u00e4\u00e4n tai kaulan alueella, mutta muutkin sijainnit ovat mahdollisia.<\/p>\n\n\n\n<p>Mansikkaluomet ovat imev\u00e4isik\u00e4isten yleisin hyv\u00e4laatuinen verisuonikasvain. Niiden synnyinsyyt\u00e4 ei tunneta, mutta ne eiv\u00e4t vaikuta olevan perinn\u00f6llisi\u00e4. Mansikkaluomen syntyyn ei voi vaikuttaa.<\/p>\n\n\n\n<h2 class=\"wp-block-heading\">Mansikkaluomen kehitys<\/h2>\n\n\n\n<p>Mansikkaluomen kehitys jakautuu kolmeen vaiheeseen. Niist\u00e4 ensimm\u00e4inen on nopea kasvuvaihe lapsen ensimm\u00e4isen vuoden aikana. Silloin luomi voi kasvaa kokoa huomattavankin m\u00e4\u00e4r\u00e4n. Luomea voidaan seurata neuvolak\u00e4yntien yhteydess\u00e4. Kasvu loppuu yleens\u00e4 ensimm\u00e4isen vuoden j\u00e4lkeen.&nbsp;<\/p>\n\n\n\n<p>Mansikkaluomen seuraava vaihe on lepovaihe, jolloin luomessa ei ole havaittavissa merkitt\u00e4vi\u00e4 muutoksia. Lepovaiheen kesto on lapsikohtaista.&nbsp;<\/p>\n\n\n\n<p>Viimeinen mansikkaluomen vaihe on kuihtumisvaihe. Mansikkaluomi alkaa kutistua koossa, ja yleens\u00e4 h\u00e4vi\u00e4\u00e4 lopulta kokonaan. Noin puolella lapsista mansikkaluomi h\u00e4vi\u00e4\u00e4 jo ennen viiden vuoden ik\u00e4\u00e4. Suurimmalla osalla kuihtumisvaihe saapuu p\u00e4\u00e4t\u00f6kseens\u00e4 jo ennen kymmenen vuoden ik\u00e4\u00e4. Lopuilla luomi katoaa kokonaan yl\u00e4kouluik\u00e4\u00e4n menness\u00e4.<\/p>\n\n\n\n<h2 class=\"wp-block-heading\">Mansikkaluomen tyypit<\/h2>\n\n\n\n<p>Yleisin mansikkaluomen tyyppi on pinnallinen hemangiooma. Se on helposti tunnistettavissa mansikkaluomeksi, sill\u00e4 se ilmentyy ihon pinnalla punaisena ja koholla olevana ik\u00e4\u00e4n kuin mansikanmuotoisena luomena.&nbsp;<\/p>\n\n\n\n<p>Sen sijaan syvemm\u00e4ll\u00e4 ihossa sijaitseva syv\u00e4 hemangiooma voi n\u00e4ytt\u00e4yty\u00e4 jopa sinert\u00e4v\u00e4n\u00e4 tai ihonv\u00e4risen\u00e4. Se on kuitenkin my\u00f6s koholla ihosta, vaikka sen v\u00e4ri ei v\u00e4ltt\u00e4m\u00e4tt\u00e4 olekaan yht\u00e4 helposti tunnistettavissa mansikkaluomeksi.&nbsp;<\/p>\n\n\n\n<p>On my\u00f6s mahdollista, ett\u00e4 lapsella ilmenee piirteit\u00e4 sek\u00e4 syv\u00e4st\u00e4, ett\u00e4 pinnallisesta hemangioomasta. T\u00e4ll\u00f6in kyseess\u00e4 voi olla yhdistetty hemangiooma.&nbsp;<\/p>\n\n\n\n<p>Mansikkaluomen tunnistamiseen voi tarvittaessa pyyt\u00e4\u00e4 apua neuvolasta tai terveyskeskuksesta. Suurin osa kaikista mansikkatyypeist\u00e4 kuitenkin h\u00e4vi\u00e4\u00e4 itsest\u00e4\u00e4n i\u00e4n my\u00f6t\u00e4.&nbsp;<\/p>\n\n\n\n<h2 class=\"wp-block-heading\">Onko mansikkaluomi vaarallinen?<\/h2>\n\n\n\n<p>Mansikkaluomi ei yleens\u00e4 ole vaarallinen, ja yli 90 prosenttia tapauksista eiv\u00e4t vaadi l\u00e4\u00e4k\u00e4rinhoitoa. Yleens\u00e4 riitt\u00e4\u00e4, ett\u00e4 luomen kehityst\u00e4 seurataan tavallisten neuvola- ja terveystarkastusk\u00e4yntien yhteydess\u00e4.&nbsp;<\/p>\n\n\n\n<p>Mansikkaluomi voi kuitenkin aiheuttaa haittaa, mik\u00e4li sen sijainti on haasteellinen. Esimerkiksi suun l\u00e4hell\u00e4 oleva suuri mansikkaluomi voi vaikeuttaa sy\u00f6mist\u00e4. My\u00f6s silmien l\u00e4hell\u00e4 olevista mansikkaluomista voi olla haittaa, mik\u00e4li ne vaikuttavat potilaan n\u00e4k\u00f6kykyyn, tai sen kehitykseen. N\u00e4m\u00e4k\u00e4\u00e4n tapaukset eiv\u00e4t yleens\u00e4 aiheuta potilaalle vaaraa, mutta voivat vaikuttaa negatiivisesti el\u00e4m\u00e4nlaatuun.&nbsp;<\/p>\n\n\n\n<h2 class=\"wp-block-heading\">Voiko mansikkaluomen poistaa itse?<\/h2>\n\n\n\n<p>Mansikkaluomen ilmestymiseen, kasvuun tai kuihtumiseen ei voi vaikuttaa itse. Luomea ei voi poistaa kotikeinoin. Suurimmassa osassa tapauksista paras toimintatapa on odottaa, ett\u00e4 luomi kuihtuu luonnollisesti. Mik\u00e4li luomi \u00e4rtyy, tai aiheuttaa muuten merkitt\u00e4v\u00e4\u00e4 haittaa, voi se vaatia hoitoa. Sit\u00e4 ei kuitenkaan kannata tehd\u00e4 omin keinoin, vaan n\u00e4iss\u00e4 tilanteissa on aiheellista ottaa yhteys l\u00e4\u00e4k\u00e4riin.&nbsp;<\/p>\n\n\n\n<h2 class=\"wp-block-heading\">Milloin l\u00e4\u00e4k\u00e4riin?<\/h2>\n\n\n\n<p>Vaikka mansikkaluomi ei yleens\u00e4 ole vaarallinen, voi se vaatia l\u00e4\u00e4k\u00e4rinhoitoa muutamissa tilanteissa.&nbsp;<\/p>\n\n\n\n<p>Jos mansikkaluomi aiheuttaa lapselle merkitt\u00e4v\u00e4\u00e4 kosmeettista haittaa, ja alentaa h\u00e4nen el\u00e4m\u00e4ns\u00e4 laatua merkitt\u00e4v\u00e4sti, voidaan luomi poistaa leikkaamalla osittain tai kokonaan. Samoin mansikkaluomen j\u00e4lkeens\u00e4 j\u00e4tt\u00e4m\u00e4 ihopussi voidaan tarvittaessa poistaa leikkaamalla kuihtumisvaiheen j\u00e4lkeen. Luomen voi poistaa leikkauksella, mutta riskin\u00e4 on toimenpiteen j\u00e4lkeen j\u00e4tt\u00e4m\u00e4 arpi, joka on etenkin kosmeettisten leikkausten kohdalla hyv\u00e4 ottaa huomioon.&nbsp;<\/p>\n\n\n\n<p>Luomen poistaminen voi tulla kyseeseen my\u00f6s, jos se sijaintinsa vuoksi aiheuttaa merkitt\u00e4v\u00e4\u00e4 haittaa esimerkiksi lapsen kyvylle sy\u00f6d\u00e4, n\u00e4hd\u00e4, tai kuulla. Silm\u00e4\u00e4 painava luomi voi aiheuttaa esimerkiksi hajataittoa, joten tilanne on hyv\u00e4 arvioida l\u00e4\u00e4k\u00e4rin toimesta. Silm\u00e4n alueella sijaitsevaa luomea voidaan hoitaa my\u00f6s beetasalpaajilla, eri verenpainel\u00e4\u00e4kkeill\u00e4. Ne voivat pehment\u00e4\u00e4 luomea. Beetasalpaajia olisi hyv\u00e4 k\u00e4ytt\u00e4\u00e4 v\u00e4hint\u00e4\u00e4n puoli vuotta, mutta niiden k\u00e4ytt\u00f6\u00f6n on haettava ohjeet l\u00e4\u00e4k\u00e4rilt\u00e4, eik\u00e4 ryhty\u00e4 toimeen kotikonstein.<\/p>\n\n\n\n<p>Jos mansikkaluomi on esimerkiksi vaippa-alueella, tai muuten paikassa, jossa se hautuu kosteassa paikassa, tai hankaa k\u00e4velless\u00e4, voi se \u00e4rty\u00e4 helpommin ja jopa vuotaa verta. L\u00e4\u00e4k\u00e4ri voi tarvittaessa m\u00e4\u00e4r\u00e4t\u00e4 luomen hoitamiseen esimerkiksi antibioottikuurin, tai ohjeistaa sidostarpeiden k\u00e4yt\u00f6ss\u00e4 luomen suojaamiseksi.&nbsp;<\/p>\n\n\n\n<p>Mansikkaluomiin voidaan k\u00e4ytt\u00e4\u00e4 my\u00f6s laserhoitoa. Niiden toimivuudesta on kuitenkin riste\u00e4vi\u00e4 tutkimustuloksia. Hoito voi auttaa luomen poistamisessa, ja osan mansikkaluomista voi my\u00f6s poistaa laserin avulla. Toisaalta taas laserilla vaikuttamista mansikkaluomen kasvuun on tutkittu brittil\u00e4isess\u00e4 tutkimuksessa, jossa laserin k\u00e4yt\u00f6n ei havaittu tuottavan merkitt\u00e4vi\u00e4 etuja. P\u00e4invastoin hoito aiheutti testihenkil\u00f6ille pieni\u00e4 lis\u00e4haittoja, kuten ihon \u00e4rsytyst\u00e4.&nbsp;<\/p>\n\n\n\n<p>Mik\u00e4li luomi on erityisen suuri, vaikeassa paikassa, tai aiheuttaa lapselle muuta haittaa, kuten kipua, on se syyt\u00e4 n\u00e4ytt\u00e4\u00e4 l\u00e4\u00e4k\u00e4rille, joka voi auttaa soveltuvan hoidon valinnassa. Tarvittaessa lapsi voidaan my\u00f6s ohjata erikoissairaanhoidon jatkotutkimuksiin. Suurimmalla osalla tapauksista luomia ei kuitenkaan tarvitse poistaa, vaan paras hoitokeino on odottaa luomen katoamista luonnollisesti.&nbsp;<\/p>\n","protected":false},"excerpt":{"rendered":"<p>Mik\u00e4 on mansikkaluomi Onko lapsesi ihoon ilmestynyt kirkkaanpunainen muhkura, tai pieni punainen luomi? Kyseess\u00e4&#8230;<\/p>\n","protected":false},"author":5,"featured_media":5439,"parent":5182,"menu_order":0,"comment_status":"closed","ping_status":"closed","template":"","meta":{"_acf_changed":false,"footnotes":""},"class_list":["post-5436","page","type-page","status-publish","has-post-thumbnail","hentry"],"acf":[],"yoast_head":"<!-- This site is optimized with the Yoast SEO plugin v27.0 - https:\/\/yoast.com\/product\/yoast-seo-wordpress\/ -->\n<title>Mik\u00e4 on mansikkaluomi, ja onko se vaarallinen? - Cosmena<\/title>\n<meta name=\"description\" content=\"Mansikkaluomen piirteet, vaarat ja hoito. Onko lapsellasi mansikkaluomi? Katso ohjeet t\u00e4st\u00e4.\" \/>\n<meta name=\"robots\" content=\"index, follow, max-snippet:-1, max-image-preview:large, max-video-preview:-1\" \/>\n<link rel=\"canonical\" href=\"https:\/\/cosmena.com\/fi\/terveys-laakkeet\/mika-on-mansikkaluomi\/\" \/>\n<meta property=\"og:locale\" content=\"fi_FI\" \/>\n<meta property=\"og:type\" content=\"article\" \/>\n<meta property=\"og:title\" content=\"Mik\u00e4 on mansikkaluomi, ja onko se vaarallinen? - Cosmena\" \/>\n<meta property=\"og:description\" content=\"Mansikkaluomen piirteet, vaarat ja hoito. Onko lapsellasi mansikkaluomi? Katso ohjeet t\u00e4st\u00e4.\" \/>\n<meta property=\"og:url\" content=\"https:\/\/cosmena.com\/fi\/terveys-laakkeet\/mika-on-mansikkaluomi\/\" \/>\n<meta property=\"og:site_name\" content=\"Cosmena\" \/>\n<meta property=\"article:modified_time\" content=\"2025-05-19T07:44:43+00:00\" \/>\n<meta property=\"og:image\" content=\"https:\/\/cosmena.com\/wp-content\/uploads\/2025\/05\/Mika-on-mansikkaluomi.png\" \/>\n\t<meta property=\"og:image:width\" content=\"1024\" \/>\n\t<meta property=\"og:image:height\" content=\"1024\" \/>\n\t<meta property=\"og:image:type\" content=\"image\/png\" \/>\n<meta name=\"twitter:card\" content=\"summary_large_image\" \/>\n<meta name=\"twitter:label1\" content=\"Arvioitu lukuaika\" \/>\n\t<meta name=\"twitter:data1\" content=\"5 minuuttia\" \/>\n<!-- \/ Yoast SEO plugin. -->","yoast_head_json":{"title":"Mik\u00e4 on mansikkaluomi, ja onko se vaarallinen? - Cosmena","description":"Mansikkaluomen piirteet, vaarat ja hoito. Onko lapsellasi mansikkaluomi? Katso ohjeet t\u00e4st\u00e4.","robots":{"index":"index","follow":"follow","max-snippet":"max-snippet:-1","max-image-preview":"max-image-preview:large","max-video-preview":"max-video-preview:-1"},"canonical":"https:\/\/cosmena.com\/fi\/terveys-laakkeet\/mika-on-mansikkaluomi\/","og_locale":"fi_FI","og_type":"article","og_title":"Mik\u00e4 on mansikkaluomi, ja onko se vaarallinen? - Cosmena","og_description":"Mansikkaluomen piirteet, vaarat ja hoito. Onko lapsellasi mansikkaluomi? Katso ohjeet t\u00e4st\u00e4.","og_url":"https:\/\/cosmena.com\/fi\/terveys-laakkeet\/mika-on-mansikkaluomi\/","og_site_name":"Cosmena","article_modified_time":"2025-05-19T07:44:43+00:00","og_image":[{"width":1024,"height":1024,"url":"https:\/\/cosmena.com\/wp-content\/uploads\/2025\/05\/Mika-on-mansikkaluomi.png","type":"image\/png"}],"twitter_card":"summary_large_image","twitter_misc":{"Arvioitu lukuaika":"5 minuuttia"},"schema":{"@context":"https:\/\/schema.org","@graph":[{"@type":"WebPage","@id":"https:\/\/cosmena.com\/fi\/terveys-laakkeet\/mika-on-mansikkaluomi\/","url":"https:\/\/cosmena.com\/fi\/terveys-laakkeet\/mika-on-mansikkaluomi\/","name":"Mik\u00e4 on mansikkaluomi, ja onko se vaarallinen? - Cosmena","isPartOf":{"@id":"https:\/\/cosmena.com\/fi\/#website"},"primaryImageOfPage":{"@id":"https:\/\/cosmena.com\/fi\/terveys-laakkeet\/mika-on-mansikkaluomi\/#primaryimage"},"image":{"@id":"https:\/\/cosmena.com\/fi\/terveys-laakkeet\/mika-on-mansikkaluomi\/#primaryimage"},"thumbnailUrl":"https:\/\/cosmena.com\/wp-content\/uploads\/2025\/05\/Mika-on-mansikkaluomi.png","datePublished":"2025-05-19T07:44:37+00:00","dateModified":"2025-05-19T07:44:43+00:00","description":"Mansikkaluomen piirteet, vaarat ja hoito. Onko lapsellasi mansikkaluomi? Katso ohjeet t\u00e4st\u00e4.","breadcrumb":{"@id":"https:\/\/cosmena.com\/fi\/terveys-laakkeet\/mika-on-mansikkaluomi\/#breadcrumb"},"inLanguage":"fi","potentialAction":[{"@type":"ReadAction","target":["https:\/\/cosmena.com\/fi\/terveys-laakkeet\/mika-on-mansikkaluomi\/"]}]},{"@type":"ImageObject","inLanguage":"fi","@id":"https:\/\/cosmena.com\/fi\/terveys-laakkeet\/mika-on-mansikkaluomi\/#primaryimage","url":"https:\/\/cosmena.com\/wp-content\/uploads\/2025\/05\/Mika-on-mansikkaluomi.png","contentUrl":"https:\/\/cosmena.com\/wp-content\/uploads\/2025\/05\/Mika-on-mansikkaluomi.png","width":1024,"height":1024,"caption":"Mik\u00e4 on mansikkaluomi"},{"@type":"BreadcrumbList","@id":"https:\/\/cosmena.com\/fi\/terveys-laakkeet\/mika-on-mansikkaluomi\/#breadcrumb","itemListElement":[{"@type":"ListItem","position":1,"name":"Home","item":"https:\/\/cosmena.com\/fi\/"},{"@type":"ListItem","position":2,"name":"Terveys &amp; L\u00e4\u00e4kkeet","item":"https:\/\/cosmena.com\/fi\/terveys-laakkeet\/"},{"@type":"ListItem","position":3,"name":"Mik\u00e4 on mansikkaluomi"}]},{"@type":"WebSite","@id":"https:\/\/cosmena.com\/fi\/#website","url":"https:\/\/cosmena.com\/fi\/","name":"Cosmena","description":"Your extensive guide to cosmetic treatments","publisher":{"@id":"https:\/\/cosmena.com\/fi\/#organization"},"potentialAction":[{"@type":"SearchAction","target":{"@type":"EntryPoint","urlTemplate":"https:\/\/cosmena.com\/fi\/?s={search_term_string}"},"query-input":{"@type":"PropertyValueSpecification","valueRequired":true,"valueName":"search_term_string"}}],"inLanguage":"fi"},{"@type":"Organization","@id":"https:\/\/cosmena.com\/fi\/#organization","name":"Cosmena","url":"https:\/\/cosmena.com\/fi\/","logo":{"@type":"ImageObject","inLanguage":"fi","@id":"https:\/\/cosmena.com\/fi\/#\/schema\/logo\/image\/","url":"https:\/\/cosmena.com\/wp-content\/uploads\/2021\/06\/cosmena-logo-bw-1.1.png","contentUrl":"https:\/\/cosmena.com\/wp-content\/uploads\/2021\/06\/cosmena-logo-bw-1.1.png","width":600,"height":82,"caption":"Cosmena"},"image":{"@id":"https:\/\/cosmena.com\/fi\/#\/schema\/logo\/image\/"}}]}},"_links":{"self":[{"href":"https:\/\/cosmena.com\/fi\/wp-json\/wp\/v2\/pages\/5436","targetHints":{"allow":["GET"]}}],"collection":[{"href":"https:\/\/cosmena.com\/fi\/wp-json\/wp\/v2\/pages"}],"about":[{"href":"https:\/\/cosmena.com\/fi\/wp-json\/wp\/v2\/types\/page"}],"author":[{"embeddable":true,"href":"https:\/\/cosmena.com\/fi\/wp-json\/wp\/v2\/users\/5"}],"replies":[{"embeddable":true,"href":"https:\/\/cosmena.com\/fi\/wp-json\/wp\/v2\/comments?post=5436"}],"version-history":[{"count":4,"href":"https:\/\/cosmena.com\/fi\/wp-json\/wp\/v2\/pages\/5436\/revisions"}],"predecessor-version":[{"id":5444,"href":"https:\/\/cosmena.com\/fi\/wp-json\/wp\/v2\/pages\/5436\/revisions\/5444"}],"up":[{"embeddable":true,"href":"https:\/\/cosmena.com\/fi\/wp-json\/wp\/v2\/pages\/5182"}],"wp:featuredmedia":[{"embeddable":true,"href":"https:\/\/cosmena.com\/fi\/wp-json\/wp\/v2\/media\/5439"}],"wp:attachment":[{"href":"https:\/\/cosmena.com\/fi\/wp-json\/wp\/v2\/media?parent=5436"}],"curies":[{"name":"wp","href":"https:\/\/api.w.org\/{rel}","templated":true}]}}