{"id":3542,"date":"2022-02-09T04:16:16","date_gmt":"2022-02-09T03:16:16","guid":{"rendered":"http:\/\/cosmena.com\/?page_id=3542"},"modified":"2022-02-18T07:58:34","modified_gmt":"2022-02-18T06:58:34","slug":"prp-behandling-av-har","status":"publish","type":"page","link":"https:\/\/cosmena.com\/sv\/haravfall\/behandling\/prp-behandling-av-har\/","title":{"rendered":"PRP Behandling av H\u00e5r"},"content":{"rendered":"\n<div class=\"wp-block-media-text alignfull is-stacked-on-mobile is-image-fill has-background\" style=\"background-color:#e8e8e8\"><figure class=\"wp-block-media-text__media\" style=\"background-image:url(http:\/\/cosmena.com\/wp-content\/uploads\/2021\/11\/Platelet-rich-plasma-prp-hero-1200-675px-1024x576.png);background-position:34% 41%\"><img loading=\"lazy\" decoding=\"async\" width=\"1024\" height=\"576\" src=\"http:\/\/cosmena.com\/wp-content\/uploads\/2021\/11\/Platelet-rich-plasma-prp-hero-1200-675px-1024x576.png\" alt=\"prp-behandling-av-har-hero-1200-675px\" class=\"wp-image-2401 size-full\" srcset=\"https:\/\/cosmena.com\/wp-content\/uploads\/2021\/11\/Platelet-rich-plasma-prp-hero-1200-675px-1024x576.png 1024w, https:\/\/cosmena.com\/wp-content\/uploads\/2021\/11\/Platelet-rich-plasma-prp-hero-1200-675px-300x169.png 300w, https:\/\/cosmena.com\/wp-content\/uploads\/2021\/11\/Platelet-rich-plasma-prp-hero-1200-675px-768x432.png 768w, https:\/\/cosmena.com\/wp-content\/uploads\/2021\/11\/Platelet-rich-plasma-prp-hero-1200-675px.png 1200w\" sizes=\"auto, (max-width: 1024px) 100vw, 1024px\" \/><\/figure><div class=\"wp-block-media-text__content\">\n<div style=\"height:100px\" aria-hidden=\"true\" class=\"wp-block-spacer\"><\/div>\n\n\n\n<h1 class=\"wp-block-heading\"><strong>PRP Behandling av h\u00e5r<\/strong><\/h1>\n\n\n\n<p class=\"has-medium-font-size\"><a href=\"https:\/\/cosmena.com\/sv\/haravfall\/\">H\u00e5ravfall<\/a> \u00e4r ett vanligt medicinskt tillst\u00e5nd med betydande kosmetisk och psykosocial p\u00e5verkan. Ett antal kirurgiska och icke-kirurgiska behandlingsalternativ har utvecklats genom \u00e5ren. <\/p>\n\n\n\n<p>Platelet-rich plasma (som p\u00e5 svenska kallas f\u00f6r Trombocytrik plasma), utvinns fr\u00e5n patientens eget blod, \u00e4r en metod som blivit popul\u00e4r f\u00f6r att behandla h\u00e5ravfall hos b\u00e5de m\u00e4n och kvinnor. <\/p>\n\n\n\n<p>Ofta anv\u00e4nds PRP som ett komplement till <a href=\"https:\/\/cosmena.com\/sv\/hartransplantation\/\">H\u00e5rtransplantation<\/a> d\u00e4r h\u00e5rs\u00e4ckar flyttas fr\u00e5n baksidan av huvudet, oftast n\u00e4rmare nacken, till platsen f\u00f6r h\u00e5ravfallet. I huvudsak anv\u00e4nds tre olika kirurgiska metoder idag: Follicular Unit Transplantation (FUT), Follicular Unit Extraction (FUE) och Direct Hair Implantation (DHI). <\/p>\n\n\n\n<p>PRP anv\u00e4nds oftast som ett komplement f\u00f6r att p\u00e5skynda l\u00e4kningsprocessen efter en h\u00e5rtransplantation. Det \u00e4r \u00e4ven vanligt att endast behandla med Platelet-rich Plasma-metoden f\u00f6r att fr\u00e4mja h\u00e5rv\u00e4xten i mildare varianter av h\u00e5ravfall.<\/p>\n\n\n\n<div style=\"height:100px\" aria-hidden=\"true\" class=\"wp-block-spacer\"><\/div>\n<\/div><\/div>\n\n\n\n<div style=\"height:50px\" aria-hidden=\"true\" class=\"wp-block-spacer\"><\/div>\n\n\n\n<h2 class=\"wp-block-heading\">Vad \u00e4r PRP?<\/h2>\n\n\n\n<p class=\"has-medium-font-size\">Trombocyter, eller blodpl\u00e4ttar, \u00e4r mest k\u00e4nda i samband med blodproppar. Men deras alfa granulat inneh\u00e5ller ett flertal tillv\u00e4xtfaktorer och andra kemikalier (kemokiner) som har potential att fr\u00e4mja v\u00e4vnadsl\u00e4kning.<\/p>\n\n\n\n<p>PRP, som st\u00e5r f\u00f6r Platelet-rich plasma (Trombocytrik plasma p\u00e5 svenska), \u00e4r en autolog produkt framst\u00e4lld genom centrifugering av en persons eget blod. Normalt finns det mellan 150 000 till 400 000 trombocyter per mikroliter blod. Efter centrifugering blir trombocyterna h\u00f6gkoncentrerade i v\u00e4tskan som framst\u00e4lls och n\u00e5r upp till 1 000 000 per mikroliter, ibland mer. <\/p>\n\n\n\n<p>Det finns \u00f6ver 20 tillv\u00e4xtfaktorer i PRP. Dessa p\u00e5verkar h\u00e5rets \u00e5terv\u00e4xt genom att fr\u00e4mja spridning av h\u00e5rs\u00e4ckar, f\u00f6rb\u00e4ttra deras blodtillf\u00f6rsel och f\u00f6rhindra att h\u00e5rs\u00e4ckar d\u00f6r.<\/p>\n\n\n\n<p>Det var f\u00f6rst p\u00e5 1990-talet som man b\u00f6rjade anv\u00e4nda PRP f\u00f6r att p\u00e5skynda l\u00e4kning av v\u00e4vnader vid muskuloskeletala skador och sportskador. Metoden b\u00f6rjade d\u00e4refter att anv\u00e4ndas inom ett brett spektrum av medicinska och kirurgiska omr\u00e5den, inklusive dermatologi och plastikkirurgi. Sedan 2006 \u00e4r det ansett vara ett effektivt behandlingsalternativ f\u00f6r h\u00e5rv\u00e4xt hos patienter med alopeci (b\u00e5de androgenetisk alopeci och alopecia areata). <\/p>\n\n\n\n<p>PRP-injektioner administreras av hudl\u00e4kare och plastikkirurger, m\u00e5nga g\u00e5nger som en del av FUT- och FUE-behandlingar. Eftersom det \u00e4r personens eget blod som anv\u00e4nds finns det minimal risk f\u00f6r smittspridning och allergiska reaktioner.<\/p>\n\n\n\n<h2 class=\"wp-block-heading\">Behandlingsprocessen f\u00f6r PRP<\/h2>\n\n\n\n<p class=\"has-medium-font-size\">Det \u00e4r relativt enkelt att anv\u00e4nda PRP f\u00f6r h\u00e5r\u00e5terv\u00e4xt. PRP-behandlingen \u00e4r minimalt invasiv n\u00e4r den genomf\u00f6rs. <\/p>\n\n\n\n<p>Vid anv\u00e4ndning i samband med en h\u00e5rtransplantation m\u00e5ste man dock f\u00f6rst f\u00f6rbereda donator- och mottagaromr\u00e5det och extrahera och implantera h\u00e5rs\u00e4ckarna innan PRP-injektionen kan genomf\u00f6ras.<\/p>\n\n\n\n<ul class=\"wp-block-list\"><li><strong>F\u00f6rberedande konsultation och planering:<\/strong> Det f\u00f6rsta m\u00f6tet med din kirurg inkluderar ett samtal ang\u00e5ende vilken typ av behandling som passar dig b\u00e4st. Ni kommer \u00e4ven att resonera om antalet sessioner som kommer att kr\u00e4vas samt vilken tidsram som g\u00e4ller. Slutligen kommer du att informeras om potentiella komplikationer och vilken efterv\u00e5rd som kommer att beh\u00f6vas f\u00f6r ett lyckat resultat.<\/li><li><strong>PR<\/strong><strong>P-injektioner: <\/strong>PRP injiceras i h\u00e5rbotten precis under huden. Normalt kr\u00e4vs 3 sessioner med 4-6 veckors mellanrum. F\u00f6r att undvika \u00e5terkommande alopeci kr\u00e4vs underh\u00e5llsinjektioner var sj\u00e4tte m\u00e5nad.<\/li><li><strong>F\u00f6rberedelse av donatoromr\u00e5det och extraktion:<\/strong> Vid en h\u00e5rtransplantation trimmas eller rakas f\u00f6rst donatoromr\u00e5det. Efter att ha bed\u00f6vat omr\u00e5det med lokalbed\u00f6vning sk\u00e4rs antingen en redan markerad remsa av h\u00e5rs\u00e4ckar ut (FUT) eller s\u00e5 extraheras enskilda h\u00e5rs\u00e4ckar (FUE) som sedan f\u00f6rvaras tills det \u00e4r dags f\u00f6r implantationen.<\/li><li><strong>F\u00f6rberedelse av mottagaromr\u00e5de och implantation: <\/strong>Mottagaromr\u00e5det f\u00f6rbereds under ett f\u00f6rstoringsglas f\u00f6r att implantera h\u00e5rs\u00e4ckarna med hj\u00e4lp av n\u00e5lar och plattkantade kirurgiska skalpeller. Transplantatet placeras sedan f\u00f6rsiktigt p\u00e5 plats och ett mjukg\u00f6rande och antibiotiskt bandage appliceras \u00f6ver donator- och mottagaromr\u00e5dena.<\/li><li><strong>Antalet sessioner och behandlingstid: <\/strong>Antalet h\u00e5rs\u00e4ckar som implanteras under en session beror p\u00e5 transplantatens t\u00e4thet samt kirurgen och patientens preferenser. Det genomsnittliga antalet \u00e4r cirka 3000 h\u00e5rs\u00e4ckar per session. En vanlig patient skulle kr\u00e4va 3-4 sessioner varav en session vanligtvis tar 4-6 timmar.<\/li><\/ul>\n\n\n\n<h2 class=\"wp-block-heading\">Vad kostar en PRP-behandling?<\/h2>\n\n\n\n<p>En behandling med PRP-injektioner kostar mellan 4800 och 5400 kronor i <a href=\"https:\/\/cosmena.com\/sv\/hartransplantation\/sverige\/\">Sverige<\/a>, men det beh\u00f6vs oftast flera f\u00f6r att uppn\u00e5 ett gott resultat. <\/p>\n\n\n\n<p>Typiskt sett kostar de tre f\u00f6rsta sessionerna n\u00e5gonstans mellan 12 000 och 15 000 kronor. Behandlingen t\u00e4cks inte av allm\u00e4nv\u00e5rden eller av vanliga sjukf\u00f6rs\u00e4kringar. <\/p>\n\n\n\n<p>F\u00f6r att j\u00e4mf\u00f6ra s\u00e5 kostar tre sessioner i USA mellan 13 000 och 26 000 kronor. I <a href=\"https:\/\/cosmena.com\/sv\/hartransplantation\/turkiet\/\">Turkiet<\/a> kostar en PRP-behandling i genomsnitt 2500 kronor, \u00e4ven om priset kan variera i olika omr\u00e5den. Om du best\u00e4mmer dig f\u00f6r att resa utomlands f\u00f6r att genomg\u00e5 en behandling kan indirekta kostnader tillkomma. Den totala kostnaden f\u00f6r ett behandlingspaket som best\u00e5r av en h\u00e5rtransplantation, PRP-injektion, flyg och hotellvistelse varierar mellan 20 000 och 30 000 kronor i Turkiet.<\/p>\n\n\n\n<h2 class=\"wp-block-heading\">Vilka h\u00e5ravfallstyper fungerar PRP-behandling f\u00f6r?<\/h2>\n\n\n\n<p class=\"has-medium-font-size\">Det finns olika typer av h\u00e5ravfall. Den vanligaste \u00e4r androgenetisk alopeci, (som kan drabba b\u00e5de m\u00e4n och kvinnor) vilket \u00e4r relaterat till det normala \u00e5ldrandet och drabbar upp till 50% av alla m\u00e4n och minst h\u00e4lften s\u00e5 m\u00e5nga kvinnor. Hos m\u00e4n b\u00f6rjar h\u00e5ret oftast f\u00f6rsvinna ovanf\u00f6r tinningarna och vid h\u00e5rf\u00e4stet.<\/p>\n\n\n\n<p><em>Alopecia areata <\/em>\u00e4r ett annat relativt vanligt typ av h\u00e5ravfall som resulterar i diskreta skalliga fl\u00e4ckar i h\u00e5rbotten, sk\u00e4gget eller \u00f6gonbrynen. <em>Telogen effluvium<\/em> \u00e4r ett allvarligt tillst\u00e5nd av h\u00e5ravfall d\u00e4r 20-50% av h\u00e5ret tappas under en kort tidsperiod. Vid <em>Loose anagen syndrome<\/em> upplever kvinnliga patienter h\u00e5rf\u00f6rtunning p\u00e5 grund av diffust h\u00e5ravfall och h\u00e5ret blir kort och matt.<\/p>\n\n\n\n<p>Den vanligaste anledningen till att n\u00e5gon v\u00e4ljer att g\u00f6ra en PRP- eller h\u00e5rtransplantationbehandling \u00e4r androgenetisk alopeci och behandlingarna \u00e4r oftast framg\u00e5ngsrika. Behandlingarna har ocks\u00e5 varit framg\u00e5ngsrika vid behandling av h\u00e5rl\u00f6sa fl\u00e4ckar. Det finns inte lika m\u00e5nga lyckade fall att h\u00e4nvisa till n\u00e4r det g\u00e4ller behandling av mer ovanliga anledningar till h\u00e5ravfall, just p\u00e5 grund av att de inte behandlas lika ofta. N\u00e4r det g\u00e4ller transplantationer p\u00e5 andra st\u00e4llen \u00e4n huvudet har <a href=\"https:\/\/cosmena.com\/sv\/haravfall\/behandling\/fue-hartransplantation\/\">FUE<\/a> och Platelet-rich Plasma framg\u00e5ngsrikt anv\u00e4nts f\u00f6r att t\u00e4cka kala fl\u00e4ckar i sk\u00e4gget. \u00c4ven hos patienter med alopecia areata som p\u00e5verkar \u00f6gonbrynen har PRP visat lovande resultat.<\/p>\n\n\n\n<h2 class=\"wp-block-heading\"><strong>Kliniker i Sverige vs. Turkiet<\/strong><strong><\/strong><\/h2>\n\n\n\n<p>Det finns ett stort antal kvalificerade kliniker i Sverige f\u00f6r den patient som vill genomg\u00e5 en PRP-behandling, men inte vill resa f\u00f6r \u00e4ndam\u00e5let. <\/p>\n\n\n\n<p>F\u00f6r dem som vill s\u00e4nka kostnaderna f\u00f6r sin behandling \u00e4r Turkiet ett bra alternativ. Turkiet \u00e4r en av de fr\u00e4msta destinationerna f\u00f6r medicinsk turism, inte bara i Europa utan \u00f6ver hela v\u00e4rlden. \u00c5r 2018, innan Covidpandemin, fick landet bes\u00f6k av mer \u00e4n 700 000 medicinska turister. Huvudorsaken till detta \u00e4r Turkiets prisv\u00e4rda sjukv\u00e5rdssystem som samtidigt levererar en h\u00f6g v\u00e5rdkvalit\u00e9. <\/p>\n\n\n\n<p>Landet har exempelvis det h\u00f6gsta antalet amerikanskt ackrediterade sjukhus i v\u00e4rlden. J\u00e4mf\u00f6rt med svenska inv\u00e5nare \u00e4r levnadskostnaderna l\u00e4gre och v\u00e4xelkursen har l\u00e4nge varit gynnsam. Patienter som reser till Turkiet f\u00f6r en h\u00e5rtransplantation eller en PRP-behandling kan r\u00e4kna med att spara 60-70% p\u00e5 direkta medicinska kostnader j\u00e4mf\u00f6rt med i Sverige.<\/p>\n\n\n\n<p>Att hitta en l\u00e4mplig behandlingsklinik utomlands \u00e4r inte sv\u00e5rt, men du kommer troligen att beh\u00f6va anlita hj\u00e4lp fr\u00e5n ett f\u00f6retag som vi p\u00e5 Cosmena som har specialiserat sig p\u00e5 medicinsk turism. Det g\u00e4ller \u00e4ven att anpassa sig vid att bo p\u00e5 hotell, oavsett om patienten reser f\u00f6r PRP eller som h\u00e4lsoturist. <\/p>\n\n\n\n<p>Att vistas borta fr\u00e5n ditt hem och din hemstad, borta fr\u00e5n dina n\u00e4ra och k\u00e4ra, under den k\u00e4nslosamma tiden man genomg\u00e5r en PRP-behandling \u00e4r kanske inte n\u00e5got som passar alla. \u00c4ven om v\u00e5rdkvaliteten i Turkiet \u00e4r ber\u00f6mlig kan vissa patienter k\u00e4nna oro f\u00f6r att behandlas av en utl\u00e4ndsk l\u00e4kare som de aldrig tr\u00e4ffat f\u00f6rut. Trots detta s\u00f6ker sig m\u00e5nga utl\u00e4nningar regelbundet till Turkiet f\u00f6r medicinsk behandling och \u00e5terv\u00e4nder hem n\u00f6jda.<\/p>\n\n\n\n<h2 class=\"wp-block-heading\"><strong>PRP <\/strong><strong>j\u00e4mf\u00f6rt med h\u00e5rtransplantationer<\/strong><strong><\/strong><\/h2>\n\n\n\n<p class=\"has-medium-font-size\">F\u00f6rutom PRP finns det just nu \u00e4ven andra alternativ tillg\u00e4ngliga f\u00f6r behandling av h\u00e5ravfall. Dessa inkluderar mediciner som Minoxidil och Finasteride, samt kirurgisk h\u00e5rtransplantation genom en av de f\u00f6ljande tre behandlingsmetoderna: FUT, FUE och DHI. <\/p>\n\n\n\n<p>Medicinsk behandling resulterar i en n\u00e5gorlunda h\u00e5r\u00e5terv\u00e4xt, men effekten avtar ofta n\u00e4r behandlingen avbryts. Dessutom kan l\u00e4kemedel leda till o\u00f6nskade biverkningar.<\/p>\n\n\n\n<p>Vid <a href=\"https:\/\/cosmena.com\/sv\/haravfall\/behandling\/fut-hartransplantation\/\">FUT<\/a> extraheras en v\u00e4vnadsremsa fr\u00e5n h\u00e5rbotten fr\u00e5n vilken individuella h\u00e5rs\u00e4ckar plockas ut mikroskopiskt. FUT l\u00e4mpar sig b\u00e4ttre f\u00f6r patienter med mindre h\u00e5r vid donatoromr\u00e5dena och f\u00f6r dem som vill ha en fylligare h\u00e5rv\u00e4xt som ser naturligt ut. Nackdelen med behandlingen \u00e4r att patienter ofta upplever den som mer sm\u00e4rtsam j\u00e4mf\u00f6rt med FUE. I och med att en hudremsa tas bort l\u00e4mnar ingreppet ocks\u00e5 ett litet, men ibland m\u00e4rkbart linj\u00e4rt \u00e4rr vid donatoromr\u00e5det.<\/p>\n\n\n\n<p>FUE \u00e4r en n\u00e5got nyare teknik och \u00e4r den som numera \u00e4r vanligast. Eftersom h\u00e5rs\u00e4ckar plockas ut individuellt blir det en minimal eller till och med ingen \u00e4rrbildning alls vid donatoromr\u00e5det och \u00e5terh\u00e4mtningstiden \u00e4r kortare. De flesta patienter upplever FUE som mindre sm\u00e4rtsam \u00e4n FUT. En annan f\u00f6rdel med FUE j\u00e4mf\u00f6rt med FUT \u00e4r att metoden kan anv\u00e4ndas f\u00f6r att extrahera h\u00e5r fr\u00e5n andra omr\u00e5den \u00e4n h\u00e5rbotten, till exempel br\u00f6stet och benen. Detta om det prim\u00e4ra donatoromr\u00e5det \u00e4r otillr\u00e4ckligt. Manuella FUE-behandlingar tar vanligtvis l\u00e4ngre tid \u00e4n FUT eftersom processen \u00e4r l\u00e5ngsammare. Men utvecklingen har g\u00e5tt fram\u00e5t och numera kan man ta hj\u00e4lp av robotmetoder, vilket g\u00f6r att behandlingstiden inte skiljer s\u00e4rskilt mycket mellan de tv\u00e5.<\/p>\n\n\n\n<p>PRP-injektioner kan anv\u00e4ndas som en egen behandlingsmetod f\u00f6r androgen skallighet, men \u00e4ven som en kompletterande del av en h\u00e5rtransplantation (FUT eller FUE) f\u00f6r att p\u00e5skynda \u00e5terh\u00e4mtningsprocessen. N\u00e4r PRP anv\u00e4nds som enskild behandlingsmetod \u00e4r den framg\u00e5ngsrik cirka 60% av g\u00e5ngerna.<\/p>\n\n\n\n<h2 class=\"wp-block-heading\">Risker och \u00f6verv\u00e4ganden<\/h2>\n\n\n\n<p class=\"has-medium-font-size\">Nedan kommer vi att besvara vanliga fr\u00e5gor ang\u00e5ende PRP-behandlingar. Vem som \u00e4r en bra kandidat f\u00f6r PRP och vilka vanliga biverkningar som kan uppst\u00e5 efter en PRP-behandling.<\/p>\n\n\n\n<p>Saker att t\u00e4nka p\u00e5 innan du genomg\u00e5r en PRP- eller h\u00e5rtransplantationsbehandling:<\/p>\n\n\n\n<ul class=\"wp-block-list\"><li><strong>Typ av h\u00e5ravfall:<\/strong> PRP ger en b\u00e4ttre effekt hos personer med l\u00e4tt till m\u00e5ttligt h\u00e5ravfall. Om h\u00e5ravfallet nyligen har b\u00f6rjat och det finns omr\u00e5den i h\u00e5rbotten d\u00e4r h\u00e5rs\u00e4ckarna \u00e4r av bra kvalitet och fortfarande kan bevaras kan PRP ge en mycket god effekt.<\/li><li><strong>Andra medicinska tillst\u00e5nd och mediciner:<\/strong> Din l\u00e4kare kommer att beh\u00f6va veta om du har diabetes och hur bra din glykemiska kontroll \u00e4r. Om du tar blodf\u00f6rtunnande l\u00e4kemedel kan du beh\u00f6va ta en paus n\u00e5gra dagar f\u00f6re och under behandlingen.<\/li><li><strong>Donator- och mottagaromr\u00e5dets kondition:<\/strong> F\u00f6r att en h\u00e5rtransplantation ska kunna genomf\u00f6ras m\u00e5ste b\u00e5de donator- och mottagaromr\u00e5dena vara friska. Om man har n\u00e5gra aktiva hudinfektioner vid omr\u00e5dena s\u00e5 m\u00e5ste dessa behandlas innan behandlingen kan genomf\u00f6ras.<\/li><\/ul>\n\n\n\n<p><strong>Risker och biverkningar:<\/strong><\/p>\n\n\n\n<p>PRP, FUT och FUE \u00e4r alla s\u00e4kra behandlingar med l\u00e5g risk f\u00f6r l\u00e5ngsiktiga komplikationer. Vanliga biverkningar vid en PRP-behandling inkluderar:<\/p>\n\n\n\n<ul class=\"wp-block-list\"><li><strong>Sm\u00e4rta och svullnad:<\/strong> Dessa \u00e4r tecken p\u00e5 inflammation och uppkommer vanligen redan under de f\u00f6rsta dagarna efter behandlingen. Anv\u00e4ndning av lokalbed\u00f6vning vid ingreppet och sm\u00e4rtstillande behandling efter\u00e5t kan lindra sm\u00e4rtan. Vissa l\u00e4kare kan lokalt injicera steroider innan behandling f\u00f6r att minska inflammationsrisken.<\/li><li>&nbsp;<strong>Infe<\/strong><strong>ktioner<\/strong>: Allvarliga infektioner \u00e4r s\u00e4llsynta tack vare moderna kirurgiska hygienstandarder. Lokal antibiotika anv\u00e4nds vanligtvis f\u00f6r att ytterligare minska risken.<\/li><\/ul>\n\n\n\n<h2 class=\"wp-block-heading\"><strong>\u00c5terh\u00e4mtning och resultat<\/strong><strong><\/strong><\/h2>\n\n\n\n<ul class=\"wp-block-list\"><li><strong>1-2 <\/strong><strong>veckor:<\/strong> Du kan k\u00e4nna l\u00e4tt sm\u00e4rta och det behandlade omr\u00e5det kan k\u00e4nnas lite svullet. B\u00e5da \u00e4r vanliga reaktioner och lindras enkelt med sm\u00e4rtstillande l\u00e4kemedel. Om bandage har anv\u00e4nts ska dessa tas bort en dag efter behandlingen och stygn ska tas bort 7-10 dagar efter behandlingen. Efter en h\u00e5rtransplantation b\u00f6r du kunna \u00e5teruppta dina vardagliga aktiviteter inom ett par dagar. Vid en PRP-behandling \u00e4r \u00e5terh\u00e4mtningstiden \u00e4nnu kortare.<\/li><li><strong>1-2 <\/strong><strong>m\u00e5nader:<\/strong> \u00c4rret har gradvist l\u00e4kt och kortare uppf\u00f6ljningsbehandlingar (&#8221;touch-ups&#8221;) kan g\u00f6ras f\u00f6r att f\u00e5 till ett naturligare utseende. De implanterade h\u00e5rstr\u00e5na faller ut cirka 6 veckor efter operationen. Du beh\u00f6ver inte gripas av panik d\u00e5 detta \u00e4r normalt. Efter ytterligare 4-5 veckor kan du m\u00e4rka av ny h\u00e5rv\u00e4xt.<\/li><li><strong>2-6 <\/strong><strong>m\u00e5nader:<\/strong> Den nya h\u00e5rv\u00e4xten \u00e4r i genomsnitt en och en halv centimeter per m\u00e5nad. 6 till 9 m\u00e5nader kr\u00e4vs f\u00f6r att de nya h\u00e5rstr\u00e5na ska v\u00e4xa till sig.<\/li><li><strong>Result<\/strong><strong>at:<\/strong> Om endast PRP-injicering anv\u00e4nds \u00e4r cirka 60% av behandlingarna framg\u00e5ngsrika, \u00e4ven om data fr\u00e5n storskaliga studier saknas. FUT och FUE har visat goda resultat med ih\u00e5llande h\u00e5rv\u00e4xt hos upp till 90% av patienterna.<\/li><\/ul>\n","protected":false},"excerpt":{"rendered":"<p>Vad \u00e4r PRP? Trombocyter, eller blodpl\u00e4ttar, \u00e4r mest k\u00e4nda i samband med blodproppar. Men&#8230;<\/p>\n","protected":false},"author":4,"featured_media":0,"parent":3476,"menu_order":0,"comment_status":"closed","ping_status":"closed","template":"","meta":{"_acf_changed":false,"footnotes":""},"class_list":["post-3542","page","type-page","status-publish","hentry"],"acf":[],"yoast_head":"<!-- This site is optimized with the Yoast SEO plugin v27.0 - https:\/\/yoast.com\/product\/yoast-seo-wordpress\/ -->\n<title>PRP Behandling av H\u00e5r - Stor guide 2026<\/title>\n<meta name=\"description\" content=\"Vad \u00e4r PRP (Trobocytrik Plasmabehandling) och hur kan det hj\u00e4lpa dig med h\u00e5ravfall? Risker &amp; Biverkningar, Pris &amp; kostnader m.m.\" \/>\n<meta name=\"robots\" content=\"index, follow, max-snippet:-1, max-image-preview:large, max-video-preview:-1\" \/>\n<link rel=\"canonical\" href=\"https:\/\/cosmena.com\/sv\/haravfall\/behandling\/prp-behandling-av-har\/\" \/>\n<meta property=\"og:locale\" content=\"sv_SE\" \/>\n<meta property=\"og:type\" content=\"article\" \/>\n<meta property=\"og:title\" content=\"PRP Behandling av H\u00e5r - Stor guide 2026\" \/>\n<meta property=\"og:description\" content=\"Vad \u00e4r PRP (Trobocytrik Plasmabehandling) och hur kan det hj\u00e4lpa dig med h\u00e5ravfall? Risker &amp; Biverkningar, Pris &amp; kostnader m.m.\" \/>\n<meta property=\"og:url\" content=\"https:\/\/cosmena.com\/sv\/haravfall\/behandling\/prp-behandling-av-har\/\" \/>\n<meta property=\"og:site_name\" content=\"Cosmena\" \/>\n<meta property=\"article:modified_time\" content=\"2022-02-18T06:58:34+00:00\" \/>\n<meta property=\"og:image\" content=\"http:\/\/cosmena.com\/wp-content\/uploads\/2021\/11\/Platelet-rich-plasma-prp-hero-1200-675px-1024x576.png\" \/>\n<meta name=\"twitter:card\" content=\"summary_large_image\" \/>\n<meta name=\"twitter:label1\" content=\"Ber\u00e4knad l\u00e4stid\" \/>\n\t<meta name=\"twitter:data1\" content=\"10 minuter\" \/>\n<!-- \/ Yoast SEO plugin. -->","yoast_head_json":{"title":"PRP Behandling av H\u00e5r - Stor guide 2026","description":"Vad \u00e4r PRP (Trobocytrik Plasmabehandling) och hur kan det hj\u00e4lpa dig med h\u00e5ravfall? Risker & Biverkningar, Pris & kostnader m.m.","robots":{"index":"index","follow":"follow","max-snippet":"max-snippet:-1","max-image-preview":"max-image-preview:large","max-video-preview":"max-video-preview:-1"},"canonical":"https:\/\/cosmena.com\/sv\/haravfall\/behandling\/prp-behandling-av-har\/","og_locale":"sv_SE","og_type":"article","og_title":"PRP Behandling av H\u00e5r - Stor guide 2026","og_description":"Vad \u00e4r PRP (Trobocytrik Plasmabehandling) och hur kan det hj\u00e4lpa dig med h\u00e5ravfall? Risker & Biverkningar, Pris & kostnader m.m.","og_url":"https:\/\/cosmena.com\/sv\/haravfall\/behandling\/prp-behandling-av-har\/","og_site_name":"Cosmena","article_modified_time":"2022-02-18T06:58:34+00:00","og_image":[{"url":"http:\/\/cosmena.com\/wp-content\/uploads\/2021\/11\/Platelet-rich-plasma-prp-hero-1200-675px-1024x576.png","type":"","width":"","height":""}],"twitter_card":"summary_large_image","twitter_misc":{"Ber\u00e4knad l\u00e4stid":"10 minuter"},"schema":{"@context":"https:\/\/schema.org","@graph":[{"@type":"WebPage","@id":"https:\/\/cosmena.com\/sv\/haravfall\/behandling\/prp-behandling-av-har\/","url":"https:\/\/cosmena.com\/sv\/haravfall\/behandling\/prp-behandling-av-har\/","name":"PRP Behandling av H\u00e5r - Stor guide 2026","isPartOf":{"@id":"https:\/\/cosmena.com\/sv\/#website"},"primaryImageOfPage":{"@id":"https:\/\/cosmena.com\/sv\/haravfall\/behandling\/prp-behandling-av-har\/#primaryimage"},"image":{"@id":"https:\/\/cosmena.com\/sv\/haravfall\/behandling\/prp-behandling-av-har\/#primaryimage"},"thumbnailUrl":"http:\/\/cosmena.com\/wp-content\/uploads\/2021\/11\/Platelet-rich-plasma-prp-hero-1200-675px-1024x576.png","datePublished":"2022-02-09T03:16:16+00:00","dateModified":"2022-02-18T06:58:34+00:00","description":"Vad \u00e4r PRP (Trobocytrik Plasmabehandling) och hur kan det hj\u00e4lpa dig med h\u00e5ravfall? Risker & Biverkningar, Pris & kostnader m.m.","breadcrumb":{"@id":"https:\/\/cosmena.com\/sv\/haravfall\/behandling\/prp-behandling-av-har\/#breadcrumb"},"inLanguage":"sv-SE","potentialAction":[{"@type":"ReadAction","target":["https:\/\/cosmena.com\/sv\/haravfall\/behandling\/prp-behandling-av-har\/"]}]},{"@type":"ImageObject","inLanguage":"sv-SE","@id":"https:\/\/cosmena.com\/sv\/haravfall\/behandling\/prp-behandling-av-har\/#primaryimage","url":"http:\/\/cosmena.com\/wp-content\/uploads\/2021\/11\/Platelet-rich-plasma-prp-hero-1200-675px-1024x576.png","contentUrl":"http:\/\/cosmena.com\/wp-content\/uploads\/2021\/11\/Platelet-rich-plasma-prp-hero-1200-675px-1024x576.png"},{"@type":"BreadcrumbList","@id":"https:\/\/cosmena.com\/sv\/haravfall\/behandling\/prp-behandling-av-har\/#breadcrumb","itemListElement":[{"@type":"ListItem","position":1,"name":"Home","item":"https:\/\/cosmena.com\/sv\/"},{"@type":"ListItem","position":2,"name":"H\u00e5ravfall","item":"https:\/\/cosmena.com\/sv\/haravfall\/"},{"@type":"ListItem","position":3,"name":"Behandling av H\u00e5ravfall","item":"https:\/\/cosmena.com\/sv\/haravfall\/behandling\/"},{"@type":"ListItem","position":4,"name":"PRP Behandling av H\u00e5r"}]},{"@type":"WebSite","@id":"https:\/\/cosmena.com\/sv\/#website","url":"https:\/\/cosmena.com\/sv\/","name":"Cosmena","description":"Your extensive guide to cosmetic treatments","publisher":{"@id":"https:\/\/cosmena.com\/sv\/#organization"},"potentialAction":[{"@type":"SearchAction","target":{"@type":"EntryPoint","urlTemplate":"https:\/\/cosmena.com\/sv\/?s={search_term_string}"},"query-input":{"@type":"PropertyValueSpecification","valueRequired":true,"valueName":"search_term_string"}}],"inLanguage":"sv-SE"},{"@type":"Organization","@id":"https:\/\/cosmena.com\/sv\/#organization","name":"Cosmena","url":"https:\/\/cosmena.com\/sv\/","logo":{"@type":"ImageObject","inLanguage":"sv-SE","@id":"https:\/\/cosmena.com\/sv\/#\/schema\/logo\/image\/","url":"https:\/\/cosmena.com\/wp-content\/uploads\/2021\/06\/cosmena-logo-bw-1.1.png","contentUrl":"https:\/\/cosmena.com\/wp-content\/uploads\/2021\/06\/cosmena-logo-bw-1.1.png","width":600,"height":82,"caption":"Cosmena"},"image":{"@id":"https:\/\/cosmena.com\/sv\/#\/schema\/logo\/image\/"}}]}},"_links":{"self":[{"href":"https:\/\/cosmena.com\/sv\/wp-json\/wp\/v2\/pages\/3542","targetHints":{"allow":["GET"]}}],"collection":[{"href":"https:\/\/cosmena.com\/sv\/wp-json\/wp\/v2\/pages"}],"about":[{"href":"https:\/\/cosmena.com\/sv\/wp-json\/wp\/v2\/types\/page"}],"author":[{"embeddable":true,"href":"https:\/\/cosmena.com\/sv\/wp-json\/wp\/v2\/users\/4"}],"replies":[{"embeddable":true,"href":"https:\/\/cosmena.com\/sv\/wp-json\/wp\/v2\/comments?post=3542"}],"version-history":[{"count":8,"href":"https:\/\/cosmena.com\/sv\/wp-json\/wp\/v2\/pages\/3542\/revisions"}],"predecessor-version":[{"id":4602,"href":"https:\/\/cosmena.com\/sv\/wp-json\/wp\/v2\/pages\/3542\/revisions\/4602"}],"up":[{"embeddable":true,"href":"https:\/\/cosmena.com\/sv\/wp-json\/wp\/v2\/pages\/3476"}],"wp:attachment":[{"href":"https:\/\/cosmena.com\/sv\/wp-json\/wp\/v2\/media?parent=3542"}],"curies":[{"name":"wp","href":"https:\/\/api.w.org\/{rel}","templated":true}]}}