{"id":3561,"date":"2022-02-10T01:38:57","date_gmt":"2022-02-10T00:38:57","guid":{"rendered":"http:\/\/cosmena.com\/?page_id=3561"},"modified":"2022-02-18T07:55:39","modified_gmt":"2022-02-18T06:55:39","slug":"hartransplantation-utan-rakning","status":"publish","type":"page","link":"https:\/\/cosmena.com\/sv\/haravfall\/behandling\/hartransplantation-utan-rakning\/","title":{"rendered":"H\u00e5rtransplantation\u00a0utan rakning"},"content":{"rendered":"\n<div class=\"wp-block-media-text alignfull is-stacked-on-mobile is-image-fill has-background\" style=\"background-color:#e8e8e8\"><figure class=\"wp-block-media-text__media\" style=\"background-image:url(http:\/\/cosmena.com\/wp-content\/uploads\/2021\/11\/u-fue-hair-transplant-hero-1200-675px-1024x576.png);background-position:94% 36%\"><img loading=\"lazy\" decoding=\"async\" width=\"1024\" height=\"576\" src=\"http:\/\/cosmena.com\/wp-content\/uploads\/2021\/11\/u-fue-hair-transplant-hero-1200-675px-1024x576.png\" alt=\"H\u00e5rtransplantation-utan-rakning-hero-1200-675px\" class=\"wp-image-2408 size-full\" srcset=\"https:\/\/cosmena.com\/wp-content\/uploads\/2021\/11\/u-fue-hair-transplant-hero-1200-675px-1024x576.png 1024w, https:\/\/cosmena.com\/wp-content\/uploads\/2021\/11\/u-fue-hair-transplant-hero-1200-675px-300x169.png 300w, https:\/\/cosmena.com\/wp-content\/uploads\/2021\/11\/u-fue-hair-transplant-hero-1200-675px-768x432.png 768w, https:\/\/cosmena.com\/wp-content\/uploads\/2021\/11\/u-fue-hair-transplant-hero-1200-675px.png 1200w\" sizes=\"auto, (max-width: 1024px) 100vw, 1024px\" \/><\/figure><div class=\"wp-block-media-text__content\">\n<div style=\"height:100px\" aria-hidden=\"true\" class=\"wp-block-spacer\"><\/div>\n\n\n\n<h1 class=\"wp-block-heading\">H\u00e5rtransplantation&nbsp;utan rakning<\/h1>\n\n\n\n<p class=\"has-medium-font-size\">Eftersom <a href=\"https:\/\/cosmena.com\/sv\/haravfall\/\">h\u00e5ravfall<\/a> \u00e4r ett globalt problem, har h\u00e5rtransplantationsingrepp blivit kolossalt popul\u00e4ra. B\u00e5de m\u00e4n och kvinnor unnar sig denna f\u00f6r\u00e4ndring av h\u00e5ret. Det \u00e4r m\u00e5nga som beskriver det som en positiv, livsf\u00f6r\u00e4ndrande upplevelse.<\/p>\n\n\n\n<p>Somliga oroar sig emellertid \u00f6ver n\u00e5gra av de konsekvenser som ingreppen medf\u00f6r, s\u00e5som att f\u00e5 huvudet rakat under <a href=\"https:\/\/cosmena.com\/sv\/hartransplantation\/\">transplantationen<\/a>. Om du \u00e4r orolig \u00f6ver den korta period d\u00e4r du m\u00e5ste leva med rakat h\u00e5r efter en vanlig h\u00e5rtransplantation s\u00e5 finns alternativet att ist\u00e4llet genomf\u00f6ra h\u00e5rtransplantation utan rakning!<\/p>\n\n\n\n<p>Det \u00e4r ett s\u00e4kert och problemfritt tillv\u00e4gag\u00e5ngss\u00e4tt som kan hj\u00e4lpa dig att \u00e5terf\u00e5 det sj\u00e4lvf\u00f6rtroende du tappat samtidigt med dina h\u00e5rstr\u00e5n, men utan att f\u00f6r\u00e4ndra ditt utseende i allt f\u00f6r stor utstr\u00e4ckning.<\/p>\n\n\n\n<div style=\"height:100px\" aria-hidden=\"true\" class=\"wp-block-spacer\"><\/div>\n<\/div><\/div>\n\n\n\n<div style=\"height:50px\" aria-hidden=\"true\" class=\"wp-block-spacer\"><\/div>\n\n\n\n<h2 class=\"wp-block-heading\">Vad \u00e4r h\u00e5rtransplantation utan rakning?<\/h2>\n\n\n\n<p class=\"has-medium-font-size\">H\u00e5rtransplantation utan rakning \u00e4r allm\u00e4nt k\u00e4nd som U-FUE-transplantation.<\/p>\n\n\n\n<p>Alla metoder f\u00f6r h\u00e5rtransplantation har sina unika kvaliteter. <a href=\"https:\/\/cosmena.com\/sv\/haravfall\/behandling\/dhi-hartransplantation\/\">DHI-transplantation<\/a> har exempelvis en snabbare \u00e5terh\u00e4mtning, och <a href=\"https:\/\/cosmena.com\/sv\/haravfall\/behandling\/fue-hartransplantation\/\">FUE<\/a> t\u00e4cker en st\u00f6rre yta. <\/p>\n\n\n\n<p>P\u00e5 samma s\u00e4tt \u00e4r en U-FUE-transplantation, eller transplantation utan rakning, unik just genom att rakningen \u00e4r eliminerad ur processen. Ditt h\u00e5r kommer efter operation t\u00e4cka \u00e4ven givaromr\u00e5det (om det rakats), och mottagaromr\u00e5det rakas inte alls. Detta \u00e4r v\u00e4lg\u00f6rande eftersom de transplanterade follikul\u00e4ra enheterna d\u00f6ljs under \u00e5terh\u00e4mtningsperioden.<\/p>\n\n\n\n<p>U-FUE \u00e4r dock en sv\u00e5rare typ av operation \u00e4n den ordin\u00e4ra varianten av FUE.<\/p>\n\n\n\n<h3 class=\"wp-block-heading\">Vilka olika typer av h\u00e5rtransplantation utan rakning finns det?<\/h3>\n\n\n\n<p>Det finns tv\u00e5 typer av h\u00e5rtransplantation utan rakning:<\/p>\n\n\n\n<ul class=\"wp-block-list\"><li><strong>Pre-determined <\/strong><strong>U-FUE <\/strong>innefattar extraktionen av f\u00f6rtrimmade h\u00e5rfolliklar. Under denna process v\u00e4ljs l\u00e4mpliga h\u00e5rstr\u00e5n ut och trimmas n\u00e5got. Efter att de valts ut, extraheras h\u00e5rfolliklarna med en tunn n\u00e5l, mellan 0.75 och 0.9 millimeter.<strong><\/strong><\/li><li><strong>Direct <\/strong><strong>U-FUE <\/strong>innefattar samtidigt urval och trimning samt extraktion av h\u00e5ren. <strong><\/strong><\/li><\/ul>\n\n\n\n<p>B\u00e4gge teknikerna \u00e4r lika l\u00e4mpliga och genomf\u00f6rbara. Vissa kirurger anser dock att direct U-FUE g\u00e5r fortare att genomf\u00f6ra, och har en snabbare \u00e5terh\u00e4mtning. Pre-determined U-FUE ger \u00e5 andra sidan l\u00e4ngre och t\u00e4tare h\u00e5r.<strong><\/strong><\/p>\n\n\n\n<p>Rakningsprocessen \u00e4r vanligtvis till f\u00f6r att underl\u00e4tta extraktionen av h\u00e5rfolliklar som utvinns fr\u00e5n ett h\u00e4lsosamt h\u00e5rsvall och f\u00f6rflyttas till kala och ofruktbara fl\u00e4ckar i h\u00e5rbotten. Slutresultatet kan p\u00e5verkas av att man hoppar \u00f6ver detta steg. D\u00e4rf\u00f6r \u00e4r det avg\u00f6rande att det \u00e4r en expert som genomf\u00f6r en h\u00e5rtransplantation utan rakning. Dessutom m\u00e5ste du vara en l\u00e4mplig kandidat f\u00f6r denna typ av h\u00e5rtransplantation.<\/p>\n\n\n\n<h2 class=\"wp-block-heading\">Vilka \u00e4r de prim\u00e4ra \u00f6verv\u00e4gandena f\u00f6r en orakad h\u00e5rtransplantation?<\/h2>\n\n\n\n<ul class=\"wp-block-list\"><li>Som tur \u00e4r finns det inga \u00e5ldersrestriktioner, men den ideala kandidaten \u00e4r \u00f6ver 21.<\/li><li>B\u00e5de m\u00e4n och kvinnor kan v\u00e4lja denna metod utan att beh\u00f6va oroa sig \u00f6ver skillnader i slutresultatet.<\/li><li>Antalet friska h\u00e5rfolliklar och typ av h\u00e5ravfall \u00e4r ocks\u00e5 avg\u00f6rande faktorer. Du m\u00e5ste ha tillr\u00e4ckligt, g\u00e4rna ett stort, antal h\u00e5rfolliklar att donera f\u00f6r att uppn\u00e5 \u00f6nskat resultat.<\/li><li>Expertis hos kirurgen b\u00f6r vara en avg\u00f6rande faktor eftersom en h\u00e5rtransplantation utan rakning \u00e4r en utmaning. Endast det b\u00e4sta kirurgiska teamet, specialiserade p\u00e5 h\u00e5rtransplantationsingrepp, kan extrahera folliklarna och implantera de follikul\u00e4ra enheterna utan att skada det redan existerande h\u00e5ret. Det \u00e4r allts\u00e5 viktigt att g\u00e5 till specialister som har erfarenhet och skicklighet att genomf\u00f6ra en h\u00e5rtransplantation av l\u00e5ngt h\u00e5r utan att raka.<\/li><li>H\u00e5rets struktur och h\u00e5rbottens smidighet \u00e4r ocks\u00e5 viktiga \u00f6verv\u00e4ganden i kriterierna f\u00f6r att kvalificera sig f\u00f6r ingreppet. Nackh\u00e5ret m\u00e5ste vara minst 6\u20138 centimeter l\u00e5ngt. Det l\u00e4ngre nackh\u00e5ret kan t\u00e4cka den rakade fl\u00e4cken om givaromr\u00e5det m\u00e5ste rakas vid extraktion av de follikul\u00e4ra enheterna.<\/li><li>H\u00e5rbottens skick och din sm\u00e4rtt\u00e5lighet \u00e4r ocks\u00e5 betydelsefullt. M\u00e4nniskor med alopecia areata \u00e4r exempelvis inte l\u00e4mpade f\u00f6r en transplantation utan rakning.<\/li><\/ul>\n\n\n\n<h2 class=\"wp-block-heading\">Transplantationsprocessen vid U-FUE<\/h2>\n\n\n\n<p class=\"has-medium-font-size\">F\u00f6rlopp och schema beror framf\u00f6r allt p\u00e5 dina h\u00e5rfolliklar, h\u00e5rets volym och det omr\u00e5de som beh\u00f6ver transplantation. <\/p>\n\n\n\n<p>F\u00f6r en framg\u00e5ngsrik h\u00e5rtransplantation utan rakning kr\u00e4vs allts\u00e5 ordentlig konsultation, medicinska \u00f6verv\u00e4ganden och planering. I de allra flesta fall kan du v\u00e4nta dig f\u00f6ljande tidslinje och metod f\u00f6r varje steg i tillv\u00e4gag\u00e5ngss\u00e4ttet:<\/p>\n\n\n\n<p><strong>Plan<\/strong><strong>ering och konsultation: 1 till 2 m\u00e5nader<\/strong><\/p>\n\n\n\n<p>Efter att du best\u00e4mt dig f\u00f6r en transplantation utan rakning, inleds en omfattande konsultationssession, f\u00f6r att komma fram till vilken metod som passar b\u00e4st. Kirurgen fastst\u00e4ller din h\u00e5rtyp, h\u00e5ravfallets m\u00f6nster, h\u00e5rbottens skick, medicinsk unders\u00f6kning, \u00e5lder och andra faktorer.<\/p>\n\n\n\n<p>Genom denna noggranna insamling av data blir det m\u00f6jligt f\u00f6r kirurgen att planera ett ingrepp med b\u00e4sta m\u00f6jliga slutresultat. Det tar vanligtvis en eller tv\u00e5 m\u00e5nader och ett par m\u00f6ten f\u00f6r att f\u00e4rdigst\u00e4lla utredningen, g\u00f6ra en plan och p\u00e5b\u00f6rja processen.<\/p>\n\n\n\n<p><strong>Operation <\/strong><strong>och post-operativa unders\u00f6kningar: 1 till 3 veckor<\/strong><\/p>\n\n\n\n<p>En h\u00e5rtransplantation utan rakning tar fyra till \u00e5tta timmar. Efter operationen kr\u00e4vs en eller tv\u00e5 tr\u00e4ffar.<\/p>\n\n\n\n<p>Vid en sedvanlig h\u00e5rtransplantation avl\u00e4gsnar kirurgen h\u00e5ren ett efter ett fr\u00e5n givaromr\u00e5det. Behandlingen vid U-FUE \u00e4r k\u00e4nsligare och kr\u00e4ver att kirurgen hittar de h\u00e4lsosammaste h\u00e5rstr\u00e5na. Sedan kan de friska follikul\u00e4ra enheterna implanteras i h\u00e5rfl\u00e4ckar.<\/p>\n\n\n\n<p>H\u00e5rstr\u00e5na fr\u00e5n mottagaromr\u00e5dena klipps av. De follikul\u00e4ra enheterna blandas sedan in i de glesnande eller skalliga omr\u00e5dena p\u00e5 ett s\u00e4tt som liknar ditt eget h\u00e5rs naturliga tillv\u00e4xtkvalitet. Processen \u00e4r minimalt invasiv, och du \u00e4r medicinerad s\u00e5 att du \u00e4r s\u00e5 pass avslappnad att du n\u00e4stan sover under tiden som de follikul\u00e4ra enheterna plockas ut och transplanteras.<\/p>\n\n\n\n<p><strong>\u00c5terh\u00e4mtning och resultat: 8\u201310 m\u00e5nader<\/strong><\/p>\n\n\n\n<p>Hos de flesta m\u00e4nniskor tar det mellan 6 och 9 m\u00e5nader efter operationen f\u00f6r att se de fullst\u00e4ndiga resultaten. F\u00f6r andra kan det ta ett \u00e5r.<\/p>\n\n\n\n<p>2 till 8 veckor efter operationen b\u00f6rjar de transplanterade h\u00e5rstr\u00e5na v\u00e4xa ut. Inledningsvis kan h\u00e5rstr\u00e5na se tunnare ut, vilket \u00e4r helt normalt och bara tillf\u00e4lligt.<\/p>\n\n\n\n<h2 class=\"wp-block-heading\">Vad kostar en h\u00e5rtransplantation utan rakning?<\/h2>\n\n\n\n<p class=\"has-medium-font-size\">En h\u00e5rtransplantation utan rakning har en h\u00f6g kostnad eftersom det \u00e4r ett arbetskr\u00e4vande ingrepp f\u00f6r kirurgen och det medicinska teamet. <\/p>\n\n\n\n<p>Kirurgens kompetens och f\u00f6rm\u00e5ga \u00e4r avg\u00f6rande f\u00f6r ingreppets framg\u00e5ng. Utan en fullst\u00e4ndig f\u00f6rst\u00e5else f\u00f6r ingreppets komplexitet kan det inte genomf\u00f6ras. En h\u00e5rtransplantation utan rakning kostar dock mycket mer i Sverige \u00e4n i vissa andra l\u00e4nder.<\/p>\n\n\n\n<p>Exempelvis har nyligen kostnaden f\u00f6r en U-FUE i Turkiet kommit att bli intressant f\u00f6r konsumenter eftersom den \u00e4r betydligt l\u00e4gre \u00e4n i Sverige. Du m\u00e5ste dock t\u00e4nka p\u00e5 sjukskrivning, resekostnader och schemam\u00e4ssig planering innan du \u00f6verv\u00e4ger ett ingrepp utomlands.<\/p>\n\n\n\n<h2 class=\"wp-block-heading\">Kan ingreppet genomf\u00f6ras vid alla typer av h\u00e5ravfall?<\/h2>\n\n\n\n<p class=\"has-medium-font-size\">Ja, en U-FUE-transplantation kan behandla alla sorters h\u00e5ravfall d\u00e4r ett tillr\u00e4ckligt antal follikul\u00e4ra enheter finns att tillg\u00e5. <\/p>\n\n\n\n<p>Problem uppst\u00e5r endast vid fr\u00e5nvaro av givaromr\u00e5de. Vid alopecia areata p\u00e5verkas exempelvis ofta stora fl\u00e4ckar av h\u00e5rbotten, och patienterna har d\u00e5 inte m\u00e5nga folliklar med nackh\u00e5r.<\/p>\n\n\n\n<p>Oftast fungerar det vid tillbakadragande h\u00e5rf\u00e4ste, kalhet p\u00e5 hj\u00e4ssan, sk\u00e4ggskallighet, manligt och kvinnligt h\u00e5ravfall, fl\u00e4ckvis h\u00e5ravfall i sk\u00e4gget, tunnh\u00e5righet och fl\u00e4ckvis skallighet med intakt nackh\u00e5r. Du kan ocks\u00e5 v\u00e4lja h\u00e5rtransplantation utan rakning av mottagaromr\u00e5det p\u00e5 br\u00f6stet.<\/p>\n\n\n\n<h2 class=\"wp-block-heading\">Kliniker i Sverige och Turkiet<\/h2>\n\n\n\n<p class=\"has-medium-font-size\">Kliniken och de tj\u00e4nster som tillhandah\u00e5lls avg\u00f6r transplantationens kostnad. U-FUE i <a href=\"https:\/\/cosmena.com\/sv\/hartransplantation\/sverige\/\">Sverige<\/a> kan kosta n\u00e5gonstans mellan 60 000\u2013300 000 kronor. Preoperativ konsultation, sj\u00e4lva ingreppet och uppf\u00f6ljningar under \u00e5terh\u00e4mtningen \u00e4r i vissa fall inkluderade i detta priset.&nbsp; <\/p>\n\n\n\n<p>Klinikerna f\u00f6r h\u00e5rtransplantation utan rakning i Sverige tar oftast betalt beroende p\u00e5 vilket omr\u00e5de som beh\u00f6ver transplanteras (hj\u00e4ssa, h\u00e5rf\u00e4ste, etcetera),&nbsp; och beroende p\u00e5 follikelextraktionen. Vissa kliniker tar betalt 30\u201360 kronor per follikel, men kan d\u00e5 komma att \u00f6verdriva hur m\u00e5nga folliklar som kr\u00e4vs f\u00f6r att driva upp priset.<\/p>\n\n\n\n<p>Klinikerna i <a href=\"https:\/\/cosmena.com\/sv\/hartransplantation\/turkiet\/\">Turkiet<\/a> ger d\u00e4remot den b\u00e4sta h\u00e5rtransplantationsupplevelsen f\u00f6r mycket l\u00e4gre priser. Exempelvis ligger snittkostnaden f\u00f6r en FUE-transplantation mellan 15 500\u201326 500 kronor.<\/p>\n\n\n\n<p>Varje \u00e5r v\u00e4ljer tusentals m\u00e4nniskor att g\u00f6ra en U-FUE-transplantation i Turkiet. Detta har gjort att Istanbul har blivit v\u00e4rldens st\u00f6rsta nav f\u00f6r h\u00e5rtransplantationer. \u00c4ven efter att du r\u00e4knat in resa och boende kan du tj\u00e4na upp emot 65 procent p\u00e5 att g\u00f6ra ingreppet i Turkiet.<\/p>\n\n\n\n<p>En flygbiljett fr\u00e5n Stockholm till Istanbul kostar i runda sl\u00e4ngar mellan 650 och 1500 kronor. Att hyra ett hus i Istanbul kostar mycket mindre \u00e4n n\u00e5gon annanstans i Europa. M\u00e5nga kliniker erbjuder dessutom paketpriser med all inclusive-behandling och boende, helt utan dolda kostnader f\u00f6r konsultationer och uppf\u00f6ljning. Turkiska l\u00e4kare har betydande erfarenhet av U-FUE och talar mycket bra engelska. Du kan med andra ord f\u00f6rv\u00e4nta dig ett bra samspel om du sj\u00e4lv talar bra engelska. Du kan ocks\u00e5 r\u00e4kna med att bli 100-procentigt n\u00f6jd med resultatet.<\/p>\n\n\n\n<p><strong>F\u00f6rdelar:<\/strong><\/p>\n\n\n\n<ul class=\"wp-block-list\"><li>Kostnadseffektiv behandling<\/li><li>All inclusive-paket<\/li><li>Lika f\u00f6rtr\u00e4fflig kompetens<\/li><li>En kulturell resa till Turkiet<\/li><\/ul>\n\n\n\n<p><strong>Nackdelar:<\/strong><\/p>\n\n\n\n<ul class=\"wp-block-list\"><li>Om du inte \u00e4r n\u00f6jd med resultatet kan du beh\u00f6va g\u00f6ra en andra resa<strong><\/strong><\/li><li>Om du f\u00e5r problem senare under \u00e5terh\u00e4mtningsperioden kan det bli sv\u00e5rt med uppf\u00f6ljning<strong><\/strong><\/li><li>Reserestriktioner och kostnad f\u00f6r PCR i och med COVID-pandemin<strong><\/strong><\/li><\/ul>\n\n\n\n<h2 class=\"wp-block-heading\">Risker och \u00f6verv\u00e4ganden<\/h2>\n\n\n\n<p>En h\u00e5rtransplantation utan rakning \u00e4r generellt sett s\u00e4ker, med kort sjukfr\u00e5nvaro. Den inneb\u00e4r f\u00e4rre risker som obehag, svullnad och irritation av h\u00e5rbotten. De flesta av dessa problem kan undvikas med ett v\u00e4lutbildat medicinskt team och korrekta kirurgiska tekniker. Det finns dock n\u00e5gra l\u00e5ngsiktiga bekymmer som \u00e4r v\u00e4rda att n\u00e4mna:<\/p>\n\n\n\n<ul class=\"wp-block-list\"><li>Slapphet i h\u00e5rbotten<\/li><li>Misslyckade transplantat<\/li><li>Lockar i h\u00e5ret<\/li><\/ul>\n\n\n\n<p>Det \u00e4r oerh\u00f6rt viktigt att du och din kirurg diskuterar vilket som \u00e4r ditt f\u00f6rv\u00e4ntade resultat, och att ni s\u00e4tter realistiska m\u00e5l.<\/p>\n\n\n\n<h2 class=\"wp-block-heading\">F\u00f6rdelar och nackdelar<\/h2>\n\n\n\n<p><strong>F\u00f6rdelar:<\/strong><\/p>\n\n\n\n<p>Generellt sett kr\u00e4ver h\u00e5rtransplantationsingrepp att man rakar de omr\u00e5den som ska agera givar- och mottagaromr\u00e5de. Vid en U-FUE elimineras behovet att raka h\u00e5rbotten f\u00f6re ingreppet. Ibland v\u00e4ljer dock kirurgen att raka endast givaromr\u00e5det, men ser d\u00e5 till att det rakade omr\u00e5det g\u00e5r att g\u00f6mma med hj\u00e4lp av nackh\u00e5ret.<\/p>\n\n\n\n<p>Dessutom \u00e4r U-FUE en mindre invasiv teknik som inte efterl\u00e4mnar n\u00e5got uppenbart \u00e4rr vid givaromr\u00e5det.<\/p>\n\n\n\n<p><strong>Nackdelar:<\/strong><\/p>\n\n\n\n<p>U-FUE-metoden kr\u00e4ver en h\u00f6g expertis och erfarenhet. Det \u00e4r mer tidskr\u00e4vande \u00e4n vanlig FUE, och det g\u00e5r inte sk\u00f6rda hur m\u00e5nga follikul\u00e4ra enheter som helst.<\/p>\n\n\n\n<p>U-FUE \u00e4r inte rekommenderat n\u00e4r h\u00e5ravfallet \u00e4r alltf\u00f6r omfattande, eller n\u00e4r alltf\u00f6r stora h\u00e5rvolymer kr\u00e4vs f\u00f6r transplantationen.<\/p>\n\n\n\n<h2 class=\"wp-block-heading\">\u00c5terh\u00e4mtning och resultat<\/h2>\n\n\n\n<p>S\u00e5ret l\u00e4ker 7 till 10 dagar efter operationen. D\u00e5 kan du \u00e5teruppta dina vanliga aktiviteter. Kirurgen kan komma att ge dig l\u00e4kemedel f\u00f6r att motverka svullnad och andra problem som kan uppst\u00e5 efter alla h\u00e5rtransplantationer.<\/p>\n\n\n\n<p>Du kan ta till f\u00f6ljande \u00e5tg\u00e4rder f\u00f6r att dra ned p\u00e5 \u00e5terh\u00e4mtningstiden:<\/p>\n\n\n\n<ul class=\"wp-block-list\"><li>Undvik att kamma h\u00e5ret 3\u20134 veckor efter operationen.<\/li><li>Undvik extrem hetta och kyla.<\/li><li>Ta hand om ditt h\u00e5r och din h\u00e5rbotten f\u00f6r att skynda p\u00e5 \u00e5terh\u00e4mtningen<\/li><\/ul>\n\n\n\n<p>Det transplanterade h\u00e5ret kommer troligen att falla av tv\u00e5 till tre veckor efter ingreppet. Det fr\u00e4mjar tillv\u00e4xt av det nya h\u00e5ret. De flesta m\u00e4nniskor uppm\u00e4rksammar ny tillv\u00e4xt av h\u00e5ret 8 till 12 m\u00e5nader efter operationen.<\/p>\n\n\n\n<div style=\"height:50px\" aria-hidden=\"true\" class=\"wp-block-spacer\"><\/div>\n","protected":false},"excerpt":{"rendered":"<p>Vad \u00e4r h\u00e5rtransplantation utan rakning? H\u00e5rtransplantation utan rakning \u00e4r allm\u00e4nt k\u00e4nd som U-FUE-transplantation. Alla&#8230;<\/p>\n","protected":false},"author":4,"featured_media":0,"parent":3476,"menu_order":0,"comment_status":"closed","ping_status":"closed","template":"","meta":{"_acf_changed":false,"footnotes":""},"class_list":["post-3561","page","type-page","status-publish","hentry"],"acf":[],"yoast_head":"<!-- This site is optimized with the Yoast SEO plugin v27.0 - https:\/\/yoast.com\/product\/yoast-seo-wordpress\/ -->\n<title>H\u00e5rtransplantation utan rakning - Stor Guide 2026<\/title>\n<meta name=\"description\" content=\"Vad \u00e4r en h\u00e5rtransplantation utan rakning, och hur st\u00e5r den sig mot de vanliga metoderna som FUE och FUT? Risker &amp; Biverkningar m.m.\" \/>\n<meta name=\"robots\" content=\"index, follow, max-snippet:-1, max-image-preview:large, max-video-preview:-1\" \/>\n<link rel=\"canonical\" href=\"https:\/\/cosmena.com\/sv\/haravfall\/behandling\/hartransplantation-utan-rakning\/\" \/>\n<meta property=\"og:locale\" content=\"sv_SE\" \/>\n<meta property=\"og:type\" content=\"article\" \/>\n<meta property=\"og:title\" content=\"H\u00e5rtransplantation utan rakning - Stor Guide 2026\" \/>\n<meta property=\"og:description\" content=\"Vad \u00e4r en h\u00e5rtransplantation utan rakning, och hur st\u00e5r den sig mot de vanliga metoderna som FUE och FUT? Risker &amp; Biverkningar m.m.\" \/>\n<meta property=\"og:url\" content=\"https:\/\/cosmena.com\/sv\/haravfall\/behandling\/hartransplantation-utan-rakning\/\" \/>\n<meta property=\"og:site_name\" content=\"Cosmena\" \/>\n<meta property=\"article:modified_time\" content=\"2022-02-18T06:55:39+00:00\" \/>\n<meta property=\"og:image\" content=\"http:\/\/cosmena.com\/wp-content\/uploads\/2021\/11\/u-fue-hair-transplant-hero-1200-675px-1024x576.png\" \/>\n<meta name=\"twitter:card\" content=\"summary_large_image\" \/>\n<meta name=\"twitter:label1\" content=\"Ber\u00e4knad l\u00e4stid\" \/>\n\t<meta name=\"twitter:data1\" content=\"9 minuter\" \/>\n<!-- \/ Yoast SEO plugin. -->","yoast_head_json":{"title":"H\u00e5rtransplantation utan rakning - Stor Guide 2026","description":"Vad \u00e4r en h\u00e5rtransplantation utan rakning, och hur st\u00e5r den sig mot de vanliga metoderna som FUE och FUT? Risker & Biverkningar m.m.","robots":{"index":"index","follow":"follow","max-snippet":"max-snippet:-1","max-image-preview":"max-image-preview:large","max-video-preview":"max-video-preview:-1"},"canonical":"https:\/\/cosmena.com\/sv\/haravfall\/behandling\/hartransplantation-utan-rakning\/","og_locale":"sv_SE","og_type":"article","og_title":"H\u00e5rtransplantation utan rakning - Stor Guide 2026","og_description":"Vad \u00e4r en h\u00e5rtransplantation utan rakning, och hur st\u00e5r den sig mot de vanliga metoderna som FUE och FUT? Risker & Biverkningar m.m.","og_url":"https:\/\/cosmena.com\/sv\/haravfall\/behandling\/hartransplantation-utan-rakning\/","og_site_name":"Cosmena","article_modified_time":"2022-02-18T06:55:39+00:00","og_image":[{"url":"http:\/\/cosmena.com\/wp-content\/uploads\/2021\/11\/u-fue-hair-transplant-hero-1200-675px-1024x576.png","type":"","width":"","height":""}],"twitter_card":"summary_large_image","twitter_misc":{"Ber\u00e4knad l\u00e4stid":"9 minuter"},"schema":{"@context":"https:\/\/schema.org","@graph":[{"@type":"WebPage","@id":"https:\/\/cosmena.com\/sv\/haravfall\/behandling\/hartransplantation-utan-rakning\/","url":"https:\/\/cosmena.com\/sv\/haravfall\/behandling\/hartransplantation-utan-rakning\/","name":"H\u00e5rtransplantation utan rakning - Stor Guide 2026","isPartOf":{"@id":"https:\/\/cosmena.com\/sv\/#website"},"primaryImageOfPage":{"@id":"https:\/\/cosmena.com\/sv\/haravfall\/behandling\/hartransplantation-utan-rakning\/#primaryimage"},"image":{"@id":"https:\/\/cosmena.com\/sv\/haravfall\/behandling\/hartransplantation-utan-rakning\/#primaryimage"},"thumbnailUrl":"http:\/\/cosmena.com\/wp-content\/uploads\/2021\/11\/u-fue-hair-transplant-hero-1200-675px-1024x576.png","datePublished":"2022-02-10T00:38:57+00:00","dateModified":"2022-02-18T06:55:39+00:00","description":"Vad \u00e4r en h\u00e5rtransplantation utan rakning, och hur st\u00e5r den sig mot de vanliga metoderna som FUE och FUT? Risker & Biverkningar m.m.","breadcrumb":{"@id":"https:\/\/cosmena.com\/sv\/haravfall\/behandling\/hartransplantation-utan-rakning\/#breadcrumb"},"inLanguage":"sv-SE","potentialAction":[{"@type":"ReadAction","target":["https:\/\/cosmena.com\/sv\/haravfall\/behandling\/hartransplantation-utan-rakning\/"]}]},{"@type":"ImageObject","inLanguage":"sv-SE","@id":"https:\/\/cosmena.com\/sv\/haravfall\/behandling\/hartransplantation-utan-rakning\/#primaryimage","url":"http:\/\/cosmena.com\/wp-content\/uploads\/2021\/11\/u-fue-hair-transplant-hero-1200-675px-1024x576.png","contentUrl":"http:\/\/cosmena.com\/wp-content\/uploads\/2021\/11\/u-fue-hair-transplant-hero-1200-675px-1024x576.png"},{"@type":"BreadcrumbList","@id":"https:\/\/cosmena.com\/sv\/haravfall\/behandling\/hartransplantation-utan-rakning\/#breadcrumb","itemListElement":[{"@type":"ListItem","position":1,"name":"Home","item":"https:\/\/cosmena.com\/sv\/"},{"@type":"ListItem","position":2,"name":"H\u00e5ravfall","item":"https:\/\/cosmena.com\/sv\/haravfall\/"},{"@type":"ListItem","position":3,"name":"Behandling av H\u00e5ravfall","item":"https:\/\/cosmena.com\/sv\/haravfall\/behandling\/"},{"@type":"ListItem","position":4,"name":"H\u00e5rtransplantation\u00a0utan rakning"}]},{"@type":"WebSite","@id":"https:\/\/cosmena.com\/sv\/#website","url":"https:\/\/cosmena.com\/sv\/","name":"Cosmena","description":"Your extensive guide to cosmetic treatments","publisher":{"@id":"https:\/\/cosmena.com\/sv\/#organization"},"potentialAction":[{"@type":"SearchAction","target":{"@type":"EntryPoint","urlTemplate":"https:\/\/cosmena.com\/sv\/?s={search_term_string}"},"query-input":{"@type":"PropertyValueSpecification","valueRequired":true,"valueName":"search_term_string"}}],"inLanguage":"sv-SE"},{"@type":"Organization","@id":"https:\/\/cosmena.com\/sv\/#organization","name":"Cosmena","url":"https:\/\/cosmena.com\/sv\/","logo":{"@type":"ImageObject","inLanguage":"sv-SE","@id":"https:\/\/cosmena.com\/sv\/#\/schema\/logo\/image\/","url":"https:\/\/cosmena.com\/wp-content\/uploads\/2021\/06\/cosmena-logo-bw-1.1.png","contentUrl":"https:\/\/cosmena.com\/wp-content\/uploads\/2021\/06\/cosmena-logo-bw-1.1.png","width":600,"height":82,"caption":"Cosmena"},"image":{"@id":"https:\/\/cosmena.com\/sv\/#\/schema\/logo\/image\/"}}]}},"_links":{"self":[{"href":"https:\/\/cosmena.com\/sv\/wp-json\/wp\/v2\/pages\/3561","targetHints":{"allow":["GET"]}}],"collection":[{"href":"https:\/\/cosmena.com\/sv\/wp-json\/wp\/v2\/pages"}],"about":[{"href":"https:\/\/cosmena.com\/sv\/wp-json\/wp\/v2\/types\/page"}],"author":[{"embeddable":true,"href":"https:\/\/cosmena.com\/sv\/wp-json\/wp\/v2\/users\/4"}],"replies":[{"embeddable":true,"href":"https:\/\/cosmena.com\/sv\/wp-json\/wp\/v2\/comments?post=3561"}],"version-history":[{"count":30,"href":"https:\/\/cosmena.com\/sv\/wp-json\/wp\/v2\/pages\/3561\/revisions"}],"predecessor-version":[{"id":4590,"href":"https:\/\/cosmena.com\/sv\/wp-json\/wp\/v2\/pages\/3561\/revisions\/4590"}],"up":[{"embeddable":true,"href":"https:\/\/cosmena.com\/sv\/wp-json\/wp\/v2\/pages\/3476"}],"wp:attachment":[{"href":"https:\/\/cosmena.com\/sv\/wp-json\/wp\/v2\/media?parent=3561"}],"curies":[{"name":"wp","href":"https:\/\/api.w.org\/{rel}","templated":true}]}}