{"id":3589,"date":"2022-02-10T01:55:39","date_gmt":"2022-02-10T00:55:39","guid":{"rendered":"http:\/\/cosmena.com\/?page_id=3589"},"modified":"2022-02-18T08:24:36","modified_gmt":"2022-02-18T07:24:36","slug":"turkiet","status":"publish","type":"page","link":"https:\/\/cosmena.com\/sv\/hartransplantation\/turkiet\/","title":{"rendered":"H\u00e5rtransplantation Turkiet"},"content":{"rendered":"\n<div class=\"wp-block-media-text alignfull is-stacked-on-mobile is-image-fill has-background\" style=\"background-color:#e8e8e8\"><figure class=\"wp-block-media-text__media\" style=\"background-image:url(http:\/\/cosmena.com\/wp-content\/uploads\/2021\/11\/best-hair-transplants-turkey-hero-1200-675px-1024x576.png);background-position:35% 52%\"><img loading=\"lazy\" decoding=\"async\" width=\"1024\" height=\"576\" src=\"http:\/\/cosmena.com\/wp-content\/uploads\/2021\/11\/best-hair-transplants-turkey-hero-1200-675px-1024x576.png\" alt=\"H\u00e5rtransplantation-turkiet-hero-1200-675px\" class=\"wp-image-2509 size-full\" srcset=\"https:\/\/cosmena.com\/wp-content\/uploads\/2021\/11\/best-hair-transplants-turkey-hero-1200-675px-1024x576.png 1024w, https:\/\/cosmena.com\/wp-content\/uploads\/2021\/11\/best-hair-transplants-turkey-hero-1200-675px-300x169.png 300w, https:\/\/cosmena.com\/wp-content\/uploads\/2021\/11\/best-hair-transplants-turkey-hero-1200-675px-768x432.png 768w, https:\/\/cosmena.com\/wp-content\/uploads\/2021\/11\/best-hair-transplants-turkey-hero-1200-675px.png 1200w\" sizes=\"auto, (max-width: 1024px) 100vw, 1024px\" \/><\/figure><div class=\"wp-block-media-text__content\">\n<div style=\"height:100px\" aria-hidden=\"true\" class=\"wp-block-spacer\"><\/div>\n\n\n\n<h1 class=\"wp-block-heading\">H\u00e5rtransplantation Turkiet<\/h1>\n\n\n\n<p class=\"has-medium-font-size\">Turkiet har blivit ett riktigt innest\u00e4lle globalt n\u00e4r det kommer till medicinsk turism. Varje \u00e5r reser tusentals m\u00e4nniskor till Turkiet f\u00f6r att genomg\u00e5 olika kosmetiska ingrepp. <\/p>\n\n\n\n<p>F\u00f6r att hitta den b\u00e4sta h\u00e5rtransplantationen i Turkiet kr\u00e4vs noggrann efterforskning innan man best\u00e4mmer sig f\u00f6r en klinik.<\/p>\n\n\n\n<p>Det \u00e4r h\u00e4r vi kommer in. Vi har skapat en lista \u00f6ver de b\u00e4sta h\u00e5rtransplantationsklinikerna i Turkiet. De \u00e4r klassificerade enligt underkategorierna nedan. Om du \u00e4r en av de m\u00e5nga som upplever <a href=\"https:\/\/cosmena.com\/sv\/haravfall\/\">h\u00e5ravfall<\/a> och \u00f6nskar behandling, titta p\u00e5 avsnitten nedan f\u00f6r att hitta den b\u00e4sta kliniken f\u00f6r dig.<\/p>\n\n\n\n<div style=\"height:100px\" aria-hidden=\"true\" class=\"wp-block-spacer\"><\/div>\n<\/div><\/div>\n\n\n\n<div style=\"height:50px\" aria-hidden=\"true\" class=\"wp-block-spacer\"><\/div>\n\n\n\n<h2 class=\"wp-block-heading\">Hur du j\u00e4mf\u00f6r kliniker i Turkiet<\/h2>\n\n\n\n<p class=\"has-medium-font-size\">Det kan vara en ganska omst\u00e4ndlig och tr\u00e5kig uppgift att j\u00e4mf\u00f6ra h\u00e5rtransplantationskliniker. Det kan vara sv\u00e5rt att hitta den b\u00e4sta kliniken tack vare den h\u00f6ga standarden och de l\u00e5ga kostnaderna. <\/p>\n\n\n\n<p>Vi har d\u00e4rf\u00f6r utarbetat en upps\u00e4ttning kriterier som du kan f\u00f6lja. P\u00e5 s\u00e5 s\u00e4tt kan du best\u00e4mma vilken som \u00e4r den <a href=\"https:\/\/cosmena.com\/sv\/hartransplantation\/\">b\u00e4sta h\u00e5rtransplantationskliniken<\/a> som Turkiet har att erbjuda.&nbsp;&nbsp;<\/p>\n\n\n\n<p>F\u00f6rst rekommenderar vi att du l\u00e4ser m\u00e5nga recensioner av de h\u00e5rtransplantationsmetoder som klinikerna erbjuder. Se vad kunderna har att s\u00e4ga, och j\u00e4mf\u00f6r med konkurrerande kliniker. De b\u00e4sta h\u00e5rtransplantationsklinikerna i Turkiet \u00e4r ofta de som har positiva recensioner fr\u00e5n hundratals eller tusentals n\u00f6jda kunder.<\/p>\n\n\n\n<p>F\u00f6r det andra rekommenderar vi dig att g\u00f6ra en kostnadsanalys. Priset \u00e5terspeglar inte erfarenhet. Om en klinik \u00e4r betydligt dyrare \u00e4n de \u00f6vriga, betyder det inte automatiskt att kliniken \u00e4r bra. Med det sagt \u00e4r troligtvis en klinik som har ett erbjudande som verkar f\u00f6r bra f\u00f6r att vara sant inte s\u00e4rskilt bra heller. J\u00e4mf\u00f6r priset p\u00e5 h\u00e5rtransplantationen med klinikens recensioner, och avg\u00f6r hur legitim kliniken \u00e4r.&nbsp;&nbsp;&nbsp;<\/p>\n\n\n\n<p>F\u00f6r det tredje b\u00f6r du j\u00e4mf\u00f6ra expertisen hos klinikernas transplantationskirurger. Vilka h\u00e5rtransplantationsmetoder erbjuds? Ger de dig en inblick fr\u00e5n A till \u00d6 i transplantationsingreppen?&nbsp;<\/p>\n\n\n\n<p>Sist men inte minst, hur tar kliniken emot sina kunder? Erbjuder de all inclusive-paket d\u00e4r boende och transfer ing\u00e5r? Eller erbjuder de endast sj\u00e4lva proceduren?<\/p>\n\n\n\n<h2 class=\"wp-block-heading\">Priss\u00e4ttning och kostnad<\/h2>\n\n\n\n<p class=\"has-medium-font-size\">Medicinska turister st\u00e5r i k\u00f6 f\u00f6r att komma in i Turkiet. Varf\u00f6r? Den kosmetiska sektorn i Turkiet \u00e4r en av v\u00e4rldens mest prisv\u00e4rda. Turkiet har bland v\u00e4rldens mest konkurrenskraftiga priser f\u00f6r h\u00e5rtransplantationer.<\/p>\n\n\n\n<p>Vi har satt ihop en prislista \u00f6ver h\u00e5rtransplantationer i Turkiet. Prislistan j\u00e4mf\u00f6r de b\u00e4sta billiga h\u00e5rtransplantationerna i Turkiet. Den innefattar allt fr\u00e5n kostnaden f\u00f6r hela ingreppet,&nbsp; omfattande paketerbjudanden och priser per graft.<\/p>\n\n\n\n<p>Kostnaden f\u00f6r h\u00e5rtransplantationer i Turkiet varierar med klinikens anseende, vilken typ av ingrepp som erbjuds och kvaliteten p\u00e5 servicen. I genomsnitt kostar en FUE-transplantation n\u00e5gonstans mellan 14 500 och 30 000 kronor, j\u00e4mf\u00f6rt med att det i Sverige kan kosta upp emot 69 500 kronor<a href=\"#_ftn1\"><sup>[1]<\/sup><\/a>. \u00c4ven kostnaden per extraktion av transplantat \u00e4r mycket konkurrenskraftig. Priset startar med 10 kronor per transplantat i Turkiet, medan det i Sverige kan starta vid 20 kronor<a href=\"#_ftn2\"><sup>[2]<\/sup><\/a> per transplantat.&nbsp;&nbsp;<\/p>\n\n\n\n<p>M\u00e5nga bekymrar sig ocks\u00e5 f\u00f6r de extra kostnaderna f\u00f6r att resa som tillkommer ut\u00f6ver kostnaden f\u00f6r h\u00e5rtransplantationen. Den totala kostnaden kan motsvara kostnaden f\u00f6r en <a href=\"https:\/\/cosmena.com\/sv\/hartransplantation\/sverige\/\">h\u00e5rtransplantation i Sverige.<\/a> H\u00e5rtransplantationskliniker i Turkiet har faktiskt gjort l\u00e5ngt mer \u00e4n f\u00f6rv\u00e4ntat, och de flesta klinikerna erbjuder nu kompletta och omfattande paketerbjudanden. Dessa \u00e4r inte bara prisv\u00e4rda, utan inneh\u00e5ller s\u00e5v\u00e4l flygresa som transfer och hotellrum.<\/p>\n\n\n\n<h2 class=\"wp-block-heading\">Personal och kompetens<\/h2>\n\n\n\n<p class=\"has-medium-font-size\">H\u00e5rtransplantationskirurgi har under de senaste fem \u00e5ren genomg\u00e5tt en fullst\u00e4ndig f\u00f6r\u00e4ndring till det b\u00e4ttre. Det \u00e4r nu allt sv\u00e5rare att skilja mellan de fr\u00e4msta h\u00e5rtransplantationskirurgerna. <\/p>\n\n\n\n<p>Detta \u00e4r en snabbt v\u00e4xande, varum\u00e4rkesdriven industri d\u00e4r patienterna tvingas g\u00f6ra en f\u00f6retagsbesiktning f\u00f6r att kunna g\u00f6ra b\u00e4sta t\u00e4nkbara val bland de h\u00e5rtransplantationskirurger som Turkiet erbjuder.&nbsp;&nbsp;&nbsp;&nbsp;<\/p>\n\n\n\n<p>En halv miljon m\u00e4nniskor reser till Turkiet varje \u00e5r f\u00f6r att kunna \u00e5terf\u00e5 det h\u00e5r de tappat. En av anledningarna till att s\u00e5 m\u00e5nga \u00e5ker till Turkiet \u00e4r den \u00f6verl\u00e4gsna skickligheten hos h\u00e5rtransplantationsspecialisterna d\u00e4r. Det finns dussintals h\u00e5rtransplantationskliniker som alla h\u00e4vdar att de \u00e4r b\u00e4st. Hur kan du d\u00e5 komma underfund med vilka som presterar p\u00e5 toppniv\u00e5? Enkelt uttryckt \u2013 research, efterforskning.<\/p>\n\n\n\n<p>Se till att l\u00e4sa informationen om kirurgerna och den kirurgiska personalen n\u00e4r du bl\u00e4ddrar igenom de m\u00e5nga h\u00e5rtransplantationsklinikernas hemsidor. Ber\u00e4ttar kliniken \u00f6ppet om, och g\u00f6r reklam f\u00f6r, sina kirurger? Om inte, kan det ses som en varningsflagga. N\u00e4r du l\u00e4ser p\u00e5 om de olika h\u00e5rtransplantationsspecialisterna b\u00f6r du identifiera f\u00f6ljande:<\/p>\n\n\n\n<ul class=\"wp-block-list\"><li>Hur m\u00e5nga transplantationer har de genomf\u00f6rt? Hur m\u00e5nga genomf\u00f6r de varje \u00e5r?<\/li><li>Hur ser deras patientn\u00f6jdhetsdokumentation ut? \u00c4r de betygsatta eller bed\u00f6mda p\u00e5 n\u00e5gon auktoriserad hemsida f\u00f6r betygs\u00e4ttning?<\/li><li>\u00c4r de specialistutbildade?<\/li><li>Har de haft l\u00e4mplig medicinsk tr\u00e4ning?<\/li><\/ul>\n\n\n\n<p>Genomf\u00f6randet av enast\u00e5ende h\u00e5rtransplantationsoperationer \u00e4r dock en laginsats. N\u00e4r man exempelvis genomf\u00f6r en FUT-transplantation \u00e4r det ett team med kirurgiska tekniker som placerar transplantaten, under h\u00e5rtransplantationskirurgens noggranna v\u00e4gledning. Utan teamet kan ingreppet komma att ta en oerh\u00f6rt l\u00e5ng tid att genomf\u00f6ra. De b\u00e4sta h\u00e5rtransplantationsl\u00e4karna i Turkiet \u00e4r de som p\u00e5 ett fantastiskt s\u00e4tt kan arbeta j\u00e4msides ett team och som visar sin uppskattning f\u00f6r det. Du m\u00e5ste allts\u00e5 samtidigt som du ifr\u00e5gas\u00e4tter den kirurgiska kompetensen \u00e4ven se till teamet som helhet.<\/p>\n\n\n\n<h2 class=\"wp-block-heading\">Erbjudna metoder<\/h2>\n\n\n\n<p class=\"has-medium-font-size\">Den st\u00e4ndigt v\u00e4xande h\u00e5rtransplantationsindustrin har visat p\u00e5 en kontinuerlig utveckling av kirurgiska tekniker som inte alltid \u00e4r \u00f6verl\u00e4gsna de redan etablerade teknikerna. <\/p>\n\n\n\n<p>N\u00e4r man j\u00e4mf\u00f6r h\u00e5rtransplantationskirurgi i Turkiet \u00e4r det viktigt att se efter vilka h\u00e5rtransplantationer som erbjuds av de olika klinikerna. Traditionella h\u00e5rtransplantationsspecialister \u00e4r ofta de som erbjuder antingen <a href=\"https:\/\/cosmena.com\/sv\/haravfall\/behandling\/fue-hartransplantation\/\">FUE<\/a>&#8211; eller <a href=\"https:\/\/cosmena.com\/sv\/haravfall\/behandling\/fut-hartransplantation\/\">FUT-transplantationer<\/a>, medan de nyutexaminerade transplantationskirurgerna kan erbjuda mer innovativa och uppfinningsrika tillv\u00e4gag\u00e5ngss\u00e4tt, som <a href=\"https:\/\/cosmena.com\/sv\/haravfall\/behandling\/prp-behandling-av-har\/\">PRP<\/a> eller safir-FUE.<\/p>\n\n\n\n<p>Om du k\u00e4nner till vilket tillv\u00e4gag\u00e5ngss\u00e4tt som passar dig kan du anv\u00e4nda dig av det till din f\u00f6rdel. Du kan d\u00e5 l\u00e4sa p\u00e5 om, och j\u00e4mf\u00f6ra, de tekniker som anv\u00e4nds av kirurger p\u00e5 olika h\u00e5rtransplantationskliniker. Exempelvis vid FUT kan du fr\u00e5ga dig sj\u00e4lv f\u00f6ljande:<\/p>\n\n\n\n<ul class=\"wp-block-list\"><li>\u00c4r transplantaten dissekerade mikroskopiskt?<\/li><li>Anv\u00e4nds stereomikroskop?<\/li><li>Kommer din l\u00e4kare att anv\u00e4nda en enkelbladig kniv?<\/li><\/ul>\n\n\n\n<p>Vid FUE kommer du att vilja fr\u00e5ga:<\/p>\n\n\n\n<ul class=\"wp-block-list\"><li>Vem kommer att utf\u00f6ra transplantationen? L\u00e4karen eller teknikerna?<\/li><li>Granskas transplantaten f\u00f6re implantationen?<\/li><\/ul>\n\n\n\n<p>Oftast best\u00e4ms tillv\u00e4gag\u00e5ngss\u00e4ttet vid transplantationen under konsultationen. Eftersom dessa kliniker \u00e4r bel\u00e4gna i Turkiet, kommer du att vilja veta om de erbjuder konsultation i Sverige. Antingen det sker p\u00e5 en klinik med en ansluten kollega eller via videosamtalstj\u00e4nst. Det sista du vill g\u00f6ra \u00e4r att betala ingreppet i f\u00f6rskott, flyga till Turkiet f\u00f6r att uppt\u00e4cka att inte n\u00e5gra av de tj\u00e4nster som kliniken erbjuder uppfyller dina h\u00e5rtransplantationsbehov.<\/p>\n\n\n\n<h2 class=\"wp-block-heading\">Transplantationsprocessen<\/h2>\n\n\n\n<p class=\"has-medium-font-size\">Det \u00e4r viktigt att ha i \u00e5tanke att h\u00e5rtransplantationer \u00e4r riktiga operationer. Trots att de flesta klinikerna erbjuder gratis konsultation, b\u00f6r du inte bortse fr\u00e5n dem som tar ut en avgift. <\/p>\n\n\n\n<p>Priset dras av fr\u00e5n totalsumman om du \u00e4r en bra kandidat f\u00f6r n\u00e5gon av de metoder som de erbjuder.<\/p>\n\n\n\n<p>H\u00e5rtransplantationsf\u00f6rloppet b\u00f6rjar med konsultationen. Din h\u00e5rtransplantationskirurg kommer att identifiera niv\u00e5n av h\u00e5ravfall f\u00f6r att d\u00e4refter f\u00f6resl\u00e5 ett passande ingrepp f\u00f6r dig. Det b\u00e4sta h\u00e5rtransplantationsingreppet f\u00f6r en person kan skilja sig fr\u00e5n vad som \u00e4r b\u00e4st f\u00f6r en annan person eftersom alla individer \u00e4r olika.<\/p>\n\n\n\n<p>H\u00e5rtransplantationer varierar i l\u00e4ngd beroende p\u00e5 vilken teknik som anv\u00e4nds och hur m\u00e5nga folliklar som ympas. Om du f\u00f6rv\u00e4ntar dig en h\u00e5rtransplantation best\u00e5ende av 4 000 transplantat, kan du ocks\u00e5 f\u00f6rv\u00e4nta dig ett ingrepp som \u00e4r avsev\u00e4rt mycket l\u00e4ngre \u00e4n ett ingrepp som endast involverar 1 000 transplantat. Du kommer att beh\u00f6va unders\u00f6ka olika kliniker f\u00f6r att se hur l\u00e5ng tid de h\u00e4vdar att deras ingrepp tar. Om du uppt\u00e4cker att en klinik erbjuder ett ingrepp som \u00e4r betydligt snabbare \u00e4n andra, b\u00f6r du utesluta den kliniken. Det \u00e4r d\u00e5 mer \u00e4n troligt att det antingen r\u00f6r sig om n\u00e5gon typ av bedr\u00e4geri eller en felaktig metod.<\/p>\n\n\n\n<p>Dessutom kommer du ut\u00f6ver ingreppets l\u00e4ngd att vilja veta tidslinjen f\u00f6r hela transplantationen. \u00c4r tiden f\u00f6r \u00e5terh\u00e4mtning liknande p\u00e5 olika kliniker? H\u00e4vdar vissa kliniker att de kan ge dig fullst\u00e4ndig h\u00e5rv\u00e4xt inom en tidsram som verkar alldeles f\u00f6r orealistisk? Det \u00e4r en bra indikation p\u00e5 legitimitet och tekinikutf\u00f6rande n\u00e4r klinikerna erbjuder liknande \u00e5terh\u00e4mtningstid efter transplantationen.<\/p>\n\n\n\n<h2 class=\"wp-block-heading\">Boende, resa och transfer<\/h2>\n\n\n\n<p class=\"has-medium-font-size\">H\u00e5rtransplantationskirurgin har spelat en betydande roll f\u00f6r den medicinska turismens framg\u00e5ng. Det \u00e4r viktigt att medge att det finns m\u00e5nga fantastiska h\u00e5rtransplantationskliniker jorden runt.<\/p>\n\n\n\n<p>Turkiet har dock prissatt konkurrenskraftigt och har lockat flest kunder. Men \u00e4r det verkligen billigare att resa till Turkiet f\u00f6r en h\u00e5rtransplantation \u00e4n att g\u00f6ra en i hemlandet?<\/p>\n\n\n\n<p>Det finns tv\u00e5 s\u00e4tt att se p\u00e5 detta. Det f\u00f6rsta \u00e4r ja, det \u00e4r dyrare att g\u00f6ra h\u00e5rtransplantation i Turkiet. Men detta kanske bara \u00e4r fallet om du bokar varje aspekt av din resa f\u00f6r sig, oberoende av varandra. Om du bokar ett separat hotell- och flygpaket kan du dra p\u00e5 dig extra kostnader. De flesta flyg- och semesterpaketen \u00e4r inriktade p\u00e5 turistcentrerade guider, ist\u00e4llet f\u00f6r p\u00e5 h\u00e5rtransplantationer.&nbsp;&nbsp;<\/p>\n\n\n\n<p>N\u00e4r du unders\u00f6ker h\u00e5rtransplantationskliniker i Turkiet kommer du snart att bli varse att det finns flera kliniker som erbjuder all inclusive-paket. Dessa paket inkluderar dina flygresor, boende och transfer till och fr\u00e5n hotellet och sj\u00e4lva kliniken. Ha dock i \u00e5tanke att h\u00e5rtransplantationshotellet kanske inte \u00e4r det lyxigaste, men uppfyller de behov du har f\u00f6r din resa. Dessa paket \u00e4r n\u00e4stan alltid billigare \u00e4n om du bokar allt var f\u00f6r sig. Att j\u00e4mf\u00f6ra priserna \u00e4r allts\u00e5 ett m\u00e5ste.<\/p>\n\n\n\n<h2 class=\"wp-block-heading\">F\u00e5 en gratis offert fr\u00e5n alla listade kliniker<\/h2>\n\n\n\n<p class=\"has-medium-font-size\">Om du best\u00e4mt dig f\u00f6r att det \u00e4r en alldeles f\u00f6r tr\u00e5kig och tidskr\u00e4vande uppgift att leta efter den b\u00e4sta h\u00e5rtransplantationskliniken kan du lita p\u00e5 att vi hittar den b\u00e4sta offerten f\u00f6r din h\u00e5rtransplantation. <\/p>\n\n\n\n<p>Hur? <a href=\"https:\/\/cosmena.com\/sv\/offert\/\">Skicka oss<\/a> bara informationen som anges nedan. Vi anv\u00e4nder oss av den f\u00f6r att skapa en lista \u00f6ver de kliniker som erbjuder behandlingar som uppfyller dina normer och din budget.<\/p>\n\n\n\n<p>Informationen du ska f\u00f6rse oss med \u00e4r:<\/p>\n\n\n\n<ul class=\"wp-block-list\"><li>Foto \u00f6ver ditt nuvarande h\u00e5r<\/li><li>Datum n\u00e4r du \u00f6nskar genomf\u00f6ra ditt ingrepp<\/li><li>Huruvida du \u00e4r villig att resa<\/li><li>Din budget<\/li><\/ul>\n\n\n\n<p>Vi hoppas att denna omfattande guide har varit till stor hj\u00e4lp f\u00f6r att v\u00e4lja den b\u00e4sta h\u00e5rtransplantationen i Turkiet. Vi l\u00e4ngtar efter att guida dig till en nyvunnen k\u00e4nsla av sj\u00e4lvf\u00f6rtroende.<\/p>\n\n\n\n<div style=\"height:50px\" aria-hidden=\"true\" class=\"wp-block-spacer\"><\/div>\n","protected":false},"excerpt":{"rendered":"<p>Hur du j\u00e4mf\u00f6r kliniker i Turkiet Det kan vara en ganska omst\u00e4ndlig och tr\u00e5kig&#8230;<\/p>\n","protected":false},"author":4,"featured_media":0,"parent":3585,"menu_order":0,"comment_status":"closed","ping_status":"closed","template":"","meta":{"_acf_changed":false,"footnotes":""},"class_list":["post-3589","page","type-page","status-publish","hentry"],"acf":[],"yoast_head":"<!-- This site is optimized with the Yoast SEO plugin v27.0 - https:\/\/yoast.com\/product\/yoast-seo-wordpress\/ -->\n<title>H\u00e5rtransplantation Turkiet - J\u00e4mf\u00f6r 10 + kliniker 2026<\/title>\n<meta name=\"description\" content=\"\u00c4r du nyfiken p\u00e5 h\u00e5rtransplantation i Turkiet? D\u00e5 har du hittat r\u00e4tt. Vi har j\u00e4mf\u00f6rt 10 st kliniker i turkiet. F\u00f6r- och nackdelar med Turkiet.\" \/>\n<meta name=\"robots\" content=\"index, follow, max-snippet:-1, max-image-preview:large, max-video-preview:-1\" \/>\n<link rel=\"canonical\" href=\"https:\/\/cosmena.com\/sv\/hartransplantation\/turkiet\/\" \/>\n<meta property=\"og:locale\" content=\"sv_SE\" \/>\n<meta property=\"og:type\" content=\"article\" \/>\n<meta property=\"og:title\" content=\"H\u00e5rtransplantation Turkiet - J\u00e4mf\u00f6r 10 + kliniker 2026\" \/>\n<meta property=\"og:description\" content=\"\u00c4r du nyfiken p\u00e5 h\u00e5rtransplantation i Turkiet? D\u00e5 har du hittat r\u00e4tt. Vi har j\u00e4mf\u00f6rt 10 st kliniker i turkiet. F\u00f6r- och nackdelar med Turkiet.\" \/>\n<meta property=\"og:url\" content=\"https:\/\/cosmena.com\/sv\/hartransplantation\/turkiet\/\" \/>\n<meta property=\"og:site_name\" content=\"Cosmena\" \/>\n<meta property=\"article:modified_time\" content=\"2022-02-18T07:24:36+00:00\" \/>\n<meta property=\"og:image\" content=\"http:\/\/cosmena.com\/wp-content\/uploads\/2021\/11\/best-hair-transplants-turkey-hero-1200-675px-1024x576.png\" \/>\n<meta name=\"twitter:card\" content=\"summary_large_image\" \/>\n<meta name=\"twitter:label1\" content=\"Ber\u00e4knad l\u00e4stid\" \/>\n\t<meta name=\"twitter:data1\" content=\"9 minuter\" \/>\n<!-- \/ Yoast SEO plugin. -->","yoast_head_json":{"title":"H\u00e5rtransplantation Turkiet - J\u00e4mf\u00f6r 10 + kliniker 2026","description":"\u00c4r du nyfiken p\u00e5 h\u00e5rtransplantation i Turkiet? D\u00e5 har du hittat r\u00e4tt. Vi har j\u00e4mf\u00f6rt 10 st kliniker i turkiet. F\u00f6r- och nackdelar med Turkiet.","robots":{"index":"index","follow":"follow","max-snippet":"max-snippet:-1","max-image-preview":"max-image-preview:large","max-video-preview":"max-video-preview:-1"},"canonical":"https:\/\/cosmena.com\/sv\/hartransplantation\/turkiet\/","og_locale":"sv_SE","og_type":"article","og_title":"H\u00e5rtransplantation Turkiet - J\u00e4mf\u00f6r 10 + kliniker 2026","og_description":"\u00c4r du nyfiken p\u00e5 h\u00e5rtransplantation i Turkiet? D\u00e5 har du hittat r\u00e4tt. Vi har j\u00e4mf\u00f6rt 10 st kliniker i turkiet. F\u00f6r- och nackdelar med Turkiet.","og_url":"https:\/\/cosmena.com\/sv\/hartransplantation\/turkiet\/","og_site_name":"Cosmena","article_modified_time":"2022-02-18T07:24:36+00:00","og_image":[{"url":"http:\/\/cosmena.com\/wp-content\/uploads\/2021\/11\/best-hair-transplants-turkey-hero-1200-675px-1024x576.png","type":"","width":"","height":""}],"twitter_card":"summary_large_image","twitter_misc":{"Ber\u00e4knad l\u00e4stid":"9 minuter"},"schema":{"@context":"https:\/\/schema.org","@graph":[{"@type":"WebPage","@id":"https:\/\/cosmena.com\/sv\/hartransplantation\/turkiet\/","url":"https:\/\/cosmena.com\/sv\/hartransplantation\/turkiet\/","name":"H\u00e5rtransplantation Turkiet - J\u00e4mf\u00f6r 10 + kliniker 2026","isPartOf":{"@id":"https:\/\/cosmena.com\/sv\/#website"},"primaryImageOfPage":{"@id":"https:\/\/cosmena.com\/sv\/hartransplantation\/turkiet\/#primaryimage"},"image":{"@id":"https:\/\/cosmena.com\/sv\/hartransplantation\/turkiet\/#primaryimage"},"thumbnailUrl":"http:\/\/cosmena.com\/wp-content\/uploads\/2021\/11\/best-hair-transplants-turkey-hero-1200-675px-1024x576.png","datePublished":"2022-02-10T00:55:39+00:00","dateModified":"2022-02-18T07:24:36+00:00","description":"\u00c4r du nyfiken p\u00e5 h\u00e5rtransplantation i Turkiet? D\u00e5 har du hittat r\u00e4tt. Vi har j\u00e4mf\u00f6rt 10 st kliniker i turkiet. F\u00f6r- och nackdelar med Turkiet.","breadcrumb":{"@id":"https:\/\/cosmena.com\/sv\/hartransplantation\/turkiet\/#breadcrumb"},"inLanguage":"sv-SE","potentialAction":[{"@type":"ReadAction","target":["https:\/\/cosmena.com\/sv\/hartransplantation\/turkiet\/"]}]},{"@type":"ImageObject","inLanguage":"sv-SE","@id":"https:\/\/cosmena.com\/sv\/hartransplantation\/turkiet\/#primaryimage","url":"http:\/\/cosmena.com\/wp-content\/uploads\/2021\/11\/best-hair-transplants-turkey-hero-1200-675px-1024x576.png","contentUrl":"http:\/\/cosmena.com\/wp-content\/uploads\/2021\/11\/best-hair-transplants-turkey-hero-1200-675px-1024x576.png"},{"@type":"BreadcrumbList","@id":"https:\/\/cosmena.com\/sv\/hartransplantation\/turkiet\/#breadcrumb","itemListElement":[{"@type":"ListItem","position":1,"name":"Home","item":"https:\/\/cosmena.com\/sv\/"},{"@type":"ListItem","position":2,"name":"H\u00e5rtransplantation","item":"https:\/\/cosmena.com\/sv\/hartransplantation\/"},{"@type":"ListItem","position":3,"name":"H\u00e5rtransplantation Turkiet"}]},{"@type":"WebSite","@id":"https:\/\/cosmena.com\/sv\/#website","url":"https:\/\/cosmena.com\/sv\/","name":"Cosmena","description":"Your extensive guide to cosmetic treatments","publisher":{"@id":"https:\/\/cosmena.com\/sv\/#organization"},"potentialAction":[{"@type":"SearchAction","target":{"@type":"EntryPoint","urlTemplate":"https:\/\/cosmena.com\/sv\/?s={search_term_string}"},"query-input":{"@type":"PropertyValueSpecification","valueRequired":true,"valueName":"search_term_string"}}],"inLanguage":"sv-SE"},{"@type":"Organization","@id":"https:\/\/cosmena.com\/sv\/#organization","name":"Cosmena","url":"https:\/\/cosmena.com\/sv\/","logo":{"@type":"ImageObject","inLanguage":"sv-SE","@id":"https:\/\/cosmena.com\/sv\/#\/schema\/logo\/image\/","url":"https:\/\/cosmena.com\/wp-content\/uploads\/2021\/06\/cosmena-logo-bw-1.1.png","contentUrl":"https:\/\/cosmena.com\/wp-content\/uploads\/2021\/06\/cosmena-logo-bw-1.1.png","width":600,"height":82,"caption":"Cosmena"},"image":{"@id":"https:\/\/cosmena.com\/sv\/#\/schema\/logo\/image\/"}}]}},"_links":{"self":[{"href":"https:\/\/cosmena.com\/sv\/wp-json\/wp\/v2\/pages\/3589","targetHints":{"allow":["GET"]}}],"collection":[{"href":"https:\/\/cosmena.com\/sv\/wp-json\/wp\/v2\/pages"}],"about":[{"href":"https:\/\/cosmena.com\/sv\/wp-json\/wp\/v2\/types\/page"}],"author":[{"embeddable":true,"href":"https:\/\/cosmena.com\/sv\/wp-json\/wp\/v2\/users\/4"}],"replies":[{"embeddable":true,"href":"https:\/\/cosmena.com\/sv\/wp-json\/wp\/v2\/comments?post=3589"}],"version-history":[{"count":29,"href":"https:\/\/cosmena.com\/sv\/wp-json\/wp\/v2\/pages\/3589\/revisions"}],"predecessor-version":[{"id":4627,"href":"https:\/\/cosmena.com\/sv\/wp-json\/wp\/v2\/pages\/3589\/revisions\/4627"}],"up":[{"embeddable":true,"href":"https:\/\/cosmena.com\/sv\/wp-json\/wp\/v2\/pages\/3585"}],"wp:attachment":[{"href":"https:\/\/cosmena.com\/sv\/wp-json\/wp\/v2\/media?parent=3589"}],"curies":[{"name":"wp","href":"https:\/\/api.w.org\/{rel}","templated":true}]}}