{"id":3597,"date":"2022-02-10T02:00:14","date_gmt":"2022-02-10T01:00:14","guid":{"rendered":"http:\/\/cosmena.com\/?page_id=3597"},"modified":"2022-02-18T08:44:03","modified_gmt":"2022-02-18T07:44:03","slug":"skaggtransplantation","status":"publish","type":"page","link":"https:\/\/cosmena.com\/sv\/hartransplantation\/omraden\/skaggtransplantation\/","title":{"rendered":"Sk\u00e4ggtransplantation"},"content":{"rendered":"\n<div class=\"wp-block-media-text alignfull is-stacked-on-mobile is-image-fill has-background\" style=\"background-color:#e8e8e8\"><figure class=\"wp-block-media-text__media\" style=\"background-image:url(http:\/\/cosmena.com\/wp-content\/uploads\/2021\/11\/beard-hair-transplant-hero-1200-675px-1024x576.png);background-position:50% 50%\"><img loading=\"lazy\" decoding=\"async\" width=\"1024\" height=\"576\" src=\"http:\/\/cosmena.com\/wp-content\/uploads\/2021\/11\/beard-hair-transplant-hero-1200-675px-1024x576.png\" alt=\"Sk\u00e4ggtransplantation-hero-1200-675px\" class=\"wp-image-2419 size-full\" srcset=\"https:\/\/cosmena.com\/wp-content\/uploads\/2021\/11\/beard-hair-transplant-hero-1200-675px-1024x576.png 1024w, https:\/\/cosmena.com\/wp-content\/uploads\/2021\/11\/beard-hair-transplant-hero-1200-675px-300x169.png 300w, https:\/\/cosmena.com\/wp-content\/uploads\/2021\/11\/beard-hair-transplant-hero-1200-675px-768x432.png 768w, https:\/\/cosmena.com\/wp-content\/uploads\/2021\/11\/beard-hair-transplant-hero-1200-675px.png 1200w\" sizes=\"auto, (max-width: 1024px) 100vw, 1024px\" \/><\/figure><div class=\"wp-block-media-text__content\">\n<div style=\"height:100px\" aria-hidden=\"true\" class=\"wp-block-spacer\"><\/div>\n\n\n\n<h1 class=\"wp-block-heading\">Sk\u00e4ggtransplantation<\/h1>\n\n\n\n<p class=\"has-medium-font-size\">\u00c4ven om det \u00e4r en vanlig missuppfattning att <a href=\"https:\/\/cosmena.com\/sv\/hartransplantation\/\">h\u00e5rtransplantation<\/a> bara g\u00e4ller h\u00e5ret p\u00e5 huvudet, s\u00e5 finns det andra former av h\u00e5rtransplantationer. <\/p>\n\n\n\n<p>Sk\u00e4ggtransplantation \u00e4r exempelvis vanligt f\u00f6rekommande form av transplantation av ansiktsh\u00e5r. Sk\u00e4ggtransplantation inneb\u00e4r att man transplanterar h\u00e5rs\u00e4ckar till sk\u00e4gget fr\u00e5n n\u00e5gon annan del av kroppen. Detta kan vara en l\u00f6sning f\u00f6r dem som p\u00e5 naturlig v\u00e4g inte kan odla ett sk\u00e4gg, eller f\u00f6r dem som har ett fl\u00e4ckigt sk\u00e4gg.<\/p>\n\n\n\n<p>H\u00e5ret kan vanligtvis transplanteras fr\u00e5n bakhuvudet eller fr\u00e5n hakans undersida. Det kan vara problematiskt att anv\u00e4nda h\u00e5r fr\u00e5n andra delar av kroppen eftersom sk\u00e4gget har en annorlunda struktur.<\/p>\n\n\n\n<div style=\"height:100px\" aria-hidden=\"true\" class=\"wp-block-spacer\"><\/div>\n<\/div><\/div>\n\n\n\n<div style=\"height:50px\" aria-hidden=\"true\" class=\"wp-block-spacer\"><\/div>\n\n\n\n<h2 class=\"wp-block-heading\">Vad \u00e4r sk\u00e4ggtransplantation?<\/h2>\n\n\n\n<p class=\"has-medium-font-size\">En sk\u00e4ggtransplantation \u00e4r precis vad namnet antyder. I b\u00f6rjan av 1950-talet utvecklades transplantation av huvudh\u00e5r. Som ett resultat av detta utvecklades \u00e4ven sk\u00e4ggtransplantationen. <\/p>\n\n\n\n<p>H\u00e5rtransplantation \u00e4r ett kirurgiskt ingrepp som utvecklats successivt under det senaste \u00e5rtiondet. Sk\u00e4ggtransplantation \u00e4r ett utm\u00e4rkt alternativ f\u00f6r dem som \u00e4r naturligt sk\u00e4ggl\u00f6sa, eller f\u00f6r patienter med fl\u00e4ckigt sk\u00e4gg eller som \u00f6nskar d\u00f6lja \u00e4rr.<\/p>\n\n\n\n<p>Sk\u00e4gget \u00e4r en av den manliga identitetens mest framtr\u00e4dande estetiska egenskaper. Sk\u00e4gget har l\u00e5ng historia och kultur som g\u00e5r \u00e4nda tillbaka till de antika civilisationerna. Moderna m\u00e4n av idag v\u00e4rderar ocks\u00e5 sk\u00e4gget h\u00f6gt. Hur sk\u00e4gget ska se ut varierar dock beroende p\u00e5 kultur, tro, sed och personlig utveckling.<\/p>\n\n\n\n<p>Historiskt sett har somliga kulturer och civilisationer ansett att sk\u00e4gget \u00e4r ett tecken p\u00e5 visdom, social status och potens. M\u00e4n av idag vill ocks\u00e5 ha sk\u00e4gg, eller s\u00e5 vill de fixa till sitt fl\u00e4ckiga sk\u00e4gg. Den \u201corakade stilen\u201d \u00e4r ett v\u00e4rldsomsp\u00e4nnande fenomen. Idag \u00e4r en sk\u00e4ggv\u00e4xt p\u00e5 4\u20135 dagar utan rakning norm f\u00f6r vad som anses manligt och snyggt. Med detta i \u00e5tanke \u00e4r det f\u00f6rst\u00e5eligt att m\u00e4n best\u00e4mmer sig f\u00f6r att underg\u00e5 transplantation f\u00f6r att \u00e5stadkomma denna look. \u00c4ven om m\u00e5nga m\u00e4n transplanterar sk\u00e4gg f\u00f6r att d\u00f6lja \u00e4rr finns det ett \u00f6kande antal patienter som g\u00f6r det huvudsakligen f\u00f6r att f\u00f6rb\u00e4ttra sitt utseende.<\/p>\n\n\n\n<p>Med denna metod extraheras transplantaten fr\u00e5n en del av kroppen och f\u00f6rflyttas sedan till k\u00e4klinjen, eller dit d\u00e4r du vill ha sk\u00e4ggv\u00e4xt. Vid detta tillv\u00e4gag\u00e5ngss\u00e4tt anv\u00e4nder man antingen h\u00e5r fr\u00e5n bakhuvudet eller fr\u00e5n hakans undersida. Tillv\u00e4gag\u00e5ngss\u00e4ttet \u00e4r mer komplicerat \u00e4n det kan framst\u00e5 som. D\u00e4rf\u00f6r kr\u00e4vs det en erfaren plastikkirurg f\u00f6r att utf\u00f6ra ett ingrepp som detta.<\/p>\n\n\n\n<h2 class=\"wp-block-heading\">K\u00e4nnetecken vid h\u00e5ravfall i sk\u00e4gget<\/h2>\n\n\n\n<p class=\"has-medium-font-size\">Alopecia barbae, eller h\u00e5ravfall i sk\u00e4gget, \u00e4r en form av alopecia areata. Alopecia barbae syftar p\u00e5 ett fl\u00e4ckvis h\u00e5ravfall som drabbar sk\u00e4ggv\u00e4xten i ansiktet. Det kan uppst\u00e5 var som helst, p\u00e5 haka, kinder, nacke eller vid omr\u00e5det kring munnen.<\/p>\n\n\n\n<p>De <a href=\"https:\/\/cosmena.com\/sv\/haravfall\/symptom\/kala-flackar-i-skagget\/\">kala fl\u00e4ckarna<\/a> upplevs som runda och lena. Fl\u00e4ckarna \u00e5tf\u00f6ljs av en pirrande eller br\u00e4nnande k\u00e4nsla. Alopecia barbae \u00e4r den vanligaste formen av alopecia areata och drabbar tv\u00e5 procent av alla m\u00e4n i \u00e5ldersspannet 30\u201340 \u00e5r.<\/p>\n\n\n\n<p>H\u00e5ravfall i sk\u00e4gget, eller alopecia barbae, kan bero p\u00e5 ett flertal orsaker. Vissa sjukdomar s\u00e5som alopecia areata, dermatofytos, seborroiskt eksem, follikulit och k\u00e4nslom\u00e4ssig stress kan leda till diffust eller begr\u00e4nsat h\u00e5ravfall som ger ett fl\u00e4ckigt sk\u00e4gg. Vidare kan hormonella st\u00f6rningar, vissa brister i kosten, d\u00e5lig diet, anv\u00e4ndning av anabola steroider och liknande droger ocks\u00e5 orsaka h\u00e5ravfall i sk\u00e4gget som leder till fl\u00e4ckigt eller tunt sk\u00e4gg.<\/p>\n\n\n\n<p>Det \u00e4r viktigt att alltid g\u00f6ra en utredning av bakomliggande orsaker och unders\u00f6ka andra t\u00e4nkbara diagnoser. Detta \u00e4r n\u00f6dv\u00e4ndigt n\u00e4r man unders\u00f6ker anledningen till att kirurgi beh\u00f6vs f\u00f6r h\u00e5ravfall i sk\u00e4gget som beror p\u00e5 genetiska orsaker eller \u00e4rr i sk\u00e4gg-, mustasch- eller getsk\u00e4ggsomr\u00e5det.<\/p>\n\n\n\n<p>Det \u00e4r ocks\u00e5 viktigt att ha i \u00e5tanke att det \u00e4r fullkomligt normalt att tappa lite sk\u00e4gg som en del av den normala v\u00e4xtcykeln. Ett tjockt helsk\u00e4gg best\u00e5r av ungef\u00e4r 30 000 sk\u00e4ggstr\u00e5n. Det \u00e4r normalt att f\u00e4lla cirka 50\u2013150 sk\u00e4ggstr\u00e5n varje dag. Det \u00e4r allts\u00e5 inte ett tecken p\u00e5 egentligt <a href=\"https:\/\/cosmena.com\/sv\/haravfall\/\">h\u00e5ravfall<\/a>.<\/p>\n\n\n\n<p>Det \u00e4r l\u00e4tt att tro att h\u00e5ravfall i sk\u00e4gget \u00e4r kopplat till manligt h\u00e5ravfall i och med att sk\u00e4gg \u00e4r ett typiskt manligt attribut. Dock p\u00e5verkar manligt h\u00e5ravfall inte sk\u00e4gget \u00f6ver huvud taget. Hormonet som orsakar manligt h\u00e5ravfall heter dihydrotestosteron, DHT. Faktiskt s\u00e5 stimulerar dihydrotestosteron ist\u00e4llet sk\u00e4ggv\u00e4xten.<\/p>\n\n\n\n<h2 class=\"wp-block-heading\">Varianter av behandlingsmetoder vid h\u00e5ravfall i sk\u00e4gget.<\/h2>\n\n\n\n<p class=\"has-medium-font-size\">Det \u00e4r den bakomliggande orsaken som styr metod och behandlingsalternativ vid h\u00e5ravfall i sk\u00e4gget. Oavsett orsak beh\u00f6ver du medicinsk eller kosmetisk tillsyn om ditt sk\u00e4gg b\u00f6rjar falla av. Behandlingsalternativen kan vara s\u00e5v\u00e4l kirurgiska som icke-kirurgiska.<\/p>\n\n\n\n<p>Icke-kirurgiska alternativ utg\u00f6rs av hormoners\u00e4ttningsterapi, diet- eller livsstilsf\u00f6r\u00e4ndringar, kortikosteroidinjektioner eller kr\u00e4mer. Vidare kan Minoxidil anv\u00e4ndas i styrkor om 20 mg\/ml eller 50 mg\/ml beroende p\u00e5 tillst\u00e5nd. Ultraviolett (UV) ljusterapi \u00e4r en annan icke-kirurgisk anv\u00e4ndning som \u00e4r en prisv\u00e4rd och effektiv metod f\u00f6r att f\u00e5 h\u00e5ravfallet att avstanna.<\/p>\n\n\n\n<p>Terapi med UVB-ljus kan hj\u00e4lpa till att reducera h\u00e5ravfall i sk\u00e4gget. Platelet rich plasma-terapi&nbsp; (PRP) \u00e4r ytterligare en icke-kirurgisk metod, det \u00e4r ett s\u00e4kert och effektivt alternativ f\u00f6r \u00e5terst\u00e4llande av sk\u00e4ggv\u00e4xten. Denna metod inneb\u00e4r att man suger ut patientens blod f\u00f6r att k\u00f6ra det i en centrifug d\u00e4r trombocyterna (blodpl\u00e4ttarna) aktiveras. Det injiceras sedan i omr\u00e5den med sparsam sk\u00e4ggv\u00e4xt. De tillv\u00e4xtfaktorer som finns i plasman stimulerar h\u00e5rets tillv\u00e4xt i de h\u00e5rl\u00f6sa omr\u00e5dena genom att den naturliga regenerationsprocessen leder till ny tillv\u00e4xt av sk\u00e4gget.<\/p>\n\n\n\n<p>De kirurgiska alternativen utg\u00f6rs av olika metoder av h\u00e5rtransplantation. Sk\u00e4ggtransplantation \u00e4r en process d\u00e4r man flyttar follikul\u00e4ra enheter, grafter,&nbsp; fr\u00e5n andra delar av kroppen f\u00f6r att plantera in dem i sk\u00e4gget. Oftast tar man grafter fr\u00e5n bakhuvudet eller hakans undersida, ungef\u00e4r 4 000\u20137 000 h\u00e5r kan transplanteras i den h\u00e4r proceduren. Oftast anv\u00e4nder man sig vid sk\u00e4ggtransplantation av follicular unit extraction (<a href=\"https:\/\/cosmena.com\/sv\/haravfall\/behandling\/fue-hartransplantation\/\">FUE<\/a>) eller follicular unit transplantation (<a href=\"https:\/\/cosmena.com\/sv\/haravfall\/behandling\/fut-hartransplantation\/\">FUT<\/a>).<\/p>\n\n\n\n<p>Om man anv\u00e4nder sig av FUE sk\u00f6rdar man follikul\u00e4ra enheter fr\u00e5n givaromr\u00e5det en och en. FUE \u00e4r en vanligare procedur, troligtvis eftersom den \u00e4r mindre sm\u00e4rtsam. Anv\u00e4nder man sig av FUT s\u00e5 tar kirurgen en hudremsa med h\u00e5rr\u00f6tter fr\u00e5n givaromr\u00e5det och implanterar den i sk\u00e4ggomr\u00e5det. Nuf\u00f6rtiden \u00e4r det dock m\u00f6jligt att transplantera h\u00e5r till ansiktet fr\u00e5n vilken del av kroppen som helst genom <a href=\"https:\/\/cosmena.com\/sv\/haravfall\/behandling\/dhi-hartransplantation\/\">DHI<\/a> (direct hair implantation).<\/p>\n\n\n\n<p>Oavsett vilket kirurgiskt tillv\u00e4gag\u00e5ngss\u00e4tt som anv\u00e4nds \u00e4r ingreppet en utmaning f\u00f6r kirurgen. Kirurgen m\u00e5ste n\u00e4mligen s\u00e4kerst\u00e4lla att alla h\u00e5rstr\u00e5n pekar \u00e5t r\u00e4tt h\u00e5ll.<\/p>\n\n\n\n<p>Om h\u00e5rtransplantation inte passar f\u00f6r patienten \u00e4r det b\u00e4ttre med sk\u00e4ggmikropigmentering vilket \u00e4r ett bra alternativ om patienten vill ha ett mycket kort sk\u00e4gg.<\/p>\n\n\n\n<p>Du b\u00f6r ocks\u00e5 k\u00e4nna till att sk\u00e4ggtransplantation inte ing\u00e5r i h\u00f6gkostnadsskyddet eftersom det \u00e4r kosmetisk kirurgi.<\/p>\n\n\n\n<h2 class=\"wp-block-heading\">Sk\u00e4ggtransplantationens givaromr\u00e5de<\/h2>\n\n\n\n<p class=\"has-medium-font-size\">Det omr\u00e5de d\u00e4r grafterna, eller de follikul\u00e4ra enheterna, sk\u00f6rdas kallas f\u00f6r donatoromr\u00e5de. Grafterna sk\u00f6rdas f\u00f6r att sedan implanteras i mottagaromr\u00e5dena, fl\u00e4ckarna utan h\u00e5r.<\/p>\n\n\n\n<p> Vid sk\u00e4ggtransplantation \u00e4r donatoromr\u00e5det oftast lokaliserat till nacken, d\u00e4r h\u00e5ret \u00e4r mycket tjockt. Annars kan man anv\u00e4nda sig av h\u00e5ret under hakan, om d\u00e4r finns tillr\u00e4ckligt mycket h\u00e5r. Det vanligaste donatoromr\u00e5det att anv\u00e4nda sig av vid sk\u00e4ggtransplantation \u00e4r nacken som utg\u00f6r ett \u201cs\u00e4kert givaromr\u00e5de\u201d. Omr\u00e5det under hakan \u00e4r dock det som passar allra b\u00e4st eftersom h\u00e5ret d\u00e4r har samma kvalitet och utm\u00e4rkande egenskaper. \u00c5terigen, det kr\u00e4vs dock att h\u00e4r finns tillr\u00e4ckligt med follikul\u00e4ra enheter. Ut\u00f6ver dessa omr\u00e5den kan man utf\u00f6ra en s\u00e5 kallad body-to-hair (body-to-face) transplantation, om det finns tillr\u00e4ckligt med grafter i det utvalda omr\u00e5det.<\/p>\n\n\n\n<h2 class=\"wp-block-heading\">Kostnad och graftstorlek vid sk\u00e4ggtransplantation<\/h2>\n\n\n\n<p class=\"has-medium-font-size\">Vid en sk\u00e4ggtransplantation kr\u00e4vs vanligtvis mellan 2 000 och 7 000 follikul\u00e4ra enheter, beroende p\u00e5 mottagaromr\u00e5dets storlek. <\/p>\n\n\n\n<p>Kostnaden f\u00f6r en sk\u00e4ggtransplantation varierar och beror p\u00e5 flera olika faktorer ut\u00f6ver antal grafter och mottagaromr\u00e5dets storlek. Val av klinik, klinikens l\u00e4ge, kirurg och transplantationsmetod ligger ocks\u00e5 till grund f\u00f6r slutpriset. <\/p>\n\n\n\n<p>Hur som helst \u00e4r denna behandlingsmetod inte billig. En sk\u00e4ggtransplantation kan kosta upp till 60 000 kronor i Sverige. En partiell sk\u00e4ggtransplantation, av de delar av sk\u00e4gget som saknar h\u00e5r, kan kosta mellan 25 000 och 50 000 kronor i Sverige. I Turkiet kostar en sk\u00e4ggtransplantation ist\u00e4llet n\u00e5gonstans mellan 18 000 och 30 000 kronor.<\/p>\n\n\n\n<p>Under ditt f\u00f6rsta samtal med kirurgen kommer du att diskutera priset.<\/p>\n\n\n\n<h2 class=\"wp-block-heading\">Operation i Sverige kontra Turkiet<\/h2>\n\n\n\n<p class=\"has-medium-font-size\">N\u00e4r det kommer till sj\u00e4lva sk\u00e4ggtransplantationen kan du v\u00e4lja att g\u00f6ra den i Sverige eller utomlands. <\/p>\n\n\n\n<p>Det f\u00f6rsta valet att g\u00f6ra \u00e4r att hitta en duktig och erfaren kirurg. Priset borde vara den minst viktiga faktorn n\u00e4r detta beslut ska tas. Det finns m\u00e5nga transplantationskliniker att v\u00e4lja p\u00e5, b\u00e5de i Sverige och utomlands. <\/p>\n\n\n\n<p>Turkiet har exempelvis m\u00e5nga kliniker som utf\u00f6r denna metod. Operationen i sig \u00e4r i princip densamma, oavsett var den utf\u00f6rs. Den utf\u00f6rs som dagkirurgi, med lokalbed\u00f6vning. Medan tekniken \u00e4r i princip densamma \u00e4r kirurgens skicklighet det definitivt inte. <\/p>\n\n\n\n<p>Priset varierar ocks\u00e5 stort mellan <a href=\"https:\/\/cosmena.com\/sv\/hartransplantation\/sverige\/\">Sverige<\/a> och <a href=\"https:\/\/cosmena.com\/sv\/hartransplantation\/turkiet\/\">Turkiet<\/a>. Sk\u00e4ggtransplantation t\u00e4cks inte av h\u00f6gkostnadsskyddet. Du m\u00e5ste ta med alla kringkostnader i ber\u00e4kningen, s\u00e5som kostnad f\u00f6r flygbiljett, boendekostnad, f\u00f6rs\u00e4kring, sjukskrivning och s\u00e5 vidare. Dessutom b\u00f6r du ha uppf\u00f6ljning hos kirurgen och m\u00f6jliga postoperativa komplikationer i \u00e5tanke. <\/p>\n\n\n\n<p>N\u00e4r allt kommer till kritan kanske du kommer vilja ha din kirurg i n\u00e4rheten och v\u00e4ljer att transplantera i Sverige.<\/p>\n\n\n\n<h2 class=\"wp-block-heading\">Risker och \u00f6verv\u00e4ganden vid sk\u00e4ggtransplantation<\/h2>\n\n\n\n<p class=\"has-medium-font-size\">Sk\u00e4ggtransplantation \u00e4r ett kirurgiskt ingrepp och medf\u00f6r d\u00e4rf\u00f6r vissa risker. Riskerna kan best\u00e5 av postoperativa komplikationer som kan uppst\u00e5, \u00e4ven om de \u00e4r ovanliga. <\/p>\n\n\n\n<p>Till postoperativa komplikationer r\u00e4knas synliga \u00e4rr, postoperativa infektioner, d\u00e5lig s\u00e5rl\u00e4kning, skador p\u00e5 h\u00e5rfolliklarna, sm\u00e4rta, bl\u00f6dningar, svullnad, domningar, kl\u00e5da och allergisk reaktion p\u00e5 lokalbed\u00f6vningen.<\/p>\n\n\n\n<p>Som tillf\u00e4llig sidoeffekt tappar man sk\u00e4ggstr\u00e5na ungef\u00e4r tre veckor efter operationen. Dessutom kommer h\u00e5ret att bli tunnare p\u00e5 den del av kroppen som anv\u00e4nts som givaromr\u00e5de. Du b\u00f6r ocks\u00e5 ha i \u00e5tanke att det \u00e4r en kostsam behandling. Kostnaden till trots b\u00f6r du v\u00e4lja en tillf\u00f6rlitlig klinik och en erfaren kirurg. Det kan finnas billigare alternativ. T\u00e4nk dock p\u00e5 att du inte vill att en oerfaren kirurg ska arbeta med ditt ansikte.<\/p>\n\n\n\n<p>Hur som helst kommer du att tr\u00e4ffa och prata med kirurgen f\u00f6re operationen och d\u00e5 kan ni diskutera eventuella risker. F\u00f6r att minimera risken f\u00f6r komplikationer b\u00f6r l\u00e4karen ta en utf\u00f6rlig anamnes och f\u00f6rklara hela proceduren genomg\u00e5ende. Under \u00e5tminstone tio dagar f\u00f6re ingreppet ska du undvika Treo, antiinflammatoriska l\u00e4kemedel och alkohol.<\/p>\n\n\n\n<h2 class=\"wp-block-heading\">Transplantationsprocessen<\/h2>\n\n\n\n<p class=\"has-medium-font-size\">Processen vid sk\u00e4ggtransplantation kan p\u00e5g\u00e5 i flera m\u00e5nader. Nedan kan du se en ungef\u00e4rlig tidslinje:<\/p>\n\n\n\n<ul class=\"wp-block-list\"><li><em>Vecka 1\u20132 f\u00f6re ingreppet:<\/em>&nbsp;Du v\u00e4ljer klinik, tr\u00e4ffar kirurgen f\u00f6r konsultation och g\u00f6r tillsammans en detaljerad plan. Ni diskuterar ingreppet och beslutar hur m\u00e5nga grafter som beh\u00f6vs. Om du \u00e4r n\u00f6jd med m\u00f6tet bokas en operationstid in.<\/li><li><em>Sj\u00e4lva ingreppet,&nbsp; 4\u20138 timmar: <\/em>Sj\u00e4lva ingreppet i sig tar 4\u20138 timmar att genomf\u00f6ra.<\/li><li><em>Dag 1<\/em><em>\u20135 efter operationen<\/em>: Du kommer att beh\u00f6va ta v\u00e4l hand om omr\u00e5det f\u00f6r att h\u00e5lla det torrt. Under de f\u00f6rsta dagarna efter ingreppet kan du uppleva lite besv\u00e4r fr\u00e5n omr\u00e5det.<\/li><li><em>Da<\/em><em>g 2:<\/em> Du kan \u00e5terg\u00e5 till vardagliga aktiviteter s\u00e5 l\u00e4nge de inte \u00e4r anstr\u00e4ngande.<\/li><li><em>Vecka 2\u20133: <\/em>N\u00e4r ungef\u00e4r 2\u20133 veckor passerat efter ingreppet kommer de transplanterade h\u00e5rstr\u00e5na falla av.<\/li><li><em>M\u00e5nad 3:<\/em> H\u00e5rstr\u00e5na kommer nu att b\u00f6rja v\u00e4xa ut, och kommer s\u00e5 forts\u00e4tta g\u00f6ra under resten av ditt liv.<\/li><li><em>M\u00e5nad 12:<\/em> Det slutgiltiga resultatet \u00e4r synligt.<\/li><\/ul>\n\n\n\n<h2 class=\"wp-block-heading\">Resultat och efterv\u00e5rd<\/h2>\n\n\n\n<p class=\"has-medium-font-size\">Sk\u00e4ggtransplantationsf\u00f6rloppet kan vara ganska utdraget. F\u00f6r att uppn\u00e5 b\u00e4sta resultat efter operationen \u00e4r det mycket viktigt att f\u00f6lja instruktionerna och att efterv\u00e5rden g\u00f6rs ordentligt.<\/p>\n\n\n\n<ul class=\"wp-block-list\"><li>Under f\u00f6rsta veckan m\u00e5ste du undvika att uts\u00e4tta dig f\u00f6r solljus. Du ska \u00e4ven l\u00e5ta bli att peta dig i ansiktet f\u00f6r att undvika att infektioner och mikrober sprider sig till det sk\u00e4ggiga omr\u00e5det.<\/li><li>N\u00e4r du duschar m\u00e5ste du vara f\u00f6rsiktig och inte applicera n\u00e5got tryck mot ansiktet. Du ska dessutom bara anv\u00e4nda dig av ljummet vatten.<\/li><li>F\u00f6rbered dig p\u00e5 att du kommer att tappa sk\u00e4ggstr\u00e5na 2\u20133 veckor efter operationen. P\u00e5 s\u00e5 s\u00e4tt till\u00e5ts de nya och starka sk\u00e4ggstr\u00e5na v\u00e4xa ut.<\/li><li>Under de f\u00f6rsta tre m\u00e5naderna ska du bara frisera sk\u00e4gget med sax. Resultatet p\u00e5verkas negativt och h\u00e5rgrafterna kan skadas om rakhyvel anv\u00e4nds.<\/li><li>En viss sk\u00e4ggv\u00e4xt kan komma att synas ett par m\u00e5nader efter operationen. Ett fullst\u00e4ndigt resultat kommer dock inte ses f\u00f6rr\u00e4n efter ett \u00e5r.<\/li><\/ul>\n\n\n\n<div style=\"height:50px\" aria-hidden=\"true\" class=\"wp-block-spacer\"><\/div>\n","protected":false},"excerpt":{"rendered":"<p>Vad \u00e4r sk\u00e4ggtransplantation? En sk\u00e4ggtransplantation \u00e4r precis vad namnet antyder. I b\u00f6rjan av 1950-talet&#8230;<\/p>\n","protected":false},"author":4,"featured_media":0,"parent":3809,"menu_order":0,"comment_status":"closed","ping_status":"closed","template":"","meta":{"_acf_changed":false,"footnotes":""},"class_list":["post-3597","page","type-page","status-publish","hentry"],"acf":[],"yoast_head":"<!-- This site is optimized with the Yoast SEO plugin v27.0 - https:\/\/yoast.com\/product\/yoast-seo-wordpress\/ -->\n<title>Sk\u00e4ggtransplantation - Stor guide med tips 2026<\/title>\n<meta name=\"description\" content=\"Vad \u00e4r en sk\u00e4ggtransplantation och hur utf\u00f6rs den? L\u00e4s om behandlingsalternativ, Risker &amp; bieffekter, hur m\u00e5nga h\u00e5rs\u00e4ckar som beh\u00f6vs m.m.\" \/>\n<meta name=\"robots\" content=\"index, follow, max-snippet:-1, max-image-preview:large, max-video-preview:-1\" \/>\n<link rel=\"canonical\" href=\"https:\/\/cosmena.com\/sv\/hartransplantation\/omraden\/skaggtransplantation\/\" \/>\n<meta property=\"og:locale\" content=\"sv_SE\" \/>\n<meta property=\"og:type\" content=\"article\" \/>\n<meta property=\"og:title\" content=\"Sk\u00e4ggtransplantation - Stor guide med tips 2026\" \/>\n<meta property=\"og:description\" content=\"Vad \u00e4r en sk\u00e4ggtransplantation och hur utf\u00f6rs den? L\u00e4s om behandlingsalternativ, Risker &amp; bieffekter, hur m\u00e5nga h\u00e5rs\u00e4ckar som beh\u00f6vs m.m.\" \/>\n<meta property=\"og:url\" content=\"https:\/\/cosmena.com\/sv\/hartransplantation\/omraden\/skaggtransplantation\/\" \/>\n<meta property=\"og:site_name\" content=\"Cosmena\" \/>\n<meta property=\"article:modified_time\" content=\"2022-02-18T07:44:03+00:00\" \/>\n<meta property=\"og:image\" content=\"http:\/\/cosmena.com\/wp-content\/uploads\/2021\/11\/beard-hair-transplant-hero-1200-675px-1024x576.png\" \/>\n<meta name=\"twitter:card\" content=\"summary_large_image\" \/>\n<meta name=\"twitter:label1\" content=\"Ber\u00e4knad l\u00e4stid\" \/>\n\t<meta name=\"twitter:data1\" content=\"10 minuter\" \/>\n<!-- \/ Yoast SEO plugin. -->","yoast_head_json":{"title":"Sk\u00e4ggtransplantation - Stor guide med tips 2026","description":"Vad \u00e4r en sk\u00e4ggtransplantation och hur utf\u00f6rs den? L\u00e4s om behandlingsalternativ, Risker & bieffekter, hur m\u00e5nga h\u00e5rs\u00e4ckar som beh\u00f6vs m.m.","robots":{"index":"index","follow":"follow","max-snippet":"max-snippet:-1","max-image-preview":"max-image-preview:large","max-video-preview":"max-video-preview:-1"},"canonical":"https:\/\/cosmena.com\/sv\/hartransplantation\/omraden\/skaggtransplantation\/","og_locale":"sv_SE","og_type":"article","og_title":"Sk\u00e4ggtransplantation - Stor guide med tips 2026","og_description":"Vad \u00e4r en sk\u00e4ggtransplantation och hur utf\u00f6rs den? L\u00e4s om behandlingsalternativ, Risker & bieffekter, hur m\u00e5nga h\u00e5rs\u00e4ckar som beh\u00f6vs m.m.","og_url":"https:\/\/cosmena.com\/sv\/hartransplantation\/omraden\/skaggtransplantation\/","og_site_name":"Cosmena","article_modified_time":"2022-02-18T07:44:03+00:00","og_image":[{"url":"http:\/\/cosmena.com\/wp-content\/uploads\/2021\/11\/beard-hair-transplant-hero-1200-675px-1024x576.png","type":"","width":"","height":""}],"twitter_card":"summary_large_image","twitter_misc":{"Ber\u00e4knad l\u00e4stid":"10 minuter"},"schema":{"@context":"https:\/\/schema.org","@graph":[{"@type":"WebPage","@id":"https:\/\/cosmena.com\/sv\/hartransplantation\/omraden\/skaggtransplantation\/","url":"https:\/\/cosmena.com\/sv\/hartransplantation\/omraden\/skaggtransplantation\/","name":"Sk\u00e4ggtransplantation - Stor guide med tips 2026","isPartOf":{"@id":"https:\/\/cosmena.com\/sv\/#website"},"primaryImageOfPage":{"@id":"https:\/\/cosmena.com\/sv\/hartransplantation\/omraden\/skaggtransplantation\/#primaryimage"},"image":{"@id":"https:\/\/cosmena.com\/sv\/hartransplantation\/omraden\/skaggtransplantation\/#primaryimage"},"thumbnailUrl":"http:\/\/cosmena.com\/wp-content\/uploads\/2021\/11\/beard-hair-transplant-hero-1200-675px-1024x576.png","datePublished":"2022-02-10T01:00:14+00:00","dateModified":"2022-02-18T07:44:03+00:00","description":"Vad \u00e4r en sk\u00e4ggtransplantation och hur utf\u00f6rs den? L\u00e4s om behandlingsalternativ, Risker & bieffekter, hur m\u00e5nga h\u00e5rs\u00e4ckar som beh\u00f6vs m.m.","breadcrumb":{"@id":"https:\/\/cosmena.com\/sv\/hartransplantation\/omraden\/skaggtransplantation\/#breadcrumb"},"inLanguage":"sv-SE","potentialAction":[{"@type":"ReadAction","target":["https:\/\/cosmena.com\/sv\/hartransplantation\/omraden\/skaggtransplantation\/"]}]},{"@type":"ImageObject","inLanguage":"sv-SE","@id":"https:\/\/cosmena.com\/sv\/hartransplantation\/omraden\/skaggtransplantation\/#primaryimage","url":"http:\/\/cosmena.com\/wp-content\/uploads\/2021\/11\/beard-hair-transplant-hero-1200-675px-1024x576.png","contentUrl":"http:\/\/cosmena.com\/wp-content\/uploads\/2021\/11\/beard-hair-transplant-hero-1200-675px-1024x576.png"},{"@type":"BreadcrumbList","@id":"https:\/\/cosmena.com\/sv\/hartransplantation\/omraden\/skaggtransplantation\/#breadcrumb","itemListElement":[{"@type":"ListItem","position":1,"name":"Home","item":"https:\/\/cosmena.com\/sv\/"},{"@type":"ListItem","position":2,"name":"H\u00e5rtransplantation","item":"https:\/\/cosmena.com\/sv\/hartransplantation\/"},{"@type":"ListItem","position":3,"name":"Omr\u00e5den f\u00f6r H\u00e5rtransplantation","item":"https:\/\/cosmena.com\/sv\/hartransplantation\/omraden\/"},{"@type":"ListItem","position":4,"name":"Sk\u00e4ggtransplantation"}]},{"@type":"WebSite","@id":"https:\/\/cosmena.com\/sv\/#website","url":"https:\/\/cosmena.com\/sv\/","name":"Cosmena","description":"Your extensive guide to cosmetic treatments","publisher":{"@id":"https:\/\/cosmena.com\/sv\/#organization"},"potentialAction":[{"@type":"SearchAction","target":{"@type":"EntryPoint","urlTemplate":"https:\/\/cosmena.com\/sv\/?s={search_term_string}"},"query-input":{"@type":"PropertyValueSpecification","valueRequired":true,"valueName":"search_term_string"}}],"inLanguage":"sv-SE"},{"@type":"Organization","@id":"https:\/\/cosmena.com\/sv\/#organization","name":"Cosmena","url":"https:\/\/cosmena.com\/sv\/","logo":{"@type":"ImageObject","inLanguage":"sv-SE","@id":"https:\/\/cosmena.com\/sv\/#\/schema\/logo\/image\/","url":"https:\/\/cosmena.com\/wp-content\/uploads\/2021\/06\/cosmena-logo-bw-1.1.png","contentUrl":"https:\/\/cosmena.com\/wp-content\/uploads\/2021\/06\/cosmena-logo-bw-1.1.png","width":600,"height":82,"caption":"Cosmena"},"image":{"@id":"https:\/\/cosmena.com\/sv\/#\/schema\/logo\/image\/"}}]}},"_links":{"self":[{"href":"https:\/\/cosmena.com\/sv\/wp-json\/wp\/v2\/pages\/3597","targetHints":{"allow":["GET"]}}],"collection":[{"href":"https:\/\/cosmena.com\/sv\/wp-json\/wp\/v2\/pages"}],"about":[{"href":"https:\/\/cosmena.com\/sv\/wp-json\/wp\/v2\/types\/page"}],"author":[{"embeddable":true,"href":"https:\/\/cosmena.com\/sv\/wp-json\/wp\/v2\/users\/4"}],"replies":[{"embeddable":true,"href":"https:\/\/cosmena.com\/sv\/wp-json\/wp\/v2\/comments?post=3597"}],"version-history":[{"count":21,"href":"https:\/\/cosmena.com\/sv\/wp-json\/wp\/v2\/pages\/3597\/revisions"}],"predecessor-version":[{"id":4653,"href":"https:\/\/cosmena.com\/sv\/wp-json\/wp\/v2\/pages\/3597\/revisions\/4653"}],"up":[{"embeddable":true,"href":"https:\/\/cosmena.com\/sv\/wp-json\/wp\/v2\/pages\/3809"}],"wp:attachment":[{"href":"https:\/\/cosmena.com\/sv\/wp-json\/wp\/v2\/media?parent=3597"}],"curies":[{"name":"wp","href":"https:\/\/api.w.org\/{rel}","templated":true}]}}