{"id":3634,"date":"2022-02-10T05:04:25","date_gmt":"2022-02-10T04:04:25","guid":{"rendered":"http:\/\/cosmena.com\/?page_id=3634"},"modified":"2022-02-18T08:06:59","modified_gmt":"2022-02-18T07:06:59","slug":"symptom","status":"publish","type":"page","link":"https:\/\/cosmena.com\/sv\/haravfall\/symptom\/","title":{"rendered":"Symptom p\u00e5 H\u00e5ravfall"},"content":{"rendered":"\n<div class=\"wp-block-media-text alignfull is-stacked-on-mobile is-image-fill has-background\" style=\"background-color:#e8e8e8\"><figure class=\"wp-block-media-text__media\" style=\"background-image:url(http:\/\/cosmena.com\/wp-content\/uploads\/2021\/11\/Hair-loss-symptoms-hero-1200-675px-1024x576.png);background-position:8% 25%\"><img loading=\"lazy\" decoding=\"async\" width=\"1024\" height=\"576\" src=\"http:\/\/cosmena.com\/wp-content\/uploads\/2021\/11\/Hair-loss-symptoms-hero-1200-675px-1024x576.png\" alt=\"Symptom-p\u00e5-H\u00e5ravfall-hero-1200-675px\" class=\"wp-image-2350 size-full\" srcset=\"https:\/\/cosmena.com\/wp-content\/uploads\/2021\/11\/Hair-loss-symptoms-hero-1200-675px-1024x576.png 1024w, https:\/\/cosmena.com\/wp-content\/uploads\/2021\/11\/Hair-loss-symptoms-hero-1200-675px-300x169.png 300w, https:\/\/cosmena.com\/wp-content\/uploads\/2021\/11\/Hair-loss-symptoms-hero-1200-675px-768x432.png 768w, https:\/\/cosmena.com\/wp-content\/uploads\/2021\/11\/Hair-loss-symptoms-hero-1200-675px.png 1200w\" sizes=\"auto, (max-width: 1024px) 100vw, 1024px\" \/><\/figure><div class=\"wp-block-media-text__content\">\n<div style=\"height:100px\" aria-hidden=\"true\" class=\"wp-block-spacer\"><\/div>\n\n\n\n<h1 class=\"wp-block-heading\">Symptom p\u00e5 H\u00e5ravfall<\/h1>\n\n\n\n<p class=\"has-medium-font-size\">Alopeci, eller h\u00e5ravfall kan p\u00e5verka h\u00e5rv\u00e4xten p\u00e5 ditt huvud eller andra delar av kroppen. M\u00e5nga sjukdomar och tillst\u00e5nd kan orsaka h\u00e5ravfall. Beroende p\u00e5 orsaken s\u00e5 \u00e4r k\u00e4nnetecken f\u00f6r det aktuella h\u00e5ravfallet eller de symtom p\u00e5 tunnh\u00e5righet som uppst\u00e5r varierande i utseende. <\/p>\n\n\n\n<p>\u00c4ven om det \u00e4r helt normalt att tappa h\u00e5r dagligen, s\u00e5 m\u00e4rker du vanligen att du tappar mer h\u00e5r \u00e4n vad som \u00e4r normalt.<\/p>\n\n\n\n<p>I de flesta fall s\u00e5 m\u00e4rker en person en st\u00f6rre m\u00e4ngd h\u00e5r p\u00e5 h\u00e5rborsten eller kammen, alternativt att det samlats mer h\u00e5r i avloppet efter en dusch eller ett bad. Du kan sj\u00e4lvklart ocks\u00e5 direkt m\u00e4rka att h\u00e5ret blivit tunnare eller saknas p\u00e5 platser d\u00e4r det tidigare fanns. Ditt h\u00e5rf\u00e4ste kan bli h\u00f6gre eller f\u00f6r\u00e4ndras och fl\u00e4ckar med h\u00e5rl\u00f6sa omr\u00e5den kan uppst\u00e5. Om din l\u00e4kare g\u00e5r igenom dina specifika symptom och k\u00e4nnetecken f\u00f6r h\u00e5ravfall, s\u00e5 kan dem i allm\u00e4nhet peka ut orsaken och p\u00e5b\u00f6rja behandling.<\/p>\n\n\n\n<div style=\"height:100px\" aria-hidden=\"true\" class=\"wp-block-spacer\"><\/div>\n<\/div><\/div>\n\n\n\n<div style=\"height:50px\" aria-hidden=\"true\" class=\"wp-block-spacer\"><\/div>\n\n\n\n<div class=\"wp-block-columns alignwide is-layout-flex wp-container-core-columns-is-layout-9d6595d7 wp-block-columns-is-layout-flex\">\n<div class=\"wp-block-column is-vertically-aligned-top box has-shadow rounded-corners is-layout-flow wp-block-column-is-layout-flow\">\n<figure class=\"wp-block-image size-large\"><img loading=\"lazy\" decoding=\"async\" width=\"1024\" height=\"576\" src=\"http:\/\/cosmena.com\/wp-content\/uploads\/2021\/11\/Female-pattern-baldness-hero-1200-675px-1024x576.png\" alt=\"Female-pattern-baldness-hero-1200-675px\" class=\"wp-image-2358\" srcset=\"https:\/\/cosmena.com\/wp-content\/uploads\/2021\/11\/Female-pattern-baldness-hero-1200-675px-1024x576.png 1024w, https:\/\/cosmena.com\/wp-content\/uploads\/2021\/11\/Female-pattern-baldness-hero-1200-675px-300x169.png 300w, https:\/\/cosmena.com\/wp-content\/uploads\/2021\/11\/Female-pattern-baldness-hero-1200-675px-768x432.png 768w, https:\/\/cosmena.com\/wp-content\/uploads\/2021\/11\/Female-pattern-baldness-hero-1200-675px.png 1200w\" sizes=\"auto, (max-width: 1024px) 100vw, 1024px\" \/><\/figure>\n\n\n\n<p><strong><a href=\"https:\/\/cosmena.com\/sv\/haravfall\/symptom\/kvinnligt-haravfall\/\">Kvinnligt h\u00e5ravfall<\/a><\/strong><\/p>\n<\/div>\n\n\n\n<div class=\"wp-block-column is-vertically-aligned-top box has-shadow rounded-corners is-layout-flow wp-block-column-is-layout-flow\">\n<figure class=\"wp-block-image size-large\"><img loading=\"lazy\" decoding=\"async\" width=\"1024\" height=\"576\" src=\"http:\/\/cosmena.com\/wp-content\/uploads\/2021\/11\/Beard-balding-hero-1200-675px-1024x576.png\" alt=\"Beard-balding-hero-1200-675px\" class=\"wp-image-2354\" srcset=\"https:\/\/cosmena.com\/wp-content\/uploads\/2021\/11\/Beard-balding-hero-1200-675px-1024x576.png 1024w, https:\/\/cosmena.com\/wp-content\/uploads\/2021\/11\/Beard-balding-hero-1200-675px-300x169.png 300w, https:\/\/cosmena.com\/wp-content\/uploads\/2021\/11\/Beard-balding-hero-1200-675px-768x432.png 768w, https:\/\/cosmena.com\/wp-content\/uploads\/2021\/11\/Beard-balding-hero-1200-675px.png 1200w\" sizes=\"auto, (max-width: 1024px) 100vw, 1024px\" \/><\/figure>\n\n\n\n<p><strong><strong><strong><a href=\"https:\/\/cosmena.com\/sv\/haravfall\/symptom\/kala-flackar-i-skagget\/\">Kala fl\u00e4ckar i sk\u00e4gget<\/a><\/strong><\/strong><\/strong><\/p>\n<\/div>\n\n\n\n<div class=\"wp-block-column is-vertically-aligned-top box has-shadow rounded-corners is-layout-flow wp-block-column-is-layout-flow\">\n<figure class=\"wp-block-image size-large\"><img loading=\"lazy\" decoding=\"async\" width=\"1024\" height=\"576\" src=\"http:\/\/cosmena.com\/wp-content\/uploads\/2021\/11\/Male-pattern-baldness-hero-1200-675px-1-1024x576.png\" alt=\"Male-pattern-baldness-hero-1200-675px\" class=\"wp-image-2364\" srcset=\"https:\/\/cosmena.com\/wp-content\/uploads\/2021\/11\/Male-pattern-baldness-hero-1200-675px-1-1024x576.png 1024w, https:\/\/cosmena.com\/wp-content\/uploads\/2021\/11\/Male-pattern-baldness-hero-1200-675px-1-300x169.png 300w, https:\/\/cosmena.com\/wp-content\/uploads\/2021\/11\/Male-pattern-baldness-hero-1200-675px-1-768x432.png 768w, https:\/\/cosmena.com\/wp-content\/uploads\/2021\/11\/Male-pattern-baldness-hero-1200-675px-1.png 1200w\" sizes=\"auto, (max-width: 1024px) 100vw, 1024px\" \/><\/figure>\n\n\n\n<p><strong><strong><strong><a href=\"https:\/\/cosmena.com\/sv\/haravfall\/symptom\/manligt-haravfall\/\">Manligt H\u00e5ravfall<\/a><\/strong><\/strong><\/strong><\/p>\n<\/div>\n<\/div>\n\n\n\n<div class=\"wp-block-columns alignwide is-layout-flex wp-container-core-columns-is-layout-9d6595d7 wp-block-columns-is-layout-flex\">\n<div class=\"wp-block-column is-vertically-aligned-top box has-shadow rounded-corners is-layout-flow wp-block-column-is-layout-flow\">\n<p><\/p>\n<\/div>\n\n\n\n<div class=\"wp-block-column is-vertically-aligned-top box has-shadow rounded-corners is-layout-flow wp-block-column-is-layout-flow\">\n<figure class=\"wp-block-image size-large\"><img loading=\"lazy\" decoding=\"async\" width=\"1024\" height=\"576\" src=\"http:\/\/cosmena.com\/wp-content\/uploads\/2021\/11\/Thinning-hair-hero-1200-675px-1024x576.png\" alt=\"Thinning-hair-hero-1200-675px\" class=\"wp-image-2371\" srcset=\"https:\/\/cosmena.com\/wp-content\/uploads\/2021\/11\/Thinning-hair-hero-1200-675px-1024x576.png 1024w, https:\/\/cosmena.com\/wp-content\/uploads\/2021\/11\/Thinning-hair-hero-1200-675px-300x169.png 300w, https:\/\/cosmena.com\/wp-content\/uploads\/2021\/11\/Thinning-hair-hero-1200-675px-768x432.png 768w, https:\/\/cosmena.com\/wp-content\/uploads\/2021\/11\/Thinning-hair-hero-1200-675px.png 1200w\" sizes=\"auto, (max-width: 1024px) 100vw, 1024px\" \/><\/figure>\n\n\n\n<p><strong><strong><strong><a href=\"https:\/\/cosmena.com\/sv\/haravfall\/symptom\/tunnharighet\/\">Tunnh\u00e5righet<\/a><\/strong><\/strong><\/strong><\/p>\n<\/div>\n\n\n\n<div class=\"wp-block-column is-vertically-aligned-top box has-shadow rounded-corners is-layout-flow wp-block-column-is-layout-flow\">\n<figure class=\"wp-block-image size-large\"><img loading=\"lazy\" decoding=\"async\" width=\"1024\" height=\"576\" src=\"http:\/\/cosmena.com\/wp-content\/uploads\/2021\/11\/Traction-alopecia-hero-1200-675px-1024x576.png\" alt=\"Traction-alopecia-hero-1200-675px\" class=\"wp-image-2374\" srcset=\"https:\/\/cosmena.com\/wp-content\/uploads\/2021\/11\/Traction-alopecia-hero-1200-675px-1024x576.png 1024w, https:\/\/cosmena.com\/wp-content\/uploads\/2021\/11\/Traction-alopecia-hero-1200-675px-300x169.png 300w, https:\/\/cosmena.com\/wp-content\/uploads\/2021\/11\/Traction-alopecia-hero-1200-675px-768x432.png 768w, https:\/\/cosmena.com\/wp-content\/uploads\/2021\/11\/Traction-alopecia-hero-1200-675px.png 1200w\" sizes=\"auto, (max-width: 1024px) 100vw, 1024px\" \/><\/figure>\n\n\n\n<p><strong><strong><strong><a href=\"https:\/\/cosmena.com\/sv\/haravfall\/symptom\/traction-alopecia\/\">Traction Alopecia<\/a><\/strong><\/strong><\/strong><\/p>\n<\/div>\n<\/div>\n\n\n\n<div style=\"height:50px\" aria-hidden=\"true\" class=\"wp-block-spacer\"><\/div>\n\n\n\n<h2 class=\"wp-block-heading\">Hur kan H\u00e5ravfall visa sig?<\/h2>\n\n\n\n<p class=\"has-medium-font-size\"><a href=\"https:\/\/cosmena.com\/sv\/haravfall\/\">H\u00e5ravfall <\/a>kan upptr\u00e4da p\u00e5 m\u00e5nga olika s\u00e4tt &#8211; fr\u00e5n tunnare h\u00e5rv\u00e4xt till total skallighet. Den vanligaste orsaken till h\u00e5ravfall \u00e4r genetisk f\u00f6r b\u00e5de m\u00e4n och kvinnor och orsakar typerna manligt- respektive kvinnligt h\u00e5ravfall<\/p>\n\n\n\n<p>Om en man m\u00e4rker en gradvis f\u00f6rtunning av sitt h\u00e5r vid h\u00e5rlinjen blir konsekvensen av detta ofta ett h\u00f6gre h\u00e5rf\u00e4ste. Ofta \u00e4r det det f\u00f6rsta tecknet p\u00e5 h\u00e5ravfall av manlig typ. Senare \u00e4r det vanligt att h\u00e5ret p\u00e5 hj\u00e4ssan b\u00f6rjar bli tunnare, eller att vikar b\u00f6rjar upptr\u00e4da. I takt med att sjukdomen fortskrider blir hj\u00e4ssan och vikarna st\u00f6rre, och det kan till och med b\u00f6rja ske h\u00e5ravfall p\u00e5 andra omr\u00e5den ex. sk\u00e4gget. Slutligen resulterar h\u00e5ravfallet i den klassiska &#8221;munk&#8221;- eller &#8221;H\u00e4stskolooken&#8221; d\u00e4r v\u00e4ldigt lite h\u00e5r finns kvar mitt p\u00e5 huvudet medans det har bevarats p\u00e5 sidorna. <\/p>\n\n\n\n<p>\u00c4rftligt h\u00e5ravfall f\u00f6r kvinnor leder ofta till n\u00e5got andra konsekvenser \u00e4n vad \u00e4r fallet f\u00f6r m\u00e4n. Ofta upptr\u00e4der en f\u00f6rtunning av h\u00e5ret snarare \u00e4n fl\u00e4ckvis f\u00f6rlust. H\u00e5rf\u00e4stet l\u00e4mnas dock ofta intakt av sjudomen.<\/p>\n\n\n\n<p>En annan orsak till generellt tunnare h\u00e5r \u00e4r en sjukdom som kallas f\u00f6r telgoen effluvium. Den skiljer sig fr\u00e5n andra typer av h\u00e5ravfall i det att sm\u00e5 vita keratinklumpar bildas vid roten av h\u00e5rs\u00e4ckarna. Efter att de har bildats faller h\u00e5rs\u00e4ckarna av. Denna typ av h\u00e5ravfall orsakar ofta diffus h\u00e5rf\u00f6rtunning &#8211; ofta mitt p\u00e5 skallen &#8211; och i s\u00e4llsynta fall kan det ske en f\u00f6rh\u00f6jning av h\u00e5rf\u00e4stet. <\/p>\n\n\n\n<p>Totalt h\u00e5ravfall p\u00e5 huvudet kan ske vid vissa typer av h\u00e5ravfall, oftast p\u00e5 grund av medicinska tillst\u00e5nd eller som en bieffekt av medicinsk behandling s\u00e5som cellgiftsbehandling eller vid kronisk fysisk- eller emotionell stress. <\/p>\n\n\n\n<p>F\u00f6r m\u00e4n \u00e4r det mer sannolikt att tappa h\u00e5ret p\u00e5 vissa delar av kroppen. Sk\u00e4gget \u00e4r exempelvis ett av de omr\u00e5den som p\u00e5verkas ofta vid manligt h\u00e5ravfall. Sk\u00e4ggavfall kan visa sig som total f\u00f6rlust av sk\u00e4gget, eller som kala fl\u00e4ckar i sk\u00e4gget. <\/p>\n\n\n\n<p>Fl\u00e4ckvist h\u00e5ravfall kan visa sig \u00f6verallt p\u00e5 kroppen d\u00e4r h\u00e5r v\u00e4xer, som ett symtom p\u00e5 sjukdomen alopecia universalis (Generellt h\u00e5ravfall). Typiskt sett \u00e4r de dock lokaliserade till huvudet och ansiktet. Om de h\u00e5rl\u00f6sa fl\u00e4ckarna uppst\u00e5r tillsammans med \u00e4rr, s\u00e5 kan personen ifr\u00e5ga vara utsatt f\u00f6r s\u00e5 kallad \u00e4rribildande h\u00e5ravfall. I detta fall \u00e4r det ett icke-\u00e5terst\u00e4llbart, permanent h\u00e5ravfall av h\u00e5rs\u00e4ckarna som byts ut mot \u00e4rrv\u00e4vnad. Detta tillst\u00e5nd kan b\u00f6rja sm\u00e5tt och progressivt bli v\u00e4rre, men det omsluter s\u00e4llan hela huvudet. <\/p>\n\n\n\n<p>H\u00e5rlinjen kan dras bak\u00e5t och orsaka ett h\u00f6gt h\u00e5rf\u00e4ste via tillst\u00e5ndet traction alopecia, vilket uppst\u00e5r n\u00e4r en person drar, eller sp\u00e4nner h\u00e5ret genom vissa typer av frisyrer, maniskt beteende och liknande. <\/p>\n\n\n\n<h2 class=\"wp-block-heading\">Orsaker till symptom p\u00e5 h\u00e5ravfall<\/h2>\n\n\n\n<p class=\"has-medium-font-size\">Orsakerna till h\u00e5ravfall \u00e4r flera. Vissa \u00e4r relaterade till tillf\u00e4lliga tillst\u00e5nd, medans andra leder till permanent h\u00e5ravfall.<\/p>\n\n\n\n<p class=\"has-normal-font-size\">Det som orsakar din specifika typ av h\u00e5ravfall p\u00e5verkar huruvida dina h\u00e5rf\u00f6rluster kommer ske gradvis eller pl\u00f6tsligt. Det p\u00e5verkar om det kommer v\u00e4xa \u00e5ter p\u00e5 egen hand, eller kr\u00e4ver behandling eller v\u00e5rd f\u00f6r att undvika ytterligare eller helt permanent f\u00f6rlust. H\u00e5ravfall kan orsakas av:<\/p>\n\n\n\n<ul class=\"wp-block-list\"><li><strong>Genetik: <\/strong>\u00c4rftligt h\u00e5ravfall (adrogen alopeci), \u00e4r den vanligaste formen av h\u00e5ravfall. Det kan p\u00e5verka b\u00e5de m\u00e4n och kvinnor via manligt fl\u00e4ckvis h\u00e5ravfall och kvinnligt fl\u00e4ckvis h\u00e5ravfall. \u00c4ven om symptomen kan visa sig tidigt i livet, b\u00f6rjar det typiskt sett senare i livet i takt med att vi \u00e5ldras. Om du vet med dig n\u00e5gon i din familj som lider av h\u00e5ravfall med s\u00e4rskilda symptom, s\u00e5 finns en risk f\u00f6r att \u00e4ven du har dessa gener. M\u00e4n tappar h\u00e5ret n\u00e5got annarlunda \u00e4n vad kvinnor g\u00f6r. M\u00e4n f\u00e5r typiskt sett ett h\u00f6gre h\u00e5rf\u00e4ste som sedan vandrar bak\u00e5t mot hj\u00e4ssan. Kvinnor \u00e4r desto mer drabbade av diffus h\u00e5rf\u00f6rtunning. M\u00e5nga behandlingar finns f\u00f6r Genetiskt orsakat h\u00e5ravfall.<\/li><li><strong>Vissa sjukdomstillst\u00e5nd<\/strong>: Flera sjukdomar kan orsaka h\u00e5ravfall. En s\u00e5dana \u00e4r alopecia areata, d\u00e4r immunf\u00f6rsvaret attackerar sina egna h\u00e5rs\u00e4ckar vilket orsakar f\u00f6rlust av h\u00e5r. Ofta utrycker sig symptomen som kala fl\u00e4ckar. Det \u00e4r inte ovanligt att vissa typer av hudsjukdomar och tillst\u00e5nd orsakar h\u00e5ravfall. Ett exempel p\u00e5 det \u00e4r Psoriasis, infektioner i h\u00e5rbotten eller lichen planus. \u00c4ven Lupus kan orsaka h\u00e5ravfall. Trichotillomani, vilket inneb\u00e4r ett tv\u00e5ngsm\u00e4ssigt beteende d\u00e4r personen rycker eller drar i sitt eget h\u00e5r. Detta orsakar s\u00e5klart h\u00e5ravfall.&nbsp;M\u00e4nniskor som lider av diabetes har ocks\u00e5 st\u00f6rre sannolikhet att utveckla alopecia areata och d\u00e4rmed h\u00e5ravfall. \u00c4ven om h\u00e5ravfall inte \u00e4r ett typiskt symptom n\u00e4r det kommer till MS (Multipel skleros), s\u00e5 kan det vara en bieffekt av n\u00e5gra av de mediciner som anv\u00e4nds f\u00f6r att behandla sjukdomen. <\/li><li><strong>Medicinering<\/strong>:&nbsp;Ibland kommer mediciner med vissa sidoeffekter, vilket tempor\u00e4rt kan orsaka h\u00e5ravfall. Dessa mediciner \u00e4r vanligtvis anv\u00e4nda vid behandling av cancer, artros, depression, h\u00f6gt blodtryck, hj\u00e4rtproblem, akne, br\u00e5ck. \u00c4ven om medicinerna orsakar tempor\u00e4rt h\u00e5ravfall, \u00e4r det viktigt att inte sluta ta dem om inte l\u00e4kare ordinerat annat. <\/li><li><strong>Hormonrubbningar<\/strong>: \u00c4ndringar i kroppens hormoner kan orsaka tempor\u00e4r eller permanent h\u00e5rf\u00f6rtunning eller h\u00e5ravfall. PCOS eller Polycystiskt ovariesyndrom, kan hos kvinnor inneb\u00e4ra signifikant h\u00e5rf\u00f6rtunning eller till och med h\u00e5ravfall. \u00c4ven om det inte sker ofta, s\u00e5 kan barnaf\u00f6dsel trigga h\u00e5ravfall hos kvinnor kort efter f\u00f6dseln skett. Ofta \u00e4r det d\u00e5 Telogen effluvium som sp\u00f6kar. Vidare f\u00e5r kvinnor hormonst\u00f6rningar i senare delen av livet genom klimakteriet d\u00e5 hormonrubbningar sker som kan orsaka h\u00e5ravfall. <\/li><li><strong>Diet och kost<\/strong>: Dieter med lite protein eller allm\u00e4nt d\u00e5lig kosth\u00e5llning kan leda till glesare h\u00e5r. En d\u00e5lig kost kan p\u00e5verka b\u00e5de h\u00e5rets struktur och tillv\u00e4xt negativt. Anemi(blodbrist), s\u00e4rskilt j\u00e4rnanemi \u00e4r en vanlig orsak till h\u00e5rf\u00f6rtunning. Zink, Niacin, fettsyror, selen, biotin och vitamin E kan orsaka h\u00e5rf\u00f6rtunning om brist finns p\u00e5 dessa n\u00e4rings\u00e4mnen. <\/li><li><strong>Stress<\/strong>: H\u00e5ravfall och tunnh\u00e5righet kan uppst\u00e5 som en konsekvens av fysiska eller k\u00e4nslom\u00e4ssiga trauman eller chock som du har uts\u00e4tts f\u00f6r. Detta \u00e4r mycket vanligt.<\/li><li><strong>\u00d6verdriven styling av h\u00e5ret:<\/strong> Aggressiva eller slitande h\u00e5rbehandlingar kan orsaka skador p\u00e5 h\u00e5ret och som en konsekvens d\u00e4rav att det faller av. Permanentande av h\u00e5ret, f\u00e4rgning eller speciella frisyrer (ex. h\u00e5rda fl\u00e4tor) kan orsaka h\u00e5ravfall.  <\/li><\/ul>\n\n\n\n<div style=\"height:50px\" aria-hidden=\"true\" class=\"wp-block-spacer\"><\/div>\n","protected":false},"excerpt":{"rendered":"<p>Kvinnligt h\u00e5ravfall Kala fl\u00e4ckar i sk\u00e4gget Manligt H\u00e5ravfall Tunnh\u00e5righet Traction Alopecia Hur kan H\u00e5ravfall&#8230;<\/p>\n","protected":false},"author":4,"featured_media":0,"parent":3459,"menu_order":0,"comment_status":"closed","ping_status":"closed","template":"","meta":{"_acf_changed":false,"footnotes":""},"class_list":["post-3634","page","type-page","status-publish","hentry"],"acf":[],"yoast_head":"<!-- This site is optimized with the Yoast SEO plugin v27.0 - https:\/\/yoast.com\/product\/yoast-seo-wordpress\/ -->\n<title>Symtom p\u00e5 H\u00e5ravfall - Stor Guide till alla varianter 2026<\/title>\n<meta name=\"description\" content=\"Hur kan h\u00e5ravfall ta sig utryck hos m\u00e4n- och kvinnor? Vad \u00e4r de vanligaste varianterna, och hur \u00e4r det med sk\u00e4gget och ansiktsbeh\u00e5ringen?\" \/>\n<meta name=\"robots\" content=\"index, follow, max-snippet:-1, max-image-preview:large, max-video-preview:-1\" \/>\n<link rel=\"canonical\" href=\"https:\/\/cosmena.com\/sv\/haravfall\/symptom\/\" \/>\n<meta property=\"og:locale\" content=\"sv_SE\" \/>\n<meta property=\"og:type\" content=\"article\" \/>\n<meta property=\"og:title\" content=\"Symtom p\u00e5 H\u00e5ravfall - Stor Guide till alla varianter 2026\" \/>\n<meta property=\"og:description\" content=\"Hur kan h\u00e5ravfall ta sig utryck hos m\u00e4n- och kvinnor? Vad \u00e4r de vanligaste varianterna, och hur \u00e4r det med sk\u00e4gget och ansiktsbeh\u00e5ringen?\" \/>\n<meta property=\"og:url\" content=\"https:\/\/cosmena.com\/sv\/haravfall\/symptom\/\" \/>\n<meta property=\"og:site_name\" content=\"Cosmena\" \/>\n<meta property=\"article:modified_time\" content=\"2022-02-18T07:06:59+00:00\" \/>\n<meta property=\"og:image\" content=\"http:\/\/cosmena.com\/wp-content\/uploads\/2021\/11\/Hair-loss-symptoms-hero-1200-675px-1024x576.png\" \/>\n<meta name=\"twitter:card\" content=\"summary_large_image\" \/>\n<meta name=\"twitter:label1\" content=\"Ber\u00e4knad l\u00e4stid\" \/>\n\t<meta name=\"twitter:data1\" content=\"7 minuter\" \/>\n<!-- \/ Yoast SEO plugin. -->","yoast_head_json":{"title":"Symtom p\u00e5 H\u00e5ravfall - Stor Guide till alla varianter 2026","description":"Hur kan h\u00e5ravfall ta sig utryck hos m\u00e4n- och kvinnor? Vad \u00e4r de vanligaste varianterna, och hur \u00e4r det med sk\u00e4gget och ansiktsbeh\u00e5ringen?","robots":{"index":"index","follow":"follow","max-snippet":"max-snippet:-1","max-image-preview":"max-image-preview:large","max-video-preview":"max-video-preview:-1"},"canonical":"https:\/\/cosmena.com\/sv\/haravfall\/symptom\/","og_locale":"sv_SE","og_type":"article","og_title":"Symtom p\u00e5 H\u00e5ravfall - Stor Guide till alla varianter 2026","og_description":"Hur kan h\u00e5ravfall ta sig utryck hos m\u00e4n- och kvinnor? Vad \u00e4r de vanligaste varianterna, och hur \u00e4r det med sk\u00e4gget och ansiktsbeh\u00e5ringen?","og_url":"https:\/\/cosmena.com\/sv\/haravfall\/symptom\/","og_site_name":"Cosmena","article_modified_time":"2022-02-18T07:06:59+00:00","og_image":[{"url":"http:\/\/cosmena.com\/wp-content\/uploads\/2021\/11\/Hair-loss-symptoms-hero-1200-675px-1024x576.png","type":"","width":"","height":""}],"twitter_card":"summary_large_image","twitter_misc":{"Ber\u00e4knad l\u00e4stid":"7 minuter"},"schema":{"@context":"https:\/\/schema.org","@graph":[{"@type":"WebPage","@id":"https:\/\/cosmena.com\/sv\/haravfall\/symptom\/","url":"https:\/\/cosmena.com\/sv\/haravfall\/symptom\/","name":"Symtom p\u00e5 H\u00e5ravfall - Stor Guide till alla varianter 2026","isPartOf":{"@id":"https:\/\/cosmena.com\/sv\/#website"},"primaryImageOfPage":{"@id":"https:\/\/cosmena.com\/sv\/haravfall\/symptom\/#primaryimage"},"image":{"@id":"https:\/\/cosmena.com\/sv\/haravfall\/symptom\/#primaryimage"},"thumbnailUrl":"http:\/\/cosmena.com\/wp-content\/uploads\/2021\/11\/Hair-loss-symptoms-hero-1200-675px-1024x576.png","datePublished":"2022-02-10T04:04:25+00:00","dateModified":"2022-02-18T07:06:59+00:00","description":"Hur kan h\u00e5ravfall ta sig utryck hos m\u00e4n- och kvinnor? Vad \u00e4r de vanligaste varianterna, och hur \u00e4r det med sk\u00e4gget och ansiktsbeh\u00e5ringen?","breadcrumb":{"@id":"https:\/\/cosmena.com\/sv\/haravfall\/symptom\/#breadcrumb"},"inLanguage":"sv-SE","potentialAction":[{"@type":"ReadAction","target":["https:\/\/cosmena.com\/sv\/haravfall\/symptom\/"]}]},{"@type":"ImageObject","inLanguage":"sv-SE","@id":"https:\/\/cosmena.com\/sv\/haravfall\/symptom\/#primaryimage","url":"http:\/\/cosmena.com\/wp-content\/uploads\/2021\/11\/Hair-loss-symptoms-hero-1200-675px-1024x576.png","contentUrl":"http:\/\/cosmena.com\/wp-content\/uploads\/2021\/11\/Hair-loss-symptoms-hero-1200-675px-1024x576.png"},{"@type":"BreadcrumbList","@id":"https:\/\/cosmena.com\/sv\/haravfall\/symptom\/#breadcrumb","itemListElement":[{"@type":"ListItem","position":1,"name":"Home","item":"https:\/\/cosmena.com\/sv\/"},{"@type":"ListItem","position":2,"name":"H\u00e5ravfall","item":"https:\/\/cosmena.com\/sv\/haravfall\/"},{"@type":"ListItem","position":3,"name":"Symptom p\u00e5 H\u00e5ravfall"}]},{"@type":"WebSite","@id":"https:\/\/cosmena.com\/sv\/#website","url":"https:\/\/cosmena.com\/sv\/","name":"Cosmena","description":"Your extensive guide to cosmetic treatments","publisher":{"@id":"https:\/\/cosmena.com\/sv\/#organization"},"potentialAction":[{"@type":"SearchAction","target":{"@type":"EntryPoint","urlTemplate":"https:\/\/cosmena.com\/sv\/?s={search_term_string}"},"query-input":{"@type":"PropertyValueSpecification","valueRequired":true,"valueName":"search_term_string"}}],"inLanguage":"sv-SE"},{"@type":"Organization","@id":"https:\/\/cosmena.com\/sv\/#organization","name":"Cosmena","url":"https:\/\/cosmena.com\/sv\/","logo":{"@type":"ImageObject","inLanguage":"sv-SE","@id":"https:\/\/cosmena.com\/sv\/#\/schema\/logo\/image\/","url":"https:\/\/cosmena.com\/wp-content\/uploads\/2021\/06\/cosmena-logo-bw-1.1.png","contentUrl":"https:\/\/cosmena.com\/wp-content\/uploads\/2021\/06\/cosmena-logo-bw-1.1.png","width":600,"height":82,"caption":"Cosmena"},"image":{"@id":"https:\/\/cosmena.com\/sv\/#\/schema\/logo\/image\/"}}]}},"_links":{"self":[{"href":"https:\/\/cosmena.com\/sv\/wp-json\/wp\/v2\/pages\/3634","targetHints":{"allow":["GET"]}}],"collection":[{"href":"https:\/\/cosmena.com\/sv\/wp-json\/wp\/v2\/pages"}],"about":[{"href":"https:\/\/cosmena.com\/sv\/wp-json\/wp\/v2\/types\/page"}],"author":[{"embeddable":true,"href":"https:\/\/cosmena.com\/sv\/wp-json\/wp\/v2\/users\/4"}],"replies":[{"embeddable":true,"href":"https:\/\/cosmena.com\/sv\/wp-json\/wp\/v2\/comments?post=3634"}],"version-history":[{"count":41,"href":"https:\/\/cosmena.com\/sv\/wp-json\/wp\/v2\/pages\/3634\/revisions"}],"predecessor-version":[{"id":4607,"href":"https:\/\/cosmena.com\/sv\/wp-json\/wp\/v2\/pages\/3634\/revisions\/4607"}],"up":[{"embeddable":true,"href":"https:\/\/cosmena.com\/sv\/wp-json\/wp\/v2\/pages\/3459"}],"wp:attachment":[{"href":"https:\/\/cosmena.com\/sv\/wp-json\/wp\/v2\/media?parent=3634"}],"curies":[{"name":"wp","href":"https:\/\/api.w.org\/{rel}","templated":true}]}}