{"id":3708,"date":"2022-02-13T05:11:48","date_gmt":"2022-02-13T04:11:48","guid":{"rendered":"http:\/\/cosmena.com\/?page_id=3708"},"modified":"2022-02-18T08:26:25","modified_gmt":"2022-02-18T07:26:25","slug":"norwoodskalan","status":"publish","type":"page","link":"https:\/\/cosmena.com\/sv\/hartransplantation\/norwoodskalan\/","title":{"rendered":"Norwoodskalan"},"content":{"rendered":"\n<div class=\"wp-block-media-text alignfull is-stacked-on-mobile is-image-fill has-background\" style=\"background-color:#e8e8e8\"><figure class=\"wp-block-media-text__media\" style=\"background-image:url(http:\/\/cosmena.com\/wp-content\/uploads\/2021\/11\/Norwood-scale-of-hair-loss-hero-1200-675px-1024x576.png);background-position:6% 25%\"><img loading=\"lazy\" decoding=\"async\" width=\"1024\" height=\"576\" src=\"http:\/\/cosmena.com\/wp-content\/uploads\/2021\/11\/Norwood-scale-of-hair-loss-hero-1200-675px-1024x576.png\" alt=\"Norwoodskalan-hero-1200-675px\" class=\"wp-image-2461 size-full\" srcset=\"https:\/\/cosmena.com\/wp-content\/uploads\/2021\/11\/Norwood-scale-of-hair-loss-hero-1200-675px-1024x576.png 1024w, https:\/\/cosmena.com\/wp-content\/uploads\/2021\/11\/Norwood-scale-of-hair-loss-hero-1200-675px-300x169.png 300w, https:\/\/cosmena.com\/wp-content\/uploads\/2021\/11\/Norwood-scale-of-hair-loss-hero-1200-675px-768x432.png 768w, https:\/\/cosmena.com\/wp-content\/uploads\/2021\/11\/Norwood-scale-of-hair-loss-hero-1200-675px.png 1200w\" sizes=\"auto, (max-width: 1024px) 100vw, 1024px\" \/><\/figure><div class=\"wp-block-media-text__content\">\n<div style=\"height:100px\" aria-hidden=\"true\" class=\"wp-block-spacer\"><\/div>\n\n\n\n<h1 class=\"wp-block-heading\"><strong>Norwoodskalan<\/strong><\/h1>\n\n\n\n<p class=\"has-medium-font-size\">Manligt och kvinnligt h\u00e5ravfall, eller androgen alopeci, \u00e4r den vanligaste orsaken till skallighet hos s\u00e5v\u00e4l m\u00e4n som kvinnor. <\/p>\n\n\n\n<p>N\u00e4stan h\u00e4lften av alla m\u00e4n har n\u00e5gon grad av <a href=\"https:\/\/cosmena.com\/sv\/haravfall\/\">h\u00e5ravfall<\/a> orsakad av manligt h\u00e5ravfall d\u00e5 de fyller 50 \u00e5r. Vid diagnostisering, \u00f6vervakning och beslut om behandlingsstrategi \u00e4r det hj\u00e4lpsamt med ett klassificeringssystem som avg\u00f6r graden av h\u00e5ravfallets utbredning. <\/p>\n\n\n\n<p>Flera s\u00e5dana klassificeringsscheman har f\u00f6reslagits genom \u00e5ren. De allra flesta har varit koncentrerade p\u00e5 manligt h\u00e5ravfall. Man har fokuserat p\u00e5 manligt h\u00e5ravfall eftersom denna typ av h\u00e5ravfall \u00e4r f\u00f6ruts\u00e4gbart och f\u00f6ljer ett naturligt progressionsf\u00f6rlopp. Norwoodskalan \u00e4r det mest anv\u00e4nda av dessa scheman.<\/p>\n\n\n\n<div style=\"height:100px\" aria-hidden=\"true\" class=\"wp-block-spacer\"><\/div>\n<\/div><\/div>\n\n\n\n<div style=\"height:50px\" aria-hidden=\"true\" class=\"wp-block-spacer\"><\/div>\n\n\n\n<h2 class=\"wp-block-heading\">Vad \u00e4r Norwoodskalan?<\/h2>\n\n\n\n<p class=\"has-medium-font-size\">\u00c5r 1975 lanserades Norwoodskalan av den amerikanske l\u00e4karen O\u2019Tar Norwood.<\/p>\n\n\n\n<p>O\u2019Tar Noorwood var en framst\u00e5ende dermatolog och h\u00e5rtransplantationskirurg. Han utf\u00f6rde en studie d\u00e4r han studerade 1&nbsp;000 vita m\u00e4n och f\u00f6rloppet av deras h\u00e5ravfall. Han uppt\u00e4ckte d\u00e5 att det \u00e4r i tinningarna och p\u00e5 hj\u00e4ssan som h\u00e5ret b\u00f6rjar glesna. Dessa tv\u00e5 ytor f\u00f6rstoras gradvis och kommer slutligen att t\u00e4cka hela h\u00e5rbotten. <\/p>\n\n\n\n<p>Detta klassifikationssystem \u00e4r en modifierad variant av Hamiltons skala, och d\u00e4rf\u00f6r kallas skalan ibland f\u00f6r Norwood-Hamiltonskalan. Hamiltons skala lanserades av doktor Hamilton 1951. Norwood f\u00f6renklade bed\u00f6mningsprocessen genom att s\u00e4nka antalet stadier fr\u00e5n \u00e5tta till sju. Han beskrev ocks\u00e5 \u201ctyp A-varianter\u201d f\u00f6r typ II, III, IV och V. I Augusti 2020 gick den d\u00e5 89-\u00e5rige l\u00e4karen doktor Norwood bort.&nbsp; Norwoodskalan f\u00f6rblir hans efterm\u00e4le.<\/p>\n\n\n\n<p>Det var inte bara Hamiltonskalan som f\u00f6regick Norwoodskalan. \u00c5tskilliga andra klassificeringssystem f\u00f6r h\u00e5ravfall beskrevs innan Norwoodskalan presenterades. N\u00e5gra av dessa klassificeringssystem var Beck (1950), Ogata (1953) och Setty (1970). <\/p>\n\n\n\n<p>Det har dessutom introducerats klassificeringsscheman f\u00f6r manligt h\u00e5ravfall efter Norwoodskalans introduktion, exempelvis Bouhanna (1976), Blanchard (1984) och Koo (2000). Det senaste av dessa klassificeringssystem f\u00f6r manligt h\u00e5ravfall introducerades av Lee 2007. Det kallas f\u00f6r basic and specific (BASP). <\/p>\n\n\n\n<p>Norwoodskalan \u00e4r emellertid fortfarande b\u00e5de det mest k\u00e4nda, och det mest anv\u00e4nda klassificeringssystemet \u00e4n idag. Det \u00e4r ocks\u00e5 ett av de mest detaljerade systemen.&nbsp; R\u00e4knar man med typ A-varianterna inneh\u00e5ller det hela tolv olika kategorier. Tack vare dessa \u00e4r det m\u00f6jligt att med Norwoodskalan kategorisera mer noggrant \u00e4n med dess f\u00f6reg\u00e5ngare Hamiltonskalan. <\/p>\n\n\n\n<p>Det stora antalet kategorier g\u00f6r det m\u00f6jligt f\u00f6r kirurger att planera \u00e4ndam\u00e5lsenliga kirurgiska metoder. Det numer\u00e4ra \u00f6verl\u00e4get och vidstr\u00e4ckta anv\u00e4ndandet till trots har Norwoodskalan sina nackdelar. Det \u00e4r ganska sv\u00e5rt att klassificera med skalan i och med dess \u00f6verl\u00e4gsna detaljrikedom. Detta medf\u00f6r att klassificeringen l\u00e4tt skiljer sig mellan olika anv\u00e4ndare. I och med att skalan \u00e4r inf\u00f6rd i princip \u00f6verallt \u00e4r den dock det b\u00e4sta verktyget f\u00f6r att gradera manligt h\u00e5ravfall.<\/p>\n\n\n\n<h2 class=\"wp-block-heading\">De sju niv\u00e5erna av h\u00e5ravfall<\/h2>\n\n\n\n<p class=\"has-medium-font-size\">P\u00e5 Norwoodskalan delas h\u00e5ravfall in i sju kategorier som betecknas med de romerska siffrorna I\u2013VII. <\/p>\n\n\n\n<p>Rangordningen b\u00f6rjar med minimalt eller inget h\u00e5ravfall, vilket betecknas med siffran I. Varje efterf\u00f6ljande nummer betecknar sedan en gradvis \u00f6kande skallighet. Typ VII \u00e4r den allvarligaste formen, som karakt\u00e4riseras av fullst\u00e4ndig skallighet p\u00e5 hj\u00e4ssan.<\/p>\n\n\n\n<h3 class=\"wp-block-heading\">Typ 1: Inget h\u00e5ravfall och inget vikande h\u00e5rf\u00e4ste<\/h3>\n\n\n\n<p>Norwoodskalan typ I utg\u00f6rs av ett h\u00e5ravfall som inte g\u00e5r att urskilja, och eventuellt ett n\u00e5got vikande h\u00e5rf\u00e4ste. Detta \u00e4r vanligt hos m\u00e4n i ton\u00e5ren eller i tjugo\u00e5rs\u00e5ldern. Det kr\u00e4vs ingen <a href=\"https:\/\/cosmena.com\/sv\/haravfall\/behandling\/\">behandling<\/a> eftersom det inte finns n\u00e5got h\u00e5ravfall att tala om.<\/p>\n\n\n\n<h3 class=\"wp-block-heading\">Typ 2: Svagt vikande h\u00e5rf\u00e4ste<\/h3>\n\n\n\n<p>Norwoodskalan typ II utg\u00f6rs av ett tidigt h\u00e5ravfall. \u00c4ven om det \u00e4r ett lindrigt h\u00e5ravfall s\u00e5 \u00e4r det synbart i pannan. Det vikande h\u00e5rf\u00e4stet i tinningarna efterl\u00e4mnar kala, triangelformade omr\u00e5den p\u00e5 varje sida. Om man drar en linje som g\u00e5r l\u00e4ngs pannans h\u00e5rbotten, fr\u00e5n \u00f6ron\u00f6ppning till \u00f6ron\u00f6ppning, brukar tinningarnas vikar stanna omkring 2 centimeter framf\u00f6r linjen. Tinningarnas vikar \u00e4r mycket djupare \u00e4n den recession som tillsammans med glesnande h\u00e5r kan uppst\u00e5 i pannans h\u00e5rf\u00e4ste. Detta medf\u00f6r att h\u00e5ret f\u00e5r en bak\u00e5tlutande vinkel, sett fr\u00e5n sidan. Hj\u00e4ssan \u00e4r fortfarande t\u00e4ckt av h\u00e5r.<\/p>\n\n\n\n<h3 class=\"wp-block-heading\">Typ  3: Djupt vikande h\u00e5rf\u00e4ste med eller utan h\u00e5ravfall p\u00e5 hj\u00e4ssan<\/h3>\n\n\n\n<p>Norwood beskrev typ III som minsta m\u00f6jliga h\u00e5ravfall, f\u00f6r att \u00e4nd\u00e5 klassificeras som skallighet. H\u00e5rf\u00e4stet i tinningloben ger vika mer \u00e4n vid typ II, men \u00e5terg\u00e5ngen str\u00e4cker sig inte l\u00e4ngre \u00e4n till kroronalplanets mittlinje. Koronalplanets linje \u00e4r en t\u00e4nkt vertikal linje som delar kroppen mitt itu, i en framsida (posterior) och en baksida (anterior). Det finns en variant av typ III, som kallas f\u00f6r typ III Vertex (hj\u00e4ssa). Denna typ diskuteras senare i artikeln, i det avsnitt som heter \u201candra varianter av Norwoodskalan\u201d. H\u00e5ravfallet i typ III kan behandlas med l\u00e4kemedel (Finasterid, Minoxidil, etcetera) eller med en h\u00e5rtransplantation.<\/p>\n\n\n\n<h3 class=\"wp-block-heading\">Typ 4: Djupt vikande h\u00e5rf\u00e4ste och skallighet p\u00e5 hj\u00e4ssan<\/h3>\n\n\n\n<p>I detta skede \u00e4r h\u00e5rf\u00e4stet djupt vikande, mer \u00e4n i typ III, och det finns ett omr\u00e5de med h\u00e5ravfall p\u00e5 hj\u00e4ssan ocks\u00e5. De tv\u00e5 kala omr\u00e5dena \u00e4r separerade av en rand med relativt t\u00e4tt h\u00e5r. Denna str\u00e4cker sig runt hela huvudsv\u00e5len. H\u00e5ravfallet vid typ IV skiljer sig fr\u00e5n det vid typ III Vertex, genom att det fr\u00e4mre h\u00e5rf\u00e4stet inte \u00e4r lika vikande i typ III Vertex. H\u00e5ravfall som detta f\u00f6r\u00e4ndrar markant en m\u00e4nniskas utseende, och det kr\u00e4ver behandling. Med hj\u00e4lp av l\u00e4kemedel kan ytterligare h\u00e5ravfall hejdas, och en del h\u00e5r kan v\u00e4xa ut igen. Ett fullst\u00e4ndigt tillfrisknande \u00e4r dock osannolikt. <a href=\"https:\/\/cosmena.com\/sv\/hartransplantation\/\">H\u00e5rtransplantation<\/a> \u00e4r h\u00e4r ett l\u00e4mpligt alternativ. Det finns nu tillr\u00e4ckligt med h\u00e5riga fl\u00e4ckar kvar, vilka fungerar som l\u00e4mpliga givaromr\u00e5den.<\/p>\n\n\n\n<h3 class=\"wp-block-heading\">Typ 5: Endast en smal remsa med h\u00e5r skiljer tinningarna och hj\u00e4ssan \u00e5t<\/h3>\n\n\n\n<p>H\u00e5ravfallet \u00e4r mer omfattande b\u00e5de i tinningarna och p\u00e5 hj\u00e4ssan. En tunn remsa med glest h\u00e5r skiljer de tv\u00e5 omr\u00e5dena \u00e5t. De b\u00e5da kala fl\u00e4ckarna \u00e4r avsev\u00e4rt st\u00f6rre. Sidorna av h\u00e5rbotten samt bakhuvudet&nbsp; best\u00e5r av relativt t\u00e4tt h\u00e5r. Eftersom h\u00e5ravfallet \u00e4r omfattande \u00e4r behandlingsalternativen begr\u00e4nsade. Det \u00e4r osannolikt att medicinering kan resultera i att h\u00e5ret p\u00e5tagligt tillfrisknar, men den kan stoppa vidare h\u00e5ravfall. H\u00e5rtransplantationskirurgi \u00e4r anv\u00e4ndbart f\u00f6r att \u00e5stadkomma en fylligare h\u00e5rbotten. \u00c5terst\u00e5ende h\u00e5r i h\u00e5rbotten r\u00e4cker eventuellt inte f\u00f6r att utg\u00f6ra ett tillr\u00e4ckligt givaromr\u00e5de. Om s\u00e5 \u00e4r fallet kan man&nbsp; beh\u00f6va anv\u00e4nda kroppsh\u00e5r.<\/p>\n\n\n\n<h3 class=\"wp-block-heading\">Typ 6: H\u00e5ravfallet i tinningarna m\u00f6ter hj\u00e4ssan<\/h3>\n\n\n\n<p>Typ VI \u00e4r den n\u00e4st sista niv\u00e5n av manligt h\u00e5ravfall p\u00e5 Norwoodskalan. Tinningarnas vikar breder ut sig bak\u00e5t f\u00f6r att m\u00f6ta det kala omr\u00e5det p\u00e5 hj\u00e4ssan. Bron av h\u00e5r som korsar hj\u00e4ssan \u00e4r antingen helt f\u00f6rlorad, eller best\u00e5r endast av tunns\u00e5tt h\u00e5r. Dessutom \u00e4r h\u00e5ravfallet mot sidorna och nacken utbrett. Detta \u00e4r en framskriden niv\u00e5 av skallighet och det \u00e4r osannolikt att l\u00e4kemedelsbehandling fungerar. Det g\u00e5r att genomf\u00f6ra en h\u00e5rtransplantation, givet att det finns tillr\u00e4ckligt med h\u00e5r i h\u00e5rbotten som kan sk\u00f6rdas f\u00f6r att implanteras.<\/p>\n\n\n\n<h3 class=\"wp-block-heading\">Typ 7: Endast en smal remsa med h\u00e5r runt sidorna av huvudet finns kvar<\/h3>\n\n\n\n<p>Typ VII, den sista kategorin i Norwoodskalan, betecknar komplett skallighet. Tinningarna och hj\u00e4ssan \u00e4r helt blottade. Det enda kvarvarande h\u00e5ret \u00e4r begr\u00e4nsat till en h\u00e4stskoformad remsa p\u00e5 bakhuvudet som str\u00e4cker sig fram\u00e5t mot \u00f6ronen. H\u00e5ret som \u00e5terst\u00e5r \u00e4r tunt och mindre t\u00e4tt. H\u00e5ret i bakhuvudet tros vara resistent mot DHT, hormonet som orsakar manligt h\u00e5ravfall. Stegen \u00f6ver typ V motsvarar avancerad alopeci som \u00e4r sv\u00e5rbehandlad. Om h\u00e5rtransplantation \u00f6verv\u00e4gs kan det bli n\u00f6dv\u00e4ndigt att sk\u00f6rda kroppsh\u00e5r.<\/p>\n\n\n\n<h2 class=\"wp-block-heading\">Den kvinnliga varianten \u2013 Ludwigskalan<\/h2>\n\n\n\n<p class=\"has-medium-font-size\">Norwoodskalan anv\u00e4nds uteslutande f\u00f6r manligt h\u00e5ravfall. Ludwigskalan utvecklades 1977 av Eric Ludwig. Denna skala anv\u00e4nds f\u00f6r kvinnligt h\u00e5ravfall. <\/p>\n\n\n\n<p>Det b\u00f6r noteras att kvinnor som lider av manligt h\u00e5ravfall b\u00f6r kategoriseras enligt Norwoodskalan. Ludwigskalan fokuserar mer p\u00e5 h\u00e5ravfall p\u00e5 hj\u00e4ssan, vilket st\u00e4mmer \u00f6verens med det m\u00f6nster kvinnligt h\u00e5ravfall f\u00f6ljer i de allra flesta fall. \u00c4ven om den anv\u00e4nds i stor utstr\u00e4ckning, tar denna skala inte h\u00e4nsyn till progressivt h\u00e5ravfall i pannan. Efter att ha observerat mer \u00e4n 400 kvinnliga patienter, beskrev Ludwig tre progressiva grader av h\u00e5ravfall.<\/p>\n\n\n\n<ul class=\"wp-block-list\"><li><strong>Grad I:<\/strong> Detta tidiga skede av h\u00e5ravfall inkluderar minimalt men m\u00e4rkbart glesnande av h\u00e5ret p\u00e5 hj\u00e4ssan. Ingen m\u00e4rkbar recession av h\u00e5rf\u00e4stet.<\/li><li><strong>Grad II:<\/strong> H\u00e5ret p\u00e5 hj\u00e4ssan har nu glesnat avsev\u00e4rt. Patienterna kan nu l\u00e4gga m\u00e4rke till att benan blivit bredare och att mer av h\u00e5rbotten syns genom det glesa h\u00e5ret.<\/li><li><strong>Grad III:<\/strong> Detta \u00e4r den sv\u00e5raste formen av h\u00e5ravfall. Ett stort omr\u00e5de p\u00e5 hj\u00e4ssan \u00e4r blottat.<\/li><\/ul>\n\n\n\n<p>Ut\u00f6ver Ludwigskalan har andra klassificeringsscheman f\u00f6r kvinnligt h\u00e5ravfall beskrivits av Savin (1992), Olsen (1994) och Sinclair (2004). 2007 f\u00f6reslogs ett nytt grundl\u00e4ggande och specifikt system som g\u00e4ller vid b\u00e5de manligt och kvinnligt h\u00e5ravfall.<\/p>\n\n\n\n<h2 class=\"wp-block-heading\">Andra varianter i Norwoodskalan<\/h2>\n\n\n\n<p class=\"has-medium-font-size\">Ut\u00f6ver de sju huvudtyperna, existerar s\u00e5 kallade A-varianter i Norwoodskalan. <\/p>\n\n\n\n<p>Typ A-varianterna beskriver h\u00e5ravfallets m\u00f6nster enbart k\u00e4nnetecknat av det fr\u00e4mre h\u00e5rf\u00e4stets recession. Det definieras av tv\u00e5 st\u00f6rre och tv\u00e5 mindre k\u00e4nnetecken. De st\u00f6rre k\u00e4nnetecknen inkluderar det fr\u00e4mre h\u00e5rf\u00e4stets recession bak\u00e5t utan att efterl\u00e4mna en \u00f6 av h\u00e5r i mitten av pannan. Det utvecklas inte heller n\u00e5got kalt omr\u00e5de p\u00e5 hj\u00e4ssan. De mindre k\u00e4nnetecknen \u00e4r best\u00e5ndet av glest h\u00e5r som \u00e4r spritt \u00f6ver omr\u00e5det med h\u00e5ravfall, samt en vidare, h\u00f6gt r\u00e4ckande h\u00e4stskoformad yta i nacken och p\u00e5 sidorna. F\u00f6ljande typ A-varianter beskrevs av Norwood:<\/p>\n\n\n\n<ul class=\"wp-block-list\"><li>Typ IIA: H\u00e5rf\u00e4stets recession str\u00e4cker sig inte bakom en punkt 2 centimeter framf\u00f6r yttre \u00f6ron\u00f6ppningen.<\/li><li>Type IIIA: H\u00e5rf\u00e4stet har dragit sig bak\u00e5t till en punkt mellan gr\u00e4nsen vid typ IIA och ytter\u00f6rats \u00f6ppning.<\/li><li>Type IVA: H\u00e5rf\u00e4stet har dragit sig bakom niv\u00e5n av ytter\u00f6rats \u00f6ppning men inte n\u00e5tt hj\u00e4ssan.<\/li><li>Type VA: Omr\u00e5det med h\u00e5ravfall inkluderar hj\u00e4ssan.<\/li><\/ul>\n\n\n\n<p>Som tidigare n\u00e4mnts har typ III \u00e4ven en Vertex-variant (typ III Vertex), i vilken det finns en kal fl\u00e4ck p\u00e5 hj\u00e4ssan ut\u00f6ver h\u00e5rf\u00e4stets recession.<\/p>\n\n\n\n<h2 class=\"wp-block-heading\">Norwoodskalan i relation till h\u00e5rtransplantationer<\/h2>\n\n\n\n<p class=\"has-medium-font-size\">N\u00e4r en patient \u00f6verv\u00e4ger h\u00e5rtransplantationskirurgi \u00e4r det f\u00f6rsta steget vanligtvis att anv\u00e4nda Norwoodskalan f\u00f6r att kartl\u00e4gga omr\u00e5det med h\u00e5ravfall. <\/p>\n\n\n\n<p>Att gradera h\u00e5ravfall \u00e4r anv\u00e4ndbart av tv\u00e5 anledningar n\u00e4r det g\u00e4ller h\u00e5rtransplantationskirurgi. F\u00f6r det f\u00f6rsta, indikationen f\u00f6r kirurgi best\u00e4ms av hur allvarlig alopeci patienten lider av. F\u00f6r det andra, hur m\u00e5nga follikul\u00e4ra enheter som kr\u00e4vs, och val av givaromr\u00e5de, \u00e4r beroende av hur utbrett h\u00e5ravfallet \u00e4r, samt kvalitet och kvantitet p\u00e5 kvarvarande h\u00e5r.<\/p>\n\n\n\n<p>L\u00e4kemedelsbehandling kan \u00f6verv\u00e4gas i fall med milt till medelsv\u00e5rt h\u00e5ravfall (Norwood typ I\u2013III). H\u00e4r kan det r\u00e4cka med att bevara kvarvarande h\u00e5r, och stoppa vidare h\u00e5ravfall. Vid Norwood II och III kan en injektion med platelet-rich plasma resultera i att ytterligare h\u00e5ravfall f\u00f6rebyggs, samt i att fr\u00e4mja h\u00e5rtillv\u00e4xt. H\u00e5rtransplantation med <a href=\"https:\/\/cosmena.com\/sv\/haravfall\/behandling\/fut-hartransplantation\/\">FUT<\/a> eller <a href=\"https:\/\/cosmena.com\/sv\/haravfall\/behandling\/fue-hartransplantation\/\">FUE<\/a> \u00e4r troligen ett mer passande alternativ hos patienter med relativt avancerat h\u00e5ravfall (Norwood IV\/V). Hos patienter med avancerat h\u00e5ravfall (Norwood VI\/VII) \u00e4r h\u00e5rtransplantation ett av f\u00e5 genomf\u00f6rbara alternativ. Bristen p\u00e5 tillg\u00e4ngligt och passande givaromr\u00e5de g\u00f6r dock ingreppet till en utmaning.<\/p>\n\n\n\n<h2 class=\"wp-block-heading\">Ungef\u00e4r hur m\u00e5nga H\u00e5rs\u00e4cksenheter beh\u00f6ver jag?<\/h2>\n\n\n\n<p class=\"has-medium-font-size\">Det \u00e4r graden av skallighet som best\u00e4mmer hur m\u00e5nga follikul\u00e4ra enheter som kr\u00e4vs f\u00f6r h\u00e5rtransplantationskirurgin. <\/p>\n\n\n\n<p>Det \u00e4r viktigt att uppskatta hur m\u00e5nga follikul\u00e4ra enheter som kr\u00e4vs innan kirurgin d\u00e5 de flesta klinikerna tar betalt per follikul\u00e4r enhet. En generell uppskattning kan g\u00f6ras genom att anv\u00e4nda Norwoodskalan, \u00e4ven om det troligtvis finns betydande skillnader mellan tv\u00e5 patienter som kategoriserats med samma typ p\u00e5 skalan. En recession av h\u00e5rf\u00e4stet p\u00e5 Norwood II, till exempel, kommer att kr\u00e4va 500\u2013800 follikul\u00e4ra enheter. En ungef\u00e4rlig guide till antalet follikul\u00e4ra enheter som kr\u00e4vs hittar du h\u00e4r nedan:<\/p>\n\n\n\n<ul class=\"wp-block-list\"><li>Norwood II: 500\u2013800 follikul\u00e4ra enheter.<\/li><li>Norwood III: I genomsnitt kr\u00e4vs 1000\u20131400 follikul\u00e4ra enheter.<\/li><li>Norwood IV: Det kommer troligtvis att kr\u00e4vas 1&nbsp;200\u20131&nbsp;600 follikul\u00e4ra enheter f\u00f6r h\u00e5rf\u00e4stet och ytterligare 600\u2013800 f\u00f6r hj\u00e4ssan, totalt 1&nbsp;800\u20132&nbsp;400 follikul\u00e4ra enheter. I Sverige kostar 1&nbsp;200\u20131&nbsp;600 follikul\u00e4ra enheter ungef\u00e4r 42&nbsp;000 kronor, 1&nbsp;700\u20132&nbsp;200 follikul\u00e4ra enheter kostar ungef\u00e4r 52&nbsp;000 kronor.&nbsp;<\/li><li>Norwood V: Detta kommer att kr\u00e4va 1&nbsp;800\u20132&nbsp;000 follikul\u00e4ra enheter f\u00f6r h\u00e5rf\u00e4stet och 1&nbsp;000\u20131&nbsp;500 f\u00f6r hj\u00e4ssan.<\/li><li>Norwood VI &amp; VII: 4&nbsp;000\u20135&nbsp;000 follikul\u00e4ra enheter kommer troligtvis att kr\u00e4vas f\u00f6r denna avancerade form av h\u00e5ravfall.<\/li><\/ul>\n\n\n\n<div style=\"height:50px\" aria-hidden=\"true\" class=\"wp-block-spacer\"><\/div>\n","protected":false},"excerpt":{"rendered":"<p>Vad \u00e4r Norwoodskalan? \u00c5r 1975 lanserades Norwoodskalan av den amerikanske l\u00e4karen O\u2019Tar Norwood. O\u2019Tar&#8230;<\/p>\n","protected":false},"author":4,"featured_media":0,"parent":3585,"menu_order":0,"comment_status":"closed","ping_status":"closed","template":"","meta":{"_acf_changed":false,"footnotes":""},"class_list":["post-3708","page","type-page","status-publish","hentry"],"acf":[],"yoast_head":"<!-- This site is optimized with the Yoast SEO plugin v27.0 - https:\/\/yoast.com\/product\/yoast-seo-wordpress\/ -->\n<title>Norwoodskalan - Guide, info och alla grader<\/title>\n<meta name=\"description\" content=\"H\u00e4r kan du l\u00e4sa p\u00e5 om Norwoodskalan - Klassificeringssystemet f\u00f6r h\u00e5ravfall som ofta anv\u00e4nds inf\u00f6r en h\u00e5rtransplantation. H\u00e5rs\u00e4cksestimat m.m.\" \/>\n<meta name=\"robots\" content=\"index, follow, max-snippet:-1, max-image-preview:large, max-video-preview:-1\" \/>\n<link rel=\"canonical\" href=\"https:\/\/cosmena.com\/sv\/hartransplantation\/norwoodskalan\/\" \/>\n<meta property=\"og:locale\" content=\"sv_SE\" \/>\n<meta property=\"og:type\" content=\"article\" \/>\n<meta property=\"og:title\" content=\"Norwoodskalan - Guide, info och alla grader\" \/>\n<meta property=\"og:description\" content=\"H\u00e4r kan du l\u00e4sa p\u00e5 om Norwoodskalan - Klassificeringssystemet f\u00f6r h\u00e5ravfall som ofta anv\u00e4nds inf\u00f6r en h\u00e5rtransplantation. H\u00e5rs\u00e4cksestimat m.m.\" \/>\n<meta property=\"og:url\" content=\"https:\/\/cosmena.com\/sv\/hartransplantation\/norwoodskalan\/\" \/>\n<meta property=\"og:site_name\" content=\"Cosmena\" \/>\n<meta property=\"article:modified_time\" content=\"2022-02-18T07:26:25+00:00\" \/>\n<meta property=\"og:image\" content=\"http:\/\/cosmena.com\/wp-content\/uploads\/2021\/11\/Norwood-scale-of-hair-loss-hero-1200-675px-1024x576.png\" \/>\n<meta name=\"twitter:card\" content=\"summary_large_image\" \/>\n<meta name=\"twitter:label1\" content=\"Ber\u00e4knad l\u00e4stid\" \/>\n\t<meta name=\"twitter:data1\" content=\"10 minuter\" \/>\n<!-- \/ Yoast SEO plugin. -->","yoast_head_json":{"title":"Norwoodskalan - Guide, info och alla grader","description":"H\u00e4r kan du l\u00e4sa p\u00e5 om Norwoodskalan - Klassificeringssystemet f\u00f6r h\u00e5ravfall som ofta anv\u00e4nds inf\u00f6r en h\u00e5rtransplantation. H\u00e5rs\u00e4cksestimat m.m.","robots":{"index":"index","follow":"follow","max-snippet":"max-snippet:-1","max-image-preview":"max-image-preview:large","max-video-preview":"max-video-preview:-1"},"canonical":"https:\/\/cosmena.com\/sv\/hartransplantation\/norwoodskalan\/","og_locale":"sv_SE","og_type":"article","og_title":"Norwoodskalan - Guide, info och alla grader","og_description":"H\u00e4r kan du l\u00e4sa p\u00e5 om Norwoodskalan - Klassificeringssystemet f\u00f6r h\u00e5ravfall som ofta anv\u00e4nds inf\u00f6r en h\u00e5rtransplantation. H\u00e5rs\u00e4cksestimat m.m.","og_url":"https:\/\/cosmena.com\/sv\/hartransplantation\/norwoodskalan\/","og_site_name":"Cosmena","article_modified_time":"2022-02-18T07:26:25+00:00","og_image":[{"url":"http:\/\/cosmena.com\/wp-content\/uploads\/2021\/11\/Norwood-scale-of-hair-loss-hero-1200-675px-1024x576.png","type":"","width":"","height":""}],"twitter_card":"summary_large_image","twitter_misc":{"Ber\u00e4knad l\u00e4stid":"10 minuter"},"schema":{"@context":"https:\/\/schema.org","@graph":[{"@type":"WebPage","@id":"https:\/\/cosmena.com\/sv\/hartransplantation\/norwoodskalan\/","url":"https:\/\/cosmena.com\/sv\/hartransplantation\/norwoodskalan\/","name":"Norwoodskalan - Guide, info och alla grader","isPartOf":{"@id":"https:\/\/cosmena.com\/sv\/#website"},"primaryImageOfPage":{"@id":"https:\/\/cosmena.com\/sv\/hartransplantation\/norwoodskalan\/#primaryimage"},"image":{"@id":"https:\/\/cosmena.com\/sv\/hartransplantation\/norwoodskalan\/#primaryimage"},"thumbnailUrl":"http:\/\/cosmena.com\/wp-content\/uploads\/2021\/11\/Norwood-scale-of-hair-loss-hero-1200-675px-1024x576.png","datePublished":"2022-02-13T04:11:48+00:00","dateModified":"2022-02-18T07:26:25+00:00","description":"H\u00e4r kan du l\u00e4sa p\u00e5 om Norwoodskalan - Klassificeringssystemet f\u00f6r h\u00e5ravfall som ofta anv\u00e4nds inf\u00f6r en h\u00e5rtransplantation. H\u00e5rs\u00e4cksestimat m.m.","breadcrumb":{"@id":"https:\/\/cosmena.com\/sv\/hartransplantation\/norwoodskalan\/#breadcrumb"},"inLanguage":"sv-SE","potentialAction":[{"@type":"ReadAction","target":["https:\/\/cosmena.com\/sv\/hartransplantation\/norwoodskalan\/"]}]},{"@type":"ImageObject","inLanguage":"sv-SE","@id":"https:\/\/cosmena.com\/sv\/hartransplantation\/norwoodskalan\/#primaryimage","url":"http:\/\/cosmena.com\/wp-content\/uploads\/2021\/11\/Norwood-scale-of-hair-loss-hero-1200-675px-1024x576.png","contentUrl":"http:\/\/cosmena.com\/wp-content\/uploads\/2021\/11\/Norwood-scale-of-hair-loss-hero-1200-675px-1024x576.png"},{"@type":"BreadcrumbList","@id":"https:\/\/cosmena.com\/sv\/hartransplantation\/norwoodskalan\/#breadcrumb","itemListElement":[{"@type":"ListItem","position":1,"name":"Home","item":"https:\/\/cosmena.com\/sv\/"},{"@type":"ListItem","position":2,"name":"H\u00e5rtransplantation","item":"https:\/\/cosmena.com\/sv\/hartransplantation\/"},{"@type":"ListItem","position":3,"name":"Norwoodskalan"}]},{"@type":"WebSite","@id":"https:\/\/cosmena.com\/sv\/#website","url":"https:\/\/cosmena.com\/sv\/","name":"Cosmena","description":"Your extensive guide to cosmetic treatments","publisher":{"@id":"https:\/\/cosmena.com\/sv\/#organization"},"potentialAction":[{"@type":"SearchAction","target":{"@type":"EntryPoint","urlTemplate":"https:\/\/cosmena.com\/sv\/?s={search_term_string}"},"query-input":{"@type":"PropertyValueSpecification","valueRequired":true,"valueName":"search_term_string"}}],"inLanguage":"sv-SE"},{"@type":"Organization","@id":"https:\/\/cosmena.com\/sv\/#organization","name":"Cosmena","url":"https:\/\/cosmena.com\/sv\/","logo":{"@type":"ImageObject","inLanguage":"sv-SE","@id":"https:\/\/cosmena.com\/sv\/#\/schema\/logo\/image\/","url":"https:\/\/cosmena.com\/wp-content\/uploads\/2021\/06\/cosmena-logo-bw-1.1.png","contentUrl":"https:\/\/cosmena.com\/wp-content\/uploads\/2021\/06\/cosmena-logo-bw-1.1.png","width":600,"height":82,"caption":"Cosmena"},"image":{"@id":"https:\/\/cosmena.com\/sv\/#\/schema\/logo\/image\/"}}]}},"_links":{"self":[{"href":"https:\/\/cosmena.com\/sv\/wp-json\/wp\/v2\/pages\/3708","targetHints":{"allow":["GET"]}}],"collection":[{"href":"https:\/\/cosmena.com\/sv\/wp-json\/wp\/v2\/pages"}],"about":[{"href":"https:\/\/cosmena.com\/sv\/wp-json\/wp\/v2\/types\/page"}],"author":[{"embeddable":true,"href":"https:\/\/cosmena.com\/sv\/wp-json\/wp\/v2\/users\/4"}],"replies":[{"embeddable":true,"href":"https:\/\/cosmena.com\/sv\/wp-json\/wp\/v2\/comments?post=3708"}],"version-history":[{"count":10,"href":"https:\/\/cosmena.com\/sv\/wp-json\/wp\/v2\/pages\/3708\/revisions"}],"predecessor-version":[{"id":4630,"href":"https:\/\/cosmena.com\/sv\/wp-json\/wp\/v2\/pages\/3708\/revisions\/4630"}],"up":[{"embeddable":true,"href":"https:\/\/cosmena.com\/sv\/wp-json\/wp\/v2\/pages\/3585"}],"wp:attachment":[{"href":"https:\/\/cosmena.com\/sv\/wp-json\/wp\/v2\/media?parent=3708"}],"curies":[{"name":"wp","href":"https:\/\/api.w.org\/{rel}","templated":true}]}}