{"id":3736,"date":"2022-02-13T06:09:08","date_gmt":"2022-02-13T05:09:08","guid":{"rendered":"http:\/\/cosmena.com\/?page_id=3736"},"modified":"2022-02-18T07:57:19","modified_gmt":"2022-02-18T06:57:19","slug":"mikropigmentering","status":"publish","type":"page","link":"https:\/\/cosmena.com\/sv\/haravfall\/behandling\/mikropigmentering\/","title":{"rendered":"Mikropigmentering av h\u00e5r"},"content":{"rendered":"\n<div class=\"wp-block-media-text alignfull is-stacked-on-mobile is-image-fill has-background\" style=\"background-color:#e8e8e8\"><figure class=\"wp-block-media-text__media\" style=\"background-image:url(http:\/\/cosmena.com\/wp-content\/uploads\/2021\/11\/Scalp-micropigmentation-hero-1200-632px-1024x539.png);background-position:50% 50%\"><img loading=\"lazy\" decoding=\"async\" width=\"1024\" height=\"539\" src=\"http:\/\/cosmena.com\/wp-content\/uploads\/2021\/11\/Scalp-micropigmentation-hero-1200-632px-1024x539.png\" alt=\"Mikropigmentering-av-h\u00e5r-hero-1200-632px\" class=\"wp-image-2404 size-full\" srcset=\"https:\/\/cosmena.com\/wp-content\/uploads\/2021\/11\/Scalp-micropigmentation-hero-1200-632px-1024x539.png 1024w, https:\/\/cosmena.com\/wp-content\/uploads\/2021\/11\/Scalp-micropigmentation-hero-1200-632px-300x158.png 300w, https:\/\/cosmena.com\/wp-content\/uploads\/2021\/11\/Scalp-micropigmentation-hero-1200-632px-768x404.png 768w, https:\/\/cosmena.com\/wp-content\/uploads\/2021\/11\/Scalp-micropigmentation-hero-1200-632px.png 1200w\" sizes=\"auto, (max-width: 1024px) 100vw, 1024px\" \/><\/figure><div class=\"wp-block-media-text__content\">\n<div style=\"height:100px\" aria-hidden=\"true\" class=\"wp-block-spacer\"><\/div>\n\n\n\n<h1 class=\"wp-block-heading\"><strong>Mikropigmentering av h\u00e5r<\/strong><\/h1>\n\n\n\n<p class=\"has-medium-font-size\"><a href=\"https:\/\/cosmena.com\/sv\/haravfall\/\">H\u00e5ravfall<\/a> kan g\u00f6ra vem som helst deprimerad. Att hitta h\u00e5rstr\u00e5n i sin h\u00e5rborste, soffa och badrumsavlopp \u00e4r frustrerande. <\/p>\n\n\n\n<p>Som tur \u00e4r finns det flera olika s\u00e4tt att \u00e5tg\u00e4rda de synliga effekterna av detta. Micropigmentering av h\u00e5rbotten \u00e4r ett av behandlingss\u00e4tten som har blivit ett popul\u00e4rt alternativ bland m\u00e5nga svenskar.<\/p>\n\n\n\n<p>Om du \u00e4r tr\u00f6tt p\u00e5 underh\u00e5llskr\u00e4vande och dyra h\u00e5rv\u00e4xtbehandlingar, eller inte vill satsa p\u00e5 <a href=\"https:\/\/cosmena.com\/sv\/hartransplantation\/\">h\u00e5rtransplantation<\/a> just nu, s\u00e5 kan micropigmentering (SMP) av h\u00e5rbotten n\u00e5got f\u00f6r dig. Medan PRP och h\u00e5rtransplantationer hj\u00e4lper h\u00e5ret att v\u00e4xa, ger micropigmentering av skalpen din h\u00e5rbotten ett naturligt t\u00e4tare utseende utan att beh\u00f6va flytta h\u00e5rs\u00e4ckar.<\/p>\n\n\n\n<div style=\"height:100px\" aria-hidden=\"true\" class=\"wp-block-spacer\"><\/div>\n<\/div><\/div>\n\n\n\n<div style=\"height:50px\" aria-hidden=\"true\" class=\"wp-block-spacer\"><\/div>\n\n\n\n<h2 class=\"wp-block-heading\">Vad \u00e4r Mikropigmenering av h\u00e5ret?<\/h2>\n\n\n\n<p class=\"has-medium-font-size\">Micropigmentering av h\u00e5rbotten \u00e4r en behandling av h\u00e5ravfall i form av en mindre sm\u00e4rtsam och mer praktisk h\u00e5rtatuering.<\/p>\n\n\n\n<p>Behandlingen inneb\u00e4r att man anv\u00e4nder en kraftfull tatueringsmaskin som tr\u00e4nger in i huden och inf\u00f6r pigment f\u00f6r att imitera en h\u00e5rig h\u00e5rbotten. Olika pigmentlager och nyanser skapar prickar som sm\u00e4lter in i huden. De eliminerar de ljusare omr\u00e5dena och f\u00e5r din h\u00e5rbotten att se fylligare och nyrakad ut.<\/p>\n\n\n\n<h3 class=\"wp-block-heading\">\u00c4r det en ny form av behandling?<\/h3>\n\n\n\n<p>Micropigmentering av h\u00e5rbotten har funnits i m\u00e5nga decennier, men blev s\u00e4rskilt popul\u00e4rt i Storbritannien \u00e5r 2002. Det var Ian och Ranbir Rai Watson som testade r\u00e4tt utrustning och pigment f\u00f6r micropigmentering och utf\u00f6rde f\u00f6r f\u00f6rsta g\u00e5ngen framg\u00e5ngsrikt behandlingen i sin klinik. Sedan dess har miljontals europeer anv\u00e4nt sig av behandlingen.<\/p>\n\n\n\n<h3 class=\"wp-block-heading\">Vem kan utf\u00f6ra den?<\/h3>\n\n\n\n<p>F\u00f6r mikropigmentering av h\u00e5rbottnen anv\u00e4nds specialutrustning och unika tekniker. Endast&nbsp; registrerade l\u00e4kare b\u00f6r utf\u00f6ra behandlingen \u00e4ven om det verkar som en vanlig h\u00e5rtatuering.<\/p>\n\n\n\n<p>Behandlingsresultatet varierar fr\u00e5n person till person och beror \u00e4ven p\u00e5 vilken del av h\u00e5rbotten som har behandlats. Hud med \u00e4rrv\u00e4vnad m\u00e5ste till exempel behandlas annorlunda \u00e4n normal eller atrofisk hud. Tekniken m\u00e5ste konstant justeras f\u00f6r patientens hudtyp, vilket \u00e4r varf\u00f6r behandlingen kr\u00e4ver en utbildad l\u00e4kare. &nbsp;<\/p>\n\n\n\n<h3 class=\"wp-block-heading\">Micropigmentering av h\u00e5rbotten hos m\u00e4n och kvinnor<\/h3>\n\n\n\n<p>En vanlig fr\u00e5ga \u00e4r om micropigmentering av skalpen \u00e4ven passar kvinnor. Svaret p\u00e5 den fr\u00e5gan \u00e4r ja. Till skillnad fr\u00e5n m\u00e4n har kvinnor ofta fl\u00e4ckvist h\u00e5ravfall, ist\u00e4llet f\u00f6r fullst\u00e4ndig eller androgen skallighet. Kvinnor kan d\u00e4rf\u00f6r f\u00e5 hj\u00e4lp att d\u00f6lja dessa fl\u00e4ckar med denna behandling.<\/p>\n\n\n\n<h2 class=\"wp-block-heading\">Behandlingsprocess och h\u00e4ndelsef\u00f6rlopp<\/h2>\n\n\n\n<p class=\"has-medium-font-size\">En SMP-h\u00e5rbehandling \u00e4r minimalt invasiv och har en kort \u00e5terh\u00e4mtningsperiod. De olika stegen involverar:<\/p>\n\n\n\n<h3 class=\"wp-block-heading\">Konsultation<\/h3>\n\n\n\n<p>Konsultationen l\u00e4gger grunden f\u00f6r din behandling genom att du bygger en relation mellan dig och din l\u00e4kare.<\/p>\n\n\n\n<ul class=\"wp-block-list\"><li>L\u00e4karen f\u00f6rklarar hur micropigmentering av h\u00e5rbotten g\u00e5r till<\/li><li>Din h\u00e5rbotten unders\u00f6ks f\u00f6r att avg\u00f6ra hudton, h\u00e5ravfall och h\u00e5rbottens h\u00e4lsa<\/li><li>Antalet n\u00e5lar best\u00e4ms samt vilket typ av pigment som \u00e4r l\u00e4mpligt att anv\u00e4nda<\/li><li>Om aktuellt best\u00e4mmer ni \u00e4ven hur ditt nya h\u00e5rf\u00e4ste ska se ut.<\/li><li>Slutligen best\u00e4ms antalet behandlingar och n\u00e4r de ska genomf\u00f6ras<\/li><\/ul>\n\n\n\n<p>Konsultationen till\u00e5ter dig \u00e4ven att anpassa dina f\u00f6rv\u00e4ntningar till uppn\u00e5bara resultat.<\/p>\n\n\n\n<h3 class=\"wp-block-heading\"><strong>Behandling<\/strong><\/h3>\n\n\n\n<p>Behandlingsl\u00e4ngden varierar fr\u00e5n fall till fall. Vissa m\u00e4nniskor beh\u00f6ver till exempel kanske endast tv\u00e5 till tre sessioner, medan andra kan beh\u00f6va fler f\u00f6r att uppn\u00e5 ett b\u00e4ttre resultat. Varje behandling tar mellan 2 &#8211; 3 timmar och genomf\u00f6rs med 10 dagars mellanrum.<\/p>\n\n\n\n<ul class=\"wp-block-list\"><li><strong>F\u00f6rsta behandlingen: <\/strong>Under din f\u00f6rsta behandling skapar din l\u00e4kare ett nytt h\u00e5rf\u00e4ste f\u00f6r att definiera form och stil. H\u00e4r l\u00e4ggs grunden f\u00f6r h\u00e5rtatueringen eftersom resten av behandlingen inneb\u00e4r att man fyller i runt h\u00e5rf\u00e4stet.<\/li><\/ul>\n\n\n\n<p><strong>Efter 10 till 14 dagar:<\/strong><\/p>\n\n\n\n<ul class=\"wp-block-list\"><li><strong>Den andra behandlingen: <\/strong>Under denna behandling forts\u00e4tter din l\u00e4kare att fylla i det redan definierade h\u00e5rf\u00e4stet f\u00f6r ett f\u00f6rfinat och t\u00e4tare resultat. Beroende p\u00e5 h\u00e5rs\u00e4cksf\u00e4rgen inneh\u00e5ller detta lager oftast flera olika nyanser.<\/li><\/ul>\n\n\n\n<p><strong>Efter 10 till 14 dagar:<\/strong><\/p>\n\n\n\n<ul class=\"wp-block-list\"><li><strong>Den tredje behandlingen: <\/strong>Detta \u00e4r mer av en touch-up och avslutande behandling. Som redan n\u00e4mnts kan vissa patienter beh\u00f6va fler behandlingssessioner, men de flesta uppn\u00e5r sitt slutgiltiga resultat efter tre behandlingar.<\/li><\/ul>\n\n\n\n<p>\u00c4ven om behandlingen inte \u00e4r helt sm\u00e4rtfri s\u00e5 \u00e4r den mycket mindre sm\u00e4rtsam \u00e4n en traditionell tatuering. L\u00e4karen applicerar ett lokal eller injicerbart bed\u00f6vningsmedel f\u00f6r att bed\u00f6va huden, men du kan fortfarande k\u00e4nna ett l\u00e4tt obehag.<\/p>\n\n\n\n<h3 class=\"wp-block-heading\"><strong>\u00c5terh\u00e4mtning<\/strong><\/h3>\n\n\n\n<p>Du kan uppleva en l\u00e4tt rodnad eller \u00f6mhet efter behandlingen, men detta g\u00e5r snabbt \u00f6ver.<\/p>\n\n\n\n<p><strong>4. Touch-ups<\/strong><\/p>\n\n\n\n<p>SMP-h\u00e5rbehandlingar \u00e4r relativt l\u00e5ngvariga, men pigmentet kan \u00e4nd\u00e5 blekna med tiden. Pigmentet inneh\u00e5ller gr\u00f6na och bl\u00e5 nyanser som kan bli mer framtr\u00e4dande med \u00e5ren. Efter n\u00e5gra \u00e5r rekommenderas det att du \u00e5terv\u00e4nder f\u00f6r en touch-up.<\/p>\n\n\n\n<h2 class=\"wp-block-heading\">Vad kostar en h\u00e5rpigmentering?<\/h2>\n\n\n\n<p class=\"has-medium-font-size\">Kostnaden f\u00f6r en h\u00e5rtatuering varierar beroende p\u00e5 hur stort omr\u00e5det \u00e4r som beh\u00f6ver t\u00e4ckas. Sm\u00e5 skalliga fl\u00e4ckar \u00e4r billigare att t\u00e4cka. En helt\u00e4ckande h\u00e5rpigmentering inneb\u00e4r dock mer jobb och l\u00e4ngre behandlingstid, vilket s\u00e5klart \u00f6kar kostnaden avsev\u00e4rt.<\/p>\n\n\n\n<p>Kostnaden f\u00f6r micropigmentering av h\u00e5rbotten i Sverige \u00e4r upp till 42 000 kronor f\u00f6r ett helt huvud. Detta eftersom utrustningen och kunskapen som kr\u00e4vs f\u00f6r att genomf\u00f6ra behandlingen \u00e4r kostsam.<\/p>\n\n\n\n<p>Micropigmentering av h\u00e5rbotten, h\u00e5rf\u00e4stet eller toppen av huvudet kan kosta \u00f6ver 12 000 kronor beroende p\u00e5 behandlingsomr\u00e5de. Mindre omr\u00e5den kostar mellan 12 000 och 18 000 kronor.<\/p>\n\n\n\n<p>Kostnaden f\u00f6r en micropigmentering av h\u00e5rbotten beror \u00e4ven p\u00e5 var den genomf\u00f6rs. En behandling i Stockholm kan till exempel kosta mycket mer \u00e4n en h\u00e5rtatuering i andra st\u00e4der.<\/p>\n\n\n\n<h2 class=\"wp-block-heading\">\u00c4r det v\u00e4rt att \u00e5ka till Turkiet f\u00f6r mikropigmentering av h\u00e5rbotten?<\/h2>\n\n\n\n<p class=\"has-medium-font-size\">Kostnaden f\u00f6r mikropigmentering av h\u00e5rbotten i <a href=\"https:\/\/cosmena.com\/sv\/hartransplantation\/turkiet\/\">Turkiet<\/a> \u00e4r cirka 7000 kronor f\u00f6r mindre omr\u00e5den och cirka 14 000 kronor f\u00f6r hela huvudet. Det kan vara en bra deal i vissa fall, men du m\u00e5ste \u00e4ven r\u00e4kna med resekostnader.<\/p>\n\n\n\n<ul class=\"wp-block-list\"><li>Flyg: Mellan 2400 till 3000 kronor.<\/li><li>Boende: Minst 500 kronor f\u00f6r ett 4- till 5-stj\u00e4rnigt hotell.<\/li><li>Kostnad f\u00f6r lediga dagar fr\u00e5n jobbet som kan variera beroende p\u00e5 arbete och l\u00f6n.<\/li><li>Resef\u00f6rs\u00e4kring.<\/li><li>Eventuellt andra kostnader som kan tillkomma<\/li><\/ul>\n\n\n\n<p>Det finns dock en god chans att det fortfarande kan vara billigare \u00e4n att genomf\u00f6ra en mikropigmentering av h\u00e5rbotten i <a href=\"https:\/\/cosmena.com\/sv\/hartransplantation\/sverige\/\">Sverige<\/a>.<\/p>\n\n\n\n<p>Det finns allts\u00e5 inget enkelt svar p\u00e5 fr\u00e5gan om det \u00e4r v\u00e4rt att f\u00f6r svenska medborgare att \u00e5ka till Turkiet f\u00f6r att genomg\u00e5 en s\u00e5dan behandling. Svaret varierar fr\u00e5n person till person, och hur deras omst\u00e4ndigheter ser ut ang\u00e5ende resor, ledighet, flexibilitet och prisv\u00e4rdhet.<\/p>\n\n\n\n<h2 class=\"wp-block-heading\">Kan metoden anv\u00e4ndas f\u00f6r att behandla alla typer av h\u00e5ravfall?<\/h2>\n\n\n\n<p class=\"has-medium-font-size\">Vanligtvis \u00e4r uppfattningen att micropigmentering av h\u00e5rbotten \u00e4r en h\u00e5rtatuering f\u00f6r skallighet, men behandlingen \u00e4r mycket mer \u00e4n s\u00e5. De f\u00f6ljande typerna av h\u00e5ravfall kan behandlas med h\u00e5rmicropigmentering:<\/p>\n\n\n\n<ul class=\"wp-block-list\"><li><strong>Tunt h\u00e5r: <\/strong>Micropigmentering av h\u00e5rbotten f\u00f6r tunt h\u00e5r ger oftast fantastiska resultat eftersom det kan t\u00e4cka kala fl\u00e4ckar och ge ett t\u00e4tare utseende trots mindre h\u00e5rvolym. Det \u00f6kar h\u00e5rs\u00e4ckarnas t\u00e4thet och t\u00e4cker skalliga omr\u00e5den. Du kan ocks\u00e5 ta hj\u00e4lp av behandlingen f\u00f6r att t\u00e4cka vandrande h\u00e5rf\u00e4sten.<\/li><li><strong>Alopecia Areata: <\/strong>Androgen skallighet \u00e4r fr\u00e4mst vanligt hos m\u00e4n och kan bero p\u00e5 \u00e4rftliga gener samt hormonella eller autoimmuna problem. Personer med alopecia areata kan anv\u00e4nda sig av mikropigmentering av h\u00e5rbotten f\u00f6r att minska skalpens synlighet.<strong><\/strong><\/li><li><strong>\u00c4rrbildning: <\/strong>Mikropigmentering av h\u00e5rbotten anv\u00e4nds inte bara f\u00f6r h\u00e5ravfall utan kan ocks\u00e5 anv\u00e4ndas f\u00f6r att hantera andra skalpproblem. Behandlingen anv\u00e4nds f\u00f6r att d\u00f6lja kirurgiska \u00e4rr eller \u00e4rrbildningar som skett p\u00e5 grund av andra hudproblem.<strong><\/strong><\/li><li><strong>I samband med andra behandlingar: <\/strong>Du kan ocks\u00e5 genomg\u00e5 mikropigmentering av h\u00e5rbotten i samband med PRP och h\u00e5rtransplantationer f\u00f6r att f\u00f6rb\u00e4ttra deras slutgiltiga resultat.<strong><\/strong><\/li><li><strong>Andra omr\u00e5den:<\/strong> Mikropigmentering av h\u00e5rbotten g\u00e5r \u00e4ven att genomf\u00f6ra f\u00f6r sk\u00e4gg, d\u00e4r du kan f\u00e5 ditt sk\u00e4gg att se konstant nyrakat ut. Dessutom \u00e4r microblading en behandling f\u00f6r \u00f6gonbrynen som anv\u00e4nder sig av samma teknik som mikropigmentering av h\u00e5rbotten.<strong><\/strong><\/li><\/ul>\n\n\n\n<h2 class=\"wp-block-heading\">Kliniker i Sverige vs. Turkiet<\/h2>\n\n\n\n<p class=\"has-medium-font-size\">Turkiet har blivit ett popul\u00e4rt turistm\u00e5l f\u00f6r svenskar. Eftersom levnadskostnaderna i Turkiet \u00e4r l\u00e4gre \u00e4n i Sverige, \u00e4r kostnaden f\u00f6r mikropigmentering av h\u00e5rbotten i Turkiet ocks\u00e5 betydligt billigare.<\/p>\n\n\n\n<p>N\u00e5gra av f\u00f6rdelarna med mikropigmentering av h\u00e5rbotten i Turkiet \u00e4r:<\/p>\n\n\n\n<ul class=\"wp-block-list\"><li><strong>L\u00e4gre kostnad:<\/strong> Den totala kostnaden av resan och behandlingen i Turkiet \u00e4r billigare \u00e4n att genomg\u00e5 micropigmentering av h\u00e5rbotten i Sverige.<\/li><li><strong>Turism:<\/strong> Du f\u00e5r chansen att turista och uppleva en annorlunda kultur.<\/li><li><strong>Smidig resa:<\/strong> Flygtiden fr\u00e5n Sverige till Turkiet \u00e4r kort och du kan enkelt resa in i landet.<\/li><\/ul>\n\n\n\n<p>Nackdelar med att genomg\u00e5 mikropigmentering av h\u00e5rbotten utomlands:<\/p>\n\n\n\n<ul class=\"wp-block-list\"><li><strong>Of\u00f6ruts\u00e4gbar behandlingstid: <\/strong>Du kan beh\u00f6va g\u00e5 p\u00e5 fler behandlingstillf\u00e4llen f\u00f6r att uppn\u00e5 ett \u00f6nskv\u00e4rt resultat av din mikropigmentering. Det inneb\u00e4r fler lediga dagar fr\u00e5n jobbet och h\u00f6gre hotellkostnader<strong>.<\/strong><\/li><li><strong>Of\u00f6ruts\u00e4gbara kostnader: <\/strong>Den slutgiltiga kostnaden f\u00f6r sj\u00e4lva behandlingen best\u00e4ms inte f\u00f6rr\u00e4n du och l\u00e4karen granskat ditt \u00e4rende tillsammans och kommit fram till vad du beh\u00f6ver. Det betyder att du inte kommer att veta vad den totala kostnaden blir f\u00f6rr\u00e4n du \u00e4r i Turkiet.<\/li><li><strong>Resef\u00f6rs\u00e4kring: <\/strong>Du beh\u00f6ver \u00e4ven teckna en resef\u00f6rs\u00e4kring f\u00f6r att t\u00e4cka andra medicinska n\u00f6dsituationer som kan uppst\u00e5 under din vistelse i Turkiet, och detta kan s\u00e5klart \u00f6ka dina totala kostnader.<\/li><li><strong>Efterv\u00e5rd: <\/strong>M\u00e5nga flyger hem direkt efter behandlingen och f\u00e5r inte ordentlig efterv\u00e5rd, vilket p\u00e5verkar deras slutgiltiga resultat.<\/li><li><strong>Uppf\u00f6ljning: <\/strong>Om du inte \u00e4r n\u00f6jd med behandlingen i Turkiet m\u00e5ste du antingen \u00e5terv\u00e4nda vid ett annat tillf\u00e4lle eller upps\u00f6ka en l\u00e4kare i Sverige, vilket blir dyrare.<\/li><\/ul>\n\n\n\n<h2 class=\"wp-block-heading\">H\u00e5rbottenpigmentering vs. h\u00e5rtransplantation<\/h2>\n\n\n\n<p class=\"has-medium-font-size\">Det \u00e4r f\u00f6rst\u00e5eligt och logiskt att j\u00e4mf\u00f6ra micropigmentering av h\u00e5rbotten med h\u00e5rtransplantation n\u00e4r man best\u00e4mmer sig f\u00f6r hur man vill behandla sitt h\u00e5ravfall. Nedan ser du en j\u00e4mf\u00f6relse.<\/p>\n\n\n\n<h3 class=\"wp-block-heading\">Risker och saker att t\u00e4nka p\u00e5<\/h3>\n\n\n\n<p>Vilka biverkningar finns det risk f\u00f6r vid en micropigmentering av h\u00e5rbotten? Inte m\u00e5nga.<\/p>\n\n\n\n<p>Det finns risk att du \u00e5ngrar ditt beslut att genomg\u00e5 en mikropigmentering av h\u00e5rbotten om du inte f\u00f6rst\u00e5r vad behandlingen inneb\u00e4r och anpassar dina f\u00f6rv\u00e4ntningar.<\/p>\n\n\n\n<p><strong>Att t\u00e4nka p\u00e5:<\/strong><\/p>\n\n\n\n<ul class=\"wp-block-list\"><li>Om ditt m\u00e5l \u00e4r att f\u00e5 ditt h\u00e5r att v\u00e4xa \u00e4r inte micropigmentering n\u00e5got f\u00f6r dig.<\/li><li>Mikropigmentering av h\u00e5rbotten kr\u00e4ver mindre underh\u00e5ll j\u00e4mf\u00f6rt med en PRP-behandling eller h\u00e5rtransplantation, men du beh\u00f6ver fortfarande genomg\u00e5 touch-ups efter 2 &#8211; 4 \u00e5r.<\/li><li>Eftersom SMP \u00e4r som en h\u00e5rtatuering erbjuds behandlingen \u00e4ven hos m\u00e5nga tatuerare, utan att de har den expertis som beh\u00f6vs. Behandlingen kr\u00e4ver n\u00e4mligen en f\u00f6rdjupad utv\u00e4rdering av huden f\u00f6r att v\u00e4lja r\u00e4tt pigment och teknik. Det \u00e4r viktigt att du v\u00e4nder dig till en erfaren ut\u00f6vare.<\/li><\/ul>\n\n\n\n<p>I slut\u00e4ndan s\u00e5 \u00f6verv\u00e4ger f\u00f6rdelarna de nackdelar som finns n\u00e4r det kommer till micropigmentering.<\/p>\n\n\n\n<p><strong>F\u00f6rdelar med micropigmentering av h\u00e5rbotten<\/strong><\/p>\n\n\n\n<ul class=\"wp-block-list\"><li>Ingen omfattande operation kr\u00e4vs<\/li><li>\u00c5terh\u00e4mtningsperioden \u00e4r kort och efterv\u00e5rden v\u00e4ldigt lindrig<\/li><li>Du beh\u00f6ver inte genomg\u00e5 PRP eller andra behandlingar f\u00f6r att underh\u00e5lla behandlingen<\/li><li>Du kan sj\u00e4lv v\u00e4lja hur ditt h\u00e5rf\u00e4ste ska se ut<\/li><li>Du kan v\u00e4lja t\u00e4thet f\u00f6r \u00f6nskat utseende<\/li><li>Om du \u00e4ndrar dig kan du v\u00e4lja andra behandlingar p\u00e5 ett s\u00e4kert s\u00e4tt<\/li><\/ul>\n\n\n\n<p><strong>Nackdelar med micropigmentering av h\u00e5rbotten<\/strong><\/p>\n\n\n\n<ul class=\"wp-block-list\"><li>H\u00e5r v\u00e4xer inte tillbaka<\/li><li>Det bleknar med tiden och du beh\u00f6ver g\u00f6ra touch-ups<\/li><\/ul>\n\n\n\n<h2 class=\"wp-block-heading\">Efterv\u00e5rd f\u00f6r micropigmentering av h\u00e5rbotten<\/h2>\n\n\n\n<p class=\"has-medium-font-size\">N\u00e5gra saker du m\u00e5ste tanka pa \u00e4r:<\/p>\n\n\n\n<ul class=\"wp-block-list\"><li>Vistas inte i solen under minst fyra dagar efter behandlingen.<\/li><li>Efter den femte dagen kan du uts\u00e4tta din hud f\u00f6r solljus i max en timme, men total exponering b\u00f6r undvikas under de f\u00f6rsta 28 dagarna.<\/li><li>Anv\u00e4nd alltid solskyddsmedel med SPF 30 till 50.<\/li><li>Undvik bad, bastu och bubbelpool i fyra dagar efter varje behandling.<\/li><li>Under fyra dagar efter varje behandlingstillf\u00e4lle b\u00f6r du regelbundet sm\u00f6rja in huden med fuktgivande salva f\u00f6r att underl\u00e4tta \u00e5terh\u00e4mtningen.<\/li><\/ul>\n\n\n\n<div style=\"height:50px\" aria-hidden=\"true\" class=\"wp-block-spacer\"><\/div>\n","protected":false},"excerpt":{"rendered":"<p>Vad \u00e4r Mikropigmenering av h\u00e5ret? Micropigmentering av h\u00e5rbotten \u00e4r en behandling av h\u00e5ravfall i&#8230;<\/p>\n","protected":false},"author":4,"featured_media":0,"parent":3476,"menu_order":0,"comment_status":"closed","ping_status":"closed","template":"","meta":{"_acf_changed":false,"footnotes":""},"class_list":["post-3736","page","type-page","status-publish","hentry"],"acf":[],"yoast_head":"<!-- This site is optimized with the Yoast SEO plugin v27.0 - https:\/\/yoast.com\/product\/yoast-seo-wordpress\/ -->\n<title>Mikropigmentering av h\u00e5r - Stor Guide 2026<\/title>\n<meta name=\"description\" content=\"Vad \u00e4r mikropigmentering av h\u00e5r och \u00e4r det v\u00e4rt att anv\u00e4nda f\u00f6r h\u00e5ravfall? Risker &amp; biverkningar, kostnader, behandling utomlands m.m.\" \/>\n<meta name=\"robots\" content=\"index, follow, max-snippet:-1, max-image-preview:large, max-video-preview:-1\" \/>\n<link rel=\"canonical\" href=\"https:\/\/cosmena.com\/sv\/haravfall\/behandling\/mikropigmentering\/\" \/>\n<meta property=\"og:locale\" content=\"sv_SE\" \/>\n<meta property=\"og:type\" content=\"article\" \/>\n<meta property=\"og:title\" content=\"Mikropigmentering av h\u00e5r - Stor Guide 2026\" \/>\n<meta property=\"og:description\" content=\"Vad \u00e4r mikropigmentering av h\u00e5r och \u00e4r det v\u00e4rt att anv\u00e4nda f\u00f6r h\u00e5ravfall? Risker &amp; biverkningar, kostnader, behandling utomlands m.m.\" \/>\n<meta property=\"og:url\" content=\"https:\/\/cosmena.com\/sv\/haravfall\/behandling\/mikropigmentering\/\" \/>\n<meta property=\"og:site_name\" content=\"Cosmena\" \/>\n<meta property=\"article:modified_time\" content=\"2022-02-18T06:57:19+00:00\" \/>\n<meta property=\"og:image\" content=\"http:\/\/cosmena.com\/wp-content\/uploads\/2021\/11\/Scalp-micropigmentation-hero-1200-632px-1024x539.png\" \/>\n<meta name=\"twitter:card\" content=\"summary_large_image\" \/>\n<meta name=\"twitter:label1\" content=\"Ber\u00e4knad l\u00e4stid\" \/>\n\t<meta name=\"twitter:data1\" content=\"10 minuter\" \/>\n<!-- \/ Yoast SEO plugin. -->","yoast_head_json":{"title":"Mikropigmentering av h\u00e5r - Stor Guide 2026","description":"Vad \u00e4r mikropigmentering av h\u00e5r och \u00e4r det v\u00e4rt att anv\u00e4nda f\u00f6r h\u00e5ravfall? Risker & biverkningar, kostnader, behandling utomlands m.m.","robots":{"index":"index","follow":"follow","max-snippet":"max-snippet:-1","max-image-preview":"max-image-preview:large","max-video-preview":"max-video-preview:-1"},"canonical":"https:\/\/cosmena.com\/sv\/haravfall\/behandling\/mikropigmentering\/","og_locale":"sv_SE","og_type":"article","og_title":"Mikropigmentering av h\u00e5r - Stor Guide 2026","og_description":"Vad \u00e4r mikropigmentering av h\u00e5r och \u00e4r det v\u00e4rt att anv\u00e4nda f\u00f6r h\u00e5ravfall? Risker & biverkningar, kostnader, behandling utomlands m.m.","og_url":"https:\/\/cosmena.com\/sv\/haravfall\/behandling\/mikropigmentering\/","og_site_name":"Cosmena","article_modified_time":"2022-02-18T06:57:19+00:00","og_image":[{"url":"http:\/\/cosmena.com\/wp-content\/uploads\/2021\/11\/Scalp-micropigmentation-hero-1200-632px-1024x539.png","type":"","width":"","height":""}],"twitter_card":"summary_large_image","twitter_misc":{"Ber\u00e4knad l\u00e4stid":"10 minuter"},"schema":{"@context":"https:\/\/schema.org","@graph":[{"@type":"WebPage","@id":"https:\/\/cosmena.com\/sv\/haravfall\/behandling\/mikropigmentering\/","url":"https:\/\/cosmena.com\/sv\/haravfall\/behandling\/mikropigmentering\/","name":"Mikropigmentering av h\u00e5r - Stor Guide 2026","isPartOf":{"@id":"https:\/\/cosmena.com\/sv\/#website"},"primaryImageOfPage":{"@id":"https:\/\/cosmena.com\/sv\/haravfall\/behandling\/mikropigmentering\/#primaryimage"},"image":{"@id":"https:\/\/cosmena.com\/sv\/haravfall\/behandling\/mikropigmentering\/#primaryimage"},"thumbnailUrl":"http:\/\/cosmena.com\/wp-content\/uploads\/2021\/11\/Scalp-micropigmentation-hero-1200-632px-1024x539.png","datePublished":"2022-02-13T05:09:08+00:00","dateModified":"2022-02-18T06:57:19+00:00","description":"Vad \u00e4r mikropigmentering av h\u00e5r och \u00e4r det v\u00e4rt att anv\u00e4nda f\u00f6r h\u00e5ravfall? Risker & biverkningar, kostnader, behandling utomlands m.m.","breadcrumb":{"@id":"https:\/\/cosmena.com\/sv\/haravfall\/behandling\/mikropigmentering\/#breadcrumb"},"inLanguage":"sv-SE","potentialAction":[{"@type":"ReadAction","target":["https:\/\/cosmena.com\/sv\/haravfall\/behandling\/mikropigmentering\/"]}]},{"@type":"ImageObject","inLanguage":"sv-SE","@id":"https:\/\/cosmena.com\/sv\/haravfall\/behandling\/mikropigmentering\/#primaryimage","url":"http:\/\/cosmena.com\/wp-content\/uploads\/2021\/11\/Scalp-micropigmentation-hero-1200-632px-1024x539.png","contentUrl":"http:\/\/cosmena.com\/wp-content\/uploads\/2021\/11\/Scalp-micropigmentation-hero-1200-632px-1024x539.png"},{"@type":"BreadcrumbList","@id":"https:\/\/cosmena.com\/sv\/haravfall\/behandling\/mikropigmentering\/#breadcrumb","itemListElement":[{"@type":"ListItem","position":1,"name":"Home","item":"https:\/\/cosmena.com\/sv\/"},{"@type":"ListItem","position":2,"name":"H\u00e5ravfall","item":"https:\/\/cosmena.com\/sv\/haravfall\/"},{"@type":"ListItem","position":3,"name":"Behandling av H\u00e5ravfall","item":"https:\/\/cosmena.com\/sv\/haravfall\/behandling\/"},{"@type":"ListItem","position":4,"name":"Mikropigmentering av h\u00e5r"}]},{"@type":"WebSite","@id":"https:\/\/cosmena.com\/sv\/#website","url":"https:\/\/cosmena.com\/sv\/","name":"Cosmena","description":"Your extensive guide to cosmetic treatments","publisher":{"@id":"https:\/\/cosmena.com\/sv\/#organization"},"potentialAction":[{"@type":"SearchAction","target":{"@type":"EntryPoint","urlTemplate":"https:\/\/cosmena.com\/sv\/?s={search_term_string}"},"query-input":{"@type":"PropertyValueSpecification","valueRequired":true,"valueName":"search_term_string"}}],"inLanguage":"sv-SE"},{"@type":"Organization","@id":"https:\/\/cosmena.com\/sv\/#organization","name":"Cosmena","url":"https:\/\/cosmena.com\/sv\/","logo":{"@type":"ImageObject","inLanguage":"sv-SE","@id":"https:\/\/cosmena.com\/sv\/#\/schema\/logo\/image\/","url":"https:\/\/cosmena.com\/wp-content\/uploads\/2021\/06\/cosmena-logo-bw-1.1.png","contentUrl":"https:\/\/cosmena.com\/wp-content\/uploads\/2021\/06\/cosmena-logo-bw-1.1.png","width":600,"height":82,"caption":"Cosmena"},"image":{"@id":"https:\/\/cosmena.com\/sv\/#\/schema\/logo\/image\/"}}]}},"_links":{"self":[{"href":"https:\/\/cosmena.com\/sv\/wp-json\/wp\/v2\/pages\/3736","targetHints":{"allow":["GET"]}}],"collection":[{"href":"https:\/\/cosmena.com\/sv\/wp-json\/wp\/v2\/pages"}],"about":[{"href":"https:\/\/cosmena.com\/sv\/wp-json\/wp\/v2\/types\/page"}],"author":[{"embeddable":true,"href":"https:\/\/cosmena.com\/sv\/wp-json\/wp\/v2\/users\/4"}],"replies":[{"embeddable":true,"href":"https:\/\/cosmena.com\/sv\/wp-json\/wp\/v2\/comments?post=3736"}],"version-history":[{"count":14,"href":"https:\/\/cosmena.com\/sv\/wp-json\/wp\/v2\/pages\/3736\/revisions"}],"predecessor-version":[{"id":4599,"href":"https:\/\/cosmena.com\/sv\/wp-json\/wp\/v2\/pages\/3736\/revisions\/4599"}],"up":[{"embeddable":true,"href":"https:\/\/cosmena.com\/sv\/wp-json\/wp\/v2\/pages\/3476"}],"wp:attachment":[{"href":"https:\/\/cosmena.com\/sv\/wp-json\/wp\/v2\/media?parent=3736"}],"curies":[{"name":"wp","href":"https:\/\/api.w.org\/{rel}","templated":true}]}}