{"id":3755,"date":"2022-02-13T11:36:43","date_gmt":"2022-02-13T10:36:43","guid":{"rendered":"http:\/\/cosmena.com\/?page_id=3755"},"modified":"2023-06-12T09:53:30","modified_gmt":"2023-06-12T07:53:30","slug":"kontakt","status":"publish","type":"page","link":"https:\/\/cosmena.com\/sv\/kontakt\/","title":{"rendered":"Kontakt"},"content":{"rendered":"\n<div class=\"wp-block-media-text alignfull is-stacked-on-mobile is-image-fill has-background\" style=\"background-color:#e8e8e8\"><figure class=\"wp-block-media-text__media\" style=\"background-image:url(http:\/\/cosmena.com\/wp-content\/uploads\/2021\/11\/Contact-hero-1200-675px-1024x576.png);background-position:50% 50%\"><img loading=\"lazy\" decoding=\"async\" width=\"1024\" height=\"576\" src=\"http:\/\/cosmena.com\/wp-content\/uploads\/2021\/11\/Contact-hero-1200-675px-1024x576.png\" alt=\"Contact-hero-1200-675px\" class=\"wp-image-2535 size-full\" srcset=\"https:\/\/cosmena.com\/wp-content\/uploads\/2021\/11\/Contact-hero-1200-675px-1024x576.png 1024w, https:\/\/cosmena.com\/wp-content\/uploads\/2021\/11\/Contact-hero-1200-675px-300x169.png 300w, https:\/\/cosmena.com\/wp-content\/uploads\/2021\/11\/Contact-hero-1200-675px-768x432.png 768w, https:\/\/cosmena.com\/wp-content\/uploads\/2021\/11\/Contact-hero-1200-675px.png 1200w\" sizes=\"auto, (max-width: 1024px) 100vw, 1024px\" \/><\/figure><div class=\"wp-block-media-text__content\">\n<div style=\"height:100px\" aria-hidden=\"true\" class=\"wp-block-spacer\"><\/div>\n\n\n\n<h1 class=\"wp-block-heading\"><strong>Kontakta oss<\/strong><\/h1>\n\n\n\n<p>Huvudm\u00e5let med Cosmena.com \u00e4r att ge v\u00e5ra l\u00e4sare och kunder h\u00f6gkvalitativ information som \u00e4r l\u00e4tt att f\u00f6rst\u00e5 och som stimulerar dem att engagera sig i h\u00e4lsosamma aktiviteter n\u00e4r de genomg\u00e5r sina h\u00e4lso- och v\u00e4lm\u00e5enderesor.<br><\/p>\n\n\n\n<p>N\u00e4r en l\u00e4sare informerar oss om ett potentiellt problem med v\u00e5rt inneh\u00e5ll, s\u00e5som ofullst\u00e4ndig, felaktig, inaktuell, oklar eller mots\u00e4gelsefull information, str\u00e4var vi efter att reagera snabbt f\u00f6r att l\u00f6sa problemet.<\/p>\n\n\n\n<div style=\"height:100px\" aria-hidden=\"true\" class=\"wp-block-spacer\"><\/div>\n<\/div><\/div>\n\n\n\n<div style=\"height:50px\" aria-hidden=\"true\" class=\"wp-block-spacer\"><\/div>\n\n\n\n<h2 class=\"wp-block-heading\">Allm\u00e4n kontakt<br><\/h2>\n\n\n\n<h3 class=\"wp-block-heading\">Klagom\u00e5l och redigeringar<br><\/h3>\n\n\n\n<p>Du kan skicka in klagom\u00e5l p\u00e5 inneh\u00e5llet, faktauppgifter och liknande och v\u00e5r redaktion kommer d\u00e5 att unders\u00f6ka informationen, identifiera f\u00f6rb\u00e4ttringsomr\u00e5den och \u00e5terpublicera v\u00e5rt material med de n\u00f6dv\u00e4ndiga \u00e4ndringarna. <\/p>\n\n\n\n<p>Om du har n\u00e5gra klagom\u00e5l eller rekommendationer, skicka ett e-postmeddelande till info(at)odo.farm. Vi kommer att svara i god tid.<br><\/p>\n\n\n\n<h3 class=\"wp-block-heading\">Integritets- och GDPR-fr\u00e5gor<br><\/h3>\n\n\n\n<p>Din integritet \u00e4r mycket viktig f\u00f6r oss. Vi kan komma att lagra viss information som du l\u00e4mnar till oss via denna webbplats p\u00e5 servrar utanf\u00f6r EU. V\u00e4nligen ange inte informationen om du inte samtycker till en s\u00e5dan placering. Om du har n\u00e5gra fr\u00e5gor, v\u00e4nligen maila oss.<br><\/p>\n\n\n\n<h2 class=\"wp-block-heading\">Ansvarsfriskrivning<br><\/h2>\n\n\n\n<p><em>Cosmena \u00e4r en digital publikation och ger inte personlig medicinsk eller h\u00e4lsor\u00e5dgivning. F\u00f6r tydlig medicinsk r\u00e5dgivning ang\u00e5ende kosmetisk kirurgi &#8211; prata direkt med din l\u00e4kare eller l\u00e4kare. Om du har en medicinsk n\u00f6dsituation, kontakta din lokala r\u00e4ddningstj\u00e4nst eller g\u00e5 till n\u00e4rmaste akutmottagning eller akutsjukhus s\u00e5 snabbt som m\u00f6jligt.<\/em><\/p>\n\n\n\n<div style=\"height:50px\" aria-hidden=\"true\" class=\"wp-block-spacer\"><\/div>\n","protected":false},"excerpt":{"rendered":"<p>Allm\u00e4n kontakt Klagom\u00e5l och redigeringar Du kan skicka in klagom\u00e5l p\u00e5 inneh\u00e5llet, faktauppgifter och&#8230;<\/p>\n","protected":false},"author":4,"featured_media":0,"parent":0,"menu_order":0,"comment_status":"closed","ping_status":"closed","template":"","meta":{"_acf_changed":false,"footnotes":""},"class_list":["post-3755","page","type-page","status-publish","hentry"],"acf":[],"yoast_head":"<!-- This site is optimized with the Yoast SEO plugin v27.0 - https:\/\/yoast.com\/product\/yoast-seo-wordpress\/ -->\n<title>Kontakta oss p\u00e5 Cosmena - Kontaktuppgifter<\/title>\n<meta name=\"description\" content=\"L\u00e4s om p\u00e5 vilka s\u00e4tt och med vilka adresser du kan kontakta oss p\u00e5 Webbplatsen Cosmena - Sveriges b\u00e4sta guide till h\u00e5rtransplantationer\" \/>\n<meta name=\"robots\" content=\"index, follow, max-snippet:-1, max-image-preview:large, max-video-preview:-1\" \/>\n<link rel=\"canonical\" href=\"https:\/\/cosmena.com\/sv\/kontakt\/\" \/>\n<meta property=\"og:locale\" content=\"sv_SE\" \/>\n<meta property=\"og:type\" content=\"article\" \/>\n<meta property=\"og:title\" content=\"Kontakta oss p\u00e5 Cosmena - Kontaktuppgifter\" \/>\n<meta property=\"og:description\" content=\"L\u00e4s om p\u00e5 vilka s\u00e4tt och med vilka adresser du kan kontakta oss p\u00e5 Webbplatsen Cosmena - Sveriges b\u00e4sta guide till h\u00e5rtransplantationer\" \/>\n<meta property=\"og:url\" content=\"https:\/\/cosmena.com\/sv\/kontakt\/\" \/>\n<meta property=\"og:site_name\" content=\"Cosmena\" \/>\n<meta property=\"article:modified_time\" content=\"2023-06-12T07:53:30+00:00\" \/>\n<meta property=\"og:image\" content=\"http:\/\/cosmena.com\/wp-content\/uploads\/2021\/11\/Contact-hero-1200-675px-1024x576.png\" \/>\n<meta name=\"twitter:card\" content=\"summary_large_image\" \/>\n<meta name=\"twitter:label1\" content=\"Ber\u00e4knad l\u00e4stid\" \/>\n\t<meta name=\"twitter:data1\" content=\"2 minuter\" \/>\n<!-- \/ Yoast SEO plugin. -->","yoast_head_json":{"title":"Kontakta oss p\u00e5 Cosmena - Kontaktuppgifter","description":"L\u00e4s om p\u00e5 vilka s\u00e4tt och med vilka adresser du kan kontakta oss p\u00e5 Webbplatsen Cosmena - Sveriges b\u00e4sta guide till h\u00e5rtransplantationer","robots":{"index":"index","follow":"follow","max-snippet":"max-snippet:-1","max-image-preview":"max-image-preview:large","max-video-preview":"max-video-preview:-1"},"canonical":"https:\/\/cosmena.com\/sv\/kontakt\/","og_locale":"sv_SE","og_type":"article","og_title":"Kontakta oss p\u00e5 Cosmena - Kontaktuppgifter","og_description":"L\u00e4s om p\u00e5 vilka s\u00e4tt och med vilka adresser du kan kontakta oss p\u00e5 Webbplatsen Cosmena - Sveriges b\u00e4sta guide till h\u00e5rtransplantationer","og_url":"https:\/\/cosmena.com\/sv\/kontakt\/","og_site_name":"Cosmena","article_modified_time":"2023-06-12T07:53:30+00:00","og_image":[{"url":"http:\/\/cosmena.com\/wp-content\/uploads\/2021\/11\/Contact-hero-1200-675px-1024x576.png","type":"","width":"","height":""}],"twitter_card":"summary_large_image","twitter_misc":{"Ber\u00e4knad l\u00e4stid":"2 minuter"},"schema":{"@context":"https:\/\/schema.org","@graph":[{"@type":"WebPage","@id":"https:\/\/cosmena.com\/sv\/kontakt\/","url":"https:\/\/cosmena.com\/sv\/kontakt\/","name":"Kontakta oss p\u00e5 Cosmena - Kontaktuppgifter","isPartOf":{"@id":"https:\/\/cosmena.com\/sv\/#website"},"primaryImageOfPage":{"@id":"https:\/\/cosmena.com\/sv\/kontakt\/#primaryimage"},"image":{"@id":"https:\/\/cosmena.com\/sv\/kontakt\/#primaryimage"},"thumbnailUrl":"http:\/\/cosmena.com\/wp-content\/uploads\/2021\/11\/Contact-hero-1200-675px-1024x576.png","datePublished":"2022-02-13T10:36:43+00:00","dateModified":"2023-06-12T07:53:30+00:00","description":"L\u00e4s om p\u00e5 vilka s\u00e4tt och med vilka adresser du kan kontakta oss p\u00e5 Webbplatsen Cosmena - Sveriges b\u00e4sta guide till h\u00e5rtransplantationer","breadcrumb":{"@id":"https:\/\/cosmena.com\/sv\/kontakt\/#breadcrumb"},"inLanguage":"sv-SE","potentialAction":[{"@type":"ReadAction","target":["https:\/\/cosmena.com\/sv\/kontakt\/"]}]},{"@type":"ImageObject","inLanguage":"sv-SE","@id":"https:\/\/cosmena.com\/sv\/kontakt\/#primaryimage","url":"http:\/\/cosmena.com\/wp-content\/uploads\/2021\/11\/Contact-hero-1200-675px-1024x576.png","contentUrl":"http:\/\/cosmena.com\/wp-content\/uploads\/2021\/11\/Contact-hero-1200-675px-1024x576.png"},{"@type":"BreadcrumbList","@id":"https:\/\/cosmena.com\/sv\/kontakt\/#breadcrumb","itemListElement":[{"@type":"ListItem","position":1,"name":"Home","item":"https:\/\/cosmena.com\/sv\/"},{"@type":"ListItem","position":2,"name":"Kontakt"}]},{"@type":"WebSite","@id":"https:\/\/cosmena.com\/sv\/#website","url":"https:\/\/cosmena.com\/sv\/","name":"Cosmena","description":"Your extensive guide to cosmetic treatments","publisher":{"@id":"https:\/\/cosmena.com\/sv\/#organization"},"potentialAction":[{"@type":"SearchAction","target":{"@type":"EntryPoint","urlTemplate":"https:\/\/cosmena.com\/sv\/?s={search_term_string}"},"query-input":{"@type":"PropertyValueSpecification","valueRequired":true,"valueName":"search_term_string"}}],"inLanguage":"sv-SE"},{"@type":"Organization","@id":"https:\/\/cosmena.com\/sv\/#organization","name":"Cosmena","url":"https:\/\/cosmena.com\/sv\/","logo":{"@type":"ImageObject","inLanguage":"sv-SE","@id":"https:\/\/cosmena.com\/sv\/#\/schema\/logo\/image\/","url":"https:\/\/cosmena.com\/wp-content\/uploads\/2021\/06\/cosmena-logo-bw-1.1.png","contentUrl":"https:\/\/cosmena.com\/wp-content\/uploads\/2021\/06\/cosmena-logo-bw-1.1.png","width":600,"height":82,"caption":"Cosmena"},"image":{"@id":"https:\/\/cosmena.com\/sv\/#\/schema\/logo\/image\/"}}]}},"_links":{"self":[{"href":"https:\/\/cosmena.com\/sv\/wp-json\/wp\/v2\/pages\/3755","targetHints":{"allow":["GET"]}}],"collection":[{"href":"https:\/\/cosmena.com\/sv\/wp-json\/wp\/v2\/pages"}],"about":[{"href":"https:\/\/cosmena.com\/sv\/wp-json\/wp\/v2\/types\/page"}],"author":[{"embeddable":true,"href":"https:\/\/cosmena.com\/sv\/wp-json\/wp\/v2\/users\/4"}],"replies":[{"embeddable":true,"href":"https:\/\/cosmena.com\/sv\/wp-json\/wp\/v2\/comments?post=3755"}],"version-history":[{"count":13,"href":"https:\/\/cosmena.com\/sv\/wp-json\/wp\/v2\/pages\/3755\/revisions"}],"predecessor-version":[{"id":4860,"href":"https:\/\/cosmena.com\/sv\/wp-json\/wp\/v2\/pages\/3755\/revisions\/4860"}],"wp:attachment":[{"href":"https:\/\/cosmena.com\/sv\/wp-json\/wp\/v2\/media?parent=3755"}],"curies":[{"name":"wp","href":"https:\/\/api.w.org\/{rel}","templated":true}]}}