{"id":3759,"date":"2022-02-13T11:37:45","date_gmt":"2022-02-13T10:37:45","guid":{"rendered":"http:\/\/cosmena.com\/?page_id=3759"},"modified":"2022-02-18T07:22:42","modified_gmt":"2022-02-18T06:22:42","slug":"annonsera","status":"publish","type":"page","link":"https:\/\/cosmena.com\/sv\/annonsera\/","title":{"rendered":"Annonsera"},"content":{"rendered":"\n<div class=\"wp-block-media-text alignfull is-stacked-on-mobile is-image-fill has-background\" style=\"background-color:#e8e8e8\"><figure class=\"wp-block-media-text__media\" style=\"background-image:url(http:\/\/cosmena.com\/wp-content\/uploads\/2021\/11\/advertise-with-us-hero-1200-675px-1024x576.png);background-position:50% 50%\"><img loading=\"lazy\" decoding=\"async\" width=\"1024\" height=\"576\" src=\"http:\/\/cosmena.com\/wp-content\/uploads\/2021\/11\/advertise-with-us-hero-1200-675px-1024x576.png\" alt=\"advertise-with-us-hero-1200-675px\" class=\"wp-image-2542 size-full\" srcset=\"https:\/\/cosmena.com\/wp-content\/uploads\/2021\/11\/advertise-with-us-hero-1200-675px-1024x576.png 1024w, https:\/\/cosmena.com\/wp-content\/uploads\/2021\/11\/advertise-with-us-hero-1200-675px-300x169.png 300w, https:\/\/cosmena.com\/wp-content\/uploads\/2021\/11\/advertise-with-us-hero-1200-675px-768x432.png 768w, https:\/\/cosmena.com\/wp-content\/uploads\/2021\/11\/advertise-with-us-hero-1200-675px.png 1200w\" sizes=\"auto, (max-width: 1024px) 100vw, 1024px\" \/><\/figure><div class=\"wp-block-media-text__content\">\n<div style=\"height:100px\" aria-hidden=\"true\" class=\"wp-block-spacer\"><\/div>\n\n\n\n<h1 class=\"wp-block-heading\"><strong><strong>Annonsera med oss<\/strong><\/strong><\/h1>\n\n\n\n<p class=\"has-medium-font-size\">Cosmena str\u00e4var efter att vara den mest p\u00e5litliga k\u00e4llan i allm\u00e4nhetens str\u00e4van efter s\u00e4kra, billiga och framg\u00e5ngsrika h\u00e5rtransplantationer och h\u00e4lsov\u00e5rdsinformation om h\u00e5ravfall. <\/p>\n\n\n\n<p>Vi \u00e4r dedikerade till att tillhandah\u00e5lla auktoritativ, engagerande och praktisk kunskap som inspirerar och leder dig till de mest enast\u00e5ende potentiella h\u00e4lsoresultaten f\u00f6r dig och din familj.<\/p>\n\n\n\n<p>Cosmena producerar inneh\u00e5ll och upplevelser som f\u00f6ljer solida redaktionella och medicinska krav f\u00f6r att garantera noggrannhet, valuta och tydlighet.<\/p>\n\n\n\n<p>Betalannonser visas p\u00e5 Cosmena-tillg\u00e5ngar, inklusive webbsidor, appar, sociala medier och partnerpublikationer, och \u00e4r ett av s\u00e4tten som Cosmena.com finansieras.<\/p>\n\n\n\n<p><\/p>\n\n\n\n<div style=\"height:100px\" aria-hidden=\"true\" class=\"wp-block-spacer\"><\/div>\n\n\n\n<p><\/p>\n<\/div><\/div>\n\n\n\n<div style=\"height:50px\" aria-hidden=\"true\" class=\"wp-block-spacer\"><\/div>\n\n\n\n<h2 class=\"wp-block-heading\">Erbjudna format<br><\/h2>\n\n\n\n<p><strong>Bannerannonser <\/strong>i flera olika vanliga format p\u00e5 en sitewide basis p\u00e5 Cosmena.com.<br>E-postreklam. Vi har ett veckovis nyhetsbrev till v\u00e5ra l\u00e4sare och registrerade deltagare. H\u00e4r erbjuder vi b\u00e5de text- och bannerannonser.<br><\/p>\n\n\n\n<p><strong>Sociala medier.<\/strong> Vi har fyra officiella kanaler f\u00f6r Cosmena.com: Twitter, Facebook, Instagram och Linkedin. Vi har ocks\u00e5 flera partnerskap med relevanta sidor och influencers f\u00f6r v\u00e5r huvudgruppsdemografi.<br>F\u00f6r mer information om demografisk data, format, schemal\u00e4ggning, priser et. al. kontakta v\u00e5r annonsavdelning.<br><\/p>\n\n\n\n<h2 class=\"wp-block-heading\">Policy f\u00f6r reklam och sponsring<br><\/h2>\n\n\n\n<p><strong>Granskning av f\u00f6reslagna annonser<br><\/strong><\/p>\n\n\n\n<p>Vi har fullst\u00e4ndig kontroll \u00f6ver vilka typer av annonser som kommer att till\u00e5tas och visas p\u00e5 Cosmena-webbplatser. Dessutom har vi r\u00e4tt att n\u00e4r som helst v\u00e4gra, avbryta eller ta bort alla annonser av vilken anledning som helst. Vi rekommenderar inte n\u00e5gon av de erbjudna artiklarna eller tj\u00e4nsterna.<br>\u00c4ven om f\u00f6rem\u00e5l kan visas p\u00e5 v\u00e5r webbplats som reklam, utg\u00f6r v\u00e5rt godk\u00e4nnande av n\u00e5gon annons inte p\u00e5 n\u00e5got s\u00e4tt ett st\u00f6d f\u00f6r den\/de produkter och\/eller tj\u00e4nster som marknadsf\u00f6rs eller av f\u00f6retaget som tillverkar, distribuerar eller marknadsf\u00f6r dessa produkter. ) eller tj\u00e4nst(er)(er).<br><\/p>\n\n\n\n<p><strong>Vi kommer inte att till\u00e5ta vissa typer av annonser<br><\/strong><\/p>\n\n\n\n<p>Vi accepterar inte n\u00e5gon felaktig reklam eller, enligt v\u00e5r bed\u00f6mning, i d\u00e5lig smak. Farmaceutisk reklam \u00e4r endast till\u00e5ten f\u00f6r FDA-godk\u00e4nda indikationer (FDA).<br><\/p>\n\n\n\n<p>Annonserade f\u00f6rem\u00e5l ska finnas p\u00e5 marknaden och l\u00e4ttillg\u00e4ngliga. D\u00e4rf\u00f6r kommer Cosmena inte att till\u00e5ta publicering av n\u00e5gon reklam f\u00f6r farliga, olagliga eller st\u00f6tande f\u00f6rem\u00e5l eller tj\u00e4nster n\u00e4r som helst.<br>Annonser f\u00e5r inte inneh\u00e5lla falskt, vilseledande eller st\u00f6tande inneh\u00e5ll, inklusive allt som felaktigt framst\u00e4ller, f\u00f6rl\u00f6jligar eller f\u00f6rol\u00e4mpar en grupp eller person baserat p\u00e5 ras, hudf\u00e4rg, nationellt ursprung, \u00e5lder, religion, k\u00f6n, sexuell l\u00e4ggning eller handikapp.<br><\/p>\n\n\n\n<p>Annonser f\u00e5r inte inneh\u00e5lla \u00e4rekr\u00e4nkande, f\u00f6rtalande, f\u00f6rtalande eller hotfullt inneh\u00e5ll. Dessutom \u00e4r alkohol, vapen, ammunition, pyroteknik, hasardspel, pornografi, cigaretter, politiska kampanjer eller imitation av nyheter eller en n\u00f6dsituation alla f\u00f6rbjudna.<br><\/p>\n\n\n\n<p><strong>Vi skiljer tydligt p\u00e5 annonser och journalistiskt material<br><\/strong><\/p>\n\n\n\n<p>Vi h\u00e5ller en tydlig \u00e5tskillnad mellan annonser och redaktionellt material i alla fall. Alla annonser p\u00e5 Cosmenas webbplatser \u00e4r tydligt och omissk\u00e4nnligt m\u00e4rkta som s\u00e5dana.<br><\/p>\n\n\n\n<p><strong>Vi g\u00f6r en tydlig skillnad mellan sponsrat och osponsrat material<br><\/strong><\/p>\n\n\n\n<p>Cosmena s\u00f6ker sponsring fr\u00e5n v\u00e4lrenommerade forskningsorganisationer, tillverkare och andra tj\u00e4nsteleverant\u00f6rer. Sponsring st\u00f6djer Cosmena ekonomiskt och hj\u00e4lper v\u00e5ra anv\u00e4ndare genom att erbjuda uppdaterad information om h\u00e4lsotj\u00e4nster, droger och behandlingar.<br>Sponsrat redaktionellt material lyder under v\u00e5ra redaktionella riktlinjer och utv\u00e4rderas av v\u00e5r redaktion.<br><\/p>\n\n\n\n<h2 class=\"wp-block-heading\">Affiliate program<br><\/h2>\n\n\n\n<p>V\u00e5ra redakt\u00f6rer f\u00f6r h\u00e4lsa och v\u00e4lm\u00e5ende kommer att l\u00e4gga till l\u00e4nkar till relevanta f\u00f6rem\u00e5l som de tror kommer att vara v\u00e4rdefulla f\u00f6r v\u00e5ra l\u00e4sare som en del av artikelproduktionsprocessen. \u00c4ven om alla varor v\u00e4ljs oberoende, vill vi att du ska veta att om du k\u00f6per p\u00e5 \u00e5terf\u00f6rs\u00e4ljarens webbplats inom 24 timmar efter att du klickat p\u00e5 en av l\u00e4nkarna vi ger, kan Cosmena f\u00e5 en betalning.<br><\/p>\n\n\n\n<p><strong>Vi g\u00f6r det tydligt vilket material som ing\u00e5r i ett partnerprogram<br><\/strong><\/p>\n\n\n\n<p>Cosmena kan ibland samarbeta med varor, tj\u00e4nster eller organisationer som ansluter till v\u00e5rt m\u00e5l. Cosmena utv\u00e4rderar kvaliteten p\u00e5 dessa varor, tj\u00e4nster eller organisationer och erbjuder endast vad de anser \u00e4r f\u00f6rdelaktigt f\u00f6r och till b\u00e4sta f\u00f6r v\u00e5ra l\u00e4sare.<\/p>\n\n\n\n<div style=\"height:50px\" aria-hidden=\"true\" class=\"wp-block-spacer\"><\/div>\n","protected":false},"excerpt":{"rendered":"<p>Erbjudna format Bannerannonser i flera olika vanliga format p\u00e5 en sitewide basis p\u00e5 Cosmena.com.E-postreklam&#8230;.<\/p>\n","protected":false},"author":4,"featured_media":0,"parent":0,"menu_order":0,"comment_status":"closed","ping_status":"closed","template":"","meta":{"_acf_changed":false,"footnotes":""},"class_list":["post-3759","page","type-page","status-publish","hentry"],"acf":[],"yoast_head":"<!-- This site is optimized with the Yoast SEO plugin v27.0 - https:\/\/yoast.com\/product\/yoast-seo-wordpress\/ -->\n<title>Annonsera p\u00e5 Cosmena.com - Format, krav m.m.<\/title>\n<meta name=\"description\" content=\"Cosmena str\u00e4var efter att vara den mest p\u00e5litliga k\u00e4llan i allm\u00e4nhetens str\u00e4van efter s\u00e4kra, billiga och framg\u00e5ngsrika h\u00e5rtransplantationer.\" \/>\n<meta name=\"robots\" content=\"noindex, follow\" \/>\n<meta property=\"og:locale\" content=\"sv_SE\" \/>\n<meta property=\"og:type\" content=\"article\" \/>\n<meta property=\"og:title\" content=\"Annonsera p\u00e5 Cosmena.com - Format, krav m.m.\" \/>\n<meta property=\"og:description\" content=\"Cosmena str\u00e4var efter att vara den mest p\u00e5litliga k\u00e4llan i allm\u00e4nhetens str\u00e4van efter s\u00e4kra, billiga och framg\u00e5ngsrika h\u00e5rtransplantationer.\" \/>\n<meta property=\"og:url\" content=\"https:\/\/cosmena.com\/sv\/annonsera\/\" \/>\n<meta property=\"og:site_name\" content=\"Cosmena\" \/>\n<meta property=\"article:modified_time\" content=\"2022-02-18T06:22:42+00:00\" \/>\n<meta property=\"og:image\" content=\"http:\/\/cosmena.com\/wp-content\/uploads\/2021\/11\/advertise-with-us-hero-1200-675px-1024x576.png\" \/>\n<meta name=\"twitter:card\" content=\"summary_large_image\" \/>\n<meta name=\"twitter:label1\" content=\"Ber\u00e4knad l\u00e4stid\" \/>\n\t<meta name=\"twitter:data1\" content=\"4 minuter\" \/>\n<!-- \/ Yoast SEO plugin. -->","yoast_head_json":{"title":"Annonsera p\u00e5 Cosmena.com - Format, krav m.m.","description":"Cosmena str\u00e4var efter att vara den mest p\u00e5litliga k\u00e4llan i allm\u00e4nhetens str\u00e4van efter s\u00e4kra, billiga och framg\u00e5ngsrika h\u00e5rtransplantationer.","robots":{"index":"noindex","follow":"follow"},"og_locale":"sv_SE","og_type":"article","og_title":"Annonsera p\u00e5 Cosmena.com - Format, krav m.m.","og_description":"Cosmena str\u00e4var efter att vara den mest p\u00e5litliga k\u00e4llan i allm\u00e4nhetens str\u00e4van efter s\u00e4kra, billiga och framg\u00e5ngsrika h\u00e5rtransplantationer.","og_url":"https:\/\/cosmena.com\/sv\/annonsera\/","og_site_name":"Cosmena","article_modified_time":"2022-02-18T06:22:42+00:00","og_image":[{"url":"http:\/\/cosmena.com\/wp-content\/uploads\/2021\/11\/advertise-with-us-hero-1200-675px-1024x576.png","type":"","width":"","height":""}],"twitter_card":"summary_large_image","twitter_misc":{"Ber\u00e4knad l\u00e4stid":"4 minuter"},"schema":{"@context":"https:\/\/schema.org","@graph":[{"@type":"WebPage","@id":"https:\/\/cosmena.com\/sv\/annonsera\/","url":"https:\/\/cosmena.com\/sv\/annonsera\/","name":"Annonsera p\u00e5 Cosmena.com - Format, krav m.m.","isPartOf":{"@id":"https:\/\/cosmena.com\/sv\/#website"},"primaryImageOfPage":{"@id":"https:\/\/cosmena.com\/sv\/annonsera\/#primaryimage"},"image":{"@id":"https:\/\/cosmena.com\/sv\/annonsera\/#primaryimage"},"thumbnailUrl":"http:\/\/cosmena.com\/wp-content\/uploads\/2021\/11\/advertise-with-us-hero-1200-675px-1024x576.png","datePublished":"2022-02-13T10:37:45+00:00","dateModified":"2022-02-18T06:22:42+00:00","description":"Cosmena str\u00e4var efter att vara den mest p\u00e5litliga k\u00e4llan i allm\u00e4nhetens str\u00e4van efter s\u00e4kra, billiga och framg\u00e5ngsrika h\u00e5rtransplantationer.","breadcrumb":{"@id":"https:\/\/cosmena.com\/sv\/annonsera\/#breadcrumb"},"inLanguage":"sv-SE","potentialAction":[{"@type":"ReadAction","target":["https:\/\/cosmena.com\/sv\/annonsera\/"]}]},{"@type":"ImageObject","inLanguage":"sv-SE","@id":"https:\/\/cosmena.com\/sv\/annonsera\/#primaryimage","url":"http:\/\/cosmena.com\/wp-content\/uploads\/2021\/11\/advertise-with-us-hero-1200-675px-1024x576.png","contentUrl":"http:\/\/cosmena.com\/wp-content\/uploads\/2021\/11\/advertise-with-us-hero-1200-675px-1024x576.png"},{"@type":"BreadcrumbList","@id":"https:\/\/cosmena.com\/sv\/annonsera\/#breadcrumb","itemListElement":[{"@type":"ListItem","position":1,"name":"Home","item":"https:\/\/cosmena.com\/sv\/"},{"@type":"ListItem","position":2,"name":"Annonsera"}]},{"@type":"WebSite","@id":"https:\/\/cosmena.com\/sv\/#website","url":"https:\/\/cosmena.com\/sv\/","name":"Cosmena","description":"Your extensive guide to cosmetic treatments","publisher":{"@id":"https:\/\/cosmena.com\/sv\/#organization"},"potentialAction":[{"@type":"SearchAction","target":{"@type":"EntryPoint","urlTemplate":"https:\/\/cosmena.com\/sv\/?s={search_term_string}"},"query-input":{"@type":"PropertyValueSpecification","valueRequired":true,"valueName":"search_term_string"}}],"inLanguage":"sv-SE"},{"@type":"Organization","@id":"https:\/\/cosmena.com\/sv\/#organization","name":"Cosmena","url":"https:\/\/cosmena.com\/sv\/","logo":{"@type":"ImageObject","inLanguage":"sv-SE","@id":"https:\/\/cosmena.com\/sv\/#\/schema\/logo\/image\/","url":"https:\/\/cosmena.com\/wp-content\/uploads\/2021\/06\/cosmena-logo-bw-1.1.png","contentUrl":"https:\/\/cosmena.com\/wp-content\/uploads\/2021\/06\/cosmena-logo-bw-1.1.png","width":600,"height":82,"caption":"Cosmena"},"image":{"@id":"https:\/\/cosmena.com\/sv\/#\/schema\/logo\/image\/"}}]}},"_links":{"self":[{"href":"https:\/\/cosmena.com\/sv\/wp-json\/wp\/v2\/pages\/3759","targetHints":{"allow":["GET"]}}],"collection":[{"href":"https:\/\/cosmena.com\/sv\/wp-json\/wp\/v2\/pages"}],"about":[{"href":"https:\/\/cosmena.com\/sv\/wp-json\/wp\/v2\/types\/page"}],"author":[{"embeddable":true,"href":"https:\/\/cosmena.com\/sv\/wp-json\/wp\/v2\/users\/4"}],"replies":[{"embeddable":true,"href":"https:\/\/cosmena.com\/sv\/wp-json\/wp\/v2\/comments?post=3759"}],"version-history":[{"count":5,"href":"https:\/\/cosmena.com\/sv\/wp-json\/wp\/v2\/pages\/3759\/revisions"}],"predecessor-version":[{"id":4565,"href":"https:\/\/cosmena.com\/sv\/wp-json\/wp\/v2\/pages\/3759\/revisions\/4565"}],"wp:attachment":[{"href":"https:\/\/cosmena.com\/sv\/wp-json\/wp\/v2\/media?parent=3759"}],"curies":[{"name":"wp","href":"https:\/\/api.w.org\/{rel}","templated":true}]}}