{"id":3761,"date":"2022-02-13T11:38:22","date_gmt":"2022-02-13T10:38:22","guid":{"rendered":"http:\/\/cosmena.com\/?page_id=3761"},"modified":"2023-06-12T09:54:15","modified_gmt":"2023-06-12T07:54:15","slug":"om-oss","status":"publish","type":"page","link":"https:\/\/cosmena.com\/sv\/om-oss\/","title":{"rendered":"Om oss"},"content":{"rendered":"\n<div class=\"wp-block-media-text alignfull is-stacked-on-mobile is-image-fill has-background\" style=\"background-color:#e8e8e8\"><figure class=\"wp-block-media-text__media\" style=\"background-image:url(http:\/\/cosmena.com\/wp-content\/uploads\/2021\/12\/Cosmena-about-hero-1200-675px-1024x576.png);background-position:100% 54%\"><img loading=\"lazy\" decoding=\"async\" width=\"1024\" height=\"576\" src=\"http:\/\/cosmena.com\/wp-content\/uploads\/2021\/12\/Cosmena-about-hero-1200-675px-1024x576.png\" alt=\"Cosmena-om-oss-hero-1200-675px\" class=\"wp-image-3053 size-full\" srcset=\"https:\/\/cosmena.com\/wp-content\/uploads\/2021\/12\/Cosmena-about-hero-1200-675px-1024x576.png 1024w, https:\/\/cosmena.com\/wp-content\/uploads\/2021\/12\/Cosmena-about-hero-1200-675px-300x169.png 300w, https:\/\/cosmena.com\/wp-content\/uploads\/2021\/12\/Cosmena-about-hero-1200-675px-768x432.png 768w, https:\/\/cosmena.com\/wp-content\/uploads\/2021\/12\/Cosmena-about-hero-1200-675px.png 1200w\" sizes=\"auto, (max-width: 1024px) 100vw, 1024px\" \/><\/figure><div class=\"wp-block-media-text__content\">\n<div style=\"height:100px\" aria-hidden=\"true\" class=\"wp-block-spacer\"><\/div>\n\n\n\n<h1 class=\"wp-block-heading\"><strong>Om oss<\/strong><\/h1>\n\n\n\n<p class=\"has-medium-font-size\">Vi f\u00f6rst\u00e5r alla v\u00e4l frustrationerna med h\u00e5ravfall, vilket i sig var en av de viktigaste anledningarna till att vi skapade denna webbplats och plattform. Inverkan h\u00e5ravfall kan ha p\u00e5 dig kan vara ganska betydande.<br><\/p>\n\n\n\n<p>Vi ville skapa en resurs som vi sj\u00e4lva hade behov av n\u00e4r vi f\u00f6rst drabbades av f\u00f6rbannelsen f\u00f6r tio \u00e5r sedan. Varje dag i ditt liv p\u00e5verkas av hur du m\u00e5r, vilket \u00e4r anledningen till att du arbetar s\u00e5 h\u00e5rt f\u00f6r att bli och f\u00f6rbli frisk. Vi \u00e4r h\u00e4r f\u00f6r att hj\u00e4lpa, ge r\u00e5d och inspirera dig oavsett vilken v\u00e4g du v\u00e4ljer f\u00f6r ditt h\u00e5ravfall.<br><\/p>\n\n\n\n<p>V\u00e5r ambition \u00e4r att sk\u00e4ra igenom r\u00f6ran med okomplicerade, expertgranskade, person-first-upplevelser och artiklar som syftar till att hj\u00e4lpa dig att g\u00f6ra de b\u00e4sta valen f\u00f6r dig sj\u00e4lv och de m\u00e4nniskor du bryr dig om.<\/p>\n\n\n\n<div style=\"height:100px\" aria-hidden=\"true\" class=\"wp-block-spacer\"><\/div>\n<\/div><\/div>\n\n\n\n<div style=\"height:50px\" aria-hidden=\"true\" class=\"wp-block-spacer\"><\/div>\n\n\n\n<h2 class=\"wp-block-heading\">G\u00f6r det m\u00f6jligt att ta kontroll \u00f6ver ditt utseende<\/h2>\n\n\n\n<p>Cosmena t\u00e4cker alla aspekter av fysisk och mental h\u00e4lsa fritt och r\u00e4ttvist. Och eftersom individer kommer till oss med unika varianter av h\u00e5ravfall, lyssnar vi noga och prioriterar empati i hela v\u00e5r verksamhet. Fr\u00e5n v\u00e5r synvinkel till v\u00e5rt engagemang f\u00f6r inkludering kommer du f\u00f6rhoppningsvis se att vi sympatiserar med dig p\u00e5 riktigt.<\/p>\n\n\n\n<p>Cosmena \u00e4r grundat och drivs av det svenska f\u00f6retaget Cosmena AB &#8211; L\u00e4s mer om Cosmena <a href=\"https:\/\/cosmenagroup.com\">h\u00e4r<\/a>. Vi j\u00e4mf\u00f6r och utv\u00e4rderar h\u00e5rtransplantationskliniker i b\u00e5de Storbritannien och utomlands. Vi har det b\u00e4st unders\u00f6kta och presenterade inneh\u00e5llet om h\u00e5ravfall p\u00e5 webben och \u00e4r stolta \u00f6ver att bli erk\u00e4nda f\u00f6r att tillhandah\u00e5lla en objektiv och opartisk j\u00e4mf\u00f6relse av h\u00e5rtransplantationskliniker.<\/p>\n\n\n\n<p>Vi ger dig dock inga medicinska r\u00e5d eller ger dig direkta rekommendationer om ditt h\u00e5ravfall &#8211; det \u00e4r en sak mellan dig och din l\u00e4kare. Ist\u00e4llet presenterar vi den b\u00e4sta resursen f\u00f6r h\u00e5ravfall och h\u00e5rtransplantationer som webben har att erbjuda s\u00e5 att du kan v\u00e4lja en produkt som matchar dina krav.<\/p>\n\n\n\n<h2 class=\"wp-block-heading\">V\u00e5rt Medicinska team<\/h2>\n\n\n\n<p>Medical Affairs-teamet p\u00e5 Cosmena garanterar att f\u00f6retagets inneh\u00e5ll, produkter och tj\u00e4nster f\u00f6ljer de h\u00f6gsta medicinska integritetsstandarderna. Dessutom arbetar v\u00e5ra experter h\u00e5rt f\u00f6r att s\u00e4kerst\u00e4lla att informationen vi l\u00e4gger upp \u00e4r korrekt, evidensbaserad, uppdaterad, personcentrerad och p\u00e5litlig.<\/p>\n\n\n\n<h2 class=\"wp-block-heading\">Redaktionen<\/h2>\n\n\n\n<p>Redaktionen p\u00e5 Cosmena har \u00e5tagit sig att g\u00f6ra h\u00e4lso- och v\u00e4lm\u00e5endeinformation tillg\u00e4nglig, tydlig och anv\u00e4ndbar s\u00e5 att l\u00e4sarna kan g\u00f6ra s\u00e5 meningsfulla h\u00e4lsoval som m\u00f6jligt. Kvalificerade f\u00f6rfattare, redakt\u00f6rer, l\u00e4kare och andra professionella utvecklar, faktakontrollerar och utv\u00e4rderar v\u00e5rt material.<\/p>\n\n\n\n<p>F\u00f6r att garantera noggrannhet uts\u00e4tts varje del av klinisk information f\u00f6r en rigor\u00f6s granskningsprocedur av medicinska specialister. I varje artikel f\u00f6ljer vi str\u00e4nga ink\u00f6pskrav och krediterar eller l\u00e4nkar till k\u00e4llor. Dessutom unders\u00f6ker v\u00e5ra specialister h\u00e4lso- och friskv\u00e5rdsomr\u00e5det regelbundet, och vi uppdaterar v\u00e5ra artiklar n\u00e4r ny information blir tillg\u00e4nglig.<\/p>\n\n\n\n<div style=\"height:50px\" aria-hidden=\"true\" class=\"wp-block-spacer\"><\/div>\n","protected":false},"excerpt":{"rendered":"<p>G\u00f6r det m\u00f6jligt att ta kontroll \u00f6ver ditt utseende Cosmena t\u00e4cker alla aspekter av&#8230;<\/p>\n","protected":false},"author":4,"featured_media":0,"parent":0,"menu_order":0,"comment_status":"closed","ping_status":"closed","template":"","meta":{"_acf_changed":false,"footnotes":""},"class_list":["post-3761","page","type-page","status-publish","hentry"],"acf":[],"yoast_head":"<!-- This site is optimized with the Yoast SEO plugin v27.0 - https:\/\/yoast.com\/product\/yoast-seo-wordpress\/ -->\n<title>Vilka \u00e4r vi som st\u00e5r bakom Cosmena? L\u00e4s om oss h\u00e4r<\/title>\n<meta name=\"description\" content=\"Vi f\u00f6rst\u00e5r alla frustrationerna som kommer med h\u00e5ravfall. Det \u00e4r den viktigaste anledningen till att vi skapade denna webbplats och plattform.\" \/>\n<meta name=\"robots\" content=\"index, follow, max-snippet:-1, max-image-preview:large, max-video-preview:-1\" \/>\n<link rel=\"canonical\" href=\"https:\/\/cosmena.com\/sv\/om-oss\/\" \/>\n<meta property=\"og:locale\" content=\"sv_SE\" \/>\n<meta property=\"og:type\" content=\"article\" \/>\n<meta property=\"og:title\" content=\"Vilka \u00e4r vi som st\u00e5r bakom Cosmena? L\u00e4s om oss h\u00e4r\" \/>\n<meta property=\"og:description\" content=\"Vi f\u00f6rst\u00e5r alla frustrationerna som kommer med h\u00e5ravfall. Det \u00e4r den viktigaste anledningen till att vi skapade denna webbplats och plattform.\" \/>\n<meta property=\"og:url\" content=\"https:\/\/cosmena.com\/sv\/om-oss\/\" \/>\n<meta property=\"og:site_name\" content=\"Cosmena\" \/>\n<meta property=\"article:modified_time\" content=\"2023-06-12T07:54:15+00:00\" \/>\n<meta property=\"og:image\" content=\"http:\/\/cosmena.com\/wp-content\/uploads\/2021\/12\/Cosmena-about-hero-1200-675px-1024x576.png\" \/>\n<meta name=\"twitter:card\" content=\"summary_large_image\" \/>\n<meta name=\"twitter:label1\" content=\"Ber\u00e4knad l\u00e4stid\" \/>\n\t<meta name=\"twitter:data1\" content=\"3 minuter\" \/>\n<!-- \/ Yoast SEO plugin. -->","yoast_head_json":{"title":"Vilka \u00e4r vi som st\u00e5r bakom Cosmena? L\u00e4s om oss h\u00e4r","description":"Vi f\u00f6rst\u00e5r alla frustrationerna som kommer med h\u00e5ravfall. Det \u00e4r den viktigaste anledningen till att vi skapade denna webbplats och plattform.","robots":{"index":"index","follow":"follow","max-snippet":"max-snippet:-1","max-image-preview":"max-image-preview:large","max-video-preview":"max-video-preview:-1"},"canonical":"https:\/\/cosmena.com\/sv\/om-oss\/","og_locale":"sv_SE","og_type":"article","og_title":"Vilka \u00e4r vi som st\u00e5r bakom Cosmena? L\u00e4s om oss h\u00e4r","og_description":"Vi f\u00f6rst\u00e5r alla frustrationerna som kommer med h\u00e5ravfall. Det \u00e4r den viktigaste anledningen till att vi skapade denna webbplats och plattform.","og_url":"https:\/\/cosmena.com\/sv\/om-oss\/","og_site_name":"Cosmena","article_modified_time":"2023-06-12T07:54:15+00:00","og_image":[{"url":"http:\/\/cosmena.com\/wp-content\/uploads\/2021\/12\/Cosmena-about-hero-1200-675px-1024x576.png","type":"","width":"","height":""}],"twitter_card":"summary_large_image","twitter_misc":{"Ber\u00e4knad l\u00e4stid":"3 minuter"},"schema":{"@context":"https:\/\/schema.org","@graph":[{"@type":"WebPage","@id":"https:\/\/cosmena.com\/sv\/om-oss\/","url":"https:\/\/cosmena.com\/sv\/om-oss\/","name":"Vilka \u00e4r vi som st\u00e5r bakom Cosmena? L\u00e4s om oss h\u00e4r","isPartOf":{"@id":"https:\/\/cosmena.com\/sv\/#website"},"primaryImageOfPage":{"@id":"https:\/\/cosmena.com\/sv\/om-oss\/#primaryimage"},"image":{"@id":"https:\/\/cosmena.com\/sv\/om-oss\/#primaryimage"},"thumbnailUrl":"http:\/\/cosmena.com\/wp-content\/uploads\/2021\/12\/Cosmena-about-hero-1200-675px-1024x576.png","datePublished":"2022-02-13T10:38:22+00:00","dateModified":"2023-06-12T07:54:15+00:00","description":"Vi f\u00f6rst\u00e5r alla frustrationerna som kommer med h\u00e5ravfall. Det \u00e4r den viktigaste anledningen till att vi skapade denna webbplats och plattform.","breadcrumb":{"@id":"https:\/\/cosmena.com\/sv\/om-oss\/#breadcrumb"},"inLanguage":"sv-SE","potentialAction":[{"@type":"ReadAction","target":["https:\/\/cosmena.com\/sv\/om-oss\/"]}]},{"@type":"ImageObject","inLanguage":"sv-SE","@id":"https:\/\/cosmena.com\/sv\/om-oss\/#primaryimage","url":"http:\/\/cosmena.com\/wp-content\/uploads\/2021\/12\/Cosmena-about-hero-1200-675px-1024x576.png","contentUrl":"http:\/\/cosmena.com\/wp-content\/uploads\/2021\/12\/Cosmena-about-hero-1200-675px-1024x576.png"},{"@type":"BreadcrumbList","@id":"https:\/\/cosmena.com\/sv\/om-oss\/#breadcrumb","itemListElement":[{"@type":"ListItem","position":1,"name":"Home","item":"https:\/\/cosmena.com\/sv\/"},{"@type":"ListItem","position":2,"name":"Om oss"}]},{"@type":"WebSite","@id":"https:\/\/cosmena.com\/sv\/#website","url":"https:\/\/cosmena.com\/sv\/","name":"Cosmena","description":"Your extensive guide to cosmetic treatments","publisher":{"@id":"https:\/\/cosmena.com\/sv\/#organization"},"potentialAction":[{"@type":"SearchAction","target":{"@type":"EntryPoint","urlTemplate":"https:\/\/cosmena.com\/sv\/?s={search_term_string}"},"query-input":{"@type":"PropertyValueSpecification","valueRequired":true,"valueName":"search_term_string"}}],"inLanguage":"sv-SE"},{"@type":"Organization","@id":"https:\/\/cosmena.com\/sv\/#organization","name":"Cosmena","url":"https:\/\/cosmena.com\/sv\/","logo":{"@type":"ImageObject","inLanguage":"sv-SE","@id":"https:\/\/cosmena.com\/sv\/#\/schema\/logo\/image\/","url":"https:\/\/cosmena.com\/wp-content\/uploads\/2021\/06\/cosmena-logo-bw-1.1.png","contentUrl":"https:\/\/cosmena.com\/wp-content\/uploads\/2021\/06\/cosmena-logo-bw-1.1.png","width":600,"height":82,"caption":"Cosmena"},"image":{"@id":"https:\/\/cosmena.com\/sv\/#\/schema\/logo\/image\/"}}]}},"_links":{"self":[{"href":"https:\/\/cosmena.com\/sv\/wp-json\/wp\/v2\/pages\/3761","targetHints":{"allow":["GET"]}}],"collection":[{"href":"https:\/\/cosmena.com\/sv\/wp-json\/wp\/v2\/pages"}],"about":[{"href":"https:\/\/cosmena.com\/sv\/wp-json\/wp\/v2\/types\/page"}],"author":[{"embeddable":true,"href":"https:\/\/cosmena.com\/sv\/wp-json\/wp\/v2\/users\/4"}],"replies":[{"embeddable":true,"href":"https:\/\/cosmena.com\/sv\/wp-json\/wp\/v2\/comments?post=3761"}],"version-history":[{"count":7,"href":"https:\/\/cosmena.com\/sv\/wp-json\/wp\/v2\/pages\/3761\/revisions"}],"predecessor-version":[{"id":4862,"href":"https:\/\/cosmena.com\/sv\/wp-json\/wp\/v2\/pages\/3761\/revisions\/4862"}],"wp:attachment":[{"href":"https:\/\/cosmena.com\/sv\/wp-json\/wp\/v2\/media?parent=3761"}],"curies":[{"name":"wp","href":"https:\/\/api.w.org\/{rel}","templated":true}]}}