{"id":3902,"date":"2022-02-15T05:10:46","date_gmt":"2022-02-15T04:10:46","guid":{"rendered":"http:\/\/cosmena.com\/?page_id=3902"},"modified":"2022-02-18T08:52:04","modified_gmt":"2022-02-18T07:52:04","slug":"offert","status":"publish","type":"page","link":"https:\/\/cosmena.com\/sv\/offert\/","title":{"rendered":"Offert"},"content":{"rendered":"\n<div class=\"wp-block-media-text alignfull is-stacked-on-mobile is-image-fill has-background\" style=\"background-color:#e8e8e8\"><figure class=\"wp-block-media-text__media\" style=\"background-image:url(http:\/\/cosmena.com\/wp-content\/uploads\/2021\/11\/hair-loss-treatments-1200-675px-1024x576.png);background-position:80% 19%\"><img loading=\"lazy\" decoding=\"async\" width=\"1024\" height=\"576\" src=\"http:\/\/cosmena.com\/wp-content\/uploads\/2021\/11\/hair-loss-treatments-1200-675px-1024x576.png\" alt=\"hair-loss-treatments-1200-675px\" class=\"wp-image-2377 size-full\" srcset=\"https:\/\/cosmena.com\/wp-content\/uploads\/2021\/11\/hair-loss-treatments-1200-675px-1024x576.png 1024w, https:\/\/cosmena.com\/wp-content\/uploads\/2021\/11\/hair-loss-treatments-1200-675px-300x169.png 300w, https:\/\/cosmena.com\/wp-content\/uploads\/2021\/11\/hair-loss-treatments-1200-675px-768x432.png 768w, https:\/\/cosmena.com\/wp-content\/uploads\/2021\/11\/hair-loss-treatments-1200-675px.png 1200w\" sizes=\"auto, (max-width: 1024px) 100vw, 1024px\" \/><\/figure><div class=\"wp-block-media-text__content\">\n<div style=\"height:100px\" aria-hidden=\"true\" class=\"wp-block-spacer\"><\/div>\n\n\n\n<h1 class=\"wp-block-heading\">F\u00e5 din offert med flera erbjudanden<\/h1>\n\n\n\n<p class=\"has-medium-font-size\">F\u00e5 din offert f\u00f6r en <a href=\"https:\/\/cosmena.com\/sv\/hartransplantation\/\">h\u00e5rtransplantation<\/a>. M\u00e5nga m\u00e4nniskor som lider av h\u00e5ravfall s\u00f6ker efter behandlingar som h\u00e5rtransplantationer f\u00f6r att eliminera sina problem. <\/p>\n\n\n\n<p>Ett bra slutresultat b\u00f6rjar alltid med att v\u00e4lja en klinik som kan erbjuda en s\u00e4ker och effektiv procedur till ett \u00f6verkomligt pris.<br><\/p>\n\n\n\n<p>Eftersom det finns en hel del h\u00e5rtransplantationskliniker att v\u00e4lja mellan kan valet vara ganska sv\u00e5rt. Och eftersom inte alla kliniker \u00e4r transparenta n\u00e4r det g\u00e4ller till exempel priser, kan det verkligen vara en sv\u00e5r uppgift.<br><\/p>\n\n\n\n<p>Det \u00e4r h\u00e4r vi kommer in. Vi har redan byggt upp relationer med klinikerna s\u00e5 du beh\u00f6ver inte. Den information som samlas in och den kunskap som kr\u00e4vs f\u00f6r att fatta ett v\u00e4lgrundat beslut finns redan h\u00e4r. Vi har hittills 19 granskade h\u00e5rtransplantationskliniker i v\u00e5r databas.<\/p>\n\n\n\n<div style=\"height:100px\" aria-hidden=\"true\" class=\"wp-block-spacer\"><\/div>\n<\/div><\/div>\n","protected":false},"excerpt":{"rendered":"","protected":false},"author":4,"featured_media":0,"parent":0,"menu_order":0,"comment_status":"closed","ping_status":"closed","template":"","meta":{"_acf_changed":false,"footnotes":""},"class_list":["post-3902","page","type-page","status-publish","hentry"],"acf":[],"yoast_head":"<!-- This site is optimized with the Yoast SEO plugin v27.0 - https:\/\/yoast.com\/product\/yoast-seo-wordpress\/ -->\n<title>Beg\u00e4r offerter fr\u00e5n flera kliniker - Cosmena<\/title>\n<meta name=\"description\" content=\"H\u00e4r kan du fylla i information om vilka \u00f6nskem\u00e5l du har f\u00f6r din h\u00e5rtransplantation och f\u00e5r flera erbjudanden fr\u00e5n 5 kliniker eller mer.\" \/>\n<meta name=\"robots\" content=\"index, follow, max-snippet:-1, max-image-preview:large, max-video-preview:-1\" \/>\n<link rel=\"canonical\" href=\"https:\/\/cosmena.com\/sv\/offert\/\" \/>\n<meta property=\"og:locale\" content=\"sv_SE\" \/>\n<meta property=\"og:type\" content=\"article\" \/>\n<meta property=\"og:title\" content=\"Beg\u00e4r offerter fr\u00e5n flera kliniker - Cosmena\" \/>\n<meta property=\"og:description\" content=\"H\u00e4r kan du fylla i information om vilka \u00f6nskem\u00e5l du har f\u00f6r din h\u00e5rtransplantation och f\u00e5r flera erbjudanden fr\u00e5n 5 kliniker eller mer.\" \/>\n<meta property=\"og:url\" content=\"https:\/\/cosmena.com\/sv\/offert\/\" \/>\n<meta property=\"og:site_name\" content=\"Cosmena\" \/>\n<meta property=\"article:modified_time\" content=\"2022-02-18T07:52:04+00:00\" \/>\n<meta property=\"og:image\" content=\"http:\/\/cosmena.com\/wp-content\/uploads\/2021\/11\/hair-loss-treatments-1200-675px-1024x576.png\" \/>\n<meta name=\"twitter:card\" content=\"summary_large_image\" \/>\n<meta name=\"twitter:label1\" content=\"Ber\u00e4knad l\u00e4stid\" \/>\n\t<meta name=\"twitter:data1\" content=\"1 minut\" \/>\n<!-- \/ Yoast SEO plugin. -->","yoast_head_json":{"title":"Beg\u00e4r offerter fr\u00e5n flera kliniker - Cosmena","description":"H\u00e4r kan du fylla i information om vilka \u00f6nskem\u00e5l du har f\u00f6r din h\u00e5rtransplantation och f\u00e5r flera erbjudanden fr\u00e5n 5 kliniker eller mer.","robots":{"index":"index","follow":"follow","max-snippet":"max-snippet:-1","max-image-preview":"max-image-preview:large","max-video-preview":"max-video-preview:-1"},"canonical":"https:\/\/cosmena.com\/sv\/offert\/","og_locale":"sv_SE","og_type":"article","og_title":"Beg\u00e4r offerter fr\u00e5n flera kliniker - Cosmena","og_description":"H\u00e4r kan du fylla i information om vilka \u00f6nskem\u00e5l du har f\u00f6r din h\u00e5rtransplantation och f\u00e5r flera erbjudanden fr\u00e5n 5 kliniker eller mer.","og_url":"https:\/\/cosmena.com\/sv\/offert\/","og_site_name":"Cosmena","article_modified_time":"2022-02-18T07:52:04+00:00","og_image":[{"url":"http:\/\/cosmena.com\/wp-content\/uploads\/2021\/11\/hair-loss-treatments-1200-675px-1024x576.png","type":"","width":"","height":""}],"twitter_card":"summary_large_image","twitter_misc":{"Ber\u00e4knad l\u00e4stid":"1 minut"},"schema":{"@context":"https:\/\/schema.org","@graph":[{"@type":"WebPage","@id":"https:\/\/cosmena.com\/sv\/offert\/","url":"https:\/\/cosmena.com\/sv\/offert\/","name":"Beg\u00e4r offerter fr\u00e5n flera kliniker - Cosmena","isPartOf":{"@id":"https:\/\/cosmena.com\/sv\/#website"},"primaryImageOfPage":{"@id":"https:\/\/cosmena.com\/sv\/offert\/#primaryimage"},"image":{"@id":"https:\/\/cosmena.com\/sv\/offert\/#primaryimage"},"thumbnailUrl":"http:\/\/cosmena.com\/wp-content\/uploads\/2021\/11\/hair-loss-treatments-1200-675px-1024x576.png","datePublished":"2022-02-15T04:10:46+00:00","dateModified":"2022-02-18T07:52:04+00:00","description":"H\u00e4r kan du fylla i information om vilka \u00f6nskem\u00e5l du har f\u00f6r din h\u00e5rtransplantation och f\u00e5r flera erbjudanden fr\u00e5n 5 kliniker eller mer.","breadcrumb":{"@id":"https:\/\/cosmena.com\/sv\/offert\/#breadcrumb"},"inLanguage":"sv-SE","potentialAction":[{"@type":"ReadAction","target":["https:\/\/cosmena.com\/sv\/offert\/"]}]},{"@type":"ImageObject","inLanguage":"sv-SE","@id":"https:\/\/cosmena.com\/sv\/offert\/#primaryimage","url":"http:\/\/cosmena.com\/wp-content\/uploads\/2021\/11\/hair-loss-treatments-1200-675px-1024x576.png","contentUrl":"http:\/\/cosmena.com\/wp-content\/uploads\/2021\/11\/hair-loss-treatments-1200-675px-1024x576.png"},{"@type":"BreadcrumbList","@id":"https:\/\/cosmena.com\/sv\/offert\/#breadcrumb","itemListElement":[{"@type":"ListItem","position":1,"name":"Home","item":"https:\/\/cosmena.com\/sv\/"},{"@type":"ListItem","position":2,"name":"Offert"}]},{"@type":"WebSite","@id":"https:\/\/cosmena.com\/sv\/#website","url":"https:\/\/cosmena.com\/sv\/","name":"Cosmena","description":"Your extensive guide to cosmetic treatments","publisher":{"@id":"https:\/\/cosmena.com\/sv\/#organization"},"potentialAction":[{"@type":"SearchAction","target":{"@type":"EntryPoint","urlTemplate":"https:\/\/cosmena.com\/sv\/?s={search_term_string}"},"query-input":{"@type":"PropertyValueSpecification","valueRequired":true,"valueName":"search_term_string"}}],"inLanguage":"sv-SE"},{"@type":"Organization","@id":"https:\/\/cosmena.com\/sv\/#organization","name":"Cosmena","url":"https:\/\/cosmena.com\/sv\/","logo":{"@type":"ImageObject","inLanguage":"sv-SE","@id":"https:\/\/cosmena.com\/sv\/#\/schema\/logo\/image\/","url":"https:\/\/cosmena.com\/wp-content\/uploads\/2021\/06\/cosmena-logo-bw-1.1.png","contentUrl":"https:\/\/cosmena.com\/wp-content\/uploads\/2021\/06\/cosmena-logo-bw-1.1.png","width":600,"height":82,"caption":"Cosmena"},"image":{"@id":"https:\/\/cosmena.com\/sv\/#\/schema\/logo\/image\/"}}]}},"_links":{"self":[{"href":"https:\/\/cosmena.com\/sv\/wp-json\/wp\/v2\/pages\/3902","targetHints":{"allow":["GET"]}}],"collection":[{"href":"https:\/\/cosmena.com\/sv\/wp-json\/wp\/v2\/pages"}],"about":[{"href":"https:\/\/cosmena.com\/sv\/wp-json\/wp\/v2\/types\/page"}],"author":[{"embeddable":true,"href":"https:\/\/cosmena.com\/sv\/wp-json\/wp\/v2\/users\/4"}],"replies":[{"embeddable":true,"href":"https:\/\/cosmena.com\/sv\/wp-json\/wp\/v2\/comments?post=3902"}],"version-history":[{"count":7,"href":"https:\/\/cosmena.com\/sv\/wp-json\/wp\/v2\/pages\/3902\/revisions"}],"predecessor-version":[{"id":4669,"href":"https:\/\/cosmena.com\/sv\/wp-json\/wp\/v2\/pages\/3902\/revisions\/4669"}],"wp:attachment":[{"href":"https:\/\/cosmena.com\/sv\/wp-json\/wp\/v2\/media?parent=3902"}],"curies":[{"name":"wp","href":"https:\/\/api.w.org\/{rel}","templated":true}]}}