{"id":4387,"date":"2022-02-17T08:14:08","date_gmt":"2022-02-17T07:14:08","guid":{"rendered":"http:\/\/cosmena.com\/?page_id=4387"},"modified":"2022-02-18T08:47:35","modified_gmt":"2022-02-18T07:47:35","slug":"kakor","status":"publish","type":"page","link":"https:\/\/cosmena.com\/sv\/kakor\/","title":{"rendered":"Kakor"},"content":{"rendered":"\n<div class=\"wp-block-media-text alignfull is-stacked-on-mobile is-image-fill has-background\" style=\"background-color:#e8e8e8\"><figure class=\"wp-block-media-text__media\" style=\"background-image:url(http:\/\/cosmena.com\/wp-content\/uploads\/2021\/11\/Cookies-hero-1200-675px-1024x576.png);background-position:50% 50%\"><img loading=\"lazy\" decoding=\"async\" width=\"1024\" height=\"576\" src=\"http:\/\/cosmena.com\/wp-content\/uploads\/2021\/11\/Cookies-hero-1200-675px-1024x576.png\" alt=\"Cookies-hero-1200-675px\" class=\"wp-image-2531 size-full\" srcset=\"https:\/\/cosmena.com\/wp-content\/uploads\/2021\/11\/Cookies-hero-1200-675px-1024x576.png 1024w, https:\/\/cosmena.com\/wp-content\/uploads\/2021\/11\/Cookies-hero-1200-675px-300x169.png 300w, https:\/\/cosmena.com\/wp-content\/uploads\/2021\/11\/Cookies-hero-1200-675px-768x432.png 768w, https:\/\/cosmena.com\/wp-content\/uploads\/2021\/11\/Cookies-hero-1200-675px.png 1200w\" sizes=\"auto, (max-width: 1024px) 100vw, 1024px\" \/><\/figure><div class=\"wp-block-media-text__content\">\n<div style=\"height:100px\" aria-hidden=\"true\" class=\"wp-block-spacer\"><\/div>\n\n\n\n<h1 class=\"wp-block-heading\">Kakor<\/h1>\n\n\n\n<p class=\"has-medium-font-size\">Om du surfar p\u00e5 v\u00e5r webbplats fr\u00e5n din dator, surfplatta eller mobilenhet m\u00e5ste du acceptera n\u00e5gra av v\u00e5ra cookies. Om du inte till\u00e5ter cookies p\u00e5 din enhet kommer du inte att kunna lagra och h\u00e4mta offerter eller informativ information fr\u00e5n v\u00e5r webbplats. I vissa fall kanske du till och med inte kan komma \u00e5t vissa tj\u00e4nster.<br><\/p>\n\n\n\n<p>P\u00e5 Cosmena.com v\u00e4rdes\u00e4tter vi din integritet. D\u00e4rf\u00f6r \u00e4r cookies n\u00f6dv\u00e4ndiga f\u00f6r att v\u00e5r webbplats ska fungera. Andra cookies hj\u00e4lper oss att skr\u00e4ddarsy din upplevelse p\u00e5 denna webbplats, se till att informationen och reklam som du ser \u00e4r relevant f\u00f6r dig, h\u00e5lla Cosmena.com s\u00e4ker och bed\u00f6ma hur bra v\u00e5r webbplats presterar.<\/p>\n\n\n\n<div style=\"height:100px\" aria-hidden=\"true\" class=\"wp-block-spacer\"><\/div>\n<\/div><\/div>\n\n\n\n<div style=\"height:50px\" aria-hidden=\"true\" class=\"wp-block-spacer\"><\/div>\n\n\n\n<h2 class=\"wp-block-heading\">Vad \u00e4r Kakor?<br><\/h2>\n\n\n\n<p>En cookie placeras i din webbl\u00e4sare av webbplatsen du bes\u00f6ker och till\u00e5ter att information lagras p\u00e5 din enhets h\u00e5rddisk. Cookies g\u00f6r att en enhet kan k\u00e4nnas igen som att den tidigare har bes\u00f6kt en annan webbplats. Detta hj\u00e4lper oss att identifiera dig som en unik kund och samlar in data om din webbplatsanv\u00e4ndning. Cookies anv\u00e4nds ofta online och orsakar ingen skada p\u00e5 din enhet.<br><\/p>\n\n\n\n<h2 class=\"wp-block-heading\">Anv\u00e4ndning p\u00e5 Cosmena.com<br><\/h2>\n\n\n\n<p>F\u00f6ljande cookies anv\u00e4nds p\u00e5 v\u00e5r webbplats:<\/p>\n\n\n\n<p><br>\u2022 N\u00f6dv\u00e4ndiga cookies<br>\u2022 Prestandacookies<br>\u2022 Funktionalitetscookies<br>\u2022 Marknadsf\u00f6ringcookies<br><\/p>\n\n\n\n<p>Vissa kakor \u00e4r endast giltiga under l\u00e4ngden av ditt bes\u00f6k p\u00e5 v\u00e5r webbplats och tas bort n\u00e4r du l\u00e4mnar. Andra \u00e4r &#8221;best\u00e4ndiga cookies&#8221;, som finns kvar p\u00e5 din enhet tills de raderas.<br>De flesta cookies placeras av Cosmena.com (f\u00f6rstapartscookies); dock kan vissa st\u00e4llas in av v\u00e5ra till\u00e5tna aff\u00e4rspartners (tredjepartscookies).<br><\/p>\n\n\n\n<h3 class=\"wp-block-heading\">N\u00f6dv\u00e4ndiga kakor<br><\/h3>\n\n\n\n<p>Dessa cookies kr\u00e4vs f\u00f6r att navigera p\u00e5 webbplatsen och njuta av dess funktioner, som att komma \u00e5t s\u00e4kra sektioner. D\u00e4rf\u00f6r kan vi inte garantera din f\u00f6rm\u00e5ga att anv\u00e4nda v\u00e5ra webbplatser utan dem.<br>Str\u00e4ngt n\u00f6dv\u00e4ndiga cookies anv\u00e4nds f\u00f6r att:<br>\u2022 Autentisera och validera webbf\u00f6rfr\u00e5gningar f\u00f6r att s\u00e4kerst\u00e4lla att informationen som l\u00e4mnas p\u00e5 v\u00e5r webbplats \u00e4r s\u00e4ker och inte tillg\u00e4nglig f\u00f6r andra parter.<br><\/p>\n\n\n\n<h3 class=\"wp-block-heading\">Prestandacookies<br><\/h3>\n\n\n\n<p>Dessa cookies samlar in data om hur anv\u00e4ndare anv\u00e4nder en webbplats, till exempel vilka sidor de bes\u00f6ker oftast och om de f\u00e5r felmeddelanden.<br>Dessa cookies samlar inte in personuppgifter. Uppgifterna som dessa cookies samlar in \u00e4r anonyma. Det hj\u00e4lper bara en webbplats att fungera b\u00e4ttre. Vissa prestationscookies hanteras \u00e5t oss av tredje part, som anges i denna policy.<br><\/p>\n\n\n\n<p>Prestandacookies anv\u00e4nds f\u00f6r:<\/p>\n\n\n\n<p><br>\u2022 Att Samla in anonymiserad aggregerad data som hj\u00e4lper oss att underh\u00e5lla och f\u00f6rb\u00e4ttra v\u00e5ra tj\u00e4nster och anpassa webbplatsen till konsumenternas krav och bed\u00f6ma annonsens effektivitet<br><\/p>\n\n\n\n<h3 class=\"wp-block-heading\">Funktionscookies<br><\/h3>\n\n\n\n<p>Dessa cookies p\u00e5 webbplatsen kommer ih\u00e5g dina val (som ditt namn och kontaktuppgifter) n\u00e4r du fyller i ett av v\u00e5ra formul\u00e4r<br><\/p>\n\n\n\n<p>Funktionalitet Cookies anv\u00e4nds endast f\u00f6r att lagra och senare anv\u00e4nda den information du samtycker till att ge oss i formul\u00e4ren.<br><\/p>\n\n\n\n<h3 class=\"wp-block-heading\">Marknadsf\u00f6ringscookies<\/h3>\n\n\n\n<p>Internet Protocol (IP)-adresser och enhets-ID:n anv\u00e4nds f\u00f6r att sp\u00e5ra dina bes\u00f6k p\u00e5 v\u00e5r webbplats. Dessutom placeras cookies p\u00e5 v\u00e5ra webbplatser f\u00f6r att s\u00e4kerst\u00e4lla att annonserna de visar dig \u00e4r relevanta f\u00f6r dina intressen och krav. Dessa cookies samlar information om dina surfaktiviteter online och g\u00f6r det m\u00f6jligt f\u00f6r v\u00e5ra leverant\u00f6rer att f\u00f6lja dig \u00f6ver webbplatser s\u00e5 att de kan visa dig v\u00e5ra annonser.<br><\/p>\n\n\n\n<p>Dessa cookies hj\u00e4lper v\u00e5ra partners och oss att:<br>\u2022 Analysera prestandan f\u00f6r v\u00e5ra annonser och kampanjer p\u00e5 tredje parts webbplatser.<br>\u2022 Hj\u00e4lp oss att best\u00e4mma vad vi ska inkludera i v\u00e5ra marknadsf\u00f6ringsmeddelanden till dig och n\u00e4r vi ska skicka dem.<\/p>\n\n\n\n<div style=\"height:50px\" aria-hidden=\"true\" class=\"wp-block-spacer\"><\/div>\n","protected":false},"excerpt":{"rendered":"<p>Vad \u00e4r Kakor? En cookie placeras i din webbl\u00e4sare av webbplatsen du bes\u00f6ker och&#8230;<\/p>\n","protected":false},"author":4,"featured_media":0,"parent":0,"menu_order":0,"comment_status":"closed","ping_status":"closed","template":"","meta":{"_acf_changed":false,"footnotes":""},"class_list":["post-4387","page","type-page","status-publish","hentry"],"acf":[],"yoast_head":"<!-- This site is optimized with the Yoast SEO plugin v27.0 - https:\/\/yoast.com\/product\/yoast-seo-wordpress\/ -->\n<title>Cookies eller Kakor - Cosmena.com<\/title>\n<meta name=\"description\" content=\"Om du surfar p\u00e5 v\u00e5r webbplats fr\u00e5n din dator, surfplatta eller mobilenhet m\u00e5ste du acceptera n\u00e5gra av v\u00e5ra cookies.\" \/>\n<meta name=\"robots\" content=\"index, follow, max-snippet:-1, max-image-preview:large, max-video-preview:-1\" \/>\n<link rel=\"canonical\" href=\"https:\/\/cosmena.com\/sv\/kakor\/\" \/>\n<meta property=\"og:locale\" content=\"sv_SE\" \/>\n<meta property=\"og:type\" content=\"article\" \/>\n<meta property=\"og:title\" content=\"Cookies eller Kakor - Cosmena.com\" \/>\n<meta property=\"og:description\" content=\"Om du surfar p\u00e5 v\u00e5r webbplats fr\u00e5n din dator, surfplatta eller mobilenhet m\u00e5ste du acceptera n\u00e5gra av v\u00e5ra cookies.\" \/>\n<meta property=\"og:url\" content=\"https:\/\/cosmena.com\/sv\/kakor\/\" \/>\n<meta property=\"og:site_name\" content=\"Cosmena\" \/>\n<meta property=\"article:modified_time\" content=\"2022-02-18T07:47:35+00:00\" \/>\n<meta property=\"og:image\" content=\"http:\/\/cosmena.com\/wp-content\/uploads\/2021\/11\/Cookies-hero-1200-675px-1024x576.png\" \/>\n<meta name=\"twitter:card\" content=\"summary_large_image\" \/>\n<meta name=\"twitter:label1\" content=\"Ber\u00e4knad l\u00e4stid\" \/>\n\t<meta name=\"twitter:data1\" content=\"3 minuter\" \/>\n<!-- \/ Yoast SEO plugin. -->","yoast_head_json":{"title":"Cookies eller Kakor - Cosmena.com","description":"Om du surfar p\u00e5 v\u00e5r webbplats fr\u00e5n din dator, surfplatta eller mobilenhet m\u00e5ste du acceptera n\u00e5gra av v\u00e5ra cookies.","robots":{"index":"index","follow":"follow","max-snippet":"max-snippet:-1","max-image-preview":"max-image-preview:large","max-video-preview":"max-video-preview:-1"},"canonical":"https:\/\/cosmena.com\/sv\/kakor\/","og_locale":"sv_SE","og_type":"article","og_title":"Cookies eller Kakor - Cosmena.com","og_description":"Om du surfar p\u00e5 v\u00e5r webbplats fr\u00e5n din dator, surfplatta eller mobilenhet m\u00e5ste du acceptera n\u00e5gra av v\u00e5ra cookies.","og_url":"https:\/\/cosmena.com\/sv\/kakor\/","og_site_name":"Cosmena","article_modified_time":"2022-02-18T07:47:35+00:00","og_image":[{"url":"http:\/\/cosmena.com\/wp-content\/uploads\/2021\/11\/Cookies-hero-1200-675px-1024x576.png","type":"","width":"","height":""}],"twitter_card":"summary_large_image","twitter_misc":{"Ber\u00e4knad l\u00e4stid":"3 minuter"},"schema":{"@context":"https:\/\/schema.org","@graph":[{"@type":"WebPage","@id":"https:\/\/cosmena.com\/sv\/kakor\/","url":"https:\/\/cosmena.com\/sv\/kakor\/","name":"Cookies eller Kakor - Cosmena.com","isPartOf":{"@id":"https:\/\/cosmena.com\/sv\/#website"},"primaryImageOfPage":{"@id":"https:\/\/cosmena.com\/sv\/kakor\/#primaryimage"},"image":{"@id":"https:\/\/cosmena.com\/sv\/kakor\/#primaryimage"},"thumbnailUrl":"http:\/\/cosmena.com\/wp-content\/uploads\/2021\/11\/Cookies-hero-1200-675px-1024x576.png","datePublished":"2022-02-17T07:14:08+00:00","dateModified":"2022-02-18T07:47:35+00:00","description":"Om du surfar p\u00e5 v\u00e5r webbplats fr\u00e5n din dator, surfplatta eller mobilenhet m\u00e5ste du acceptera n\u00e5gra av v\u00e5ra cookies.","breadcrumb":{"@id":"https:\/\/cosmena.com\/sv\/kakor\/#breadcrumb"},"inLanguage":"sv-SE","potentialAction":[{"@type":"ReadAction","target":["https:\/\/cosmena.com\/sv\/kakor\/"]}]},{"@type":"ImageObject","inLanguage":"sv-SE","@id":"https:\/\/cosmena.com\/sv\/kakor\/#primaryimage","url":"http:\/\/cosmena.com\/wp-content\/uploads\/2021\/11\/Cookies-hero-1200-675px-1024x576.png","contentUrl":"http:\/\/cosmena.com\/wp-content\/uploads\/2021\/11\/Cookies-hero-1200-675px-1024x576.png"},{"@type":"BreadcrumbList","@id":"https:\/\/cosmena.com\/sv\/kakor\/#breadcrumb","itemListElement":[{"@type":"ListItem","position":1,"name":"Home","item":"https:\/\/cosmena.com\/sv\/"},{"@type":"ListItem","position":2,"name":"Kakor"}]},{"@type":"WebSite","@id":"https:\/\/cosmena.com\/sv\/#website","url":"https:\/\/cosmena.com\/sv\/","name":"Cosmena","description":"Your extensive guide to cosmetic treatments","publisher":{"@id":"https:\/\/cosmena.com\/sv\/#organization"},"potentialAction":[{"@type":"SearchAction","target":{"@type":"EntryPoint","urlTemplate":"https:\/\/cosmena.com\/sv\/?s={search_term_string}"},"query-input":{"@type":"PropertyValueSpecification","valueRequired":true,"valueName":"search_term_string"}}],"inLanguage":"sv-SE"},{"@type":"Organization","@id":"https:\/\/cosmena.com\/sv\/#organization","name":"Cosmena","url":"https:\/\/cosmena.com\/sv\/","logo":{"@type":"ImageObject","inLanguage":"sv-SE","@id":"https:\/\/cosmena.com\/sv\/#\/schema\/logo\/image\/","url":"https:\/\/cosmena.com\/wp-content\/uploads\/2021\/06\/cosmena-logo-bw-1.1.png","contentUrl":"https:\/\/cosmena.com\/wp-content\/uploads\/2021\/06\/cosmena-logo-bw-1.1.png","width":600,"height":82,"caption":"Cosmena"},"image":{"@id":"https:\/\/cosmena.com\/sv\/#\/schema\/logo\/image\/"}}]}},"_links":{"self":[{"href":"https:\/\/cosmena.com\/sv\/wp-json\/wp\/v2\/pages\/4387","targetHints":{"allow":["GET"]}}],"collection":[{"href":"https:\/\/cosmena.com\/sv\/wp-json\/wp\/v2\/pages"}],"about":[{"href":"https:\/\/cosmena.com\/sv\/wp-json\/wp\/v2\/types\/page"}],"author":[{"embeddable":true,"href":"https:\/\/cosmena.com\/sv\/wp-json\/wp\/v2\/users\/4"}],"replies":[{"embeddable":true,"href":"https:\/\/cosmena.com\/sv\/wp-json\/wp\/v2\/comments?post=4387"}],"version-history":[{"count":9,"href":"https:\/\/cosmena.com\/sv\/wp-json\/wp\/v2\/pages\/4387\/revisions"}],"predecessor-version":[{"id":4663,"href":"https:\/\/cosmena.com\/sv\/wp-json\/wp\/v2\/pages\/4387\/revisions\/4663"}],"wp:attachment":[{"href":"https:\/\/cosmena.com\/sv\/wp-json\/wp\/v2\/media?parent=4387"}],"curies":[{"name":"wp","href":"https:\/\/api.w.org\/{rel}","templated":true}]}}