{"id":4865,"date":"2023-06-12T10:05:10","date_gmt":"2023-06-12T08:05:10","guid":{"rendered":"http:\/\/cosmena.com\/hartransplantation-2\/"},"modified":"2025-01-08T13:19:47","modified_gmt":"2025-01-08T12:19:47","slug":"kost","status":"publish","type":"page","link":"https:\/\/cosmena.com\/sv\/kost\/","title":{"rendered":"Kost"},"content":{"rendered":"\n<div class=\"wp-block-media-text alignfull is-stacked-on-mobile is-image-fill-element has-background\" style=\"background-color:#e8e8e8\"><figure class=\"wp-block-media-text__media\"><img loading=\"lazy\" decoding=\"async\" width=\"800\" height=\"800\" src=\"http:\/\/cosmena.com\/wp-content\/uploads\/2023\/06\/bra-mat-och-kost.png\" alt=\"kost och n\u00e4ring\" class=\"wp-image-4868 size-full\" style=\"object-position:50% 50%\" srcset=\"https:\/\/cosmena.com\/wp-content\/uploads\/2023\/06\/bra-mat-och-kost.png 800w, https:\/\/cosmena.com\/wp-content\/uploads\/2023\/06\/bra-mat-och-kost-300x300.png 300w, https:\/\/cosmena.com\/wp-content\/uploads\/2023\/06\/bra-mat-och-kost-150x150.png 150w, https:\/\/cosmena.com\/wp-content\/uploads\/2023\/06\/bra-mat-och-kost-768x768.png 768w\" sizes=\"auto, (max-width: 800px) 100vw, 800px\" \/><\/figure><div class=\"wp-block-media-text__content\">\n<div style=\"height:100px\" aria-hidden=\"true\" class=\"wp-block-spacer\"><\/div>\n\n\n\n<h1 class=\"wp-block-heading\">Kost &amp; N\u00e4ring<\/h1>\n\n\n\n<p class=\"has-medium-font-size\">V\u00e4gen till sund och h\u00e4lsosam livstil b\u00f6rjar vid matbordet. Om vi \u00e4ter r\u00e4tt s\u00e5 m\u00e5r kroppen bra, och m\u00e5r kroppen bra s\u00e5 m\u00e5r jaget bra!<\/p>\n\n\n\n<p>Men vad \u00e4r r\u00e4tt kost och vad \u00e4r h\u00e4lsosam livstil? \u00c4r det verkligen n\u00e5got som lika f\u00f6r alla, eller \u00e4r det en h\u00f6gst individuell fr\u00e5ga?<\/p>\n\n\n\n<p>H\u00e4r hittar du flera olika kostalternativ och n\u00e4ringsr\u00e5d som kanske kan hj\u00e4lpa dig och andra p\u00e5 v\u00e4gen till en sundare livsstil.<\/p>\n\n\n\n<div style=\"height:100px\" aria-hidden=\"true\" class=\"wp-block-spacer\"><\/div>\n<\/div><\/div>\n\n\n\n<div style=\"height:50px\" aria-hidden=\"true\" class=\"wp-block-spacer\"><\/div>\n\n\n\n<div class=\"wp-block-columns alignwide is-layout-flex wp-container-core-columns-is-layout-9d6595d7 wp-block-columns-is-layout-flex\">\n<div class=\"wp-block-column is-vertically-aligned-top box has-shadow rounded-corners is-layout-flow wp-block-column-is-layout-flow\">\n<figure class=\"wp-block-image size-full\"><img loading=\"lazy\" decoding=\"async\" width=\"800\" height=\"800\" src=\"http:\/\/cosmena.com\/wp-content\/uploads\/2023\/06\/antiinflammatorisk-kost.png\" alt=\"\" class=\"wp-image-4888\" srcset=\"https:\/\/cosmena.com\/wp-content\/uploads\/2023\/06\/antiinflammatorisk-kost.png 800w, https:\/\/cosmena.com\/wp-content\/uploads\/2023\/06\/antiinflammatorisk-kost-300x300.png 300w, https:\/\/cosmena.com\/wp-content\/uploads\/2023\/06\/antiinflammatorisk-kost-150x150.png 150w, https:\/\/cosmena.com\/wp-content\/uploads\/2023\/06\/antiinflammatorisk-kost-768x768.png 768w\" sizes=\"auto, (max-width: 800px) 100vw, 800px\" \/><\/figure>\n\n\n\n<p><strong><a href=\"https:\/\/cosmena.com\/sv\/kost\/antiinflammatorisk-kost\/\">Antiinflammatorisk kost<\/a><\/strong><\/p>\n<\/div>\n\n\n\n<div class=\"wp-block-column is-vertically-aligned-top box has-shadow rounded-corners is-layout-flow wp-block-column-is-layout-flow\">\n<figure class=\"wp-block-image size-full\"><img loading=\"lazy\" decoding=\"async\" width=\"800\" height=\"800\" src=\"http:\/\/cosmena.com\/wp-content\/uploads\/2023\/06\/langsamma-snabba-kolhydrater.png\" alt=\"\" class=\"wp-image-4890\" srcset=\"https:\/\/cosmena.com\/wp-content\/uploads\/2023\/06\/langsamma-snabba-kolhydrater.png 800w, https:\/\/cosmena.com\/wp-content\/uploads\/2023\/06\/langsamma-snabba-kolhydrater-300x300.png 300w, https:\/\/cosmena.com\/wp-content\/uploads\/2023\/06\/langsamma-snabba-kolhydrater-150x150.png 150w, https:\/\/cosmena.com\/wp-content\/uploads\/2023\/06\/langsamma-snabba-kolhydrater-768x768.png 768w\" sizes=\"auto, (max-width: 800px) 100vw, 800px\" \/><\/figure>\n\n\n\n<p><strong><a href=\"https:\/\/cosmena.com\/sv\/kost\/kolhydrater\/\">Kolhydrater<\/a><\/strong><\/p>\n<\/div>\n\n\n\n<div class=\"wp-block-column is-vertically-aligned-top box has-shadow rounded-corners is-layout-flow wp-block-column-is-layout-flow\">\n<figure class=\"wp-block-image size-full\"><img loading=\"lazy\" decoding=\"async\" width=\"800\" height=\"800\" src=\"http:\/\/cosmena.com\/wp-content\/uploads\/2023\/06\/omega-3-fetter.png\" alt=\"\" class=\"wp-image-4893\" srcset=\"https:\/\/cosmena.com\/wp-content\/uploads\/2023\/06\/omega-3-fetter.png 800w, https:\/\/cosmena.com\/wp-content\/uploads\/2023\/06\/omega-3-fetter-300x300.png 300w, https:\/\/cosmena.com\/wp-content\/uploads\/2023\/06\/omega-3-fetter-150x150.png 150w, https:\/\/cosmena.com\/wp-content\/uploads\/2023\/06\/omega-3-fetter-768x768.png 768w\" sizes=\"auto, (max-width: 800px) 100vw, 800px\" \/><\/figure>\n\n\n\n<p><strong><a href=\"https:\/\/cosmena.com\/sv\/kost\/fetter\/\">Fetter<\/a><\/strong><\/p>\n<\/div>\n<\/div>\n\n\n\n<div class=\"wp-block-columns alignwide is-layout-flex wp-container-core-columns-is-layout-9d6595d7 wp-block-columns-is-layout-flex\">\n<div class=\"wp-block-column is-vertically-aligned-top box has-shadow rounded-corners is-layout-flow wp-block-column-is-layout-flow\">\n<figure class=\"wp-block-image size-full is-resized\"><img loading=\"lazy\" decoding=\"async\" width=\"1792\" height=\"1024\" src=\"https:\/\/cosmena.com\/wp-content\/uploads\/2024\/08\/Vad-ar-en-ketogen-kost.png\" alt=\"En illustration av olika livsmedel som ing\u00e5r i en ketogen kost, inklusive k\u00f6tt och gr\u00f6nsaker.\" class=\"wp-image-5277\" style=\"width:358px;height:auto\" srcset=\"https:\/\/cosmena.com\/wp-content\/uploads\/2024\/08\/Vad-ar-en-ketogen-kost.png 1792w, https:\/\/cosmena.com\/wp-content\/uploads\/2024\/08\/Vad-ar-en-ketogen-kost-300x171.png 300w, https:\/\/cosmena.com\/wp-content\/uploads\/2024\/08\/Vad-ar-en-ketogen-kost-1024x585.png 1024w, https:\/\/cosmena.com\/wp-content\/uploads\/2024\/08\/Vad-ar-en-ketogen-kost-768x439.png 768w, https:\/\/cosmena.com\/wp-content\/uploads\/2024\/08\/Vad-ar-en-ketogen-kost-1536x878.png 1536w\" sizes=\"auto, (max-width: 1792px) 100vw, 1792px\" \/><\/figure>\n\n\n\n<p><a href=\"https:\/\/cosmena.com\/sv\/kost\/ketogen-kost\/\"><strong>Ketogen kost<\/strong><\/a><\/p>\n<\/div>\n\n\n\n<div class=\"wp-block-column is-vertically-aligned-top box has-shadow rounded-corners is-layout-flow wp-block-column-is-layout-flow\">\n<figure class=\"wp-block-image size-large\"><img loading=\"lazy\" decoding=\"async\" width=\"1024\" height=\"585\" src=\"https:\/\/cosmena.com\/wp-content\/uploads\/2024\/08\/flytande-kost-1024x585.jpg\" alt=\"flytande kost\" class=\"wp-image-5292\" srcset=\"https:\/\/cosmena.com\/wp-content\/uploads\/2024\/08\/flytande-kost-1024x585.jpg 1024w, https:\/\/cosmena.com\/wp-content\/uploads\/2024\/08\/flytande-kost-300x171.jpg 300w, https:\/\/cosmena.com\/wp-content\/uploads\/2024\/08\/flytande-kost-768x439.jpg 768w, https:\/\/cosmena.com\/wp-content\/uploads\/2024\/08\/flytande-kost.jpg 1344w\" sizes=\"auto, (max-width: 1024px) 100vw, 1024px\" \/><\/figure>\n\n\n\n<p><a href=\"https:\/\/cosmena.com\/sv\/kost\/flytande-kost\/\"><strong>Flytande kost<\/strong><\/a><\/p>\n<\/div>\n\n\n\n<div class=\"wp-block-column is-vertically-aligned-top box has-shadow rounded-corners is-layout-flow wp-block-column-is-layout-flow\"><div class=\"wp-block-image\">\n<figure class=\"aligncenter size-full is-resized\"><img loading=\"lazy\" decoding=\"async\" width=\"1024\" height=\"1024\" src=\"https:\/\/cosmena.com\/wp-content\/uploads\/2025\/01\/lchf-maltid.webp\" alt=\"vackert arrangerad LCHF-m\u00e5ltid\" class=\"wp-image-5355\" style=\"width:205px;height:auto\" srcset=\"https:\/\/cosmena.com\/wp-content\/uploads\/2025\/01\/lchf-maltid.webp 1024w, https:\/\/cosmena.com\/wp-content\/uploads\/2025\/01\/lchf-maltid-300x300.webp 300w, https:\/\/cosmena.com\/wp-content\/uploads\/2025\/01\/lchf-maltid-150x150.webp 150w, https:\/\/cosmena.com\/wp-content\/uploads\/2025\/01\/lchf-maltid-768x768.webp 768w\" sizes=\"auto, (max-width: 1024px) 100vw, 1024px\" \/><\/figure>\n<\/div>\n\n\n<p><a href=\"https:\/\/cosmena.com\/sv\/kost\/lchf\/\"><strong>LCHF<\/strong><\/a><\/p>\n<\/div>\n<\/div>\n\n\n\n<div style=\"height:50px\" aria-hidden=\"true\" class=\"wp-block-spacer\"><\/div>\n\n\n\n<div class=\"wp-block-columns alignwide are-vertically-aligned-top is-layout-flex wp-container-core-columns-is-layout-9d6595d7 wp-block-columns-is-layout-flex\">\n<div class=\"wp-block-column is-vertically-aligned-top box is-layout-flow wp-block-column-is-layout-flow\">\n<figure class=\"wp-block-image size-large\"><img loading=\"lazy\" decoding=\"async\" width=\"1024\" height=\"576\" src=\"http:\/\/cosmena.com\/wp-content\/uploads\/2021\/11\/best-hair-transplants-turkey-hero-1200-675px-1024x576.png\" alt=\"best-hair-transplants-turkey-hero-1200-675px\" class=\"wp-image-2509\" srcset=\"https:\/\/cosmena.com\/wp-content\/uploads\/2021\/11\/best-hair-transplants-turkey-hero-1200-675px-1024x576.png 1024w, https:\/\/cosmena.com\/wp-content\/uploads\/2021\/11\/best-hair-transplants-turkey-hero-1200-675px-300x169.png 300w, https:\/\/cosmena.com\/wp-content\/uploads\/2021\/11\/best-hair-transplants-turkey-hero-1200-675px-768x432.png 768w, https:\/\/cosmena.com\/wp-content\/uploads\/2021\/11\/best-hair-transplants-turkey-hero-1200-675px.png 1200w\" sizes=\"auto, (max-width: 1024px) 100vw, 1024px\" \/><\/figure>\n\n\n\n<h2 class=\"wp-block-heading\"><a href=\"https:\/\/cosmena.com\/sv\/hartransplantation\/turkiet\/\">H\u00e5rtransplantation Turkiet<\/a><\/h2>\n\n\n\n<div style=\"height:10px\" aria-hidden=\"true\" class=\"wp-block-spacer\"><\/div>\n\n\n\n<p>Har du kanske h\u00f6rt om H\u00e5rtransplantationer i Turkiet och undrar vad det finns f\u00f6r alternativ? H\u00e4r \u00e4r v\u00e5r j\u00e4mf\u00f6relse av de b\u00e4sta turkiska klinikerna i Istanbul, Ankara och Izmir.<\/p>\n<\/div>\n\n\n\n<div class=\"wp-block-column is-vertically-aligned-top box is-layout-flow wp-block-column-is-layout-flow\">\n<figure class=\"wp-block-image size-large\"><img loading=\"lazy\" decoding=\"async\" width=\"1024\" height=\"576\" src=\"http:\/\/cosmena.com\/wp-content\/uploads\/2022\/02\/Svensk-flagga-hero-1200-675px-1024x576.png\" alt=\"Svensk-flagga-hero-1200-675px\" class=\"wp-image-4312\" srcset=\"https:\/\/cosmena.com\/wp-content\/uploads\/2022\/02\/Svensk-flagga-hero-1200-675px-1024x576.png 1024w, https:\/\/cosmena.com\/wp-content\/uploads\/2022\/02\/Svensk-flagga-hero-1200-675px-300x169.png 300w, https:\/\/cosmena.com\/wp-content\/uploads\/2022\/02\/Svensk-flagga-hero-1200-675px-768x432.png 768w, https:\/\/cosmena.com\/wp-content\/uploads\/2022\/02\/Svensk-flagga-hero-1200-675px.png 1200w\" sizes=\"auto, (max-width: 1024px) 100vw, 1024px\" \/><\/figure>\n\n\n\n<h2 class=\"wp-block-heading\"><a href=\"https:\/\/cosmena.com\/sv\/hartransplantation\/hartransplantation-sverige\/\">H\u00e5rtransplantation Sverige<\/a><\/h2>\n\n\n\n<div style=\"height:10px\" aria-hidden=\"true\" class=\"wp-block-spacer\"><\/div>\n\n\n\n<p>Vill du inte vill l\u00e4mna Astrid Lindgrens f\u00f6rlovade land f\u00f6r dina problem med h\u00e5ret? Inga problem, vi har samlat de b\u00e4sta svenska klinikerna i denna topplista.<\/p>\n<\/div>\n<\/div>\n\n\n\n<div style=\"height:46px\" aria-hidden=\"true\" class=\"wp-block-spacer\"><\/div>\n\n\n\n<h2 class=\"wp-block-heading\">Kosten \u00e4r fundamental f\u00f6r att m\u00e5 bra!<\/h2>\n\n\n\n<p>Kost och n\u00e4ring spelar en avg\u00f6rande roll f\u00f6r att uppr\u00e4tth\u00e5lla ett sunt och h\u00e4lsosamt liv. Maten vi \u00e4ter fungerar som br\u00e4nsle f\u00f6r v\u00e5r kropp och p\u00e5verkar v\u00e5r fysiska och mentala h\u00e4lsa p\u00e5 m\u00e5nga s\u00e4tt. Att v\u00e4lja r\u00e4tt mat och \u00e4ta en balanserad kost \u00e4r avg\u00f6rande f\u00f6r att ge v\u00e5r kropp de n\u00e4rings\u00e4mnen den beh\u00f6ver f\u00f6r att fungera optimalt. H\u00e4r kommer en n\u00e4rmare titt p\u00e5 varf\u00f6r det \u00e4r s\u00e5 viktigt med bra mat f\u00f6r ett h\u00e4lsosamt liv.<\/p>\n\n\n\n<h2 class=\"wp-block-heading\">Balansera kosten<\/h2>\n\n\n\n<p>En balanserad kost som best\u00e5r av n\u00e4ringsrik mat \u00e4r avg\u00f6rande f\u00f6r att uppr\u00e4tth\u00e5lla en h\u00e4lsosam kroppsvikt. Att \u00e4ta f\u00f6r mycket eller f\u00f6r lite kan leda till \u00f6ver- eller undervikt, vilket kan bidra till en rad h\u00e4lsoproblem. Genom att \u00e4ta en v\u00e4lbalanserad kost som inneh\u00e5ller en l\u00e4mplig m\u00e4ngd kalorier i f\u00f6rh\u00e5llande till v\u00e5ra individuella behov kan vi uppr\u00e4tth\u00e5lla en h\u00e4lsosam vikt och minska risken f\u00f6r \u00f6verviktrelaterade sjukdomar som hj\u00e4rt-k\u00e4rlsjukdomar, diabetes typ 2 och vissa former av cancer.<\/p>\n\n\n\n<p>En n\u00e4ringsrik kost ger ocks\u00e5 v\u00e5ra kroppar de n\u00f6dv\u00e4ndiga n\u00e4rings\u00e4mnena som beh\u00f6vs f\u00f6r att bygga och reparera celler, st\u00f6dja immunf\u00f6rsvaret och uppr\u00e4tth\u00e5lla en optimal hormonbalans. Proteiner, kolhydrater, fetter, vitaminer och mineraler \u00e4r alla viktiga komponenter i en h\u00e4lsosam kost. Proteiner beh\u00f6vs f\u00f6r att bygga upp och reparera muskler, kolhydrater ger energi till kroppen, fetter hj\u00e4lper till att skydda v\u00e5ra organ och vitaminer och mineraler spelar en avg\u00f6rande roll i en m\u00e4ngd olika biokemiska processer i kroppen.<\/p>\n\n\n\n<p>Att \u00e4ta en varierad kost som inkluderar en m\u00e4ngd olika livsmedel bidrar ocks\u00e5 till att vi f\u00e5r i oss en bred spektrum av n\u00e4rings\u00e4mnen. Frukt, gr\u00f6nsaker, fullkorn, magert k\u00f6tt, fisk, baljv\u00e4xter, mejeriprodukter och h\u00e4lsosamma fetter b\u00f6r alla ing\u00e5 i v\u00e5r dagliga kost f\u00f6r att se till att vi f\u00e5r i oss alla n\u00f6dv\u00e4ndiga n\u00e4rings\u00e4mnen. Att begr\u00e4nsa intaget av processad mat, socker och m\u00e4ttade fetter \u00e4r ocks\u00e5 viktigt f\u00f6r att f\u00f6rebygga sjukdomar och fr\u00e4mja god h\u00e4lsa.<\/p>\n\n\n\n<h2 class=\"wp-block-heading\">Kost med r\u00e4tt fett<\/h2>\n\n\n\n<p>En sund kost har ocks\u00e5 en direkt koppling till v\u00e5r mentala h\u00e4lsa. Forskning har visat att vissa n\u00e4rings\u00e4mnen, som omega-3-fettsyror och vissa vitaminer och mineraler, kan ha en positiv effekt p\u00e5 v\u00e5r hj\u00e4rnfunktion och st\u00e4mning. Att \u00e4ta en n\u00e4ringsrik kost kan hj\u00e4lpa till att minska risken f\u00f6r depression och \u00e5ngest och f\u00f6rb\u00e4ttra v\u00e5r kognitiva funktion och koncentration. Dessutom kan en h\u00e4lsosam kost bidra till att f\u00f6rhindra eller hantera kroniska sjukdomar som kan p\u00e5verka v\u00e5r mentala h\u00e4lsa negativt.<\/p>\n\n\n\n<p>Ut\u00f6ver att ge n\u00e4ring till v\u00e5r kropp och hj\u00e4rna \u00e4r en h\u00e4lsosam kost ocks\u00e5 viktig f\u00f6r att f\u00f6rebygga och hantera en rad olika sjukdomar och h\u00e4lsoproblem. Forskning har visat att en kost rik p\u00e5 frukt, gr\u00f6nsaker, fullkorn och h\u00e4lsosamma fetter kan minska risken f\u00f6r hj\u00e4rt-k\u00e4rlsjukdomar, h\u00f6gt blodtryck, typ 2-diabetes, vissa former av cancer och andra kroniska sjukdomar. Genom att ge v\u00e5r kropp de n\u00e4rings\u00e4mnen den beh\u00f6ver kan vi st\u00e4rka v\u00e5rt immunsystem och \u00f6ka v\u00e5r motst\u00e5ndskraft mot infektioner och sjukdomar.<\/p>\n\n\n\n<p>Att \u00e4ta bra mat \u00e4r inte bara viktigt f\u00f6r v\u00e5r fysiska h\u00e4lsa, det p\u00e5verkar ocks\u00e5 v\u00e5r energiniv\u00e5 och v\u00e5r f\u00f6rm\u00e5ga att prestera b\u00e5de fysiskt och mentalt. En balanserad kost ger oss den energi vi beh\u00f6ver f\u00f6r att klara av dagliga aktiviteter, arbete, tr\u00e4ning och andra utmaningar. Genom att \u00e4ta regelbundna och n\u00e4ringsrika m\u00e5ltider kan vi undvika blodsockerfall och h\u00e5lla oss alerta och fokuserade under dagen.<\/p>\n\n\n\n<h2 class=\"wp-block-heading\">R\u00e4tt kost maximerar energin och s\u00f6mnen<\/h2>\n\n\n\n<p>Dessutom kan en h\u00e4lsosam kost bidra till b\u00e4ttre s\u00f6mnkvalitet. Vissa livsmedel, som till exempel komplexa kolhydrater och magnesiumrika livsmedel, kan fr\u00e4mja avslappning och s\u00f6mn. Genom att undvika tunga och fettrika m\u00e5ltider innan l\u00e4ggdags och ist\u00e4llet v\u00e4lja l\u00e4ttare och mer balanserade alternativ kan vi f\u00f6rb\u00e4ttra v\u00e5r s\u00f6mn och k\u00e4nna oss mer utvilade och energiska n\u00e4r vi vaknar.<\/p>\n\n\n\n<p>F\u00f6r att uppn\u00e5 och uppr\u00e4tth\u00e5lla en h\u00e4lsosam kost \u00e4r det viktigt att skapa sunda matvanor och en balanserad livsstil. Att planera och f\u00f6rbereda m\u00e5ltider i f\u00f6rv\u00e4g kan hj\u00e4lpa oss att undvika frestelser av snabbmat eller oh\u00e4lsosamma alternativ n\u00e4r vi \u00e4r hungriga och br\u00e5ttom. Att vara medveten om portionstorlekar och \u00e4ta i m\u00e5ttliga m\u00e4ngder \u00e4r ocks\u00e5 viktigt f\u00f6r att undvika \u00f6ver\u00e4tning och \u00f6vervikt.<\/p>\n\n\n\n<p>Det \u00e4r ocks\u00e5 viktigt att komma ih\u00e5g att kost inte handlar om strikta begr\u00e4nsningar eller att f\u00f6lja trender och dieter. En h\u00e4lsosam kost handlar om att \u00e4ta m\u00e5ngsidigt och njuta av en variation av livsmedel i sina naturliga former. Att ha en balans mellan att \u00e4ta n\u00e4ringsrik mat och unna sig lite mindre h\u00e4lsosamma alternativ ibland \u00e4r en h\u00e5llbar och realistisk strategi f\u00f6r att uppr\u00e4tth\u00e5lla en h\u00e4lsosam kost \u00f6ver tid.<\/p>\n\n\n\n<p>Slutligen \u00e4r det viktigt att komma ih\u00e5g att bra mat inte bara handlar om att ta hand om v\u00e5r egen h\u00e4lsa, utan ocks\u00e5 om att fr\u00e4mja en h\u00e5llbar milj\u00f6 och en r\u00e4ttvis livsmedelssystem. Genom att v\u00e4lja ekologiska, n\u00e4rproducerade och s\u00e4songsm\u00e4ssiga livsmedel kan vi minska v\u00e5r p\u00e5verkan p\u00e5 milj\u00f6n och st\u00f6dja lokala jordbrukare och producenter. Att minska matsvinn genom att vara medveten om v\u00e5ra ink\u00f6p och anv\u00e4nda rester p\u00e5 ett kreativt s\u00e4tt \u00e4r ocks\u00e5 ett viktigt steg mot en h\u00e5llbar kost.<\/p>\n\n\n\n<p>I sammanfattning \u00e4r en h\u00e4lsosam och n\u00e4ringsrik kost avg\u00f6rande f\u00f6r att uppr\u00e4tth\u00e5lla ett sunt och h\u00e4lsosamt liv. Genom att \u00e4ta en balanserad kost som inneh\u00e5ller en m\u00e5ngfald av n\u00e4rings\u00e4mnen kan vi h\u00e5lla en h\u00e4lsosam kroppsvikt, st\u00f6dja v\u00e5r fysiska och mentala h\u00e4lsa, f\u00f6rebygga och hantera sjukdomar, och ha tillr\u00e4ckligt med energi f\u00f6r att klara av v\u00e5ra dagliga aktiviteter. Att skapa sunda matvanor och v\u00e4lja n\u00e4ringsrik mat \u00e4r inte bara bra f\u00f6r oss sj\u00e4lva, utan \u00e4ven f\u00f6r milj\u00f6n och samh\u00e4llet i stort. S\u00e5 l\u00e5t oss g\u00f6ra medvetna val och njuta av de f\u00f6rdelar som en h\u00e4lsosam kost ger oss f\u00f6r ett liv fyllt av v\u00e4lbefinnande och vitalitet.<\/p>\n\n\n\n<div style=\"height:50px\" aria-hidden=\"true\" class=\"wp-block-spacer\"><\/div>\n","protected":false},"excerpt":{"rendered":"<p>Antiinflammatorisk kost Kolhydrater Fetter Ketogen kost Flytande kost LCHF H\u00e5rtransplantation Turkiet Har du kanske&#8230;<\/p>\n","protected":false},"author":4,"featured_media":0,"parent":0,"menu_order":0,"comment_status":"closed","ping_status":"closed","template":"","meta":{"_acf_changed":false,"footnotes":""},"class_list":["post-4865","page","type-page","status-publish","hentry"],"acf":[],"yoast_head":"<!-- This site is optimized with the Yoast SEO plugin v27.0 - https:\/\/yoast.com\/product\/yoast-seo-wordpress\/ -->\n<title>Kost &amp; N\u00e4ring - V\u00e4gen till en sund livsstil - Cosmena.com<\/title>\n<meta name=\"description\" content=\"Kosten och det vi \u00e4ter \u00e4r grunden f\u00f6r v\u00e5rt v\u00e4lbefinnande. F\u00f6r att m\u00e5 bra och leva en sund livstil m\u00e5ste man h\u00e5lla reda p\u00e5 kosten. L\u00e4s mer!\" \/>\n<meta name=\"robots\" content=\"index, follow, max-snippet:-1, max-image-preview:large, max-video-preview:-1\" \/>\n<link rel=\"canonical\" href=\"https:\/\/cosmena.com\/sv\/kost\/\" \/>\n<meta property=\"og:locale\" content=\"sv_SE\" \/>\n<meta property=\"og:type\" content=\"article\" \/>\n<meta property=\"og:title\" content=\"Kost &amp; N\u00e4ring - V\u00e4gen till en sund livsstil - Cosmena.com\" \/>\n<meta property=\"og:description\" content=\"Kosten och det vi \u00e4ter \u00e4r grunden f\u00f6r v\u00e5rt v\u00e4lbefinnande. F\u00f6r att m\u00e5 bra och leva en sund livstil m\u00e5ste man h\u00e5lla reda p\u00e5 kosten. L\u00e4s mer!\" \/>\n<meta property=\"og:url\" content=\"https:\/\/cosmena.com\/sv\/kost\/\" \/>\n<meta property=\"og:site_name\" content=\"Cosmena\" \/>\n<meta property=\"article:modified_time\" content=\"2025-01-08T12:19:47+00:00\" \/>\n<meta property=\"og:image\" content=\"https:\/\/cosmena.com\/wp-content\/uploads\/2023\/06\/bra-mat-och-kost.png\" \/>\n\t<meta property=\"og:image:width\" content=\"800\" \/>\n\t<meta property=\"og:image:height\" content=\"800\" \/>\n\t<meta property=\"og:image:type\" content=\"image\/png\" \/>\n<meta name=\"twitter:card\" content=\"summary_large_image\" \/>\n<meta name=\"twitter:label1\" content=\"Ber\u00e4knad l\u00e4stid\" \/>\n\t<meta name=\"twitter:data1\" content=\"7 minuter\" \/>\n<!-- \/ Yoast SEO plugin. -->","yoast_head_json":{"title":"Kost & N\u00e4ring - V\u00e4gen till en sund livsstil - Cosmena.com","description":"Kosten och det vi \u00e4ter \u00e4r grunden f\u00f6r v\u00e5rt v\u00e4lbefinnande. F\u00f6r att m\u00e5 bra och leva en sund livstil m\u00e5ste man h\u00e5lla reda p\u00e5 kosten. L\u00e4s mer!","robots":{"index":"index","follow":"follow","max-snippet":"max-snippet:-1","max-image-preview":"max-image-preview:large","max-video-preview":"max-video-preview:-1"},"canonical":"https:\/\/cosmena.com\/sv\/kost\/","og_locale":"sv_SE","og_type":"article","og_title":"Kost & N\u00e4ring - V\u00e4gen till en sund livsstil - Cosmena.com","og_description":"Kosten och det vi \u00e4ter \u00e4r grunden f\u00f6r v\u00e5rt v\u00e4lbefinnande. F\u00f6r att m\u00e5 bra och leva en sund livstil m\u00e5ste man h\u00e5lla reda p\u00e5 kosten. L\u00e4s mer!","og_url":"https:\/\/cosmena.com\/sv\/kost\/","og_site_name":"Cosmena","article_modified_time":"2025-01-08T12:19:47+00:00","og_image":[{"width":800,"height":800,"url":"https:\/\/cosmena.com\/wp-content\/uploads\/2023\/06\/bra-mat-och-kost.png","type":"image\/png"}],"twitter_card":"summary_large_image","twitter_misc":{"Ber\u00e4knad l\u00e4stid":"7 minuter"},"schema":{"@context":"https:\/\/schema.org","@graph":[{"@type":"WebPage","@id":"https:\/\/cosmena.com\/sv\/kost\/","url":"https:\/\/cosmena.com\/sv\/kost\/","name":"Kost & N\u00e4ring - V\u00e4gen till en sund livsstil - Cosmena.com","isPartOf":{"@id":"https:\/\/cosmena.com\/sv\/#website"},"primaryImageOfPage":{"@id":"https:\/\/cosmena.com\/sv\/kost\/#primaryimage"},"image":{"@id":"https:\/\/cosmena.com\/sv\/kost\/#primaryimage"},"thumbnailUrl":"http:\/\/cosmena.com\/wp-content\/uploads\/2023\/06\/bra-mat-och-kost.png","datePublished":"2023-06-12T08:05:10+00:00","dateModified":"2025-01-08T12:19:47+00:00","description":"Kosten och det vi \u00e4ter \u00e4r grunden f\u00f6r v\u00e5rt v\u00e4lbefinnande. F\u00f6r att m\u00e5 bra och leva en sund livstil m\u00e5ste man h\u00e5lla reda p\u00e5 kosten. L\u00e4s mer!","breadcrumb":{"@id":"https:\/\/cosmena.com\/sv\/kost\/#breadcrumb"},"inLanguage":"sv-SE","potentialAction":[{"@type":"ReadAction","target":["https:\/\/cosmena.com\/sv\/kost\/"]}]},{"@type":"ImageObject","inLanguage":"sv-SE","@id":"https:\/\/cosmena.com\/sv\/kost\/#primaryimage","url":"http:\/\/cosmena.com\/wp-content\/uploads\/2023\/06\/bra-mat-och-kost.png","contentUrl":"http:\/\/cosmena.com\/wp-content\/uploads\/2023\/06\/bra-mat-och-kost.png"},{"@type":"BreadcrumbList","@id":"https:\/\/cosmena.com\/sv\/kost\/#breadcrumb","itemListElement":[{"@type":"ListItem","position":1,"name":"Home","item":"https:\/\/cosmena.com\/sv\/"},{"@type":"ListItem","position":2,"name":"Kost"}]},{"@type":"WebSite","@id":"https:\/\/cosmena.com\/sv\/#website","url":"https:\/\/cosmena.com\/sv\/","name":"Cosmena","description":"Your extensive guide to cosmetic treatments","publisher":{"@id":"https:\/\/cosmena.com\/sv\/#organization"},"potentialAction":[{"@type":"SearchAction","target":{"@type":"EntryPoint","urlTemplate":"https:\/\/cosmena.com\/sv\/?s={search_term_string}"},"query-input":{"@type":"PropertyValueSpecification","valueRequired":true,"valueName":"search_term_string"}}],"inLanguage":"sv-SE"},{"@type":"Organization","@id":"https:\/\/cosmena.com\/sv\/#organization","name":"Cosmena","url":"https:\/\/cosmena.com\/sv\/","logo":{"@type":"ImageObject","inLanguage":"sv-SE","@id":"https:\/\/cosmena.com\/sv\/#\/schema\/logo\/image\/","url":"https:\/\/cosmena.com\/wp-content\/uploads\/2021\/06\/cosmena-logo-bw-1.1.png","contentUrl":"https:\/\/cosmena.com\/wp-content\/uploads\/2021\/06\/cosmena-logo-bw-1.1.png","width":600,"height":82,"caption":"Cosmena"},"image":{"@id":"https:\/\/cosmena.com\/sv\/#\/schema\/logo\/image\/"}}]}},"_links":{"self":[{"href":"https:\/\/cosmena.com\/sv\/wp-json\/wp\/v2\/pages\/4865","targetHints":{"allow":["GET"]}}],"collection":[{"href":"https:\/\/cosmena.com\/sv\/wp-json\/wp\/v2\/pages"}],"about":[{"href":"https:\/\/cosmena.com\/sv\/wp-json\/wp\/v2\/types\/page"}],"author":[{"embeddable":true,"href":"https:\/\/cosmena.com\/sv\/wp-json\/wp\/v2\/users\/4"}],"replies":[{"embeddable":true,"href":"https:\/\/cosmena.com\/sv\/wp-json\/wp\/v2\/comments?post=4865"}],"version-history":[{"count":19,"href":"https:\/\/cosmena.com\/sv\/wp-json\/wp\/v2\/pages\/4865\/revisions"}],"predecessor-version":[{"id":5373,"href":"https:\/\/cosmena.com\/sv\/wp-json\/wp\/v2\/pages\/4865\/revisions\/5373"}],"wp:attachment":[{"href":"https:\/\/cosmena.com\/sv\/wp-json\/wp\/v2\/media?parent=4865"}],"curies":[{"name":"wp","href":"https:\/\/api.w.org\/{rel}","templated":true}]}}