{"id":4902,"date":"2023-06-12T12:54:22","date_gmt":"2023-06-12T10:54:22","guid":{"rendered":"http:\/\/cosmena.com\/?page_id=4902"},"modified":"2023-06-12T13:09:19","modified_gmt":"2023-06-12T11:09:19","slug":"antiinflammatorisk-kost","status":"publish","type":"page","link":"https:\/\/cosmena.com\/sv\/kost\/antiinflammatorisk-kost\/","title":{"rendered":"Antiinflammatorisk kost"},"content":{"rendered":"\n<div class=\"wp-block-media-text alignfull is-stacked-on-mobile is-image-fill has-background\" style=\"background-color:#e8e8e8\"><figure class=\"wp-block-media-text__media\" style=\"background-image:url(http:\/\/cosmena.com\/wp-content\/uploads\/2023\/06\/antiinflammatorisk-kost.png);background-position:50% 50%\"><img loading=\"lazy\" decoding=\"async\" width=\"800\" height=\"800\" src=\"http:\/\/cosmena.com\/wp-content\/uploads\/2023\/06\/antiinflammatorisk-kost.png\" alt=\"antiinflammatorisk kost\" class=\"wp-image-4888 size-full\" srcset=\"https:\/\/cosmena.com\/wp-content\/uploads\/2023\/06\/antiinflammatorisk-kost.png 800w, https:\/\/cosmena.com\/wp-content\/uploads\/2023\/06\/antiinflammatorisk-kost-300x300.png 300w, https:\/\/cosmena.com\/wp-content\/uploads\/2023\/06\/antiinflammatorisk-kost-150x150.png 150w, https:\/\/cosmena.com\/wp-content\/uploads\/2023\/06\/antiinflammatorisk-kost-768x768.png 768w\" sizes=\"auto, (max-width: 800px) 100vw, 800px\" \/><\/figure><div class=\"wp-block-media-text__content\">\n<div style=\"height:100px\" aria-hidden=\"true\" class=\"wp-block-spacer\"><\/div>\n\n\n\n<h1 class=\"wp-block-heading\">Antiinflammatorisk kost<\/h1>\n\n\n\n<p>En antiinflammatorisk kost \u00e4r h\u00e4lsosam och bidrar till att h\u00e4mma eller bek\u00e4mpa inflammationer i kroppen. Ofta handlar det om inflammationer relaterade till n\u00e5gon slags sjukdom eller andra besv\u00e4r. Vissa inflammationer kan vara kroniska och vissa tillf\u00e4lliga. Vanligt \u00e4r att stress och \u00f6verbelastningsskador kan leda till inflammatoriska besv\u00e4r. Men \u00e4ven diabetes typ 2, skleros, psoriasis eller demens.<\/p>\n\n\n\n<p>Kosten vi \u00e4ter har stor inverkan p\u00e5 v\u00e5r h\u00e4lsa och hur vi m\u00e5r. Det finns livsmedel som kan hj\u00e4lpa till att h\u00e4mma eller bek\u00e4mpa inflammationer och det finns livsmedel som faktiskt skapar eller fr\u00e4mjar inflammationer.<\/p>\n\n\n\n<div style=\"height:100px\" aria-hidden=\"true\" class=\"wp-block-spacer\"><\/div>\n<\/div><\/div>\n\n\n\n<div style=\"height:50px\" aria-hidden=\"true\" class=\"wp-block-spacer\"><\/div>\n\n\n\n<h2 class=\"wp-block-heading\"><strong>Hur antiinflammatorisk kost fungerar<\/strong><\/h2>\n\n\n\n<p>Det \u00e4r ditt immunf\u00f6rsvara som f\u00e5r arbeta med att f\u00e5 bort en inflammation i din kropp. En antiinflammatorisk kost hj\u00e4lper ditt immunf\u00f6rsvar att klara av det. Kosten kan st\u00e4rka ett f\u00f6rsvagat immunf\u00f6rsvar s\u00e5 att det blir effektivare. Produkter som kan g\u00f6ra immunf\u00f6rsvaret starkare \u00e4r bland annat olivolja, ingef\u00e4ra, fet fisk och probiotika.<\/p>\n\n\n\n<p>Du kan \u00e4ven ge ditt immunf\u00f6rsvar en paus i kampen mot en inflammation genom att undvika att \u00e4ta proinflammatorisk mat. Det \u00e4r bland annat produkter som socker, snabbmat, kallskuret och alkohol som du b\u00f6r undvika. Ist\u00e4llet b\u00f6r du \u00e4ta mycket frukt och gr\u00f6nsaker.<\/p>\n\n\n\n<h2 class=\"wp-block-heading\"><strong>Varf\u00f6r \u00e4r antiinflammatorisk kost bra?<\/strong><\/h2>\n\n\n\n<p>Antiinflammatorisk kost handlar mycket om att ha en sund tarmflora. Tarmfloran best\u00e5r av b\u00e5de bra och d\u00e5liga bakterier, eller ofta kallade goda och elaka. Dessutom en m\u00e4ngd andra mikroorganismer. Det finns goda bakterier som skyddar mot sjukdomar och det finns elaka bakterier som producerar ett gift, endotoxin, som framkallar b\u00e5de inflammationer och sjukdomar.<\/p>\n\n\n\n<p>Olika livsmedel som exempelvis r\u00e5a gr\u00f6nsaker f\u00f6der de goda bakterierna. Andra livsmedel som spannm\u00e5l, mj\u00f6lkprodukter och r\u00e5tt k\u00f6tt f\u00f6der de elaka bakterierna. D\u00e4rf\u00f6r \u00e4r kosten viktig s\u00e5 att de goda bakterierna \u00f6kar och blir starka nog att vinna \u00f6ver de elaka s\u00e5 att dessa bakterier inte l\u00e4cker ut gift i blodet. Sker det blir ditt immunf\u00f6rsvar f\u00f6rsvagat och risken f\u00f6r inflammationer \u00f6kar.<\/p>\n\n\n\n<h3 class=\"wp-block-heading\"><strong>Antiinflammatorisk kost har stor effekt p\u00e5 kroppen<\/strong><\/h3>\n\n\n\n<ul class=\"wp-block-list\"><li>Tarmfloran p\u00e5verkas positivt om du \u00e4ter mycket v\u00e4xt\u00e4mnen. Dessa v\u00e4xt\u00e4mnen \u00e4r bra f\u00f6r friska tarmbakterier, som vi n\u00e4mner ovan har stor betydelse f\u00f6r immunf\u00f6rsvaret. De h\u00e4lsosamma \u00e4mnena hj\u00e4lper till att st\u00e4rka mikrobiomen (samtliga mikroorganismer) i tarmarna.<\/li><li>Antioxidanter, vilka finns i gr\u00f6nsaker, b\u00e4r och frukt, finns b\u00e5de utanf\u00f6r och i cellerna i kroppen. De fungerar som skydd mot att cellerna f\u00e5r en skadlig syres\u00e4ttning. Om cellerna \u00e4r friska har det positiv effekt p\u00e5 immunf\u00f6rsvaret samt minskar risken att inflammationen sprider sig i kroppen.<\/li><\/ul>\n\n\n\n<h2 class=\"wp-block-heading\"><strong>Vad ing\u00e5r i en antiinflammatorisk kost?<\/strong><\/h2>\n\n\n\n<p>Enkel f\u00f6rklarat baseras en antiinflammatorisk diet p\u00e5 frukt och gr\u00f6nt, fet fisk. MUFA-fett och tarmst\u00e4rkande bakterier. Varje m\u00e5ltid b\u00f6r best\u00e5 av n\u00e5gon eller n\u00e5gra produkter fr\u00e5n en, helst flera, av dessa grupper.<\/p>\n\n\n\n<h3 class=\"wp-block-heading\"><strong>Frukt och gr\u00f6nt<\/strong><\/h3>\n\n\n\n<p>N\u00e4r du \u00e4ter en antiinflammatorisk kost b\u00f6r du f\u00f6rs\u00f6ka \u00e4ta 1 kg frukt och gr\u00f6nt per dag. Det kan l\u00e5ta mycket men ha i alla fall som m\u00e5l att \u00e4ta 200 gram av n\u00e5gon slags k\u00e5l, exempelvis broccoli, blomk\u00e5l och\/eller salladsl\u00f6k. Antioxidanter ger bra skydd f\u00f6r dina celler och det finner du i olika b\u00e4r. 50 gram bl\u00e5b\u00e4r, bj\u00f6rnb\u00e4r eller svartvinb\u00e4r \u00e4r bra, g\u00e4rna mer. De beh\u00f6ver inte vara f\u00e4rska. M\u00e5nga g\u00e5nger \u00e4r det l\u00e4ttare att ha frysta b\u00e4r hemma s\u00e5 att du alltid har dem tillg\u00e4ngliga.<\/p>\n\n\n\n<h3 class=\"wp-block-heading\"><strong>Fet fisk<\/strong><\/h3>\n\n\n\n<p>N\u00e4r vi n\u00e4mner fet fisk s\u00e5 beror det p\u00e5 att den inneh\u00e5ller omega-3-fettsyror, vilka verkar antiinflammatoriskt. Det h\u00e4r \u00e4r inte ett dagligt behov men mellan ett halvt upp till n\u00e4stan ett kilo fet fisk per vecka b\u00f6r vara m\u00e5let. Feta fiskar som bland annat sill, \u00f6ring, lax eller makrill \u00e4r bra alternativ. Du kan \u00e4ven v\u00e4lja att ta kosttillskott som inneh\u00e5ller fiskolja eller omega-3. L\u00e4s mer om <a href=\"https:\/\/cosmena.com\/sv\/kost\/fetter\/\">bra och d\u00e5liga fetter<\/a> h\u00e4r.<\/p>\n\n\n\n<h3 class=\"wp-block-heading\"><strong>Tarmst\u00e4rkande bakterier och fibrer<\/strong><\/h3>\n\n\n\n<p>Att din tarmflora \u00e4r stark och h\u00e4lsosam \u00e4r som sagt oerh\u00f6rt viktigt f\u00f6r immunf\u00f6rsvaret. En d\u00e5lig tarmflora leder till ett svagt immunf\u00f6rsvar. \u00c4t d\u00e4rf\u00f6r mycket fibrer som kommer fr\u00e5n grova gr\u00f6nsaker och fr\u00e5n fullkorn. Det f\u00e5r tarmen att m\u00e5 bra.<\/p>\n\n\n\n<p>Mat med s\u00e5 kallade h\u00e4lsosamma bakterier \u00e4r \u00e4ven bra. Det \u00e4r exempelvis A-fil, sur yoghurt eller fermenterade gr\u00f6nsaker. De ser till att friska bakterier \u00f6kar i tarmarna vilket ocks\u00e5 st\u00e4rker immunf\u00f6rsvaret.<\/p>\n\n\n\n<h3 class=\"wp-block-heading\"><strong>MUFA-fett<\/strong><\/h3>\n\n\n\n<p>Till sist, \u00e4t det som kallas f\u00f6r medelhavsfett s\u00e5som oliver, avokado, olivolja och n\u00f6tter vilket \u00e4r h\u00e4lsosamt. Det \u00e4r \u00e4ven en viktig del i antiinflammatorisk kost. Det beror p\u00e5 att de h\u00e4r livsmedlen inneh\u00e5ller MUFA-fett, en f\u00f6rkortning av <strong>M<\/strong>ono<strong>U<\/strong>nsaturated <strong>F<\/strong>atty <strong>A<\/strong>cids, vilket \u00e4r enkeltom\u00e4ttade fettsyror. De hj\u00e4lper till att minska inflammationer. Dessa produkter inneh\u00e5ller \u00e4ven antioxidanter samt vitamin E och kan med f\u00f6rdel ing\u00e5 i alla dina m\u00e5ltider.<\/p>\n\n\n\n<h2 class=\"wp-block-heading\"><strong>Vad du b\u00f6r undvika<\/strong><\/h2>\n\n\n\n<p>\u00c4ter du en antiinflammatorisk kost b\u00f6r du undvika vissa livsmedel som faktiskt fr\u00e4mjar inflammationer du har i kroppen, exempelvis:<\/p>\n\n\n\n<ul class=\"wp-block-list\"><li>P\u00e5l\u00e4gg av k\u00f6tt<\/li><li>Socker<\/li><li>R\u00f6tt k\u00f6tt<\/li><li>M\u00e4ttat fett som kommer fr\u00e5n mejeriprodukter och k\u00f6tt<\/li><li>Tillsats\u00e4mnen som emulgeringsmedel och f\u00e4rg\u00e4mnen<\/li><\/ul>\n\n\n\n<p>Antiinflammatorisk kost handlar inte bara om att \u00e4ta de st\u00e4rkande livsmedlen utan \u00e4ven att ta bort eller minska ner p\u00e5 de produkter som fr\u00e4mjar inflammationer.<\/p>\n\n\n\n<h2 class=\"wp-block-heading\"><strong>Dryck som \u00e4r bra eller d\u00e5lig<\/strong><\/h2>\n\n\n\n<p>Det \u00e4r dock inte bara maten som du b\u00f6r t\u00e4nka p\u00e5 utan \u00e4ven vad du dricker. Det finns vissa drycker som \u00e4r extra bra och vissa som du inte b\u00f6r dricka alls.<\/p>\n\n\n\n<h3 class=\"wp-block-heading\"><strong>Bra drycker i en antiinflammatorisk kost \u00e4r:<\/strong><\/h3>\n\n\n\n<ul class=\"wp-block-list\"><li>Vatten \u00e4r ett m\u00e5ste f\u00f6r att kroppen ska fungera som den ska.<\/li><li>Smoothie p\u00e5 frukt, b\u00e4r och \u00e4ven gr\u00f6nsaker ger b\u00e5de n\u00e4ring och v\u00e4tska.<\/li><li>Dryck p\u00e5 ingef\u00e4ra s\u00e5som te eller shots \u00e4r h\u00e4lsosamt.<\/li><li>Gr\u00f6nt te, g\u00e4rna som bryggs l\u00e4nge vilket ger mer antioxidanter.<\/li><\/ul>\n\n\n\n<h3 class=\"wp-block-heading\"><strong>D\u00e5liga drycker i en antiinflammatorisk kost<\/strong><\/h3>\n\n\n\n<ul class=\"wp-block-list\"><li>Alkohol som har en toxisk effekt och negativ p\u00e5verkan p\u00e5 s\u00f6mn.<\/li><li>Kaffe och te (inte gr\u00f6nt)<\/li><li>Juice och l\u00e4sk eftersom de inte ger n\u00e4ring, bara socker.<\/li><li>Fetare mj\u00f6lk d\u00e4r det m\u00e4ttade fettet sp\u00e4r p\u00e5 inflammationer.<\/li><li>Drycker med konstgjort s\u00f6tningsmedel som saft och lightl\u00e4sk.<\/li><\/ul>\n\n\n\n<h2 class=\"wp-block-heading\"><strong>F\u00f6rdelar med antiinflammatorisk kost<\/strong><\/h2>\n\n\n\n<p>Det finns m\u00e5nga f\u00f6rdelar med en antiinflammatorisk kost, inte bara f\u00f6r att h\u00e4mma eller bek\u00e4mpa inflammationer. Kosten har \u00e4ven andra positiva effekter p\u00e5 kroppen. L\u00e5ngsiktigt bygger du upp ett starkare immunf\u00f6rsvar. En antiinflammatorisk diet ger \u00e4ven p\u00e5 sikt en f\u00f6rb\u00e4ttrad \u00e5terh\u00e4mtning vad g\u00e4ller skador, sjukdom och vid tr\u00e4ning. Den antiinflammatoriska kosten bidrar ofta till en viktminskning som p\u00e5 sikt kan minska risker f\u00f6r hj\u00e4rt- och k\u00e4rlsjukdomar och diabetes typ 2.<\/p>\n\n\n\n<p>De kortsiktiga vinsterna \u00e4r bland annat att om du har en orolig mage kommer den att k\u00e4nnas lugnare och ganska omg\u00e5ende minskar besv\u00e4r av l\u00e5ggradiga inflammationer. Du kommer \u00e4ven k\u00e4nna att du f\u00e5r mer energi.<\/p>\n\n\n\n<h2 class=\"wp-block-heading\"><strong>Symptom d\u00e5 du b\u00f6r \u00e4ta antiinflammatorisk kost<\/strong><\/h2>\n\n\n\n<p>Det \u00e4r viktigt att veta skillnaden p\u00e5 en kronisk inflammation och en vanlig inflammation. Vid en vanlig inflammation \u00e4r det per definition d\u00e5 kroppens immunf\u00f6rsvar g\u00e5r emot de faktorer som orsakar skada.<\/p>\n\n\n\n<p>Kronisk inflammation \u00e5 andra sidan inneb\u00e4r att det \u00e4r en ih\u00e5llande och l\u00e5ngvarig inflammation. Den kan dock vara sv\u00e5rare att identifiera och uppt\u00e4cka. D\u00e4rf\u00f6r b\u00f6r du vara uppm\u00e4rksam p\u00e5 signaler som kroppen s\u00e4nder ut f\u00f6r att g\u00f6ra dig uppm\u00e4rksam p\u00e5 att n\u00e5got inte st\u00e5r r\u00e4tt till.<\/p>\n\n\n\n<p>H\u00e4r nedan \u00e4r n\u00e5gra tecken\/symptom som kan indikera att du har en kronisk inflammation i kroppen.<\/p>\n\n\n\n<ul class=\"wp-block-list\"><li>En of\u00f6rklarlig och onaturlig tr\u00f6tthet<\/li><li>Problem med s\u00f6mnen<\/li><li>H\u00e5ravfall<\/li><li>Huvudv\u00e4rk<\/li><li>Of\u00f6rklarliga rodnader och utslag p\u00e5 huden<\/li><li>Muntorrhet<\/li><li>Kronisk diarr\u00e9 eller f\u00f6rstoppning<\/li><li>Ofta f\u00f6rekommande infektioner eller influensor<\/li><li>Andf\u00e5ddhet<\/li><li>Ofta f\u00f6rekommande mental depression<\/li><\/ul>\n\n\n\n<p>Andra tecken som kan ha naturliga f\u00f6rklaringar men \u00e4nd\u00e5 vara symptom p\u00e5 kronisk inflammation \u00e4r:<\/p>\n\n\n\n<ul class=\"wp-block-list\"><li>Tidigt f\u00f6rekommande gr\u00e5tt h\u00e5r<\/li><li>Mj\u00e4ll<\/li><li>Finnar<\/li><li>Sk\u00f6ra naglar<\/li><li>Torra \u00f6gon<\/li><li>Minskade sexfunktioner<\/li><li>Skeletturkalkning<\/li><li>Svettiga f\u00f6tter och handflator<\/li><li>Oregelbunden mens<\/li><\/ul>\n\n\n\n<p>Observera att samtliga ovanst\u00e5ende symptom kan ha naturliga f\u00f6rklaring och d\u00e5 du ska vara uppm\u00e4rksam p\u00e5 n\u00e4r de uppst\u00e5r och om det inte har n\u00e5gon f\u00f6rklaring.<\/p>\n\n\n\n<h2 class=\"wp-block-heading\"><strong>V\u00e5ra b\u00e4st tips f\u00f6r att \u00e4ta antiinflammatorisk kost<\/strong><\/h2>\n\n\n\n<p>Att \u00e4ndra sin kost kan f\u00f6r m\u00e5nga k\u00e4nnas lite omst\u00e4ndligt och d\u00e5 kan det vara bra att f\u00e5 lite tips. H\u00e4r ger vi dig fem tips att t\u00e4nka p\u00e5 f\u00f6r att komma ig\u00e5ng med antiinflammatorisk kost.<\/p>\n\n\n\n<ol class=\"wp-block-list\"><li>Rensa ur skafferiet. Ge bort eller sl\u00e4ng matvaror som anses skadlig f\u00f6r kroppen s\u00e5som ris, br\u00f6d, pasta och vetemj\u00f6l.<\/li><li>Inhandla n\u00e4ringsrika livsmedel s\u00e5 som b\u00e4r, n\u00f6tter, fr\u00f6n och andra nyttiga produkter. Utg\u00e5 g\u00e4rna fr\u00e5n n\u00e5gra recept f\u00f6r att f\u00e5 en bas i hemmet. Frysta b\u00e4r \u00e4r alltid bra att ha hemma.<\/li><li>Lagar du rotfrukter s\u00e5 l\u00e5t dem svalna av efter du har tillagat dem f\u00f6r f\u00e5 fram smaken n\u00e4r du serverar dem till en m\u00e5ltid.<\/li><li>T\u00e4nk utanf\u00f6r boxen n\u00e4r du tillreder mat och undvik spannm\u00e5l. Sallad med fet fisk, soppor eller grytor \u00e4r bra alternativ.<\/li><li>Baka eget br\u00f6d eller k\u00f6p f\u00e4rskt br\u00f6d hos bagaren f\u00f6r att undvika processat och n\u00e4ringsfattigt br\u00f6d.<\/li><\/ol>\n\n\n\n<h2 class=\"wp-block-heading\"><strong>F\u00f6rslag f\u00f6r antiinflammatorisk meny<\/strong><\/h2>\n\n\n\n<p>Slutligen, som hj\u00e4lp p\u00e5 v\u00e4gen till en h\u00e4lsosammare kosth\u00e5llning. M\u00e5nga som b\u00f6rjar f\u00f6lja en antiinflammatorisk diet, eller vilken annan diet som helst, vill g\u00e4rna ha f\u00f6rslag p\u00e5 olika r\u00e4tter. H\u00e4r nedan har vi gett lite f\u00f6rslag p\u00e5 vad du kan \u00e4ta till frukost, lunch och middag.<\/p>\n\n\n\n<h3 class=\"wp-block-heading\"><strong>Frukost<\/strong><\/h3>\n\n\n\n<p>N\u00e5gra exempel p\u00e5 vad du kan v\u00e4lja till frukost \u00e4r:<\/p>\n\n\n\n<ul class=\"wp-block-list\"><li>A-fil med 100 gram b\u00e4r toppat med hasseln\u00f6tter, valn\u00f6tter eller mandlar. Frysta b\u00e4r \u00e4r perfekt, alltid tillg\u00e4ngliga och oftast billigare.<\/li><li>Havregrynsgr\u00f6t med russin. Byt g\u00e4rna ut lite av gr\u00f6ten mot hackade n\u00f6tter.<\/li><li>\u00c4ggomelett och tomat med en rostad skiva r\u00e5gbr\u00f6d och en smoothie.<\/li><\/ul>\n\n\n\n<h3 class=\"wp-block-heading\"><strong>Lunch<\/strong><\/h3>\n\n\n\n<p>F\u00f6rslag p\u00e5 vad du kan \u00e4ta till lunch \u00e4r:<\/p>\n\n\n\n<ul class=\"wp-block-list\"><li>Sallad d\u00e4r du fr\u00e4mst v\u00e4ljer gr\u00f6nsaker, torkade b\u00f6nor eller linser, kyckling eller \u00e4gg och v\u00e4lj r\u00e5gbr\u00f6d om du vill ha br\u00f6d till. Du kan \u00e4ven v\u00e4lja lax eller skaldjur ist\u00e4llet f\u00f6r kyckling.<\/li><li>200 gram plockgr\u00f6nsaker, hummus, makrill i tomats\u00e5s, 1-2 skivor r\u00e5gbr\u00f6d.<\/li><li>Sm\u00f6rg\u00e5s med r\u00e5gbr\u00f6d, lax, babyspenat och pesto.<\/li><\/ul>\n\n\n\n<h3 class=\"wp-block-heading\"><strong>Middag<\/strong><\/h3>\n\n\n\n<p>Till sist avsluta dagen med n\u00e5gon god r\u00e4tt exempelvis:<\/p>\n\n\n\n<ul class=\"wp-block-list\"><li>Vegetarisk k\u00f6ttf\u00e4rss\u00e5s men en linspasta. Servera med en god sallad till.<\/li><li>Tomatsoppa med krossade tomater, l\u00f6k, vitl\u00f6k, kokosmj\u00f6lk och belugalinser. Servera med fr\u00f6kn\u00e4cke.<\/li><li>Vegansk tacof\u00e4rs gjord p\u00e5 mandlar. Sk\u00e4r upp de gr\u00f6nsaker du f\u00f6redrar f\u00f6r att ha till. Servera med br\u00f6d eller romansallad.<\/li><\/ul>\n","protected":false},"excerpt":{"rendered":"<p>Hur antiinflammatorisk kost fungerar Det \u00e4r ditt immunf\u00f6rsvara som f\u00e5r arbeta med att f\u00e5&#8230;<\/p>\n","protected":false},"author":4,"featured_media":0,"parent":4865,"menu_order":0,"comment_status":"closed","ping_status":"closed","template":"","meta":{"_acf_changed":false,"footnotes":""},"class_list":["post-4902","page","type-page","status-publish","hentry"],"acf":[],"yoast_head":"<!-- This site is optimized with the Yoast SEO plugin v27.0 - https:\/\/yoast.com\/product\/yoast-seo-wordpress\/ -->\n<title>Antiinflammatorisk kost - Tips &amp; F\u00f6rslag!<\/title>\n<meta name=\"description\" content=\"En antiinflammatorisk kost \u00e4r n\u00e4stan alltid bra f\u00f6r kroppen - F\u00e5 tips och r\u00e5d om antiinflammatorisk kost h\u00e4r!\" \/>\n<meta name=\"robots\" content=\"index, follow, max-snippet:-1, max-image-preview:large, max-video-preview:-1\" \/>\n<link rel=\"canonical\" href=\"https:\/\/cosmena.com\/sv\/kost\/antiinflammatorisk-kost\/\" \/>\n<meta property=\"og:locale\" content=\"sv_SE\" \/>\n<meta property=\"og:type\" content=\"article\" \/>\n<meta property=\"og:title\" content=\"Antiinflammatorisk kost - Tips &amp; F\u00f6rslag!\" \/>\n<meta property=\"og:description\" content=\"En antiinflammatorisk kost \u00e4r n\u00e4stan alltid bra f\u00f6r kroppen - F\u00e5 tips och r\u00e5d om antiinflammatorisk kost h\u00e4r!\" \/>\n<meta property=\"og:url\" content=\"https:\/\/cosmena.com\/sv\/kost\/antiinflammatorisk-kost\/\" \/>\n<meta property=\"og:site_name\" content=\"Cosmena\" \/>\n<meta property=\"article:modified_time\" content=\"2023-06-12T11:09:19+00:00\" \/>\n<meta property=\"og:image\" content=\"http:\/\/cosmena.com\/wp-content\/uploads\/2023\/06\/antiinflammatorisk-kost.png\" \/>\n<meta name=\"twitter:card\" content=\"summary_large_image\" \/>\n<meta name=\"twitter:label1\" content=\"Ber\u00e4knad l\u00e4stid\" \/>\n\t<meta name=\"twitter:data1\" content=\"9 minuter\" \/>\n<!-- \/ Yoast SEO plugin. -->","yoast_head_json":{"title":"Antiinflammatorisk kost - Tips & F\u00f6rslag!","description":"En antiinflammatorisk kost \u00e4r n\u00e4stan alltid bra f\u00f6r kroppen - F\u00e5 tips och r\u00e5d om antiinflammatorisk kost h\u00e4r!","robots":{"index":"index","follow":"follow","max-snippet":"max-snippet:-1","max-image-preview":"max-image-preview:large","max-video-preview":"max-video-preview:-1"},"canonical":"https:\/\/cosmena.com\/sv\/kost\/antiinflammatorisk-kost\/","og_locale":"sv_SE","og_type":"article","og_title":"Antiinflammatorisk kost - Tips & F\u00f6rslag!","og_description":"En antiinflammatorisk kost \u00e4r n\u00e4stan alltid bra f\u00f6r kroppen - F\u00e5 tips och r\u00e5d om antiinflammatorisk kost h\u00e4r!","og_url":"https:\/\/cosmena.com\/sv\/kost\/antiinflammatorisk-kost\/","og_site_name":"Cosmena","article_modified_time":"2023-06-12T11:09:19+00:00","og_image":[{"url":"http:\/\/cosmena.com\/wp-content\/uploads\/2023\/06\/antiinflammatorisk-kost.png","type":"","width":"","height":""}],"twitter_card":"summary_large_image","twitter_misc":{"Ber\u00e4knad l\u00e4stid":"9 minuter"},"schema":{"@context":"https:\/\/schema.org","@graph":[{"@type":"WebPage","@id":"https:\/\/cosmena.com\/sv\/kost\/antiinflammatorisk-kost\/","url":"https:\/\/cosmena.com\/sv\/kost\/antiinflammatorisk-kost\/","name":"Antiinflammatorisk kost - Tips & F\u00f6rslag!","isPartOf":{"@id":"https:\/\/cosmena.com\/sv\/#website"},"primaryImageOfPage":{"@id":"https:\/\/cosmena.com\/sv\/kost\/antiinflammatorisk-kost\/#primaryimage"},"image":{"@id":"https:\/\/cosmena.com\/sv\/kost\/antiinflammatorisk-kost\/#primaryimage"},"thumbnailUrl":"http:\/\/cosmena.com\/wp-content\/uploads\/2023\/06\/antiinflammatorisk-kost.png","datePublished":"2023-06-12T10:54:22+00:00","dateModified":"2023-06-12T11:09:19+00:00","description":"En antiinflammatorisk kost \u00e4r n\u00e4stan alltid bra f\u00f6r kroppen - F\u00e5 tips och r\u00e5d om antiinflammatorisk kost h\u00e4r!","breadcrumb":{"@id":"https:\/\/cosmena.com\/sv\/kost\/antiinflammatorisk-kost\/#breadcrumb"},"inLanguage":"sv-SE","potentialAction":[{"@type":"ReadAction","target":["https:\/\/cosmena.com\/sv\/kost\/antiinflammatorisk-kost\/"]}]},{"@type":"ImageObject","inLanguage":"sv-SE","@id":"https:\/\/cosmena.com\/sv\/kost\/antiinflammatorisk-kost\/#primaryimage","url":"http:\/\/cosmena.com\/wp-content\/uploads\/2023\/06\/antiinflammatorisk-kost.png","contentUrl":"http:\/\/cosmena.com\/wp-content\/uploads\/2023\/06\/antiinflammatorisk-kost.png"},{"@type":"BreadcrumbList","@id":"https:\/\/cosmena.com\/sv\/kost\/antiinflammatorisk-kost\/#breadcrumb","itemListElement":[{"@type":"ListItem","position":1,"name":"Home","item":"https:\/\/cosmena.com\/sv\/"},{"@type":"ListItem","position":2,"name":"Kost","item":"https:\/\/cosmena.com\/sv\/kost\/"},{"@type":"ListItem","position":3,"name":"Antiinflammatorisk kost"}]},{"@type":"WebSite","@id":"https:\/\/cosmena.com\/sv\/#website","url":"https:\/\/cosmena.com\/sv\/","name":"Cosmena","description":"Your extensive guide to cosmetic treatments","publisher":{"@id":"https:\/\/cosmena.com\/sv\/#organization"},"potentialAction":[{"@type":"SearchAction","target":{"@type":"EntryPoint","urlTemplate":"https:\/\/cosmena.com\/sv\/?s={search_term_string}"},"query-input":{"@type":"PropertyValueSpecification","valueRequired":true,"valueName":"search_term_string"}}],"inLanguage":"sv-SE"},{"@type":"Organization","@id":"https:\/\/cosmena.com\/sv\/#organization","name":"Cosmena","url":"https:\/\/cosmena.com\/sv\/","logo":{"@type":"ImageObject","inLanguage":"sv-SE","@id":"https:\/\/cosmena.com\/sv\/#\/schema\/logo\/image\/","url":"https:\/\/cosmena.com\/wp-content\/uploads\/2021\/06\/cosmena-logo-bw-1.1.png","contentUrl":"https:\/\/cosmena.com\/wp-content\/uploads\/2021\/06\/cosmena-logo-bw-1.1.png","width":600,"height":82,"caption":"Cosmena"},"image":{"@id":"https:\/\/cosmena.com\/sv\/#\/schema\/logo\/image\/"}}]}},"_links":{"self":[{"href":"https:\/\/cosmena.com\/sv\/wp-json\/wp\/v2\/pages\/4902","targetHints":{"allow":["GET"]}}],"collection":[{"href":"https:\/\/cosmena.com\/sv\/wp-json\/wp\/v2\/pages"}],"about":[{"href":"https:\/\/cosmena.com\/sv\/wp-json\/wp\/v2\/types\/page"}],"author":[{"embeddable":true,"href":"https:\/\/cosmena.com\/sv\/wp-json\/wp\/v2\/users\/4"}],"replies":[{"embeddable":true,"href":"https:\/\/cosmena.com\/sv\/wp-json\/wp\/v2\/comments?post=4902"}],"version-history":[{"count":3,"href":"https:\/\/cosmena.com\/sv\/wp-json\/wp\/v2\/pages\/4902\/revisions"}],"predecessor-version":[{"id":4911,"href":"https:\/\/cosmena.com\/sv\/wp-json\/wp\/v2\/pages\/4902\/revisions\/4911"}],"up":[{"embeddable":true,"href":"https:\/\/cosmena.com\/sv\/wp-json\/wp\/v2\/pages\/4865"}],"wp:attachment":[{"href":"https:\/\/cosmena.com\/sv\/wp-json\/wp\/v2\/media?parent=4902"}],"curies":[{"name":"wp","href":"https:\/\/api.w.org\/{rel}","templated":true}]}}