{"id":4913,"date":"2023-06-12T13:44:20","date_gmt":"2023-06-12T11:44:20","guid":{"rendered":"http:\/\/cosmena.com\/?page_id=4913"},"modified":"2024-07-24T10:48:51","modified_gmt":"2024-07-24T08:48:51","slug":"livsstil","status":"publish","type":"page","link":"https:\/\/cosmena.com\/sv\/livsstil\/","title":{"rendered":"Livsstil"},"content":{"rendered":"\n<div class=\"wp-block-media-text alignfull is-stacked-on-mobile is-image-fill has-background\" style=\"background-color:#e8e8e8\"><figure class=\"wp-block-media-text__media\" style=\"background-image:url(http:\/\/cosmena.com\/wp-content\/uploads\/2023\/06\/livsstil-traning.png);background-position:50% 50%\"><img loading=\"lazy\" decoding=\"async\" width=\"800\" height=\"800\" src=\"http:\/\/cosmena.com\/wp-content\/uploads\/2023\/06\/livsstil-traning.png\" alt=\"\" class=\"wp-image-4914 size-full\" srcset=\"https:\/\/cosmena.com\/wp-content\/uploads\/2023\/06\/livsstil-traning.png 800w, https:\/\/cosmena.com\/wp-content\/uploads\/2023\/06\/livsstil-traning-300x300.png 300w, https:\/\/cosmena.com\/wp-content\/uploads\/2023\/06\/livsstil-traning-150x150.png 150w, https:\/\/cosmena.com\/wp-content\/uploads\/2023\/06\/livsstil-traning-768x768.png 768w\" sizes=\"auto, (max-width: 800px) 100vw, 800px\" \/><\/figure><div class=\"wp-block-media-text__content\">\n<div style=\"height:100px\" aria-hidden=\"true\" class=\"wp-block-spacer\"><\/div>\n\n\n\n<h1 class=\"wp-block-heading\">Livsstil &amp; Tr\u00e4ning<\/h1>\n\n\n\n<p class=\"has-medium-font-size\">De flesta av oss vill leva sunt och ha en bra och h\u00e4lsosam livsstil. Ofta tror vi att man m\u00e5ste g\u00f6ra avkall p\u00e5 vissa vardagselement f\u00f6r n\u00e5 den den d\u00e4r \u00f6nskv\u00e4rda livsstilen och sundheten, men m\u00e5ste man verkligen begr\u00e4nsa sig s\u00e5 mycket?<\/p>\n\n\n\n<div style=\"height:100px\" aria-hidden=\"true\" class=\"wp-block-spacer\"><\/div>\n<\/div><\/div>\n\n\n\n<div style=\"height:50px\" aria-hidden=\"true\" class=\"wp-block-spacer\"><\/div>\n\n\n\n<div class=\"wp-block-columns alignwide is-layout-flex wp-container-core-columns-is-layout-9d6595d7 wp-block-columns-is-layout-flex\">\n<div class=\"wp-block-column is-vertically-aligned-top box is-layout-flow wp-block-column-is-layout-flow\">\n<figure class=\"wp-block-image size-full\"><img loading=\"lazy\" decoding=\"async\" width=\"800\" height=\"800\" src=\"http:\/\/cosmena.com\/wp-content\/uploads\/2023\/06\/mindfulness-meditation.png\" alt=\"mindfulness meditation\" class=\"wp-image-4916\" srcset=\"https:\/\/cosmena.com\/wp-content\/uploads\/2023\/06\/mindfulness-meditation.png 800w, https:\/\/cosmena.com\/wp-content\/uploads\/2023\/06\/mindfulness-meditation-300x300.png 300w, https:\/\/cosmena.com\/wp-content\/uploads\/2023\/06\/mindfulness-meditation-150x150.png 150w, https:\/\/cosmena.com\/wp-content\/uploads\/2023\/06\/mindfulness-meditation-768x768.png 768w\" sizes=\"auto, (max-width: 800px) 100vw, 800px\" \/><\/figure>\n\n\n\n<h5 class=\"wp-block-heading has-large-font-size\"><a href=\"https:\/\/cosmena.com\/sv\/livsstil\/mindfulness-meditation\/\">Mindfulness meditation<\/a><\/h5>\n\n\n\n<div style=\"height:10px\" aria-hidden=\"true\" class=\"wp-block-spacer\"><\/div>\n<\/div>\n\n\n\n<div class=\"wp-block-column box is-layout-flow wp-block-column-is-layout-flow\">\n<figure class=\"wp-block-image size-full\"><img loading=\"lazy\" decoding=\"async\" width=\"800\" height=\"800\" src=\"http:\/\/cosmena.com\/wp-content\/uploads\/2023\/06\/transcendental-meditation.png\" alt=\"transcendental meditation \" class=\"wp-image-4918\" srcset=\"https:\/\/cosmena.com\/wp-content\/uploads\/2023\/06\/transcendental-meditation.png 800w, https:\/\/cosmena.com\/wp-content\/uploads\/2023\/06\/transcendental-meditation-300x300.png 300w, https:\/\/cosmena.com\/wp-content\/uploads\/2023\/06\/transcendental-meditation-150x150.png 150w, https:\/\/cosmena.com\/wp-content\/uploads\/2023\/06\/transcendental-meditation-768x768.png 768w\" sizes=\"auto, (max-width: 800px) 100vw, 800px\" \/><\/figure>\n\n\n\n<h5 class=\"wp-block-heading has-large-font-size\"><a href=\"https:\/\/cosmena.com\/sv\/livsstil\/transcendental-meditation\/\">Transcendental meditation<\/a><\/h5>\n\n\n\n<div style=\"height:10px\" aria-hidden=\"true\" class=\"wp-block-spacer\"><\/div>\n<\/div>\n<\/div>\n\n\n\n<div class=\"wp-block-columns alignwide is-layout-flex wp-container-core-columns-is-layout-9d6595d7 wp-block-columns-is-layout-flex\">\n<div class=\"wp-block-column is-vertically-aligned-top box is-layout-flow wp-block-column-is-layout-flow\">\n<figure class=\"wp-block-image size-full\"><img loading=\"lazy\" decoding=\"async\" width=\"800\" height=\"800\" src=\"https:\/\/cosmena.com\/wp-content\/uploads\/2023\/06\/livsstil-traning.png\" alt=\"\" class=\"wp-image-4914\" srcset=\"https:\/\/cosmena.com\/wp-content\/uploads\/2023\/06\/livsstil-traning.png 800w, https:\/\/cosmena.com\/wp-content\/uploads\/2023\/06\/livsstil-traning-300x300.png 300w, https:\/\/cosmena.com\/wp-content\/uploads\/2023\/06\/livsstil-traning-150x150.png 150w, https:\/\/cosmena.com\/wp-content\/uploads\/2023\/06\/livsstil-traning-768x768.png 768w\" sizes=\"auto, (max-width: 800px) 100vw, 800px\" \/><\/figure>\n\n\n\n<h5 class=\"wp-block-heading has-large-font-size\"><a href=\"https:\/\/cosmena.com\/sv\/livsstil\/hur-algoritmer-for-slots-pa-natet-fungerar\/\">Hur algoritmer f\u00f6r slots p\u00e5 n\u00e4tet fungerar<\/a><\/h5>\n\n\n\n<div style=\"height:10px\" aria-hidden=\"true\" class=\"wp-block-spacer\"><\/div>\n<\/div>\n\n\n\n<div class=\"wp-block-column is-layout-flow wp-block-column-is-layout-flow\">\n<figure class=\"wp-block-image size-full\"><img loading=\"lazy\" decoding=\"async\" width=\"800\" height=\"800\" src=\"https:\/\/cosmena.com\/wp-content\/uploads\/2023\/06\/livsstil-traning.png\" alt=\"\" class=\"wp-image-4914\" srcset=\"https:\/\/cosmena.com\/wp-content\/uploads\/2023\/06\/livsstil-traning.png 800w, https:\/\/cosmena.com\/wp-content\/uploads\/2023\/06\/livsstil-traning-300x300.png 300w, https:\/\/cosmena.com\/wp-content\/uploads\/2023\/06\/livsstil-traning-150x150.png 150w, https:\/\/cosmena.com\/wp-content\/uploads\/2023\/06\/livsstil-traning-768x768.png 768w\" sizes=\"auto, (max-width: 800px) 100vw, 800px\" \/><\/figure>\n\n\n\n<h5 class=\"wp-block-heading has-large-font-size\"><a href=\"https:\/\/cosmena.com\/sv\/livsstil\/kan-online-casinospel-vara-en-del-av-en-halsosam-livsstil\/\">Kan online casinospel vara en del av en h\u00e4lsosam livsstil?<\/a><\/h5>\n<\/div>\n<\/div>\n\n\n\n<div class=\"wp-block-columns alignwide is-layout-flex wp-container-core-columns-is-layout-9d6595d7 wp-block-columns-is-layout-flex\">\n<div class=\"wp-block-column is-vertically-aligned-top box is-layout-flow wp-block-column-is-layout-flow\">\n<figure class=\"wp-block-image size-full\"><img loading=\"lazy\" decoding=\"async\" width=\"800\" height=\"800\" src=\"https:\/\/cosmena.com\/wp-content\/uploads\/2023\/06\/livsstil-traning.png\" alt=\"\" class=\"wp-image-4914\" srcset=\"https:\/\/cosmena.com\/wp-content\/uploads\/2023\/06\/livsstil-traning.png 800w, https:\/\/cosmena.com\/wp-content\/uploads\/2023\/06\/livsstil-traning-300x300.png 300w, https:\/\/cosmena.com\/wp-content\/uploads\/2023\/06\/livsstil-traning-150x150.png 150w, https:\/\/cosmena.com\/wp-content\/uploads\/2023\/06\/livsstil-traning-768x768.png 768w\" sizes=\"auto, (max-width: 800px) 100vw, 800px\" \/><\/figure>\n\n\n\n<h5 class=\"wp-block-heading has-large-font-size\"><a href=\"https:\/\/cosmena.com\/sv\/livsstil\/online-casinon-och-en-halsosam-livsstil-gar-de-att-kombinera\/\">Online casinon och en h\u00e4lsosam livsstil &#8211; g\u00e5r de att kombinera?<\/a><\/h5>\n\n\n\n<div style=\"height:10px\" aria-hidden=\"true\" class=\"wp-block-spacer\"><\/div>\n<\/div>\n\n\n\n<div class=\"wp-block-column is-vertically-aligned-top box is-layout-flow wp-block-column-is-layout-flow\">\n<figure class=\"wp-block-image size-full\"><img loading=\"lazy\" decoding=\"async\" width=\"800\" height=\"800\" src=\"https:\/\/cosmena.com\/wp-content\/uploads\/2023\/06\/livsstil-traning.png\" alt=\"\" class=\"wp-image-4914\" srcset=\"https:\/\/cosmena.com\/wp-content\/uploads\/2023\/06\/livsstil-traning.png 800w, https:\/\/cosmena.com\/wp-content\/uploads\/2023\/06\/livsstil-traning-300x300.png 300w, https:\/\/cosmena.com\/wp-content\/uploads\/2023\/06\/livsstil-traning-150x150.png 150w, https:\/\/cosmena.com\/wp-content\/uploads\/2023\/06\/livsstil-traning-768x768.png 768w\" sizes=\"auto, (max-width: 800px) 100vw, 800px\" \/><\/figure>\n\n\n\n<h5 class=\"wp-block-heading has-large-font-size\"><a href=\"https:\/\/cosmena.com\/sv\/livsstil\/spela-sakert-och-skydda-din-kropp-nar-du-njuter-av-online-casino\/\">Spela s\u00e4kert och skydda din kropp n\u00e4r du njuter av online casino<\/a><\/h5>\n\n\n\n<div style=\"height:10px\" aria-hidden=\"true\" class=\"wp-block-spacer\"><\/div>\n<\/div>\n<\/div>\n\n\n\n<div class=\"wp-block-columns alignwide is-layout-flex wp-container-core-columns-is-layout-9d6595d7 wp-block-columns-is-layout-flex\">\n<div class=\"wp-block-column is-vertically-aligned-top box is-layout-flow wp-block-column-is-layout-flow\">\n<figure class=\"wp-block-image size-full\"><img loading=\"lazy\" decoding=\"async\" width=\"800\" height=\"800\" src=\"https:\/\/cosmena.com\/wp-content\/uploads\/2023\/06\/livsstil-traning.png\" alt=\"\" class=\"wp-image-4914\" srcset=\"https:\/\/cosmena.com\/wp-content\/uploads\/2023\/06\/livsstil-traning.png 800w, https:\/\/cosmena.com\/wp-content\/uploads\/2023\/06\/livsstil-traning-300x300.png 300w, https:\/\/cosmena.com\/wp-content\/uploads\/2023\/06\/livsstil-traning-150x150.png 150w, https:\/\/cosmena.com\/wp-content\/uploads\/2023\/06\/livsstil-traning-768x768.png 768w\" sizes=\"auto, (max-width: 800px) 100vw, 800px\" \/><\/figure>\n\n\n\n<h5 class=\"wp-block-heading has-large-font-size\"><a href=\"https:\/\/cosmena.com\/sv\/livsstil\/vilka-online-casinospel-passar-for-de-traningsintresserade\/\">Vilka online casinospel passar f\u00f6r de tr\u00e4ningsintresserade?<\/a><\/h5>\n\n\n\n<div style=\"height:10px\" aria-hidden=\"true\" class=\"wp-block-spacer\"><\/div>\n<\/div>\n\n\n\n<div class=\"wp-block-column is-vertically-aligned-top box is-layout-flow wp-block-column-is-layout-flow\">\n<figure class=\"wp-block-image size-full\"><img loading=\"lazy\" decoding=\"async\" width=\"800\" height=\"800\" src=\"https:\/\/cosmena.com\/wp-content\/uploads\/2023\/06\/livsstil-traning.png\" alt=\"\" class=\"wp-image-4914\" srcset=\"https:\/\/cosmena.com\/wp-content\/uploads\/2023\/06\/livsstil-traning.png 800w, https:\/\/cosmena.com\/wp-content\/uploads\/2023\/06\/livsstil-traning-300x300.png 300w, https:\/\/cosmena.com\/wp-content\/uploads\/2023\/06\/livsstil-traning-150x150.png 150w, https:\/\/cosmena.com\/wp-content\/uploads\/2023\/06\/livsstil-traning-768x768.png 768w\" sizes=\"auto, (max-width: 800px) 100vw, 800px\" \/><\/figure>\n\n\n\n<h5 class=\"wp-block-heading has-large-font-size\"><a href=\"https:\/\/cosmena.com\/sv\/livsstil\/spannande-spelupplevelser-for-alla-casino-fantaster\/\">Sp\u00e4nnande spelupplevelser f\u00f6r alla casino fantaster<\/a><\/h5>\n\n\n\n<div style=\"height:10px\" aria-hidden=\"true\" class=\"wp-block-spacer\"><\/div>\n<\/div>\n<\/div>\n\n\n\n<div class=\"wp-block-columns alignwide is-layout-flex wp-container-core-columns-is-layout-9d6595d7 wp-block-columns-is-layout-flex\">\n<div class=\"wp-block-column is-vertically-aligned-top box is-layout-flow wp-block-column-is-layout-flow\">\n<figure class=\"wp-block-image size-full\"><img loading=\"lazy\" decoding=\"async\" width=\"800\" height=\"800\" src=\"https:\/\/cosmena.com\/wp-content\/uploads\/2023\/06\/livsstil-traning.png\" alt=\"\" class=\"wp-image-4914\" srcset=\"https:\/\/cosmena.com\/wp-content\/uploads\/2023\/06\/livsstil-traning.png 800w, https:\/\/cosmena.com\/wp-content\/uploads\/2023\/06\/livsstil-traning-300x300.png 300w, https:\/\/cosmena.com\/wp-content\/uploads\/2023\/06\/livsstil-traning-150x150.png 150w, https:\/\/cosmena.com\/wp-content\/uploads\/2023\/06\/livsstil-traning-768x768.png 768w\" sizes=\"auto, (max-width: 800px) 100vw, 800px\" \/><\/figure>\n\n\n\n<h5 class=\"wp-block-heading has-large-font-size\"><a href=\"https:\/\/cosmena.com\/sv\/livsstil\/en-guide-till-mattfullt-spel-pa-casinon-utan-svensk-licens\/\">En guide till m\u00e5ttfullt spel p\u00e5 casinon utan svensk licens<\/a><\/h5>\n\n\n\n<div style=\"height:10px\" aria-hidden=\"true\" class=\"wp-block-spacer\"><\/div>\n<\/div>\n\n\n\n<div class=\"wp-block-column is-vertically-aligned-top box is-layout-flow wp-block-column-is-layout-flow\"><\/div>\n<\/div>\n\n\n\n<div style=\"height:50px\" aria-hidden=\"true\" class=\"wp-block-spacer\"><\/div>\n\n\n\n<h2 class=\"wp-block-heading\">V\u00e4gen till en b\u00e4ttre livsstil<\/h2>\n\n\n\n<p>Att uppn\u00e5 en sund livsstil kan verka som en utmaning n\u00e4r vi har hektiska scheman och m\u00e5nga \u00e5taganden i vardagen. Men det \u00e4r faktiskt m\u00f6jligt att g\u00f6ra sm\u00e5 f\u00f6r\u00e4ndringar och anpassningar som kan leda till en h\u00e4lsosammare livsstil utan att beh\u00f6va g\u00f6ra f\u00f6r m\u00e5nga avkall. H\u00e4r \u00e4r n\u00e5gra tips p\u00e5 hur du kan uppn\u00e5 en sund livsstil i din vardag utan att det k\u00e4nns \u00f6verv\u00e4ldigande.<\/p>\n\n\n\n<h3 class=\"wp-block-heading\">Planera och organisera<\/h3>\n\n\n\n<p>Att ha en tydlig planering och organisering \u00e4r avg\u00f6rande f\u00f6r att skapa en h\u00e4lsosam livsstil. Planera dina m\u00e5ltider och tr\u00e4ning p\u00e5 f\u00f6rhand. Skapa en veckomeny, handla h\u00e4lsosamma livsmedel och f\u00f6rbered m\u00e5ltider i f\u00f6rv\u00e4g. Genom att ha en strukturerad plan blir det l\u00e4ttare att h\u00e5lla sig till sunda vanor och undvika frestelser.<\/p>\n\n\n\n<h3 class=\"wp-block-heading\">Fokusera p\u00e5 balans och m\u00e5ttfullhet<\/h3>\n\n\n\n<p>Det \u00e4r viktigt att inte vara f\u00f6r strikt med dig sj\u00e4lv n\u00e4r det kommer till kost och motion. Till\u00e5t dig sj\u00e4lv att njuta av god mat och unna dig n\u00e5got gott d\u00e5 och d\u00e5. Fokusera p\u00e5 balans och m\u00e5ttfullhet ist\u00e4llet f\u00f6r att vara f\u00f6r begr\u00e4nsande. Till exempel, om du \u00e4ter en h\u00e4lsosam och n\u00e4ringsrik m\u00e5ltid till lunch kan du till\u00e5ta dig sj\u00e4lv att unna dig en liten efterr\u00e4tt p\u00e5 kv\u00e4llen.<\/p>\n\n\n\n<h3 class=\"wp-block-heading\">Hitta s\u00e4tt att vara aktiv i vardagen<\/h3>\n\n\n\n<p>Motion beh\u00f6ver inte bara ske p\u00e5 gymmet. Hitta s\u00e4tt att vara aktiv i din vardag. Promenera eller cykla ist\u00e4llet f\u00f6r att ta bilen eller kollektivtrafiken. Ta trapporna ist\u00e4llet f\u00f6r hissen. G\u00f6r hush\u00e5llssysslor eller tr\u00e4dg\u00e5rdsarbete som involverar fysisk aktivitet. Genom att integrera fysisk aktivitet i din vardag blir det l\u00e4ttare att h\u00e5lla sig aktiv och br\u00e4nna kalorier.<\/p>\n\n\n\n<h3 class=\"wp-block-heading\">Prioritera s\u00f6mn och \u00e5terh\u00e4mtning<\/h3>\n\n\n\n<p>En sund livsstil handlar inte bara om kost och motion, det inkluderar ocks\u00e5 tillr\u00e4ckligt med s\u00f6mn och \u00e5terh\u00e4mtning. Prioritera att f\u00e5 tillr\u00e4ckligt med s\u00f6mn varje natt f\u00f6r att ge din kropp tid att \u00e5terh\u00e4mta sig. Skapa en rutin f\u00f6r avslappning f\u00f6re s\u00e4ngg\u00e5endet, s\u00e5som att l\u00e4sa en bok eller lyssna p\u00e5 lugn musik. Ge dig sj\u00e4lv tid f\u00f6r att varva ner och slappna av f\u00f6r att uppn\u00e5 en sund balans i livet.<\/p>\n\n\n\n<h3 class=\"wp-block-heading\">Planera och organisera<\/h3>\n\n\n\n<p>Att ha en tydlig planering och organisering \u00e4r avg\u00f6rande f\u00f6r att skapa en h\u00e4lsosam livsstil. Planera dina m\u00e5ltider och tr\u00e4ning p\u00e5 f\u00f6rhand. Skapa en veckomeny, handla h\u00e4lsosamma livsmedel och f\u00f6rbered m\u00e5ltider i f\u00f6rv\u00e4g. Genom att ha en strukturerad plan blir det l\u00e4ttare att h\u00e5lla sig till sunda vanor och undvika frestelser.<\/p>\n\n\n\n<h3 class=\"wp-block-heading\">Fokusera p\u00e5 balans och m\u00e5ttfullhet<\/h3>\n\n\n\n<p>Det \u00e4r viktigt att inte vara f\u00f6r strikt med dig sj\u00e4lv n\u00e4r det kommer till kost och motion. Till\u00e5t dig sj\u00e4lv att njuta av god mat och unna dig n\u00e5got gott d\u00e5 och d\u00e5. Fokusera p\u00e5 balans och m\u00e5ttfullhet ist\u00e4llet f\u00f6r att vara f\u00f6r begr\u00e4nsande. Till exempel, om du \u00e4ter en h\u00e4lsosam och n\u00e4ringsrik m\u00e5ltid till lunch kan du till\u00e5ta dig sj\u00e4lv att unna dig en liten efterr\u00e4tt p\u00e5 kv\u00e4llen.<\/p>\n\n\n\n<h3 class=\"wp-block-heading\">Hitta s\u00e4tt att vara aktiv i vardagen<\/h3>\n\n\n\n<p>Motion beh\u00f6ver inte bara ske p\u00e5 gymmet. Hitta s\u00e4tt att vara aktiv i din vardag. Promenera eller cykla ist\u00e4llet f\u00f6r att ta bilen eller kollektivtrafiken. Ta trapporna ist\u00e4llet f\u00f6r hissen. G\u00f6r hush\u00e5llssysslor eller tr\u00e4dg\u00e5rdsarbete som involverar fysisk aktivitet. Genom att integrera fysisk aktivitet i din vardag blir det l\u00e4ttare att h\u00e5lla sig aktiv och br\u00e4nna kalorier.<\/p>\n\n\n\n<h3 class=\"wp-block-heading\">Prioritera s\u00f6mn och \u00e5terh\u00e4mtning<\/h3>\n\n\n\n<p>En sund livsstil handlar inte bara om kost och motion, det inkluderar ocks\u00e5 tillr\u00e4ckligt med s\u00f6mn och \u00e5terh\u00e4mtning. Prioritera att f\u00e5 tillr\u00e4ckligt med s\u00f6mn varje natt f\u00f6r att ge din kropp tid att \u00e5terh\u00e4mta sig. Skapa en rutin f\u00f6r avslappning f\u00f6re s\u00e4ngg\u00e5endet, s\u00e5som att l\u00e4sa en bok eller lyssna p\u00e5 lugn musik. Ge dig sj\u00e4lv tid f\u00f6r att varva ner och slappna av f\u00f6r att uppn\u00e5 en sund balans i livet.<\/p>\n\n\n\n<h3 class=\"wp-block-heading\">Bygg upp sunda vanor stegvis<\/h3>\n\n\n\n<p>Ist\u00e4llet f\u00f6r att g\u00f6ra drastiska f\u00f6r\u00e4ndringar \u00f6ver en natt kan det vara mer h\u00e5llbart att bygga upp sunda vanor stegvis. Fokusera p\u00e5 en sak i taget och arbeta dig upp\u00e5t. Till exempel, b\u00f6rja med att l\u00e4gga till mer gr\u00f6nsaker i dina m\u00e5ltider innan du tar itu med andra delar av din kost. Bygg gradvis upp din tr\u00e4ningsrutin ist\u00e4llet f\u00f6r att \u00f6verbelasta dig fr\u00e5n b\u00f6rjan. Genom att ta sm\u00e5 steg kan du skapa h\u00e5llbara f\u00f6r\u00e4ndringar som varar \u00f6ver tid.<\/p>\n\n\n\n<h3 class=\"wp-block-heading\">Hitta en tr\u00e4ningsform som du tycker om<\/h3>\n\n\n\n<p>Att tr\u00e4na beh\u00f6ver inte vara tr\u00e5kigt eller k\u00e4nna som en plikt. Hitta en tr\u00e4ningsform som du faktiskt tycker om och som passar din livsstil. Det kan vara allt fr\u00e5n dans, yoga, simning till cykling eller grupptr\u00e4ningspass. Genom att v\u00e4lja en aktivitet som du tycker om kommer du att vara mer motiverad att forts\u00e4tta och det blir en naturlig del av din vardag.<\/p>\n\n\n\n<h3 class=\"wp-block-heading\">Undvik att fastna i allt-eller-inget-tankes\u00e4ttet<\/h3>\n\n\n\n<p>Det \u00e4r viktigt att undvika att fastna i det all-eller-inget-tankes\u00e4ttet n\u00e4r det kommer till en sund livsstil. Det inneb\u00e4r att du inte beh\u00f6ver vara perfekt hela tiden och att en liten &#8221;misslyckning&#8221; inte betyder att allt \u00e4r f\u00f6rlorat. Om du \u00e4ter en mindre h\u00e4lsosam m\u00e5ltid eller missar en tr\u00e4ningsdag, l\u00e5t det inte sl\u00e5 dig ur kurs. Acceptera det som en del av livet och fokusera p\u00e5 att g\u00f6ra sunda val i n\u00e4sta stund eller dag.<\/p>\n\n\n\n<h3 class=\"wp-block-heading\">F\u00e5 st\u00f6d och inspireras<\/h3>\n\n\n\n<p>Att omge sig med st\u00f6djande m\u00e4nniskor och s\u00f6ka inspiration kan vara till stor hj\u00e4lp n\u00e4r du str\u00e4var efter en sund livsstil. Hitta tr\u00e4ningspartners, g\u00e5 med i online-gemenskaper, eller delta i gruppaktiviteter d\u00e4r du kan dela erfarenheter och f\u00e5 motivation. F\u00f6lj ocks\u00e5 h\u00e4lso- och fitnessprofiler p\u00e5 sociala medier eller l\u00e4s b\u00f6cker och artiklar om \u00e4mnet f\u00f6r att f\u00e5 ny inspiration och kunskap.<\/p>\n\n\n\n<p>Att uppn\u00e5 en sund livsstil handlar om att g\u00f6ra sm\u00e5, men konsekventa, f\u00f6r\u00e4ndringar som passar din livsstil och prioriteringar. Genom att planera, fokusera p\u00e5 balans, vara aktiv i vardagen, prioritera s\u00f6mn och \u00e5terh\u00e4mtning, bygga upp sunda vanor stegvis, hitta en tr\u00e4ningsform du tycker om, undvika extremt t\u00e4nkande och f\u00e5 st\u00f6d och inspiration kan du skapa en h\u00e4lsosammare livsstil utan att beh\u00f6va g\u00f6ra f\u00f6r m\u00e5nga avkall i din vardag. Kom ih\u00e5g att varje positivt val r\u00e4knas och att h\u00e5llbara f\u00f6r\u00e4ndringar tar tid, s\u00e5 ha t\u00e5lamod och var sn\u00e4ll mot dig sj\u00e4lv l\u00e4ngs v\u00e4gen.<\/p>\n\n\n\n<div style=\"height:50px\" aria-hidden=\"true\" class=\"wp-block-spacer\"><\/div>\n","protected":false},"excerpt":{"rendered":"<p>Mindfulness meditation Transcendental meditation Hur algoritmer f\u00f6r slots p\u00e5 n\u00e4tet fungerar Kan online casinospel&#8230;<\/p>\n","protected":false},"author":4,"featured_media":0,"parent":0,"menu_order":0,"comment_status":"closed","ping_status":"closed","template":"","meta":{"_acf_changed":false,"footnotes":""},"class_list":["post-4913","page","type-page","status-publish","hentry"],"acf":[],"yoast_head":"<!-- This site is optimized with the Yoast SEO plugin v27.0 - https:\/\/yoast.com\/product\/yoast-seo-wordpress\/ -->\n<title>Livsstil &amp; Tr\u00e4ning - Tips och r\u00e5d - Cosmena.com<\/title>\n<meta name=\"description\" content=\"Tips och r\u00e5d f\u00f6r en sundare livsstil och en h\u00e5llbar vardag. Tr\u00e4ningstips och andra aktiviteter som \u00f6kar v\u00e4lbefinnandet.\" \/>\n<meta name=\"robots\" content=\"index, follow, max-snippet:-1, max-image-preview:large, max-video-preview:-1\" \/>\n<link rel=\"canonical\" href=\"https:\/\/cosmena.com\/sv\/livsstil\/\" \/>\n<meta property=\"og:locale\" content=\"sv_SE\" \/>\n<meta property=\"og:type\" content=\"article\" \/>\n<meta property=\"og:title\" content=\"Livsstil &amp; Tr\u00e4ning - Tips och r\u00e5d - Cosmena.com\" \/>\n<meta property=\"og:description\" content=\"Tips och r\u00e5d f\u00f6r en sundare livsstil och en h\u00e5llbar vardag. Tr\u00e4ningstips och andra aktiviteter som \u00f6kar v\u00e4lbefinnandet.\" \/>\n<meta property=\"og:url\" content=\"https:\/\/cosmena.com\/sv\/livsstil\/\" \/>\n<meta property=\"og:site_name\" content=\"Cosmena\" \/>\n<meta property=\"article:modified_time\" content=\"2024-07-24T08:48:51+00:00\" \/>\n<meta property=\"og:image\" content=\"http:\/\/cosmena.com\/wp-content\/uploads\/2023\/06\/livsstil-traning.png\" \/>\n<meta name=\"twitter:card\" content=\"summary_large_image\" \/>\n<meta name=\"twitter:label1\" content=\"Ber\u00e4knad l\u00e4stid\" \/>\n\t<meta name=\"twitter:data1\" content=\"6 minuter\" \/>\n<!-- \/ Yoast SEO plugin. -->","yoast_head_json":{"title":"Livsstil & Tr\u00e4ning - Tips och r\u00e5d - Cosmena.com","description":"Tips och r\u00e5d f\u00f6r en sundare livsstil och en h\u00e5llbar vardag. Tr\u00e4ningstips och andra aktiviteter som \u00f6kar v\u00e4lbefinnandet.","robots":{"index":"index","follow":"follow","max-snippet":"max-snippet:-1","max-image-preview":"max-image-preview:large","max-video-preview":"max-video-preview:-1"},"canonical":"https:\/\/cosmena.com\/sv\/livsstil\/","og_locale":"sv_SE","og_type":"article","og_title":"Livsstil & Tr\u00e4ning - Tips och r\u00e5d - Cosmena.com","og_description":"Tips och r\u00e5d f\u00f6r en sundare livsstil och en h\u00e5llbar vardag. Tr\u00e4ningstips och andra aktiviteter som \u00f6kar v\u00e4lbefinnandet.","og_url":"https:\/\/cosmena.com\/sv\/livsstil\/","og_site_name":"Cosmena","article_modified_time":"2024-07-24T08:48:51+00:00","og_image":[{"url":"http:\/\/cosmena.com\/wp-content\/uploads\/2023\/06\/livsstil-traning.png","type":"","width":"","height":""}],"twitter_card":"summary_large_image","twitter_misc":{"Ber\u00e4knad l\u00e4stid":"6 minuter"},"schema":{"@context":"https:\/\/schema.org","@graph":[{"@type":"WebPage","@id":"https:\/\/cosmena.com\/sv\/livsstil\/","url":"https:\/\/cosmena.com\/sv\/livsstil\/","name":"Livsstil & Tr\u00e4ning - Tips och r\u00e5d - Cosmena.com","isPartOf":{"@id":"https:\/\/cosmena.com\/sv\/#website"},"primaryImageOfPage":{"@id":"https:\/\/cosmena.com\/sv\/livsstil\/#primaryimage"},"image":{"@id":"https:\/\/cosmena.com\/sv\/livsstil\/#primaryimage"},"thumbnailUrl":"http:\/\/cosmena.com\/wp-content\/uploads\/2023\/06\/livsstil-traning.png","datePublished":"2023-06-12T11:44:20+00:00","dateModified":"2024-07-24T08:48:51+00:00","description":"Tips och r\u00e5d f\u00f6r en sundare livsstil och en h\u00e5llbar vardag. Tr\u00e4ningstips och andra aktiviteter som \u00f6kar v\u00e4lbefinnandet.","breadcrumb":{"@id":"https:\/\/cosmena.com\/sv\/livsstil\/#breadcrumb"},"inLanguage":"sv-SE","potentialAction":[{"@type":"ReadAction","target":["https:\/\/cosmena.com\/sv\/livsstil\/"]}]},{"@type":"ImageObject","inLanguage":"sv-SE","@id":"https:\/\/cosmena.com\/sv\/livsstil\/#primaryimage","url":"http:\/\/cosmena.com\/wp-content\/uploads\/2023\/06\/livsstil-traning.png","contentUrl":"http:\/\/cosmena.com\/wp-content\/uploads\/2023\/06\/livsstil-traning.png"},{"@type":"BreadcrumbList","@id":"https:\/\/cosmena.com\/sv\/livsstil\/#breadcrumb","itemListElement":[{"@type":"ListItem","position":1,"name":"Home","item":"https:\/\/cosmena.com\/sv\/"},{"@type":"ListItem","position":2,"name":"Livsstil"}]},{"@type":"WebSite","@id":"https:\/\/cosmena.com\/sv\/#website","url":"https:\/\/cosmena.com\/sv\/","name":"Cosmena","description":"Your extensive guide to cosmetic treatments","publisher":{"@id":"https:\/\/cosmena.com\/sv\/#organization"},"potentialAction":[{"@type":"SearchAction","target":{"@type":"EntryPoint","urlTemplate":"https:\/\/cosmena.com\/sv\/?s={search_term_string}"},"query-input":{"@type":"PropertyValueSpecification","valueRequired":true,"valueName":"search_term_string"}}],"inLanguage":"sv-SE"},{"@type":"Organization","@id":"https:\/\/cosmena.com\/sv\/#organization","name":"Cosmena","url":"https:\/\/cosmena.com\/sv\/","logo":{"@type":"ImageObject","inLanguage":"sv-SE","@id":"https:\/\/cosmena.com\/sv\/#\/schema\/logo\/image\/","url":"https:\/\/cosmena.com\/wp-content\/uploads\/2021\/06\/cosmena-logo-bw-1.1.png","contentUrl":"https:\/\/cosmena.com\/wp-content\/uploads\/2021\/06\/cosmena-logo-bw-1.1.png","width":600,"height":82,"caption":"Cosmena"},"image":{"@id":"https:\/\/cosmena.com\/sv\/#\/schema\/logo\/image\/"}}]}},"_links":{"self":[{"href":"https:\/\/cosmena.com\/sv\/wp-json\/wp\/v2\/pages\/4913","targetHints":{"allow":["GET"]}}],"collection":[{"href":"https:\/\/cosmena.com\/sv\/wp-json\/wp\/v2\/pages"}],"about":[{"href":"https:\/\/cosmena.com\/sv\/wp-json\/wp\/v2\/types\/page"}],"author":[{"embeddable":true,"href":"https:\/\/cosmena.com\/sv\/wp-json\/wp\/v2\/users\/4"}],"replies":[{"embeddable":true,"href":"https:\/\/cosmena.com\/sv\/wp-json\/wp\/v2\/comments?post=4913"}],"version-history":[{"count":11,"href":"https:\/\/cosmena.com\/sv\/wp-json\/wp\/v2\/pages\/4913\/revisions"}],"predecessor-version":[{"id":5217,"href":"https:\/\/cosmena.com\/sv\/wp-json\/wp\/v2\/pages\/4913\/revisions\/5217"}],"wp:attachment":[{"href":"https:\/\/cosmena.com\/sv\/wp-json\/wp\/v2\/media?parent=4913"}],"curies":[{"name":"wp","href":"https:\/\/api.w.org\/{rel}","templated":true}]}}