{"id":4926,"date":"2023-06-12T14:41:56","date_gmt":"2023-06-12T12:41:56","guid":{"rendered":"http:\/\/cosmena.com\/?page_id=4926"},"modified":"2023-06-12T14:41:57","modified_gmt":"2023-06-12T12:41:57","slug":"transcendental-meditation","status":"publish","type":"page","link":"https:\/\/cosmena.com\/sv\/livsstil\/transcendental-meditation\/","title":{"rendered":"Transcendental Meditation"},"content":{"rendered":"\n<div class=\"wp-block-media-text alignfull is-stacked-on-mobile is-image-fill has-background\" style=\"background-color:#e8e8e8\"><figure class=\"wp-block-media-text__media\" style=\"background-image:url(http:\/\/cosmena.com\/wp-content\/uploads\/2023\/06\/transcendental-meditation.png);background-position:50% 50%\"><img loading=\"lazy\" decoding=\"async\" width=\"800\" height=\"800\" src=\"http:\/\/cosmena.com\/wp-content\/uploads\/2023\/06\/transcendental-meditation.png\" alt=\"Transcendental meditation\" class=\"wp-image-4918 size-full\" srcset=\"https:\/\/cosmena.com\/wp-content\/uploads\/2023\/06\/transcendental-meditation.png 800w, https:\/\/cosmena.com\/wp-content\/uploads\/2023\/06\/transcendental-meditation-300x300.png 300w, https:\/\/cosmena.com\/wp-content\/uploads\/2023\/06\/transcendental-meditation-150x150.png 150w, https:\/\/cosmena.com\/wp-content\/uploads\/2023\/06\/transcendental-meditation-768x768.png 768w\" sizes=\"auto, (max-width: 800px) 100vw, 800px\" \/><\/figure><div class=\"wp-block-media-text__content\">\n<div style=\"height:100px\" aria-hidden=\"true\" class=\"wp-block-spacer\"><\/div>\n\n\n\n<h1 class=\"wp-block-heading\">Transcendental meditation<\/h1>\n\n\n\n<p>1958 presenterade Maharishi Mahesh Yogi, en indisk vishetsl\u00e4rare, meditationstekniken transcendental meditation (TM). Det som \u00e4r utm\u00e4rkande f\u00f6r TM j\u00e4mf\u00f6rt med andra meditationstekniker \u00e4r att ut\u00f6varen anv\u00e4nder ett personligt mantra. Den h\u00e4r meditationstekniken blev mycket uppm\u00e4rksammad under 1960-talet d\u00e5 Beatles-medlemmarna b\u00f6rjade intressera sig f\u00f6r TM. Idag \u00e4r det cirka sex miljoner m\u00e4nniskor v\u00e4rlden \u00f6ver som har l\u00e4rt sig ut\u00f6va transcendental meditation.<\/p>\n\n\n\n<div style=\"height:100px\" aria-hidden=\"true\" class=\"wp-block-spacer\"><\/div>\n<\/div><\/div>\n\n\n\n<h2 class=\"wp-block-heading\"><strong>En fysiker g\u00f6r Transcendental meditation mer tillg\u00e4ngligt<\/strong><\/h2>\n\n\n\n<p>Maharishi Mahesh Yogi var en ung fysiker som studerat v\u00e4sterl\u00e4ndsk vetenskap. Han tillbringade 13 \u00e5r att studera meditation hos en som r\u00e4knas som v\u00e5r tids st\u00f6rsta vediska l\u00e4rare. Meditation hade tidigare ansetts utmattande och sv\u00e5rt eftersom den ofta ut\u00f6vades genom att tvinga hj\u00e4rnan och sinnet till ett visst tillst\u00e5nd. Tack vare b\u00e5de sina studier och erfarenheter ins\u00e5g Mahesh att sinnet kan inte bli tvingat till den inre stillhet som meditation ska leda till. Sinnets drift och \u00f6nskan \u00e4r att n\u00e5 ett tillst\u00e5nd av sann lycka, det kan dock bara uppn\u00e5s naturligt och utan tv\u00e5ng.<\/p>\n\n\n\n<p>Utifr\u00e5n detta strukturerade Mahesh Yogi transcendental meditation, en process att &#8221;g\u00e5 bortom&#8221; och att finna total stillhet genom att upprepa ett mantra. Han strukturerade sedan \u00e4ven utbildningen av TM-l\u00e4rare f\u00f6r att den h\u00e4r tekniken inte skulle g\u00e5 f\u00f6rlorad.<\/p>\n\n\n\n<p>Anledningen att certifierade l\u00e4rare \u00e4r s\u00e5 viktiga \u00e4r att \u00e4ven om tekniken kan tyckas enkel s\u00e5 har det visat sig vara sv\u00e5rt att till\u00e4mpa den r\u00e4tt. D\u00e4rf\u00f6r kr\u00e4ver TM interaktiv personlig v\u00e4gledning f\u00f6r att ut\u00f6vandet ska f\u00e5 de positiva effekter som meditationen kan ge.<\/p>\n\n\n\n<h2 class=\"wp-block-heading\"><strong>Hur du ut\u00f6var Transcendental meditation<\/strong><\/h2>\n\n\n\n<p>Meditationstekniken TM g\u00e5r ut p\u00e5 att l\u00e4ra sig hantera stress. Det sker genom att upprepa ett personligt mantra. Under meditationen sitter du stilla och lugnt i en st\u00e4llning som k\u00e4nns bekv\u00e4m, alltid med \u00f6gonen slutna f\u00f6r att fokusera p\u00e5 mantrat.<\/p>\n\n\n\n<p>Det mantra som du ska upprepa kan vara en fras, ett ljud eller bara ett enda ord. Det h\u00e4r mantrat f\u00e5r du utav en TM-l\u00e4rare n\u00e4r du g\u00e5r utbildningen i transcendental meditation. Mantrat \u00e4r ett ljud, ord eller fras utan mening, vilket \u00e4r ett medel f\u00f6r att lugna sinnet. Olika l\u00e4rare v\u00e4ljer ut mantrat p\u00e5 olika s\u00e4tt. En del g\u00f6r det utifr\u00e5n \u00e5lder eller k\u00f6n, en del v\u00e4ljer mantrat utifr\u00e5n intervjuer de g\u00f6r med deltagarna.<\/p>\n\n\n\n<p>Utf\u00f6r du meditationen v\u00e4l kommer du att uppn\u00e5 ett tillst\u00e5nd som kallas yougisk flygning. Det \u00e4r ett tillst\u00e5nd d\u00e4r kroppen blir fylld av en behaglig varm k\u00e4nsla i en expansiv tystnad, vilket ut\u00f6vare av TM kallar f\u00f6r rent medvetande.<\/p>\n\n\n\n<p>TM \u00e4r ingen kr\u00e4vande meditation fysiskt eftersom du sitter stilla. Allt handlar om att andas helt naturligt och fokusera p\u00e5 ditt mantra. Dock \u00e4r det h\u00e4r en meditation som kr\u00e4ver guidning av en certifierad TM-l\u00e4rare.<\/p>\n\n\n\n<h2 class=\"wp-block-heading\"><strong>Hur TM hj\u00e4lper kropp och sinne<\/strong><\/h2>\n\n\n\n<p>Meditation och mindfulness har l\u00e4nge b\u00e5de prisats och risats av forskare, och \u00e4ven av allm\u00e4nheten, f\u00f6r de effekter de s\u00e4gs ha. En av dessa tekniker \u00e4r just transcendental meditation. Det finns m\u00e5nga vetenskapliga studier gjorda p\u00e5 hur transcendental meditation p\u00e5verkar och hj\u00e4lper kroppen och sinnet. Dock h\u00e4vdar en del forskare att dessa inte vetenskapligt kan bevisa effekterna.<\/p>\n\n\n\n<p>Men meditation \u00f6verlag har visat sig ofta ha positiva effekter p\u00e5 stress, vilket i sin tur kan p\u00e5verka b\u00e5de fysiska och psykiska \u00e5kommor positivt. Ut\u00f6vare av TM s\u00e4ger att meditations\u00f6vningen stimulerar ett h\u00f6gre medvetandetillst\u00e5nd f\u00f6r att uppn\u00e5 en avslappnad medvetenhet. Denna medvetenhet minskar stress och ut\u00f6varen k\u00e4nner ordning, stabilitet och inga mentala gr\u00e4nser.<\/p>\n\n\n\n<p>Tv\u00e5 saker som en ut\u00f6vare uppn\u00e5r \u00e4r en djupare vila och st\u00f6rre gl\u00e4dje. Den djupa vilan \u00e4r m\u00e5nga g\u00e5nger djupare \u00e4n den avslappning som s\u00f6mn ger. Vad g\u00e4ller st\u00f6rre gl\u00e4dje s\u00e5 \u00f6kar serotonin i kroppen, vilket \u00e4r kroppens gl\u00e4djehormoner. En l\u00e5g produktion av gl\u00e4djehormoner p\u00e5verkar v\u00e5rt sinnestillst\u00e5nd negativt. L\u00e5gt serotonin har ocks\u00e5 visat sig vara orsak till oro, ilska, s\u00f6mnsv\u00e5righeter, \u00e4tst\u00f6rningar, migr\u00e4n, alkoholberoende och Alzheimers. Eftersom transcendental meditation \u00f6kar gl\u00e4djehormonerna kan den d\u00e4rf\u00f6r hj\u00e4lpa personer med dessa problem. TM har \u00e4ven visat sig ha mycket positiva effekter p\u00e5 PTSD (posttraumatiska stressyndrom), fibromyalgi och ADHD.<\/p>\n\n\n\n<h2 class=\"wp-block-heading\"><strong>F\u00f6rdelar och nackdelar<\/strong><\/h2>\n\n\n\n<p>TM-tekniken kan som s\u00e5 mycket annat vara b\u00e5de positivt och negativt. Dock \u00e4r f\u00f6rdelarna \u00f6verv\u00e4gande just f\u00f6r den p\u00e5tagliga effekt meditationen har p\u00e5 ut\u00f6varen.<\/p>\n\n\n\n<p>N\u00e5gra av de f\u00f6rdelar \u00e4r:<\/p>\n\n\n\n<ul class=\"wp-block-list\"><li>Minskning av stress och \u00e5ngest<\/li><li>S\u00e4nkning av blodtrycket<\/li><li>F\u00f6rb\u00e4ttring av den kardiovaskul\u00e4ra h\u00e4lsan<\/li><li>\u00d6kat v\u00e4lbefinnande genom b\u00e4ttre s\u00f6mn och sj\u00e4lvf\u00f6rtroende<\/li><\/ul>\n\n\n\n<p>Stress i vardagen \u00f6kar risken f\u00f6r hj\u00e4rt- och k\u00e4rlsjukdomar. Med minskad stress genom meditation s\u00e4nks d\u00e4remot blodtrycket, vilket leder till att risken f\u00f6r hj\u00e4rt- och k\u00e4rlsjukdomar blir mindre.<\/p>\n\n\n\n<p>\u00c5ngest och stress kan ocks\u00e5 p\u00e5verka v\u00e5r hj\u00e4rna negativt genom att blockera v\u00e5r f\u00f6rm\u00e5ga att t\u00e4nka rationellt och vara kreativa. Med hj\u00e4lp av TM kan dessa blockeringar minska eller f\u00f6rsvinna.<\/p>\n\n\n\n<p>Den stillhet och \u00f6kning av serotonin ger \u00e4ven ett b\u00e4ttre v\u00e4lbefinnandet. Meditation kan dessutom ge st\u00f6rre sj\u00e4lvk\u00e4nnedom och personlig utveckling eftersom alla begr\u00e4nsande tankar f\u00f6rsvinner.<\/p>\n\n\n\n<h2 class=\"wp-block-heading\"><strong>Nackdelar<\/strong><\/h2>\n\n\n\n<p>\u00c4ven om TM har m\u00e5nga f\u00f6rdelar finns det \u00e4ven vissa risker med att ut\u00f6va denna meditation. Eftersom det ligger stort fokus p\u00e5 andningen och det inre kan symptomen f\u00f6r personer som lider av mental oh\u00e4lsa bli v\u00e4rre. Det kan leda till depression, \u00e5ngest, panikattacker, oro och \u00e4ven fysisk sm\u00e4rta.<\/p>\n\n\n\n<h2 class=\"wp-block-heading\"><strong>Transcendental meditation j\u00e4mf\u00f6rt med andra meditationsformer<\/strong><\/h2>\n\n\n\n<p>Det finns m\u00e5nga olika meditationstekniker och yogatekniker s\u00e5som Vipassana, Ishata och <a href=\"https:\/\/cosmena.com\/sv\/livsstil\/mindfulness-meditation\/\">mindfulness<\/a>. Men d\u00e4r meditation baserad mindfulness har fokus p\u00e5 att medvetet rensa bort tankar och fokusera p\u00e5 nuet ligger fokus hos TM p\u00e5 det personliga mantrat. TM-tekniken kr\u00e4ver ingen direkt fysisk anstr\u00e4ngning s\u00e5som yoga och kan ut\u00f6vas b\u00e5de sittandes och liggandes. Mantrat lugnar sinnet och \u00e4r ett medel f\u00f6r att n\u00e5 ett djupare och lugnare tillst\u00e5nd. Det inneb\u00e4r \u00e4ven mindre anstr\u00e4ngning f\u00f6r hj\u00e4rnan.<\/p>\n\n\n\n<p>M\u00e5nga meditationstekniker kan du l\u00e4ra dig fr\u00e5n en video eller en bok. N\u00e4r du ut\u00f6var transcendental meditation l\u00e4r du dig tekniken av en certifierad l\u00e4rare i TM. Det inneb\u00e4r att du f\u00e5r en personlig v\u00e4gledning och ett st\u00f6d att kunna hantera saker som kan p\u00e5verka dig starkt. Vilket \u00e4r viktigt om vi ser till de nackdelar som vi tagit upp ovan d\u00e4r meditation kan p\u00e5verka en person med oh\u00e4lsa b\u00e5de starkt och obehagligt.<\/p>\n","protected":false},"excerpt":{"rendered":"<p>En fysiker g\u00f6r Transcendental meditation mer tillg\u00e4ngligt Maharishi Mahesh Yogi var en ung fysiker&#8230;<\/p>\n","protected":false},"author":4,"featured_media":0,"parent":4913,"menu_order":0,"comment_status":"closed","ping_status":"closed","template":"","meta":{"_acf_changed":false,"footnotes":""},"class_list":["post-4926","page","type-page","status-publish","hentry"],"acf":[],"yoast_head":"<!-- This site is optimized with the Yoast SEO plugin v27.0 - https:\/\/yoast.com\/product\/yoast-seo-wordpress\/ -->\n<title>Transcendental meditation - S\u00e5 h\u00e4r g\u00f6r du!<\/title>\n<meta name=\"description\" content=\"Transcendental meditation \u00e4r en utm\u00e4rkt meditationsform f\u00f6r en \u00f6kad och b\u00e4ttre mental h\u00e4lsa. - L\u00e4s mer hos cosmena.com\" \/>\n<meta name=\"robots\" content=\"index, follow, max-snippet:-1, max-image-preview:large, max-video-preview:-1\" \/>\n<link rel=\"canonical\" href=\"https:\/\/cosmena.com\/sv\/livsstil\/transcendental-meditation\/\" \/>\n<meta property=\"og:locale\" content=\"sv_SE\" \/>\n<meta property=\"og:type\" content=\"article\" \/>\n<meta property=\"og:title\" content=\"Transcendental meditation - S\u00e5 h\u00e4r g\u00f6r du!\" \/>\n<meta property=\"og:description\" content=\"Transcendental meditation \u00e4r en utm\u00e4rkt meditationsform f\u00f6r en \u00f6kad och b\u00e4ttre mental h\u00e4lsa. - L\u00e4s mer hos cosmena.com\" \/>\n<meta property=\"og:url\" content=\"https:\/\/cosmena.com\/sv\/livsstil\/transcendental-meditation\/\" \/>\n<meta property=\"og:site_name\" content=\"Cosmena\" \/>\n<meta property=\"article:modified_time\" content=\"2023-06-12T12:41:57+00:00\" \/>\n<meta property=\"og:image\" content=\"http:\/\/cosmena.com\/wp-content\/uploads\/2023\/06\/transcendental-meditation.png\" \/>\n<meta name=\"twitter:card\" content=\"summary_large_image\" \/>\n<meta name=\"twitter:label1\" content=\"Ber\u00e4knad l\u00e4stid\" \/>\n\t<meta name=\"twitter:data1\" content=\"6 minuter\" \/>\n<!-- \/ Yoast SEO plugin. -->","yoast_head_json":{"title":"Transcendental meditation - S\u00e5 h\u00e4r g\u00f6r du!","description":"Transcendental meditation \u00e4r en utm\u00e4rkt meditationsform f\u00f6r en \u00f6kad och b\u00e4ttre mental h\u00e4lsa. - L\u00e4s mer hos cosmena.com","robots":{"index":"index","follow":"follow","max-snippet":"max-snippet:-1","max-image-preview":"max-image-preview:large","max-video-preview":"max-video-preview:-1"},"canonical":"https:\/\/cosmena.com\/sv\/livsstil\/transcendental-meditation\/","og_locale":"sv_SE","og_type":"article","og_title":"Transcendental meditation - S\u00e5 h\u00e4r g\u00f6r du!","og_description":"Transcendental meditation \u00e4r en utm\u00e4rkt meditationsform f\u00f6r en \u00f6kad och b\u00e4ttre mental h\u00e4lsa. - L\u00e4s mer hos cosmena.com","og_url":"https:\/\/cosmena.com\/sv\/livsstil\/transcendental-meditation\/","og_site_name":"Cosmena","article_modified_time":"2023-06-12T12:41:57+00:00","og_image":[{"url":"http:\/\/cosmena.com\/wp-content\/uploads\/2023\/06\/transcendental-meditation.png","type":"","width":"","height":""}],"twitter_card":"summary_large_image","twitter_misc":{"Ber\u00e4knad l\u00e4stid":"6 minuter"},"schema":{"@context":"https:\/\/schema.org","@graph":[{"@type":"WebPage","@id":"https:\/\/cosmena.com\/sv\/livsstil\/transcendental-meditation\/","url":"https:\/\/cosmena.com\/sv\/livsstil\/transcendental-meditation\/","name":"Transcendental meditation - S\u00e5 h\u00e4r g\u00f6r du!","isPartOf":{"@id":"https:\/\/cosmena.com\/sv\/#website"},"primaryImageOfPage":{"@id":"https:\/\/cosmena.com\/sv\/livsstil\/transcendental-meditation\/#primaryimage"},"image":{"@id":"https:\/\/cosmena.com\/sv\/livsstil\/transcendental-meditation\/#primaryimage"},"thumbnailUrl":"http:\/\/cosmena.com\/wp-content\/uploads\/2023\/06\/transcendental-meditation.png","datePublished":"2023-06-12T12:41:56+00:00","dateModified":"2023-06-12T12:41:57+00:00","description":"Transcendental meditation \u00e4r en utm\u00e4rkt meditationsform f\u00f6r en \u00f6kad och b\u00e4ttre mental h\u00e4lsa. - L\u00e4s mer hos cosmena.com","breadcrumb":{"@id":"https:\/\/cosmena.com\/sv\/livsstil\/transcendental-meditation\/#breadcrumb"},"inLanguage":"sv-SE","potentialAction":[{"@type":"ReadAction","target":["https:\/\/cosmena.com\/sv\/livsstil\/transcendental-meditation\/"]}]},{"@type":"ImageObject","inLanguage":"sv-SE","@id":"https:\/\/cosmena.com\/sv\/livsstil\/transcendental-meditation\/#primaryimage","url":"http:\/\/cosmena.com\/wp-content\/uploads\/2023\/06\/transcendental-meditation.png","contentUrl":"http:\/\/cosmena.com\/wp-content\/uploads\/2023\/06\/transcendental-meditation.png"},{"@type":"BreadcrumbList","@id":"https:\/\/cosmena.com\/sv\/livsstil\/transcendental-meditation\/#breadcrumb","itemListElement":[{"@type":"ListItem","position":1,"name":"Home","item":"https:\/\/cosmena.com\/sv\/"},{"@type":"ListItem","position":2,"name":"Livsstil","item":"https:\/\/cosmena.com\/sv\/livsstil\/"},{"@type":"ListItem","position":3,"name":"Transcendental Meditation"}]},{"@type":"WebSite","@id":"https:\/\/cosmena.com\/sv\/#website","url":"https:\/\/cosmena.com\/sv\/","name":"Cosmena","description":"Your extensive guide to cosmetic treatments","publisher":{"@id":"https:\/\/cosmena.com\/sv\/#organization"},"potentialAction":[{"@type":"SearchAction","target":{"@type":"EntryPoint","urlTemplate":"https:\/\/cosmena.com\/sv\/?s={search_term_string}"},"query-input":{"@type":"PropertyValueSpecification","valueRequired":true,"valueName":"search_term_string"}}],"inLanguage":"sv-SE"},{"@type":"Organization","@id":"https:\/\/cosmena.com\/sv\/#organization","name":"Cosmena","url":"https:\/\/cosmena.com\/sv\/","logo":{"@type":"ImageObject","inLanguage":"sv-SE","@id":"https:\/\/cosmena.com\/sv\/#\/schema\/logo\/image\/","url":"https:\/\/cosmena.com\/wp-content\/uploads\/2021\/06\/cosmena-logo-bw-1.1.png","contentUrl":"https:\/\/cosmena.com\/wp-content\/uploads\/2021\/06\/cosmena-logo-bw-1.1.png","width":600,"height":82,"caption":"Cosmena"},"image":{"@id":"https:\/\/cosmena.com\/sv\/#\/schema\/logo\/image\/"}}]}},"_links":{"self":[{"href":"https:\/\/cosmena.com\/sv\/wp-json\/wp\/v2\/pages\/4926","targetHints":{"allow":["GET"]}}],"collection":[{"href":"https:\/\/cosmena.com\/sv\/wp-json\/wp\/v2\/pages"}],"about":[{"href":"https:\/\/cosmena.com\/sv\/wp-json\/wp\/v2\/types\/page"}],"author":[{"embeddable":true,"href":"https:\/\/cosmena.com\/sv\/wp-json\/wp\/v2\/users\/4"}],"replies":[{"embeddable":true,"href":"https:\/\/cosmena.com\/sv\/wp-json\/wp\/v2\/comments?post=4926"}],"version-history":[{"count":2,"href":"https:\/\/cosmena.com\/sv\/wp-json\/wp\/v2\/pages\/4926\/revisions"}],"predecessor-version":[{"id":4928,"href":"https:\/\/cosmena.com\/sv\/wp-json\/wp\/v2\/pages\/4926\/revisions\/4928"}],"up":[{"embeddable":true,"href":"https:\/\/cosmena.com\/sv\/wp-json\/wp\/v2\/pages\/4913"}],"wp:attachment":[{"href":"https:\/\/cosmena.com\/sv\/wp-json\/wp\/v2\/media?parent=4926"}],"curies":[{"name":"wp","href":"https:\/\/api.w.org\/{rel}","templated":true}]}}