{"id":5061,"date":"2024-05-07T14:39:59","date_gmt":"2024-05-07T12:39:59","guid":{"rendered":"https:\/\/cosmena.com\/?page_id=5061"},"modified":"2024-08-02T13:58:27","modified_gmt":"2024-08-02T11:58:27","slug":"hur-algoritmer-for-slots-pa-natet-fungerar","status":"publish","type":"page","link":"https:\/\/cosmena.com\/sv\/livsstil\/hur-algoritmer-for-slots-pa-natet-fungerar\/","title":{"rendered":"Hur algoritmer f\u00f6r slots p\u00e5 n\u00e4tet fungerar"},"content":{"rendered":"\n<h1 class=\"wp-block-heading\">Hur algoritmer f\u00f6r slots p\u00e5 n\u00e4tet fungerar<\/h1>\n\n\n\n<p>Har du n\u00e5gonsin st\u00e4llt dig fr\u00e5gan om casinospelen \u00e4r r\u00e4ttvisa och att varje snurr \u00e4r slumpm\u00e4ssigt? Det \u00e4r m\u00e5nga som p\u00e5st\u00e5r att just begreppet slumpm\u00e4ssigt och r\u00e4ttvist g\u00e5r hand i hand. N\u00e4r det g\u00e4ller att snurra loss p\u00e5 slots hos online casinon, s\u00e5 \u00e4r det slumpen som g\u00f6r att spelet blir r\u00e4ttvist. F\u00f6r det \u00e4r j\u00e4tteviktigt att det ska fungera som det ska n\u00e4r du roar dig hos spelsajter.&nbsp;<\/p>\n\n\n\n<p>Anledningen till att du kan luta dig tillbaka och k\u00e4nna dig trygg n\u00e4r du spinner p\u00e5 spelautomater, \u00e4r att varje casinospel styrs av en slumpgenerator. Det kan l\u00e5ta lite kr\u00e5ngligt, men algoritmer f\u00f6r online slots f\u00f6rklaras av v\u00e5ra experter h\u00e4r hos oss. S\u00e5 du f\u00e5r reda p\u00e5 hur dessa fungerar.&nbsp;<\/p>\n\n\n\n<p>En slumpgenerator eller som den egentligen kallas f\u00f6r Random Number Generator (RNG) inom casinobranschen. Att det anv\u00e4nds slumpgeneratorer \u00e4r f\u00f6r att s\u00e4kerst\u00e4lla att varje snurr avg\u00f6rs slumpm\u00e4ssigt vilka symboler som hamnar p\u00e5 hjulen. Generatorn ser ocks\u00e5 till att det inte ska g\u00e5 att f\u00f6ruts\u00e4ga ett speciellt m\u00f6nster, vilket betyder att varje spinn blir s\u00e5 r\u00e4ttvist som det bara kan.\u00a0<\/p>\n\n\n\n<h2 class=\"wp-block-heading\">Hur fungerar RNG?<\/h2>\n\n\n\n<p>Slumpgeneratorer \u00e4r en slots hj\u00e4rna kan man s\u00e4ga. Det inneb\u00e4r s\u00e5ledes att du eller n\u00e5gon annan inte kan p\u00e5verka utfallet i en spelautomat. RGN \u00e4r precis som du tror att det \u00e4r. Att det \u00e4r en speciell generator som slumpar fram vilka symboler som slutligen landar p\u00e5 spelplanen n\u00e4r hjulen stannar. Alla <a href=\"https:\/\/www.svenskacasino.co\/online-slots\/\" target=\"_blank\" rel=\"noreferrer noopener\">slumpgeneratorer i online slots<\/a>, slumpar fram ett seed v\u00e4rde som ligger mellan 0 och upp till 4 biljoner. V\u00e4rdet \u00f6vers\u00e4tts d\u00e4refter till ett s\u00e4rskilt set av olika nummer, som i sin tur korresponderar med de symboler som finns p\u00e5 spelautomatens hjul.&nbsp;<\/p>\n\n\n\n<p>F\u00f6r att f\u00f6rklara det enkelt, s\u00e5 styrs hjulen av setet av slumpm\u00e4ssiga nummer som RNG har dragit fram bland de 4 biljoner m\u00f6jliga kombinationer som \u00e4r m\u00f6jliga. Dessutom finns det inte n\u00e5gra speciella m\u00f6nster d\u00e4r n\u00e5gon kan sk\u00f6nja ett m\u00f6nster bland de 1 000, 100 000 eller 1 000 000 snurr som g\u00f6rs p\u00e5 en slot. Utan varje snurr \u00e4r alltid unikt.&nbsp;<\/p>\n\n\n\n<h2 class=\"wp-block-heading\">S\u00e4kert och r\u00e4ttvist n\u00e4r du snurrar p\u00e5 slots<\/h2>\n\n\n\n<p>Som vi n\u00e4mnde tidigare s\u00e5 anv\u00e4nder sig slumpgeneratorerna sig av en formel som heter algoritm som de b\u00e4sta svenska casinon har i sina casinospel. I korta drag inneb\u00e4r det att en serie av olika kommandon ges och ber\u00e4ttar f\u00f6r RNG:n hur den ska g\u00f6ra. Algoritmerna \u00e4r matematiska ekvationer som \u00e4r mycket komplicerade, som gemene man inte alls har kunskaper om. Det finns f\u00f6retag som \u00e4r <a href=\"https:\/\/ecogra.org\/testing-inspection\/\" target=\"_blank\" rel=\"noreferrer noopener nofollow\">experter p\u00e5 algoritmer<\/a>. De har till uppdrag att ta sig en n\u00e4rmare titt p\u00e5 slumpgeneratorerna. Allt f\u00f6r att s\u00e4kerst\u00e4lla att det inte finns n\u00e5gra fel i algoritmen. S\u00e5 att RNG:n funkar som den ska och inte du inte blir lurad n\u00e4r du snurrar p\u00e5 slots. Svenska casinon p\u00e5 n\u00e4tet kontrolleras av en tredje part som har kunskaperna g\u00e4llande algoritm och hur slumpgeneratorer fungerar.<\/p>\n\n\n\n<p>I och med att casino sidor har en svensk spellicens, kommer Spelinspektionen (spelmyndigheten i v\u00e5rt land) att kontrollera dessa f\u00f6r att se om sajterna sk\u00f6ter sig som det ska. Att ditt spel blir r\u00e4ttvis med hj\u00e4lp av RNG, samt att de f\u00f6ljer de lagar och regler som g\u00e4ller f\u00f6r spel med riktiga pengar i Sverige. S\u00e5 l\u00e4nge ett casino p\u00e5 n\u00e4tet har en svensk licens kan du alltid k\u00e4nna dig trygg med att dina snurr p\u00e5 slots blir r\u00e4ttvisa och s\u00e4kra.<\/p>\n\n\n\n<p>Slutsats g\u00e4llande RNG<\/p>\n\n\n\n<p>F\u00f6r att du ska kunna spela p\u00e5 ett r\u00e4ttvist och tryggt s\u00e4tt, har s\u00e5ledes slumpgeneratorer skapats. D\u00e4rf\u00f6r kan du r\u00e4kna med att n\u00e4tcasinona erbjuder dig rent spel. N\u00e4r du b\u00f6rjar spela <a href=\"https:\/\/www.svenskacasino.co\/free-spins\/\" target=\"_blank\" rel=\"noreferrer noopener\">aktiverande free spins-erbjudanden<\/a>, det blir allts\u00e5 st\u00f6rt om\u00f6jligt att f\u00f6rs\u00f6ka sia om vilka symboler ska landa p\u00e5 spelplanen eller vilken av spelautomaterna kommer att betala ut en vinst. Detta tack vare att varje slot har en RNG. N\u00e4r du har koll p\u00e5 vad dessa algoritmer och vad slumpgeneratorerna betyder f\u00f6r ditt spelande p\u00e5 slots. S\u00e5 kan du k\u00e4nna dig trygg n\u00e4r du snurra loss p\u00e5 slots av olika slag.<\/p>\n\n\n\n<p>I och med att det finns en tredje part som \u00e4r neutrala som kontrollerar alla slumpgeneratorerna i casinospelen hos svenska spelsajter. Kan du vara helt hundra procent s\u00e4ker p\u00e5 att det inte fuskas hos n\u00e4tcasinona. Sj\u00e4lvklart s\u00e5 erbjuder inte spelsidor slumpgeneratorer bara f\u00f6r din skull. Utan \u00e4ven f\u00f6r sin egna s\u00e4kerhet. De vill ju inte l\u00e5ta spelare f\u00e5 chansen till att fuska, om de mot f\u00f6rmodan skulle hitta ett m\u00f6nster i spelautomaters utfall. F\u00f6r casinona vil sj\u00e4lvklart g\u00e5 med vinst. Om du \u00e4nd\u00e5 \u00e4r os\u00e4kert g\u00e4llande r\u00e4ttvist spel. S\u00e5 kan l\u00e4sa i casinonas villkor och hitta deras RGN certifikat. D\u00e4r hittar du ocks\u00e5 all information om spelsidans slumpgeneratorer och spellicens.&nbsp;<\/p>\n","protected":false},"excerpt":{"rendered":"<p>Hur algoritmer f\u00f6r slots p\u00e5 n\u00e4tet fungerar Har du n\u00e5gonsin st\u00e4llt dig fr\u00e5gan om&#8230;<\/p>\n","protected":false},"author":9,"featured_media":5063,"parent":4913,"menu_order":0,"comment_status":"closed","ping_status":"closed","template":"","meta":{"_acf_changed":false,"footnotes":""},"class_list":["post-5061","page","type-page","status-publish","has-post-thumbnail","hentry"],"acf":[],"yoast_head":"<!-- This site is optimized with the Yoast SEO plugin v27.0 - https:\/\/yoast.com\/product\/yoast-seo-wordpress\/ -->\n<title>Hur algoritmer f\u00f6r slots p\u00e5 n\u00e4tet fungerar - Cosmena<\/title>\n<meta name=\"robots\" content=\"index, follow, max-snippet:-1, max-image-preview:large, max-video-preview:-1\" \/>\n<link rel=\"canonical\" href=\"https:\/\/cosmena.com\/sv\/livsstil\/hur-algoritmer-for-slots-pa-natet-fungerar\/\" \/>\n<meta property=\"og:locale\" content=\"sv_SE\" \/>\n<meta property=\"og:type\" content=\"article\" \/>\n<meta property=\"og:title\" content=\"Hur algoritmer f\u00f6r slots p\u00e5 n\u00e4tet fungerar - Cosmena\" \/>\n<meta property=\"og:description\" content=\"Hur algoritmer f\u00f6r slots p\u00e5 n\u00e4tet fungerar Har du n\u00e5gonsin st\u00e4llt dig fr\u00e5gan om...\" \/>\n<meta property=\"og:url\" content=\"https:\/\/cosmena.com\/sv\/livsstil\/hur-algoritmer-for-slots-pa-natet-fungerar\/\" \/>\n<meta property=\"og:site_name\" content=\"Cosmena\" \/>\n<meta property=\"article:modified_time\" content=\"2024-08-02T11:58:27+00:00\" \/>\n<meta property=\"og:image\" content=\"https:\/\/cosmena.com\/wp-content\/uploads\/2024\/05\/7aa7e4f2-915a-4db3-9185-84f9f4138a29.jpeg\" \/>\n\t<meta property=\"og:image:width\" content=\"1024\" \/>\n\t<meta property=\"og:image:height\" content=\"1024\" \/>\n\t<meta property=\"og:image:type\" content=\"image\/jpeg\" \/>\n<meta name=\"twitter:card\" content=\"summary_large_image\" \/>\n<meta name=\"twitter:label1\" content=\"Ber\u00e4knad l\u00e4stid\" \/>\n\t<meta name=\"twitter:data1\" content=\"4 minuter\" \/>\n<!-- \/ Yoast SEO plugin. -->","yoast_head_json":{"title":"Hur algoritmer f\u00f6r slots p\u00e5 n\u00e4tet fungerar - Cosmena","robots":{"index":"index","follow":"follow","max-snippet":"max-snippet:-1","max-image-preview":"max-image-preview:large","max-video-preview":"max-video-preview:-1"},"canonical":"https:\/\/cosmena.com\/sv\/livsstil\/hur-algoritmer-for-slots-pa-natet-fungerar\/","og_locale":"sv_SE","og_type":"article","og_title":"Hur algoritmer f\u00f6r slots p\u00e5 n\u00e4tet fungerar - Cosmena","og_description":"Hur algoritmer f\u00f6r slots p\u00e5 n\u00e4tet fungerar Har du n\u00e5gonsin st\u00e4llt dig fr\u00e5gan om...","og_url":"https:\/\/cosmena.com\/sv\/livsstil\/hur-algoritmer-for-slots-pa-natet-fungerar\/","og_site_name":"Cosmena","article_modified_time":"2024-08-02T11:58:27+00:00","og_image":[{"width":1024,"height":1024,"url":"https:\/\/cosmena.com\/wp-content\/uploads\/2024\/05\/7aa7e4f2-915a-4db3-9185-84f9f4138a29.jpeg","type":"image\/jpeg"}],"twitter_card":"summary_large_image","twitter_misc":{"Ber\u00e4knad l\u00e4stid":"4 minuter"},"schema":{"@context":"https:\/\/schema.org","@graph":[{"@type":"WebPage","@id":"https:\/\/cosmena.com\/sv\/livsstil\/hur-algoritmer-for-slots-pa-natet-fungerar\/","url":"https:\/\/cosmena.com\/sv\/livsstil\/hur-algoritmer-for-slots-pa-natet-fungerar\/","name":"Hur algoritmer f\u00f6r slots p\u00e5 n\u00e4tet fungerar - Cosmena","isPartOf":{"@id":"https:\/\/cosmena.com\/sv\/#website"},"primaryImageOfPage":{"@id":"https:\/\/cosmena.com\/sv\/livsstil\/hur-algoritmer-for-slots-pa-natet-fungerar\/#primaryimage"},"image":{"@id":"https:\/\/cosmena.com\/sv\/livsstil\/hur-algoritmer-for-slots-pa-natet-fungerar\/#primaryimage"},"thumbnailUrl":"https:\/\/cosmena.com\/wp-content\/uploads\/2024\/05\/7aa7e4f2-915a-4db3-9185-84f9f4138a29.jpeg","datePublished":"2024-05-07T12:39:59+00:00","dateModified":"2024-08-02T11:58:27+00:00","breadcrumb":{"@id":"https:\/\/cosmena.com\/sv\/livsstil\/hur-algoritmer-for-slots-pa-natet-fungerar\/#breadcrumb"},"inLanguage":"sv-SE","potentialAction":[{"@type":"ReadAction","target":["https:\/\/cosmena.com\/sv\/livsstil\/hur-algoritmer-for-slots-pa-natet-fungerar\/"]}]},{"@type":"ImageObject","inLanguage":"sv-SE","@id":"https:\/\/cosmena.com\/sv\/livsstil\/hur-algoritmer-for-slots-pa-natet-fungerar\/#primaryimage","url":"https:\/\/cosmena.com\/wp-content\/uploads\/2024\/05\/7aa7e4f2-915a-4db3-9185-84f9f4138a29.jpeg","contentUrl":"https:\/\/cosmena.com\/wp-content\/uploads\/2024\/05\/7aa7e4f2-915a-4db3-9185-84f9f4138a29.jpeg","width":1024,"height":1024},{"@type":"BreadcrumbList","@id":"https:\/\/cosmena.com\/sv\/livsstil\/hur-algoritmer-for-slots-pa-natet-fungerar\/#breadcrumb","itemListElement":[{"@type":"ListItem","position":1,"name":"Home","item":"https:\/\/cosmena.com\/sv\/"},{"@type":"ListItem","position":2,"name":"Livsstil","item":"https:\/\/cosmena.com\/sv\/livsstil\/"},{"@type":"ListItem","position":3,"name":"Hur algoritmer f\u00f6r slots p\u00e5 n\u00e4tet fungerar"}]},{"@type":"WebSite","@id":"https:\/\/cosmena.com\/sv\/#website","url":"https:\/\/cosmena.com\/sv\/","name":"Cosmena","description":"Your extensive guide to cosmetic treatments","publisher":{"@id":"https:\/\/cosmena.com\/sv\/#organization"},"potentialAction":[{"@type":"SearchAction","target":{"@type":"EntryPoint","urlTemplate":"https:\/\/cosmena.com\/sv\/?s={search_term_string}"},"query-input":{"@type":"PropertyValueSpecification","valueRequired":true,"valueName":"search_term_string"}}],"inLanguage":"sv-SE"},{"@type":"Organization","@id":"https:\/\/cosmena.com\/sv\/#organization","name":"Cosmena","url":"https:\/\/cosmena.com\/sv\/","logo":{"@type":"ImageObject","inLanguage":"sv-SE","@id":"https:\/\/cosmena.com\/sv\/#\/schema\/logo\/image\/","url":"https:\/\/cosmena.com\/wp-content\/uploads\/2021\/06\/cosmena-logo-bw-1.1.png","contentUrl":"https:\/\/cosmena.com\/wp-content\/uploads\/2021\/06\/cosmena-logo-bw-1.1.png","width":600,"height":82,"caption":"Cosmena"},"image":{"@id":"https:\/\/cosmena.com\/sv\/#\/schema\/logo\/image\/"}}]}},"_links":{"self":[{"href":"https:\/\/cosmena.com\/sv\/wp-json\/wp\/v2\/pages\/5061","targetHints":{"allow":["GET"]}}],"collection":[{"href":"https:\/\/cosmena.com\/sv\/wp-json\/wp\/v2\/pages"}],"about":[{"href":"https:\/\/cosmena.com\/sv\/wp-json\/wp\/v2\/types\/page"}],"author":[{"embeddable":true,"href":"https:\/\/cosmena.com\/sv\/wp-json\/wp\/v2\/users\/9"}],"replies":[{"embeddable":true,"href":"https:\/\/cosmena.com\/sv\/wp-json\/wp\/v2\/comments?post=5061"}],"version-history":[{"count":2,"href":"https:\/\/cosmena.com\/sv\/wp-json\/wp\/v2\/pages\/5061\/revisions"}],"predecessor-version":[{"id":5260,"href":"https:\/\/cosmena.com\/sv\/wp-json\/wp\/v2\/pages\/5061\/revisions\/5260"}],"up":[{"embeddable":true,"href":"https:\/\/cosmena.com\/sv\/wp-json\/wp\/v2\/pages\/4913"}],"wp:featuredmedia":[{"embeddable":true,"href":"https:\/\/cosmena.com\/sv\/wp-json\/wp\/v2\/media\/5063"}],"wp:attachment":[{"href":"https:\/\/cosmena.com\/sv\/wp-json\/wp\/v2\/media?parent=5061"}],"curies":[{"name":"wp","href":"https:\/\/api.w.org\/{rel}","templated":true}]}}