{"id":5068,"date":"2024-05-15T08:41:14","date_gmt":"2024-05-15T06:41:14","guid":{"rendered":"https:\/\/cosmena.com\/?page_id=5068"},"modified":"2024-08-02T13:58:53","modified_gmt":"2024-08-02T11:58:53","slug":"kan-online-casinospel-vara-en-del-av-en-halsosam-livsstil","status":"publish","type":"page","link":"https:\/\/cosmena.com\/sv\/livsstil\/kan-online-casinospel-vara-en-del-av-en-halsosam-livsstil\/","title":{"rendered":"Kan online casinospel vara en del av en h\u00e4lsosam livsstil?"},"content":{"rendered":"\n<h1 class=\"wp-block-heading\">Kan online casinospel vara en del av en h\u00e4lsosam livsstil?<\/h1>\n\n\n\n<p>Att spela p\u00e5 online casinon har blivit en vanlig syssels\u00e4ttning bland m\u00e5nga svenskar, men m\u00e5nga undrar om det \u00e4ven kan vara en del av en h\u00e4lsosam livsstil. Det \u00e4r viktigt att de som \u00e4r intresserade av att spela online casinospel kan hitta en balans med andra aktiviteter f\u00f6r att s\u00e4kerst\u00e4lla ett h\u00e4lsosamt liv &#8211; h\u00e4r \u00e4r n\u00e5gra tips f\u00f6r att hitta balansen och hur spelare kan f\u00f6rs\u00e4kra sig om att spelandet inte tar upp mycket av deras fritid.<\/p>\n\n\n\n<h2 class=\"wp-block-heading\">Finns det h\u00e4lsosamma f\u00f6rdelar med att spela online casinospel?<\/h2>\n\n\n\n<p>F\u00f6r att kunna ha en h\u00e4lsosam inst\u00e4llning till online casinospel, \u00e4r det f\u00f6rst och fr\u00e4mst viktigt att spelare f\u00f6rst\u00e5r att det endast \u00e4r en form av underh\u00e5llning. M\u00e5nga spelare ser det som en underh\u00e5llande aktivitet som de kan syssels\u00e4tta sig med p\u00e5 sin fritid, men det \u00e4r viktigt att de ser till att det inte g\u00e5r \u00f6verstyr och p\u00e5verkar livet negativt. En del casinospel \u00e4r baserade p\u00e5 tur och slumpen, som till exempel spelautomater &#8211; dock finns det \u00e4ven en del casinospel som kr\u00e4ver strategiskt t\u00e4nkande, vilket m\u00e5nga spelare ser som en chans att tr\u00e4na hj\u00e4rnan.<\/p>\n\n\n\n<p>Online casinon ger dig en chans att testa p\u00e5 olika typer av casinospel eller betta p\u00e5 olika sporter fr\u00e5n dina mobila enheter, och n\u00e4r du har koll p\u00e5 att det endast \u00e4r en form av underh\u00e5llning kan du&nbsp;<a href=\"https:\/\/www.casumo.com\/sv\/\" target=\"_blank\" rel=\"noreferrer noopener\">b\u00f6rja ditt n\u00e4tkasino\u00e4ventyr h\u00e4r<\/a>&nbsp;och testa p\u00e5 olika typer av casinospel f\u00f6r att hitta dina favoriter. Dessutom blir allt fler casinospel, som till exempel m\u00f6jligheten att spela live casinospel, mer sociala och interaktiva \u00e4n tidigare &#8211; detta g\u00f6r att spelare \u00e4ven kan interagera och kontakta b\u00e5de dealern och andra spelare under tiden som de spelar live casinospelen.<\/p>\n\n\n\n<h2 class=\"wp-block-heading\">S\u00e5 kan du balansera casinospel med motion och h\u00e4lsa<\/h2>\n\n\n\n<p>F\u00f6r att spelare ska kunna ha en balanserad livsstil, \u00e4r det viktigt att kombinera online casinospelandet med motion och h\u00e4lsa. Spelare kan b\u00f6rja med att s\u00e4tta upp en tidsgr\u00e4ns f\u00f6r mycket tid de kan spendera p\u00e5 casinospel varje vecka eller m\u00e5nad, eftersom detta kan hj\u00e4lpa dem att ha b\u00e4ttre koll p\u00e5 sina spelvanor. Det kan \u00e4ven vara en bra id\u00e9 att inkludera regelbundna pauser under spelandets g\u00e5ng, d\u00e4r spelaren till exempel tar en promenad eller g\u00f6r n\u00e5got annat fysiskt, f\u00f6r att inte spendera f\u00f6r mycket tid framf\u00f6r online casinot.&nbsp;<\/p>\n\n\n\n<p>Det \u00e4r ocks\u00e5 viktigt att spelaren ser till att hitta en tr\u00e4ningsform som de tycker om, eftersom detta kan g\u00f6ra att de enklare beh\u00e5ller motivationen att uppr\u00e4tth\u00e5lla en h\u00e4lsosam livsstil. Det finns en m\u00e4ngd olika tr\u00e4ningsformer som spelare kan testa p\u00e5 f\u00f6r att hitta sina favoriter &#8211; n\u00e5gra popul\u00e4ra former inkluderar bland annat att springa, tr\u00e4na p\u00e5 gym eller simma. En&nbsp;<a href=\"https:\/\/cosmena.com\/sv\/kost\/\">balanserad kost<\/a>&nbsp;\u00e4r en annan viktig del, eftersom det ger den energi som spelaren beh\u00f6ver f\u00f6r att orka forts\u00e4tta tr\u00e4na regelbundet och kunna uppr\u00e4tth\u00e5lla en h\u00e4lsosam livsstil.<\/p>\n\n\n\n<h2 class=\"wp-block-heading\">Hur du kan utmana hj\u00e4rnan med strategiska online casinospel<\/h2>\n\n\n\n<p>M\u00e5nga spelare ser online casinospel som en chans att utmana hj\u00e4rnan, eftersom det finns en rad olika casinospel som kr\u00e4ver strategiskt t\u00e4nkande. En av de vanligaste strategiska casinospelen \u00e4r poker &#8211; poker \u00e4r ett spel som inte bara \u00e4r baserat p\u00e5 tur, utan ocks\u00e5 kr\u00e4ver en f\u00f6rm\u00e5ga att kunna l\u00e4sa av sina motst\u00e5ndare och planera sina n\u00e4sta drag. Bland annat g\u00f6r poker att spelare f\u00e5r tr\u00e4na p\u00e5 sitt minne och sin analytiska f\u00f6rm\u00e5ga, eftersom poker kr\u00e4ver en kombination av skicklighet och strategier f\u00f6r att kunna vinna \u00f6ver sina motst\u00e5ndare.<\/p>\n\n\n\n<p>Blackjack \u00e4r ett annat online casinospel som ocks\u00e5 utmanar hj\u00e4rnan p\u00e5 flera olika s\u00e4tt. Inom blackjack beh\u00f6ver spelaren kunna t\u00e4nka snabbt och r\u00e4kna kort, baserat p\u00e5 vilka kort spelaren har i handen och dealerns kort som \u00e4r synliga. Det finns flera online casinospel som utmanar hj\u00e4rnan och som kr\u00e4ver en viss strategi &#8211; dock \u00e4r det fortfarande viktigt att spelaren kommer ih\u00e5g att casinospel ocks\u00e5 \u00e4r baserade p\u00e5 slumpen och tur, vilket g\u00f6r att spelaren beh\u00f6ver forts\u00e4tta se casinospel som en underh\u00e5llningsform, \u00e4ven om de ocks\u00e5 kan tr\u00e4na hj\u00e4rnan.<\/p>\n\n\n\n<h2 class=\"wp-block-heading\">Vikten av att spela med m\u00e5tta<\/h2>\n\n\n\n<p>F\u00f6r att spelaren ska kunna ha en h\u00e4lsosam inst\u00e4llning till online casinospel, \u00e4r det viktigt att de spelar med m\u00e5tta.\u00a0Spelberoende\u00a0kan p\u00e5verka relationer, arbete och ekonomi p\u00e5 ett negativt s\u00e4tt och kan allm\u00e4nt leda till en oh\u00e4lsosam livsstil. Detta g\u00f6r att det \u00e4r viktigt att spelaren har koll p\u00e5 sina spelvanor och balanserar spelandet med h\u00e4lsosamma vanor i livet, som till exempel regelbunden tr\u00e4ning och andra intressen. Detta g\u00f6r att spelare kan spela p\u00e5 online casinon och samtidigt k\u00e4nna sig trygga med att de har en h\u00e4lsosam inst\u00e4llning till casinospel.<\/p>\n\n\n\n<p>M\u00e5nga som \u00e4r intresserade av online casinospel, undrar om det kan vara en del av en h\u00e4lsosam livsstil. Genom att spelare ser till att online casinospel endast \u00e4r en form av underh\u00e5llning, kan de till exempel testa p\u00e5 strategiska casinospel som utmanar hj\u00e4rnan hos svenska online casinon. Det \u00e4r viktigt att spelaren har koll p\u00e5 sina vanor och kombinerar spelandet med en tr\u00e4ningsform som de tycker \u00e4r motiverande och en balanserad kost &#8211; detta g\u00f6r att spelare kan forts\u00e4tta testa p\u00e5 nya online casinospel, utan att det beh\u00f6ver p\u00e5verka deras liv negativt.<\/p>\n","protected":false},"excerpt":{"rendered":"<p>Kan online casinospel vara en del av en h\u00e4lsosam livsstil? Att spela p\u00e5 online&#8230;<\/p>\n","protected":false},"author":9,"featured_media":5070,"parent":4913,"menu_order":0,"comment_status":"closed","ping_status":"closed","template":"","meta":{"_acf_changed":false,"footnotes":""},"class_list":["post-5068","page","type-page","status-publish","has-post-thumbnail","hentry"],"acf":[],"yoast_head":"<!-- This site is optimized with the Yoast SEO plugin v27.0 - https:\/\/yoast.com\/product\/yoast-seo-wordpress\/ -->\n<title>Kan online casinospel vara en del av en h\u00e4lsosam livsstil? - Cosmena<\/title>\n<meta name=\"robots\" content=\"index, follow, max-snippet:-1, max-image-preview:large, max-video-preview:-1\" \/>\n<link rel=\"canonical\" href=\"https:\/\/cosmena.com\/sv\/livsstil\/kan-online-casinospel-vara-en-del-av-en-halsosam-livsstil\/\" \/>\n<meta property=\"og:locale\" content=\"sv_SE\" \/>\n<meta property=\"og:type\" content=\"article\" \/>\n<meta property=\"og:title\" content=\"Kan online casinospel vara en del av en h\u00e4lsosam livsstil? - Cosmena\" \/>\n<meta property=\"og:description\" content=\"Kan online casinospel vara en del av en h\u00e4lsosam livsstil? Att spela p\u00e5 online...\" \/>\n<meta property=\"og:url\" content=\"https:\/\/cosmena.com\/sv\/livsstil\/kan-online-casinospel-vara-en-del-av-en-halsosam-livsstil\/\" \/>\n<meta property=\"og:site_name\" content=\"Cosmena\" \/>\n<meta property=\"article:modified_time\" content=\"2024-08-02T11:58:53+00:00\" \/>\n<meta property=\"og:image\" content=\"https:\/\/cosmena.com\/wp-content\/uploads\/2024\/05\/D6A896A4-23BC-44BB-BC15-B34F040428F1_1-scaled.jpg\" \/>\n\t<meta property=\"og:image:width\" content=\"1707\" \/>\n\t<meta property=\"og:image:height\" content=\"2560\" \/>\n\t<meta property=\"og:image:type\" content=\"image\/jpeg\" \/>\n<meta name=\"twitter:card\" content=\"summary_large_image\" \/>\n<meta name=\"twitter:label1\" content=\"Ber\u00e4knad l\u00e4stid\" \/>\n\t<meta name=\"twitter:data1\" content=\"5 minuter\" \/>\n<!-- \/ Yoast SEO plugin. -->","yoast_head_json":{"title":"Kan online casinospel vara en del av en h\u00e4lsosam livsstil? - Cosmena","robots":{"index":"index","follow":"follow","max-snippet":"max-snippet:-1","max-image-preview":"max-image-preview:large","max-video-preview":"max-video-preview:-1"},"canonical":"https:\/\/cosmena.com\/sv\/livsstil\/kan-online-casinospel-vara-en-del-av-en-halsosam-livsstil\/","og_locale":"sv_SE","og_type":"article","og_title":"Kan online casinospel vara en del av en h\u00e4lsosam livsstil? - Cosmena","og_description":"Kan online casinospel vara en del av en h\u00e4lsosam livsstil? Att spela p\u00e5 online...","og_url":"https:\/\/cosmena.com\/sv\/livsstil\/kan-online-casinospel-vara-en-del-av-en-halsosam-livsstil\/","og_site_name":"Cosmena","article_modified_time":"2024-08-02T11:58:53+00:00","og_image":[{"width":1707,"height":2560,"url":"https:\/\/cosmena.com\/wp-content\/uploads\/2024\/05\/D6A896A4-23BC-44BB-BC15-B34F040428F1_1-scaled.jpg","type":"image\/jpeg"}],"twitter_card":"summary_large_image","twitter_misc":{"Ber\u00e4knad l\u00e4stid":"5 minuter"},"schema":{"@context":"https:\/\/schema.org","@graph":[{"@type":"WebPage","@id":"https:\/\/cosmena.com\/sv\/livsstil\/kan-online-casinospel-vara-en-del-av-en-halsosam-livsstil\/","url":"https:\/\/cosmena.com\/sv\/livsstil\/kan-online-casinospel-vara-en-del-av-en-halsosam-livsstil\/","name":"Kan online casinospel vara en del av en h\u00e4lsosam livsstil? - Cosmena","isPartOf":{"@id":"https:\/\/cosmena.com\/sv\/#website"},"primaryImageOfPage":{"@id":"https:\/\/cosmena.com\/sv\/livsstil\/kan-online-casinospel-vara-en-del-av-en-halsosam-livsstil\/#primaryimage"},"image":{"@id":"https:\/\/cosmena.com\/sv\/livsstil\/kan-online-casinospel-vara-en-del-av-en-halsosam-livsstil\/#primaryimage"},"thumbnailUrl":"https:\/\/cosmena.com\/wp-content\/uploads\/2024\/05\/D6A896A4-23BC-44BB-BC15-B34F040428F1_1-scaled.jpg","datePublished":"2024-05-15T06:41:14+00:00","dateModified":"2024-08-02T11:58:53+00:00","breadcrumb":{"@id":"https:\/\/cosmena.com\/sv\/livsstil\/kan-online-casinospel-vara-en-del-av-en-halsosam-livsstil\/#breadcrumb"},"inLanguage":"sv-SE","potentialAction":[{"@type":"ReadAction","target":["https:\/\/cosmena.com\/sv\/livsstil\/kan-online-casinospel-vara-en-del-av-en-halsosam-livsstil\/"]}]},{"@type":"ImageObject","inLanguage":"sv-SE","@id":"https:\/\/cosmena.com\/sv\/livsstil\/kan-online-casinospel-vara-en-del-av-en-halsosam-livsstil\/#primaryimage","url":"https:\/\/cosmena.com\/wp-content\/uploads\/2024\/05\/D6A896A4-23BC-44BB-BC15-B34F040428F1_1-scaled.jpg","contentUrl":"https:\/\/cosmena.com\/wp-content\/uploads\/2024\/05\/D6A896A4-23BC-44BB-BC15-B34F040428F1_1-scaled.jpg","width":1707,"height":2560,"caption":"Kan online casinospel vara en del av en h\u00e4lsosam livsstil?"},{"@type":"BreadcrumbList","@id":"https:\/\/cosmena.com\/sv\/livsstil\/kan-online-casinospel-vara-en-del-av-en-halsosam-livsstil\/#breadcrumb","itemListElement":[{"@type":"ListItem","position":1,"name":"Home","item":"https:\/\/cosmena.com\/sv\/"},{"@type":"ListItem","position":2,"name":"Livsstil","item":"https:\/\/cosmena.com\/sv\/livsstil\/"},{"@type":"ListItem","position":3,"name":"Kan online casinospel vara en del av en h\u00e4lsosam livsstil?"}]},{"@type":"WebSite","@id":"https:\/\/cosmena.com\/sv\/#website","url":"https:\/\/cosmena.com\/sv\/","name":"Cosmena","description":"Your extensive guide to cosmetic treatments","publisher":{"@id":"https:\/\/cosmena.com\/sv\/#organization"},"potentialAction":[{"@type":"SearchAction","target":{"@type":"EntryPoint","urlTemplate":"https:\/\/cosmena.com\/sv\/?s={search_term_string}"},"query-input":{"@type":"PropertyValueSpecification","valueRequired":true,"valueName":"search_term_string"}}],"inLanguage":"sv-SE"},{"@type":"Organization","@id":"https:\/\/cosmena.com\/sv\/#organization","name":"Cosmena","url":"https:\/\/cosmena.com\/sv\/","logo":{"@type":"ImageObject","inLanguage":"sv-SE","@id":"https:\/\/cosmena.com\/sv\/#\/schema\/logo\/image\/","url":"https:\/\/cosmena.com\/wp-content\/uploads\/2021\/06\/cosmena-logo-bw-1.1.png","contentUrl":"https:\/\/cosmena.com\/wp-content\/uploads\/2021\/06\/cosmena-logo-bw-1.1.png","width":600,"height":82,"caption":"Cosmena"},"image":{"@id":"https:\/\/cosmena.com\/sv\/#\/schema\/logo\/image\/"}}]}},"_links":{"self":[{"href":"https:\/\/cosmena.com\/sv\/wp-json\/wp\/v2\/pages\/5068","targetHints":{"allow":["GET"]}}],"collection":[{"href":"https:\/\/cosmena.com\/sv\/wp-json\/wp\/v2\/pages"}],"about":[{"href":"https:\/\/cosmena.com\/sv\/wp-json\/wp\/v2\/types\/page"}],"author":[{"embeddable":true,"href":"https:\/\/cosmena.com\/sv\/wp-json\/wp\/v2\/users\/9"}],"replies":[{"embeddable":true,"href":"https:\/\/cosmena.com\/sv\/wp-json\/wp\/v2\/comments?post=5068"}],"version-history":[{"count":3,"href":"https:\/\/cosmena.com\/sv\/wp-json\/wp\/v2\/pages\/5068\/revisions"}],"predecessor-version":[{"id":5263,"href":"https:\/\/cosmena.com\/sv\/wp-json\/wp\/v2\/pages\/5068\/revisions\/5263"}],"up":[{"embeddable":true,"href":"https:\/\/cosmena.com\/sv\/wp-json\/wp\/v2\/pages\/4913"}],"wp:featuredmedia":[{"embeddable":true,"href":"https:\/\/cosmena.com\/sv\/wp-json\/wp\/v2\/media\/5070"}],"wp:attachment":[{"href":"https:\/\/cosmena.com\/sv\/wp-json\/wp\/v2\/media?parent=5068"}],"curies":[{"name":"wp","href":"https:\/\/api.w.org\/{rel}","templated":true}]}}