{"id":5078,"date":"2024-05-17T08:59:16","date_gmt":"2024-05-17T06:59:16","guid":{"rendered":"https:\/\/cosmena.com\/?page_id=5078"},"modified":"2024-05-17T08:59:17","modified_gmt":"2024-05-17T06:59:17","slug":"online-casinon-och-en-halsosam-livsstil-gar-de-att-kombinera","status":"publish","type":"page","link":"https:\/\/cosmena.com\/sv\/livsstil\/online-casinon-och-en-halsosam-livsstil-gar-de-att-kombinera\/","title":{"rendered":"Online casinon och en h\u00e4lsosam livsstil &#8211; g\u00e5r de att kombinera?"},"content":{"rendered":"\n<h1 class=\"wp-block-heading\">Online casinon och en h\u00e4lsosam livsstil &#8211; g\u00e5r de att kombinera?<\/h1>\n\n\n\n<figure class=\"wp-block-image size-large\"><img loading=\"lazy\" decoding=\"async\" width=\"1024\" height=\"683\" src=\"https:\/\/cosmena.com\/wp-content\/uploads\/2024\/05\/F570AD11-547A-4848-B8FD-7411B1CB491F_1-1024x683.jpg\" alt=\"\" class=\"wp-image-5079\" srcset=\"https:\/\/cosmena.com\/wp-content\/uploads\/2024\/05\/F570AD11-547A-4848-B8FD-7411B1CB491F_1-1024x683.jpg 1024w, https:\/\/cosmena.com\/wp-content\/uploads\/2024\/05\/F570AD11-547A-4848-B8FD-7411B1CB491F_1-300x200.jpg 300w, https:\/\/cosmena.com\/wp-content\/uploads\/2024\/05\/F570AD11-547A-4848-B8FD-7411B1CB491F_1-768x512.jpg 768w, https:\/\/cosmena.com\/wp-content\/uploads\/2024\/05\/F570AD11-547A-4848-B8FD-7411B1CB491F_1-1536x1024.jpg 1536w, https:\/\/cosmena.com\/wp-content\/uploads\/2024\/05\/F570AD11-547A-4848-B8FD-7411B1CB491F_1-2048x1365.jpg 2048w\" sizes=\"auto, (max-width: 1024px) 100vw, 1024px\" \/><\/figure>\n\n\n\n<p>Att kombinera sitt intresse f\u00f6r online casinon med en h\u00e4lsosam livsstil kan verka sv\u00e5rt, men med n\u00e5gra enkla riktlinjer \u00e4r det fullt m\u00f6jligt. Online casinospel har blivit en vanlig form av underh\u00e5llning f\u00f6r m\u00e5nga svenskar, och det \u00e4r inte sv\u00e5rt att f\u00f6rst\u00e5 varf\u00f6r. Det finns en m\u00e4ngd olika casinospel som passar f\u00f6r olika typer av spelare, men det \u00e4r viktigt att spelare g\u00f6r vad dem kan f\u00f6r att uppr\u00e4tth\u00e5lla en h\u00e4lsosam livsstil. Genom att f\u00f6lja n\u00e5gra enkla steg och h\u00e5lla koll p\u00e5 sitt spelande, \u00e4r det m\u00f6jligt att kombinera online casinon och samtidigt ha en sund livsstil.<\/p>\n\n\n\n<h2 class=\"wp-block-heading\">Balansera tiden mellan casinospelande och fysisk aktivitet<\/h2>\n\n\n\n<p>En av de viktigaste delarna f\u00f6r att s\u00e4kerst\u00e4lla en h\u00e4lsosam livsstil f\u00f6r online casinospelare, \u00e4r att balansera tiden mellan spelande och fysiskt aktivitet. Med den \u00f6kande tillg\u00e4ngligheten av online casinospel, som till exempel finns att hitta hos&nbsp;<a href=\"https:\/\/www.casinostugan.com\/sv\">Casinostugan casino<\/a>, har det blivit enklare \u00e4n n\u00e5gonsin att spela fr\u00e5n sina mobila enheter. Trots att det kan vara underh\u00e5llande, \u00e4r det viktigt att spelare \u00e4ven ser till att \u00e4gna sig \u00e5t fysiskt aktivitet mellan spelsessionerna f\u00f6r att inte fastna i casinospel i f\u00f6r m\u00e5nga timmar i str\u00e4ck. Fysisk aktivitet i vardagen \u00e4r viktigt av m\u00e5nga anledningar, till exempel kan det minska risken f\u00f6r att utveckla olika sjukdomar.<\/p>\n\n\n\n<p>N\u00e4r man tr\u00e4nar, frig\u00f6rs \u00e4ven endorfiner, vilket i sin tur kan hj\u00e4lpa till att minska stress och \u00e5ngest i vardagen. F\u00f6r att hitta balansen mellan online casinospelande och fysiskt aktivitet, kan det vara bra att s\u00e4tta upp ett schema som spelaren kan f\u00f6lja. Detta kan till exempel inkludera att s\u00e4tta upp m\u00e5l f\u00f6r varje dag eller vecka &#8211; antingen hur m\u00e5nga steg man ska g\u00e5 per dag, eller hur l\u00e5ng tid man ska spendera p\u00e5 tr\u00e4ning i veckan. Det \u00e4r viktigt att spelaren hittar en tr\u00e4ningsform som passar dem, oavsett om det \u00e4r att tr\u00e4na p\u00e5 gym eller g\u00f6ra enklare \u00f6vningar i hemmet &#8211; detta g\u00f6r att spelaren enklare kan balansera tiden och uppr\u00e4tth\u00e5lla en h\u00e4lsosam livsstil.<\/p>\n\n\n\n<h2 class=\"wp-block-heading\">S\u00e4tt gr\u00e4nser f\u00f6r ditt casinospelande och se till att f\u00f6lja dem<\/h2>\n\n\n\n<p>F\u00f6r att uppr\u00e4tth\u00e5lla en h\u00e4lsosam livsstil f\u00f6r online casinospelare, \u00e4r det viktigt att de s\u00e4tter upp gr\u00e4nser f\u00f6r spelandet och ser till att f\u00f6lja dem. Alla online casinon i Sverige beh\u00f6ver f\u00f6lja flera lagar och regler f\u00f6r att p\u00e5 olika s\u00e4tt fr\u00e4mja ansvarsfullt spelande, d\u00e4r en av dessa regler inneb\u00e4r att online casinot beh\u00f6ver&nbsp;<a href=\"https:\/\/www.folkhalsomyndigheten.se\/spelprevention\/om-spelproblem\/spelreglering\/\">erbjuda spelgr\u00e4nser<\/a>, som inneb\u00e4r att spelaren sj\u00e4lv beh\u00f6ver ange maxgr\u00e4nser f\u00f6r insatser i tid och pengar. Dessutom beh\u00f6ver online casinon i Sverige tillhandah\u00e5lla olika verktyg f\u00f6r att spelare ska kunna st\u00e4nga av sig sj\u00e4lva fr\u00e5n online casinospel, ifall de upplever att det b\u00f6rjar ta upp f\u00f6r mycket av deras fritid eller har andra konsekvenser.<\/p>\n\n\n\n<p>Genom att spelaren ser till att s\u00e4tta upp en tidsgr\u00e4ns, kan de enklare h\u00e5lla koll p\u00e5 hur mycket tid de spenderar p\u00e5 online casinospel. Detta g\u00f6r att de kan s\u00e4kerst\u00e4lla att de uppr\u00e4tth\u00e5ller en sund inst\u00e4llning till online casinospel, d\u00e4r de minskar risken f\u00f6r att utveckla spelproblematik. Det \u00e4r ocks\u00e5 viktigt att spelaren forts\u00e4tter att utv\u00e4rdera sin tidsgr\u00e4ns f\u00f6r att se till att den fortfarande \u00e4r realistisk &#8211; om de till exempel k\u00e4nner att tidsgr\u00e4nsen fortfarande p\u00e5verkar f\u00f6r mycket av andra delar av livet, \u00e4r det viktigt att de minskar tidsgr\u00e4nsen f\u00f6r att b\u00e4ttre passa in i vardagen. Tidsgr\u00e4nser \u00e4r en viktig del f\u00f6r att spela ansvarsfullt och uppr\u00e4tth\u00e5lla en h\u00e4lsosam livsstil.<\/p>\n\n\n\n<h2 class=\"wp-block-heading\">Prioritera h\u00e4lsosam kost och regelbunden s\u00f6mn<\/h2>\n\n\n\n<p>Att prioritera h\u00e4lsosam kost och regelbunden s\u00f6mn \u00e4r tv\u00e5 viktiga delar f\u00f6r att kunna spela online casinospel p\u00e5 ett h\u00e4lsosamt s\u00e4tt. Genom att spelaren g\u00f6r medvetna val n\u00e4r det kommer till mat och s\u00f6mnvanor, kan de ge kroppen de n\u00f6dv\u00e4ndiga n\u00e4rings\u00e4mnena och \u00e5terh\u00e4mtning den beh\u00f6ver f\u00f6r att fungera och orka r\u00f6ra p\u00e5 sig. En h\u00e4lsosam kost inneb\u00e4r att man v\u00e4ljer att \u00e4ta en balanserad m\u00e5ltid med en variation av n\u00e4ringsrika livsmedel. Detta inneb\u00e4r att man inte endast fokuserar p\u00e5 kaloriinneh\u00e5llet, utan ocks\u00e5 l\u00e4r sig om hur de olika kalorierna p\u00e5verkar kroppens h\u00e4lsa och vilka \u00e4mnen som \u00e4r viktiga att f\u00e5 i sig, s\u00e4rskilt f\u00f6r att orka med fysisk aktivitet i vardagen.<\/p>\n\n\n\n<p>En balanserad kost b\u00f6r till exempel inkludera en m\u00e4ngd olika gr\u00f6nsaker, frukt, fullkornsprodukter, protein och&nbsp;<a href=\"https:\/\/cosmena.com\/sv\/kost\/fetter\/\">h\u00e4lsosamma fetter<\/a>&nbsp;i den dagliga kosten f\u00f6r att s\u00e4kerst\u00e4lla att man f\u00e5r i sig alla \u00e4mnen som kroppen beh\u00f6ver. Regelbunden s\u00f6mn \u00e4r en annan viktig del f\u00f6r att uppr\u00e4tth\u00e5lla h\u00e4lsa och v\u00e4lbefinnande. S\u00f6mn ger kroppen tid att \u00e5terh\u00e4mta sig, och det \u00e4r viktigt att str\u00e4va efter att f\u00e5 tillr\u00e4ckligt med s\u00f6mn varje natt och att skapa en s\u00f6mnrutin som hj\u00e4lper kroppen att varva ner och \u00e5terh\u00e4mta sig. Genom en h\u00e4lsosam kost och regelbunden s\u00f6mn, kan online casinospelare se till att de minskar riskerna f\u00f6r att f\u00e5 negativa konsekvenser n\u00e4r de spelar p\u00e5 online casinon.<\/p>\n\n\n\n<h2 class=\"wp-block-heading\">Testa p\u00e5 nya fysiska aktiviteter f\u00f6r att beh\u00e5lla motivationen<\/h2>\n\n\n\n<p>F\u00f6r att online casinospelare ska beh\u00e5lla motivationen att tr\u00e4na regelbundet, kan det vara en bra id\u00e9 att testa p\u00e5 nya fysiska aktiviteter. Genom att spelare ser till att utmana sig sj\u00e4lva med nya former av tr\u00e4ning, kan de \u00e4ven uppt\u00e4cka andra intressen ut\u00f6ver att spela p\u00e5 online casinon. H\u00e4r \u00e4r n\u00e5gra exempel p\u00e5 fysiska aktiviteter som kan hj\u00e4lpa till att beh\u00e5lla motivationen:<\/p>\n\n\n\n<h3 class=\"wp-block-heading\">Styrketr\u00e4ning<\/h3>\n\n\n\n<p>Styrketr\u00e4ning \u00e4r en tr\u00e4ningsform som fokuserar p\u00e5 att \u00f6ka muskelstyrkan i kroppen och f\u00f6rb\u00e4ttra prestationen. Genom att anv\u00e4nda olika vikter och motst\u00e5nd, kan man bland annat \u00f6ka muskelmassan och f\u00f6rb\u00e4ttra kroppsh\u00e5llningen &#8211; n\u00e5gra av de vanligaste formerna av styrketr\u00e4ning inkluderar anv\u00e4ndning av fria vikter, maskiner och kroppsvikts\u00f6vningar. F\u00f6r att spelare ska f\u00e5 b\u00e4st resultat av styrketr\u00e4ning, \u00e4r det viktigt att de har en balanserad tr\u00e4ningsrutin som innefattar tr\u00e4ning av olika muskelgrupper.<\/p>\n\n\n\n<h3 class=\"wp-block-heading\">Yoga<\/h3>\n\n\n\n<p>Yoga \u00e4r en tr\u00e4ningsform som inneh\u00e5ller en kombination av fysiska \u00f6vningar, andnings\u00f6vningar, meditation och mindfulness f\u00f6r att fr\u00e4mja h\u00e4lsa och v\u00e4lbefinnande. \u00d6vningarna syftar till att st\u00e4rka kroppen, \u00f6ka r\u00f6rligheten och balansen samt f\u00f6rb\u00e4ttra kroppsh\u00e5llningen &#8211; dessutom kan olika yogapositioner st\u00e4rka musklerna, \u00f6ka flexibiliteten och minska sp\u00e4nningar i kroppen. Yoga \u00e4r en fysisk aktivitet som har blivit allt vanligare under de senaste \u00e5ren, och g\u00f6r att spelare kan bibeh\u00e5lla en h\u00e4lsosam livsstil.&nbsp;<\/p>\n\n\n\n<h3 class=\"wp-block-heading\">L\u00f6pning<\/h3>\n\n\n\n<p>L\u00f6pning r\u00e4knas som en av de vanligaste tr\u00e4ningsformerna, eftersom det passar f\u00f6r alla. Att g\u00e5 ut och springa \u00e4r n\u00e5got som inte bara \u00e4r bra den fysiska h\u00e4lsan, utan ocks\u00e5 f\u00f6r den mentala &#8211; l\u00f6pning kan till exempel minska stress, f\u00f6rb\u00e4ttra hum\u00f6ret och samtidigt \u00f6ka v\u00e4lm\u00e5endet. Dessutom kan l\u00f6pning bidra till att f\u00f6rb\u00e4ttra kondition, styrka och uth\u00e5llighet. L\u00f6pning \u00e4r en av m\u00e5nga olika tr\u00e4ningsformer som online casinospelare kan testa p\u00e5 f\u00f6r att beh\u00e5lla motivationen uppe och ha en h\u00e4lsosam inst\u00e4llning till casinospel.<\/p>\n\n\n\n<h2 class=\"wp-block-heading\">Ta regelbundna pauser fr\u00e5n sk\u00e4rmtid och casinospel<\/h2>\n\n\n\n<p>Att ta regelbundna pauser fr\u00e5n sk\u00e4rmtid och online casinospel \u00e4r avg\u00f6rande f\u00f6r att spelare ska bibeh\u00e5lla en h\u00e4lsosam livsstil. Att vara beroende av sk\u00e4rmar och onlinespel kan ha negativa effekter p\u00e5 det fysiska och mentala v\u00e4lm\u00e5endet &#8211; till exempel kan f\u00f6r mycket exponering av&nbsp;<a href=\"https:\/\/svenskarnaochinternet.se\/rapporter\/svenskarna-och-internet-2023\/anvandning-av-internet-och-utanforskap\/\">sk\u00e4rmar leda till utanf\u00f6rskap<\/a>&nbsp;och \u00e4ven g\u00f6ra att spelare f\u00e5r \u00f6gonbesv\u00e4r, huvudv\u00e4rk, s\u00f6mnproblem och andra fysiska besv\u00e4r. Att ta regelbundna pauser f\u00f6r att g\u00f6ra n\u00e5got avkopplande, till exempel genom att ta en promenad eller str\u00e4cka p\u00e5 benen, kan enklare g\u00f6ra att spelare kan fr\u00e4mja en mer h\u00e4lsosam livsstil och minska riskerna f\u00f6r att f\u00e5 negativa konsekvenser av sitt online casinospelande.<\/p>\n\n\n\n<p>Exponering av f\u00f6r mycket sk\u00e4rmar kan ocks\u00e5 p\u00e5verka den mentala h\u00e4lsan, genom att det kan \u00f6ka stressniv\u00e5erna och samtidigt minska f\u00f6rm\u00e5gan koppla av och varva ner i vardagen. Genom att online casinospelare ser till att skapa en balanserad livsstil som inkluderar tid f\u00f6r fysisk aktivitet, avkoppling och sociala interaktioner, kan de fr\u00e4mja sitt v\u00e4lbefinnande och m\u00e5 b\u00e4ttre b\u00e5de fysiskt och mentalt. Det \u00e4r fullt m\u00f6jligt att forts\u00e4tta ha online casinospel som ett fritidsintresse och en form av underh\u00e5llning, men det \u00e4r viktigt att spelaren tar till en del \u00e5tg\u00e4rder f\u00f6r att se till att g\u00f6ra det p\u00e5 ett ansvarsfullt s\u00e4tt &#8211; detta inkluderar bland annat att ta regelbundna pauser.<\/p>\n\n\n\n<h2 class=\"wp-block-heading\">Se online casinospel som en underh\u00e5llningsform<\/h2>\n\n\n\n<p>Sedan \u00e4r det ocks\u00e5 viktigt att spelare ser till att de kan se online casinospel som en underh\u00e5llningsform, och inte ett s\u00e4tt att f\u00f6rs\u00f6ka tj\u00e4na pengar. Genom att spelare ser \u00f6ver sin ekonomi, kan de enklare g\u00f6ra upp en budget som \u00e4r till\u00e4gnad \u00e5t online casinospel som de kan f\u00f6rh\u00e5lla sig till. Detta g\u00f6r att spelare minskar risken f\u00f6r att de spenderar mer pengar p\u00e5 online casinospel \u00e4n vad de har r\u00e5d med. Precis som med spelgr\u00e4nser, \u00e4r det viktigt att de forts\u00e4tter att utv\u00e4rdera sin spelbudget f\u00f6r att s\u00e4kerst\u00e4lla att den fortfarande \u00e4r rimlig och h\u00e5llbar. Summan som spelaren s\u00e4tter upp, b\u00f6r vara en summa som inte p\u00e5verkar spelarens ekonomi p\u00e5 ett negativt s\u00e4tt vid f\u00f6rluster.<\/p>\n\n\n\n<p>Genom att spelare ser till att ta till sig av n\u00e5gra viktiga delar, \u00e4r det fullt m\u00f6jligt att kombinera online casinospel med en h\u00e4lsosam livsstil. Det \u00e4r bland annat viktigt att spelare ser till att hitta en balans mellan casinospel och fysisk aktivitet &#8211; genom att de testar p\u00e5 nya spelformer, kan de enklare hitta en aktivitet som f\u00e5r dem att beh\u00e5lla motivationen. Att s\u00e4tta gr\u00e4nser, prioritera h\u00e4lsosam kost och regelbunden s\u00f6mn tillsammans med att ta pauser fr\u00e5n sk\u00e4rmtid, \u00e4r andra viktiga delar f\u00f6r en h\u00e4lsosam livsstil. Dessa delar kan g\u00f6ra att spelare kan forts\u00e4tta spela p\u00e5 online casinon som en form av underh\u00e5llning, och samtidigt beh\u00e5lla en sund inst\u00e4llning till casinospel.<\/p>\n","protected":false},"excerpt":{"rendered":"<p>Online casinon och en h\u00e4lsosam livsstil &#8211; g\u00e5r de att kombinera? Att kombinera sitt&#8230;<\/p>\n","protected":false},"author":9,"featured_media":5079,"parent":4913,"menu_order":0,"comment_status":"closed","ping_status":"closed","template":"","meta":{"_acf_changed":false,"footnotes":""},"class_list":["post-5078","page","type-page","status-publish","has-post-thumbnail","hentry"],"acf":[],"yoast_head":"<!-- This site is optimized with the Yoast SEO plugin v27.0 - https:\/\/yoast.com\/product\/yoast-seo-wordpress\/ -->\n<title>Online casinon och en h\u00e4lsosam livsstil - g\u00e5r de att kombinera? - Cosmena<\/title>\n<meta name=\"robots\" content=\"index, follow, max-snippet:-1, max-image-preview:large, max-video-preview:-1\" \/>\n<link rel=\"canonical\" href=\"https:\/\/cosmena.com\/sv\/livsstil\/online-casinon-och-en-halsosam-livsstil-gar-de-att-kombinera\/\" \/>\n<meta property=\"og:locale\" content=\"sv_SE\" \/>\n<meta property=\"og:type\" content=\"article\" \/>\n<meta property=\"og:title\" content=\"Online casinon och en h\u00e4lsosam livsstil - g\u00e5r de att kombinera? - Cosmena\" \/>\n<meta property=\"og:description\" content=\"Online casinon och en h\u00e4lsosam livsstil &#8211; g\u00e5r de att kombinera? Att kombinera sitt...\" \/>\n<meta property=\"og:url\" content=\"https:\/\/cosmena.com\/sv\/livsstil\/online-casinon-och-en-halsosam-livsstil-gar-de-att-kombinera\/\" \/>\n<meta property=\"og:site_name\" content=\"Cosmena\" \/>\n<meta property=\"article:modified_time\" content=\"2024-05-17T06:59:17+00:00\" \/>\n<meta property=\"og:image\" content=\"https:\/\/cosmena.com\/wp-content\/uploads\/2024\/05\/F570AD11-547A-4848-B8FD-7411B1CB491F_1-scaled.jpg\" \/>\n\t<meta property=\"og:image:width\" content=\"2560\" \/>\n\t<meta property=\"og:image:height\" content=\"1706\" \/>\n\t<meta property=\"og:image:type\" content=\"image\/jpeg\" \/>\n<meta name=\"twitter:card\" content=\"summary_large_image\" \/>\n<meta name=\"twitter:label1\" content=\"Ber\u00e4knad l\u00e4stid\" \/>\n\t<meta name=\"twitter:data1\" content=\"9 minuter\" \/>\n<!-- \/ Yoast SEO plugin. -->","yoast_head_json":{"title":"Online casinon och en h\u00e4lsosam livsstil - g\u00e5r de att kombinera? - Cosmena","robots":{"index":"index","follow":"follow","max-snippet":"max-snippet:-1","max-image-preview":"max-image-preview:large","max-video-preview":"max-video-preview:-1"},"canonical":"https:\/\/cosmena.com\/sv\/livsstil\/online-casinon-och-en-halsosam-livsstil-gar-de-att-kombinera\/","og_locale":"sv_SE","og_type":"article","og_title":"Online casinon och en h\u00e4lsosam livsstil - g\u00e5r de att kombinera? - Cosmena","og_description":"Online casinon och en h\u00e4lsosam livsstil &#8211; g\u00e5r de att kombinera? Att kombinera sitt...","og_url":"https:\/\/cosmena.com\/sv\/livsstil\/online-casinon-och-en-halsosam-livsstil-gar-de-att-kombinera\/","og_site_name":"Cosmena","article_modified_time":"2024-05-17T06:59:17+00:00","og_image":[{"width":2560,"height":1706,"url":"https:\/\/cosmena.com\/wp-content\/uploads\/2024\/05\/F570AD11-547A-4848-B8FD-7411B1CB491F_1-scaled.jpg","type":"image\/jpeg"}],"twitter_card":"summary_large_image","twitter_misc":{"Ber\u00e4knad l\u00e4stid":"9 minuter"},"schema":{"@context":"https:\/\/schema.org","@graph":[{"@type":"WebPage","@id":"https:\/\/cosmena.com\/sv\/livsstil\/online-casinon-och-en-halsosam-livsstil-gar-de-att-kombinera\/","url":"https:\/\/cosmena.com\/sv\/livsstil\/online-casinon-och-en-halsosam-livsstil-gar-de-att-kombinera\/","name":"Online casinon och en h\u00e4lsosam livsstil - g\u00e5r de att kombinera? - Cosmena","isPartOf":{"@id":"https:\/\/cosmena.com\/sv\/#website"},"primaryImageOfPage":{"@id":"https:\/\/cosmena.com\/sv\/livsstil\/online-casinon-och-en-halsosam-livsstil-gar-de-att-kombinera\/#primaryimage"},"image":{"@id":"https:\/\/cosmena.com\/sv\/livsstil\/online-casinon-och-en-halsosam-livsstil-gar-de-att-kombinera\/#primaryimage"},"thumbnailUrl":"https:\/\/cosmena.com\/wp-content\/uploads\/2024\/05\/F570AD11-547A-4848-B8FD-7411B1CB491F_1-scaled.jpg","datePublished":"2024-05-17T06:59:16+00:00","dateModified":"2024-05-17T06:59:17+00:00","breadcrumb":{"@id":"https:\/\/cosmena.com\/sv\/livsstil\/online-casinon-och-en-halsosam-livsstil-gar-de-att-kombinera\/#breadcrumb"},"inLanguage":"sv-SE","potentialAction":[{"@type":"ReadAction","target":["https:\/\/cosmena.com\/sv\/livsstil\/online-casinon-och-en-halsosam-livsstil-gar-de-att-kombinera\/"]}]},{"@type":"ImageObject","inLanguage":"sv-SE","@id":"https:\/\/cosmena.com\/sv\/livsstil\/online-casinon-och-en-halsosam-livsstil-gar-de-att-kombinera\/#primaryimage","url":"https:\/\/cosmena.com\/wp-content\/uploads\/2024\/05\/F570AD11-547A-4848-B8FD-7411B1CB491F_1-scaled.jpg","contentUrl":"https:\/\/cosmena.com\/wp-content\/uploads\/2024\/05\/F570AD11-547A-4848-B8FD-7411B1CB491F_1-scaled.jpg","width":2560,"height":1706},{"@type":"BreadcrumbList","@id":"https:\/\/cosmena.com\/sv\/livsstil\/online-casinon-och-en-halsosam-livsstil-gar-de-att-kombinera\/#breadcrumb","itemListElement":[{"@type":"ListItem","position":1,"name":"Home","item":"https:\/\/cosmena.com\/sv\/"},{"@type":"ListItem","position":2,"name":"Livsstil","item":"https:\/\/cosmena.com\/sv\/livsstil\/"},{"@type":"ListItem","position":3,"name":"Online casinon och en h\u00e4lsosam livsstil &#8211; g\u00e5r de att kombinera?"}]},{"@type":"WebSite","@id":"https:\/\/cosmena.com\/sv\/#website","url":"https:\/\/cosmena.com\/sv\/","name":"Cosmena","description":"Your extensive guide to cosmetic treatments","publisher":{"@id":"https:\/\/cosmena.com\/sv\/#organization"},"potentialAction":[{"@type":"SearchAction","target":{"@type":"EntryPoint","urlTemplate":"https:\/\/cosmena.com\/sv\/?s={search_term_string}"},"query-input":{"@type":"PropertyValueSpecification","valueRequired":true,"valueName":"search_term_string"}}],"inLanguage":"sv-SE"},{"@type":"Organization","@id":"https:\/\/cosmena.com\/sv\/#organization","name":"Cosmena","url":"https:\/\/cosmena.com\/sv\/","logo":{"@type":"ImageObject","inLanguage":"sv-SE","@id":"https:\/\/cosmena.com\/sv\/#\/schema\/logo\/image\/","url":"https:\/\/cosmena.com\/wp-content\/uploads\/2021\/06\/cosmena-logo-bw-1.1.png","contentUrl":"https:\/\/cosmena.com\/wp-content\/uploads\/2021\/06\/cosmena-logo-bw-1.1.png","width":600,"height":82,"caption":"Cosmena"},"image":{"@id":"https:\/\/cosmena.com\/sv\/#\/schema\/logo\/image\/"}}]}},"_links":{"self":[{"href":"https:\/\/cosmena.com\/sv\/wp-json\/wp\/v2\/pages\/5078","targetHints":{"allow":["GET"]}}],"collection":[{"href":"https:\/\/cosmena.com\/sv\/wp-json\/wp\/v2\/pages"}],"about":[{"href":"https:\/\/cosmena.com\/sv\/wp-json\/wp\/v2\/types\/page"}],"author":[{"embeddable":true,"href":"https:\/\/cosmena.com\/sv\/wp-json\/wp\/v2\/users\/9"}],"replies":[{"embeddable":true,"href":"https:\/\/cosmena.com\/sv\/wp-json\/wp\/v2\/comments?post=5078"}],"version-history":[{"count":2,"href":"https:\/\/cosmena.com\/sv\/wp-json\/wp\/v2\/pages\/5078\/revisions"}],"predecessor-version":[{"id":5082,"href":"https:\/\/cosmena.com\/sv\/wp-json\/wp\/v2\/pages\/5078\/revisions\/5082"}],"up":[{"embeddable":true,"href":"https:\/\/cosmena.com\/sv\/wp-json\/wp\/v2\/pages\/4913"}],"wp:featuredmedia":[{"embeddable":true,"href":"https:\/\/cosmena.com\/sv\/wp-json\/wp\/v2\/media\/5079"}],"wp:attachment":[{"href":"https:\/\/cosmena.com\/sv\/wp-json\/wp\/v2\/media?parent=5078"}],"curies":[{"name":"wp","href":"https:\/\/api.w.org\/{rel}","templated":true}]}}