{"id":5084,"date":"2024-05-20T14:30:42","date_gmt":"2024-05-20T12:30:42","guid":{"rendered":"https:\/\/cosmena.com\/?page_id=5084"},"modified":"2024-05-20T14:35:36","modified_gmt":"2024-05-20T12:35:36","slug":"spela-sakert-och-skydda-din-kropp-nar-du-njuter-av-online-casino","status":"publish","type":"page","link":"https:\/\/cosmena.com\/sv\/livsstil\/spela-sakert-och-skydda-din-kropp-nar-du-njuter-av-online-casino\/","title":{"rendered":"Spela s\u00e4kert och skydda din kropp n\u00e4r du njuter av online casino"},"content":{"rendered":"\n<h1 class=\"wp-block-heading\">Spela s\u00e4kert och skydda din kropp n\u00e4r du njuter av online casino<\/h1>\n\n\n\n<figure class=\"wp-block-image size-large\"><img loading=\"lazy\" decoding=\"async\" width=\"1024\" height=\"683\" src=\"https:\/\/cosmena.com\/wp-content\/uploads\/2024\/05\/5CB1E33D-176D-4D22-8B95-AC2AC17EAB53_1-1-1024x683.jpg\" alt=\"Spela s\u00e4kert och skydda din kropp n\u00e4r du njuter av online casino\" class=\"wp-image-5085\" srcset=\"https:\/\/cosmena.com\/wp-content\/uploads\/2024\/05\/5CB1E33D-176D-4D22-8B95-AC2AC17EAB53_1-1-1024x683.jpg 1024w, https:\/\/cosmena.com\/wp-content\/uploads\/2024\/05\/5CB1E33D-176D-4D22-8B95-AC2AC17EAB53_1-1-300x200.jpg 300w, https:\/\/cosmena.com\/wp-content\/uploads\/2024\/05\/5CB1E33D-176D-4D22-8B95-AC2AC17EAB53_1-1-768x512.jpg 768w, https:\/\/cosmena.com\/wp-content\/uploads\/2024\/05\/5CB1E33D-176D-4D22-8B95-AC2AC17EAB53_1-1-1536x1024.jpg 1536w, https:\/\/cosmena.com\/wp-content\/uploads\/2024\/05\/5CB1E33D-176D-4D22-8B95-AC2AC17EAB53_1-1-2048x1366.jpg 2048w\" sizes=\"auto, (max-width: 1024px) 100vw, 1024px\" \/><\/figure>\n\n\n\n<p>Casinospel p\u00e5 internet kan vara en mycket sp\u00e4nnande och underh\u00e5llande aktivitet men det \u00e4r viktigt att du skyddar din kropp n\u00e4r du spelar spel fr\u00e5n din smartphone. Precis som med alla digitala n\u00f6jen s\u00e5 \u00e4r det ett m\u00e5ste att t\u00e4nka p\u00e5 h\u00e5llningen n\u00e4r du sitter med din smartphone, f\u00f6r att undvika slitage p\u00e5 kroppen. N\u00e4r du spelar underh\u00e5llande casinospel hos&nbsp;<a href=\"https:\/\/www.snabbare.com\/sv\" target=\"_blank\" rel=\"noreferrer noopener\">Snabbare.com<\/a>&nbsp;\u00e4r det l\u00e4tt att du gl\u00f6mmer bort att t\u00e4nka p\u00e5 din h\u00e5llning f\u00f6r att skydda din rygg och dina axlar. I denna artikel kommer vi ta en n\u00e4rmare titt p\u00e5 hur du skyddar din kropp p\u00e5 b\u00e4sta s\u00e4tt n\u00e4r du spelar casinospel fr\u00e5n din mobiltelefon.&nbsp;<\/p>\n\n\n\n<h2 class=\"wp-block-heading\">Skydda din kropp n\u00e4r du spelar casino fr\u00e5n mobilen<\/h2>\n\n\n\n<p>Att spela casino fr\u00e5n mobilen erbjuder en o\u00f6vertr\u00e4ffad bekv\u00e4mlighet och frihet, men trots bekv\u00e4mligheten som mobilspelandet ger s\u00e5 \u00e4r det ocks\u00e5 viktigt att t\u00e4nka p\u00e5 hur det kan p\u00e5verka din kropp. L\u00e5nga tider av spelande p\u00e5 en mobiltelefon kan leda till en fysiska besv\u00e4r om du inte tar hand om dig sj\u00e4lv p\u00e5 r\u00e4tt s\u00e4tt. Till exempel kan du&nbsp;<a href=\"https:\/\/www.svd.se\/a\/923e9bcc-0a05-3f51-98c1-fbf9951b8f1e\/ny-teknik-ger-nya-ergonomiproblem\" target=\"_blank\" rel=\"noreferrer noopener nofollow\">f\u00f6rebygga<\/a>&nbsp;problem genom att vara medveten om din kroppsh\u00e5llning och \u00e4ven ta pauser d\u00e5 och d\u00e5, s\u00e5 kan du njuta av ditt spelande p\u00e5 b\u00e4sta s\u00e4tt. Du b\u00f6r alltid vara medveten om din h\u00e5llning n\u00e4r du sitter med din smartphone. F\u00f6rs\u00f6k h\u00e5lla mobilen i \u00f6gonh\u00f6jd s\u00e5 att du inte beh\u00f6ver b\u00f6rja nacken s\u00e5 mycket. Om du sitter ner s\u00e5 kan du anv\u00e4nda en stol och se till att dina f\u00f6tter \u00e4r placerade p\u00e5 golvet.&nbsp;<\/p>\n\n\n\n<p>Att t\u00e4nka p\u00e5 att inte sitta i samma position f\u00f6r l\u00e4nge \u00e4r bra f\u00f6r att undvika obehag. Du kan ocks\u00e5 t\u00e4nka p\u00e5 att f\u00f6rs\u00f6ka minska belastningen p\u00e5 dina h\u00e4nder och handleder. Det kan du g\u00f6ra genom att byta grepp ofta och inte sp\u00e4nna h\u00e4nderna f\u00f6r h\u00e5rt. Genom att ta enkla men effektiva steg f\u00f6r att f\u00f6rebygga skador p\u00e5 kroppen, kan du skydda din kropp och njuta av ditt casinospel p\u00e5 mobilen p\u00e5 ett mer h\u00e4lsosamt s\u00e4tt.<\/p>\n\n\n\n<h2 class=\"wp-block-heading\">Implementera h\u00e4lsosamma vanor f\u00f6r casinospel&nbsp;<\/h2>\n\n\n\n<p>Ut\u00f6ver att t\u00e4nka p\u00e5 din h\u00e5llning s\u00e5 finns det andra h\u00e4lsosamma vanor du kan applicera f\u00f6r att skydda din kropp och h\u00e4lsa n\u00e4r du spelar spel fr\u00e5n din mobiltelefon. Att ta regelbundna pauser \u00e4r ocks\u00e5 avg\u00f6rande f\u00f6r att skydda din kropp. Under pausen kan du ta en benstr\u00e4ckare och stretcha, eller g\u00e5 p\u00e5 en kort promenad. Du kan st\u00e4lla in en timer n\u00e4r det \u00e4r dags att ta en paus. Att fokusera allt f\u00f6r mycket p\u00e5 en sk\u00e4rm under l\u00e4ngre tid kan ocks\u00e5 orsaka att du blir tr\u00f6tt i \u00f6gonen. D\u00e4rf\u00f6r b\u00f6r du se till att titta bort fr\u00e5n sk\u00e4rmen d\u00e5 och d\u00e5 f\u00f6r att underl\u00e4tta f\u00f6r dina&nbsp;<a href=\"https:\/\/www.nyteknik.se\/nyheter\/expert-ogonen-tar-inte-skada-av-ljuset-fran-mobiltelefonen\/201227\" target=\"_blank\" rel=\"noreferrer noopener nofollow\">\u00f6gon<\/a>.<\/p>\n\n\n\n<p>F\u00f6rutom dessa fysisk faktorer \u00e4r det ocks\u00e5 viktigt att t\u00e4nka p\u00e5 de mentala bitarna. N\u00e4r du sitter vid en smartphone, oavsett om du spelar casinospel eller underh\u00e5ller dig med annat, s\u00e5 kan det vara l\u00e4tt att tappa bort tiden. Var d\u00e4rf\u00f6r medveten om hur l\u00e4nge du spelar och hitta en&nbsp;<a href=\"https:\/\/cosmena.com\/sv\/livsstil\/mindfulness-meditation\/\">balans<\/a>&nbsp;mellan spel och andra aktiviteter. Att ha en god ins\u00e4ttning till casinospel kan ge dig en b\u00e4ttre spelupplevelse.&nbsp;<\/p>\n\n\n\n<h2 class=\"wp-block-heading\">S\u00e4kerhetstips f\u00f6r mobilt casino spelande&nbsp;<\/h2>\n\n\n\n<p>Ut\u00f6ver att skydda din kropp mot slitage s\u00e5 \u00e4r det ocks\u00e5 viktigt att t\u00e4nka p\u00e5 s\u00e4kerheten n\u00e4r du ska spela casinospel. Mobilt spelande erbjuder m\u00e5nga m\u00f6jligheter till underh\u00e5llning och det finns ett enormt utbud av casinospel att v\u00e4lja mellan. N\u00e4r du ska ha en underh\u00e5llande stund med ett online casino \u00e4r det viktigt att v\u00e4lja ett tryggt och s\u00e4kert casino som f\u00f6ljer standarder f\u00f6r att skydda din personliga data. Det kan du s\u00e4kerst\u00e4lla genom att v\u00e4lja ett licensierat online casino som anv\u00e4nder f\u00f6ljer strikta regler om s\u00e4kert och r\u00e4ttvist casinospel. Se d\u00e4rf\u00f6r till att casinot som du valt f\u00f6r spel \u00e4r licensierat av en erk\u00e4nd myndighet. Du kan alltid dubbelkolla licensen p\u00e5 casinots hemsida.&nbsp;<\/p>\n\n\n\n<p>Online casinon anv\u00e4nder sig av avancerad teknik f\u00f6r att skydda spelares s\u00e4kerhet men du b\u00f6r \u00e4nd\u00e5 t\u00e4nka p\u00e5 att ha starka och unika l\u00f6senord f\u00f6r ditt casinokonto. Casinon anv\u00e4nder sig av SLL teknik och andra avancerade tekniker f\u00f6r att skydda spelares personliga information och transaktioner fr\u00e5n obeh\u00f6riga parter. N\u00e4r du spelar p\u00e5 ett licensierat casino kan du k\u00e4nna dig trygg med att du valt en p\u00e5litlig spelsida.&nbsp;<\/p>\n\n\n\n<h2 class=\"wp-block-heading\">Hitta en h\u00e4lsosam balans med ins\u00e4ttningar<\/h2>\n\n\n\n<p>F\u00f6r att spela casinospel online kr\u00e4vs det att du g\u00f6r en ins\u00e4ttning. Inf\u00f6r att du ska s\u00e4tta in pengar p\u00e5 ditt spelkonto s\u00e5 finns det flera saker du kan t\u00e4nka p\u00e5 f\u00f6r att hantera ins\u00e4ttningarna p\u00e5 ett ansvarsfullt s\u00e4tt. F\u00f6rst och fr\u00e4mst \u00e4r det avg\u00f6rande att du har en realistisk budget och h\u00e5ller dig till den n\u00e4r du spelar. Du kan s\u00e4tta en gr\u00e4ns f\u00f6r hur mycket du vill spendera p\u00e5 ins\u00e4ttningar och h\u00e5lla dig till det. Detta kan hj\u00e4lpa till att l\u00e4gga en god grund f\u00f6r ditt spelande.&nbsp;<\/p>\n\n\n\n<p>Svenska casinon har ocks\u00e5 funktioner som hj\u00e4lper dig att h\u00e5lla koll p\u00e5 dina ins\u00e4ttningar. Det kan exempelvis vara ins\u00e4ttningsgr\u00e4nser d\u00e4r du kan l\u00e4gga in hur mycket du vill s\u00e4tta in under en specifik tidsperiod. Genom att ha kontroll \u00f6ver din budget, anv\u00e4nda ins\u00e4ttningsgr\u00e4nser och spela ansvarsfullt kan du ta del av casinospel p\u00e5 ett h\u00e4lsosamt s\u00e4tt. Kom ih\u00e5g att spel ska vara en rolig aktivitet och inte en k\u00e4lla till ekonomisk stress.<\/p>\n\n\n\n<h2 class=\"wp-block-heading\">Hur du v\u00e4ljer det b\u00e4sta casinot<\/h2>\n\n\n\n<p>Utbudet av casinon \u00e4r mycket stort och det finns m\u00e5nga online casinon att v\u00e4lja mellan. Ett tips n\u00e4r du ska v\u00e4lja casino \u00e4r att du f\u00f6rst och fr\u00e4mst v\u00e4ljer ett casino med en erk\u00e4nd licens. Det kan till exempel vara en svensk licens fr\u00e5n Spelinspektionen, som ger en stark s\u00e4kerhet p\u00e5 online casinon. Andra faktorer som k\u00e4nnetecknar ett bra casino \u00e4r om casinot har goda recensioner och omd\u00f6men fr\u00e5n andra spelare. Det kan d\u00e4rf\u00f6r vara v\u00e4rdefullt att ta en titt p\u00e5 vad andra spelare s\u00e4ger om casinot, f\u00f6r att s\u00e4kerst\u00e4lla en bra spelupplevelse. Du b\u00f6r ocks\u00e5 dubbelkolla att casinot har en kundsupport som finns behj\u00e4lplig dygnet runt via e-post eller live chatt. Casinon brukar ofta ha en FAQ med vanliga fr\u00e5gor men ibland kan det uppst\u00e5 situationer d\u00e4r du beh\u00f6ver kontakta kundsupporten, exempelvis om du har en specifik fr\u00e5ga om dina uttag.<\/p>\n\n\n\n<p>Det kan \u00e4ven finnas andra saker du b\u00f6r kontrollera innan du g\u00f6r ditt val av casino. Du kan ocks\u00e5 kolla in deras spelutbud f\u00f6r att s\u00e4kerst\u00e4lla att de spelen som du vill spela finns tillg\u00e4ngliga. Vanliga spel som erbjuds \u00e4r baccarat, poker, blackjack, slots och specialspel som keno och bingo. Du hittar ett brett utbud av sp\u00e4nnande och roliga casinospel, d\u00e4r alla kan njutas av direkt fr\u00e5n din mobiltelefon.&nbsp;<\/p>\n\n\n\n<h2 class=\"wp-block-heading\">De mest sp\u00e4nnande casinospelen just nu<\/h2>\n\n\n\n<p>De mest sp\u00e4nnande casinospelen just nu ger en bra blandning mellan underh\u00e5llning och sp\u00e4nning. Du hittar allt fr\u00e5n klassiska slots med frukttema, till live casino spel som tar den autentiska k\u00e4nslan till nya h\u00f6jder. Det finns n\u00e5got f\u00f6r alla smaker och preferenser att utforska inom online casino v\u00e4rlden. Slots har alltid varit popul\u00e4ra bland alla typer av spelare och spelutvecklare forts\u00e4tter att konstant leverera enast\u00e5ende grafik, sp\u00e4nnande titlar och nya innovativa funktioner. Du hittar m\u00e5nga olika slots som progressiva jackpottar eller intressanta tema slots.&nbsp;<\/p>\n\n\n\n<p>Bortsett fr\u00e5n slots s\u00e5 finns det klassiska bordsspel som poker, blackjack, roulette och baccarat. Du hittar de klassiska spelen, men ocks\u00e5 nya sp\u00e4nnande twistar p\u00e5 gamla spelen. Det kan vara nya twistar som olika varianter, bonusar, teman eller spelregler. F\u00f6r dig som vill f\u00e5 en autentisk k\u00e4nsla n\u00e4r du spelar casinospel kan du testa live casino spel. Det ger en autentisk k\u00e4nsla som \u00e4r sv\u00e5rslagen d\u00e4r du kan kommunicera med dealern och de andra spelarna. P\u00e5 s\u00e5 s\u00e4tt kan du njuta av en speciell spelupplevelse som ocks\u00e5 \u00e4r social.&nbsp;<\/p>\n\n\n\n<h2 class=\"wp-block-heading\">De senaste trenderna inom casinospel<\/h2>\n\n\n\n<p>P\u00e5 tal om spel och olika speltyper s\u00e5 finns det m\u00e5nga intressanta trender som kan ta ditt casinospelande till nya h\u00f6jder. Online casinon ser alltid till att ligga i framkant n\u00e4r det kommer till trender och utvecklingar inom branschen. En av de stora trenderna \u00e4r mobilspel, d\u00e4r spelare f\u00f6redrar att spela casinospel p\u00e5 sina smartphones och surfplattor. P\u00e5 grund av detta s\u00e5 ser spelutvecklare till att optimera sina spel f\u00f6r mobiltelefoner f\u00f6r att ge en smidig spelupplevelse oavsett var spelaren befinner sig n\u00e5gonstans. I och med denna trend \u00e4r det \u00e4nnu mer viktigt att spelare t\u00e4nker p\u00e5 ergonomin n\u00e4r de spelar mobilspel. Som tidigare n\u00e4mnt \u00e4r det viktigt att t\u00e4nka p\u00e5 h\u00e5llning, anstr\u00e4ngningen av \u00f6gonen och att ta regelbundna pauser f\u00f6r att inte slita p\u00e5 kroppen.&nbsp;<\/p>\n\n\n\n<p>Andra trender som syns inom online casino \u00e4r att spel med unika teman har blivit mycket popul\u00e4rt. Spelare kan matcha deras intressen med en tematiserat spel i samma intresse. Du kan hitta spel med sporttema, eller andra unika teman inspirerade av historia, \u00e4ventyr och fantasy. Dessa roliga tema spel brukar ofta inneh\u00e5lla andra sp\u00e4nnande funktioner f\u00f6r att g\u00f6ra spelupplevelsen \u00e4nnu mer rolig.&nbsp;<\/p>\n\n\n\n<p>Slutligen s\u00e5 \u00e4r det viktigt att hitta en god balans mellan casinospel och andra aktiviteter. Att t\u00e4nka p\u00e5 din h\u00e5llning n\u00e4r du sitter mycket med din smartphone kan hj\u00e4lpa dig att undvika skador eller obehag p\u00e5 din kropp. Genom att ta regelbundna pauser, s\u00e4tta en budget f\u00f6r ins\u00e4ttningar och ha en god h\u00e5llning kan du l\u00e4gga grunden f\u00f6r ett mer h\u00e4lsosamt casinospelande.&nbsp;<\/p>\n","protected":false},"excerpt":{"rendered":"<p>Spela s\u00e4kert och skydda din kropp n\u00e4r du njuter av online casino Casinospel p\u00e5&#8230;<\/p>\n","protected":false},"author":9,"featured_media":5085,"parent":4913,"menu_order":0,"comment_status":"closed","ping_status":"closed","template":"","meta":{"_acf_changed":false,"footnotes":""},"class_list":["post-5084","page","type-page","status-publish","has-post-thumbnail","hentry"],"acf":[],"yoast_head":"<!-- This site is optimized with the Yoast SEO plugin v27.0 - https:\/\/yoast.com\/product\/yoast-seo-wordpress\/ -->\n<title>Spela s\u00e4kert och skydda din kropp n\u00e4r du njuter av online casino - Cosmena<\/title>\n<meta name=\"robots\" content=\"index, follow, max-snippet:-1, max-image-preview:large, max-video-preview:-1\" \/>\n<link rel=\"canonical\" href=\"https:\/\/cosmena.com\/sv\/livsstil\/spela-sakert-och-skydda-din-kropp-nar-du-njuter-av-online-casino\/\" \/>\n<meta property=\"og:locale\" content=\"sv_SE\" \/>\n<meta property=\"og:type\" content=\"article\" \/>\n<meta property=\"og:title\" content=\"Spela s\u00e4kert och skydda din kropp n\u00e4r du njuter av online casino - Cosmena\" \/>\n<meta property=\"og:description\" content=\"Spela s\u00e4kert och skydda din kropp n\u00e4r du njuter av online casino Casinospel p\u00e5...\" \/>\n<meta property=\"og:url\" content=\"https:\/\/cosmena.com\/sv\/livsstil\/spela-sakert-och-skydda-din-kropp-nar-du-njuter-av-online-casino\/\" \/>\n<meta property=\"og:site_name\" content=\"Cosmena\" \/>\n<meta property=\"article:modified_time\" content=\"2024-05-20T12:35:36+00:00\" \/>\n<meta property=\"og:image\" content=\"https:\/\/cosmena.com\/wp-content\/uploads\/2024\/05\/5CB1E33D-176D-4D22-8B95-AC2AC17EAB53_1-1-scaled.jpg\" \/>\n\t<meta property=\"og:image:width\" content=\"2560\" \/>\n\t<meta property=\"og:image:height\" content=\"1707\" \/>\n\t<meta property=\"og:image:type\" content=\"image\/jpeg\" \/>\n<meta name=\"twitter:card\" content=\"summary_large_image\" \/>\n<meta name=\"twitter:label1\" content=\"Ber\u00e4knad l\u00e4stid\" \/>\n\t<meta name=\"twitter:data1\" content=\"9 minuter\" \/>\n<!-- \/ Yoast SEO plugin. -->","yoast_head_json":{"title":"Spela s\u00e4kert och skydda din kropp n\u00e4r du njuter av online casino - Cosmena","robots":{"index":"index","follow":"follow","max-snippet":"max-snippet:-1","max-image-preview":"max-image-preview:large","max-video-preview":"max-video-preview:-1"},"canonical":"https:\/\/cosmena.com\/sv\/livsstil\/spela-sakert-och-skydda-din-kropp-nar-du-njuter-av-online-casino\/","og_locale":"sv_SE","og_type":"article","og_title":"Spela s\u00e4kert och skydda din kropp n\u00e4r du njuter av online casino - Cosmena","og_description":"Spela s\u00e4kert och skydda din kropp n\u00e4r du njuter av online casino Casinospel p\u00e5...","og_url":"https:\/\/cosmena.com\/sv\/livsstil\/spela-sakert-och-skydda-din-kropp-nar-du-njuter-av-online-casino\/","og_site_name":"Cosmena","article_modified_time":"2024-05-20T12:35:36+00:00","og_image":[{"width":2560,"height":1707,"url":"https:\/\/cosmena.com\/wp-content\/uploads\/2024\/05\/5CB1E33D-176D-4D22-8B95-AC2AC17EAB53_1-1-scaled.jpg","type":"image\/jpeg"}],"twitter_card":"summary_large_image","twitter_misc":{"Ber\u00e4knad l\u00e4stid":"9 minuter"},"schema":{"@context":"https:\/\/schema.org","@graph":[{"@type":"WebPage","@id":"https:\/\/cosmena.com\/sv\/livsstil\/spela-sakert-och-skydda-din-kropp-nar-du-njuter-av-online-casino\/","url":"https:\/\/cosmena.com\/sv\/livsstil\/spela-sakert-och-skydda-din-kropp-nar-du-njuter-av-online-casino\/","name":"Spela s\u00e4kert och skydda din kropp n\u00e4r du njuter av online casino - Cosmena","isPartOf":{"@id":"https:\/\/cosmena.com\/sv\/#website"},"primaryImageOfPage":{"@id":"https:\/\/cosmena.com\/sv\/livsstil\/spela-sakert-och-skydda-din-kropp-nar-du-njuter-av-online-casino\/#primaryimage"},"image":{"@id":"https:\/\/cosmena.com\/sv\/livsstil\/spela-sakert-och-skydda-din-kropp-nar-du-njuter-av-online-casino\/#primaryimage"},"thumbnailUrl":"https:\/\/cosmena.com\/wp-content\/uploads\/2024\/05\/5CB1E33D-176D-4D22-8B95-AC2AC17EAB53_1-1-scaled.jpg","datePublished":"2024-05-20T12:30:42+00:00","dateModified":"2024-05-20T12:35:36+00:00","breadcrumb":{"@id":"https:\/\/cosmena.com\/sv\/livsstil\/spela-sakert-och-skydda-din-kropp-nar-du-njuter-av-online-casino\/#breadcrumb"},"inLanguage":"sv-SE","potentialAction":[{"@type":"ReadAction","target":["https:\/\/cosmena.com\/sv\/livsstil\/spela-sakert-och-skydda-din-kropp-nar-du-njuter-av-online-casino\/"]}]},{"@type":"ImageObject","inLanguage":"sv-SE","@id":"https:\/\/cosmena.com\/sv\/livsstil\/spela-sakert-och-skydda-din-kropp-nar-du-njuter-av-online-casino\/#primaryimage","url":"https:\/\/cosmena.com\/wp-content\/uploads\/2024\/05\/5CB1E33D-176D-4D22-8B95-AC2AC17EAB53_1-1-scaled.jpg","contentUrl":"https:\/\/cosmena.com\/wp-content\/uploads\/2024\/05\/5CB1E33D-176D-4D22-8B95-AC2AC17EAB53_1-1-scaled.jpg","width":2560,"height":1707,"caption":"Spela s\u00e4kert och skydda din kropp n\u00e4r du njuter av online casino"},{"@type":"BreadcrumbList","@id":"https:\/\/cosmena.com\/sv\/livsstil\/spela-sakert-och-skydda-din-kropp-nar-du-njuter-av-online-casino\/#breadcrumb","itemListElement":[{"@type":"ListItem","position":1,"name":"Home","item":"https:\/\/cosmena.com\/sv\/"},{"@type":"ListItem","position":2,"name":"Livsstil","item":"https:\/\/cosmena.com\/sv\/livsstil\/"},{"@type":"ListItem","position":3,"name":"Spela s\u00e4kert och skydda din kropp n\u00e4r du njuter av online casino"}]},{"@type":"WebSite","@id":"https:\/\/cosmena.com\/sv\/#website","url":"https:\/\/cosmena.com\/sv\/","name":"Cosmena","description":"Your extensive guide to cosmetic treatments","publisher":{"@id":"https:\/\/cosmena.com\/sv\/#organization"},"potentialAction":[{"@type":"SearchAction","target":{"@type":"EntryPoint","urlTemplate":"https:\/\/cosmena.com\/sv\/?s={search_term_string}"},"query-input":{"@type":"PropertyValueSpecification","valueRequired":true,"valueName":"search_term_string"}}],"inLanguage":"sv-SE"},{"@type":"Organization","@id":"https:\/\/cosmena.com\/sv\/#organization","name":"Cosmena","url":"https:\/\/cosmena.com\/sv\/","logo":{"@type":"ImageObject","inLanguage":"sv-SE","@id":"https:\/\/cosmena.com\/sv\/#\/schema\/logo\/image\/","url":"https:\/\/cosmena.com\/wp-content\/uploads\/2021\/06\/cosmena-logo-bw-1.1.png","contentUrl":"https:\/\/cosmena.com\/wp-content\/uploads\/2021\/06\/cosmena-logo-bw-1.1.png","width":600,"height":82,"caption":"Cosmena"},"image":{"@id":"https:\/\/cosmena.com\/sv\/#\/schema\/logo\/image\/"}}]}},"_links":{"self":[{"href":"https:\/\/cosmena.com\/sv\/wp-json\/wp\/v2\/pages\/5084","targetHints":{"allow":["GET"]}}],"collection":[{"href":"https:\/\/cosmena.com\/sv\/wp-json\/wp\/v2\/pages"}],"about":[{"href":"https:\/\/cosmena.com\/sv\/wp-json\/wp\/v2\/types\/page"}],"author":[{"embeddable":true,"href":"https:\/\/cosmena.com\/sv\/wp-json\/wp\/v2\/users\/9"}],"replies":[{"embeddable":true,"href":"https:\/\/cosmena.com\/sv\/wp-json\/wp\/v2\/comments?post=5084"}],"version-history":[{"count":2,"href":"https:\/\/cosmena.com\/sv\/wp-json\/wp\/v2\/pages\/5084\/revisions"}],"predecessor-version":[{"id":5095,"href":"https:\/\/cosmena.com\/sv\/wp-json\/wp\/v2\/pages\/5084\/revisions\/5095"}],"up":[{"embeddable":true,"href":"https:\/\/cosmena.com\/sv\/wp-json\/wp\/v2\/pages\/4913"}],"wp:featuredmedia":[{"embeddable":true,"href":"https:\/\/cosmena.com\/sv\/wp-json\/wp\/v2\/media\/5085"}],"wp:attachment":[{"href":"https:\/\/cosmena.com\/sv\/wp-json\/wp\/v2\/media?parent=5084"}],"curies":[{"name":"wp","href":"https:\/\/api.w.org\/{rel}","templated":true}]}}