{"id":5089,"date":"2024-05-20T14:33:15","date_gmt":"2024-05-20T12:33:15","guid":{"rendered":"https:\/\/cosmena.com\/?page_id=5089"},"modified":"2024-05-20T14:35:02","modified_gmt":"2024-05-20T12:35:02","slug":"vilka-online-casinospel-passar-for-de-traningsintresserade","status":"publish","type":"page","link":"https:\/\/cosmena.com\/sv\/livsstil\/vilka-online-casinospel-passar-for-de-traningsintresserade\/","title":{"rendered":"Vilka online casinospel passar f\u00f6r de tr\u00e4ningsintresserade?"},"content":{"rendered":"\n<h1 class=\"wp-block-heading\">Vilka online casinospel passar f\u00f6r de tr\u00e4ningsintresserade?<\/h1>\n\n\n\n<figure class=\"wp-block-image size-large\"><img loading=\"lazy\" decoding=\"async\" width=\"1024\" height=\"680\" src=\"https:\/\/cosmena.com\/wp-content\/uploads\/2024\/05\/3A2D2C8D-BF83-4F79-B399-3814F6EFA47F_1-1024x680.jpg\" alt=\"Vilka online casinospel passar f\u00f6r de tr\u00e4ningsintresserade?\" class=\"wp-image-5090\" srcset=\"https:\/\/cosmena.com\/wp-content\/uploads\/2024\/05\/3A2D2C8D-BF83-4F79-B399-3814F6EFA47F_1-1024x680.jpg 1024w, https:\/\/cosmena.com\/wp-content\/uploads\/2024\/05\/3A2D2C8D-BF83-4F79-B399-3814F6EFA47F_1-300x199.jpg 300w, https:\/\/cosmena.com\/wp-content\/uploads\/2024\/05\/3A2D2C8D-BF83-4F79-B399-3814F6EFA47F_1-768x510.jpg 768w, https:\/\/cosmena.com\/wp-content\/uploads\/2024\/05\/3A2D2C8D-BF83-4F79-B399-3814F6EFA47F_1-1536x1020.jpg 1536w, https:\/\/cosmena.com\/wp-content\/uploads\/2024\/05\/3A2D2C8D-BF83-4F79-B399-3814F6EFA47F_1-2048x1360.jpg 2048w\" sizes=\"auto, (max-width: 1024px) 100vw, 1024px\" \/><\/figure>\n\n\n\n<p>F\u00f6r m\u00e5nga \u00e4r tr\u00e4ning en stor del av deras liv, d\u00e4r de l\u00e4gger ner mycket tid p\u00e5 att h\u00e5lla sig i form och ha en h\u00e4lsosam livsstil. M\u00e5nga av de som \u00e4r tr\u00e4ningsintresserade, tycker \u00e4ven om att spela p\u00e5 online casinon som en form av underh\u00e5llning &#8211; f\u00f6r att g\u00f6ra det, \u00e4r det dock viktigt att forts\u00e4tta str\u00e4va efter att ha en aktiv vardag och att spela p\u00e5 ett ansvarsfullt s\u00e4tt. Det finns en rad olika online casinospel som passar f\u00f6r de tr\u00e4ningsintresserade, d\u00e4r de kan l\u00e4ra sig mer om sport och tr\u00e4ning \u00e4ven via spelen. H\u00e4r \u00e4r n\u00e5gra f\u00f6rslag p\u00e5 online casinospel f\u00f6r de tr\u00e4ningsintresserade, samt n\u00e5gra tips f\u00f6r hur de kan spela p\u00e5 ett h\u00e4lsosamt och ansvarsfullt s\u00e4tt.<\/p>\n\n\n\n<h2 class=\"wp-block-heading\">Balansera tr\u00e4ningen och spelandet p\u00e5 ett h\u00e4lsosamt s\u00e4tt<\/h2>\n\n\n\n<p>Att hitta en balans mellan tr\u00e4ning och online casinospel \u00e4r avg\u00f6rande f\u00f6r att beh\u00e5lla en h\u00e4lsosam livsstil. Tr\u00e4ning \u00e4r en viktig del f\u00f6r att m\u00e5 bra fysiskt och mentalt, och det \u00e4r viktigt att online casinospel inte tar \u00f6ver vardagen. Allt fler svenskar v\u00e4ljer att spela p\u00e5 online casinon som en syssels\u00e4ttning &#8211; numera kan spelare bes\u00f6ka svenska online casinon som&nbsp;<a href=\"https:\/\/www.hajper.com\/sv\" target=\"_blank\" rel=\"noreferrer noopener\">Hajper<\/a>&nbsp;och f\u00f6rv\u00e4nta sig ett stort utbud av olika casinospel, som dessutom passar f\u00f6r de tr\u00e4ningsintresserade. Att endast v\u00e4lja att spela p\u00e5 online casinon som har en svensk spellicens \u00e4r en annan viktig del, eftersom detta g\u00f6r att spelaren kan anv\u00e4nda olika verktyg f\u00f6r att s\u00e4kerst\u00e4lla att de spelar p\u00e5 ett h\u00e4lsosamt s\u00e4tt.<\/p>\n\n\n\n<p>Genom regelbunden tr\u00e4ning, kan spelaren bland annat f\u00f6rb\u00e4ttra sin kondition, st\u00e4rka musklerna och minska risken f\u00f6r att utveckla sjukdomar. Dessutom frig\u00f6rs endorfiner n\u00e4r man tr\u00e4nar, vilket i sin tur kan bidra till \u00f6kat v\u00e4lbefinnande och minskad stress. F\u00f6r att hitta en h\u00e4lsosam balans som h\u00e5ller i l\u00e4ngden, \u00e4r det viktigt att spelaren s\u00e4tter upp gr\u00e4nser f\u00f6r sig sj\u00e4lv. Detta kan till exempel handla om att skapa ett tr\u00e4ningsschema &#8211; genom att skriva ned m\u00e5l, antingen per dag eller per vecka, kan spelaren enklare uppr\u00e4tth\u00e5lla tr\u00e4ningen. P\u00e5 svenska online casinon kan spelaren \u00e4ven s\u00e4tta upp spelgr\u00e4nser f\u00f6r sig sj\u00e4lv, vilket g\u00f6r att de kan f\u00e5 en b\u00e4ttre kontroll \u00f6ver sitt casinospelande.<\/p>\n\n\n\n<h2 class=\"wp-block-heading\">Spelautomater med sportrelaterade teman<\/h2>\n\n\n\n<p>Det finns flera spelautomater som har sportrelaterade teman p\u00e5 olika s\u00e4tt, vilket m\u00e5nga tr\u00e4ningsintresserade brukar uppskatta. Dessa spelautomater har bland annat grafik och symboler som \u00e4r inspirerade och kopplade till olika sporter och evenemang &#8211; oavsett vilken sport som spelaren \u00e4r intresserad av. P\u00e5 svenska online casinon kan spelare f\u00f6rv\u00e4nta sig att ta del av ett brett sortiment av spelautomater, d\u00e4r m\u00e5nga \u00e4r inriktade p\u00e5 sport och tr\u00e4ning. H\u00e4r \u00e4r exempel p\u00e5 n\u00e5gra av de mest omtyckta spelautomaterna med sportrelaterade teman:<\/p>\n\n\n\n<h3 class=\"wp-block-heading\">Football Champions Cup<\/h3>\n\n\n\n<p>Football Champions Cup \u00e4r en spelautomat som lanserades av NetEnt och finns att hitta hos svenska online casinon. Denna spelautomat \u00e4r inspirerad av fotbolls-EM och lanserades strax innan m\u00e4sterskapet drog ig\u00e5ng \u00e5r 2016. Spelare som v\u00e4ljer Football Champions Cup kan bland annat f\u00f6rv\u00e4nta sig att ta del av symboler som representerar olika fotbollslag och trof\u00e9er &#8211; dessutom har denna spelautomat flera extrafunktioner och g\u00e5r att spela fr\u00e5n olika mobila enheter.<\/p>\n\n\n\n<h3 class=\"wp-block-heading\">Basketball Star<\/h3>\n\n\n\n<p>F\u00f6r de tr\u00e4ningsintresserade som specifikt tycker om spela basket, kan spelautomaten Basketball Star vara n\u00e5got f\u00f6r dem att testa p\u00e5. Lanserat av de v\u00e4lk\u00e4nda spelutvecklarna Microgaming, erbjuder Basketball Star fem hjul och flera olika funktioner som spelaren kan ta del av under spelets g\u00e5ng. Dessutom har denna spelautomat kommit att bli s\u00e4rskilt uppskattad f\u00f6r de spelare som tycker om att spela p\u00e5 en spelautomat som har en f\u00e4rgglad grafik och basketens snabbhet.&nbsp;<\/p>\n\n\n\n<h3 class=\"wp-block-heading\">All Sports<\/h3>\n\n\n\n<p>All Sports \u00e4r en spelautomat f\u00f6r de tr\u00e4ningsintresserade spelare som tycker om en kombination av olika sporter. Spelautomaten \u00e4r inspirerad av en sportarena, och inneh\u00e5ller symboler som fotbollar, basketbollar, golfklubbor och tr\u00e4ningsrack, vilket g\u00f6r att spelaren f\u00e5r ta del av flera olika sporter p\u00e5 samma g\u00e5ng. Detta g\u00f6r att denna spelautomat passar f\u00f6r olika typer av spelare &#8211; \u00e4ven om de gemensamt har sitt intresse f\u00f6r olika sporter och online casinospel.<\/p>\n\n\n\n<h3 class=\"wp-block-heading\">4 Fantastic Fish<\/h3>\n\n\n\n<p>4 Fantastic Fish \u00e4r en spelautomat som fokuserar p\u00e5 fiske och det marina livet &#8211; spelare kan till exempel ta del av olika symboler som visar fiskar, sn\u00e4ckor, sj\u00f6stj\u00e4rnor och mycket mer fr\u00e5n havet. L\u00e4nge har spelautomater med fisketema varit omtyckt av svenska spelare, och denna spelautomat &#8211; som \u00e4r lanserad av spelleverant\u00f6ren 4theplayer &#8211; inneh\u00e5ller flera extrafunktioner och ljudeffekter som har gjort det till en omtyckt spelautomat f\u00f6r de fiskeintresserade spelarna.<\/p>\n\n\n\n<h2 class=\"wp-block-heading\">Betting f\u00f6r de tr\u00e4nings- och sportintresserade<\/h2>\n\n\n\n<p>M\u00e5nga som \u00e4r intresserade av tr\u00e4ning och sport, har \u00e4ven valt att testa p\u00e5 att betta p\u00e5 olika sporter hos svenska online casinon. Vanligtvis kan spelare v\u00e4lja mellan ett stort utbud av olika sporter &#8211; oavsett om de \u00e4r intresserade av att betta p\u00e5 vanliga sporter som fotboll, ishockey och tennis, eller om de f\u00f6redrar ovanligare sporter som surfing, bowling eller dart, kan de f\u00f6rv\u00e4nta sig att hitta flera bettingm\u00f6jligheter. Dessutom v\u00e4ljer m\u00e5nga tr\u00e4nings- och sportintresserade att betta live, vilket inneb\u00e4r att de kan placera sina bets under tiden som matchen fortfarande p\u00e5g\u00e5r. Detta kan dock kr\u00e4va att spelaren \u00e4r erfaren, eftersom de snabbt beh\u00f6ver fatta beslut inom live betting.<\/p>\n\n\n\n<p>Spelare kan v\u00e4lja om de f\u00f6redrar att betta p\u00e5 nationella eller internationella m\u00e4sterskap &#8211; dessutom kan de v\u00e4lja mellan en m\u00e4ngd olika bettingalternativ. Detta kan till exempel handla om att de kan betta p\u00e5 en specifik spelare, antal m\u00e5l i matchen eller vilket lag som vinner hela turneringen. Precis som med alla onlinespel som handlar om pengar, \u00e4r det viktigt att spelaren s\u00e4tter upp en&nbsp;<a href=\"https:\/\/kronofogden.se\/forebygg-ekonomiska-problem\/stod-och-tips-som-ror-privatekonomi\/undvik-nya-skulder\/gor-en-budget-och-ta-kontroll-over-din-ekonomi\" target=\"_blank\" rel=\"noreferrer noopener nofollow\">budget<\/a>&nbsp;som \u00e4r till\u00e4gnad till casinospel och betting. Detta g\u00f6r att spelaren kan bibeh\u00e5lla en h\u00e4lsosam inst\u00e4llning till online casinospel, d\u00e4r de inte riskerar att bli av med mer pengar \u00e4n vad de har r\u00e5d med. Det \u00e4r viktigt att spelaren v\u00e4ljer en summa som \u00e4r realistisk och h\u00e5llbar i l\u00e4ngden.&nbsp;<\/p>\n\n\n\n<h2 class=\"wp-block-heading\">Vikten av att spela online casinospel ansvarsfullt<\/h2>\n\n\n\n<p>F\u00f6r att spelare ska kunna ha en sund relation till online casinospel, \u00e4r det viktigt att de vidtar en del \u00e5tg\u00e4rder f\u00f6r att spela p\u00e5 ett ansvarsfullt s\u00e4tt. Detta inkluderar bland annat att h\u00e5lla koll p\u00e5 att spelandet inte tar \u00f6ver f\u00f6r mycket av andra delar i vardagen och p\u00e5verkar relationer, sociala samspel och arbete. Det \u00e4r viktigt att spelaren \u00e4r medveten om sina spelvanor och ser till att forts\u00e4tta se online casinospel som en form av underh\u00e5llning, och inte som ett s\u00e4tt att f\u00f6rs\u00f6ka tj\u00e4na pengar p\u00e5. Om inte spelaren h\u00e5ller koll p\u00e5 sina spelvanor vid casinospel, kan det bland annat leda till att de f\u00e5r ekonomiska sv\u00e5righeter, stress och andra negativa konsekvenser som kan p\u00e5verka spelarens h\u00e4lsa.<\/p>\n\n\n\n<p>Om spelaren uppt\u00e4cker att deras beteende b\u00f6rjar f\u00f6r\u00e4ndras, till exempel genom att de har sv\u00e5rt att sluta spela eller k\u00e4nner frustration och uppr\u00f6rdhet kopplat till online casinospelandet, \u00e4r det viktigt att de s\u00f6ker hj\u00e4lp i tid f\u00f6r att det inte ska p\u00e5verka h\u00e4lsan. Till exempel kan spelare v\u00e4nda sig till&nbsp;<a href=\"https:\/\/stodlinjen.se\/\" target=\"_blank\" rel=\"noreferrer noopener nofollow\">St\u00f6dlinjen<\/a>&nbsp;f\u00f6r att f\u00e5 hj\u00e4lp med att \u00e4ndra tillbaka sitt beteende. P\u00e5 svenska online casinon kan spelare \u00e4ven ta del av deras avst\u00e4ngningsm\u00f6jligheter och ta ett sj\u00e4lvtest f\u00f6r att se om de \u00e4r p\u00e5 v\u00e4g att utveckla ett spelproblem. F\u00f6r att uppr\u00e4tth\u00e5lla en sund inst\u00e4llning och spela p\u00e5 ett ansvarsfullt s\u00e4tt, \u00e4r det viktigt att spelare kontinuerligt h\u00e5ller koll p\u00e5 sin spelbudget, beteende och spelvanor.<\/p>\n\n\n\n<h2 class=\"wp-block-heading\">\u00d6vriga h\u00e4lsotips f\u00f6r online casinospelare<\/h2>\n\n\n\n<p>F\u00f6rutom att spelare ser till att spela casinospel ansvarsfullt och i en h\u00e4lsosam m\u00e4ngd p\u00e5 olika s\u00e4tt, finns det \u00e4ven andra h\u00e4lsotips som kan hj\u00e4lpa spelaren att bibeh\u00e5lla en sund livsstil. Till exempel \u00e4r det viktigt att spelaren ser till att \u00e4ta en balanserad kost och ser till att f\u00e5 regelbunden s\u00f6mn &#8211; detta g\u00f6r att spelaren f\u00e5r i sig all n\u00e4ring som beh\u00f6vs och f\u00e5r tillr\u00e4ckligt med \u00e5terh\u00e4mtning. Med en balanserad kost och god s\u00f6mn, kan spelaren f\u00e5 energi till att forts\u00e4tta tr\u00e4na och uppr\u00e4tth\u00e5lla en h\u00e4lsosam livsstil. \u00c4ven olika meditations\u00f6vningar, som till exempel&nbsp;<a href=\"https:\/\/cosmena.com\/sv\/livsstil\/mindfulness-meditation\/\">mindfulness<\/a>, var visat sig vara hj\u00e4lpsamt. Med dessa \u00f6vningar kan man bland annat f\u00f6rv\u00e4nta sig minskad stress och \u00e5ngest i vardagen.<\/p>\n\n\n\n<p>Sedan \u00e4r det ocks\u00e5 viktigt att spelaren ser till att skapa en ergonomisk spelmilj\u00f6, genom att till exempel ha en bekv\u00e4m stol, bra belysning och en sk\u00e4rm som \u00e4r anpassad till \u00f6gonen. Detta g\u00f6r att spelaren minskar risken f\u00f6r att b\u00e5de tr\u00f6tthet och \u00f6gonbesv\u00e4r. Ett annat h\u00e4lsotips f\u00f6r online casinospelare, \u00e4r att v\u00e5ga testa p\u00e5 olika sporter f\u00f6r att beh\u00e5lla motivationen och uppr\u00e4tth\u00e5lla en aktiv livsstil. Detta kan till exempel vara att testa p\u00e5 simning, cykling eller l\u00f6pning &#8211; alla dessa sporter \u00e4r enkla att testa p\u00e5, samtidigt som de kan l\u00e4ra sig mer om olika sporter. Genom att spelaren ser till att f\u00f6lja olika h\u00e4lsotips, kan de \u00f6ka chanserna f\u00f6r att ha en h\u00e4lsosam livsstil som inte p\u00e5verkar dem negativt.<\/p>\n\n\n\n<h2 class=\"wp-block-heading\">Virtuella sportspel f\u00f6r f\u00f6rdjupning inom sport<\/h2>\n\n\n\n<p>P\u00e5 svenska online casinon, kan tr\u00e4nings- och sportintresserade \u00e4ven hitta ett stort utbud av olika virtuella sportspel. Detta har blivit omtyckt av de spelare som vill f\u00f6rdjupa sig \u00e4nnu mer inom olika sporter &#8211; till exempel kan de hitta virtuell fotboll, h\u00e4stkappl\u00f6pning, motorsport och tennis, vilket g\u00f6r att m\u00e5nga spelare kan hitta sin favoritsport hos svenska online casinon. Virtuella sportspel fokuserar p\u00e5 att erbjuda spelare en s\u00e5 realistisk och engagerande spelupplevelse som m\u00f6jligt, d\u00e4r spelare kan f\u00f6rdjupa dig i olika m\u00e4sterskap och turneringar. Till exempel kan de satsa p\u00e5 olika lag och spelare, samtidigt som de kan ta del av resultaten av sina satsningar p\u00e5 en g\u00e5ng hos online casinot.<\/p>\n\n\n\n<p>Det finns en m\u00e4ngd olika online casinospel som passar f\u00f6r tr\u00e4ningsintresserade &#8211; till exempel kan de hitta ett brett sortiment av spelautomater, betting och virtuella sportspel hos online casinon i Sverige. F\u00f6r att spelare ska kunna bibeh\u00e5lla en h\u00e4lsosam livsstil, finns det n\u00e5gra viktiga \u00e5tg\u00e4rder som de b\u00f6r vidta. Detta inkluderar bland annat att de balanserar tr\u00e4ningen och spelandet p\u00e5 ett h\u00e4lsosamt s\u00e4tt, s\u00e4tter upp en spelbudget och f\u00f6rst\u00e5r vikten av att spela ansvarsfullt. Dessutom finns det flera h\u00e4lsotips som spelare kan ta del av och f\u00f6lja, f\u00f6r att ytterligare k\u00e4nna sig trygga med att de kan forts\u00e4tta se online casinospel som underh\u00e5llning och bibeh\u00e5lla en h\u00e4lsosam livsstil.<\/p>\n","protected":false},"excerpt":{"rendered":"<p>Vilka online casinospel passar f\u00f6r de tr\u00e4ningsintresserade? F\u00f6r m\u00e5nga \u00e4r tr\u00e4ning en stor del&#8230;<\/p>\n","protected":false},"author":9,"featured_media":5090,"parent":4913,"menu_order":0,"comment_status":"closed","ping_status":"closed","template":"","meta":{"_acf_changed":false,"footnotes":""},"class_list":["post-5089","page","type-page","status-publish","has-post-thumbnail","hentry"],"acf":[],"yoast_head":"<!-- This site is optimized with the Yoast SEO plugin v27.0 - https:\/\/yoast.com\/product\/yoast-seo-wordpress\/ -->\n<title>Vilka online casinospel passar f\u00f6r de tr\u00e4ningsintresserade? - Cosmena<\/title>\n<meta name=\"robots\" content=\"index, follow, max-snippet:-1, max-image-preview:large, max-video-preview:-1\" \/>\n<link rel=\"canonical\" href=\"https:\/\/cosmena.com\/sv\/livsstil\/vilka-online-casinospel-passar-for-de-traningsintresserade\/\" \/>\n<meta property=\"og:locale\" content=\"sv_SE\" \/>\n<meta property=\"og:type\" content=\"article\" \/>\n<meta property=\"og:title\" content=\"Vilka online casinospel passar f\u00f6r de tr\u00e4ningsintresserade? - Cosmena\" \/>\n<meta property=\"og:description\" content=\"Vilka online casinospel passar f\u00f6r de tr\u00e4ningsintresserade? F\u00f6r m\u00e5nga \u00e4r tr\u00e4ning en stor del...\" \/>\n<meta property=\"og:url\" content=\"https:\/\/cosmena.com\/sv\/livsstil\/vilka-online-casinospel-passar-for-de-traningsintresserade\/\" \/>\n<meta property=\"og:site_name\" content=\"Cosmena\" \/>\n<meta property=\"article:modified_time\" content=\"2024-05-20T12:35:02+00:00\" \/>\n<meta property=\"og:image\" content=\"https:\/\/cosmena.com\/wp-content\/uploads\/2024\/05\/3A2D2C8D-BF83-4F79-B399-3814F6EFA47F_1-scaled.jpg\" \/>\n\t<meta property=\"og:image:width\" content=\"2560\" \/>\n\t<meta property=\"og:image:height\" content=\"1700\" \/>\n\t<meta property=\"og:image:type\" content=\"image\/jpeg\" \/>\n<meta name=\"twitter:card\" content=\"summary_large_image\" \/>\n<meta name=\"twitter:label1\" content=\"Ber\u00e4knad l\u00e4stid\" \/>\n\t<meta name=\"twitter:data1\" content=\"10 minuter\" \/>\n<!-- \/ Yoast SEO plugin. -->","yoast_head_json":{"title":"Vilka online casinospel passar f\u00f6r de tr\u00e4ningsintresserade? - Cosmena","robots":{"index":"index","follow":"follow","max-snippet":"max-snippet:-1","max-image-preview":"max-image-preview:large","max-video-preview":"max-video-preview:-1"},"canonical":"https:\/\/cosmena.com\/sv\/livsstil\/vilka-online-casinospel-passar-for-de-traningsintresserade\/","og_locale":"sv_SE","og_type":"article","og_title":"Vilka online casinospel passar f\u00f6r de tr\u00e4ningsintresserade? - Cosmena","og_description":"Vilka online casinospel passar f\u00f6r de tr\u00e4ningsintresserade? F\u00f6r m\u00e5nga \u00e4r tr\u00e4ning en stor del...","og_url":"https:\/\/cosmena.com\/sv\/livsstil\/vilka-online-casinospel-passar-for-de-traningsintresserade\/","og_site_name":"Cosmena","article_modified_time":"2024-05-20T12:35:02+00:00","og_image":[{"width":2560,"height":1700,"url":"https:\/\/cosmena.com\/wp-content\/uploads\/2024\/05\/3A2D2C8D-BF83-4F79-B399-3814F6EFA47F_1-scaled.jpg","type":"image\/jpeg"}],"twitter_card":"summary_large_image","twitter_misc":{"Ber\u00e4knad l\u00e4stid":"10 minuter"},"schema":{"@context":"https:\/\/schema.org","@graph":[{"@type":"WebPage","@id":"https:\/\/cosmena.com\/sv\/livsstil\/vilka-online-casinospel-passar-for-de-traningsintresserade\/","url":"https:\/\/cosmena.com\/sv\/livsstil\/vilka-online-casinospel-passar-for-de-traningsintresserade\/","name":"Vilka online casinospel passar f\u00f6r de tr\u00e4ningsintresserade? - Cosmena","isPartOf":{"@id":"https:\/\/cosmena.com\/sv\/#website"},"primaryImageOfPage":{"@id":"https:\/\/cosmena.com\/sv\/livsstil\/vilka-online-casinospel-passar-for-de-traningsintresserade\/#primaryimage"},"image":{"@id":"https:\/\/cosmena.com\/sv\/livsstil\/vilka-online-casinospel-passar-for-de-traningsintresserade\/#primaryimage"},"thumbnailUrl":"https:\/\/cosmena.com\/wp-content\/uploads\/2024\/05\/3A2D2C8D-BF83-4F79-B399-3814F6EFA47F_1-scaled.jpg","datePublished":"2024-05-20T12:33:15+00:00","dateModified":"2024-05-20T12:35:02+00:00","breadcrumb":{"@id":"https:\/\/cosmena.com\/sv\/livsstil\/vilka-online-casinospel-passar-for-de-traningsintresserade\/#breadcrumb"},"inLanguage":"sv-SE","potentialAction":[{"@type":"ReadAction","target":["https:\/\/cosmena.com\/sv\/livsstil\/vilka-online-casinospel-passar-for-de-traningsintresserade\/"]}]},{"@type":"ImageObject","inLanguage":"sv-SE","@id":"https:\/\/cosmena.com\/sv\/livsstil\/vilka-online-casinospel-passar-for-de-traningsintresserade\/#primaryimage","url":"https:\/\/cosmena.com\/wp-content\/uploads\/2024\/05\/3A2D2C8D-BF83-4F79-B399-3814F6EFA47F_1-scaled.jpg","contentUrl":"https:\/\/cosmena.com\/wp-content\/uploads\/2024\/05\/3A2D2C8D-BF83-4F79-B399-3814F6EFA47F_1-scaled.jpg","width":2560,"height":1700,"caption":"Vilka online casinospel passar f\u00f6r de tr\u00e4ningsintresserade?"},{"@type":"BreadcrumbList","@id":"https:\/\/cosmena.com\/sv\/livsstil\/vilka-online-casinospel-passar-for-de-traningsintresserade\/#breadcrumb","itemListElement":[{"@type":"ListItem","position":1,"name":"Home","item":"https:\/\/cosmena.com\/sv\/"},{"@type":"ListItem","position":2,"name":"Livsstil","item":"https:\/\/cosmena.com\/sv\/livsstil\/"},{"@type":"ListItem","position":3,"name":"Vilka online casinospel passar f\u00f6r de tr\u00e4ningsintresserade?"}]},{"@type":"WebSite","@id":"https:\/\/cosmena.com\/sv\/#website","url":"https:\/\/cosmena.com\/sv\/","name":"Cosmena","description":"Your extensive guide to cosmetic treatments","publisher":{"@id":"https:\/\/cosmena.com\/sv\/#organization"},"potentialAction":[{"@type":"SearchAction","target":{"@type":"EntryPoint","urlTemplate":"https:\/\/cosmena.com\/sv\/?s={search_term_string}"},"query-input":{"@type":"PropertyValueSpecification","valueRequired":true,"valueName":"search_term_string"}}],"inLanguage":"sv-SE"},{"@type":"Organization","@id":"https:\/\/cosmena.com\/sv\/#organization","name":"Cosmena","url":"https:\/\/cosmena.com\/sv\/","logo":{"@type":"ImageObject","inLanguage":"sv-SE","@id":"https:\/\/cosmena.com\/sv\/#\/schema\/logo\/image\/","url":"https:\/\/cosmena.com\/wp-content\/uploads\/2021\/06\/cosmena-logo-bw-1.1.png","contentUrl":"https:\/\/cosmena.com\/wp-content\/uploads\/2021\/06\/cosmena-logo-bw-1.1.png","width":600,"height":82,"caption":"Cosmena"},"image":{"@id":"https:\/\/cosmena.com\/sv\/#\/schema\/logo\/image\/"}}]}},"_links":{"self":[{"href":"https:\/\/cosmena.com\/sv\/wp-json\/wp\/v2\/pages\/5089","targetHints":{"allow":["GET"]}}],"collection":[{"href":"https:\/\/cosmena.com\/sv\/wp-json\/wp\/v2\/pages"}],"about":[{"href":"https:\/\/cosmena.com\/sv\/wp-json\/wp\/v2\/types\/page"}],"author":[{"embeddable":true,"href":"https:\/\/cosmena.com\/sv\/wp-json\/wp\/v2\/users\/9"}],"replies":[{"embeddable":true,"href":"https:\/\/cosmena.com\/sv\/wp-json\/wp\/v2\/comments?post=5089"}],"version-history":[{"count":2,"href":"https:\/\/cosmena.com\/sv\/wp-json\/wp\/v2\/pages\/5089\/revisions"}],"predecessor-version":[{"id":5094,"href":"https:\/\/cosmena.com\/sv\/wp-json\/wp\/v2\/pages\/5089\/revisions\/5094"}],"up":[{"embeddable":true,"href":"https:\/\/cosmena.com\/sv\/wp-json\/wp\/v2\/pages\/4913"}],"wp:featuredmedia":[{"embeddable":true,"href":"https:\/\/cosmena.com\/sv\/wp-json\/wp\/v2\/media\/5090"}],"wp:attachment":[{"href":"https:\/\/cosmena.com\/sv\/wp-json\/wp\/v2\/media?parent=5089"}],"curies":[{"name":"wp","href":"https:\/\/api.w.org\/{rel}","templated":true}]}}