{"id":5096,"date":"2024-05-20T14:47:34","date_gmt":"2024-05-20T12:47:34","guid":{"rendered":"https:\/\/cosmena.com\/?page_id=5096"},"modified":"2024-08-02T14:00:47","modified_gmt":"2024-08-02T12:00:47","slug":"spannande-spelupplevelser-for-alla-casino-fantaster","status":"publish","type":"page","link":"https:\/\/cosmena.com\/sv\/livsstil\/spannande-spelupplevelser-for-alla-casino-fantaster\/","title":{"rendered":"Sp\u00e4nnande spelupplevelser f\u00f6r alla casino fantaster"},"content":{"rendered":"\n<h1 class=\"wp-block-heading\">Sp\u00e4nnande spelupplevelser f\u00f6r alla casino fantaster<\/h1>\n\n\n\n<figure class=\"wp-block-image\"><img decoding=\"async\" src=\"https:\/\/final-article.com\/ArticleImage\/5D29876E-DF55-4D17-8339-DD7D421AFC92\/1.image\" alt=\"Sp\u00e4nnande spelupplevelser f\u00f6r alla casino fantaster\n\"\/><\/figure>\n\n\n\n<p>Hos online casinon hittar du m\u00e5nga sp\u00e4nnande spelupplevelser n\u00e4r det kommer till casinospel och betting. Det finns ett stort urval av alla de mest popul\u00e4ra casinospelen och mycket mer. Hos&nbsp;<a href=\"https:\/\/www.lyllocasino.com\/sv\" target=\"_blank\" rel=\"noreferrer noopener\">Lyllo Casino<\/a>&nbsp;kan casinofantaster ta del av hundratals olika spel, allt fr\u00e5n klassiska bordsspel till nyt\u00e4nkande live dealer spel som direkts\u00e4nds fr\u00e5n en studio. F\u00f6r den som gillar sport s\u00e5 finns det en stor sektion f\u00f6r sportsbetting och odds. Forts\u00e4tt l\u00e4sa f\u00f6r att ta en djupdykning in i casinospelen som erbjuds online och hur det fungerar n\u00e4r du ska spela online casino f\u00f6r f\u00f6rsta g\u00e5ngen.&nbsp;<\/p>\n\n\n\n<h2 class=\"wp-block-heading\">Uppt\u00e4ck nya casino spel varje dag<\/h2>\n\n\n\n<p>Casinospel online h\u00e5ller m\u00e5nga spelare underh\u00e5llna, direkt fr\u00e5n deras hem. Online casinon erbjuder ett stort urval av alla de senaste spelen fr\u00e5n de ledande spelutvecklarna i casino branschen. F\u00f6r att m\u00f6ta spelares st\u00e4ndiga efterfr\u00e5gan av nya innovativa spel s\u00e5 lanserar casinon nya spel kontinuerligt. Dessa kontinuerliga spelsl\u00e4pp \u00e4r en avg\u00f6rande faktor f\u00f6r att locka nya spelare och beh\u00e5lla de befintliga. Spelutbud \u00e4r ocks\u00e5 ett s\u00e4tt f\u00f6r online casinon att konkurrera med varandra, f\u00f6r att spelare ska v\u00e4lja just deras casino. Varje m\u00e5nad brukar casinospel lanseras med nya roliga teman, funktioner och h\u00f6ga grafik. Detta s\u00e4kerst\u00e4ller att det finns n\u00e5got f\u00f6r alla smaker.<\/p>\n\n\n\n<p>Moderna online casinospel \u00e4r ocks\u00e5 anpassade f\u00f6r att vara tillg\u00e4ngliga p\u00e5 alla sk\u00e4rmar, som mobiltelefoner och surfplattor. Detta har \u00f6kat bekv\u00e4mligheten av online casino spel och ocks\u00e5 lett till en \u00f6kad tillg\u00e4nglighet. Spelare kan enkelt spela sina favoritspel direkt fr\u00e5n deras mobiltelefoner, oavsett om de \u00e4r hemma eller p\u00e5 spr\u00e5ng. De kontinuerliga sl\u00e4ppen av nya spel, kombinerat med\u00a0mobilspel\u00a0och roliga teman g\u00f6r att underh\u00e5llningen aldrig tar slut.\u00a0<\/p>\n\n\n\n<h2 class=\"wp-block-heading\">Spela live casino med riktiga dealers<\/h2>\n\n\n\n<p>F\u00f6r att spelare alltid ska ha n\u00e5got nytt att spela, erbjuds ofta en stor sektion av live dealer spel. Detta skapar en helt unik spelupplevelse som \u00e4r autentisk och liknar en upplevelse p\u00e5 ett landbaserat casino. Med avancerad teknologi best\u00e5ende av live streaming, kvalitativt ljud och en professionell dealer, f\u00e5r du en s\u00e5dan \u00e4kta casino upplevelse som m\u00f6jligt. En av de st\u00f6rsta f\u00f6rdelarna med live casino \u00e4r att du kan interagera med dealern och de andra spelarna via en chatt. Detta skapar en levande och engagerande upplevelse d\u00e4r du ocks\u00e5 kan se dealern dela ut kort eller snurra p\u00e5 hjulen, beroende p\u00e5 vilket spel du valt att delta i.&nbsp;<\/p>\n\n\n\n<p>Live dealer spel finns p\u00e5 de klassiska bordsspelen som exempelvis roulette, blackjack och baccarat. Om du vill testa n\u00e5got nytt \u00e4n online casino spel, s\u00e5 kan live dealer spel vara ett alternativ. F\u00f6r att spela live spel b\u00f6r du ha l\u00e4st p\u00e5 om spelet innan, om det \u00e4r n\u00e5gra specifika strategier du b\u00f6r anv\u00e4nda, eller hur utbetalningar fungerar, samt andra relevanta regler som \u00e4r viktiga att k\u00e4nna till. Du b\u00f6r ocks\u00e5 se till att du har en stabil internetuppkoppling s\u00e5 att du kan h\u00e4nga med i spelet utan avbrott. Du spelar d\u00e4rf\u00f6r live spel i en lugn milj\u00f6 d\u00e4r du kan fokusera p\u00e5 spelet och h\u00f6ra dealern.&nbsp;<\/p>\n\n\n\n<h2 class=\"wp-block-heading\">Upplev sp\u00e4nningen i bordsspel<\/h2>\n\n\n\n<p>Bordsspel \u00e4r en stor favorit bland spelare p\u00e5 online casinon och det finns m\u00e5nga anledningar till varf\u00f6r de \u00e4r s\u00e5 popul\u00e4ra. Bordsspel kan passa b\u00e5de nyb\u00f6rjare och erfarna, beroende p\u00e5 vilket typ av bordsspel som du valt. Bordsspel lockar m\u00e5nga spelare p\u00e5 grund av spelens variation p\u00e5 strategier och sv\u00e5righetsgrad. Detta passar alla typer av spelare d\u00e4r de kan anv\u00e4nda sina kunskaper f\u00f6r att f\u00f6rb\u00e4ttra sina m\u00f6jligheter till en lyckad spelupplevelse. Exempel p\u00e5 bordsspel \u00e4r poker, roulette, baccarat och blackjack, d\u00e4r alla har sina unika uppl\u00e4gg och regler.&nbsp;<\/p>\n\n\n\n<p>Det finns ofta olika variationer p\u00e5 bordsspel, till exempel i spelet roulette hittar du varianter som amerikansk, europeisk eller fransk. Bordsspel kan ocks\u00e5 ha insatsgr\u00e4nser d\u00e4r spelare m\u00e5ste satsa \u00f6ver en specifik summa pengar. Detta \u00e4r ocks\u00e5 viktigt f\u00f6r spelare att dubbelkolla innan de deltar i spel. Bord kan ha varierade insatsniv\u00e5er f\u00f6r att passa olika spelares budgetar. D\u00e4rf\u00f6r b\u00f6r du alltid&nbsp;<a href=\"https:\/\/cosmena.com\/sv\/harvard\/rosmarinolja\/\">l\u00e4sa<\/a>&nbsp;om spelet innan du spelar, f\u00f6r att s\u00e4kerst\u00e4lla att det \u00e4r ett spel som passar dig.&nbsp;<\/p>\n\n\n\n<h2 class=\"wp-block-heading\">S\u00e5 v\u00e4ljer du r\u00e4tt casino<\/h2>\n\n\n\n<p>N\u00e4r du ska v\u00e4lja en spelsida f\u00f6r casinospel s\u00e5 finns det flera delar att \u00f6verv\u00e4ga f\u00f6r att l\u00e4gga grunden f\u00f6r et positiv spelupplevelse. Det f\u00f6rsta du b\u00f6r g\u00f6ra \u00e4r att dubbelkolla casinots licens f\u00f6r att f\u00f6rs\u00e4kra dig om att casinot har en p\u00e5litlig licens som \u00e4r utf\u00e4rdad av en erk\u00e4nd och respekterad myndighet. Detta f\u00f6rs\u00e4krar dig om att casinot \u00e4r s\u00e4kert att spela p\u00e5 och att du kan lita p\u00e5 att spelen \u00e4r r\u00e4ttvisa. Det visar ocks\u00e5 p\u00e5 att dina transaktioner och personliga uppgifter \u00e4r skyddade fr\u00e5n obeh\u00f6riga. Ut\u00f6ver licensen s\u00e5 \u00e4r det viktigt att casinot har ett gott rykte i branschen, detta kan du dubbelkolla genom att l\u00e4sa recensioner fr\u00e5n andra spelare. D\u00e5 kan du vara s\u00e4ker p\u00e5 att utbetalningar, kundsupport och anv\u00e4ndarv\u00e4nligheten \u00e4r p\u00e5 topp.&nbsp;<\/p>\n\n\n\n<p>Att casinot har en snabb och behj\u00e4lplig kundsupport \u00e4r viktigt n\u00e4r spelare beh\u00f6ver hj\u00e4lp med n\u00e5got. Hos de flesta online casinona kan du l\u00e4sa vanliga fr\u00e5gor och annan viktig information, vilket kan vara bra att f\u00f6rst ta en titt p\u00e5 om du har n\u00e5gon fr\u00e5ga. Spelutbudet \u00e4r ocks\u00e5 en viktig avdelning att ta en n\u00e4rmare titt p\u00e5 hos casinot. Ett bra casino erbjuder ett brett urval av spel och sportsbetting. Detta ger spelare en variation med m\u00f6jlighet till att prova olika spel och f\u00e5 nya upplevelser.<\/p>\n\n\n\n<h2 class=\"wp-block-heading\">Snabba ins\u00e4ttningar och uttag<\/h2>\n\n\n\n<p>F\u00f6r casinospelare \u00e4r snabba ins\u00e4ttningar och uttag en viktig del n\u00e4r de v\u00e4ljer online casino. Ingen spelare vill l\u00e4gga ner on\u00f6dig tid p\u00e5 att v\u00e4nta p\u00e5 l\u00e5nga transaktioner. D\u00e4rf\u00f6r erbjuder online casinon ett flertal tj\u00e4nster f\u00f6r att s\u00e4tta in pengar till sitt spelkonto, och g\u00f6ra uttag av vinster. F\u00f6r att m\u00f6ta alla spelares olika preferenser, ser online casinon till att samarbeta med flera olika tj\u00e4nster f\u00f6r transaktioner. H\u00e4r kan du l\u00e4sa om de vanligaste.&nbsp;<\/p>\n\n\n\n<p><strong>Visa eller Mastercard:&nbsp;<\/strong>Kortbetalning med Visa eller Mastercard \u00e4r en av de vanligaste metoderna f\u00f6r att g\u00f6ra k\u00f6p online, detta g\u00e4ller \u00e4ven f\u00f6r ins\u00e4ttningar hos online casinon. Kortbetalning ger snabba och s\u00e4kra transaktioner och kr\u00e4ver ofta en extra verifiering som till exempel med BankID, vilket ger ett extra lager av s\u00e4kerhet.&nbsp;<\/p>\n\n\n\n<p><strong>Swish:&nbsp;<\/strong>Svenskar \u00e4r vana anv\u00e4ndare av Swish, vilket \u00e4r den mest popul\u00e4ra tj\u00e4nsten f\u00f6r transaktioner i Sverige. Swish \u00e4r kopplat till din bank och ditt mobilnummer och ger mycket snabba och s\u00e4kra transaktioner. Du verifierar ins\u00e4ttningen med BankID och pengarna f\u00f6rs \u00f6ver till ditt spelkonto p\u00e5 nolltid.&nbsp;<\/p>\n\n\n\n<p><strong>Trustly:&nbsp;<\/strong>Trustly \u00e4r en s\u00e4ker och enkel tj\u00e4nst att anv\u00e4nda f\u00f6r transaktioner d\u00e4r Trustly agerar som en mellanhand mellan din bank och casinot. F\u00f6r att anv\u00e4nda&nbsp;<a href=\"https:\/\/www.trustly.com\/sv-SE\" target=\"_blank\" rel=\"noreferrer noopener nofollow\">Trustly<\/a>&nbsp;beh\u00f6ver du inte skapa ett konto p\u00e5 Trustly, utan du beh\u00f6ver bara v\u00e4lja Trustly som metod och vilken bank du har och f\u00f6lja instruktionerna som st\u00e5r.&nbsp;<\/p>\n\n\n\n<p><strong>E-pl\u00e5nb\u00f6cker:&nbsp;<\/strong>E-pl\u00e5nb\u00f6cker \u00e4r ocks\u00e5 ett annat popul\u00e4rt val vid ins\u00e4ttningar. PayPal, Neteller och Skrill \u00e4r exempel p\u00e5 e-pl\u00e5nb\u00f6cker som ofta anv\u00e4nds. E-pl\u00e5nb\u00f6cker ger s\u00e4kra transaktioner d\u00e4r du enkelt kan h\u00e5lla koll p\u00e5 dina ins\u00e4ttningar.<\/p>\n\n\n\n<h2 class=\"wp-block-heading\">Skapa ett konto p\u00e5 ett svenskt casino<\/h2>\n\n\n\n<p>Att skapa ett konto p\u00e5 ett online casino \u00e4r enkelt och tar n\u00e5gra minuter. Du kommer att bli ombedd att fylla i dina personliga uppgifter som exempelvis namn, e-post, f\u00f6delsedatum med mera. F\u00f6r att casinot ska veta att du \u00e4r den du utger dig f\u00f6r att vara, beh\u00f6ver du alltid verifiera din identitet. Detta g\u00f6r du snabbt och enkelt med BankID. F\u00f6r dig som inte har ett BankID m\u00e5ste verifieringen ske p\u00e5 ett annat s\u00e4tt, exempelvis bild p\u00e5 ditt ID, pass eller k\u00f6rkort.&nbsp;<\/p>\n\n\n\n<p>P\u00e5 svenska casinon kan du ofta anv\u00e4nda ditt BankID f\u00f6r att snabbt registrera dig, utan att beh\u00f6va g\u00f6ra en manuell registrering. Du anv\u00e4nder bara ditt BankID tillsammans med Swish eller Trustly f\u00f6r att g\u00f6ra en ins\u00e4ttning. D\u00e5 kommer du att g\u00f6ra en ins\u00e4ttning samtidigt som du verifierar dig och ett konto skapas utifr\u00e5n dina uppgifter kopplade till ditt BankID. Detta ger effektiva och smidiga registreringar och ins\u00e4ttningar, vilket g\u00f6r att du snabbt kan komma ig\u00e5ng med att spela.&nbsp;<\/p>\n\n\n\n<h2 class=\"wp-block-heading\">Speltips f\u00f6r dig som nyb\u00f6rjare<\/h2>\n\n\n\n<p>F\u00f6r dig som \u00e4r nyb\u00f6rjare p\u00e5 casinospel online \u00e4r det viktigt att l\u00e4gga goda f\u00f6ruts\u00e4ttningar till en bra spelupplevelse. Det kan du g\u00f6ra genom att s\u00e4tta en budget \u00f6ver dina ins\u00e4ttningar. I budgeten kan du planera hur mycket du ska spela f\u00f6r, och n\u00e4r du ska sluta spela. Du b\u00f6r ocks\u00e5 alltid l\u00e4sa regler och villkor p\u00e5 casinot innan du registrerar dig. Detta g\u00e4ller ocks\u00e5 f\u00f6r casinospelen. Genom att ha l\u00e4st all n\u00f6dv\u00e4ndig information kan du vara s\u00e4ker p\u00e5 att du f\u00e5r den b\u00e4sta m\u00f6jliga spelupplevelsen.&nbsp;<\/p>\n\n\n\n<p>Precis som n\u00e4r du sitter l\u00e4nge med mobiltelefonen, oavsett vad du g\u00f6r, kan det vara bra att ta pauser d\u00e5 och d\u00e5. Att str\u00e4cka p\u00e5 benen och ta pauser fr\u00e5n mobilanv\u00e4ndandet kan underl\u00e4tta f\u00f6r b\u00e5de kroppen och \u00f6gonen. Det kan ocks\u00e5 vara en m\u00f6jlighet att vila huvudet fr\u00e5n spelande.<\/p>\n\n\n\n<p>Online casinon st\u00e5r f\u00f6r en stor del av underh\u00e5llningen och bettingen som finns p\u00e5 internet. De erbjuder ett stort urval av olika sorters spel, vilket g\u00f6r att spelare alltid har n\u00e5got nytt och roligt spel att testa. Genom att noggrant v\u00e4lja ett p\u00e5litligt casino, l\u00e4sa igenom villkor och bekanta dig med spelets regler och strategier, l\u00e4gger du en bra grund f\u00f6r en lyckad spelupplevelse online.&nbsp;<\/p>\n\n\n\n<p><\/p>\n","protected":false},"excerpt":{"rendered":"<p>Sp\u00e4nnande spelupplevelser f\u00f6r alla casino fantaster Hos online casinon hittar du m\u00e5nga sp\u00e4nnande spelupplevelser&#8230;<\/p>\n","protected":false},"author":9,"featured_media":5097,"parent":4913,"menu_order":0,"comment_status":"closed","ping_status":"closed","template":"","meta":{"_acf_changed":false,"footnotes":""},"class_list":["post-5096","page","type-page","status-publish","has-post-thumbnail","hentry"],"acf":[],"yoast_head":"<!-- This site is optimized with the Yoast SEO plugin v27.0 - https:\/\/yoast.com\/product\/yoast-seo-wordpress\/ -->\n<title>Sp\u00e4nnande spelupplevelser f\u00f6r alla casino fantaster - Cosmena<\/title>\n<meta name=\"robots\" content=\"index, follow, max-snippet:-1, max-image-preview:large, max-video-preview:-1\" \/>\n<link rel=\"canonical\" href=\"https:\/\/cosmena.com\/sv\/livsstil\/spannande-spelupplevelser-for-alla-casino-fantaster\/\" \/>\n<meta property=\"og:locale\" content=\"sv_SE\" \/>\n<meta property=\"og:type\" content=\"article\" \/>\n<meta property=\"og:title\" content=\"Sp\u00e4nnande spelupplevelser f\u00f6r alla casino fantaster - Cosmena\" \/>\n<meta property=\"og:description\" content=\"Sp\u00e4nnande spelupplevelser f\u00f6r alla casino fantaster Hos online casinon hittar du m\u00e5nga sp\u00e4nnande spelupplevelser...\" \/>\n<meta property=\"og:url\" content=\"https:\/\/cosmena.com\/sv\/livsstil\/spannande-spelupplevelser-for-alla-casino-fantaster\/\" \/>\n<meta property=\"og:site_name\" content=\"Cosmena\" \/>\n<meta property=\"article:modified_time\" content=\"2024-08-02T12:00:47+00:00\" \/>\n<meta property=\"og:image\" content=\"https:\/\/cosmena.com\/wp-content\/uploads\/2024\/05\/5D29876E-DF55-4D17-8339-DD7D421AFC92_1-scaled.jpg\" \/>\n\t<meta property=\"og:image:width\" content=\"2560\" \/>\n\t<meta property=\"og:image:height\" content=\"1589\" \/>\n\t<meta property=\"og:image:type\" content=\"image\/jpeg\" \/>\n<meta name=\"twitter:card\" content=\"summary_large_image\" \/>\n<meta name=\"twitter:label1\" content=\"Ber\u00e4knad l\u00e4stid\" \/>\n\t<meta name=\"twitter:data1\" content=\"9 minuter\" \/>\n<!-- \/ Yoast SEO plugin. -->","yoast_head_json":{"title":"Sp\u00e4nnande spelupplevelser f\u00f6r alla casino fantaster - Cosmena","robots":{"index":"index","follow":"follow","max-snippet":"max-snippet:-1","max-image-preview":"max-image-preview:large","max-video-preview":"max-video-preview:-1"},"canonical":"https:\/\/cosmena.com\/sv\/livsstil\/spannande-spelupplevelser-for-alla-casino-fantaster\/","og_locale":"sv_SE","og_type":"article","og_title":"Sp\u00e4nnande spelupplevelser f\u00f6r alla casino fantaster - Cosmena","og_description":"Sp\u00e4nnande spelupplevelser f\u00f6r alla casino fantaster Hos online casinon hittar du m\u00e5nga sp\u00e4nnande spelupplevelser...","og_url":"https:\/\/cosmena.com\/sv\/livsstil\/spannande-spelupplevelser-for-alla-casino-fantaster\/","og_site_name":"Cosmena","article_modified_time":"2024-08-02T12:00:47+00:00","og_image":[{"width":2560,"height":1589,"url":"https:\/\/cosmena.com\/wp-content\/uploads\/2024\/05\/5D29876E-DF55-4D17-8339-DD7D421AFC92_1-scaled.jpg","type":"image\/jpeg"}],"twitter_card":"summary_large_image","twitter_misc":{"Ber\u00e4knad l\u00e4stid":"9 minuter"},"schema":{"@context":"https:\/\/schema.org","@graph":[{"@type":"WebPage","@id":"https:\/\/cosmena.com\/sv\/livsstil\/spannande-spelupplevelser-for-alla-casino-fantaster\/","url":"https:\/\/cosmena.com\/sv\/livsstil\/spannande-spelupplevelser-for-alla-casino-fantaster\/","name":"Sp\u00e4nnande spelupplevelser f\u00f6r alla casino fantaster - Cosmena","isPartOf":{"@id":"https:\/\/cosmena.com\/sv\/#website"},"primaryImageOfPage":{"@id":"https:\/\/cosmena.com\/sv\/livsstil\/spannande-spelupplevelser-for-alla-casino-fantaster\/#primaryimage"},"image":{"@id":"https:\/\/cosmena.com\/sv\/livsstil\/spannande-spelupplevelser-for-alla-casino-fantaster\/#primaryimage"},"thumbnailUrl":"https:\/\/cosmena.com\/wp-content\/uploads\/2024\/05\/5D29876E-DF55-4D17-8339-DD7D421AFC92_1-scaled.jpg","datePublished":"2024-05-20T12:47:34+00:00","dateModified":"2024-08-02T12:00:47+00:00","breadcrumb":{"@id":"https:\/\/cosmena.com\/sv\/livsstil\/spannande-spelupplevelser-for-alla-casino-fantaster\/#breadcrumb"},"inLanguage":"sv-SE","potentialAction":[{"@type":"ReadAction","target":["https:\/\/cosmena.com\/sv\/livsstil\/spannande-spelupplevelser-for-alla-casino-fantaster\/"]}]},{"@type":"ImageObject","inLanguage":"sv-SE","@id":"https:\/\/cosmena.com\/sv\/livsstil\/spannande-spelupplevelser-for-alla-casino-fantaster\/#primaryimage","url":"https:\/\/cosmena.com\/wp-content\/uploads\/2024\/05\/5D29876E-DF55-4D17-8339-DD7D421AFC92_1-scaled.jpg","contentUrl":"https:\/\/cosmena.com\/wp-content\/uploads\/2024\/05\/5D29876E-DF55-4D17-8339-DD7D421AFC92_1-scaled.jpg","width":2560,"height":1589,"caption":"Sp\u00e4nnande spelupplevelser f\u00f6r alla casino fantaster"},{"@type":"BreadcrumbList","@id":"https:\/\/cosmena.com\/sv\/livsstil\/spannande-spelupplevelser-for-alla-casino-fantaster\/#breadcrumb","itemListElement":[{"@type":"ListItem","position":1,"name":"Home","item":"https:\/\/cosmena.com\/sv\/"},{"@type":"ListItem","position":2,"name":"Livsstil","item":"https:\/\/cosmena.com\/sv\/livsstil\/"},{"@type":"ListItem","position":3,"name":"Sp\u00e4nnande spelupplevelser f\u00f6r alla casino fantaster"}]},{"@type":"WebSite","@id":"https:\/\/cosmena.com\/sv\/#website","url":"https:\/\/cosmena.com\/sv\/","name":"Cosmena","description":"Your extensive guide to cosmetic treatments","publisher":{"@id":"https:\/\/cosmena.com\/sv\/#organization"},"potentialAction":[{"@type":"SearchAction","target":{"@type":"EntryPoint","urlTemplate":"https:\/\/cosmena.com\/sv\/?s={search_term_string}"},"query-input":{"@type":"PropertyValueSpecification","valueRequired":true,"valueName":"search_term_string"}}],"inLanguage":"sv-SE"},{"@type":"Organization","@id":"https:\/\/cosmena.com\/sv\/#organization","name":"Cosmena","url":"https:\/\/cosmena.com\/sv\/","logo":{"@type":"ImageObject","inLanguage":"sv-SE","@id":"https:\/\/cosmena.com\/sv\/#\/schema\/logo\/image\/","url":"https:\/\/cosmena.com\/wp-content\/uploads\/2021\/06\/cosmena-logo-bw-1.1.png","contentUrl":"https:\/\/cosmena.com\/wp-content\/uploads\/2021\/06\/cosmena-logo-bw-1.1.png","width":600,"height":82,"caption":"Cosmena"},"image":{"@id":"https:\/\/cosmena.com\/sv\/#\/schema\/logo\/image\/"}}]}},"_links":{"self":[{"href":"https:\/\/cosmena.com\/sv\/wp-json\/wp\/v2\/pages\/5096","targetHints":{"allow":["GET"]}}],"collection":[{"href":"https:\/\/cosmena.com\/sv\/wp-json\/wp\/v2\/pages"}],"about":[{"href":"https:\/\/cosmena.com\/sv\/wp-json\/wp\/v2\/types\/page"}],"author":[{"embeddable":true,"href":"https:\/\/cosmena.com\/sv\/wp-json\/wp\/v2\/users\/9"}],"replies":[{"embeddable":true,"href":"https:\/\/cosmena.com\/sv\/wp-json\/wp\/v2\/comments?post=5096"}],"version-history":[{"count":2,"href":"https:\/\/cosmena.com\/sv\/wp-json\/wp\/v2\/pages\/5096\/revisions"}],"predecessor-version":[{"id":5271,"href":"https:\/\/cosmena.com\/sv\/wp-json\/wp\/v2\/pages\/5096\/revisions\/5271"}],"up":[{"embeddable":true,"href":"https:\/\/cosmena.com\/sv\/wp-json\/wp\/v2\/pages\/4913"}],"wp:featuredmedia":[{"embeddable":true,"href":"https:\/\/cosmena.com\/sv\/wp-json\/wp\/v2\/media\/5097"}],"wp:attachment":[{"href":"https:\/\/cosmena.com\/sv\/wp-json\/wp\/v2\/media?parent=5096"}],"curies":[{"name":"wp","href":"https:\/\/api.w.org\/{rel}","templated":true}]}}