{"id":5213,"date":"2024-07-24T10:46:50","date_gmt":"2024-07-24T08:46:50","guid":{"rendered":"https:\/\/cosmena.com\/?page_id=5213"},"modified":"2024-07-24T10:46:52","modified_gmt":"2024-07-24T08:46:52","slug":"en-guide-till-mattfullt-spel-pa-casinon-utan-svensk-licens","status":"publish","type":"page","link":"https:\/\/cosmena.com\/sv\/livsstil\/en-guide-till-mattfullt-spel-pa-casinon-utan-svensk-licens\/","title":{"rendered":"En guide till m\u00e5ttfullt spel p\u00e5 casinon utan svensk licens"},"content":{"rendered":"\n<h1 class=\"wp-block-heading\">En guide till m\u00e5ttfullt spel p\u00e5 casinon utan svensk licens<\/h1>\n\n\n\n<p>Just nu r\u00e5der det en het debatt om den svenska casinomarknaden. M\u00e5nga anser att den svenska marknaden \u00e4r alldeles f\u00f6r h\u00e5rt reglerad. Spelbolagen f\u00e5r inte en bra chans att konkurrera med varandra eftersom de har stora begr\u00e4nsningar vad g\u00e4ller reklam och bonusar. Andra anser att det \u00e4r bra att den svenska staten har satt ansvarsfullt spel och konsumentskydd h\u00f6gst upp p\u00e5 agendan n\u00e4r de utformade den nya svenska spellagen.<\/p>\n\n\n\n<p>Vem som har r\u00e4tt i denna fr\u00e5ga l\u00e4mnar vi \u00e5t sidan i denna artikel. Faktum kvarst\u00e5r att en stor skara svenska spelare numera v\u00e4ljer att spela p\u00e5 casinon utan svensk licens. Dessa casinon m\u00e5 erbjuda mycket st\u00f6rre bonusar, annorlunda spelutbud och andra f\u00f6rdelar. Men de erbjuder ocks\u00e5 en mindre reglerad spelmilj\u00f6, och ett l\u00e4gre konsumentskydd. D\u00e4rf\u00f6r m\u00e5ste du som spelare ta eget ansvar f\u00f6r att spela m\u00e5ttfullt. Vi p\u00e5 Cosmena har d\u00e4rf\u00f6r skrivit denna guide som visar dig hur du tar ansvar f\u00f6r ditt eget spelande p\u00e5 casinon utan svensk licens.<\/p>\n\n\n\n<h2 class=\"wp-block-heading\">V\u00e4lj utl\u00e4ndska casinon med spelbegr\u00e4nsningar<\/h2>\n\n\n\n<p>I Sverige m\u00e5ste alla spelbolag enligt lag erbjuda m\u00f6jligheten att s\u00e4tta gr\u00e4nser f\u00f6r sitt spel. Detta inneb\u00e4r att du som spelare kan s\u00e4tta en gr\u00e4ns f\u00f6r hur mycket du f\u00e5r s\u00e4tta in, f\u00f6rlora eller spela f\u00f6r under en viss tidsperiod.<\/p>\n\n\n\n<p>I m\u00e5nga av de jurisdiktioner d\u00e4r svenskar spelar utomlands finns det inte lagliga krav f\u00f6r detta. Men det inneb\u00e4r inte att alla casinon saknar dessa m\u00f6jligheter. Det finns gott om casinon utan svensk licens som erbjuder spelgr\u00e4nser. Det \u00e4r d\u00e4rf\u00f6r viktigt att du v\u00e4ljer ett utl\u00e4ndskt casino som erbjuder liknande m\u00f6jligheter. P\u00e5 s\u00e5 s\u00e4tt kan du sj\u00e4lv begr\u00e4nsa ditt eget spelande och undvika att hamna i problematiska situationer.<\/p>\n\n\n\n<h2 class=\"wp-block-heading\">Pay N Play casino kan vara en bra id\u00e9<\/h2>\n\n\n\n<p>I Sverige \u00e4r Pay N Play casinon den mest popul\u00e4ra typen av casinon. N\u00e4r man spelar med Pay N play, s\u00e5 slipper man registrera ett konto med casinot. I st\u00e4llet g\u00f6r man direkt en ins\u00e4ttning med hj\u00e4lp av sin internetbank och kan b\u00f6rja spela direkt. Tack vare att man verifierar sin identitet med BankID, s\u00e5 \u00e4r det inte n\u00f6dv\u00e4ndigt att skriva in all sin personliga information som vid en traditionell registrering.<\/p>\n\n\n\n<p>Utomlands \u00e4r det inte alls lika vanligt med Pay N Play casino, men det finns ett f\u00e5tal spelbolag p\u00e5 Malta som erbjuder tj\u00e4nsten till svenska spelare. Men varf\u00f6r \u00e4r Pay N Play s\u00e5 bra utifr\u00e5n ett perspektiv av m\u00e5ttfullt spelande?<\/p>\n\n\n\n<p>Jo, n\u00e4r du spelar Pay N Play, s\u00e5 beh\u00f6ver du inte dela med dig av personlig information om exempelvis telefonnummer eller email-adress till casinot. Detta inneb\u00e4r att spelbolagen inte har m\u00f6jlighet att skicka ut en massa erbjudanden till dig som lockar dig till att spela mer \u00e4n vad du kanske fr\u00e5n b\u00f6rjan t\u00e4nkt. P\u00e5 s\u00e5 s\u00e4tt blir det enklare att h\u00e5lla dig till din budget och spela m\u00e5ttfullt. Du kan snabbt och enkelt hitta ett <a href=\"https:\/\/www.testarna.se\/casino\/utan-svensk-licens\/pay-n-play\/\" target=\"_blank\" rel=\"noreferrer noopener\">Pay N Play casino<\/a> utan svensk licens p\u00e5 Testarna.se.<\/p>\n\n\n\n<h2 class=\"wp-block-heading\">S\u00e4tt en budget och h\u00e5ll dig till den<\/h2>\n\n\n\n<p>En av de viktigaste sakerna n\u00e4r man spelar \u00e4r att s\u00e4tta en budget och h\u00e5lla sig till den. Detta g\u00e4ller oavsett om man spelar p\u00e5 ett casino med eller utan svensk licens. Genom att s\u00e4tta en budget f\u00f6r ditt spelande kan du undvika att spendera mer pengar \u00e4n du har r\u00e5d med.<\/p>\n\n\n\n<p>S\u00e4tt upp en realistisk budget baserat p\u00e5 din ekonomiska situation och h\u00e5ll dig sedan strikt till den n\u00e4r du spelar p\u00e5 casinon utan svensk licens. Det kan vara frestande att \u00f6verskrida sin budget n\u00e4r man spelar och har turen med sig, men kom ih\u00e5g att spel \u00e4r en form av underh\u00e5llning och inte ett s\u00e4tt att tj\u00e4na pengar. Att h\u00e5lla sig till sin budget \u00e4r ett viktigt steg i att spela m\u00e5ttfullt.<\/p>\n\n\n\n<h2 class=\"wp-block-heading\">Undvik Quick Spin-l\u00e4ge p\u00e5 spelautomater<\/h2>\n\n\n\n<p>Tresekundersregeln \u00e4r en omdiskuterad fr\u00e5ga p\u00e5 den svenska spelmarknaden. M\u00e5nga har uttryckt ett missn\u00f6je \u00f6ver denna regel, som s\u00e4ger att varje spel p\u00e5 en spelautomat m\u00e5ste ta tre sekunder eller mer, innan man kan starta ett nytt spel. Denna regel finns f\u00f6r att spelare inte ska spela impulsivt och spendera mer pengar \u00e4n vad de har t\u00e4nkt.<\/p>\n\n\n\n<p>Tresekundersregeln finns endast p\u00e5 den svenska marknaden. Casinon utan svensk licens har inte n\u00e5gra s\u00e5dana lagar att ta h\u00e4nsyn till. Tv\u00e4rtom s\u00e5 finns det ofta en Quick Spin-funktion p\u00e5 spelautomater, som inneb\u00e4r att man kan spela extra snabbt.<\/p>\n\n\n\n<p>Vi rekommenderar dock inte att anv\u00e4nda dessa funktioner. De g\u00f6r att man l\u00e4tt sugs in i spelandet, och i ett s\u00e5dant tillst\u00e5nd \u00e4r det l\u00e4tt att gl\u00f6mma bort b\u00e5de hur mycket tid man spenderar i casinot, s\u00e5v\u00e4l som hur mycket pengar man g\u00f6r av med.<\/p>\n\n\n\n<h2 class=\"wp-block-heading\">Spel ska vara roligt!<\/h2>\n\n\n\n<p>Slutligen vill vi p\u00e5minna om att spel ska vara roligt och inte leda till n\u00e5gra negativa konsekvenser f\u00f6r dig som individ. Genom att f\u00f6lja v\u00e5ra tips h\u00e4r ovan s\u00e5 ger du dig sj\u00e4lv r\u00e4tt f\u00f6ruts\u00e4ttningar att h\u00e5lla spelandet p\u00e5 en lagom niv\u00e5.<\/p>\n\n\n\n<p>Om du m\u00e4rker att ditt spelande b\u00f6rjar g\u00e5 \u00f6verstyr, ta en paus eller s\u00f6k hj\u00e4lp hos <a href=\"https:\/\/www.1177.se\/sjukdomar--besvar\/psykiska-sjukdomar-och-besvar\/beroende-och-skadligt-bruk\/hasardspelsyndrom--spelberoende\/\" target=\"_blank\" rel=\"noreferrer noopener nofollow\">organisationer som hj\u00e4lper vid spelberoende.<\/a> Genom att f\u00f6lja v\u00e5ra tips och vara medveten om eget ansvar n\u00e4r det kommer till m\u00e5ttfullt spelande s\u00e5 kan du njuta av casinospel utan svensk licens p\u00e5 ett s\u00e4kert s\u00e4tt.<\/p>\n","protected":false},"excerpt":{"rendered":"<p>En guide till m\u00e5ttfullt spel p\u00e5 casinon utan svensk licens Just nu r\u00e5der det&#8230;<\/p>\n","protected":false},"author":9,"featured_media":0,"parent":4913,"menu_order":0,"comment_status":"closed","ping_status":"closed","template":"","meta":{"_acf_changed":false,"footnotes":""},"class_list":["post-5213","page","type-page","status-publish","hentry"],"acf":[],"yoast_head":"<!-- This site is optimized with the Yoast SEO plugin v27.0 - https:\/\/yoast.com\/product\/yoast-seo-wordpress\/ -->\n<title>En guide till m\u00e5ttfullt spel p\u00e5 casinon utan svensk licens - Cosmena<\/title>\n<meta name=\"robots\" content=\"index, follow, max-snippet:-1, max-image-preview:large, max-video-preview:-1\" \/>\n<link rel=\"canonical\" href=\"https:\/\/cosmena.com\/sv\/livsstil\/en-guide-till-mattfullt-spel-pa-casinon-utan-svensk-licens\/\" \/>\n<meta property=\"og:locale\" content=\"sv_SE\" \/>\n<meta property=\"og:type\" content=\"article\" \/>\n<meta property=\"og:title\" content=\"En guide till m\u00e5ttfullt spel p\u00e5 casinon utan svensk licens - Cosmena\" \/>\n<meta property=\"og:description\" content=\"En guide till m\u00e5ttfullt spel p\u00e5 casinon utan svensk licens Just nu r\u00e5der det...\" \/>\n<meta property=\"og:url\" content=\"https:\/\/cosmena.com\/sv\/livsstil\/en-guide-till-mattfullt-spel-pa-casinon-utan-svensk-licens\/\" \/>\n<meta property=\"og:site_name\" content=\"Cosmena\" \/>\n<meta property=\"article:modified_time\" content=\"2024-07-24T08:46:52+00:00\" \/>\n<meta name=\"twitter:card\" content=\"summary_large_image\" \/>\n<meta name=\"twitter:label1\" content=\"Ber\u00e4knad l\u00e4stid\" \/>\n\t<meta name=\"twitter:data1\" content=\"5 minuter\" \/>\n<!-- \/ Yoast SEO plugin. -->","yoast_head_json":{"title":"En guide till m\u00e5ttfullt spel p\u00e5 casinon utan svensk licens - Cosmena","robots":{"index":"index","follow":"follow","max-snippet":"max-snippet:-1","max-image-preview":"max-image-preview:large","max-video-preview":"max-video-preview:-1"},"canonical":"https:\/\/cosmena.com\/sv\/livsstil\/en-guide-till-mattfullt-spel-pa-casinon-utan-svensk-licens\/","og_locale":"sv_SE","og_type":"article","og_title":"En guide till m\u00e5ttfullt spel p\u00e5 casinon utan svensk licens - Cosmena","og_description":"En guide till m\u00e5ttfullt spel p\u00e5 casinon utan svensk licens Just nu r\u00e5der det...","og_url":"https:\/\/cosmena.com\/sv\/livsstil\/en-guide-till-mattfullt-spel-pa-casinon-utan-svensk-licens\/","og_site_name":"Cosmena","article_modified_time":"2024-07-24T08:46:52+00:00","twitter_card":"summary_large_image","twitter_misc":{"Ber\u00e4knad l\u00e4stid":"5 minuter"},"schema":{"@context":"https:\/\/schema.org","@graph":[{"@type":"WebPage","@id":"https:\/\/cosmena.com\/sv\/livsstil\/en-guide-till-mattfullt-spel-pa-casinon-utan-svensk-licens\/","url":"https:\/\/cosmena.com\/sv\/livsstil\/en-guide-till-mattfullt-spel-pa-casinon-utan-svensk-licens\/","name":"En guide till m\u00e5ttfullt spel p\u00e5 casinon utan svensk licens - Cosmena","isPartOf":{"@id":"https:\/\/cosmena.com\/sv\/#website"},"datePublished":"2024-07-24T08:46:50+00:00","dateModified":"2024-07-24T08:46:52+00:00","breadcrumb":{"@id":"https:\/\/cosmena.com\/sv\/livsstil\/en-guide-till-mattfullt-spel-pa-casinon-utan-svensk-licens\/#breadcrumb"},"inLanguage":"sv-SE","potentialAction":[{"@type":"ReadAction","target":["https:\/\/cosmena.com\/sv\/livsstil\/en-guide-till-mattfullt-spel-pa-casinon-utan-svensk-licens\/"]}]},{"@type":"BreadcrumbList","@id":"https:\/\/cosmena.com\/sv\/livsstil\/en-guide-till-mattfullt-spel-pa-casinon-utan-svensk-licens\/#breadcrumb","itemListElement":[{"@type":"ListItem","position":1,"name":"Home","item":"https:\/\/cosmena.com\/sv\/"},{"@type":"ListItem","position":2,"name":"Livsstil","item":"https:\/\/cosmena.com\/sv\/livsstil\/"},{"@type":"ListItem","position":3,"name":"En guide till m\u00e5ttfullt spel p\u00e5 casinon utan svensk licens"}]},{"@type":"WebSite","@id":"https:\/\/cosmena.com\/sv\/#website","url":"https:\/\/cosmena.com\/sv\/","name":"Cosmena","description":"Your extensive guide to cosmetic treatments","publisher":{"@id":"https:\/\/cosmena.com\/sv\/#organization"},"potentialAction":[{"@type":"SearchAction","target":{"@type":"EntryPoint","urlTemplate":"https:\/\/cosmena.com\/sv\/?s={search_term_string}"},"query-input":{"@type":"PropertyValueSpecification","valueRequired":true,"valueName":"search_term_string"}}],"inLanguage":"sv-SE"},{"@type":"Organization","@id":"https:\/\/cosmena.com\/sv\/#organization","name":"Cosmena","url":"https:\/\/cosmena.com\/sv\/","logo":{"@type":"ImageObject","inLanguage":"sv-SE","@id":"https:\/\/cosmena.com\/sv\/#\/schema\/logo\/image\/","url":"https:\/\/cosmena.com\/wp-content\/uploads\/2021\/06\/cosmena-logo-bw-1.1.png","contentUrl":"https:\/\/cosmena.com\/wp-content\/uploads\/2021\/06\/cosmena-logo-bw-1.1.png","width":600,"height":82,"caption":"Cosmena"},"image":{"@id":"https:\/\/cosmena.com\/sv\/#\/schema\/logo\/image\/"}}]}},"_links":{"self":[{"href":"https:\/\/cosmena.com\/sv\/wp-json\/wp\/v2\/pages\/5213","targetHints":{"allow":["GET"]}}],"collection":[{"href":"https:\/\/cosmena.com\/sv\/wp-json\/wp\/v2\/pages"}],"about":[{"href":"https:\/\/cosmena.com\/sv\/wp-json\/wp\/v2\/types\/page"}],"author":[{"embeddable":true,"href":"https:\/\/cosmena.com\/sv\/wp-json\/wp\/v2\/users\/9"}],"replies":[{"embeddable":true,"href":"https:\/\/cosmena.com\/sv\/wp-json\/wp\/v2\/comments?post=5213"}],"version-history":[{"count":2,"href":"https:\/\/cosmena.com\/sv\/wp-json\/wp\/v2\/pages\/5213\/revisions"}],"predecessor-version":[{"id":5215,"href":"https:\/\/cosmena.com\/sv\/wp-json\/wp\/v2\/pages\/5213\/revisions\/5215"}],"up":[{"embeddable":true,"href":"https:\/\/cosmena.com\/sv\/wp-json\/wp\/v2\/pages\/4913"}],"wp:attachment":[{"href":"https:\/\/cosmena.com\/sv\/wp-json\/wp\/v2\/media?parent=5213"}],"curies":[{"name":"wp","href":"https:\/\/api.w.org\/{rel}","templated":true}]}}