{"id":5298,"date":"2024-09-17T09:43:06","date_gmt":"2024-09-17T07:43:06","guid":{"rendered":"https:\/\/cosmena.com\/?page_id=5298"},"modified":"2024-09-17T09:43:08","modified_gmt":"2024-09-17T07:43:08","slug":"ytliga-blodkarl-i-ansiktet-det-har-kan-du-gora-sjalv","status":"publish","type":"page","link":"https:\/\/cosmena.com\/sv\/halsa-lakemedel\/ytliga-blodkarl-i-ansiktet-det-har-kan-du-gora-sjalv\/","title":{"rendered":"Ytliga blodk\u00e4rl i ansiktet &#8211; det h\u00e4r kan du g\u00f6ra sj\u00e4lv"},"content":{"rendered":"\n<h1 class=\"wp-block-heading\">Ytliga blodk\u00e4rl i ansiktet<\/h1>\n\n\n\n<p><em><img loading=\"lazy\" decoding=\"async\" src=\"https:\/\/lh7-rt.googleusercontent.com\/docsz\/AD_4nXfRSlLKaxdhnGuJS-755AnBFj8-5MqfB4uiRHA4D_mi8jLTs7MSh-u8mbBGwZUp6k5nwOqOocmoGNRe8SCW61SPw9gb5_cN11HUk0es3pZaIGSNrPtn7j01PFgR9N3PhrpF22SIGWzv1wk2QMBze5G99IdE?key=ksMnSWuBao8VQwRRKDt-_A\" width=\"624\" height=\"312\"><\/em><\/p>\n\n\n\n<p>Ansiktet \u00e4r ofta det f\u00f6rsta vi l\u00e4gger m\u00e4rke till hos andra &#8211; d\u00e4rf\u00f6r kan det vara viktigt f\u00f6r m\u00e5nga hur vi sj\u00e4lva ser ut och uppfattas. Eftersom v\u00e5rt ansikte \u00e4r s\u00e5 centralt kan just denna kroppsdel vara i stort fokus f\u00f6r m\u00e5nga och d\u00e5 kan exempelvis framtr\u00e4dande ytliga blodk\u00e4rl bli frustrerande f\u00f6r vissa att ha. Enligt \u00c5derbr\u00e5cksklinkernas hemsida \u00e4r det ungef\u00e4r 30 % av Sveriges befolkning som har eller kommer n\u00e5gon g\u00e5ng ha synliga blodk\u00e4rl. Om du k\u00e4nner igen dig i detta s\u00e5 kommer h\u00e4r n\u00e5gra tips p\u00e5 vad du sj\u00e4lv kan g\u00f6ra g\u00e4llande dessa synliga blodk\u00e4rl i ansiktet och orsaker till att de finns.&nbsp;<\/p>\n\n\n\n<p><em><strong>Viktigt att komma ih\u00e5g \u00e4r dock att alltid kontakta l\u00e4kare f\u00f6r r\u00e5dfr\u00e5gan innan man g\u00f6r egna ingrepp eller liknande.\u00a0<\/strong><\/em><\/p>\n\n\n\n<h2 class=\"wp-block-heading\"><strong>Vad \u00e4r ytliga blodk\u00e4rl?<\/strong><\/h2>\n\n\n\n<p>AcneSpecialisten f\u00f6rklarar att ytliga blodk\u00e4rl \u00e4r mindre k\u00e4rl som expanderats och ligger n\u00e4ra hudytan vilket d\u00e4rf\u00f6r g\u00f6r dem mer synliga. N\u00e4r blodk\u00e4rlen har expanderats s\u00e5 har det f\u00f6rekommit brister i k\u00e4rlv\u00e4ggarna och dessa har blivit svagare. D\u00e5 dessa k\u00e4rl som sagt n\u00e4ra hudbarri\u00e4ren s\u00e5 blir de mer framtr\u00e4dande som i exempelvis ansiktet och d\u00e5 vanligtvis p\u00e5 kinderna, n\u00e4san eller i \u00f6gonomr\u00e5det. N\u00e4r blodk\u00e4rlen har expanderats s\u00e5 har det f\u00f6rekommit brister i k\u00e4rlv\u00e4ggarna och dessa har blivit svagare. Dessa kan \u00e4ven ha olika f\u00e4rger, s\u00e5som r\u00f6da, lila eller bl\u00e5, samt skifta i b\u00e5de utseende och omfattning.<\/p>\n\n\n\n<p>Vidare f\u00f6rklarar V\u00e5rden.se att ytliga blodk\u00e4rl \u00e4ven kan vara n\u00e5gon enstaka som \u00e4r synlig eller s\u00e5 kan det framtr\u00e4da som ett slags spindeln\u00e4t vilket brukar kallas f\u00f6r <em>\u00e5dern\u00e4t<\/em>. Dessa blodk\u00e4rl kan ocks\u00e5 beskrivas som en mindre variant av <em>\u00e5derbr\u00e5ck<\/em>. Ibland kan de \u00e4ven blandas ihop med <em>brustna blodk\u00e4rl<\/em> vilket inte \u00e4r samma sak, d\u00e5 dessa blodk\u00e4rl \u00e4r vad vi kallar bl\u00e5m\u00e4rken och som brukar l\u00e4ka av sig sj\u00e4lvt.&nbsp;<\/p>\n\n\n\n<h2 class=\"wp-block-heading\"><strong>\u00c4r ytliga blodk\u00e4rl farliga?<\/strong><\/h2>\n\n\n\n<p>Synliga blodk\u00e4rl \u00e4r inte farliga, f\u00f6rklarar V\u00e5rden.se, dock kan de vara tecken p\u00e5 eventuellt dolda sjukdomar eller obalanser i vardagen och livet. D\u00e4rmed kan det vara bra att kontakta en l\u00e4kare eller hudv\u00e5rdsterapeut f\u00f6r unders\u00f6kning ifall du pl\u00f6tsligt f\u00e5r ytliga blodk\u00e4rl. Vidare kan \u00e4ven dessa blodk\u00e4rl leda till utveckling av \u00e5derbr\u00e5ck, vilket kan ge st\u00f6rre obehag eller lidande. Sedan finns det \u00e4ven andra effekter av framtr\u00e4dande blodk\u00e4rl rent utseendem\u00e4ssigt f\u00f6r vissa, vilket kan p\u00e5verka m\u00e5endet negativt p\u00e5 olika s\u00e4tt.\u00a0<\/p>\n\n\n\n<h2 class=\"wp-block-heading\"><strong>Varf\u00f6r har vissa ytliga blodk\u00e4rl i ansiktet?<\/strong><\/h2>\n\n\n\n<h3 class=\"wp-block-heading\">Genetik och \u00e5lder<\/h3>\n\n\n\n<p>AcneSpecialisten beskriver att det kan finnas flera orsaker till varf\u00f6r man f\u00e5r synliga blodk\u00e4rl i ansiktet som kan vara b\u00e5de inv\u00e4ndiga eller utv\u00e4ndiga s\u00e5dana. Genetikens inverkan \u00e4r dock en vanlig faktor som har stor betydelse. \u00c4ven \u00e5lder kan p\u00e5verka f\u00f6rekomsten av ytliga blodk\u00e4rl d\u00e5 ju \u00e4ldre man blir, desto \u00e4ldre blir \u00e4ven huden som tappar elasticiteten och f\u00f6rtunnas. Detta g\u00f6r att blodk\u00e4rlen blir \u00e4n tydligare och framtr\u00e4dande med tidens g\u00e5ng. Dessutom kan \u00e4ven hormonella obalanser eller rubbningar, under klimakteriet eller graviditet, kan ha stor inverkan.&nbsp;<\/p>\n\n\n\n<h3 class=\"wp-block-heading\">Solljus och livsstil<\/h3>\n\n\n\n<p>\u00c4ven exponering av solen kan vara en bidragande faktor till ytliga blodk\u00e4rl i ansiktet enligt AcneSpecialisten. Detta eftersom solens UV-str\u00e5lar kan f\u00f6rs\u00e4mra hudens kollagen som i sin tur g\u00f6r blodk\u00e4rlen \u00e4n mer framtr\u00e4dande. Detta kan motverkas genom korrekt anv\u00e4ndning av solskyddsfaktor. Dessutom kan livsstilsval ha stor p\u00e5verkan g\u00e4llande hur synliga blodk\u00e4rl kan vara. Om du r\u00f6ker eller dricker alkohol s\u00e5 inverkar det p\u00e5 din blodcirkulation, vilket i sin tur kan p\u00e5verka f\u00f6rekomsten av ytliga blodk\u00e4rl, f\u00f6rklarar AcneSpecialisten.&nbsp;<\/p>\n\n\n\n<h3 class=\"wp-block-heading\">H\u00e4lsa och sjukdomar<\/h3>\n\n\n\n<p>En orsak till framtr\u00e4dande blodk\u00e4rl beror p\u00e5 vilken m\u00e4ngd underhudsfett du har &#8211; detta f\u00f6rklarar varf\u00f6r atleters blodk\u00e4rl kan vara tydligt synliga \u00e4ven fysiken kan vara p\u00e5 topp. Med andra ord, ju mindre underhudsfett du har &#8211; desto mer synliga blodk\u00e4rl kan du ha enligt V\u00e5rden.se.&nbsp;<\/p>\n\n\n\n<p>Enligt 1177 best\u00e5r kan framtr\u00e4dande ytliga blodk\u00e4rl i ansiktet bero p\u00e5 hudsjukdomen <em>rosacea<\/em> som ofta ger rodnad eller utslag. Ett vanligt symptom av sjukdomen \u00e4r just synliga blodk\u00e4rl som framtr\u00e4der som r\u00f6da, tunna linjer i ansiktet. Vidare enligt AcneSpecialisten s\u00e5 kan \u00e4ven h\u00f6gt blodtryck ha stor inverkan d\u00e5 detta kan p\u00e5verka blodk\u00e4rlen mer och f\u00e5 dem att g\u00e5 s\u00f6nder.&nbsp;<\/p>\n\n\n\n<h2 class=\"wp-block-heading\"><strong>Tips f\u00f6r att motverka ytliga blodk\u00e4rl i ansiktet<\/strong><\/h2>\n\n\n\n<p>Om du upplever dina ytliga blodk\u00e4rl som st\u00f6rande, frustrerande eller jobbiga s\u00e5 finns det flera saker du kan g\u00f6ra f\u00f6r att minska deras synlighet. Det som f\u00f6rst rekommenderas \u00e4r att kontakta l\u00e4kare eller hudv\u00e5rdsterapeut, s\u00e4rskilt innan eventuella egna ingrepp eller liknande.<\/p>\n\n\n\n<h3 class=\"wp-block-heading\">Vad kan du g\u00f6ra sj\u00e4lv?<\/h3>\n\n\n\n<p>D\u00e5 f\u00f6rekomsten av ytliga blodk\u00e4rl kan bero p\u00e5 livsstilsval exempelvis, s\u00e5 kan det vara bra att fundera kring dessa och eventuellt g\u00f6ra f\u00f6r\u00e4ndringar vilket kan hj\u00e4lpa tillst\u00e5ndet och v\u00e4lm\u00e5endet av din hud.&nbsp;<\/p>\n\n\n\n<p>Att ta hand om din hy p\u00e5 r\u00e4tt s\u00e4tt kan ocks\u00e5 ha stor inverkan, det f\u00f6rklarar 1177 g\u00e4llande hudsjukdomen <em>rosacea<\/em>. Exempelvis kan det hj\u00e4lpa att undvika starka och parfymerade hudprodukter. Ist\u00e4llet ska man anv\u00e4nda milda s\u00e5dana som \u00e4r utformade f\u00f6r k\u00e4nslig hud eller det specifika problemet man har. Det uppmanas \u00e4ven till att inte anv\u00e4nda kortison eller oljor, d\u00e5 det ist\u00e4llet kan f\u00f6rv\u00e4rra problemen. Ut\u00f6ver \u00e4r det \u00e4ven mycket viktigt att anv\u00e4nda solskyddsfaktor, s\u00e4rskilt p\u00e5 kroppsdelar som ofta \u00e4r i solen. Dessa faktorer kan \u00e4ven p\u00e5verka f\u00f6rekomsten av ytliga blodk\u00e4rl, f\u00f6rklarar AcneSpecialisten, och kan d\u00e4rmed hj\u00e4lpa.&nbsp;<\/p>\n\n\n\n<h3 class=\"wp-block-heading\">Vilka behandlingar finns?<\/h3>\n\n\n\n<p>Om du har provat att sj\u00e4lv minska dina ytliga blodk\u00e4rl men inte upplever n\u00e5gon f\u00f6rb\u00e4ttring, s\u00e5 kan du \u00e4ven genomg\u00e5 vissa hudbehandlingar (efter samr\u00e5d med l\u00e4kare eller hudv\u00e5rdsterapeut). AcneSpecialisten beskriver att exempelvis IPL (intensivt pulserande ljus) kan anv\u00e4ndas som behandling vid synliga blodk\u00e4rl. Metoden anv\u00e4nder ljusv\u00e5gor, som krymper de ytliga blodk\u00e4rlen, f\u00f6r att skapa en j\u00e4mnare hudton och p\u00e5 s\u00e5 vis minska synligheten av ytliga blodk\u00e4rl. Vidare kan \u00e4ven behandling med laser hj\u00e4lpa. Vissa produkter som anv\u00e4nder IPL-teknik eller laser finns \u00e4ven f\u00f6r eget hemmabruk, beskriver V\u00e5rden.se, och kan anv\u00e4ndas f\u00f6r att minska synligheten av ytliga blodk\u00e4rl.&nbsp;<\/p>\n\n\n\n<p>Vidare f\u00f6rklarar V\u00e5rden.se att \u00e4ven injektioner som g\u00f6r att de ytliga blodk\u00e4rlens v\u00e4ggar minskar och krymper. Detta tvingar blodet att hitta nya s\u00e4tt att ta sig runt. Metoden kallas <em>sklerosering<\/em> och kan erbjudas som behandling p\u00e5 hudv\u00e5rdssalonger.&nbsp;<\/p>\n\n\n\n<p><strong><em>Kom ih\u00e5g att alltid kontakta l\u00e4kare f\u00f6r r\u00e5dfr\u00e5gan innan egna ingrepp eller liknande.&nbsp;<\/em><\/strong><\/p>\n","protected":false},"excerpt":{"rendered":"<p>Ytliga blodk\u00e4rl i ansiktet Ansiktet \u00e4r ofta det f\u00f6rsta vi l\u00e4gger m\u00e4rke till hos&#8230;<\/p>\n","protected":false},"author":9,"featured_media":5300,"parent":4988,"menu_order":0,"comment_status":"closed","ping_status":"closed","template":"","meta":{"_acf_changed":false,"footnotes":""},"class_list":["post-5298","page","type-page","status-publish","has-post-thumbnail","hentry"],"acf":[],"yoast_head":"<!-- This site is optimized with the Yoast SEO plugin v27.0 - https:\/\/yoast.com\/product\/yoast-seo-wordpress\/ -->\n<title>Ytliga blodk\u00e4rl i ansiktet - Det h\u00e4r kan du g\u00f6ra sj\u00e4lv<\/title>\n<meta name=\"description\" content=\"L\u00e4r dig minska ytliga blodk\u00e4rl i ansiktet med enkla metoder och behandlingar som IPL och livsstilsf\u00f6r\u00e4ndringar.\" \/>\n<meta name=\"robots\" content=\"index, follow, max-snippet:-1, max-image-preview:large, max-video-preview:-1\" \/>\n<link rel=\"canonical\" href=\"https:\/\/cosmena.com\/sv\/halsa-lakemedel\/ytliga-blodkarl-i-ansiktet-det-har-kan-du-gora-sjalv\/\" \/>\n<meta property=\"og:locale\" content=\"sv_SE\" \/>\n<meta property=\"og:type\" content=\"article\" \/>\n<meta property=\"og:title\" content=\"Ytliga blodk\u00e4rl i ansiktet - Det h\u00e4r kan du g\u00f6ra sj\u00e4lv\" \/>\n<meta property=\"og:description\" content=\"L\u00e4r dig minska ytliga blodk\u00e4rl i ansiktet med enkla metoder och behandlingar som IPL och livsstilsf\u00f6r\u00e4ndringar.\" \/>\n<meta property=\"og:url\" content=\"https:\/\/cosmena.com\/sv\/halsa-lakemedel\/ytliga-blodkarl-i-ansiktet-det-har-kan-du-gora-sjalv\/\" \/>\n<meta property=\"og:site_name\" content=\"Cosmena\" \/>\n<meta property=\"article:modified_time\" content=\"2024-09-17T07:43:08+00:00\" \/>\n<meta property=\"og:image\" content=\"https:\/\/cosmena.com\/wp-content\/uploads\/2024\/09\/ytliga-blodkarl-i-ansiktet.png\" \/>\n\t<meta property=\"og:image:width\" content=\"1018\" \/>\n\t<meta property=\"og:image:height\" content=\"548\" \/>\n\t<meta property=\"og:image:type\" content=\"image\/png\" \/>\n<meta name=\"twitter:card\" content=\"summary_large_image\" \/>\n<meta name=\"twitter:label1\" content=\"Ber\u00e4knad l\u00e4stid\" \/>\n\t<meta name=\"twitter:data1\" content=\"6 minuter\" \/>\n<!-- \/ Yoast SEO plugin. -->","yoast_head_json":{"title":"Ytliga blodk\u00e4rl i ansiktet - Det h\u00e4r kan du g\u00f6ra sj\u00e4lv","description":"L\u00e4r dig minska ytliga blodk\u00e4rl i ansiktet med enkla metoder och behandlingar som IPL och livsstilsf\u00f6r\u00e4ndringar.","robots":{"index":"index","follow":"follow","max-snippet":"max-snippet:-1","max-image-preview":"max-image-preview:large","max-video-preview":"max-video-preview:-1"},"canonical":"https:\/\/cosmena.com\/sv\/halsa-lakemedel\/ytliga-blodkarl-i-ansiktet-det-har-kan-du-gora-sjalv\/","og_locale":"sv_SE","og_type":"article","og_title":"Ytliga blodk\u00e4rl i ansiktet - Det h\u00e4r kan du g\u00f6ra sj\u00e4lv","og_description":"L\u00e4r dig minska ytliga blodk\u00e4rl i ansiktet med enkla metoder och behandlingar som IPL och livsstilsf\u00f6r\u00e4ndringar.","og_url":"https:\/\/cosmena.com\/sv\/halsa-lakemedel\/ytliga-blodkarl-i-ansiktet-det-har-kan-du-gora-sjalv\/","og_site_name":"Cosmena","article_modified_time":"2024-09-17T07:43:08+00:00","og_image":[{"width":1018,"height":548,"url":"https:\/\/cosmena.com\/wp-content\/uploads\/2024\/09\/ytliga-blodkarl-i-ansiktet.png","type":"image\/png"}],"twitter_card":"summary_large_image","twitter_misc":{"Ber\u00e4knad l\u00e4stid":"6 minuter"},"schema":{"@context":"https:\/\/schema.org","@graph":[{"@type":"WebPage","@id":"https:\/\/cosmena.com\/sv\/halsa-lakemedel\/ytliga-blodkarl-i-ansiktet-det-har-kan-du-gora-sjalv\/","url":"https:\/\/cosmena.com\/sv\/halsa-lakemedel\/ytliga-blodkarl-i-ansiktet-det-har-kan-du-gora-sjalv\/","name":"Ytliga blodk\u00e4rl i ansiktet - Det h\u00e4r kan du g\u00f6ra sj\u00e4lv","isPartOf":{"@id":"https:\/\/cosmena.com\/sv\/#website"},"primaryImageOfPage":{"@id":"https:\/\/cosmena.com\/sv\/halsa-lakemedel\/ytliga-blodkarl-i-ansiktet-det-har-kan-du-gora-sjalv\/#primaryimage"},"image":{"@id":"https:\/\/cosmena.com\/sv\/halsa-lakemedel\/ytliga-blodkarl-i-ansiktet-det-har-kan-du-gora-sjalv\/#primaryimage"},"thumbnailUrl":"https:\/\/cosmena.com\/wp-content\/uploads\/2024\/09\/ytliga-blodkarl-i-ansiktet.png","datePublished":"2024-09-17T07:43:06+00:00","dateModified":"2024-09-17T07:43:08+00:00","description":"L\u00e4r dig minska ytliga blodk\u00e4rl i ansiktet med enkla metoder och behandlingar som IPL och livsstilsf\u00f6r\u00e4ndringar.","breadcrumb":{"@id":"https:\/\/cosmena.com\/sv\/halsa-lakemedel\/ytliga-blodkarl-i-ansiktet-det-har-kan-du-gora-sjalv\/#breadcrumb"},"inLanguage":"sv-SE","potentialAction":[{"@type":"ReadAction","target":["https:\/\/cosmena.com\/sv\/halsa-lakemedel\/ytliga-blodkarl-i-ansiktet-det-har-kan-du-gora-sjalv\/"]}]},{"@type":"ImageObject","inLanguage":"sv-SE","@id":"https:\/\/cosmena.com\/sv\/halsa-lakemedel\/ytliga-blodkarl-i-ansiktet-det-har-kan-du-gora-sjalv\/#primaryimage","url":"https:\/\/cosmena.com\/wp-content\/uploads\/2024\/09\/ytliga-blodkarl-i-ansiktet.png","contentUrl":"https:\/\/cosmena.com\/wp-content\/uploads\/2024\/09\/ytliga-blodkarl-i-ansiktet.png","width":1018,"height":548,"caption":"ytliga blodka\u0308rl i ansiktet"},{"@type":"BreadcrumbList","@id":"https:\/\/cosmena.com\/sv\/halsa-lakemedel\/ytliga-blodkarl-i-ansiktet-det-har-kan-du-gora-sjalv\/#breadcrumb","itemListElement":[{"@type":"ListItem","position":1,"name":"Home","item":"https:\/\/cosmena.com\/sv\/"},{"@type":"ListItem","position":2,"name":"H\u00e4lsa &#038; L\u00e4kemedel","item":"https:\/\/cosmena.com\/sv\/halsa-lakemedel\/"},{"@type":"ListItem","position":3,"name":"Ytliga blodk\u00e4rl i ansiktet &#8211; det h\u00e4r kan du g\u00f6ra sj\u00e4lv"}]},{"@type":"WebSite","@id":"https:\/\/cosmena.com\/sv\/#website","url":"https:\/\/cosmena.com\/sv\/","name":"Cosmena","description":"Your extensive guide to cosmetic treatments","publisher":{"@id":"https:\/\/cosmena.com\/sv\/#organization"},"potentialAction":[{"@type":"SearchAction","target":{"@type":"EntryPoint","urlTemplate":"https:\/\/cosmena.com\/sv\/?s={search_term_string}"},"query-input":{"@type":"PropertyValueSpecification","valueRequired":true,"valueName":"search_term_string"}}],"inLanguage":"sv-SE"},{"@type":"Organization","@id":"https:\/\/cosmena.com\/sv\/#organization","name":"Cosmena","url":"https:\/\/cosmena.com\/sv\/","logo":{"@type":"ImageObject","inLanguage":"sv-SE","@id":"https:\/\/cosmena.com\/sv\/#\/schema\/logo\/image\/","url":"https:\/\/cosmena.com\/wp-content\/uploads\/2021\/06\/cosmena-logo-bw-1.1.png","contentUrl":"https:\/\/cosmena.com\/wp-content\/uploads\/2021\/06\/cosmena-logo-bw-1.1.png","width":600,"height":82,"caption":"Cosmena"},"image":{"@id":"https:\/\/cosmena.com\/sv\/#\/schema\/logo\/image\/"}}]}},"_links":{"self":[{"href":"https:\/\/cosmena.com\/sv\/wp-json\/wp\/v2\/pages\/5298","targetHints":{"allow":["GET"]}}],"collection":[{"href":"https:\/\/cosmena.com\/sv\/wp-json\/wp\/v2\/pages"}],"about":[{"href":"https:\/\/cosmena.com\/sv\/wp-json\/wp\/v2\/types\/page"}],"author":[{"embeddable":true,"href":"https:\/\/cosmena.com\/sv\/wp-json\/wp\/v2\/users\/9"}],"replies":[{"embeddable":true,"href":"https:\/\/cosmena.com\/sv\/wp-json\/wp\/v2\/comments?post=5298"}],"version-history":[{"count":2,"href":"https:\/\/cosmena.com\/sv\/wp-json\/wp\/v2\/pages\/5298\/revisions"}],"predecessor-version":[{"id":5303,"href":"https:\/\/cosmena.com\/sv\/wp-json\/wp\/v2\/pages\/5298\/revisions\/5303"}],"up":[{"embeddable":true,"href":"https:\/\/cosmena.com\/sv\/wp-json\/wp\/v2\/pages\/4988"}],"wp:featuredmedia":[{"embeddable":true,"href":"https:\/\/cosmena.com\/sv\/wp-json\/wp\/v2\/media\/5300"}],"wp:attachment":[{"href":"https:\/\/cosmena.com\/sv\/wp-json\/wp\/v2\/media?parent=5298"}],"curies":[{"name":"wp","href":"https:\/\/api.w.org\/{rel}","templated":true}]}}