{"id":5306,"date":"2024-09-30T15:31:20","date_gmt":"2024-09-30T13:31:20","guid":{"rendered":"https:\/\/cosmena.com\/?page_id=5306"},"modified":"2024-09-30T15:31:34","modified_gmt":"2024-09-30T13:31:34","slug":"ta-bort-leverflackar","status":"publish","type":"page","link":"https:\/\/cosmena.com\/sv\/halsa-lakemedel\/ta-bort-leverflackar\/","title":{"rendered":"Ta bort leverfl\u00e4ckar"},"content":{"rendered":"\n<h1 class=\"wp-block-heading\">Ta bort leverfl\u00e4ckar<\/h1>\n\n\n\n<figure class=\"wp-block-image size-full\"><img loading=\"lazy\" decoding=\"async\" width=\"920\" height=\"450\" src=\"https:\/\/cosmena.com\/wp-content\/uploads\/2024\/09\/leverflackar.png\" alt=\"leverfla\u0308ckar\" class=\"wp-image-5313\" srcset=\"https:\/\/cosmena.com\/wp-content\/uploads\/2024\/09\/leverflackar.png 920w, https:\/\/cosmena.com\/wp-content\/uploads\/2024\/09\/leverflackar-300x147.png 300w, https:\/\/cosmena.com\/wp-content\/uploads\/2024\/09\/leverflackar-768x376.png 768w\" sizes=\"auto, (max-width: 920px) 100vw, 920px\" \/><\/figure>\n\n\n\n<p>Leverfl\u00e4ckar, eller f\u00f6delsem\u00e4rken som ocks\u00e5 ofta kallas, \u00e4r n\u00e5got som m\u00e5nga av oss har. AcneSpecialisten och 1177 f\u00f6rklarar att dessa pigmenterade hudf\u00f6r\u00e4ndringar kan vara placerade var som p\u00e5 kroppen och variera i storlek, form eller f\u00e4rg. Ofta f\u00f6ds vi med v\u00e5ra leverfl\u00e4ckar, d\u00e4rav namnet f\u00f6delsem\u00e4rken, eller s\u00e5 utvecklas de i ung \u00e5lder. Dessa \u00e4r s\u00e4llan farliga, men b\u00f6r vid vissa tillf\u00e4llen unders\u00f6kas eller behandlas ifall de exempelvis f\u00f6r\u00e4ndras i sin ursprungliga form. Upplever du att dina leverfl\u00e4ckar har \u00e4ndrats eller liknande? Is\u00e5fall se nedan f\u00f6r vad du kan g\u00f6ra!<\/p>\n\n\n\n<p><strong><em>Kom ih\u00e5g att alltid kontakta l\u00e4kare f\u00f6r r\u00e5dfr\u00e5gan innan man g\u00f6r egna ingrepp eller liknande.&nbsp;<\/em><\/strong><\/p>\n\n\n\n<h2 class=\"wp-block-heading\"><strong>Hur ser v\u00e5ra leverfl\u00e4ckar ut?<\/strong><\/h2>\n\n\n\n<figure class=\"wp-block-image size-full is-resized\"><img loading=\"lazy\" decoding=\"async\" width=\"328\" height=\"470\" src=\"https:\/\/cosmena.com\/wp-content\/uploads\/2024\/09\/hur-ser-leverflackar-ut.png\" alt=\"hur ser leverfla\u0308ckar ut?\" class=\"wp-image-5307\" style=\"width:262px;height:auto\" srcset=\"https:\/\/cosmena.com\/wp-content\/uploads\/2024\/09\/hur-ser-leverflackar-ut.png 328w, https:\/\/cosmena.com\/wp-content\/uploads\/2024\/09\/hur-ser-leverflackar-ut-209x300.png 209w\" sizes=\"auto, (max-width: 328px) 100vw, 328px\" \/><\/figure>\n\n\n\n<p>Leverfl\u00e4ckar f\u00f6ds vi vanligtvis med och dessa \u00e4r vanligtvis runda eller ovala i sin form. Dessa hudm\u00e4rken har \u00e4ven normalt sett ett j\u00e4mnt utseende &#8211; i b\u00e5de f\u00e4rg och yta, f\u00f6rklarar 1177. Normalt sett kan f\u00f6delsem\u00e4rkena vara ljusbruna, svartbruna, r\u00f6da eller ljusa i f\u00e4rgen. Vanliga leverfl\u00e4ckar \u00e4r d\u00e4rmed s\u00e4llan farliga, \u00e4ven om de kan vara besv\u00e4rliga vid skav mot exempelvis kl\u00e4der, och beh\u00f6ver d\u00e4rmed inte alltid behandlas.&nbsp;<\/p>\n\n\n\n<p>V\u00e5ra leverfl\u00e4ckar \u00e4r som sagt vanligtvis medf\u00f6dda men kan bli fler under livets g\u00e5ng, ofta vid tidig \u00e5lder. Dock kan man \u00e4ven f\u00e5 fler f\u00f6delsem\u00e4rken senare i livet, periodvis eller gradvis fram till cirka 30-\u00e5rs\u00e5ldern, f\u00f6rklarar 1177. \u00c4ven graviditet kan medf\u00f6ra att leverfl\u00e4ckar \u00f6kar i antal.<\/p>\n\n\n\n<h2 class=\"wp-block-heading\"><strong>Vilka slags leverfl\u00e4ckar kan jag beh\u00f6va ta bort?<\/strong><\/h2>\n\n\n\n<p>Om du som sagt upplever att dina leverfl\u00e4ckar f\u00f6r\u00e4ndras i utseende b\u00f6r du upps\u00f6ka l\u00e4kare och unders\u00f6ka dessa. Detta \u00e4r n\u00f6dv\u00e4ndigt, f\u00f6rklarar 1177, d\u00e5 f\u00f6r\u00e4ndringar i leverfl\u00e4ckarna g\u00e4llande form, f\u00e4rg eller storlek kan inneb\u00e4ra en risk f\u00f6r utvecklande av <em>malignt melanom<\/em> &#8211;&nbsp; allts\u00e5 hudcancer.&nbsp;<\/p>\n\n\n\n<h3 class=\"wp-block-heading\"><strong>\u2192 N\u00e4r beh\u00f6ver jag s\u00f6ka v\u00e5rd?<\/strong><\/h3>\n\n\n\n<p>Enligt 1177 uppmanas du att kontakta en v\u00e5rdcentral ifall dina leverfl\u00e4ckar &nbsp; \u00f6verensst\u00e4mmer med n\u00e5got eller n\u00e5gra av f\u00f6ljande:<\/p>\n\n\n\n<ul class=\"wp-block-list\">\n<li><em>Det \u00f6verg\u00e5r till att bli ett s\u00e5r.<\/em><\/li>\n\n\n\n<li><em>Det v\u00e4xer eller \u00e4ndrar form.<\/em><\/li>\n\n\n\n<li><em>Det \u00e4ndrar f\u00e4rg eller blir flammigt.<\/em><\/li>\n\n\n\n<li><em>Det b\u00f6rjar klia eller bl\u00f6da.<\/em><\/li>\n\n\n\n<li><em>Om du k\u00e4nner dig orolig eller har besv\u00e4r av dina leverfl\u00e4ckar.<\/em><\/li>\n<\/ul>\n\n\n\n<p>(Text h\u00e4mtad fr\u00e5n 1177).<\/p>\n\n\n\n<p>Vidare beskriver 1177 att de leverfl\u00e4ckar som unders\u00f6ks och eventuellt behandlas av l\u00e4kare skiljer sig fr\u00e5n dina \u00f6vriga, vanliga f\u00f6delsem\u00e4rken. Leverfl\u00e4ckarna som kan beh\u00f6va tas bort \u00e4r annorlunda i utseende &#8211; de \u00e4r n\u00e4mligen ofta st\u00f6rre \u00e4n fem millimeter samt \u00e4r n\u00e5got oj\u00e4mna i b\u00e5de f\u00e4rg och form. Dock beh\u00f6ver inte dessa f\u00f6delsem\u00e4rken, som skiljer sig i utseende, n\u00f6dv\u00e4ndigtvis inneb\u00e4ra att de \u00e4r farliga f\u00f6r dig. Men det rekommenderas att alltid l\u00e5ta l\u00e4kare unders\u00f6ka ifall du upplever f\u00f6r\u00e4ndringar i dina leverfl\u00e4ckar!<\/p>\n\n\n\n<h2 class=\"wp-block-heading\"><strong>Hur tas leverfl\u00e4ckar bort?<\/strong><\/h2>\n\n\n\n<figure class=\"wp-block-image size-full is-resized\"><img loading=\"lazy\" decoding=\"async\" width=\"452\" height=\"394\" src=\"https:\/\/cosmena.com\/wp-content\/uploads\/2024\/09\/leverflackar-rygg.png\" alt=\"leverfla\u0308ckar rygg\" class=\"wp-image-5310\" style=\"width:308px;height:auto\" srcset=\"https:\/\/cosmena.com\/wp-content\/uploads\/2024\/09\/leverflackar-rygg.png 452w, https:\/\/cosmena.com\/wp-content\/uploads\/2024\/09\/leverflackar-rygg-300x262.png 300w\" sizes=\"auto, (max-width: 452px) 100vw, 452px\" \/><\/figure>\n\n\n\n<p>Det f\u00f6rekommer olika behandlingss\u00e4tt om man ska ta bort leverfl\u00e4ckar, f\u00f6rklarar 1177. Om v\u00e5rden bed\u00f6mer att du ska ta bort f\u00f6delsem\u00e4rken av medicinska sk\u00e4l, s\u00e5som vid risk f\u00f6r\u00a0 <em>malignt melanom, <\/em>f\u00e5r du behandling f\u00f6r detta genom exempelvis operation, diatermi (br\u00e4nner bort v\u00e4vnad med hj\u00e4lp av v\u00e4rme via elstr\u00f6m) eller laser.\u00a0<\/p>\n\n\n\n<p>Hur ingreppet g\u00e5r till n\u00e4r du tar bort en leverfl\u00e4ck f\u00f6r medicinska sk\u00e4l, beskriver 1177. Inledningsvis s\u00e5 ska huden vid leverfl\u00e4cken bed\u00f6vas, detta g\u00f6rs genom en lokalbed\u00f6vning d\u00e4r snittet ska g\u00f6ras. N\u00e4r bed\u00f6vningen har b\u00f6rjat verka, vilket inte tar l\u00e4ngre \u00e4n n\u00e5gon minut, s\u00e5 b\u00f6rjar l\u00e4karen ingreppet. Du kommer fortfarande kunna k\u00e4nna ber\u00f6ring \u00e4ven om du \u00e4r bed\u00f6vad. Vanligtvis s\u00e5 inneb\u00e4r ingreppet att sj\u00e4lva leverfl\u00e4cken sk\u00e4rs bort med hj\u00e4lp av en skalpell och \u00e4ven n\u00e5gra millimeter hud runt omkring f\u00f6delsem\u00e4rket. Vid mindre leverfl\u00e4ckar kan l\u00e4karen \u00e4ven v\u00e4lja att stansa bort dessa med hj\u00e4lp av en h\u00e5lstans (en cirkelformad kniv). Dessa ingrepp tar oftast runt 10-20 minuter att genomf\u00f6ra. D\u00e4refter unders\u00f6ks leverfl\u00e4cken i laboratorium och du f\u00e5r besked om resultat inom ett par veckor.&nbsp;<\/p>\n\n\n\n<p>Vidare beskriver 1177 att ifall det finns andra sk\u00e4l f\u00f6r att ta bort leverfl\u00e4ckar, s\u00e5 som att det ger mindre former av besv\u00e4r eller ifall orsaken \u00e4r kosmetisk s\u00e5 kan du beh\u00f6va sj\u00e4lv st\u00e5 f\u00f6r behandlingen. <em>Men kom ih\u00e5g att alltid kontakta l\u00e4kare f\u00f6r r\u00e5dfr\u00e5gan innan egna ingrepp eller liknande.&nbsp;<\/em><\/p>\n\n\n\n<h3 class=\"wp-block-heading\"><strong>Kan jag ta bort leverfl\u00e4ckar sj\u00e4lv?<\/strong><\/h3>\n\n\n\n<p>D\u00e5 leverfl\u00e4ckar som sagt oftast \u00e4r medf\u00f6dda och d\u00e4rmed blir din genetik avg\u00f6rande f\u00f6r antalet f\u00f6delsem\u00e4rken och liknande. Detta g\u00f6r att du s\u00e4llan kan motverka uppkomsten av leverfl\u00e4ckar sj\u00e4lv, det du dock kan g\u00f6ra, enligt Hudl\u00e4kargruppen i Stockholm, \u00e4r att undvika solexponering d\u00e5 detta kan bidra till att dina f\u00f6delsem\u00e4rken \u00f6kar.<\/p>\n\n\n\n<figure class=\"wp-block-image size-full is-resized\"><img loading=\"lazy\" decoding=\"async\" width=\"494\" height=\"488\" src=\"https:\/\/cosmena.com\/wp-content\/uploads\/2024\/09\/ta-bort-leverflack.png\" alt=\"ta bort leverfla\u0308ck\" class=\"wp-image-5316\" style=\"width:263px;height:auto\" srcset=\"https:\/\/cosmena.com\/wp-content\/uploads\/2024\/09\/ta-bort-leverflack.png 494w, https:\/\/cosmena.com\/wp-content\/uploads\/2024\/09\/ta-bort-leverflack-300x296.png 300w\" sizes=\"auto, (max-width: 494px) 100vw, 494px\" \/><\/figure>\n\n\n\n<p>Men \u00f6nskar du att ta bort leverfl\u00e4ckar, med andra sk\u00e4l \u00e4n medicinska s\u00e5dana, s\u00e5 finns det olika behandlingar du sj\u00e4lv kan boka p\u00e5 olika estetiska klinker. AcneSpecialisten och 1177 f\u00f6rklarar att det finns olika sorters behandlingar f\u00f6r att ta bort leverfl\u00e4ckar, exempelvis kan f\u00f6delsem\u00e4rkena tas bort med hj\u00e4lp av laser eller <em>Cryo <\/em>(behandling med kyla).<\/p>\n\n\n\n<p>Vidare f\u00f6rklarar Acnespecialisten att vid Cryo-behandling f\u00f6r borttagande av leverfl\u00e4ckar s\u00e5 anv\u00e4nds en slags penna som kallas <em>CryoPen<\/em> f\u00f6r att med h\u00f6g kyla punktbehandla leverfl\u00e4cken och p\u00e5 s\u00e5 vis ta bort den. Detta beskrivs som en v\u00e4ldigt smidig och varsam behandling. Man kan \u00e4ven anv\u00e4nda laser f\u00f6r att ta bort leverfl\u00e4ckar, f\u00f6rklarar Hudl\u00e4kargruppen i Stockholm, och d\u00e5 lasras helt enkelt f\u00f6delsem\u00e4rkena bort.&nbsp;<\/p>\n\n\n\n<h3 class=\"wp-block-heading\"><strong>Vad \u00e4r priset f\u00f6r att ta bort leverfl\u00e4ckar?<\/strong><\/h3>\n\n\n\n<p>Enligt AcneSpecialisten och Hudl\u00e4kargruppen i Stockholm som erbjuder estetiska behandlingar f\u00f6r att ta bort leverfl\u00e4ckar s\u00e5 beror priset p\u00e5 vilken typ av behandling som beh\u00f6vs och i vilken omfattning. Hos Hudl\u00e4kargruppen i Stockholm s\u00e5 ska man genomf\u00f6ra en konsultation och l\u00e4karunders\u00f6kning, hos Hudl\u00e4kargruppen i Stockholm, d\u00e4r priset \u00e4r 1250 kronor. En behandling hos AcneSpecialisten, d\u00e4r leverfl\u00e4ckar tas bort med hj\u00e4lp av CryoPen, s\u00e5 \u00e4r priset 995 kronor f\u00f6r en leverfl\u00e4ck. D\u00e4rmed kan priset f\u00f6r att ta bort leverfl\u00e4ckar variera n\u00e5got, men mellan 1000-1500 kronor kan en behandling kosta (f\u00f6r ett mindre antal leverfl\u00e4ckar) men det finns \u00e4ven billigare och dyrare behandlingar.&nbsp;<\/p>\n\n\n\n<h3 class=\"wp-block-heading\"><strong>Var i Stockholm kan jag ta bort leverfl\u00e4ckar?<\/strong><\/h3>\n\n\n\n<p>B\u00e5de <em>AcneSpecialisten <\/em>och <em>Hudl\u00e4kargruppen i Stockholm<\/em> erbjuder behandlingar f\u00f6r att ta bort leverfl\u00e4ckar i Stockholm, som kan bokas via deras hemsidor. Andra exempel p\u00e5 kliniker i Stockholm som erbjuder behandling f\u00f6r borttagning av leverfl\u00e4ckar \u00e4r <em>Nordiska Kliniken i Stockholm<\/em>, <em>Stockholmskliniken<\/em> och <em>Laserverket i Stockholm<\/em>.<\/p>\n\n\n\n<p><strong><em>Viktigt att alltid kontakta l\u00e4kare f\u00f6r r\u00e5dfr\u00e5gan innan man g\u00f6r egna ingrepp eller liknande.&nbsp;<\/em><\/strong><\/p>\n","protected":false},"excerpt":{"rendered":"<p>Ta bort leverfl\u00e4ckar Leverfl\u00e4ckar, eller f\u00f6delsem\u00e4rken som ocks\u00e5 ofta kallas, \u00e4r n\u00e5got som m\u00e5nga&#8230;<\/p>\n","protected":false},"author":9,"featured_media":5313,"parent":4988,"menu_order":0,"comment_status":"closed","ping_status":"closed","template":"","meta":{"_acf_changed":false,"footnotes":""},"class_list":["post-5306","page","type-page","status-publish","has-post-thumbnail","hentry"],"acf":[],"yoast_head":"<!-- This site is optimized with the Yoast SEO plugin v27.0 - https:\/\/yoast.com\/product\/yoast-seo-wordpress\/ -->\n<title>Vill du ta bort leverfl\u00e4ckar? - Cosmena<\/title>\n<meta name=\"description\" content=\"Vill du ta bort leverfl\u00e4ckar? F\u00e5 information om behandlingar och n\u00e4r du b\u00f6r s\u00f6ka v\u00e5rd f\u00f6r dina f\u00f6delsem\u00e4rken. Kika h\u00e4r!\" \/>\n<meta name=\"robots\" content=\"index, follow, max-snippet:-1, max-image-preview:large, max-video-preview:-1\" \/>\n<link rel=\"canonical\" href=\"https:\/\/cosmena.com\/sv\/halsa-lakemedel\/ta-bort-leverflackar\/\" \/>\n<meta property=\"og:locale\" content=\"sv_SE\" \/>\n<meta property=\"og:type\" content=\"article\" \/>\n<meta property=\"og:title\" content=\"Vill du ta bort leverfl\u00e4ckar? - Cosmena\" \/>\n<meta property=\"og:description\" content=\"Vill du ta bort leverfl\u00e4ckar? F\u00e5 information om behandlingar och n\u00e4r du b\u00f6r s\u00f6ka v\u00e5rd f\u00f6r dina f\u00f6delsem\u00e4rken. Kika h\u00e4r!\" \/>\n<meta property=\"og:url\" content=\"https:\/\/cosmena.com\/sv\/halsa-lakemedel\/ta-bort-leverflackar\/\" \/>\n<meta property=\"og:site_name\" content=\"Cosmena\" \/>\n<meta property=\"article:modified_time\" content=\"2024-09-30T13:31:34+00:00\" \/>\n<meta property=\"og:image\" content=\"https:\/\/cosmena.com\/wp-content\/uploads\/2024\/09\/leverflackar.png\" \/>\n\t<meta property=\"og:image:width\" content=\"920\" \/>\n\t<meta property=\"og:image:height\" content=\"450\" \/>\n\t<meta property=\"og:image:type\" content=\"image\/png\" \/>\n<meta name=\"twitter:card\" content=\"summary_large_image\" \/>\n<meta name=\"twitter:label1\" content=\"Ber\u00e4knad l\u00e4stid\" \/>\n\t<meta name=\"twitter:data1\" content=\"6 minuter\" \/>\n<!-- \/ Yoast SEO plugin. -->","yoast_head_json":{"title":"Vill du ta bort leverfl\u00e4ckar? - Cosmena","description":"Vill du ta bort leverfl\u00e4ckar? F\u00e5 information om behandlingar och n\u00e4r du b\u00f6r s\u00f6ka v\u00e5rd f\u00f6r dina f\u00f6delsem\u00e4rken. Kika h\u00e4r!","robots":{"index":"index","follow":"follow","max-snippet":"max-snippet:-1","max-image-preview":"max-image-preview:large","max-video-preview":"max-video-preview:-1"},"canonical":"https:\/\/cosmena.com\/sv\/halsa-lakemedel\/ta-bort-leverflackar\/","og_locale":"sv_SE","og_type":"article","og_title":"Vill du ta bort leverfl\u00e4ckar? - Cosmena","og_description":"Vill du ta bort leverfl\u00e4ckar? F\u00e5 information om behandlingar och n\u00e4r du b\u00f6r s\u00f6ka v\u00e5rd f\u00f6r dina f\u00f6delsem\u00e4rken. Kika h\u00e4r!","og_url":"https:\/\/cosmena.com\/sv\/halsa-lakemedel\/ta-bort-leverflackar\/","og_site_name":"Cosmena","article_modified_time":"2024-09-30T13:31:34+00:00","og_image":[{"width":920,"height":450,"url":"https:\/\/cosmena.com\/wp-content\/uploads\/2024\/09\/leverflackar.png","type":"image\/png"}],"twitter_card":"summary_large_image","twitter_misc":{"Ber\u00e4knad l\u00e4stid":"6 minuter"},"schema":{"@context":"https:\/\/schema.org","@graph":[{"@type":"WebPage","@id":"https:\/\/cosmena.com\/sv\/halsa-lakemedel\/ta-bort-leverflackar\/","url":"https:\/\/cosmena.com\/sv\/halsa-lakemedel\/ta-bort-leverflackar\/","name":"Vill du ta bort leverfl\u00e4ckar? - Cosmena","isPartOf":{"@id":"https:\/\/cosmena.com\/sv\/#website"},"primaryImageOfPage":{"@id":"https:\/\/cosmena.com\/sv\/halsa-lakemedel\/ta-bort-leverflackar\/#primaryimage"},"image":{"@id":"https:\/\/cosmena.com\/sv\/halsa-lakemedel\/ta-bort-leverflackar\/#primaryimage"},"thumbnailUrl":"https:\/\/cosmena.com\/wp-content\/uploads\/2024\/09\/leverflackar.png","datePublished":"2024-09-30T13:31:20+00:00","dateModified":"2024-09-30T13:31:34+00:00","description":"Vill du ta bort leverfl\u00e4ckar? F\u00e5 information om behandlingar och n\u00e4r du b\u00f6r s\u00f6ka v\u00e5rd f\u00f6r dina f\u00f6delsem\u00e4rken. Kika h\u00e4r!","breadcrumb":{"@id":"https:\/\/cosmena.com\/sv\/halsa-lakemedel\/ta-bort-leverflackar\/#breadcrumb"},"inLanguage":"sv-SE","potentialAction":[{"@type":"ReadAction","target":["https:\/\/cosmena.com\/sv\/halsa-lakemedel\/ta-bort-leverflackar\/"]}]},{"@type":"ImageObject","inLanguage":"sv-SE","@id":"https:\/\/cosmena.com\/sv\/halsa-lakemedel\/ta-bort-leverflackar\/#primaryimage","url":"https:\/\/cosmena.com\/wp-content\/uploads\/2024\/09\/leverflackar.png","contentUrl":"https:\/\/cosmena.com\/wp-content\/uploads\/2024\/09\/leverflackar.png","width":920,"height":450,"caption":"leverfla\u0308ckar"},{"@type":"BreadcrumbList","@id":"https:\/\/cosmena.com\/sv\/halsa-lakemedel\/ta-bort-leverflackar\/#breadcrumb","itemListElement":[{"@type":"ListItem","position":1,"name":"Home","item":"https:\/\/cosmena.com\/sv\/"},{"@type":"ListItem","position":2,"name":"H\u00e4lsa &#038; L\u00e4kemedel","item":"https:\/\/cosmena.com\/sv\/halsa-lakemedel\/"},{"@type":"ListItem","position":3,"name":"Ta bort leverfl\u00e4ckar"}]},{"@type":"WebSite","@id":"https:\/\/cosmena.com\/sv\/#website","url":"https:\/\/cosmena.com\/sv\/","name":"Cosmena","description":"Your extensive guide to cosmetic treatments","publisher":{"@id":"https:\/\/cosmena.com\/sv\/#organization"},"potentialAction":[{"@type":"SearchAction","target":{"@type":"EntryPoint","urlTemplate":"https:\/\/cosmena.com\/sv\/?s={search_term_string}"},"query-input":{"@type":"PropertyValueSpecification","valueRequired":true,"valueName":"search_term_string"}}],"inLanguage":"sv-SE"},{"@type":"Organization","@id":"https:\/\/cosmena.com\/sv\/#organization","name":"Cosmena","url":"https:\/\/cosmena.com\/sv\/","logo":{"@type":"ImageObject","inLanguage":"sv-SE","@id":"https:\/\/cosmena.com\/sv\/#\/schema\/logo\/image\/","url":"https:\/\/cosmena.com\/wp-content\/uploads\/2021\/06\/cosmena-logo-bw-1.1.png","contentUrl":"https:\/\/cosmena.com\/wp-content\/uploads\/2021\/06\/cosmena-logo-bw-1.1.png","width":600,"height":82,"caption":"Cosmena"},"image":{"@id":"https:\/\/cosmena.com\/sv\/#\/schema\/logo\/image\/"}}]}},"_links":{"self":[{"href":"https:\/\/cosmena.com\/sv\/wp-json\/wp\/v2\/pages\/5306","targetHints":{"allow":["GET"]}}],"collection":[{"href":"https:\/\/cosmena.com\/sv\/wp-json\/wp\/v2\/pages"}],"about":[{"href":"https:\/\/cosmena.com\/sv\/wp-json\/wp\/v2\/types\/page"}],"author":[{"embeddable":true,"href":"https:\/\/cosmena.com\/sv\/wp-json\/wp\/v2\/users\/9"}],"replies":[{"embeddable":true,"href":"https:\/\/cosmena.com\/sv\/wp-json\/wp\/v2\/comments?post=5306"}],"version-history":[{"count":1,"href":"https:\/\/cosmena.com\/sv\/wp-json\/wp\/v2\/pages\/5306\/revisions"}],"predecessor-version":[{"id":5319,"href":"https:\/\/cosmena.com\/sv\/wp-json\/wp\/v2\/pages\/5306\/revisions\/5319"}],"up":[{"embeddable":true,"href":"https:\/\/cosmena.com\/sv\/wp-json\/wp\/v2\/pages\/4988"}],"wp:featuredmedia":[{"embeddable":true,"href":"https:\/\/cosmena.com\/sv\/wp-json\/wp\/v2\/media\/5313"}],"wp:attachment":[{"href":"https:\/\/cosmena.com\/sv\/wp-json\/wp\/v2\/media?parent=5306"}],"curies":[{"name":"wp","href":"https:\/\/api.w.org\/{rel}","templated":true}]}}