{"id":5323,"date":"2024-10-10T08:32:16","date_gmt":"2024-10-10T06:32:16","guid":{"rendered":"https:\/\/cosmena.com\/?page_id=5323"},"modified":"2024-10-10T08:34:05","modified_gmt":"2024-10-10T06:34:05","slug":"hur-far-man-tjockare-har","status":"publish","type":"page","link":"https:\/\/cosmena.com\/sv\/harvard\/hur-far-man-tjockare-har\/","title":{"rendered":"Hur f\u00e5r man tjockare h\u00e5r?"},"content":{"rendered":"\n<h1 class=\"wp-block-heading\">Hur f\u00e5r man tjockare h\u00e5r?<\/h1>\n\n\n\n<figure class=\"wp-block-image size-full\"><img loading=\"lazy\" decoding=\"async\" width=\"1024\" height=\"1024\" src=\"https:\/\/cosmena.com\/wp-content\/uploads\/2024\/10\/tjockare-har.jpeg\" alt=\"h\u00e5ravfall hos en man\" class=\"wp-image-5325\" srcset=\"https:\/\/cosmena.com\/wp-content\/uploads\/2024\/10\/tjockare-har.jpeg 1024w, https:\/\/cosmena.com\/wp-content\/uploads\/2024\/10\/tjockare-har-300x300.jpeg 300w, https:\/\/cosmena.com\/wp-content\/uploads\/2024\/10\/tjockare-har-150x150.jpeg 150w, https:\/\/cosmena.com\/wp-content\/uploads\/2024\/10\/tjockare-har-768x768.jpeg 768w\" sizes=\"auto, (max-width: 1024px) 100vw, 1024px\" \/><\/figure>\n\n\n\n<p>S\u00e4g den som inte n\u00e5gon g\u00e5ng dr\u00f6mt om ett fylligare h\u00e5rsvall. Om starka, friska str\u00e5n som v\u00e4xer sig l\u00e5nga och starka. P\u00e5 samma vis k\u00e4nner nog m\u00e5nga igen sig i att stundtals uppleva oro \u00f6ver hur mycket h\u00e5r som blir kvarl\u00e4mnat p\u00e5 h\u00e5rborsten eller i duschen. Oftast har vanligt h\u00e5ravfall dock helt naturliga orsaker. Men det betyder inte att det inte finns metoder att tillg\u00e5 f\u00f6r att f\u00e5 tjockare h\u00e5r p\u00e5 enkel v\u00e4g. Fr\u00e5n hemmets trygga vr\u00e5 kan h\u00e5rmirakel utf\u00f6ras. L\u00e4s vidare f\u00f6r att l\u00e4ra n\u00e5gra effektiva knep om hur du uppn\u00e5r dr\u00f6mmen om ett tjockare h\u00e5r.<\/p>\n\n\n\n<h2 class=\"wp-block-heading\"><strong>Varf\u00f6r tappar vi mer h\u00e5r i perioder?<\/strong><\/h2>\n\n\n\n<p>Det \u00e4r helt normalt att tappa upp till <a href=\"https:\/\/nordichair.com\/sv\/hur-mycket-har-ar-det-normalt-att-tappa-varje-manad\/\" target=\"_blank\" rel=\"noreferrer noopener nofollow\">100 h\u00e5rstr\u00e5n per dag<\/a>, beroende p\u00e5 dess l\u00e4ngd och tjocklek. H\u00e5ravfall g\u00e5r i cykler och kan exempelvis bottna i hormonella orsaker. Olika typer av stress kan ocks\u00e5 f\u00e5 oss att tappa mer h\u00e5r. Inf\u00f6r s\u00e4songsskiftningar \u00e4r det naturligt att uppleva h\u00e5ravfallet som st\u00f6rre \u00e4n det vanligtvis \u00e4r. Nedan f\u00f6ljer n\u00e5gra knep f\u00f6r dig som k\u00e4nner att det \u00e4r dags att f\u00e5 bukt med saken.<\/p>\n\n\n\n<h2 class=\"wp-block-heading\"><strong>Enkla tipsen som ger fylligare och tjockare h\u00e5r<\/strong><\/h2>\n\n\n\n<ul class=\"wp-block-list\">\n<li>H\u00e5rbottenmassage<\/li>\n\n\n\n<li><a href=\"https:\/\/cosmena.com\/sv\/harvard\/rosmarinolja\/\">Rosmarinolja och rosmarinvatten<\/a><\/li>\n\n\n\n<li>Exfoliera h\u00e5rbotten<\/li>\n\n\n\n<li>Anv\u00e4nd r\u00e4tt produkter f\u00f6r din h\u00e5rtyp<\/li>\n\n\n\n<li>En h\u00e4lsosam och varierad kost<\/li>\n<\/ul>\n\n\n\n<h2 class=\"wp-block-heading\"><strong>Nyckeln till ett friskt h\u00e5r<\/strong><\/h2>\n\n\n\n<p>Ovan \u00e4r enkla tricks att ta till f\u00f6r att snabba p\u00e5 h\u00e5rv\u00e4xten och f\u00e5 ett tjockare h\u00e5r. <a href=\"https:\/\/www.betteryou.se\/artiklar\/tips-och-trix\/friskare-har-med-rosmarin\" target=\"_blank\" rel=\"noreferrer noopener nofollow\">Rosmarin har varit i ropet<\/a> ett bra tag och hyllas ofta som en hemlig ingrediens bakom dr\u00f6msvallet. Detta p\u00e5 grund av dess antiinflammatoriska egenskaper och hur det verkar lugnande f\u00f6r h\u00e5rbotten. Notera att rosmarinoljan ska vara utblandad med en s\u00e5 kallad basolja, exempelvis mandel eller solrosolja, f\u00f6r att inte bli f\u00f6r koncentrerad. Applicera n\u00e5gra droppar n\u00e4ra r\u00f6tterna innan tv\u00e4tt och massera noggrant.<\/p>\n\n\n\n<p>Rosmarinvatten kan du enkelt g\u00f6ra sj\u00e4lv genom att l\u00e5ta n\u00e5gra kvistar sjuda i ett par deciliter vatten i ungef\u00e4r 20 minuter. L\u00e5t st\u00e5 ett tag och h\u00e4ll sedan i en flaska och spraya rikligt. Ett tjockt h\u00e5r b\u00f6rjar med en frisk h\u00e5rbotten.<\/p>\n\n\n\n<h2 class=\"wp-block-heading\"><strong>Hur du uppn\u00e5r dr\u00f6mh\u00e5ret p\u00e5 ett kick \u2013 b\u00f6rja redan idag!<\/strong><\/h2>\n\n\n\n<p>Det absolut enklaste s\u00e4ttet att stimulera h\u00e5rv\u00e4xten f\u00f6r ett tjockt och fint h\u00e5r stavas h\u00e5rbottenmassage. Investera i en borste anpassad f\u00f6r h\u00e5rbotten f\u00f6r att uppn\u00e5 b\u00e4sta resultat. Borsten ger b\u00e5de blodcirkulationen en skjuts och exfolierar h\u00e5rbotten fr\u00e5n gamla produktrester. Den bidrar ocks\u00e5 med att lindra sp\u00e4nningar och kan p\u00e5 s\u00e5 vis minska stress, som vi nu l\u00e4rt oss \u00e4r en bov som stj\u00e4lper tjockt och livfullt h\u00e5r. Ett annat effektivt tips f\u00f6r att f\u00f6rhindra brutna h\u00e5rstr\u00e5n \u00e4r att sova p\u00e5 ett \u00f6rngott av siden. Det skonsamma materialet ger str\u00e5na chans att v\u00e4xa sig l\u00e4ngre och kan sammantaget bidra till ett tjockare och mer volumin\u00f6st h\u00e5r.<\/p>\n\n\n\n<h2 class=\"wp-block-heading\"><strong>Hur ett tjockt h\u00e5r b\u00f6rjar fr\u00e5n insidan<\/strong><\/h2>\n\n\n\n<ul class=\"wp-block-list\">\n<li>Vitamin C<\/li>\n\n\n\n<li>Biotin<\/li>\n\n\n\n<li>Selen<\/li>\n\n\n\n<li>Zink<\/li>\n<\/ul>\n\n\n\n<p>De flesta har nog n\u00e5gon g\u00e5ng h\u00f6rt att ett v\u00e4lm\u00e5ende yttre tar avstamp i hur man m\u00e5r p\u00e5 insidan. N\u00e5got som i allra h\u00f6gsta grad h\u00e4nger ihop med hemligheten bakom ett tjockare h\u00e5r och hur man uppn\u00e5r det. D\u00e4rf\u00f6r kan ett <a href=\"https:\/\/www.lifebutiken.se\/kosttillskott\/hud-har-naglar\" target=\"_blank\" rel=\"noreferrer noopener nofollow\">kosttillskott vara att rekommendera<\/a>.<\/p>\n\n\n\n<p>Listade kosttillskott \u00e4r samtliga behj\u00e4lpliga i att bibeh\u00e5lla ett normalt h\u00e5r och f\u00e5 det att v\u00e4xa sig tjockare. Bland dessa \u00e4r vitamin C en antioxidant som fr\u00e4mjar produktionen av kollagen \u2013 v\u00e4sentligt f\u00f6r starka h\u00e5rstr\u00e5n. Gl\u00f6m dock inte att balansera intaget av kosttillskott med en varierad kost.<\/p>\n\n\n\n<h2 class=\"wp-block-heading\"><strong>Behandlingar som fr\u00e4mjar h\u00e5rtillv\u00e4xten<\/strong><\/h2>\n\n\n\n<p>Ut\u00f6ver de enkla steg du kan ta till hemma f\u00f6r ett tjockare h\u00e5r, finns behandlingar f\u00f6r h\u00e5ret som utf\u00f6rs av legitimerade specialister. G\u00f6r alltid din research om en klinik. En av dessa behandlingar \u00e4r PRP, som tar tillvara p\u00e5 de egna blodpl\u00e4ttarna f\u00f6r att fr\u00e4mja en f\u00f6rtjockning av h\u00e5ret. Laserterapi \u00e4r en icke-kirurgisk behandling som stimulerar h\u00e5rcellerna genom aktiv laserljusbehandling.<\/p>\n\n\n\n<p>Ett tjockare h\u00e5r och hur du \u00e5stadkommer det \u00e4r allts\u00e5 n\u00e4rmare \u00e4n du tror. Nyckelorden till de flesta av de diskuterade metoderna \u00e4r t\u00e5lamod och att h\u00e5lla fast vid en god h\u00e5rrutin.<\/p>\n","protected":false},"excerpt":{"rendered":"<p>Hur f\u00e5r man tjockare h\u00e5r? S\u00e4g den som inte n\u00e5gon g\u00e5ng dr\u00f6mt om ett&#8230;<\/p>\n","protected":false},"author":5,"featured_media":0,"parent":4951,"menu_order":0,"comment_status":"closed","ping_status":"closed","template":"","meta":{"_acf_changed":false,"footnotes":""},"class_list":["post-5323","page","type-page","status-publish","hentry"],"acf":[],"yoast_head":"<!-- This site is optimized with the Yoast SEO plugin v27.0 - https:\/\/yoast.com\/product\/yoast-seo-wordpress\/ -->\n<title>Hemligheten bakom ett tjockare och starkare h\u00e5r - Cosmena<\/title>\n<meta name=\"description\" content=\"L\u00e4r dig enkla knep f\u00f6r ett fylligare h\u00e5r: h\u00e5rbottenmassage, rosmarinolja och r\u00e4tt kost f\u00f6r starkare h\u00e5r.\" \/>\n<meta name=\"robots\" content=\"index, follow, max-snippet:-1, max-image-preview:large, max-video-preview:-1\" \/>\n<link rel=\"canonical\" href=\"https:\/\/cosmena.com\/sv\/harvard\/hur-far-man-tjockare-har\/\" \/>\n<meta property=\"og:locale\" content=\"sv_SE\" \/>\n<meta property=\"og:type\" content=\"article\" \/>\n<meta property=\"og:title\" content=\"Hemligheten bakom ett tjockare och starkare h\u00e5r - Cosmena\" \/>\n<meta property=\"og:description\" content=\"L\u00e4r dig enkla knep f\u00f6r ett fylligare h\u00e5r: h\u00e5rbottenmassage, rosmarinolja och r\u00e4tt kost f\u00f6r starkare h\u00e5r.\" \/>\n<meta property=\"og:url\" content=\"https:\/\/cosmena.com\/sv\/harvard\/hur-far-man-tjockare-har\/\" \/>\n<meta property=\"og:site_name\" content=\"Cosmena\" \/>\n<meta property=\"article:modified_time\" content=\"2024-10-10T06:34:05+00:00\" \/>\n<meta property=\"og:image\" content=\"https:\/\/cosmena.com\/wp-content\/uploads\/2024\/10\/tjockare-har.jpeg\" \/>\n<meta name=\"twitter:card\" content=\"summary_large_image\" \/>\n<meta name=\"twitter:label1\" content=\"Ber\u00e4knad l\u00e4stid\" \/>\n\t<meta name=\"twitter:data1\" content=\"4 minuter\" \/>\n<!-- \/ Yoast SEO plugin. -->","yoast_head_json":{"title":"Hemligheten bakom ett tjockare och starkare h\u00e5r - Cosmena","description":"L\u00e4r dig enkla knep f\u00f6r ett fylligare h\u00e5r: h\u00e5rbottenmassage, rosmarinolja och r\u00e4tt kost f\u00f6r starkare h\u00e5r.","robots":{"index":"index","follow":"follow","max-snippet":"max-snippet:-1","max-image-preview":"max-image-preview:large","max-video-preview":"max-video-preview:-1"},"canonical":"https:\/\/cosmena.com\/sv\/harvard\/hur-far-man-tjockare-har\/","og_locale":"sv_SE","og_type":"article","og_title":"Hemligheten bakom ett tjockare och starkare h\u00e5r - Cosmena","og_description":"L\u00e4r dig enkla knep f\u00f6r ett fylligare h\u00e5r: h\u00e5rbottenmassage, rosmarinolja och r\u00e4tt kost f\u00f6r starkare h\u00e5r.","og_url":"https:\/\/cosmena.com\/sv\/harvard\/hur-far-man-tjockare-har\/","og_site_name":"Cosmena","article_modified_time":"2024-10-10T06:34:05+00:00","og_image":[{"url":"https:\/\/cosmena.com\/wp-content\/uploads\/2024\/10\/tjockare-har.jpeg","type":"","width":"","height":""}],"twitter_card":"summary_large_image","twitter_misc":{"Ber\u00e4knad l\u00e4stid":"4 minuter"},"schema":{"@context":"https:\/\/schema.org","@graph":[{"@type":"WebPage","@id":"https:\/\/cosmena.com\/sv\/harvard\/hur-far-man-tjockare-har\/","url":"https:\/\/cosmena.com\/sv\/harvard\/hur-far-man-tjockare-har\/","name":"Hemligheten bakom ett tjockare och starkare h\u00e5r - Cosmena","isPartOf":{"@id":"https:\/\/cosmena.com\/sv\/#website"},"primaryImageOfPage":{"@id":"https:\/\/cosmena.com\/sv\/harvard\/hur-far-man-tjockare-har\/#primaryimage"},"image":{"@id":"https:\/\/cosmena.com\/sv\/harvard\/hur-far-man-tjockare-har\/#primaryimage"},"thumbnailUrl":"https:\/\/cosmena.com\/wp-content\/uploads\/2024\/10\/tjockare-har.jpeg","datePublished":"2024-10-10T06:32:16+00:00","dateModified":"2024-10-10T06:34:05+00:00","description":"L\u00e4r dig enkla knep f\u00f6r ett fylligare h\u00e5r: h\u00e5rbottenmassage, rosmarinolja och r\u00e4tt kost f\u00f6r starkare h\u00e5r.","breadcrumb":{"@id":"https:\/\/cosmena.com\/sv\/harvard\/hur-far-man-tjockare-har\/#breadcrumb"},"inLanguage":"sv-SE","potentialAction":[{"@type":"ReadAction","target":["https:\/\/cosmena.com\/sv\/harvard\/hur-far-man-tjockare-har\/"]}]},{"@type":"ImageObject","inLanguage":"sv-SE","@id":"https:\/\/cosmena.com\/sv\/harvard\/hur-far-man-tjockare-har\/#primaryimage","url":"https:\/\/cosmena.com\/wp-content\/uploads\/2024\/10\/tjockare-har.jpeg","contentUrl":"https:\/\/cosmena.com\/wp-content\/uploads\/2024\/10\/tjockare-har.jpeg"},{"@type":"BreadcrumbList","@id":"https:\/\/cosmena.com\/sv\/harvard\/hur-far-man-tjockare-har\/#breadcrumb","itemListElement":[{"@type":"ListItem","position":1,"name":"Home","item":"https:\/\/cosmena.com\/sv\/"},{"@type":"ListItem","position":2,"name":"H\u00e5rv\u00e5rd","item":"https:\/\/cosmena.com\/sv\/harvard\/"},{"@type":"ListItem","position":3,"name":"Hur f\u00e5r man tjockare h\u00e5r?"}]},{"@type":"WebSite","@id":"https:\/\/cosmena.com\/sv\/#website","url":"https:\/\/cosmena.com\/sv\/","name":"Cosmena","description":"Your extensive guide to cosmetic treatments","publisher":{"@id":"https:\/\/cosmena.com\/sv\/#organization"},"potentialAction":[{"@type":"SearchAction","target":{"@type":"EntryPoint","urlTemplate":"https:\/\/cosmena.com\/sv\/?s={search_term_string}"},"query-input":{"@type":"PropertyValueSpecification","valueRequired":true,"valueName":"search_term_string"}}],"inLanguage":"sv-SE"},{"@type":"Organization","@id":"https:\/\/cosmena.com\/sv\/#organization","name":"Cosmena","url":"https:\/\/cosmena.com\/sv\/","logo":{"@type":"ImageObject","inLanguage":"sv-SE","@id":"https:\/\/cosmena.com\/sv\/#\/schema\/logo\/image\/","url":"https:\/\/cosmena.com\/wp-content\/uploads\/2021\/06\/cosmena-logo-bw-1.1.png","contentUrl":"https:\/\/cosmena.com\/wp-content\/uploads\/2021\/06\/cosmena-logo-bw-1.1.png","width":600,"height":82,"caption":"Cosmena"},"image":{"@id":"https:\/\/cosmena.com\/sv\/#\/schema\/logo\/image\/"}}]}},"_links":{"self":[{"href":"https:\/\/cosmena.com\/sv\/wp-json\/wp\/v2\/pages\/5323","targetHints":{"allow":["GET"]}}],"collection":[{"href":"https:\/\/cosmena.com\/sv\/wp-json\/wp\/v2\/pages"}],"about":[{"href":"https:\/\/cosmena.com\/sv\/wp-json\/wp\/v2\/types\/page"}],"author":[{"embeddable":true,"href":"https:\/\/cosmena.com\/sv\/wp-json\/wp\/v2\/users\/5"}],"replies":[{"embeddable":true,"href":"https:\/\/cosmena.com\/sv\/wp-json\/wp\/v2\/comments?post=5323"}],"version-history":[{"count":2,"href":"https:\/\/cosmena.com\/sv\/wp-json\/wp\/v2\/pages\/5323\/revisions"}],"predecessor-version":[{"id":5328,"href":"https:\/\/cosmena.com\/sv\/wp-json\/wp\/v2\/pages\/5323\/revisions\/5328"}],"up":[{"embeddable":true,"href":"https:\/\/cosmena.com\/sv\/wp-json\/wp\/v2\/pages\/4951"}],"wp:attachment":[{"href":"https:\/\/cosmena.com\/sv\/wp-json\/wp\/v2\/media?parent=5323"}],"curies":[{"name":"wp","href":"https:\/\/api.w.org\/{rel}","templated":true}]}}