{"id":5338,"date":"2024-11-04T12:58:33","date_gmt":"2024-11-04T11:58:33","guid":{"rendered":"https:\/\/cosmena.com\/?page_id=5338"},"modified":"2024-11-04T13:01:14","modified_gmt":"2024-11-04T12:01:14","slug":"hur-du-tar-bort-dubbelhakan","status":"publish","type":"page","link":"https:\/\/cosmena.com\/sv\/halsa-lakemedel\/hur-du-tar-bort-dubbelhakan\/","title":{"rendered":"Hur du tar bort dubbelhakan"},"content":{"rendered":"\n<h1 class=\"wp-block-heading\">Hur du tar bort dubbelhakan<\/h1>\n\n\n\n<div style=\"height:20px\" aria-hidden=\"true\" class=\"wp-block-spacer\"><\/div>\n\n\n\n<figure class=\"wp-block-image size-full is-resized\"><img loading=\"lazy\" decoding=\"async\" width=\"325\" height=\"167\" src=\"https:\/\/cosmena.com\/wp-content\/uploads\/2024\/11\/dubbelhaka.png\" alt=\"dubbelhaka\" class=\"wp-image-5339\" style=\"width:349px;height:auto\" srcset=\"https:\/\/cosmena.com\/wp-content\/uploads\/2024\/11\/dubbelhaka.png 325w, https:\/\/cosmena.com\/wp-content\/uploads\/2024\/11\/dubbelhaka-300x154.png 300w\" sizes=\"auto, (max-width: 325px) 100vw, 325px\" \/><\/figure>\n\n\n\n<div style=\"height:20px\" aria-hidden=\"true\" class=\"wp-block-spacer\"><\/div>\n\n\n\n<p>Att ha lite dubbelhaka \u00e4r helt normalt och absolut ingenting att vara modf\u00e4lld \u00f6ver. Med det sagt finns d\u00e4remot ett flertal \u00e5tg\u00e4rder att vidta f\u00f6r att reducera och ta bort dubbelhakan utan operation. Enkla medel och en konsekvent rutin r\u00e4cker l\u00e5ngt f\u00f6r att m\u00e4rka stor skillnad efter bara en kort tidsperiod. Nedan listar vi n\u00e5gra effektiva tips f\u00f6r att p\u00e5 ett s\u00e4kert s\u00e4tt bli av med den envetna dubbelhakan \u2013 en g\u00e5ng f\u00f6r alla.<\/p>\n\n\n\n<h2 class=\"wp-block-heading\"><strong>Vad beror dubbelhaka p\u00e5?<\/strong><\/h2>\n\n\n\n<p>Flera orsaker kan ligga till grund f\u00f6r uppkomsten av dubbelhaka. En stressig period med s\u00e4mre kosth\u00e5llning \u00e4r en av dem. Vanligt \u00e5ldrande och genetik andra anledningar. Enkelt uttryckt \u00e4r det antingen en fettansamling eller samling v\u00e4vnadsv\u00e4tska under hakan som v\u00e5llar det h\u00e4r estetiska huvudbryet.<\/p>\n\n\n\n<h2 class=\"wp-block-heading\"><strong>Knepen f\u00f6r att ta bort dubbelhakan<\/strong><\/h2>\n\n\n\n<p>Vi kommer h\u00e4rn\u00e4st att g\u00e5 igenom snabba metoder som hj\u00e4lper dig att ta bort dubbelhakan utan operation. Samtliga utf\u00f6rs enkelt hemmavid och de fordrar alla ih\u00e4rdighet f\u00f6r att uppn\u00e5 resultat. Kom dock ih\u00e5g att alltid r\u00e5dfr\u00e5ga en l\u00e4kare innan du g\u00f6r n\u00e5got ingrepp p\u00e5 egen hand. Det g\u00e4ller \u00e4ven om du \u00e4r minsta r\u00e5dvill kring s\u00e4kerhetsaspekter eller ditt allm\u00e4nna h\u00e4lsotillst\u00e5nd.&nbsp;<\/p>\n\n\n\n<p>Ta bort dubbelhakan hemma med hj\u00e4lp av;&nbsp;<\/p>\n\n\n\n<ul class=\"wp-block-list\">\n<li>Ansiktsmassage<\/li>\n\n\n\n<li>Naturliga oljor och E-vitamin<\/li>\n\n\n\n<li>Rutin med Gua Sha<\/li>\n\n\n\n<li>Kollagen och kosth\u00e5llning<\/li>\n\n\n\n<li>Sm\u00f6rjning av hals och dekolletage<\/li>\n\n\n\n<li>Ansiktsyoga<\/li>\n<\/ul>\n\n\n\n<h3 class=\"wp-block-heading\"><strong>Massera bort dubbelhakan utan operation<\/strong><\/h3>\n\n\n\n<p>V\u00e4vnadsv\u00e4tska \u00e4r en del av kroppens lymfsystem och bist\u00e5r bland annat med att leda n\u00e4rings\u00e4mnen till cellerna. N\u00e4r v\u00e4tskan samlas i vissa omr\u00e5den kan svullnad och \u00f6dem uppst\u00e5. Under hakan kan v\u00e4tskan i synnerhet ge upphov till frustration. Att kickstarta lymffl\u00f6det med regelbunden ansiktsmassage f\u00f6r att ta bort dubbelhakan \u00e4r d\u00e4rf\u00f6r en god id\u00e9.<\/p>\n\n\n\n<p>Undvik att uts\u00e4tta huden f\u00f6r on\u00f6dig stress och b\u00f6rja med en ren och \u00e5terfuktad hy som \u00e4r mer mottaglig f\u00f6r tekniken. Stryk handen under hakan mot nacken f\u00f6r att f\u00e5 ig\u00e5ng lymfsystemet. B\u00f6rja sedan fr\u00e5n hakan och massera med tummarna under hakan upp mot \u00f6rsnibbarna. Anv\u00e4nd fasta r\u00f6relser och upprepa morgon och kv\u00e4ll f\u00f6r att sj\u00e4lv ta bort din dubbelhaka. Naturliga oljor som mandel- och jojobaolja samt vetegroddsolja kan f\u00f6rst\u00e4rka massagens effekt. Den senare inneh\u00e5ller E-vitamin som \u00e4r rik p\u00e5 antioxidanter och verkar f\u00f6r att f\u00f6rb\u00e4ttra hudens elasticitet. P\u00e5 s\u00e5 vis arbetar den \u00e4ven f\u00f6r att ta bort dubbelhakan utan att planera en operation.<\/p>\n\n\n\n<h3 class=\"wp-block-heading\"><strong>Anv\u00e4nd Gua Sha f\u00f6r att ta bort dubbelhakan<\/strong><\/h3>\n\n\n\n<p>Gua Sha-tekniken har sitt ursprung i klassisk kinesisk l\u00e4kekonst och fr\u00e4mjar lymfdr\u00e4nage. I vidare bem\u00e4rkelse \u00f6kar Gua Sha cirkulationen och ger huden mer stuns. Sammantaget hj\u00e4lper det att reducera och ta bort dubbelhakan genom att strama upp hela \u201dproblemomr\u00e5det\u201d. Sj\u00e4lva verktyget \u00e4r en sten som ger upphov till rodnad i huden vilket f\u00f6rr ans\u00e5gs facilitera hudens l\u00e4kningsprocess.<\/p>\n\n\n\n<p>Tekniken skulpterar ansiktsmusklerna och minskar puffighet och inflammation. D\u00e4rf\u00f6r \u00e4r Gua Sha ett ypperligt steg att inkorporera i sin rutin f\u00f6r att ta bort dubbelhaka utan operation. Applicera serum eller olja p\u00e5 huden och tryck l\u00e4tt bakom \u00f6ronen f\u00f6r att \u00f6ppna lymfk\u00f6rtlarna. Dra ned\u00e5t mot halsen och upprepa regelbundet f\u00f6r att med tiden ta bort dubbelhakan.<\/p>\n\n\n\n<h3 class=\"wp-block-heading\"><strong>Ta bort dubbelhakan med hj\u00e4lp av kollagen<\/strong><\/h3>\n\n\n\n<p>N\u00e4r vi \u00e5ldras reduceras v\u00e5r kollagenproduktion vilket kan leda till att huden tappar sin sp\u00e4nst. Slapp hud p\u00e5 halsen \u2013&nbsp; och dubbelhakan \u2013&nbsp; kan d\u00e5 komma som ett brev p\u00e5 posten. Leta d\u00e4rf\u00f6r efter hudv\u00e5rdsprodukter som inneh\u00e5ller kollagen i syfte att b\u00e5de hejda f\u00f6rloppet och ta bort dubbelhakan utan operation.<\/p>\n\n\n\n<p>Se till att applicera kollagenserumet p\u00e5 halsen i en r\u00f6relse som drar \u201dupp\u00e5t\u201d. Gl\u00f6m inte att \u00e4ven sm\u00f6rja in dekolletaget. Dessa omr\u00e5den gl\u00f6ms ofta bort i v\u00e5r hudv\u00e5rdsrutin men att sm\u00f6rja h\u00e4r kan vara effektivt f\u00f6r att sj\u00e4lv ta bort dubbelhakan. Var som alltid varsam n\u00e4r du behandlar omr\u00e5det eftersom huden kan vara k\u00e4nslig.&nbsp;<\/p>\n\n\n\n<p>Notera att samtliga av dessa tips \u00e4r vid sidan av en god kosth\u00e5llning. Att ta bort en begynnande dubbelhaka b\u00f6rjar i m\u00e5ngt och mycket inifr\u00e5n.<\/p>\n\n\n\n<h3 class=\"wp-block-heading\"><strong>Ansiktsyoga bort dubbelhakan&nbsp;&nbsp;<\/strong><\/h3>\n\n\n\n<p>Yoga \u00e4r inte bara bra f\u00f6r kroppen utan kan \u00e4ven snabba p\u00e5 f\u00f6rloppet att ta bort dubbelhaka utan operation. Gymnastisera ansiktet dagligen och se hur den bara sm\u00e4lter bort. Under hakan finns b\u00e5de fett och muskler vilka responderar p\u00e5 tr\u00e4ning. Ansiktsyoga \u00e4r ett utm\u00e4rkt alternativ. Faktum \u00e4r att n\u00e5got s\u00e5 simpelt som att r\u00e4cka ut tungan kan vara nog s\u00e5 verksamt. \u00d6vningen aktiverar hakpartiet och om du d\u00e4refter str\u00e4cker tungan mot n\u00e4stippen och upprepar n\u00e5gra g\u00e5nger kan det i f\u00f6rl\u00e4ngningen ta bort dubbelhakan. G\u00f6r \u00f6vningen varje morgon och kv\u00e4ll tills du m\u00e4rker resultat.<\/p>\n\n\n\n<p>F\u00f6r att ta bort dubbelhaka utan operation finns allts\u00e5 ett flertal tricks att tillg\u00e5. Det absolut viktigaste \u2013 och som t\u00e5l att upprepas \u2013 \u00e4r att vara konsekvent. Massera, Gua Sha, och ansiktsyoga dagligen \u00e4r melodin f\u00f6r att ta bort dubbelhakan hemifr\u00e5n p\u00e5 ett enkelt vis.<\/p>\n","protected":false},"excerpt":{"rendered":"<p>Hur du tar bort dubbelhakan Att ha lite dubbelhaka \u00e4r helt normalt och absolut&#8230;<\/p>\n","protected":false},"author":9,"featured_media":5339,"parent":4988,"menu_order":0,"comment_status":"closed","ping_status":"closed","template":"","meta":{"_acf_changed":false,"footnotes":""},"class_list":["post-5338","page","type-page","status-publish","has-post-thumbnail","hentry"],"acf":[],"yoast_head":"<!-- This site is optimized with the Yoast SEO plugin v27.0 - https:\/\/yoast.com\/product\/yoast-seo-wordpress\/ -->\n<title>Hur du tar bort dubbelhakan \u2013 Utan operation eller andra ingrepp - Cosmena<\/title>\n<meta name=\"description\" content=\"Ta bort dubbelhakan utan operation! Uppt\u00e4ck enkla tips med ansiktsyoga, massage och Gua Sha f\u00f6r ett fastare hakparti.\" \/>\n<meta name=\"robots\" content=\"index, follow, max-snippet:-1, max-image-preview:large, max-video-preview:-1\" \/>\n<link rel=\"canonical\" href=\"https:\/\/cosmena.com\/sv\/halsa-lakemedel\/hur-du-tar-bort-dubbelhakan\/\" \/>\n<meta property=\"og:locale\" content=\"sv_SE\" \/>\n<meta property=\"og:type\" content=\"article\" \/>\n<meta property=\"og:title\" content=\"Hur du tar bort dubbelhakan \u2013 Utan operation eller andra ingrepp - Cosmena\" \/>\n<meta property=\"og:description\" content=\"Ta bort dubbelhakan utan operation! Uppt\u00e4ck enkla tips med ansiktsyoga, massage och Gua Sha f\u00f6r ett fastare hakparti.\" \/>\n<meta property=\"og:url\" content=\"https:\/\/cosmena.com\/sv\/halsa-lakemedel\/hur-du-tar-bort-dubbelhakan\/\" \/>\n<meta property=\"og:site_name\" content=\"Cosmena\" \/>\n<meta property=\"article:modified_time\" content=\"2024-11-04T12:01:14+00:00\" \/>\n<meta property=\"og:image\" content=\"https:\/\/cosmena.com\/wp-content\/uploads\/2024\/11\/dubbelhaka.png\" \/>\n\t<meta property=\"og:image:width\" content=\"325\" \/>\n\t<meta property=\"og:image:height\" content=\"167\" \/>\n\t<meta property=\"og:image:type\" content=\"image\/png\" \/>\n<meta name=\"twitter:card\" content=\"summary_large_image\" \/>\n<meta name=\"twitter:label1\" content=\"Ber\u00e4knad l\u00e4stid\" \/>\n\t<meta name=\"twitter:data1\" content=\"5 minuter\" \/>\n<!-- \/ Yoast SEO plugin. -->","yoast_head_json":{"title":"Hur du tar bort dubbelhakan \u2013 Utan operation eller andra ingrepp - Cosmena","description":"Ta bort dubbelhakan utan operation! Uppt\u00e4ck enkla tips med ansiktsyoga, massage och Gua Sha f\u00f6r ett fastare hakparti.","robots":{"index":"index","follow":"follow","max-snippet":"max-snippet:-1","max-image-preview":"max-image-preview:large","max-video-preview":"max-video-preview:-1"},"canonical":"https:\/\/cosmena.com\/sv\/halsa-lakemedel\/hur-du-tar-bort-dubbelhakan\/","og_locale":"sv_SE","og_type":"article","og_title":"Hur du tar bort dubbelhakan \u2013 Utan operation eller andra ingrepp - Cosmena","og_description":"Ta bort dubbelhakan utan operation! Uppt\u00e4ck enkla tips med ansiktsyoga, massage och Gua Sha f\u00f6r ett fastare hakparti.","og_url":"https:\/\/cosmena.com\/sv\/halsa-lakemedel\/hur-du-tar-bort-dubbelhakan\/","og_site_name":"Cosmena","article_modified_time":"2024-11-04T12:01:14+00:00","og_image":[{"width":325,"height":167,"url":"https:\/\/cosmena.com\/wp-content\/uploads\/2024\/11\/dubbelhaka.png","type":"image\/png"}],"twitter_card":"summary_large_image","twitter_misc":{"Ber\u00e4knad l\u00e4stid":"5 minuter"},"schema":{"@context":"https:\/\/schema.org","@graph":[{"@type":"WebPage","@id":"https:\/\/cosmena.com\/sv\/halsa-lakemedel\/hur-du-tar-bort-dubbelhakan\/","url":"https:\/\/cosmena.com\/sv\/halsa-lakemedel\/hur-du-tar-bort-dubbelhakan\/","name":"Hur du tar bort dubbelhakan \u2013 Utan operation eller andra ingrepp - Cosmena","isPartOf":{"@id":"https:\/\/cosmena.com\/sv\/#website"},"primaryImageOfPage":{"@id":"https:\/\/cosmena.com\/sv\/halsa-lakemedel\/hur-du-tar-bort-dubbelhakan\/#primaryimage"},"image":{"@id":"https:\/\/cosmena.com\/sv\/halsa-lakemedel\/hur-du-tar-bort-dubbelhakan\/#primaryimage"},"thumbnailUrl":"https:\/\/cosmena.com\/wp-content\/uploads\/2024\/11\/dubbelhaka.png","datePublished":"2024-11-04T11:58:33+00:00","dateModified":"2024-11-04T12:01:14+00:00","description":"Ta bort dubbelhakan utan operation! Uppt\u00e4ck enkla tips med ansiktsyoga, massage och Gua Sha f\u00f6r ett fastare hakparti.","breadcrumb":{"@id":"https:\/\/cosmena.com\/sv\/halsa-lakemedel\/hur-du-tar-bort-dubbelhakan\/#breadcrumb"},"inLanguage":"sv-SE","potentialAction":[{"@type":"ReadAction","target":["https:\/\/cosmena.com\/sv\/halsa-lakemedel\/hur-du-tar-bort-dubbelhakan\/"]}]},{"@type":"ImageObject","inLanguage":"sv-SE","@id":"https:\/\/cosmena.com\/sv\/halsa-lakemedel\/hur-du-tar-bort-dubbelhakan\/#primaryimage","url":"https:\/\/cosmena.com\/wp-content\/uploads\/2024\/11\/dubbelhaka.png","contentUrl":"https:\/\/cosmena.com\/wp-content\/uploads\/2024\/11\/dubbelhaka.png","width":325,"height":167,"caption":"dubbelhaka"},{"@type":"BreadcrumbList","@id":"https:\/\/cosmena.com\/sv\/halsa-lakemedel\/hur-du-tar-bort-dubbelhakan\/#breadcrumb","itemListElement":[{"@type":"ListItem","position":1,"name":"Home","item":"https:\/\/cosmena.com\/sv\/"},{"@type":"ListItem","position":2,"name":"H\u00e4lsa &#038; L\u00e4kemedel","item":"https:\/\/cosmena.com\/sv\/halsa-lakemedel\/"},{"@type":"ListItem","position":3,"name":"Hur du tar bort dubbelhakan"}]},{"@type":"WebSite","@id":"https:\/\/cosmena.com\/sv\/#website","url":"https:\/\/cosmena.com\/sv\/","name":"Cosmena","description":"Your extensive guide to cosmetic treatments","publisher":{"@id":"https:\/\/cosmena.com\/sv\/#organization"},"potentialAction":[{"@type":"SearchAction","target":{"@type":"EntryPoint","urlTemplate":"https:\/\/cosmena.com\/sv\/?s={search_term_string}"},"query-input":{"@type":"PropertyValueSpecification","valueRequired":true,"valueName":"search_term_string"}}],"inLanguage":"sv-SE"},{"@type":"Organization","@id":"https:\/\/cosmena.com\/sv\/#organization","name":"Cosmena","url":"https:\/\/cosmena.com\/sv\/","logo":{"@type":"ImageObject","inLanguage":"sv-SE","@id":"https:\/\/cosmena.com\/sv\/#\/schema\/logo\/image\/","url":"https:\/\/cosmena.com\/wp-content\/uploads\/2021\/06\/cosmena-logo-bw-1.1.png","contentUrl":"https:\/\/cosmena.com\/wp-content\/uploads\/2021\/06\/cosmena-logo-bw-1.1.png","width":600,"height":82,"caption":"Cosmena"},"image":{"@id":"https:\/\/cosmena.com\/sv\/#\/schema\/logo\/image\/"}}]}},"_links":{"self":[{"href":"https:\/\/cosmena.com\/sv\/wp-json\/wp\/v2\/pages\/5338","targetHints":{"allow":["GET"]}}],"collection":[{"href":"https:\/\/cosmena.com\/sv\/wp-json\/wp\/v2\/pages"}],"about":[{"href":"https:\/\/cosmena.com\/sv\/wp-json\/wp\/v2\/types\/page"}],"author":[{"embeddable":true,"href":"https:\/\/cosmena.com\/sv\/wp-json\/wp\/v2\/users\/9"}],"replies":[{"embeddable":true,"href":"https:\/\/cosmena.com\/sv\/wp-json\/wp\/v2\/comments?post=5338"}],"version-history":[{"count":3,"href":"https:\/\/cosmena.com\/sv\/wp-json\/wp\/v2\/pages\/5338\/revisions"}],"predecessor-version":[{"id":5345,"href":"https:\/\/cosmena.com\/sv\/wp-json\/wp\/v2\/pages\/5338\/revisions\/5345"}],"up":[{"embeddable":true,"href":"https:\/\/cosmena.com\/sv\/wp-json\/wp\/v2\/pages\/4988"}],"wp:featuredmedia":[{"embeddable":true,"href":"https:\/\/cosmena.com\/sv\/wp-json\/wp\/v2\/media\/5339"}],"wp:attachment":[{"href":"https:\/\/cosmena.com\/sv\/wp-json\/wp\/v2\/media?parent=5338"}],"curies":[{"name":"wp","href":"https:\/\/api.w.org\/{rel}","templated":true}]}}