{"id":5348,"date":"2024-12-06T10:29:07","date_gmt":"2024-12-06T09:29:07","guid":{"rendered":"https:\/\/cosmena.com\/?page_id=5348"},"modified":"2024-12-06T10:29:08","modified_gmt":"2024-12-06T09:29:08","slug":"varfor-gor-det-ont-i-hoger-sida-av-ryggen","status":"publish","type":"page","link":"https:\/\/cosmena.com\/sv\/halsa-lakemedel\/varfor-gor-det-ont-i-hoger-sida-av-ryggen\/","title":{"rendered":"Varf\u00f6r g\u00f6r det ont i h\u00f6ger sida av ryggen?"},"content":{"rendered":"\n<h1 class=\"wp-block-heading\">Varf\u00f6r g\u00f6r det ont i h\u00f6ger sida av ryggen?<\/h1>\n\n\n\n<p>Alla som n\u00e5gon g\u00e5ng drabbats av ryggont vet hur besv\u00e4rande det \u00e4r. Ryggen \u00e4r inblandad i det mesta vi g\u00f6r \u2013 vilket vi snabbt blir varse n\u00e4r sm\u00e4rtan g\u00f6r sig p\u00e5mind. Ibland \u00e4r ryggv\u00e4rken \u00e5terkommande p\u00e5 ett specifikt st\u00e4lle och ger upphov till b\u00e5de funderingar och oro. I det f\u00f6ljande ska vi kika n\u00e4rmare p\u00e5 vad ont i h\u00f6ger sida av ryggen kan bottna i.<\/p>\n\n\n\n<h2 class=\"wp-block-heading\"><strong>Vad beror ont i ryggen p\u00e5?<\/strong><\/h2>\n\n\n\n<p>Ryggv\u00e4rk kan ha flera alternativa f\u00f6rklaringar som varierar i allvarlighetsgrad. Ryggen \u00e4r oerh\u00f6rt komplex med muskler, nerver, ben och inre organ. D\u00e4rf\u00f6r kan orsaken bakom ryggont vara sv\u00e5r att fastsl\u00e5. Ont i ryggen kan bland annat bero p\u00e5 muskelsp\u00e4nningar, skador, problem med ryggraden eller medicinska tillst\u00e5nd. Ryggont kan \u00e4ven h\u00e4rledas fr\u00e5n n\u00e5got s\u00e5 till synes simpelt som d\u00e5lig h\u00e5llning eller en \u00f6veranstr\u00e4ngning.<\/p>\n\n\n\n<h2 class=\"wp-block-heading\"><strong>Ont i ryggen p\u00e5 h\u00f6ger sida<\/strong><\/h2>\n\n\n\n<p>Bakom ont i h\u00f6ger sida av ryggen pyr ofta just en \u00f6veranstr\u00e4ngning (eller muskelstam), n\u00e5got som vanligtvis intr\u00e4ffar vid tunga lyft eller som en f\u00f6ljd av d\u00e5lig kroppsh\u00e5llning. Vid en \u00f6veranstr\u00e4ngning blir musklerna \u00f6mma och sp\u00e4nda och kan i ett vidare led orsaka ont i ryggen p\u00e5 h\u00f6ger sida.<\/p>\n\n\n\n<p>Var dock uppm\u00e4rksam p\u00e5 att ont i h\u00f6ger sida av ryggen \u00e4ven kan vara ett tecken p\u00e5 allvarligare \u00e5kommor, som exempelvis gallsten, leverproblem eller njursten. R\u00e5dg\u00f6r alltid med en legitimerad l\u00e4kare om du upplever att n\u00e5got \u00e4r fel.<\/p>\n\n\n\n<p>Ont i ryggen p\u00e5 h\u00f6ger sida kan v\u00e5lla stickningar, domningar eller ge upphov till en dov sm\u00e4rta. Symptom som i f\u00f6rl\u00e4ngningen ofta orsakar en str\u00e5lande bensm\u00e4rta och sv\u00e5righeter att b\u00f6ja sig ned. En r\u00f6ntgen eller MR-skanning kan d\u00e5 kr\u00e4vas f\u00f6r att komma till botten med sm\u00e4rtans rot.<\/p>\n\n\n\n<h3 class=\"wp-block-heading\"><strong>Orsaker till ont i h\u00f6ger sida av ryggen<\/strong><\/h3>\n\n\n\n<p>M\u00f6jliga f\u00f6rklaringar till varf\u00f6r ont i ryggen p\u00e5 h\u00f6ger sida uppst\u00e5r inkluderar:<\/p>\n\n\n\n<ul class=\"wp-block-list\">\n<li>\u00d6veranstr\u00e4ngning eller d\u00e5lig h\u00e5llning<\/li>\n\n\n\n<li>Muskelsp\u00e4nningar<\/li>\n\n\n\n<li>Hernierad disk<\/li>\n\n\n\n<li>Facetledssyndrom<\/li>\n\n\n\n<li>Degenerativa f\u00f6r\u00e4ndringar<\/li>\n\n\n\n<li>Ischias<\/li>\n<\/ul>\n\n\n\n<p>En \u00f6veranstr\u00e4ngning i ryggen kan allts\u00e5 leda till ont p\u00e5 h\u00f6ger sida. Det beror sedvanligen p\u00e5 ett nytt r\u00f6relsem\u00f6nster eller att du gjort en viss r\u00f6relse i st\u00f6rre m\u00e4ngd \u00e4n vanligt. Str\u00e4va efter att r\u00f6ra p\u00e5 dig som du brukar men vila om det beh\u00f6vs, l\u00e4tta promenader eller simning kan ocks\u00e5 hj\u00e4lpa. N\u00e4r ryggen \u00e5terh\u00e4mtat sig kan det vara bra att \u00f6verv\u00e4ga \u00f6vningar som st\u00e4rker upp rygg- och magmuskler. Detsamma g\u00e4ller om ont i h\u00f6ger sida av ryggen beror p\u00e5 d\u00e5lig h\u00e5llning. Fokusera p\u00e5 att st\u00e4rka upp muskelpaketet i b\u00e5len, den s\u00e5 kallade \u201cryggkorsetten\u201d.<\/p>\n\n\n\n<p>\u00c4ven muskelsp\u00e4nningar kan bidra till att det b\u00f6rjar g\u00f6ra ont i h\u00f6ger sida av ryggen. Muskelsp\u00e4nningar \u00e4r ofta resultatet av monotona r\u00f6relser, stress eller en felaktig arbetsst\u00e4llning. Symptomen kan variera fr\u00e5n tr\u00f6tthet och v\u00e4rk till \u00f6mmande muskler, men ocks\u00e5 stelhet i muskelns kringliggande leder.<\/p>\n\n\n\n<p>\u00c4r det muskelsp\u00e4nningar som \u00e4r boven till ont i ryggen p\u00e5 h\u00f6ger sida finns flera grepp att tillg\u00e5. Det f\u00f6rsta \u00e4r att f\u00f6rs\u00f6ka t\u00e4nka p\u00e5 att slappna av eller byta arbetsst\u00e4llning. Massage (hos kiropraktor) kan ocks\u00e5 hj\u00e4lpa samt neuromuskul\u00e4ra tekniker. Ont i h\u00f6ger sida av ryggen p\u00e5 grund av muskelsp\u00e4nningar kan \u00e4ven avhj\u00e4lpas av tekniken \u201cdry needling\u201d som stimulerar muskeln.<\/p>\n\n\n\n<h4 class=\"wp-block-heading\"><strong>Fler f\u00f6rklaringar till ont i h\u00f6ger sida av ryggen<\/strong><\/h4>\n\n\n\n<p><em>Hernierad disk<\/em> \u00e4r ytterligare en m\u00f6jlig f\u00f6rklaring till ont i h\u00f6ger sida av ryggen. Det uppst\u00e5r n\u00e4r disken (i ryggraden) pressar p\u00e5 nervr\u00f6tterna till f\u00f6ljd av slitage. I somliga fall mildras sm\u00e4rtan i ryggen p\u00e5 h\u00f6ger sida av sig sj\u00e4lv efter en tids vila. Det kan \u00e4ven hj\u00e4lpa att applicera kyla \u2013 alternativt v\u00e4rme \u2013 p\u00e5 omr\u00e5det som g\u00f6r ont.<\/p>\n\n\n\n<p><em>Facetledssyndrom<\/em> h\u00e4rr\u00f6r fr\u00e5n facettlederna, det vill s\u00e4ga ledanslutningarna som sitter mellan kotorna. Den som lider av facetledssyndrom kan uppleva en skarp sm\u00e4rta i h\u00f6ger sida av ryggen som ofta beskrivs som \u201cen kniv i ryggen\u201d. Syndromet kan behandlas med r\u00f6rlighets- och stretch\u00f6vningar som arbetar f\u00f6r att \u00e5terskapa r\u00f6rligheten i det drabbade omr\u00e5det.<\/p>\n\n\n\n<p><em>Degenerativa f\u00f6r\u00e4ndringar<\/em> \u00e4r i sin tur f\u00f6r\u00e4ndringar i ryggraden, exempelvis artros eller diskbr\u00e5ck. \u00c4ven det \u00e4r k\u00e4nt f\u00f6r att ge upphov till ont i h\u00f6ger sida av ryggen. F\u00f6r\u00e4ndringarna kan minska flexibiliteten d\u00e4r s\u00e4rskilt vissa r\u00f6relser bidrar till en \u00f6kad sm\u00e4rta. I v\u00e4rsta fall kan operation beh\u00f6vas, innan det \u00e4r dock brukligt att individen remitteras till en fysioterapeut.<\/p>\n\n\n\n<p><em>Ischias <\/em>\u00e4r en ytterst vanlig anledning till ont i h\u00f6ger sida av ryggen. Sm\u00e4rtan stammar fr\u00e5n ischiasnerven som g\u00e5r fr\u00e5n l\u00e4ndryggen ned mot benen. I de flesta fall hj\u00e4lper det med kortare promenader och simning&nbsp; \u2013 r\u00f6relse \u00e4r a och o.<\/p>\n\n\n\n<h3 class=\"wp-block-heading\"><strong>Behandling av ont i ryggens h\u00f6gra sida<\/strong><\/h3>\n\n\n\n<p>Som vi l\u00e4rt oss kan ont i h\u00f6ger sida av ryggen bottna i en m\u00e4ngd olika faktorer. Somliga mer komplicerade \u00e4n andra. I vissa fall \u00e4r r\u00e5det att f\u00f6rs\u00f6ka sig p\u00e5 skonsamma motionsvarianter, i andra stavas rekommendationen fysioterapi. F\u00f6rs\u00f6k dig \u00e5terigen inte p\u00e5 n\u00e5gon egen behandling utan att f\u00f6rst r\u00e5dfr\u00e5ga en l\u00e4kare. Efter att du gjort det lyder n\u00e5gra enkla tips f\u00f6r att lindra ont i h\u00f6ger sida av ryggen som f\u00f6ljer.<\/p>\n\n\n\n<ul class=\"wp-block-list\">\n<li>L\u00e4tt motion som promenader eller simning<\/li>\n\n\n\n<li>St\u00e4rk upp b\u00e5lmuskulaturen<\/li>\n\n\n\n<li>Stretch- och r\u00f6rlighets\u00f6vningar<\/li>\n\n\n\n<li>\u00c4ndra och variera din arbetsst\u00e4llning<\/li>\n\n\n\n<li>Var i framtiden aktsam vid tunga lyft<\/li>\n<\/ul>\n\n\n\n<p>Det kanske viktigaste n\u00e4r det kommer till ont i h\u00f6ger sida av ryggen \u2013 eller (rygg)ont generellt \u2013 \u00e4r att vara ink\u00e4nnande mot hur kroppen m\u00e5r. Vila hellre en dag extra \u00e4n att anstr\u00e4nga det sm\u00e4rtp\u00e5verkade omr\u00e5det f\u00f6r tidigt. P\u00e5 s\u00e5 vis ger du dig sj\u00e4lv chansen att l\u00e4ka f\u00f6rr snarare \u00e4n senare.<\/p>\n","protected":false},"excerpt":{"rendered":"<p>Varf\u00f6r g\u00f6r det ont i h\u00f6ger sida av ryggen? Alla som n\u00e5gon g\u00e5ng drabbats&#8230;<\/p>\n","protected":false},"author":9,"featured_media":0,"parent":4988,"menu_order":0,"comment_status":"closed","ping_status":"closed","template":"","meta":{"_acf_changed":false,"footnotes":""},"class_list":["post-5348","page","type-page","status-publish","hentry"],"acf":[],"yoast_head":"<!-- This site is optimized with the Yoast SEO plugin v27.0 - https:\/\/yoast.com\/product\/yoast-seo-wordpress\/ -->\n<title>Ont i h\u00f6ger sida av ryggen \u2013 Orsaker, symptom och behandling<\/title>\n<meta name=\"description\" content=\"Ont i h\u00f6ger sida av ryggen? L\u00e4r dig om vanliga orsaker som muskelsp\u00e4nningar, ischias och d\u00e5lig h\u00e5llning. Uppt\u00e4ck behandlingsmetoder och tips f\u00f6r sm\u00e4rtlindring.\" \/>\n<meta name=\"robots\" content=\"index, follow, max-snippet:-1, max-image-preview:large, max-video-preview:-1\" \/>\n<link rel=\"canonical\" href=\"https:\/\/cosmena.com\/sv\/halsa-lakemedel\/varfor-gor-det-ont-i-hoger-sida-av-ryggen\/\" \/>\n<meta property=\"og:locale\" content=\"sv_SE\" \/>\n<meta property=\"og:type\" content=\"article\" \/>\n<meta property=\"og:title\" content=\"Ont i h\u00f6ger sida av ryggen \u2013 Orsaker, symptom och behandling\" \/>\n<meta property=\"og:description\" content=\"Ont i h\u00f6ger sida av ryggen? L\u00e4r dig om vanliga orsaker som muskelsp\u00e4nningar, ischias och d\u00e5lig h\u00e5llning. Uppt\u00e4ck behandlingsmetoder och tips f\u00f6r sm\u00e4rtlindring.\" \/>\n<meta property=\"og:url\" content=\"https:\/\/cosmena.com\/sv\/halsa-lakemedel\/varfor-gor-det-ont-i-hoger-sida-av-ryggen\/\" \/>\n<meta property=\"og:site_name\" content=\"Cosmena\" \/>\n<meta property=\"article:modified_time\" content=\"2024-12-06T09:29:08+00:00\" \/>\n<meta name=\"twitter:card\" content=\"summary_large_image\" \/>\n<meta name=\"twitter:label1\" content=\"Ber\u00e4knad l\u00e4stid\" \/>\n\t<meta name=\"twitter:data1\" content=\"5 minuter\" \/>\n<!-- \/ Yoast SEO plugin. -->","yoast_head_json":{"title":"Ont i h\u00f6ger sida av ryggen \u2013 Orsaker, symptom och behandling","description":"Ont i h\u00f6ger sida av ryggen? L\u00e4r dig om vanliga orsaker som muskelsp\u00e4nningar, ischias och d\u00e5lig h\u00e5llning. Uppt\u00e4ck behandlingsmetoder och tips f\u00f6r sm\u00e4rtlindring.","robots":{"index":"index","follow":"follow","max-snippet":"max-snippet:-1","max-image-preview":"max-image-preview:large","max-video-preview":"max-video-preview:-1"},"canonical":"https:\/\/cosmena.com\/sv\/halsa-lakemedel\/varfor-gor-det-ont-i-hoger-sida-av-ryggen\/","og_locale":"sv_SE","og_type":"article","og_title":"Ont i h\u00f6ger sida av ryggen \u2013 Orsaker, symptom och behandling","og_description":"Ont i h\u00f6ger sida av ryggen? L\u00e4r dig om vanliga orsaker som muskelsp\u00e4nningar, ischias och d\u00e5lig h\u00e5llning. Uppt\u00e4ck behandlingsmetoder och tips f\u00f6r sm\u00e4rtlindring.","og_url":"https:\/\/cosmena.com\/sv\/halsa-lakemedel\/varfor-gor-det-ont-i-hoger-sida-av-ryggen\/","og_site_name":"Cosmena","article_modified_time":"2024-12-06T09:29:08+00:00","twitter_card":"summary_large_image","twitter_misc":{"Ber\u00e4knad l\u00e4stid":"5 minuter"},"schema":{"@context":"https:\/\/schema.org","@graph":[{"@type":"WebPage","@id":"https:\/\/cosmena.com\/sv\/halsa-lakemedel\/varfor-gor-det-ont-i-hoger-sida-av-ryggen\/","url":"https:\/\/cosmena.com\/sv\/halsa-lakemedel\/varfor-gor-det-ont-i-hoger-sida-av-ryggen\/","name":"Ont i h\u00f6ger sida av ryggen \u2013 Orsaker, symptom och behandling","isPartOf":{"@id":"https:\/\/cosmena.com\/sv\/#website"},"datePublished":"2024-12-06T09:29:07+00:00","dateModified":"2024-12-06T09:29:08+00:00","description":"Ont i h\u00f6ger sida av ryggen? L\u00e4r dig om vanliga orsaker som muskelsp\u00e4nningar, ischias och d\u00e5lig h\u00e5llning. Uppt\u00e4ck behandlingsmetoder och tips f\u00f6r sm\u00e4rtlindring.","breadcrumb":{"@id":"https:\/\/cosmena.com\/sv\/halsa-lakemedel\/varfor-gor-det-ont-i-hoger-sida-av-ryggen\/#breadcrumb"},"inLanguage":"sv-SE","potentialAction":[{"@type":"ReadAction","target":["https:\/\/cosmena.com\/sv\/halsa-lakemedel\/varfor-gor-det-ont-i-hoger-sida-av-ryggen\/"]}]},{"@type":"BreadcrumbList","@id":"https:\/\/cosmena.com\/sv\/halsa-lakemedel\/varfor-gor-det-ont-i-hoger-sida-av-ryggen\/#breadcrumb","itemListElement":[{"@type":"ListItem","position":1,"name":"Home","item":"https:\/\/cosmena.com\/sv\/"},{"@type":"ListItem","position":2,"name":"H\u00e4lsa &#038; L\u00e4kemedel","item":"https:\/\/cosmena.com\/sv\/halsa-lakemedel\/"},{"@type":"ListItem","position":3,"name":"Varf\u00f6r g\u00f6r det ont i h\u00f6ger sida av ryggen?"}]},{"@type":"WebSite","@id":"https:\/\/cosmena.com\/sv\/#website","url":"https:\/\/cosmena.com\/sv\/","name":"Cosmena","description":"Your extensive guide to cosmetic treatments","publisher":{"@id":"https:\/\/cosmena.com\/sv\/#organization"},"potentialAction":[{"@type":"SearchAction","target":{"@type":"EntryPoint","urlTemplate":"https:\/\/cosmena.com\/sv\/?s={search_term_string}"},"query-input":{"@type":"PropertyValueSpecification","valueRequired":true,"valueName":"search_term_string"}}],"inLanguage":"sv-SE"},{"@type":"Organization","@id":"https:\/\/cosmena.com\/sv\/#organization","name":"Cosmena","url":"https:\/\/cosmena.com\/sv\/","logo":{"@type":"ImageObject","inLanguage":"sv-SE","@id":"https:\/\/cosmena.com\/sv\/#\/schema\/logo\/image\/","url":"https:\/\/cosmena.com\/wp-content\/uploads\/2021\/06\/cosmena-logo-bw-1.1.png","contentUrl":"https:\/\/cosmena.com\/wp-content\/uploads\/2021\/06\/cosmena-logo-bw-1.1.png","width":600,"height":82,"caption":"Cosmena"},"image":{"@id":"https:\/\/cosmena.com\/sv\/#\/schema\/logo\/image\/"}}]}},"_links":{"self":[{"href":"https:\/\/cosmena.com\/sv\/wp-json\/wp\/v2\/pages\/5348","targetHints":{"allow":["GET"]}}],"collection":[{"href":"https:\/\/cosmena.com\/sv\/wp-json\/wp\/v2\/pages"}],"about":[{"href":"https:\/\/cosmena.com\/sv\/wp-json\/wp\/v2\/types\/page"}],"author":[{"embeddable":true,"href":"https:\/\/cosmena.com\/sv\/wp-json\/wp\/v2\/users\/9"}],"replies":[{"embeddable":true,"href":"https:\/\/cosmena.com\/sv\/wp-json\/wp\/v2\/comments?post=5348"}],"version-history":[{"count":2,"href":"https:\/\/cosmena.com\/sv\/wp-json\/wp\/v2\/pages\/5348\/revisions"}],"predecessor-version":[{"id":5350,"href":"https:\/\/cosmena.com\/sv\/wp-json\/wp\/v2\/pages\/5348\/revisions\/5350"}],"up":[{"embeddable":true,"href":"https:\/\/cosmena.com\/sv\/wp-json\/wp\/v2\/pages\/4988"}],"wp:attachment":[{"href":"https:\/\/cosmena.com\/sv\/wp-json\/wp\/v2\/media?parent=5348"}],"curies":[{"name":"wp","href":"https:\/\/api.w.org\/{rel}","templated":true}]}}