{"id":5353,"date":"2025-01-08T13:10:14","date_gmt":"2025-01-08T12:10:14","guid":{"rendered":"https:\/\/cosmena.com\/?page_id=5353"},"modified":"2025-01-08T13:17:42","modified_gmt":"2025-01-08T12:17:42","slug":"lchf","status":"publish","type":"page","link":"https:\/\/cosmena.com\/sv\/kost\/lchf\/","title":{"rendered":"LCHF \u2013 En kolhydratsn\u00e5l diet med h\u00f6g fetthalt"},"content":{"rendered":"\n<h1 class=\"wp-block-heading\">LCHF \u2013 En kolhydratsn\u00e5l diet med h\u00f6g fetthalt<\/h1>\n\n\n\n<figure class=\"wp-block-image size-full is-resized\"><img loading=\"lazy\" decoding=\"async\" width=\"1024\" height=\"1024\" src=\"https:\/\/cosmena.com\/wp-content\/uploads\/2025\/01\/lchf-maltid.webp\" alt=\"vackert arrangerad LCHF-m\u00e5ltid\" class=\"wp-image-5355\" style=\"width:454px;height:auto\" srcset=\"https:\/\/cosmena.com\/wp-content\/uploads\/2025\/01\/lchf-maltid.webp 1024w, https:\/\/cosmena.com\/wp-content\/uploads\/2025\/01\/lchf-maltid-300x300.webp 300w, https:\/\/cosmena.com\/wp-content\/uploads\/2025\/01\/lchf-maltid-150x150.webp 150w, https:\/\/cosmena.com\/wp-content\/uploads\/2025\/01\/lchf-maltid-768x768.webp 768w\" sizes=\"auto, (max-width: 1024px) 100vw, 1024px\" \/><\/figure>\n\n\n\n<p>Med j\u00e4mna mellanrum framkommer nya r\u00f6n om vad och hur vi allra helst b\u00f6r \u00e4ta f\u00f6r att h\u00e5lla formen. S\u00e5 \u00e4r \u00e4ven fallet med den omtalade LCHF-dieten, som \u00e5terkommande \u00e4r p\u00e5 tapeten. Meningarna om LCHF \u00e4r delade och kosth\u00e5llningen har f\u00e5tt experter att s\u00e4lla sig till tv\u00e5 l\u00e4ger \u2013 f\u00f6r och emot. Men vad inneb\u00e4r det att \u00e4ta enligt LCHF och vilka implikationer kan det ha f\u00f6r kroppen p\u00e5 b\u00e5de kort och lite l\u00e4ngre sikt? H\u00e4rn\u00e4st g\u00e5r vi grundligt igenom det polariserande kostfenomenet.<\/p>\n\n\n\n<h2 class=\"wp-block-heading\"><strong>Vad st\u00e5r LCHF f\u00f6r och vem myntade det?<\/strong><\/h2>\n\n\n\n<p>LCHF \u00e4r en f\u00f6rkortning f\u00f6r kosten som f\u00f6respr\u00e5kar f\u00e5 kolhydrater och mycket fett (<em>\u201cLow Carb High Fat\u201d<\/em>). Bakom teorin att fettrika i kombination med kolhydratfattiga matvanor bland annat ska assistera viktnedg\u00e5ng st\u00e5r l\u00e4karen Annika Dahlqvist. Begreppet har varit i omlopp sedan 2000-talet och Dahlqvist sj\u00e4lv har po\u00e4ngterat att det handlar om en livsstil snarare \u00e4n en strikt \u201cdiet\u201d. M\u00e5let \u00e4r att \u00e4ta sig m\u00e4tt varje m\u00e5ltid och p\u00e5 s\u00e5 vis minska suget att sm\u00e5\u00e4ta. Enkelt uttryckt anses LCHF d\u00e4rf\u00f6r underst\u00f6dja att kilona rasar.<\/p>\n\n\n\n<p>I praktiken inneb\u00e4r en kostplan enligt LCHF att den huvudsakliga m\u00e4ngden energi kommer fr\u00e5n fett samt en viss m\u00e4ngd protein. Viktigt att po\u00e4ngtera \u00e4r att LCHF d\u00e5 inte f\u00f6respr\u00e5kar vilka fetter som helst, utan naturliga fetter fr\u00e5n v\u00e4xt- och djurriket. Exempelvis inneh\u00e5ller avokado, n\u00f6tter, lax och forell alla en naturligt h\u00f6g fettm\u00e4ngd som \u00e4r en sj\u00e4lvklar del av LCHF. Kolhydrater har dock som n\u00e4mnt ingen plats inom LCHF och det inneb\u00e4r adj\u00f6 till livsmedel som pasta, ris, potatis och br\u00f6d.<\/p>\n\n\n\n<h2 class=\"wp-block-heading\"><strong>P\u00e5 vilket s\u00e4tt fungerar LCHF och vilka \u00e4r f\u00f6rdelarna?<\/strong><\/h2>\n\n\n\n<p>Grundpelaren i LCHF \u00e4r att insulinet i kroppen kontrolleras och minskar. Insulin reglerar blodsockret och en fettrik kost som inneh\u00e5ller f\u00e5 kolhydrater bidrar till att kroppen i st\u00e4llet anv\u00e4nder fett som br\u00e4nsle. LCHF-kost \u00f6kar \u00e4ven m\u00e4ttnadsk\u00e4nslan vilket i f\u00f6rl\u00e4ngningen kan bidra till ett minskat kaloriintag. N\u00e5got som i ett vidare steg kan bist\u00e5 med viktnedg\u00e5ng.&nbsp;<\/p>\n\n\n\n<p>F\u00f6rdelarna med att \u00e4ta enligt LCHF innefattar d\u00e4rf\u00f6r ocks\u00e5 en j\u00e4mnare blodsockerkurva, varf\u00f6r kosten i synnerhet kan gagna diabetiker. LCHF kan \u00e4ven vara nyckeln till att s\u00e4nka det l\u00e5ngsiktiga blodsockerv\u00e4rdet och p\u00e5 s\u00e5 vis undvika framtida h\u00e4lsorisker. Ett visst st\u00f6d finns dessutom f\u00f6r att kost enligt LCHF har f\u00f6rm\u00e5gan att minska riskerna f\u00f6r en del hj\u00e4rt- och k\u00e4rlsjukdomar.<\/p>\n\n\n\n<h2 class=\"wp-block-heading\"><strong>Vad kan inkluderas i en LCHF-kost?<\/strong><\/h2>\n\n\n\n<p>Som vi varit inne p\u00e5 \u00e4r sj\u00e4lva grundprincipen med LCHF att skippa kolhydrater och i st\u00e4llet \u00e4ta sig m\u00e4tt p\u00e5 s\u00e5 kallade \u201cbra\u201d fetter och protein. Det handlar allts\u00e5 inte om att proppa i sig konstgjorda transfetter i form av snabbmat och godis. Exempel p\u00e5 vad en kostplan enligt LCHF kan inneh\u00e5lla \u00e4r f\u00f6ljande komponenter:<\/p>\n\n\n\n<ul class=\"wp-block-list\">\n<li><strong>\u00c4gg:<\/strong> Inneh\u00e5ller h\u00e4lsosamma fetter och knappt n\u00e5gra kolhydrater.<\/li>\n\n\n\n<li><strong>Oljor:<\/strong> Olivolja, kokosolja och avokadoolja \u00e4r bra alternativ.<\/li>\n\n\n\n<li><strong>Fisk:<\/strong> V\u00e4lj naturligt fettrik fisk s\u00e5som lax, sardiner och forell.<\/li>\n\n\n\n<li><strong>K\u00f6tt:<\/strong> B\u00e5de r\u00f6tt och vitt k\u00f6tt uppmuntras (se fl\u00e4sk, n\u00f6t, kyckling och kalkon).<\/li>\n\n\n\n<li><strong>Mejeriprodukter:<\/strong> Yoghurt, ost och mj\u00f6lk med h\u00f6g fetthalt g\u00e4ller.<\/li>\n\n\n\n<li><strong>Avokado:<\/strong> Naturligt rik p\u00e5 h\u00e4lsosamma fetter.<\/li>\n\n\n\n<li><strong>N\u00f6tter och b\u00e4r:<\/strong> Mandlar, valn\u00f6tter och pumpafr\u00f6n inneh\u00e5ller bra fetter som bibeh\u00e5ller m\u00e4ttnadsk\u00e4nslan l\u00e4nge. \u00c4r tillsammans med bl\u00e5b\u00e4r, svarta vinb\u00e4r, hallon och jordgubbar goda alternativ om hungern smyger sig p\u00e5 mellan m\u00e5ltider.<\/li>\n<\/ul>\n\n\n\n<p>Kom ih\u00e5g att \u00e4ta balanserat och planera g\u00e4rna m\u00e5ltiderna i f\u00f6rv\u00e4g n\u00e4r du f\u00f6rst provar LCHF. Det underl\u00e4ttar f\u00f6r att h\u00e5lla kosten p\u00e5 banan. Minska eventuellt p\u00e5 kolhydraterna \u00f6ver tid i syfte att v\u00e4nja kroppen vid den nya kosth\u00e5llningen.<\/p>\n\n\n\n<h2 class=\"wp-block-heading\"><strong>Finns det n\u00e5gra nackdelar med LCHF?<\/strong><\/h2>\n\n\n\n<p>Som med de flesta vetenskapliga r\u00f6n finns de som upplever mindre roliga sidor av att l\u00e4gga om sin kost. Negativa sidoeffekter av LCHF som rapporterats har delvis spekulerats vara till f\u00f6ljd av ett minskat fiberintag. Problem med magen och illam\u00e5ende kan d\u00e5 avhj\u00e4lpas genom att i m\u00e5ltiderna inkorporera gr\u00f6nsaker med liten m\u00e4ngd st\u00e4rkelse. \u00d6verv\u00e4g exempelvis broccoli, brysselk\u00e5l, selleri, sparris och vitk\u00e5l.<\/p>\n\n\n\n<p>Andra bieffekter kan inkludera tr\u00f6tthet, huvudv\u00e4rk och s\u00f6mnproblem. Kom ih\u00e5g att alla kroppar fungerar och reagerar olika p\u00e5 f\u00f6r\u00e4ndringar i kosth\u00e5llningen. Enligt Werlabs finns idag avancerad blodanalysteknik att tillg\u00e5 f\u00f6r att l\u00e4ra mer om hur den individuella kroppen fungerar.<\/p>\n\n\n\n<h2 class=\"wp-block-heading\"><strong>Hur effektivt \u00e4r LCHF?<\/strong><\/h2>\n\n\n\n<p>Meningarna kring LCHF har som po\u00e4ngterat stundtals g\u00e5tt is\u00e4r sedan begreppet fastslogs. Sant \u00e4r att positiva h\u00e4lsoeffekter (som viktnedg\u00e5ng) har p\u00e5talats av m\u00e5nga som provat LCHF, samtidigt kvarst\u00e5r mycket forskning f\u00f6r att kunna peka p\u00e5 mer l\u00e5ngsidiga effekter. D\u00e4rf\u00f6r har Livsmedelsverket \u2013 vars \u00e5sikt v\u00e4ger tungt \u2013 varit f\u00f6rsiktiga med att ta st\u00e4llning till huruvida LCHF b\u00f6r rekommenderas. Bristen p\u00e5 handfasta bevis f\u00f6r att LCHF \u00e4r f\u00f6rdelaktigt p\u00e5 l\u00e4ngre sikt \u00e4r s\u00e5ledes den fr\u00e4msta faktorn till att det bland dietister och andra experter r\u00e5der delade meningar.<\/p>\n\n\n\n<p>Det kanske absolut viktigaste att l\u00e4gga p\u00e5 minnet \u00e4r \u00e5terigen att reaktionen p\u00e5 olika dieter (eller \u201clivsstilar\u201d) \u00e4r individuell. Var d\u00e4rf\u00f6r alltid lyh\u00f6rd mot dig sj\u00e4lv och r\u00e5dg\u00f6r med en l\u00e4kare om du \u00e4r os\u00e4ker p\u00e5 just din kropps f\u00f6ruts\u00e4ttningar och v\u00e4lm\u00e5ende innan du \u00f6verv\u00e4ger LCHF. Oavsett hur l\u00e4tt det \u00e4r att bli frestad av rubriker om att \u201csnabbt g\u00e5 ner i vikt\u201d. God h\u00e4lsa b\u00f6rjar inifr\u00e5n och att se \u00f6ver sina matvanor \u00e4r ett sunt f\u00f6rsta steg f\u00f6r ett l\u00e5ngt och friskt liv.<\/p>\n","protected":false},"excerpt":{"rendered":"<p>LCHF \u2013 En kolhydratsn\u00e5l diet med h\u00f6g fetthalt Med j\u00e4mna mellanrum framkommer nya r\u00f6n&#8230;<\/p>\n","protected":false},"author":9,"featured_media":5355,"parent":4865,"menu_order":0,"comment_status":"closed","ping_status":"closed","template":"","meta":{"_acf_changed":false,"footnotes":""},"class_list":["post-5353","page","type-page","status-publish","has-post-thumbnail","hentry"],"acf":[],"yoast_head":"<!-- This site is optimized with the Yoast SEO plugin v27.0 - https:\/\/yoast.com\/product\/yoast-seo-wordpress\/ -->\n<title>LCHF \u2013 Kolhydratsn\u00e5l diet med h\u00f6g fetthalt - Cosmena<\/title>\n<meta name=\"description\" content=\"L\u00e4r dig om LCHF, en diet med lite kolhydrater och mycket fett. F\u00f6rdelar, nackdelar och tips f\u00f6r en balanserad kost.\" \/>\n<meta name=\"robots\" content=\"index, follow, max-snippet:-1, max-image-preview:large, max-video-preview:-1\" \/>\n<link rel=\"canonical\" href=\"https:\/\/cosmena.com\/sv\/kost\/lchf\/\" \/>\n<meta property=\"og:locale\" content=\"sv_SE\" \/>\n<meta property=\"og:type\" content=\"article\" \/>\n<meta property=\"og:title\" content=\"LCHF \u2013 Kolhydratsn\u00e5l diet med h\u00f6g fetthalt - Cosmena\" \/>\n<meta property=\"og:description\" content=\"L\u00e4r dig om LCHF, en diet med lite kolhydrater och mycket fett. F\u00f6rdelar, nackdelar och tips f\u00f6r en balanserad kost.\" \/>\n<meta property=\"og:url\" content=\"https:\/\/cosmena.com\/sv\/kost\/lchf\/\" \/>\n<meta property=\"og:site_name\" content=\"Cosmena\" \/>\n<meta property=\"article:modified_time\" content=\"2025-01-08T12:17:42+00:00\" \/>\n<meta property=\"og:image\" content=\"https:\/\/cosmena.com\/wp-content\/uploads\/2025\/01\/lchf-maltid.webp\" \/>\n\t<meta property=\"og:image:width\" content=\"1024\" \/>\n\t<meta property=\"og:image:height\" content=\"1024\" \/>\n\t<meta property=\"og:image:type\" content=\"image\/webp\" \/>\n<meta name=\"twitter:card\" content=\"summary_large_image\" \/>\n<meta name=\"twitter:label1\" content=\"Ber\u00e4knad l\u00e4stid\" \/>\n\t<meta name=\"twitter:data1\" content=\"5 minuter\" \/>\n<!-- \/ Yoast SEO plugin. -->","yoast_head_json":{"title":"LCHF \u2013 Kolhydratsn\u00e5l diet med h\u00f6g fetthalt - Cosmena","description":"L\u00e4r dig om LCHF, en diet med lite kolhydrater och mycket fett. F\u00f6rdelar, nackdelar och tips f\u00f6r en balanserad kost.","robots":{"index":"index","follow":"follow","max-snippet":"max-snippet:-1","max-image-preview":"max-image-preview:large","max-video-preview":"max-video-preview:-1"},"canonical":"https:\/\/cosmena.com\/sv\/kost\/lchf\/","og_locale":"sv_SE","og_type":"article","og_title":"LCHF \u2013 Kolhydratsn\u00e5l diet med h\u00f6g fetthalt - Cosmena","og_description":"L\u00e4r dig om LCHF, en diet med lite kolhydrater och mycket fett. F\u00f6rdelar, nackdelar och tips f\u00f6r en balanserad kost.","og_url":"https:\/\/cosmena.com\/sv\/kost\/lchf\/","og_site_name":"Cosmena","article_modified_time":"2025-01-08T12:17:42+00:00","og_image":[{"width":1024,"height":1024,"url":"https:\/\/cosmena.com\/wp-content\/uploads\/2025\/01\/lchf-maltid.webp","type":"image\/webp"}],"twitter_card":"summary_large_image","twitter_misc":{"Ber\u00e4knad l\u00e4stid":"5 minuter"},"schema":{"@context":"https:\/\/schema.org","@graph":[{"@type":"WebPage","@id":"https:\/\/cosmena.com\/sv\/kost\/lchf\/","url":"https:\/\/cosmena.com\/sv\/kost\/lchf\/","name":"LCHF \u2013 Kolhydratsn\u00e5l diet med h\u00f6g fetthalt - Cosmena","isPartOf":{"@id":"https:\/\/cosmena.com\/sv\/#website"},"primaryImageOfPage":{"@id":"https:\/\/cosmena.com\/sv\/kost\/lchf\/#primaryimage"},"image":{"@id":"https:\/\/cosmena.com\/sv\/kost\/lchf\/#primaryimage"},"thumbnailUrl":"https:\/\/cosmena.com\/wp-content\/uploads\/2025\/01\/lchf-maltid.webp","datePublished":"2025-01-08T12:10:14+00:00","dateModified":"2025-01-08T12:17:42+00:00","description":"L\u00e4r dig om LCHF, en diet med lite kolhydrater och mycket fett. F\u00f6rdelar, nackdelar och tips f\u00f6r en balanserad kost.","breadcrumb":{"@id":"https:\/\/cosmena.com\/sv\/kost\/lchf\/#breadcrumb"},"inLanguage":"sv-SE","potentialAction":[{"@type":"ReadAction","target":["https:\/\/cosmena.com\/sv\/kost\/lchf\/"]}]},{"@type":"ImageObject","inLanguage":"sv-SE","@id":"https:\/\/cosmena.com\/sv\/kost\/lchf\/#primaryimage","url":"https:\/\/cosmena.com\/wp-content\/uploads\/2025\/01\/lchf-maltid.webp","contentUrl":"https:\/\/cosmena.com\/wp-content\/uploads\/2025\/01\/lchf-maltid.webp","width":1024,"height":1024,"caption":"vackert arrangerad LCHF-m\u00e5ltid"},{"@type":"BreadcrumbList","@id":"https:\/\/cosmena.com\/sv\/kost\/lchf\/#breadcrumb","itemListElement":[{"@type":"ListItem","position":1,"name":"Home","item":"https:\/\/cosmena.com\/sv\/"},{"@type":"ListItem","position":2,"name":"Kost","item":"https:\/\/cosmena.com\/sv\/kost\/"},{"@type":"ListItem","position":3,"name":"LCHF \u2013 En kolhydratsn\u00e5l diet med h\u00f6g fetthalt"}]},{"@type":"WebSite","@id":"https:\/\/cosmena.com\/sv\/#website","url":"https:\/\/cosmena.com\/sv\/","name":"Cosmena","description":"Your extensive guide to cosmetic treatments","publisher":{"@id":"https:\/\/cosmena.com\/sv\/#organization"},"potentialAction":[{"@type":"SearchAction","target":{"@type":"EntryPoint","urlTemplate":"https:\/\/cosmena.com\/sv\/?s={search_term_string}"},"query-input":{"@type":"PropertyValueSpecification","valueRequired":true,"valueName":"search_term_string"}}],"inLanguage":"sv-SE"},{"@type":"Organization","@id":"https:\/\/cosmena.com\/sv\/#organization","name":"Cosmena","url":"https:\/\/cosmena.com\/sv\/","logo":{"@type":"ImageObject","inLanguage":"sv-SE","@id":"https:\/\/cosmena.com\/sv\/#\/schema\/logo\/image\/","url":"https:\/\/cosmena.com\/wp-content\/uploads\/2021\/06\/cosmena-logo-bw-1.1.png","contentUrl":"https:\/\/cosmena.com\/wp-content\/uploads\/2021\/06\/cosmena-logo-bw-1.1.png","width":600,"height":82,"caption":"Cosmena"},"image":{"@id":"https:\/\/cosmena.com\/sv\/#\/schema\/logo\/image\/"}}]}},"_links":{"self":[{"href":"https:\/\/cosmena.com\/sv\/wp-json\/wp\/v2\/pages\/5353","targetHints":{"allow":["GET"]}}],"collection":[{"href":"https:\/\/cosmena.com\/sv\/wp-json\/wp\/v2\/pages"}],"about":[{"href":"https:\/\/cosmena.com\/sv\/wp-json\/wp\/v2\/types\/page"}],"author":[{"embeddable":true,"href":"https:\/\/cosmena.com\/sv\/wp-json\/wp\/v2\/users\/9"}],"replies":[{"embeddable":true,"href":"https:\/\/cosmena.com\/sv\/wp-json\/wp\/v2\/comments?post=5353"}],"version-history":[{"count":2,"href":"https:\/\/cosmena.com\/sv\/wp-json\/wp\/v2\/pages\/5353\/revisions"}],"predecessor-version":[{"id":5358,"href":"https:\/\/cosmena.com\/sv\/wp-json\/wp\/v2\/pages\/5353\/revisions\/5358"}],"up":[{"embeddable":true,"href":"https:\/\/cosmena.com\/sv\/wp-json\/wp\/v2\/pages\/4865"}],"wp:featuredmedia":[{"embeddable":true,"href":"https:\/\/cosmena.com\/sv\/wp-json\/wp\/v2\/media\/5355"}],"wp:attachment":[{"href":"https:\/\/cosmena.com\/sv\/wp-json\/wp\/v2\/media?parent=5353"}],"curies":[{"name":"wp","href":"https:\/\/api.w.org\/{rel}","templated":true}]}}