{"id":5410,"date":"2025-03-04T10:32:00","date_gmt":"2025-03-04T09:32:00","guid":{"rendered":"https:\/\/cosmena.com\/?page_id=5410"},"modified":"2025-03-04T10:32:01","modified_gmt":"2025-03-04T09:32:01","slug":"spela-for-nojes-skull-vad-du-bor-tanka-pa","status":"publish","type":"page","link":"https:\/\/cosmena.com\/sv\/halsa-lakemedel\/spela-for-nojes-skull-vad-du-bor-tanka-pa\/","title":{"rendered":"Spela f\u00f6r n\u00f6jes skull: Vad du b\u00f6r t\u00e4nka p\u00e5"},"content":{"rendered":"\n<h1 class=\"wp-block-heading\">Spela f\u00f6r n\u00f6jes skull: Vad du b\u00f6r t\u00e4nka p\u00e5 innan du spelar casino<\/h1>\n\n\n\n<figure class=\"wp-block-image size-large\"><img loading=\"lazy\" decoding=\"async\" width=\"1024\" height=\"683\" src=\"https:\/\/cosmena.com\/wp-content\/uploads\/2025\/03\/Spela-for-nojes-skull-Vad-du-bor-tanka-pa-innan-du-spelar-casino-1024x683.jpeg\" alt=\"Spela f\u00f6r n\u00f6jes skull: Vad du b\u00f6r t\u00e4nka p\u00e5 innan du spelar casino\" class=\"wp-image-5405\" srcset=\"https:\/\/cosmena.com\/wp-content\/uploads\/2025\/03\/Spela-for-nojes-skull-Vad-du-bor-tanka-pa-innan-du-spelar-casino-1024x683.jpeg 1024w, https:\/\/cosmena.com\/wp-content\/uploads\/2025\/03\/Spela-for-nojes-skull-Vad-du-bor-tanka-pa-innan-du-spelar-casino-300x200.jpeg 300w, https:\/\/cosmena.com\/wp-content\/uploads\/2025\/03\/Spela-for-nojes-skull-Vad-du-bor-tanka-pa-innan-du-spelar-casino-768x512.jpeg 768w, https:\/\/cosmena.com\/wp-content\/uploads\/2025\/03\/Spela-for-nojes-skull-Vad-du-bor-tanka-pa-innan-du-spelar-casino-1536x1024.jpeg 1536w, https:\/\/cosmena.com\/wp-content\/uploads\/2025\/03\/Spela-for-nojes-skull-Vad-du-bor-tanka-pa-innan-du-spelar-casino-2048x1365.jpeg 2048w\" sizes=\"auto, (max-width: 1024px) 100vw, 1024px\" \/><\/figure>\n\n\n\n<p><strong>Att spela p\u00e5 ett online casino kan vara en underh\u00e5llande aktivitet om det g\u00f6rs p\u00e5 r\u00e4tt s\u00e4tt. F\u00f6r m\u00e5nga casinospelare handlar det om n\u00f6jet med att spela p\u00e5&nbsp;<\/strong><a href=\"https:\/\/www.casumo.com\/sv\/\" target=\"_blank\" rel=\"noreferrer noopener\"><strong>b\u00e4sta online casino bonusar och erbjudanden<\/strong><\/a><strong>, samtidigt som de f\u00e5r ta del av klassiska casinospel i en modern tappning.&nbsp;<\/strong><\/p>\n\n\n\n<p>I denna artikel g\u00e5r vi igenom vad du b\u00f6r t\u00e4nka p\u00e5 innan du b\u00f6rjar spela casino online. Du f\u00e5r en inblick i hur du v\u00e4ljer ett p\u00e5litligt casino, samt hur du hittar en balans mellan spel och h\u00e4lsa.&nbsp;<\/p>\n\n\n\n<h2 class=\"wp-block-heading\">Varf\u00f6r spela casino f\u00f6r n\u00f6jes skull?<\/h2>\n\n\n\n<p>Att spela p\u00e5 online casino f\u00f6r n\u00f6jes skull handlar om att ta del av den underh\u00e5llning som casinospelen erbjuder. De senaste \u00e5ren har&nbsp;<a href=\"https:\/\/www.spelinspektionen.se\/\" target=\"_blank\" rel=\"noreferrer noopener nofollow\">svenska<\/a>&nbsp;online casinon blivit allt mer popul\u00e4ra p\u00e5 grund av det stora utbudet av traditionella och nya spel. Idag kan spelare ta del av spel som roulette, blackjack, poker och slots, allt fr\u00e5n traditionella bordsspel till moderna spelautomater och live dealer spel. Med m\u00e5nga spelalternativ finns det alltid n\u00e5got nytt och innovativt att uppt\u00e4cka.&nbsp;<\/p>\n\n\n\n<p>Variationen och tillg\u00e5ngen p\u00e5 spel har gjort att m\u00e5nga v\u00e4ljer online casinon. Spelare kan enkelt prova olika speltyper, testa nya funktioner och uppleva dynamiska spel som live casino spel. De flesta av bordsspelen kan spelas b\u00e5de online mot en dator, eller i en riktig milj\u00f6 tillsammans med en professionell dealer som leder spelet via en livestreamad webbkamera. Med den teknologiska utvecklingen har online casinon blivit mer tillg\u00e4ngliga och anv\u00e4ndarv\u00e4nliga, de fungerar p\u00e5 alla typer av enheter, \u00e4ven mobiltelefoner, vilket g\u00f6r att spelupplevelsen k\u00e4nns b\u00e5de modern och engagerande.<\/p>\n\n\n\n<p>F\u00f6r m\u00e5nga spelare handlar det om att hitta det casinospel som passar deras egna preferenser, och online casinon erbjuder en perfekt plattform f\u00f6r att g\u00f6ra just det. Genom att spela f\u00f6r n\u00f6jets skull kan de f\u00e5 en underh\u00e5llande upplevelse vart de \u00e4n befinner sig.<\/p>\n\n\n\n<h2 class=\"wp-block-heading\">K\u00e4nnetecken f\u00f6r ett bra online casino<\/h2>\n\n\n\n<p>Med m\u00e5nga online casinon p\u00e5 marknaden kan det vara sv\u00e5rt att veta vilket som \u00e4r r\u00e4tt f\u00f6r dig, men det finns flera faktorer att leta efter f\u00f6r att s\u00e4kerst\u00e4lla att ett casino \u00e4r bra och p\u00e5litligt. Vad som \u00e4r ett bra casino \u00e4r sj\u00e4lvklart olika beroende p\u00e5 person och preferenser, och inget enskilt casino \u00e4r r\u00e4tt f\u00f6r alla. F\u00f6r att avg\u00f6ra om ett casino \u00e4r r\u00e4tt f\u00f6r dig kan du titta p\u00e5 faktorer som spelutbud, betalningsmetoder, layout och anv\u00e4ndarv\u00e4nlighet.&nbsp;<\/p>\n\n\n\n<p>Svenska casinon erbjuder ofta ett stort sortiment av spel fr\u00e5n b\u00e5de stora och mindre spelutvecklare. Genom att samarbeta med kvalitativa spelutvecklare kan online casinon erbjuda en bred variation med b\u00e5de traditionella och nya spel.&nbsp;<\/p>\n\n\n\n<p>N\u00e4r det kommer till betalningsmetoder erbjuder svenska casinon trygga betals\u00e4tt med fokus p\u00e5 s\u00e4kerhet och snabb transaktionstid. De vanligaste betalningsmetoderna p\u00e5 svenska casinon \u00e4r Swish och Trustly, och erbjuds hos n\u00e4stan alla plattformar. M\u00e5nga casinon erbjuder ocks\u00e5 traditionell kortbetalning med Visa och Mastercard, samt diverse e-pl\u00e5nb\u00f6cker. Vilken betalningsmetod som \u00e4r b\u00e4st f\u00f6r dig beror p\u00e5 dina personliga preferenser, men Swish och Trustly brukar vara tv\u00e5 popul\u00e4ra metoder f\u00f6r s\u00e4kra och snabba transaktioner.<\/p>\n\n\n\n<p>Casinots layout och anv\u00e4ndarv\u00e4nlighet spelar ocks\u00e5 en stor roll. F\u00f6rsta intrycket n\u00e4r du bes\u00f6ker ett online casino \u00e4r ofta en avg\u00f6rande faktor f\u00f6r spelare. En v\u00e4l utformad webbplats med en enkel och tydlig navigering underl\u00e4ttar f\u00f6r spelare n\u00e4r de vill hitta sina spel och f\u00f6rst\u00e5 hur casinot fungerar. F\u00f6r m\u00e5nga spelare \u00e4r det viktigt att kunna komma ig\u00e5ng snabbt utan kr\u00e5ngel, och en tydlig och l\u00e4ttnavigerad design g\u00f6r detta m\u00f6jligt.&nbsp;<\/p>\n\n\n\n<p>En annan aspekt av anv\u00e4ndarv\u00e4nlighet \u00e4r mobilanpassning. Eftersom m\u00e5nga spelare idag v\u00e4ljer att spela p\u00e5 sina smartphones eller surfplattor, har de flesta casinon optimerat sina sajter f\u00f6r mobila enheter. P\u00e5 s\u00e5 s\u00e4tt f\u00e5r du samma upplevelse oavsett vilken enhet du anv\u00e4nder.&nbsp;<\/p>\n\n\n\n<h2 class=\"wp-block-heading\">Balans mellan spel och h\u00e4lsa<\/h2>\n\n\n\n<p>Att hitta en balans mellan spel och&nbsp;<a href=\"https:\/\/cosmena.com\/sv\/livsstil\/mindfulness-meditation\/\">h\u00e4lsa<\/a>&nbsp;\u00e4r avg\u00f6rande f\u00f6r att casinospel ska f\u00f6rbli en rolig aktivitet. Svenska casinon erbjuder verktyg f\u00f6r att hj\u00e4lpa spelare att kontrollera sin tid p\u00e5 casinot. Det handlar om ins\u00e4ttningsgr\u00e4nser, spelpauser och tidsbegr\u00e4nsningar, vilket \u00e4r anv\u00e4ndbara verktyg f\u00f6r att fr\u00e4mja ansvarsfullt spelande. &nbsp;<\/p>\n\n\n\n<p>F\u00f6r att spela ansvarsfullt \u00e4r det ocks\u00e5 viktigt att s\u00e4tta en spelbudget i f\u00f6rv\u00e4g och h\u00e5lla sig till den. Att ta regelbundna pauser f\u00f6r att undvika att spela f\u00f6r l\u00e4nge \u00e4r ocks\u00e5 n\u00f6dv\u00e4ndigt. Kom ih\u00e5g att spela f\u00f6r n\u00f6jes skull, och att h\u00e5lla koll p\u00e5 b\u00e5de tid och pengar. P\u00e5 s\u00e5 s\u00e4tt kan spelandet f\u00f6rbli en underh\u00e5llande hobby utan att p\u00e5verka din h\u00e4lsa eller v\u00e4lm\u00e5ende.<\/p>\n\n\n\n<p>Online casinon har blivit en modern form av underh\u00e5llning d\u00e4r spelare kan ta del av ett stort utbud av spel och moderna betalningsmetoder. Online casinon erbjuder klassiska bordsspel, underh\u00e5llande slots, live casinospel och mycket mer, vilket g\u00f6r att det finns n\u00e5got f\u00f6r alla. Genom att v\u00e4lja r\u00e4tt casino f\u00f6r dig och hitta de spel som passar dina preferenser kan du f\u00e5 en rolig spelupplevelse. Med dagens spelteknik och tillg\u00e4nglighet har det aldrig varit enklare att ta del av casinospel online \u2013 alltid med fokus p\u00e5 underh\u00e5llning.<\/p>\n","protected":false},"excerpt":{"rendered":"<p>Spela f\u00f6r n\u00f6jes skull: Vad du b\u00f6r t\u00e4nka p\u00e5 innan du spelar casino Att&#8230;<\/p>\n","protected":false},"author":9,"featured_media":0,"parent":4988,"menu_order":0,"comment_status":"closed","ping_status":"closed","template":"","meta":{"_acf_changed":false,"footnotes":""},"class_list":["post-5410","page","type-page","status-publish","hentry"],"acf":[],"yoast_head":"<!-- This site is optimized with the Yoast SEO plugin v27.0 - https:\/\/yoast.com\/product\/yoast-seo-wordpress\/ -->\n<title>Spela f\u00f6r n\u00f6jes skull: Vad du b\u00f6r t\u00e4nka p\u00e5 - Cosmena<\/title>\n<meta name=\"robots\" content=\"index, follow, max-snippet:-1, max-image-preview:large, max-video-preview:-1\" \/>\n<link rel=\"canonical\" href=\"https:\/\/cosmena.com\/sv\/halsa-lakemedel\/spela-for-nojes-skull-vad-du-bor-tanka-pa\/\" \/>\n<meta property=\"og:locale\" content=\"sv_SE\" \/>\n<meta property=\"og:type\" content=\"article\" \/>\n<meta property=\"og:title\" content=\"Spela f\u00f6r n\u00f6jes skull: Vad du b\u00f6r t\u00e4nka p\u00e5 - Cosmena\" \/>\n<meta property=\"og:description\" content=\"Spela f\u00f6r n\u00f6jes skull: Vad du b\u00f6r t\u00e4nka p\u00e5 innan du spelar casino Att...\" \/>\n<meta property=\"og:url\" content=\"https:\/\/cosmena.com\/sv\/halsa-lakemedel\/spela-for-nojes-skull-vad-du-bor-tanka-pa\/\" \/>\n<meta property=\"og:site_name\" content=\"Cosmena\" \/>\n<meta property=\"article:modified_time\" content=\"2025-03-04T09:32:01+00:00\" \/>\n<meta property=\"og:image\" content=\"https:\/\/cosmena.com\/wp-content\/uploads\/2025\/03\/Spela-for-nojes-skull-Vad-du-bor-tanka-pa-innan-du-spelar-casino-scaled.jpeg\" \/>\n\t<meta property=\"og:image:width\" content=\"2560\" \/>\n\t<meta property=\"og:image:height\" content=\"1707\" \/>\n\t<meta property=\"og:image:type\" content=\"image\/jpeg\" \/>\n<meta name=\"twitter:card\" content=\"summary_large_image\" \/>\n<meta name=\"twitter:label1\" content=\"Ber\u00e4knad l\u00e4stid\" \/>\n\t<meta name=\"twitter:data1\" content=\"5 minuter\" \/>\n<!-- \/ Yoast SEO plugin. -->","yoast_head_json":{"title":"Spela f\u00f6r n\u00f6jes skull: Vad du b\u00f6r t\u00e4nka p\u00e5 - Cosmena","robots":{"index":"index","follow":"follow","max-snippet":"max-snippet:-1","max-image-preview":"max-image-preview:large","max-video-preview":"max-video-preview:-1"},"canonical":"https:\/\/cosmena.com\/sv\/halsa-lakemedel\/spela-for-nojes-skull-vad-du-bor-tanka-pa\/","og_locale":"sv_SE","og_type":"article","og_title":"Spela f\u00f6r n\u00f6jes skull: Vad du b\u00f6r t\u00e4nka p\u00e5 - Cosmena","og_description":"Spela f\u00f6r n\u00f6jes skull: Vad du b\u00f6r t\u00e4nka p\u00e5 innan du spelar casino Att...","og_url":"https:\/\/cosmena.com\/sv\/halsa-lakemedel\/spela-for-nojes-skull-vad-du-bor-tanka-pa\/","og_site_name":"Cosmena","article_modified_time":"2025-03-04T09:32:01+00:00","og_image":[{"width":2560,"height":1707,"url":"https:\/\/cosmena.com\/wp-content\/uploads\/2025\/03\/Spela-for-nojes-skull-Vad-du-bor-tanka-pa-innan-du-spelar-casino-scaled.jpeg","type":"image\/jpeg"}],"twitter_card":"summary_large_image","twitter_misc":{"Ber\u00e4knad l\u00e4stid":"5 minuter"},"schema":{"@context":"https:\/\/schema.org","@graph":[{"@type":"WebPage","@id":"https:\/\/cosmena.com\/sv\/halsa-lakemedel\/spela-for-nojes-skull-vad-du-bor-tanka-pa\/","url":"https:\/\/cosmena.com\/sv\/halsa-lakemedel\/spela-for-nojes-skull-vad-du-bor-tanka-pa\/","name":"Spela f\u00f6r n\u00f6jes skull: Vad du b\u00f6r t\u00e4nka p\u00e5 - Cosmena","isPartOf":{"@id":"https:\/\/cosmena.com\/sv\/#website"},"primaryImageOfPage":{"@id":"https:\/\/cosmena.com\/sv\/halsa-lakemedel\/spela-for-nojes-skull-vad-du-bor-tanka-pa\/#primaryimage"},"image":{"@id":"https:\/\/cosmena.com\/sv\/halsa-lakemedel\/spela-for-nojes-skull-vad-du-bor-tanka-pa\/#primaryimage"},"thumbnailUrl":"https:\/\/cosmena.com\/wp-content\/uploads\/2025\/03\/Spela-for-nojes-skull-Vad-du-bor-tanka-pa-innan-du-spelar-casino-1024x683.jpeg","datePublished":"2025-03-04T09:32:00+00:00","dateModified":"2025-03-04T09:32:01+00:00","breadcrumb":{"@id":"https:\/\/cosmena.com\/sv\/halsa-lakemedel\/spela-for-nojes-skull-vad-du-bor-tanka-pa\/#breadcrumb"},"inLanguage":"sv-SE","potentialAction":[{"@type":"ReadAction","target":["https:\/\/cosmena.com\/sv\/halsa-lakemedel\/spela-for-nojes-skull-vad-du-bor-tanka-pa\/"]}]},{"@type":"ImageObject","inLanguage":"sv-SE","@id":"https:\/\/cosmena.com\/sv\/halsa-lakemedel\/spela-for-nojes-skull-vad-du-bor-tanka-pa\/#primaryimage","url":"https:\/\/cosmena.com\/wp-content\/uploads\/2025\/03\/Spela-for-nojes-skull-Vad-du-bor-tanka-pa-innan-du-spelar-casino-1024x683.jpeg","contentUrl":"https:\/\/cosmena.com\/wp-content\/uploads\/2025\/03\/Spela-for-nojes-skull-Vad-du-bor-tanka-pa-innan-du-spelar-casino-1024x683.jpeg"},{"@type":"BreadcrumbList","@id":"https:\/\/cosmena.com\/sv\/halsa-lakemedel\/spela-for-nojes-skull-vad-du-bor-tanka-pa\/#breadcrumb","itemListElement":[{"@type":"ListItem","position":1,"name":"Home","item":"https:\/\/cosmena.com\/sv\/"},{"@type":"ListItem","position":2,"name":"H\u00e4lsa &#038; L\u00e4kemedel","item":"https:\/\/cosmena.com\/sv\/halsa-lakemedel\/"},{"@type":"ListItem","position":3,"name":"Spela f\u00f6r n\u00f6jes skull: Vad du b\u00f6r t\u00e4nka p\u00e5"}]},{"@type":"WebSite","@id":"https:\/\/cosmena.com\/sv\/#website","url":"https:\/\/cosmena.com\/sv\/","name":"Cosmena","description":"Your extensive guide to cosmetic treatments","publisher":{"@id":"https:\/\/cosmena.com\/sv\/#organization"},"potentialAction":[{"@type":"SearchAction","target":{"@type":"EntryPoint","urlTemplate":"https:\/\/cosmena.com\/sv\/?s={search_term_string}"},"query-input":{"@type":"PropertyValueSpecification","valueRequired":true,"valueName":"search_term_string"}}],"inLanguage":"sv-SE"},{"@type":"Organization","@id":"https:\/\/cosmena.com\/sv\/#organization","name":"Cosmena","url":"https:\/\/cosmena.com\/sv\/","logo":{"@type":"ImageObject","inLanguage":"sv-SE","@id":"https:\/\/cosmena.com\/sv\/#\/schema\/logo\/image\/","url":"https:\/\/cosmena.com\/wp-content\/uploads\/2021\/06\/cosmena-logo-bw-1.1.png","contentUrl":"https:\/\/cosmena.com\/wp-content\/uploads\/2021\/06\/cosmena-logo-bw-1.1.png","width":600,"height":82,"caption":"Cosmena"},"image":{"@id":"https:\/\/cosmena.com\/sv\/#\/schema\/logo\/image\/"}}]}},"_links":{"self":[{"href":"https:\/\/cosmena.com\/sv\/wp-json\/wp\/v2\/pages\/5410","targetHints":{"allow":["GET"]}}],"collection":[{"href":"https:\/\/cosmena.com\/sv\/wp-json\/wp\/v2\/pages"}],"about":[{"href":"https:\/\/cosmena.com\/sv\/wp-json\/wp\/v2\/types\/page"}],"author":[{"embeddable":true,"href":"https:\/\/cosmena.com\/sv\/wp-json\/wp\/v2\/users\/9"}],"replies":[{"embeddable":true,"href":"https:\/\/cosmena.com\/sv\/wp-json\/wp\/v2\/comments?post=5410"}],"version-history":[{"count":1,"href":"https:\/\/cosmena.com\/sv\/wp-json\/wp\/v2\/pages\/5410\/revisions"}],"predecessor-version":[{"id":5411,"href":"https:\/\/cosmena.com\/sv\/wp-json\/wp\/v2\/pages\/5410\/revisions\/5411"}],"up":[{"embeddable":true,"href":"https:\/\/cosmena.com\/sv\/wp-json\/wp\/v2\/pages\/4988"}],"wp:attachment":[{"href":"https:\/\/cosmena.com\/sv\/wp-json\/wp\/v2\/media?parent=5410"}],"curies":[{"name":"wp","href":"https:\/\/api.w.org\/{rel}","templated":true}]}}